{"id":2294,"date":"2025-06-26T08:35:07","date_gmt":"2025-06-26T00:35:07","guid":{"rendered":"https:\/\/www.gigapa.com\/?post_type=product&#038;p=2294"},"modified":"2026-05-08T17:23:20","modified_gmt":"2026-05-08T09:23:20","slug":"wood-chip-shaving-machine","status":"publish","type":"product","link":"https:\/\/www.gigapa.com\/es\/product\/wood-chip-shaving-machine\/","title":{"rendered":"M\u00e1quina afeitadora de virutas de madera"},"content":{"rendered":"<h3 data-start=\"95\" data-end=\"111\">Introducci\u00f3n<\/h3>\n<p data-start=\"113\" data-end=\"544\">La m\u00e1quina trituradora de virutas de madera es un equipo especializado dise\u00f1ado para la producci\u00f3n eficiente de virutas de madera a partir de astillas de madera. Esta m\u00e1quina es ampliamente utilizada en varias industrias como el procesamiento de madera, la producci\u00f3n de camas para animales, e incluso en la fabricaci\u00f3n de productos de madera compuestos. Est\u00e1 dise\u00f1ado para ofrecer una alta eficiencia, durabilidad y precisi\u00f3n en el afeitado de madera en virutas finas y uniformes que cumplen con los est\u00e1ndares de la industria.<\/p>\n<p data-start=\"546\" data-end=\"941\">Tanto si se dedica a crear materiales para lechos de animales como productos derivados de la madera, la m\u00e1quina trituradora de virutas de madera es una herramienta esencial para mejorar su productividad y reducir los residuos. Esta vers\u00e1til m\u00e1quina puede manipular diferentes tipos de astillas de madera y producir virutas de varios tama\u00f1os, lo que la convierte en un valioso activo para las empresas que buscan optimizar sus capacidades de procesamiento de madera.<\/p>\n<h3 data-start=\"948\" data-end=\"993\">Caracter\u00edsticas de la m\u00e1quina afeitadora de virutas de madera<\/h3>\n<ol data-start=\"995\" data-end=\"2905\">\n<li data-start=\"995\" data-end=\"1351\">\n<p data-start=\"998\" data-end=\"1351\">Alta eficiencia y rendimiento<br \/>\nLa m\u00e1quina de virutas de madera est\u00e1 dise\u00f1ada para la producci\u00f3n a alta velocidad, lo que garantiza una producci\u00f3n constante de virutas de madera. El eficaz funcionamiento de la m\u00e1quina reduce al m\u00ednimo el tiempo de inactividad, lo que permite una producci\u00f3n constante en grandes vol\u00famenes. Es ideal para empresas que buscan satisfacer una gran demanda manteniendo la eficiencia operativa.<\/p>\n<\/li>\n<li data-start=\"1353\" data-end=\"1761\">\n<p data-start=\"1356\" data-end=\"1761\">Tama\u00f1o de afeitado personalizable<br \/>\nUna de las ventajas m\u00e1s significativas de la m\u00e1quina trituradora de virutas de madera es la posibilidad de ajustar el tama\u00f1o de la viruta. En funci\u00f3n de la aplicaci\u00f3n, los operarios pueden ajustar f\u00e1cilmente el grosor y la textura de las virutas. Esta flexibilidad la hace adecuada para m\u00faltiples industrias, desde la creaci\u00f3n de virutas finas para camas de animales hasta virutas m\u00e1s gruesas utilizadas en productos derivados de la madera.<\/p>\n<\/li>\n<li data-start=\"1763\" data-end=\"2149\">\n<p data-start=\"1766\" data-end=\"2149\">Construcci\u00f3n robusta y duradera<br \/>\nConstruida con materiales de alta calidad, la m\u00e1quina de virutas de madera est\u00e1 dise\u00f1ada para soportar las exigencias del procesamiento de madera de alta resistencia. La construcci\u00f3n duradera de la m\u00e1quina garantiza una larga vida \u00fatil, incluso en condiciones de funcionamiento continuo. Puede resistir el desgaste y las roturas, proporcionando una soluci\u00f3n fiable para las empresas que dependen de un rendimiento constante.<\/p>\n<\/li>\n<li data-start=\"2151\" data-end=\"2516\">\n<p data-start=\"2154\" data-end=\"2516\">Requiere poco mantenimiento<br \/>\nEl dise\u00f1o de la m\u00e1quina tambi\u00e9n incorpora componentes de f\u00e1cil mantenimiento. Con un m\u00ednimo de piezas m\u00f3viles, el mantenimiento de la afeitadora de virutas de madera es sencillo, lo que reduce la necesidad de reparaciones costosas o tiempos de inactividad prolongados. El mantenimiento regular garantiza el rendimiento \u00f3ptimo y la longevidad de la m\u00e1quina, convirti\u00e9ndola en una inversi\u00f3n rentable.<\/p>\n<\/li>\n<li data-start=\"2518\" data-end=\"2905\">\n<p data-start=\"2521\" data-end=\"2905\">Funcionamiento ecol\u00f3gico<br \/>\nLa m\u00e1quina funciona de forma responsable con el medio ambiente al utilizar eficazmente los residuos de madera. En lugar de desechar las virutas de madera como residuos, la m\u00e1quina de virutas de madera las transforma en virutas \u00fatiles, contribuyendo a reducir el impacto medioambiental. Esto la convierte en una excelente opci\u00f3n para las empresas que buscan adoptar pr\u00e1cticas sostenibles.<\/p>\n<\/li>\n<\/ol>\n<h3 data-start=\"2912\" data-end=\"2961\">Aplicaciones de la m\u00e1quina rasuradora de astillas de madera<\/h3>\n<p data-start=\"2963\" data-end=\"3134\">La m\u00e1quina de virutas de madera tiene una amplia gama de aplicaciones, por lo que es una pieza esencial del equipo para diversas industrias. Algunos de los usos m\u00e1s comunes incluyen:<\/p>\n<ol data-start=\"3136\" data-end=\"4735\">\n<li data-start=\"3136\" data-end=\"3493\">\n<p data-start=\"3139\" data-end=\"3493\">Ropa de cama de animales<br \/>\nUna de las aplicaciones m\u00e1s comunes de la m\u00e1quina trituradora de virutas de madera es la producci\u00f3n de lechos para animales. Las virutas finas y suaves que produce la m\u00e1quina son ideales para proporcionar un entorno c\u00f3modo e higi\u00e9nico a los animales. Estas virutas son absorbentes, lo que ayuda a controlar la humedad y reducir los olores en los recintos de los animales.<\/p>\n<\/li>\n<li data-start=\"3495\" data-end=\"3847\">\n<p data-start=\"3498\" data-end=\"3847\">Fabricaci\u00f3n de productos de madera<br \/>\nLas virutas producidas por la m\u00e1quina trituradora de madera se utilizan a menudo en la fabricaci\u00f3n de productos derivados de la madera, como tableros de part\u00edculas, MDF (tableros de fibra de densidad media) y madera contrachapada. Estas virutas sirven como materia prima que se mezcla con adhesivos y se comprime para formar robustos productos compuestos de madera.<\/p>\n<\/li>\n<li data-start=\"3849\" data-end=\"4202\">\n<p data-start=\"3852\" data-end=\"4202\">Producci\u00f3n de pellets de madera<br \/>\nLas virutas generadas por esta m\u00e1quina tambi\u00e9n pueden utilizarse como materia prima para fabricar pellets de madera. Estos pellets se utilizan habitualmente en sistemas de calefacci\u00f3n, as\u00ed como en aplicaciones industriales. Las virutas finas y uniformes producidas por la m\u00e1quina garantizan que los pellets resultantes tengan un tama\u00f1o y una eficiencia de combusti\u00f3n uniformes.<\/p>\n<\/li>\n<li data-start=\"4204\" data-end=\"4478\">\n<p data-start=\"4207\" data-end=\"4478\">Materiales de envasado<br \/>\nLas virutas producidas por la m\u00e1quina trituradora de virutas de madera pueden utilizarse para crear materiales de embalaje ecol\u00f3gicos. Estas virutas pueden utilizarse como acolchado para productos fr\u00e1giles, sustituyendo a materiales de embalaje tradicionales como la espuma o el pl\u00e1stico.<\/p>\n<\/li>\n<li data-start=\"4480\" data-end=\"4735\">\n<p data-start=\"4483\" data-end=\"4735\">Paisajismo y mantillo<br \/>\nLas virutas de madera pueden utilizarse en proyectos de paisajismo y como mantillo en jardines. La m\u00e1quina trituradora de virutas de madera puede producir virutas de tama\u00f1o uniforme, lo que las hace perfectas para su uso en parterres de jard\u00edn, macetas y c\u00e9sped.<\/p>\n<\/li>\n<\/ol>\n<h3 data-start=\"4742\" data-end=\"4785\">C\u00f3mo funciona la m\u00e1quina afeitadora de madera<\/h3>\n<p data-start=\"4787\" data-end=\"5046\">La m\u00e1quina trituradora de virutas de madera funciona mediante una serie de procesos mec\u00e1nicos que transforman las virutas de madera en material finamente triturado. La m\u00e1quina consta de una tolva de alimentaci\u00f3n, cuchillas giratorias y un sistema de descarga. He aqu\u00ed una breve descripci\u00f3n de su funcionamiento:<\/p>\n<ol data-start=\"5048\" data-end=\"5666\">\n<li data-start=\"5048\" data-end=\"5181\">\n<p data-start=\"5051\" data-end=\"5181\">Alimentaci\u00f3n con astillas de madera<br \/>\nLas astillas de madera se introducen en la m\u00e1quina a trav\u00e9s de la tolva de alimentaci\u00f3n, que las gu\u00eda hasta la c\u00e1mara de afeitado.<\/p>\n<\/li>\n<li data-start=\"5183\" data-end=\"5436\">\n<p data-start=\"5186\" data-end=\"5436\">Proceso de afeitado<br \/>\nDentro de la c\u00e1mara de afeitado, las virutas de madera son cortadas por cuchillas giratorias de alta velocidad. Las cuchillas est\u00e1n dise\u00f1adas para cortar la madera en virutas finas y uniformes. El tama\u00f1o de las virutas puede ajustarse modificando la configuraci\u00f3n de las cuchillas.<\/p>\n<\/li>\n<li data-start=\"5438\" data-end=\"5666\">\n<p data-start=\"5441\" data-end=\"5666\">Descarga de virutas<br \/>\nUna vez transformadas las astillas en virutas, el producto final se descarga a trav\u00e9s de una rampa de salida. A continuaci\u00f3n, las virutas se recogen y se siguen procesando, en funci\u00f3n de la aplicaci\u00f3n prevista.<\/p>\n<\/li>\n<\/ol>\n<h3 data-start=\"5673\" data-end=\"5718\">Ventajas de la m\u00e1quina trituradora de virutas de madera<\/h3>\n<ol data-start=\"5720\" data-end=\"6889\">\n<li data-start=\"5720\" data-end=\"6035\">\n<p data-start=\"5723\" data-end=\"6035\">Rentable<br \/>\nLa m\u00e1quina trituradora de madera es una soluci\u00f3n asequible para las empresas que buscan transformar residuos de madera en productos valiosos. Su eficacia y durabilidad garantizan un bajo coste de propiedad, lo que la convierte en una inversi\u00f3n inteligente para empresas de procesamiento de madera, camas para animales y otras industrias.<\/p>\n<\/li>\n<li data-start=\"6037\" data-end=\"6314\">\n<p data-start=\"6040\" data-end=\"6314\">Mejora de la gesti\u00f3n de residuos<br \/>\nAl convertir las astillas de madera en virutas, esta m\u00e1quina ayuda a las empresas a gestionar eficazmente los residuos de madera. En lugar de enviar las virutas de madera a los vertederos, las empresas pueden reutilizarlas en productos \u00fatiles, contribuyendo as\u00ed a un mejor aprovechamiento de los recursos.<\/p>\n<\/li>\n<li data-start=\"6316\" data-end=\"6587\">\n<p data-start=\"6319\" data-end=\"6587\">Mayor productividad<br \/>\nGracias a su gran capacidad de producci\u00f3n, la m\u00e1quina trituradora de virutas de madera aumenta la productividad reduciendo los tiempos de procesamiento y minimizando los tiempos de inactividad. Esto permite a las empresas satisfacer los requisitos de producci\u00f3n de alta demanda sin comprometer la calidad.<\/p>\n<\/li>\n<li data-start=\"6589\" data-end=\"6889\">\n<p data-start=\"6592\" data-end=\"6889\">Versatilidad<br \/>\nLa capacidad de la m\u00e1quina para ajustar el tama\u00f1o de las virutas la hace lo bastante vers\u00e1til como para adaptarse a diversos sectores. Tanto si produce virutas finas para camas de animales como virutas m\u00e1s grandes para productos de madera compuestos, la m\u00e1quina de virutas de madera le ofrece la flexibilidad que necesita.<\/p>\n<\/li>\n<\/ol>\n<h3 data-start=\"6896\" data-end=\"6910\">Conclusi\u00f3n<\/h3>\n<p data-start=\"6912\" data-end=\"7456\">La m\u00e1quina trituradora de virutas de madera es una soluci\u00f3n muy eficaz y vers\u00e1til para transformar las virutas de madera en virutas finas y uniformes. Su dise\u00f1o robusto, sus caracter\u00edsticas personalizables y su funcionamiento respetuoso con el medio ambiente la convierten en un activo valioso para industrias como la producci\u00f3n de camas para animales, la fabricaci\u00f3n de productos derivados de la madera y el paisajismo. Gracias a su capacidad para agilizar las operaciones y reducir los residuos, la m\u00e1quina trituradora de madera ofrece una soluci\u00f3n rentable y sostenible para las empresas que buscan mejorar la productividad y la utilizaci\u00f3n de los recursos.<\/p>\n<p data-start=\"7458\" data-end=\"7637\">Al invertir en una m\u00e1quina trituradora de virutas de madera, las empresas no s\u00f3lo pueden mejorar su cuenta de resultados, sino tambi\u00e9n contribuir a una industria m\u00e1s sostenible y respetuosa con el medio ambiente.<\/p>","protected":false},"excerpt":{"rendered":"<p>La m\u00e1quina trituradora de virutas de madera transforma eficazmente las virutas de madera en virutas uniformes de alta calidad. Es perfecta para diversas aplicaciones, como lechos para animales, embalajes y productos derivados de la madera. F\u00e1cil de manejar, de bajo mantenimiento y fabricada para una gran durabilidad, esta m\u00e1quina ofrece una soluci\u00f3n rentable para las industrias de procesamiento de madera.<\/p>","protected":false},"featured_media":2293,"template":"","meta":{"site-sidebar-layout":"default","site-content-layout":"","ast-site-content-layout":"default","site-content-style":"default","site-sidebar-style":"default","ast-global-header-display":"","ast-banner-title-visibility":"","ast-main-header-display":"","ast-hfb-above-header-display":"","ast-hfb-below-header-display":"","ast-hfb-mobile-header-display":"","site-post-title":"","ast-breadcrumbs-content":"","ast-featured-img":"","footer-sml-layout":"","ast-disable-related-posts":"","theme-transparent-header-meta":"default","adv-header-id-meta":"","stick-header-meta":"","header-above-stick-meta":"","header-main-stick-meta":"","header-below-stick-meta":"","astra-migrate-meta-layouts":"set","ast-page-background-enabled":"default","ast-page-background-meta":{"desktop":{"background-color":"var(--ast-global-color-5)","background-image":"","background-repeat":"repeat","background-position":"center center","background-size":"auto","background-attachment":"scroll","background-type":"","background-media":"","overlay-type":"","overlay-color":"","overlay-opacity":"","overlay-gradient":""},"tablet":{"background-color":"","background-image":"","background-repeat":"repeat","background-position":"center center","background-size":"auto","background-attachment":"scroll","background-type":"","background-media":"","overlay-type":"","overlay-color":"","overlay-opacity":"","overlay-gradient":""},"mobile":{"background-color":"","background-image":"","background-repeat":"repeat","background-position":"center center","background-size":"auto","background-attachment":"scroll","background-type":"","background-media":"","overlay-type":"","overlay-color":"","overlay-opacity":"","overlay-gradient":""}},"ast-content-background-meta":{"desktop":{"background-color":"var(--ast-global-color-4)","background-image":"","background-repeat":"repeat","background-position":"center center","background-size":"auto","background-attachment":"scroll","background-type":"","background-media":"","overlay-type":"","overlay-color":"","overlay-opacity":"","overlay-gradient":""},"tablet":{"background-color":"var(--ast-global-color-4)","background-image":"","background-repeat":"repeat","background-position":"center center","background-size":"auto","background-attachment":"scroll","background-type":"","background-media":"","overlay-type":"","overlay-color":"","overlay-opacity":"","overlay-gradient":""},"mobile":{"background-color":"var(--ast-global-color-4)","background-image":"","background-repeat":"repeat","background-position":"center center","background-size":"auto","background-attachment":"scroll","background-type":"","background-media":"","overlay-type":"","overlay-color":"","overlay-opacity":"","overlay-gradient":""}}},"product_brand":[],"product_cat":[20,150],"product_tag":[123,125,124,126],"class_list":{"0":"post-2294","1":"product","2":"type-product","3":"status-publish","4":"has-post-thumbnail","6":"product_cat-shredding-and-crushing-machine","7":"product_cat-wood-shavings-machine","8":"product_tag-wood-chip-shaving-machine","9":"product_tag-wood-shaving-cutter","10":"product_tag-wood-shaving-cutting-machine","11":"product_tag-wood-shaving-making-machine","12":"desktop-align-left","13":"tablet-align-left","14":"mobile-align-left","16":"first","17":"instock","18":"shipping-taxable","19":"product-type-simple"},"_links":{"self":[{"href":"https:\/\/www.gigapa.com\/es\/wp-json\/wp\/v2\/product\/2294","targetHints":{"allow":["GET"]}}],"collection":[{"href":"https:\/\/www.gigapa.com\/es\/wp-json\/wp\/v2\/product"}],"about":[{"href":"https:\/\/www.gigapa.com\/es\/wp-json\/wp\/v2\/types\/product"}],"version-history":[{"count":3,"href":"https:\/\/www.gigapa.com\/es\/wp-json\/wp\/v2\/product\/2294\/revisions"}],"predecessor-version":[{"id":2297,"href":"https:\/\/www.gigapa.com\/es\/wp-json\/wp\/v2\/product\/2294\/revisions\/2297"}],"wp:featuredmedia":[{"embeddable":true,"href":"https:\/\/www.gigapa.com\/es\/wp-json\/wp\/v2\/media\/2293"}],"wp:attachment":[{"href":"https:\/\/www.gigapa.com\/es\/wp-json\/wp\/v2\/media?parent=2294"}],"wp:term":[{"taxonomy":"product_brand","embeddable":true,"href":"https:\/\/www.gigapa.com\/es\/wp-json\/wp\/v2\/product_brand?post=2294"},{"taxonomy":"product_cat","embeddable":true,"href":"https:\/\/www.gigapa.com\/es\/wp-json\/wp\/v2\/product_cat?post=2294"},{"taxonomy":"product_tag","embeddable":true,"href":"https:\/\/www.gigapa.com\/es\/wp-json\/wp\/v2\/product_tag?post=2294"}],"curies":[{"name":"wp","href":"https:\/\/api.w.org\/{rel}","templated":true}]}}