{"id":2298,"date":"2025-06-26T08:53:55","date_gmt":"2025-06-26T00:53:55","guid":{"rendered":"https:\/\/www.gigapa.com\/?post_type=product&#038;p=2298"},"modified":"2025-10-13T09:14:45","modified_gmt":"2025-10-13T01:14:45","slug":"industrial-hydraulic-press-baler","status":"publish","type":"product","link":"https:\/\/www.gigapa.com\/es\/product\/industrial-hydraulic-press-baler\/","title":{"rendered":"Prensa embaladora hidr\u00e1ulica industrial"},"content":{"rendered":"<h3 data-start=\"96\" data-end=\"112\">Introducci\u00f3n<\/h3>\n<p data-start=\"114\" data-end=\"619\">La prensa compactadora hidr\u00e1ulica industrial es una m\u00e1quina de alto rendimiento y alta resistencia dise\u00f1ada para la compresi\u00f3n y prensado eficiente de diversos materiales, incluyendo cart\u00f3n, pl\u00e1stico, metal y residuos de papel. Esta m\u00e1quina es ampliamente utilizada en centros de reciclaje, almacenes, dep\u00f3sitos de chatarra y plantas industriales. Garantiza la optimizaci\u00f3n del espacio, la reducci\u00f3n de costes y la sostenibilidad medioambiental compactando grandes vol\u00famenes de residuos en balas manejables, que pueden almacenarse, transportarse o reciclarse f\u00e1cilmente.<\/p>\n<p data-start=\"621\" data-end=\"951\">Con su avanzada tecnolog\u00eda hidr\u00e1ulica, la prensa compactadora de residuos industriales ofrece un potente rendimiento, fiabilidad y versatilidad para una amplia gama de industrias. Es una herramienta esencial para las empresas que desean racionalizar sus procesos de gesti\u00f3n de residuos y contribuir a un funcionamiento m\u00e1s sostenible y rentable.<\/p>\n<h3 data-start=\"958\" data-end=\"1014\">Caracter\u00edsticas principales de la prensa embaladora hidr\u00e1ulica industrial<\/h3>\n<ol data-start=\"1016\" data-end=\"3305\">\n<li data-start=\"1016\" data-end=\"1400\">\n<p data-start=\"1019\" data-end=\"1400\">Sistema hidr\u00e1ulico de alta presi\u00f3n<br \/>\nLa caracter\u00edstica principal de la prensadora industrial de residuos es su sistema de prensado hidr\u00e1ulico, que utiliza mecanismos de alta presi\u00f3n para comprimir firmemente los materiales. El resultado son balas de alta densidad f\u00e1ciles de almacenar y transportar. El sistema hidr\u00e1ulico proporciona un rendimiento constante, lo que la hace adecuada para operaciones continuas y pesadas.<\/p>\n<\/li>\n<li data-start=\"1402\" data-end=\"1730\">\n<p data-start=\"1405\" data-end=\"1730\">Versatilidad en la manipulaci\u00f3n de materiales<br \/>\nEsta m\u00e1quina es capaz de manipular una gran variedad de materiales, como cart\u00f3n, papel, pl\u00e1stico, textiles, latas de aluminio y mucho m\u00e1s. Su adaptabilidad la convierte en un activo inestimable para industrias que van desde el reciclaje de residuos hasta la fabricaci\u00f3n, donde la gesti\u00f3n eficaz de los residuos es fundamental.<\/p>\n<\/li>\n<li data-start=\"1732\" data-end=\"2088\">\n<p data-start=\"1735\" data-end=\"2088\">Funcionamiento totalmente autom\u00e1tico<br \/>\nLa prensa compactadora hidr\u00e1ulica industrial est\u00e1 equipada con funciones autom\u00e1ticas avanzadas que reducen la necesidad de intervenci\u00f3n manual. Con operaciones totalmente autom\u00e1ticas, la prensa puede alimentar, comprimir y descargar materiales de desecho de forma eficiente con una intervenci\u00f3n m\u00ednima del operario, mejorando as\u00ed la eficiencia y reduciendo los costes de mano de obra.<\/p>\n<\/li>\n<li data-start=\"2090\" data-end=\"2367\">\n<p data-start=\"2093\" data-end=\"2367\">Alta densidad de bala<br \/>\nLa m\u00e1quina est\u00e1 dise\u00f1ada para producir balas de alta densidad, lo que ayuda a ahorrar un valioso espacio de almacenamiento y reduce los costes de transporte. Las balas densas son m\u00e1s f\u00e1ciles de manejar y se pueden apilar de forma segura, optimizando a\u00fan m\u00e1s la utilizaci\u00f3n del espacio en sus instalaciones.<\/p>\n<\/li>\n<li data-start=\"2369\" data-end=\"2720\">\n<p data-start=\"2372\" data-end=\"2720\">Dise\u00f1o duradero y fiable<br \/>\nConstruida con materiales de alta calidad, la prensa compactadora hidr\u00e1ulica industrial est\u00e1 dise\u00f1ada para ofrecer un rendimiento duradero. Su robusta construcci\u00f3n garantiza que la m\u00e1quina pueda soportar los rigores del uso diario en entornos exigentes, proporcionando a las empresas una soluci\u00f3n fiable para sus necesidades de gesti\u00f3n de residuos.<\/p>\n<\/li>\n<li data-start=\"2722\" data-end=\"3012\">\n<p data-start=\"2725\" data-end=\"3012\">Caracter\u00edsticas de seguridad<br \/>\nLa m\u00e1quina est\u00e1 dise\u00f1ada con m\u00faltiples caracter\u00edsticas de seguridad para garantizar la protecci\u00f3n del operador y minimizar el riesgo de accidentes. Estas caracter\u00edsticas incluyen botones de parada de emergencia, desconexi\u00f3n autom\u00e1tica y protecciones de seguridad, lo que la convierte en una m\u00e1quina segura para su uso en entornos industriales.<\/p>\n<\/li>\n<li data-start=\"3014\" data-end=\"3305\">\n<p data-start=\"3017\" data-end=\"3305\">Controles f\u00e1ciles de usar<br \/>\nLa empacadora est\u00e1 equipada con un panel de control intuitivo que facilita a los operadores la supervisi\u00f3n y el ajuste de la configuraci\u00f3n. Incluso para usuarios con una formaci\u00f3n m\u00ednima, la m\u00e1quina puede manejarse con eficacia, lo que reduce el riesgo de errores y mejora la productividad general.<\/p>\n<\/li>\n<\/ol>\n<h3 data-start=\"3312\" data-end=\"3368\">Aplicaciones de la prensa compactadora hidr\u00e1ulica de desperdicios industriales<\/h3>\n<p data-start=\"3370\" data-end=\"3568\">La prensa compactadora hidr\u00e1ulica industrial es una m\u00e1quina muy vers\u00e1til, adecuada para una amplia variedad de aplicaciones. Algunas de las industrias y sectores clave que se benefician de esta tecnolog\u00eda son:<\/p>\n<ol data-start=\"3570\" data-end=\"5120\">\n<li data-start=\"3570\" data-end=\"3861\">\n<p data-start=\"3573\" data-end=\"3861\">Reciclaje de residuos<br \/>\nLos centros de reciclaje utilizan las prensas compactadoras industriales de residuos para procesar eficazmente grandes vol\u00famenes de materiales reciclables. Al comprimir materiales como cart\u00f3n, pl\u00e1stico y papel, la prensa reduce el volumen de residuos y facilita su transporte y reciclaje.<\/p>\n<\/li>\n<li data-start=\"3863\" data-end=\"4163\">\n<p data-start=\"3866\" data-end=\"4163\">Tratamiento de chatarra<br \/>\nLos dep\u00f3sitos de chatarra y las instalaciones de procesamiento de metales utilizan esta prensa para compactar residuos met\u00e1licos, incluidas latas de aluminio y restos de acero, en balas densas. Estas balas son m\u00e1s f\u00e1ciles de manipular y pueden venderse como chatarra para su reciclaje o reutilizarse en procesos de fabricaci\u00f3n.<\/p>\n<\/li>\n<li data-start=\"4165\" data-end=\"4490\">\n<p data-start=\"4168\" data-end=\"4490\">Comercio y fabricaci\u00f3n<br \/>\nLos comercios minoristas y las plantas de fabricaci\u00f3n que generan una gran cantidad de residuos de envases pueden beneficiarse de la prensa compactadora hidr\u00e1ulica industrial. Ayuda a compactar cajas de cart\u00f3n, envases de pl\u00e1stico y otros materiales, reduciendo los costes de eliminaci\u00f3n de residuos y mejorando la eficiencia operativa.<\/p>\n<\/li>\n<li data-start=\"4492\" data-end=\"4760\">\n<p data-start=\"4495\" data-end=\"4760\">Industria textil<br \/>\nEn la fabricaci\u00f3n textil, la prensa se utiliza para comprimir residuos textiles como restos de tela y fibras. Las balas compactadas son m\u00e1s f\u00e1ciles de almacenar, gestionar y reciclar, lo que contribuye a la reducci\u00f3n de residuos y a la sostenibilidad de la industria textil.<\/p>\n<\/li>\n<li data-start=\"4762\" data-end=\"5120\">\n<p data-start=\"4765\" data-end=\"5120\">Gesti\u00f3n de residuos de papel y cart\u00f3n<br \/>\nLas empresas de las industrias del papel y el cart\u00f3n utilizan prensas compactadoras hidr\u00e1ulicas para reducir el volumen de residuos generados por los materiales de embalaje. Las balas de alta densidad producidas por la prensa facilitan el transporte y el reciclaje de papel y cart\u00f3n, reduciendo el uso de vertederos y contribuyendo a la econom\u00eda circular.<\/p>\n<\/li>\n<\/ol>\n<h3 data-start=\"5127\" data-end=\"5177\">C\u00f3mo funciona la prensa hidr\u00e1ulica industrial<\/h3>\n<p data-start=\"5179\" data-end=\"5359\">La prensa compactadora hidr\u00e1ulica industrial funciona mediante un proceso sencillo pero eficaz que maximiza la compresi\u00f3n de los materiales de desecho. He aqu\u00ed una descripci\u00f3n b\u00e1sica de su funcionamiento:<\/p>\n<ol data-start=\"5361\" data-end=\"6415\">\n<li data-start=\"5361\" data-end=\"5624\">\n<p data-start=\"5364\" data-end=\"5624\">Alimentar el material<br \/>\nLos materiales de desecho se cargan en la tolva, desde donde se introducen en la c\u00e1mara de compresi\u00f3n. La m\u00e1quina est\u00e1 dise\u00f1ada con un sistema de alimentaci\u00f3n autom\u00e1tico, que permite procesar los materiales de forma continua sin intervenci\u00f3n manual.<\/p>\n<\/li>\n<li data-start=\"5626\" data-end=\"5944\">\n<p data-start=\"5629\" data-end=\"5944\">Compresi\u00f3n<br \/>\nUna vez dentro de la c\u00e1mara de compresi\u00f3n, los materiales son presionados por pistones hidr\u00e1ulicos. La alta presi\u00f3n obliga a los materiales a compactarse firmemente, formando balas de alta densidad. El sistema hidr\u00e1ulico garantiza una compresi\u00f3n consistente y potente, incluso para materiales dif\u00edciles de comprimir como la chatarra.<\/p>\n<\/li>\n<li data-start=\"5946\" data-end=\"6200\">\n<p data-start=\"5949\" data-end=\"6200\">Expulsi\u00f3n de balas<br \/>\nUna vez compactados los materiales, la paca formada se expulsa autom\u00e1ticamente a trav\u00e9s del canal de descarga. Dependiendo del dise\u00f1o, las balas pueden expulsarse horizontal o verticalmente, lo que facilita su apilamiento y almacenamiento.<\/p>\n<\/li>\n<li data-start=\"6202\" data-end=\"6415\">\n<p data-start=\"6205\" data-end=\"6415\">Cortar y atar<br \/>\nLa empacadora puede incluir un sistema de atado autom\u00e1tico, que envuelve la paca con alambre o cuerda para fijarla en su sitio. Esto garantiza que la paca mantenga su forma durante el almacenamiento y el transporte.<\/p>\n<\/li>\n<\/ol>\n<h3 data-start=\"6422\" data-end=\"6479\">Ventajas del uso de prensas embaladoras hidr\u00e1ulicas industriales<\/h3>\n<ol data-start=\"6481\" data-end=\"7546\">\n<li data-start=\"6481\" data-end=\"6735\">\n<p data-start=\"6484\" data-end=\"6735\">Ahorro de costes<br \/>\nAl reducir el volumen de materiales de desecho, la prensa compactadora de residuos industriales disminuye los costes de eliminaci\u00f3n y transporte de residuos. Las balas de alta densidad son m\u00e1s f\u00e1ciles de manejar y requieren menos espacio, reduciendo tambi\u00e9n los costes de almacenamiento.<\/p>\n<\/li>\n<li data-start=\"6737\" data-end=\"6991\">\n<p data-start=\"6740\" data-end=\"6991\">Impacto medioambiental<br \/>\nLa prensa promueve la sostenibilidad medioambiental ayudando en el proceso de reciclaje. La m\u00e1quina ayuda a desviar residuos de los vertederos, lo que la convierte en una herramienta esencial para las empresas que pretenden minimizar su huella medioambiental.<\/p>\n<\/li>\n<li data-start=\"6993\" data-end=\"7256\">\n<p data-start=\"6996\" data-end=\"7256\">Mayor eficacia<br \/>\nCon funciones automatizadas y funcionamiento a alta velocidad, la prensa compactadora hidr\u00e1ulica industrial mejora la productividad y la eficacia en los procesos de gesti\u00f3n de residuos. La m\u00e1quina reduce la necesidad de mano de obra, ahorrando tiempo y recursos.<\/p>\n<\/li>\n<li data-start=\"7258\" data-end=\"7546\">\n<p data-start=\"7261\" data-end=\"7546\">Optimizaci\u00f3n del espacio<br \/>\nLas balas compactas producidas por la empacadora aprovechan mejor el espacio de almacenamiento disponible. Esto es especialmente importante para las empresas con zonas de almacenamiento limitadas, ya que les permite almacenar mayores cantidades de materiales de desecho de forma m\u00e1s organizada y manejable.<\/p>\n<\/li>\n<\/ol>\n<h3 data-start=\"7553\" data-end=\"7567\">Conclusi\u00f3n<\/h3>\n<p data-start=\"7569\" data-end=\"8200\">La prensa compactadora hidr\u00e1ulica industrial es un equipo esencial para empresas de sectores como el reciclaje, el procesamiento de chatarra y la fabricaci\u00f3n. Su potente sistema hidr\u00e1ulico, su versatilidad y sus funciones automatizadas la convierten en una soluci\u00f3n muy eficaz para comprimir y gestionar materiales de desecho. Al invertir en esta m\u00e1quina, las empresas pueden reducir los costes de eliminaci\u00f3n de residuos, mejorar los esfuerzos de reciclaje y contribuir a un medio ambiente m\u00e1s sostenible. Con su dise\u00f1o duradero y su f\u00e1cil manejo, la prensa compactadora hidr\u00e1ulica industrial es una opci\u00f3n inteligente y rentable para mejorar las operaciones de gesti\u00f3n de residuos.<\/p>","protected":false},"excerpt":{"rendered":"<p>La prensa compactadora hidr\u00e1ulica industrial es una potente soluci\u00f3n para comprimir y compactar materiales de desecho en balas de alta densidad. Perfecta para centros de reciclaje, dep\u00f3sitos de chatarra y plantas de fabricaci\u00f3n, manipula una gran variedad de materiales, como cart\u00f3n, metal y pl\u00e1sticos. El funcionamiento totalmente autom\u00e1tico de la m\u00e1quina mejora la productividad, reduce los costes de eliminaci\u00f3n de residuos y promueve la sostenibilidad medioambiental.<\/p>","protected":false},"featured_media":2292,"template":"","meta":{"site-sidebar-layout":"default","site-content-layout":"","ast-site-content-layout":"default","site-content-style":"default","site-sidebar-style":"default","ast-global-header-display":"","ast-banner-title-visibility":"","ast-main-header-display":"","ast-hfb-above-header-display":"","ast-hfb-below-header-display":"","ast-hfb-mobile-header-display":"","site-post-title":"","ast-breadcrumbs-content":"","ast-featured-img":"","footer-sml-layout":"","ast-disable-related-posts":"","theme-transparent-header-meta":"default","adv-header-id-meta":"","stick-header-meta":"","header-above-stick-meta":"","header-main-stick-meta":"","header-below-stick-meta":"","astra-migrate-meta-layouts":"set","ast-page-background-enabled":"default","ast-page-background-meta":{"desktop":{"background-color":"var(--ast-global-color-5)","background-image":"","background-repeat":"repeat","background-position":"center center","background-size":"auto","background-attachment":"scroll","background-type":"","background-media":"","overlay-type":"","overlay-color":"","overlay-opacity":"","overlay-gradient":""},"tablet":{"background-color":"","background-image":"","background-repeat":"repeat","background-position":"center center","background-size":"auto","background-attachment":"scroll","background-type":"","background-media":"","overlay-type":"","overlay-color":"","overlay-opacity":"","overlay-gradient":""},"mobile":{"background-color":"","background-image":"","background-repeat":"repeat","background-position":"center center","background-size":"auto","background-attachment":"scroll","background-type":"","background-media":"","overlay-type":"","overlay-color":"","overlay-opacity":"","overlay-gradient":""}},"ast-content-background-meta":{"desktop":{"background-color":"var(--ast-global-color-4)","background-image":"","background-repeat":"repeat","background-position":"center center","background-size":"auto","background-attachment":"scroll","background-type":"","background-media":"","overlay-type":"","overlay-color":"","overlay-opacity":"","overlay-gradient":""},"tablet":{"background-color":"var(--ast-global-color-4)","background-image":"","background-repeat":"repeat","background-position":"center center","background-size":"auto","background-attachment":"scroll","background-type":"","background-media":"","overlay-type":"","overlay-color":"","overlay-opacity":"","overlay-gradient":""},"mobile":{"background-color":"var(--ast-global-color-4)","background-image":"","background-repeat":"repeat","background-position":"center center","background-size":"auto","background-attachment":"scroll","background-type":"","background-media":"","overlay-type":"","overlay-color":"","overlay-opacity":"","overlay-gradient":""}}},"product_brand":[],"product_cat":[21,153],"product_tag":[136],"class_list":{"0":"post-2298","1":"product","2":"type-product","3":"status-publish","4":"has-post-thumbnail","6":"product_cat-baling-machine","7":"product_cat-horizontal-baler","8":"product_tag-automatic-cardboard-baler","9":"desktop-align-left","10":"tablet-align-left","11":"mobile-align-left","13":"first","14":"instock","15":"shipping-taxable","16":"product-type-simple"},"_links":{"self":[{"href":"https:\/\/www.gigapa.com\/es\/wp-json\/wp\/v2\/product\/2298","targetHints":{"allow":["GET"]}}],"collection":[{"href":"https:\/\/www.gigapa.com\/es\/wp-json\/wp\/v2\/product"}],"about":[{"href":"https:\/\/www.gigapa.com\/es\/wp-json\/wp\/v2\/types\/product"}],"version-history":[{"count":2,"href":"https:\/\/www.gigapa.com\/es\/wp-json\/wp\/v2\/product\/2298\/revisions"}],"predecessor-version":[{"id":2489,"href":"https:\/\/www.gigapa.com\/es\/wp-json\/wp\/v2\/product\/2298\/revisions\/2489"}],"wp:featuredmedia":[{"embeddable":true,"href":"https:\/\/www.gigapa.com\/es\/wp-json\/wp\/v2\/media\/2292"}],"wp:attachment":[{"href":"https:\/\/www.gigapa.com\/es\/wp-json\/wp\/v2\/media?parent=2298"}],"wp:term":[{"taxonomy":"product_brand","embeddable":true,"href":"https:\/\/www.gigapa.com\/es\/wp-json\/wp\/v2\/product_brand?post=2298"},{"taxonomy":"product_cat","embeddable":true,"href":"https:\/\/www.gigapa.com\/es\/wp-json\/wp\/v2\/product_cat?post=2298"},{"taxonomy":"product_tag","embeddable":true,"href":"https:\/\/www.gigapa.com\/es\/wp-json\/wp\/v2\/product_tag?post=2298"}],"curies":[{"name":"wp","href":"https:\/\/api.w.org\/{rel}","templated":true}]}}