{"id":2710,"date":"2025-10-10T14:48:40","date_gmt":"2025-10-10T06:48:40","guid":{"rendered":"https:\/\/www.gigapa.com\/?post_type=product&#038;p=2710"},"modified":"2026-04-27T14:57:37","modified_gmt":"2026-04-27T06:57:37","slug":"steel-swarf-compactor","status":"publish","type":"product","link":"https:\/\/www.gigapa.com\/es\/product\/steel-swarf-compactor\/","title":{"rendered":"Compactador de virutas de acero"},"content":{"rendered":"<p data-start=\"242\" data-end=\"813\">Un compactador de virutas de acero es un equipo esencial en las plantas modernas de metalurgia y reciclaje. Est\u00e1 dise\u00f1ado para comprimir virutas de acero sueltas, virutas y otras virutas met\u00e1licas en briquetas densas, secas y f\u00e1ciles de manejar. Esto no s\u00f3lo reduce el espacio de almacenamiento necesario para los residuos met\u00e1licos, sino que tambi\u00e9n hace que el material sea m\u00e1s valioso para el reciclaje o la fundici\u00f3n. Para los fabricantes que procesan acero, acero inoxidable, hierro fundido o aluminio, invertir en un compactador de virutas de acero mejora significativamente tanto el cumplimiento de la normativa medioambiental como la eficacia operativa.<\/p>\n<div class=\"ast-oembed-container\" style=\"height: 100%;\"><iframe title=\"M\u00e1quina briquetadora de astillas de metal | M\u00e1quina briquetadora de astillas de aluminio\" width=\"500\" height=\"281\" src=\"https:\/\/www.youtube.com\/embed\/9eDjw4K6_lM?feature=oembed\" frameborder=\"0\" allow=\"accelerometer; autoplay; clipboard-write; encrypted-media; gyroscope; picture-in-picture; web-share\" referrerpolicy=\"strict-origin-when-cross-origin\" allowfullscreen><\/iframe><\/div>\n<h3 data-start=\"820\" data-end=\"874\">Principio de funcionamiento del compactador de virutas de acero<\/h3>\n<p data-start=\"876\" data-end=\"1346\">El compactador de virutas de acero funciona mediante una combinaci\u00f3n de presi\u00f3n hidr\u00e1ulica y compresi\u00f3n mec\u00e1nica. Una vez recogidas las virutas de las operaciones de mecanizado o rectificado, se introducen en la tolva del compactador. Dentro de la c\u00e1mara de compresi\u00f3n, un potente cilindro hidr\u00e1ulico ejerce una alta presi\u00f3n -a menudo superior a 2000 psi- sobre las virutas de acero sueltas. Esta presi\u00f3n exprime los fluidos de corte, refrigerantes y otros aceites residuales, a la vez que forma briquetas compactas y s\u00f3lidas.<\/p>\n<p data-start=\"1348\" data-end=\"1706\">Las briquetas resultantes suelen tener forma cil\u00edndrica o de bloque y una densidad muy superior a la de las virutas sueltas. Pueden apilarse, almacenarse o transportarse f\u00e1cilmente a las instalaciones de fundici\u00f3n sin contaminaci\u00f3n ni fugas de fluidos. El refrigerante extra\u00eddo tambi\u00e9n puede filtrarse y reutilizarse, lo que contribuye a un proceso de producci\u00f3n m\u00e1s limpio y sostenible.<\/p>\n<h3 data-start=\"1713\" data-end=\"1764\">Ventajas de utilizar un compactador de virutas de acero<\/h3>\n<ol data-start=\"1766\" data-end=\"2793\">\n<li data-start=\"1766\" data-end=\"1983\">\n<p data-start=\"1769\" data-end=\"1983\">Ahorro de espacio y costes<br data-start=\"1795\" data-end=\"1798\" \/>Las virutas de acero sueltas ocupan un gran volumen. Al compactarlas en briquetas s\u00f3lidas, las necesidades de almacenamiento pueden reducirse hasta 80%. Esto se traduce en menores costes log\u00edsticos y de manipulaci\u00f3n.<\/p>\n<\/li>\n<li data-start=\"1985\" data-end=\"2210\">\n<p data-start=\"1988\" data-end=\"2210\">Eficiencia del reciclado<br data-start=\"2012\" data-end=\"2015\" \/>Las briquetas compactas tienen una mayor densidad aparente, lo que mejora la eficiencia de carga del horno durante la refundici\u00f3n. Como resultado, se reduce el consumo de energ\u00eda y aumenta la tasa global de reciclado.<\/p>\n<\/li>\n<li data-start=\"2212\" data-end=\"2409\">\n<p data-start=\"2215\" data-end=\"2409\">Recuperaci\u00f3n de aceite y refrigerante<br data-start=\"2243\" data-end=\"2246\" \/>El proceso de compactaci\u00f3n separa y recupera los fluidos de corte residuales de las virutas. Estos fluidos pueden reutilizarse, lo que minimiza los residuos y mejora la sostenibilidad.<\/p>\n<\/li>\n<li data-start=\"2411\" data-end=\"2596\">\n<p data-start=\"2414\" data-end=\"2596\">Entorno de trabajo limpio y seguro<br data-start=\"2452\" data-end=\"2455\" \/>El briqueteado elimina el goteo de aceites y las virutas esparcidas por el suelo del taller, creando un espacio de trabajo m\u00e1s limpio, seguro y organizado.<\/p>\n<\/li>\n<li data-start=\"2598\" data-end=\"2793\">\n<p data-start=\"2601\" data-end=\"2793\">Cumplimiento de la normativa medioambiental<br data-start=\"2629\" data-end=\"2632\" \/>El compactador de virutas de acero contribuye al cumplimiento de las modernas normas medioambientales reduciendo el volumen de residuos, evitando fugas de fluidos y fomentando el reciclaje.<\/p>\n<\/li>\n<\/ol>\n<h3 data-start=\"2800\" data-end=\"2826\">Caracter\u00edsticas t\u00e9cnicas<\/h3>\n<ul>\n<li data-start=\"2830\" data-end=\"2935\">Sistema hidr\u00e1ulico de alta presi\u00f3n - Garantiza la m\u00e1xima densidad de compactaci\u00f3n y la formaci\u00f3n estable de briquetas.<\/li>\n<li data-start=\"2938\" data-end=\"3043\">Alimentaci\u00f3n y descarga autom\u00e1ticas: reduce las necesidades de mano de obra y aumenta la eficacia de la producci\u00f3n.<\/li>\n<li data-start=\"3046\" data-end=\"3144\">Control programable (PLC): permite un funcionamiento total o semiautom\u00e1tico con ajustes sencillos.<\/li>\n<li data-start=\"3147\" data-end=\"3246\">C\u00e1mara de compresi\u00f3n duradera: fabricada en acero resistente al desgaste para garantizar la fiabilidad a largo plazo.<\/li>\n<li data-start=\"3249\" data-end=\"3337\">Sistema de recuperaci\u00f3n de aceite - Recoge y separa los refrigerantes o lubricantes para su reciclaje.<\/li>\n<li data-start=\"3340\" data-end=\"3442\">Sistema de refrigeraci\u00f3n y filtraci\u00f3n opcional: mantiene limpio el aceite hidr\u00e1ulico y prolonga la vida \u00fatil de la m\u00e1quina.<\/li>\n<\/ul>\n<p><img fetchpriority=\"high\" decoding=\"async\" class=\"wp-image-2711 size-full aligncenter\" src=\"https:\/\/www.gigapa.com\/wp-content\/uploads\/2025\/10\/\u538b\u997c\u673a1.jpg\" alt=\"Compactador de virutas de acero\" width=\"500\" height=\"500\" srcset=\"https:\/\/www.gigapa.com\/wp-content\/uploads\/2025\/10\/\u538b\u997c\u673a1.jpg 500w, https:\/\/www.gigapa.com\/wp-content\/uploads\/2025\/10\/\u538b\u997c\u673a1-300x300.jpg 300w, https:\/\/www.gigapa.com\/wp-content\/uploads\/2025\/10\/\u538b\u997c\u673a1-150x150.jpg 150w, https:\/\/www.gigapa.com\/wp-content\/uploads\/2025\/10\/\u538b\u997c\u673a1-12x12.jpg 12w, https:\/\/www.gigapa.com\/wp-content\/uploads\/2025\/10\/\u538b\u997c\u673a1-100x100.jpg 100w\" sizes=\"(max-width: 500px) 100vw, 500px\" \/><\/p>\n<h3 data-start=\"3449\" data-end=\"3469\">Aplicaciones<\/h3>\n<p data-start=\"3471\" data-end=\"3540\">El compactador de virutas de acero se utiliza ampliamente en industrias como:<\/p>\n<ul>\n<li data-start=\"3543\" data-end=\"3579\">Centros de mecanizado<\/li>\n<li data-start=\"3582\" data-end=\"3632\">Fabricaci\u00f3n de componentes de automoci\u00f3n y aeroespaciales<\/li>\n<li data-start=\"3635\" data-end=\"3681\">Plantas de fabricaci\u00f3n de acero y acero inoxidable<\/li>\n<li data-start=\"3684\" data-end=\"3719\">Fundiciones y fundiciones<\/li>\n<li data-start=\"3722\" data-end=\"3765\">Instalaciones de reciclado y gesti\u00f3n de residuos<\/li>\n<\/ul>\n<p data-start=\"3767\" data-end=\"3928\">Tanto si el material es acero, hierro fundido o metales no ferrosos, la compactadora convierte eficazmente los residuos en recursos valiosos, apoyando una econom\u00eda circular.<\/p>\n<h3 data-start=\"3935\" data-end=\"3979\">Por qu\u00e9 elegir nuestro compactador de virutas de acero<\/h3>\n<p data-start=\"3981\" data-end=\"4396\">Nuestra empresa se especializa en el dise\u00f1o y la fabricaci\u00f3n de equipos industriales de briqueteado y reciclaje con m\u00e1s de diez a\u00f1os de experiencia en ingenier\u00eda. Cada compactador de virutas de acero est\u00e1 dise\u00f1ado para ofrecer un rendimiento resistente, un mantenimiento sencillo y un funcionamiento uniforme. Disponemos de soluciones personalizadas seg\u00fan los requisitos del cliente, incluidos sistemas de alimentaci\u00f3n, transportadores autom\u00e1ticos o l\u00edneas de reciclaje totalmente integradas.<\/p>\n<p data-start=\"4398\" data-end=\"4611\">Ofrecemos asistencia t\u00e9cnica completa, desde la selecci\u00f3n de equipos hasta la instalaci\u00f3n y el servicio posventa. Nuestro objetivo es ayudar a los fabricantes a reducir los residuos, mejorar la eficiencia y lograr una producci\u00f3n sostenible.<\/p>\n<h3 data-start=\"4618\" data-end=\"4636\">Conclusi\u00f3n<\/h3>\n<p data-start=\"4638\" data-end=\"4989\">Un compactador de virutas de acero no es s\u00f3lo una m\u00e1quina de gesti\u00f3n de residuos: es una inversi\u00f3n inteligente que aporta beneficios cuantificables en reducci\u00f3n de costes, protecci\u00f3n del medio ambiente y mejora de la productividad. Al convertir las virutas de acero sueltas en briquetas densas, puede simplificar el almacenamiento, recuperar fluidos valiosos y contribuir a un proceso industrial m\u00e1s limpio.<\/p>\n<p data-start=\"4991\" data-end=\"5264\">Si busca un fabricante o proveedor fiable de compactadores de virutas de acero, p\u00f3ngase en contacto con nosotros hoy mismo para hablar de los requisitos de su proyecto. Nuestro equipo de profesionales le recomendar\u00e1 el modelo m\u00e1s adecuado y le proporcionar\u00e1 una soluci\u00f3n completa de reciclaje de metales adaptada a sus necesidades.<\/p>","protected":false},"excerpt":{"rendered":"<p>El compactador de virutas de acero es una m\u00e1quina briqueteadora hidr\u00e1ulica dise\u00f1ada para comprimir virutas de acero sueltas y virutas en briquetas densas y secas. Ayuda a reducir el volumen de almacenamiento, recuperar valiosos fluidos de corte y mejorar la eficacia del reciclaje. Con tecnolog\u00eda hidr\u00e1ulica de alta presi\u00f3n, funcionamiento autom\u00e1tico y construcci\u00f3n duradera, esta compactadora es ideal para las industrias metal\u00fargica, de mecanizado y de reciclaje. No s\u00f3lo ahorra espacio y costes de transporte, sino que tambi\u00e9n contribuye a un entorno de producci\u00f3n m\u00e1s limpio y sostenible.<\/p>","protected":false},"featured_media":2711,"template":"","meta":{"site-sidebar-layout":"default","site-content-layout":"","ast-site-content-layout":"default","site-content-style":"default","site-sidebar-style":"default","ast-global-header-display":"","ast-banner-title-visibility":"","ast-main-header-display":"","ast-hfb-above-header-display":"","ast-hfb-below-header-display":"","ast-hfb-mobile-header-display":"","site-post-title":"","ast-breadcrumbs-content":"","ast-featured-img":"","footer-sml-layout":"","ast-disable-related-posts":"","theme-transparent-header-meta":"default","adv-header-id-meta":"","stick-header-meta":"","header-above-stick-meta":"","header-main-stick-meta":"","header-below-stick-meta":"","astra-migrate-meta-layouts":"set","ast-page-background-enabled":"default","ast-page-background-meta":{"desktop":{"background-color":"var(--ast-global-color-5)","background-image":"","background-repeat":"repeat","background-position":"center center","background-size":"auto","background-attachment":"scroll","background-type":"","background-media":"","overlay-type":"","overlay-color":"","overlay-opacity":"","overlay-gradient":""},"tablet":{"background-color":"","background-image":"","background-repeat":"repeat","background-position":"center center","background-size":"auto","background-attachment":"scroll","background-type":"","background-media":"","overlay-type":"","overlay-color":"","overlay-opacity":"","overlay-gradient":""},"mobile":{"background-color":"","background-image":"","background-repeat":"repeat","background-position":"center center","background-size":"auto","background-attachment":"scroll","background-type":"","background-media":"","overlay-type":"","overlay-color":"","overlay-opacity":"","overlay-gradient":""}},"ast-content-background-meta":{"desktop":{"background-color":"var(--ast-global-color-4)","background-image":"","background-repeat":"repeat","background-position":"center center","background-size":"auto","background-attachment":"scroll","background-type":"","background-media":"","overlay-type":"","overlay-color":"","overlay-opacity":"","overlay-gradient":""},"tablet":{"background-color":"var(--ast-global-color-4)","background-image":"","background-repeat":"repeat","background-position":"center center","background-size":"auto","background-attachment":"scroll","background-type":"","background-media":"","overlay-type":"","overlay-color":"","overlay-opacity":"","overlay-gradient":""},"mobile":{"background-color":"var(--ast-global-color-4)","background-image":"","background-repeat":"repeat","background-position":"center center","background-size":"auto","background-attachment":"scroll","background-type":"","background-media":"","overlay-type":"","overlay-color":"","overlay-opacity":"","overlay-gradient":""}}},"product_brand":[],"product_cat":[21,156],"product_tag":[193,160,191,192,159,190],"class_list":{"0":"post-2710","1":"product","2":"type-product","3":"status-publish","4":"has-post-thumbnail","6":"product_cat-baling-machine","7":"product_cat-briquetting-press-machine","8":"product_tag-automatic-swarf-compactor","9":"product_tag-chip-briquetting-machine","10":"product_tag-hydraulic-metal-chip-compactor","11":"product_tag-metal-briquette-press-machine","12":"product_tag-scrap-briquetting-machine","13":"product_tag-steel-swarf-compactor","14":"desktop-align-left","15":"tablet-align-left","16":"mobile-align-left","18":"first","19":"instock","20":"shipping-taxable","21":"product-type-simple"},"_links":{"self":[{"href":"https:\/\/www.gigapa.com\/es\/wp-json\/wp\/v2\/product\/2710","targetHints":{"allow":["GET"]}}],"collection":[{"href":"https:\/\/www.gigapa.com\/es\/wp-json\/wp\/v2\/product"}],"about":[{"href":"https:\/\/www.gigapa.com\/es\/wp-json\/wp\/v2\/types\/product"}],"version-history":[{"count":2,"href":"https:\/\/www.gigapa.com\/es\/wp-json\/wp\/v2\/product\/2710\/revisions"}],"predecessor-version":[{"id":2714,"href":"https:\/\/www.gigapa.com\/es\/wp-json\/wp\/v2\/product\/2710\/revisions\/2714"}],"wp:featuredmedia":[{"embeddable":true,"href":"https:\/\/www.gigapa.com\/es\/wp-json\/wp\/v2\/media\/2711"}],"wp:attachment":[{"href":"https:\/\/www.gigapa.com\/es\/wp-json\/wp\/v2\/media?parent=2710"}],"wp:term":[{"taxonomy":"product_brand","embeddable":true,"href":"https:\/\/www.gigapa.com\/es\/wp-json\/wp\/v2\/product_brand?post=2710"},{"taxonomy":"product_cat","embeddable":true,"href":"https:\/\/www.gigapa.com\/es\/wp-json\/wp\/v2\/product_cat?post=2710"},{"taxonomy":"product_tag","embeddable":true,"href":"https:\/\/www.gigapa.com\/es\/wp-json\/wp\/v2\/product_tag?post=2710"}],"curies":[{"name":"wp","href":"https:\/\/api.w.org\/{rel}","templated":true}]}}