{"id":2754,"date":"2025-10-20T11:28:17","date_gmt":"2025-10-20T03:28:17","guid":{"rendered":"https:\/\/www.gigapa.com\/?post_type=product&#038;p=2754"},"modified":"2025-12-25T09:18:27","modified_gmt":"2025-12-25T01:18:27","slug":"silage-alfalfa-straw-bagging-baler","status":"publish","type":"product","link":"https:\/\/www.gigapa.com\/es\/product\/silage-alfalfa-straw-bagging-baler\/","title":{"rendered":"Ensacadora de ensilado\/alfalfa\/empacadora de paja"},"content":{"rendered":"<p data-start=\"222\" data-end=\"774\">La ensacadora de ensilado\/alfalfa\/paja es un avanzado equipo agr\u00edcola y de reciclaje dise\u00f1ado para comprimir y empaquetar eficazmente materiales fibrosos sueltos en pacas o bolsas densas y uniformes. Esta m\u00e1quina es ideal para agricultores, productores de piensos y empresas agr\u00edcolas que requieren una soluci\u00f3n fiable para manipular ensilado, alfalfa, paja, heno y otros materiales de biomasa similares. Al combinar la compresi\u00f3n, el atado y el ensacado en una sola operaci\u00f3n, esta empacadora mejora significativamente la eficacia del almacenamiento, el transporte y la manipulaci\u00f3n.<\/p>\n<div class=\"ast-oembed-container\" style=\"height: 100%;\"><iframe title=\"M\u00e1quina embolsadora por compresi\u00f3n de c\u00e1scara\" width=\"500\" height=\"281\" src=\"https:\/\/www.youtube.com\/embed\/AoxfxcMR80w?feature=oembed\" frameborder=\"0\" allow=\"accelerometer; autoplay; clipboard-write; encrypted-media; gyroscope; picture-in-picture; web-share\" referrerpolicy=\"strict-origin-when-cross-origin\" allowfullscreen><\/iframe><\/div>\n<h3 data-start=\"781\" data-end=\"806\">Principio de funcionamiento<\/h3>\n<p data-start=\"808\" data-end=\"1367\">La empacadora de bolsas funciona con un sistema de compresi\u00f3n hidr\u00e1ulica de alto par que comprime los materiales sueltos en balas compactas. Los materiales se cargan en la m\u00e1quina a trav\u00e9s de una tolva o cinta transportadora de alimentaci\u00f3n, donde los cilindros hidr\u00e1ulicos aplican una presi\u00f3n constante para comprimir el producto. Una vez alcanzada la densidad deseada, la m\u00e1quina envuelve autom\u00e1ticamente la paca en una bolsa de pl\u00e1stico o la ata con hilo o alambre, seg\u00fan el modelo. Este proceso no s\u00f3lo mantiene la integridad de la paca, sino que tambi\u00e9n evita la humedad, el polvo y las p\u00e9rdidas durante el almacenamiento o el transporte.<\/p>\n<p data-start=\"1369\" data-end=\"1761\">La empacadora ensacadora de ensilado\/alfalfa\/paja presenta un dise\u00f1o vertical u horizontal que permite un funcionamiento continuo o semiautom\u00e1tico en funci\u00f3n de los requisitos de producci\u00f3n. Est\u00e1 equipada con controles PLC y enclavamientos de seguridad que garantizan un funcionamiento suave, seguro y fiable. Los operadores pueden ajustar f\u00e1cilmente la presi\u00f3n de compresi\u00f3n, el tama\u00f1o de la bolsa y la velocidad de alimentaci\u00f3n para adaptarse a las caracter\u00edsticas espec\u00edficas del material y a las necesidades de producci\u00f3n.<\/p>\n<h3 data-start=\"1768\" data-end=\"1803\">Principales caracter\u00edsticas y ventajas<\/h3>\n<ol data-start=\"1805\" data-end=\"3404\">\n<li data-start=\"1805\" data-end=\"2118\">\n<p data-start=\"1808\" data-end=\"2118\">Alta eficiencia y productividad<br data-start=\"1844\" data-end=\"1847\" \/>La empacadora puede comprimir y empaquetar grandes cantidades de ensilado, alfalfa o paja en poco tiempo, lo que reduce los costes de mano de obra y aumenta el rendimiento. El funcionamiento continuo garantiza un tiempo de inactividad m\u00ednimo, por lo que resulta adecuada para explotaciones agr\u00edcolas tanto a peque\u00f1a como a gran escala.<\/p>\n<\/li>\n<li data-start=\"2120\" data-end=\"2363\">\n<p data-start=\"2123\" data-end=\"2363\">Densidad y tama\u00f1o uniformes de las balas<br data-start=\"2156\" data-end=\"2159\" \/>El sistema de compresi\u00f3n hidr\u00e1ulica garantiza una densidad de paca constante, asegurando que cada paca mantenga un tama\u00f1o y peso uniformes. Esta caracter\u00edstica es fundamental para el apilamiento, el almacenamiento y el transporte eficiente.<\/p>\n<\/li>\n<li data-start=\"2365\" data-end=\"2602\">\n<p data-start=\"2368\" data-end=\"2602\">Versatilidad<br data-start=\"2383\" data-end=\"2386\" \/>La empacadora puede manipular una amplia gama de materiales, como ensilado, heno, paja, alfalfa y otra biomasa fibrosa. Esta flexibilidad la convierte en una soluci\u00f3n fiable para m\u00faltiples aplicaciones agr\u00edcolas e industriales.<\/p>\n<\/li>\n<li data-start=\"2604\" data-end=\"2887\">\n<p data-start=\"2607\" data-end=\"2887\">F\u00e1cil manejo y mantenimiento<br data-start=\"2641\" data-end=\"2644\" \/>Equipada con controles f\u00e1ciles de usar y sistemas automatizados de alimentaci\u00f3n y compresi\u00f3n, la m\u00e1quina es f\u00e1cil de manejar. El mantenimiento es sencillo, con paneles de acceso r\u00e1pido y piezas de desgaste reemplazables, lo que reduce el tiempo de inactividad y los costes operativos.<\/p>\n<\/li>\n<li data-start=\"2889\" data-end=\"3106\">\n<p data-start=\"2892\" data-end=\"3106\">Construcci\u00f3n duradera<br data-start=\"2916\" data-end=\"2919\" \/>Construida con bastidores de acero de alta resistencia, componentes hidr\u00e1ulicos de alta calidad y cuchillas resistentes al desgaste, la empacadora est\u00e1 dise\u00f1ada para ofrecer un rendimiento a largo plazo en entornos agr\u00edcolas exigentes.<\/p>\n<\/li>\n<li data-start=\"3108\" data-end=\"3404\">\n<p data-start=\"3111\" data-end=\"3404\">Seguro y respetuoso con el medio ambiente<br data-start=\"3136\" data-end=\"3139\" \/>Las funciones de seguridad, como los botones de parada de emergencia, los enclavamientos y la protecci\u00f3n contra sobrecargas, garantizan la seguridad del operador. Al comprimir eficientemente los materiales sueltos, la empacadora tambi\u00e9n minimiza el polvo y reduce la p\u00e9rdida de material, contribuyendo a una operaci\u00f3n m\u00e1s limpia y sostenible.<\/p>\n<\/li>\n<\/ol>\n<p data-start=\"3411\" data-end=\"3431\"><img fetchpriority=\"high\" decoding=\"async\" class=\"alignnone wp-image-2755 size-full\" src=\"https:\/\/www.gigapa.com\/wp-content\/uploads\/2025\/10\/\u5957\u888b\u673a4.png\" alt=\"Ensacadora de ensilado\/alfalfa\" width=\"500\" height=\"500\" srcset=\"https:\/\/www.gigapa.com\/wp-content\/uploads\/2025\/10\/\u5957\u888b\u673a4.png 500w, https:\/\/www.gigapa.com\/wp-content\/uploads\/2025\/10\/\u5957\u888b\u673a4-300x300.png 300w, https:\/\/www.gigapa.com\/wp-content\/uploads\/2025\/10\/\u5957\u888b\u673a4-150x150.png 150w, https:\/\/www.gigapa.com\/wp-content\/uploads\/2025\/10\/\u5957\u888b\u673a4-12x12.png 12w, https:\/\/www.gigapa.com\/wp-content\/uploads\/2025\/10\/\u5957\u888b\u673a4-100x100.png 100w\" sizes=\"(max-width: 500px) 100vw, 500px\" \/><\/p>\n<h3 data-start=\"3411\" data-end=\"3431\">Aplicaciones<\/h3>\n<p data-start=\"3433\" data-end=\"3496\">La empacadora de ensilado\/alfalfa\/paja es ampliamente utilizada en:<\/p>\n<ul>\n<li data-start=\"3499\" data-end=\"3589\">Explotaciones agr\u00edcolas - Compresi\u00f3n de heno, alfalfa, paja y ensilado para la alimentaci\u00f3n del ganado.<\/li>\n<li data-start=\"3592\" data-end=\"3688\">Plantas de producci\u00f3n de piensos - Preparaci\u00f3n de piensos en balas uniformes para su transporte o transformaci\u00f3n.<\/li>\n<li data-start=\"3691\" data-end=\"3809\">Gesti\u00f3n de residuos agr\u00edcolas - Manipulaci\u00f3n eficaz de residuos de cultivos y biomasa para su almacenamiento o producci\u00f3n de energ\u00eda.<\/li>\n<li data-start=\"3812\" data-end=\"3901\">Uso comercial e industrial - Embalaje de materiales para la venta o distribuci\u00f3n a granel.<\/li>\n<\/ul>\n<p data-start=\"3903\" data-end=\"4078\">Esta m\u00e1quina es especialmente valiosa para operaciones que requieren pacas de alta densidad f\u00e1ciles de manipular, almacenar y transportar, preservando al mismo tiempo la calidad del material.<\/p>\n<h3 data-start=\"4085\" data-end=\"4103\">Conclusi\u00f3n<\/h3>\n<p data-start=\"4105\" data-end=\"4596\">La empacadora ensacadora de ensilado\/alfalfa\/paja es una soluci\u00f3n vers\u00e1til, eficiente y duradera para la agricultura moderna y las industrias de producci\u00f3n de piensos. Su sistema de compresi\u00f3n hidr\u00e1ulica, alimentaci\u00f3n automatizada y mecanismo de ensacado garantizan una alta productividad, una calidad constante de las pacas y un funcionamiento seguro. Al invertir en esta empacadora, los agricultores y productores pueden agilizar sus operaciones, reducir los costes de mano de obra y mejorar la gesti\u00f3n general del ensilado, la alfalfa, la paja y otros materiales de biomasa.<\/p>\n<p data-start=\"4598\" data-end=\"4782\">Tanto para peque\u00f1as explotaciones como para la producci\u00f3n industrial de piensos a gran escala, esta empacadora ofrece una soluci\u00f3n fiable y rentable para satisfacer las crecientes demandas de manipulaci\u00f3n de material agr\u00edcola.<\/p>","protected":false},"excerpt":{"rendered":"<p>La empacadora de ensilado\/alfalfa\/paja comprime y empaca eficazmente materiales agr\u00edcolas sueltos como ensilado, heno, alfalfa y paja en balas o bolsas uniformes. Con alta productividad, compresi\u00f3n hidr\u00e1ulica y f\u00e1cil manejo, es ideal para granjas, plantas de piensos y gesti\u00f3n de residuos agr\u00edcolas.<\/p>","protected":false},"featured_media":2755,"template":"","meta":{"site-sidebar-layout":"default","site-content-layout":"","ast-site-content-layout":"default","site-content-style":"default","site-sidebar-style":"default","ast-global-header-display":"","ast-banner-title-visibility":"","ast-main-header-display":"","ast-hfb-above-header-display":"","ast-hfb-below-header-display":"","ast-hfb-mobile-header-display":"","site-post-title":"","ast-breadcrumbs-content":"","ast-featured-img":"","footer-sml-layout":"","ast-disable-related-posts":"","theme-transparent-header-meta":"default","adv-header-id-meta":"","stick-header-meta":"","header-above-stick-meta":"","header-main-stick-meta":"","header-below-stick-meta":"","astra-migrate-meta-layouts":"set","ast-page-background-enabled":"default","ast-page-background-meta":{"desktop":{"background-color":"var(--ast-global-color-5)","background-image":"","background-repeat":"repeat","background-position":"center center","background-size":"auto","background-attachment":"scroll","background-type":"","background-media":"","overlay-type":"","overlay-color":"","overlay-opacity":"","overlay-gradient":""},"tablet":{"background-color":"","background-image":"","background-repeat":"repeat","background-position":"center center","background-size":"auto","background-attachment":"scroll","background-type":"","background-media":"","overlay-type":"","overlay-color":"","overlay-opacity":"","overlay-gradient":""},"mobile":{"background-color":"","background-image":"","background-repeat":"repeat","background-position":"center center","background-size":"auto","background-attachment":"scroll","background-type":"","background-media":"","overlay-type":"","overlay-color":"","overlay-opacity":"","overlay-gradient":""}},"ast-content-background-meta":{"desktop":{"background-color":"var(--ast-global-color-4)","background-image":"","background-repeat":"repeat","background-position":"center center","background-size":"auto","background-attachment":"scroll","background-type":"","background-media":"","overlay-type":"","overlay-color":"","overlay-opacity":"","overlay-gradient":""},"tablet":{"background-color":"var(--ast-global-color-4)","background-image":"","background-repeat":"repeat","background-position":"center center","background-size":"auto","background-attachment":"scroll","background-type":"","background-media":"","overlay-type":"","overlay-color":"","overlay-opacity":"","overlay-gradient":""},"mobile":{"background-color":"var(--ast-global-color-4)","background-image":"","background-repeat":"repeat","background-position":"center center","background-size":"auto","background-attachment":"scroll","background-type":"","background-media":"","overlay-type":"","overlay-color":"","overlay-opacity":"","overlay-gradient":""}}},"product_brand":[],"product_cat":[21,154],"product_tag":[158,128,157],"class_list":{"0":"post-2754","1":"product","2":"type-product","3":"status-publish","4":"has-post-thumbnail","6":"product_cat-baling-machine","7":"product_cat-bagging-baler","8":"product_tag-alfalfa-bagging-baler","9":"product_tag-silage-bagging-baler","10":"product_tag-straw-bagging-baler","11":"desktop-align-left","12":"tablet-align-left","13":"mobile-align-left","15":"first","16":"instock","17":"shipping-taxable","18":"product-type-simple"},"_links":{"self":[{"href":"https:\/\/www.gigapa.com\/es\/wp-json\/wp\/v2\/product\/2754","targetHints":{"allow":["GET"]}}],"collection":[{"href":"https:\/\/www.gigapa.com\/es\/wp-json\/wp\/v2\/product"}],"about":[{"href":"https:\/\/www.gigapa.com\/es\/wp-json\/wp\/v2\/types\/product"}],"version-history":[{"count":2,"href":"https:\/\/www.gigapa.com\/es\/wp-json\/wp\/v2\/product\/2754\/revisions"}],"predecessor-version":[{"id":2757,"href":"https:\/\/www.gigapa.com\/es\/wp-json\/wp\/v2\/product\/2754\/revisions\/2757"}],"wp:featuredmedia":[{"embeddable":true,"href":"https:\/\/www.gigapa.com\/es\/wp-json\/wp\/v2\/media\/2755"}],"wp:attachment":[{"href":"https:\/\/www.gigapa.com\/es\/wp-json\/wp\/v2\/media?parent=2754"}],"wp:term":[{"taxonomy":"product_brand","embeddable":true,"href":"https:\/\/www.gigapa.com\/es\/wp-json\/wp\/v2\/product_brand?post=2754"},{"taxonomy":"product_cat","embeddable":true,"href":"https:\/\/www.gigapa.com\/es\/wp-json\/wp\/v2\/product_cat?post=2754"},{"taxonomy":"product_tag","embeddable":true,"href":"https:\/\/www.gigapa.com\/es\/wp-json\/wp\/v2\/product_tag?post=2754"}],"curies":[{"name":"wp","href":"https:\/\/api.w.org\/{rel}","templated":true}]}}