{"id":2783,"date":"2025-11-06T17:11:30","date_gmt":"2025-11-06T09:11:30","guid":{"rendered":"https:\/\/www.gigapa.com\/?post_type=product&#038;p=2783"},"modified":"2026-04-27T14:44:51","modified_gmt":"2026-04-27T06:44:51","slug":"fully-automatic-horizontal-cotton-baler","status":"publish","type":"product","link":"https:\/\/www.gigapa.com\/es\/product\/fully-automatic-horizontal-cotton-baler\/","title":{"rendered":"Prensa embaladora horizontal de algod\u00f3n autom\u00e1tica"},"content":{"rendered":"<h3>Introducci\u00f3n del equipo:<\/h3>\n<p>La prensa embaladora horizontal de algod\u00f3n totalmente autom\u00e1tica consta de una carcasa, una estaci\u00f3n hidr\u00e1ulica, un cilindro hidr\u00e1ulico, un cabezal de presi\u00f3n y un mecanismo de atado. La presi\u00f3n hidr\u00e1ulica proporcionada por la estaci\u00f3n hidr\u00e1ulica acciona el cilindro principal para comprimir el material mediante el cabezal de presi\u00f3n. Despu\u00e9s de la compresi\u00f3n, la paca es expulsada por el cilindro hidr\u00e1ulico de expulsi\u00f3n, y el mecanismo de atado ata la paca. Todo el proceso de compresi\u00f3n y atado de la bala est\u00e1 controlado por un PLC. El mecanismo de atado completa autom\u00e1ticamente los procesos de alimentaci\u00f3n, atado y apriete sin intervenci\u00f3n manual, lo que se traduce en un alto grado de automatizaci\u00f3n. Esto hace que no s\u00f3lo sea muy eficiente, sino que tambi\u00e9n ahorra costes de mano de obra. Por lo tanto, se utiliza ampliamente en aplicaciones que requieren un gran rendimiento y una alta velocidad de procesamiento, como f\u00e1bricas de algod\u00f3n, f\u00e1bricas textiles y plantas de tratamiento de residuos.<\/p>\n<h3>Selecci\u00f3n de par\u00e1metros:<\/h3>\n<table style=\"border-collapse: collapse; width: 558.02pt;\" border=\"0\" width=\"744\" cellspacing=\"0\" cellpadding=\"0\">\n<tbody>\n<tr style=\"height: 13.50pt;\">\n<td class=\"et2\" style=\"height: 13.50pt; width: 196.50pt;\" width=\"262\" height=\"18\">Modelo<\/td>\n<td class=\"et2\" style=\"width: 180.75pt;\" width=\"241\">GSB-P0505<\/td>\n<td class=\"et2\" style=\"width: 180.75pt;\" width=\"241\">GSB-P0606<\/td>\n<\/tr>\n<tr style=\"height: 13.50pt;\">\n<td class=\"et3\" style=\"height: 13.50pt; width: 196.50pt;\" width=\"262\" height=\"18\">Tama\u00f1o de bala (An\u00d7Al\u00d7L) (mm)<\/td>\n<td class=\"et3\" style=\"width: 180.75pt;\" width=\"241\">500\u00d7500\u00d7500<\/td>\n<td class=\"et3\" style=\"width: 180.75pt;\" width=\"241\">600\u00d7600\u00d7750<\/td>\n<\/tr>\n<tr style=\"height: 13.50pt;\">\n<td class=\"et3\" style=\"height: 13.50pt; width: 196.50pt;\" width=\"262\" height=\"18\">N\u00famero de hilos de encuadernaci\u00f3n (PCS)<\/td>\n<td class=\"et4\" style=\"width: 180.75pt;\" width=\"241\">2-5<\/td>\n<td class=\"et3\" style=\"width: 180.75pt;\" width=\"241\">3-5<\/td>\n<\/tr>\n<tr style=\"height: 13.50pt;\">\n<td class=\"et3\" style=\"height: 13.50pt; width: 196.50pt;\" width=\"262\" height=\"18\">Presi\u00f3n del cilindro principal (T)<\/td>\n<td class=\"et3\" style=\"width: 180.75pt;\" width=\"241\">40<\/td>\n<td class=\"et3\" style=\"width: 180.75pt;\" width=\"241\">50<\/td>\n<\/tr>\n<tr style=\"height: 13.50pt;\">\n<td class=\"et3\" style=\"height: 13.50pt; width: 196.50pt;\" width=\"262\" height=\"18\">Potencia hidr\u00e1ulica (kW)<\/td>\n<td class=\"et3\" style=\"width: 180.75pt;\" width=\"241\">7.5<\/td>\n<td class=\"et3\" style=\"width: 180.75pt;\" width=\"241\">15<\/td>\n<\/tr>\n<tr style=\"height: 13.50pt;\">\n<td class=\"et3\" style=\"height: 13.50pt; width: 196.50pt;\" width=\"262\" height=\"18\">Tama\u00f1o de la m\u00e1quina (A\u00d7A\u00d7L) (mm)<\/td>\n<td class=\"et3\" style=\"width: 180.75pt;\" width=\"241\">3990\u00d73960\u00d72220<\/td>\n<td class=\"et3\" style=\"width: 180.75pt;\" width=\"241\">5980\u00d74680\u00d72430<\/td>\n<\/tr>\n<tr style=\"height: 13.50pt;\">\n<td class=\"et3\" style=\"height: 13.50pt; width: 196.50pt;\" width=\"262\" height=\"18\">Peso de la m\u00e1quina (Kg)<\/td>\n<td class=\"et3\" style=\"width: 180.75pt;\" width=\"241\">2600<\/td>\n<td class=\"et3\" style=\"width: 180.75pt;\" width=\"241\">4500<\/td>\n<\/tr>\n<\/tbody>\n<\/table>\n<h3>Aplicaciones:<\/h3>\n<p>Algod\u00f3n, linters de algod\u00f3n, fibras qu\u00edmicas, c\u00e1\u00f1amo, lana, hierba, materiales medicinales y materiales reciclados (como papel usado y pl\u00e1sticos) y otros materiales ligeros y sueltos.<\/p>\n<h3>Aspectos t\u00e9cnicos destacados:<\/h3>\n<ol>\n<li>Alta fiabilidad: Toda la estructura de la m\u00e1quina adopta un dise\u00f1o de alto factor de seguridad, evitando deformaciones permanentes o grietas.<\/li>\n<li>Alta inteligencia: Un programa de control PLC riguroso y fiable, combinado con sensores, mejora la eficiencia y la eficacia del envasado.<\/li>\n<li>Buena estabilidad: El dispositivo de corte de material equipado reduce eficazmente el riesgo de tiempo de inactividad causado por el atasco de material.<\/li>\n<\/ol>\n<h3>Comparaci\u00f3n de efectos:<\/h3>\n<p><img fetchpriority=\"high\" decoding=\"async\" class=\"alignnone wp-image-2803\" src=\"https:\/\/www.gigapa.com\/wp-content\/uploads\/2025\/11\/\u68c9\u82b12.png\" alt=\"\" width=\"400\" height=\"251\" srcset=\"https:\/\/www.gigapa.com\/wp-content\/uploads\/2025\/11\/\u68c9\u82b12.png 1034w, https:\/\/www.gigapa.com\/wp-content\/uploads\/2025\/11\/\u68c9\u82b12-300x188.png 300w, https:\/\/www.gigapa.com\/wp-content\/uploads\/2025\/11\/\u68c9\u82b12-1024x643.png 1024w, https:\/\/www.gigapa.com\/wp-content\/uploads\/2025\/11\/\u68c9\u82b12-768x482.png 768w, https:\/\/www.gigapa.com\/wp-content\/uploads\/2025\/11\/\u68c9\u82b12-18x12.png 18w, https:\/\/www.gigapa.com\/wp-content\/uploads\/2025\/11\/\u68c9\u82b12-600x377.png 600w\" sizes=\"(max-width: 400px) 100vw, 400px\" \/> <img decoding=\"async\" class=\"alignnone wp-image-2804\" src=\"https:\/\/www.gigapa.com\/wp-content\/uploads\/2025\/11\/\u68c9\u82b1.png\" alt=\"\" width=\"400\" height=\"251\" srcset=\"https:\/\/www.gigapa.com\/wp-content\/uploads\/2025\/11\/\u68c9\u82b1.png 1034w, https:\/\/www.gigapa.com\/wp-content\/uploads\/2025\/11\/\u68c9\u82b1-300x188.png 300w, https:\/\/www.gigapa.com\/wp-content\/uploads\/2025\/11\/\u68c9\u82b1-1024x643.png 1024w, https:\/\/www.gigapa.com\/wp-content\/uploads\/2025\/11\/\u68c9\u82b1-768x482.png 768w, https:\/\/www.gigapa.com\/wp-content\/uploads\/2025\/11\/\u68c9\u82b1-18x12.png 18w, https:\/\/www.gigapa.com\/wp-content\/uploads\/2025\/11\/\u68c9\u82b1-600x377.png 600w\" sizes=\"(max-width: 400px) 100vw, 400px\" \/><\/p>\n<h3>Ventajas de la prensa embaladora horizontal de algod\u00f3n totalmente autom\u00e1tica:<\/h3>\n<p>Alta automatizaci\u00f3n y productividad: Elimina la alimentaci\u00f3n manual y la expulsi\u00f3n de balas mediante la integraci\u00f3n de cintas transportadoras, lo que permite un funcionamiento continuo. Esto reduce los costes de mano de obra y aumenta el rendimiento, lo que resulta ideal para instalaciones de procesamiento de algod\u00f3n a gran escala que manejan grandes vol\u00famenes diariamente.<\/p>\n<p>Densidad y uniformidad superiores de las pacas: El dise\u00f1o de compresi\u00f3n horizontal proporciona una compactaci\u00f3n constante a alta presi\u00f3n, produciendo pacas densas y uniformes. Las pacas m\u00e1s densas minimizan los requisitos de espacio de almacenamiento y reducen los costes de transporte al maximizar la capacidad de carga por env\u00edo.<\/p>\n<p>Flujo de trabajo eficiente: A pesar de su mayor tama\u00f1o total, su disposici\u00f3n horizontal se integra perfectamente con las l\u00edneas de producci\u00f3n (por ejemplo, desmotado de algod\u00f3n o procesamiento de residuos textiles), optimizando el uso del espacio en comparaci\u00f3n con las configuraciones manuales o semiautom\u00e1ticas inconexas.<\/p>\n<p>Comodidad y seguridad operativas: Los controles automatizados (por ejemplo, sistemas PLC) simplifican el funcionamiento, mientras que las funciones de seguridad integradas (paradas de emergencia, enclavamientos) garantizan el cumplimiento de las normas de seguridad en el lugar de trabajo. La reducci\u00f3n de la intervenci\u00f3n manual tambi\u00e9n disminuye el riesgo de accidentes.<\/p>\n<p>Ahorro de costes a largo plazo: Los menores costes de mano de obra, la reducci\u00f3n de los gastos log\u00edsticos y los tiempos de inactividad m\u00ednimos (gracias a una automatizaci\u00f3n fiable) contribuyen a reducir el coste total de propiedad, lo que la convierte en una inversi\u00f3n rentable a largo plazo para operaciones de gran volumen.<\/p>","protected":false},"excerpt":{"rendered":"<p>La prensa embaladora horizontal de algod\u00f3n totalmente autom\u00e1tica es una m\u00e1quina hidr\u00e1ulica controlada por PLC. Comprime y ata autom\u00e1ticamente algod\u00f3n o residuos textiles sin operaci\u00f3n manual, ofreciendo alta eficiencia y ahorro de mano de obra.<\/p>","protected":false},"featured_media":2784,"template":"","meta":{"site-sidebar-layout":"default","site-content-layout":"","ast-site-content-layout":"default","site-content-style":"default","site-sidebar-style":"default","ast-global-header-display":"","ast-banner-title-visibility":"","ast-main-header-display":"","ast-hfb-above-header-display":"","ast-hfb-below-header-display":"","ast-hfb-mobile-header-display":"","site-post-title":"","ast-breadcrumbs-content":"","ast-featured-img":"","footer-sml-layout":"","ast-disable-related-posts":"","theme-transparent-header-meta":"default","adv-header-id-meta":"","stick-header-meta":"","header-above-stick-meta":"","header-main-stick-meta":"","header-below-stick-meta":"","astra-migrate-meta-layouts":"set","ast-page-background-enabled":"default","ast-page-background-meta":{"desktop":{"background-color":"var(--ast-global-color-5)","background-image":"","background-repeat":"repeat","background-position":"center center","background-size":"auto","background-attachment":"scroll","background-type":"","background-media":"","overlay-type":"","overlay-color":"","overlay-opacity":"","overlay-gradient":""},"tablet":{"background-color":"","background-image":"","background-repeat":"repeat","background-position":"center center","background-size":"auto","background-attachment":"scroll","background-type":"","background-media":"","overlay-type":"","overlay-color":"","overlay-opacity":"","overlay-gradient":""},"mobile":{"background-color":"","background-image":"","background-repeat":"repeat","background-position":"center center","background-size":"auto","background-attachment":"scroll","background-type":"","background-media":"","overlay-type":"","overlay-color":"","overlay-opacity":"","overlay-gradient":""}},"ast-content-background-meta":{"desktop":{"background-color":"var(--ast-global-color-4)","background-image":"","background-repeat":"repeat","background-position":"center center","background-size":"auto","background-attachment":"scroll","background-type":"","background-media":"","overlay-type":"","overlay-color":"","overlay-opacity":"","overlay-gradient":""},"tablet":{"background-color":"var(--ast-global-color-4)","background-image":"","background-repeat":"repeat","background-position":"center center","background-size":"auto","background-attachment":"scroll","background-type":"","background-media":"","overlay-type":"","overlay-color":"","overlay-opacity":"","overlay-gradient":""},"mobile":{"background-color":"var(--ast-global-color-4)","background-image":"","background-repeat":"repeat","background-position":"center center","background-size":"auto","background-attachment":"scroll","background-type":"","background-media":"","overlay-type":"","overlay-color":"","overlay-opacity":"","overlay-gradient":""}}},"product_brand":[],"product_cat":[153,21],"product_tag":[189,183,188,185,186,187,184],"class_list":{"0":"post-2783","1":"product","2":"type-product","3":"status-publish","4":"has-post-thumbnail","6":"product_cat-horizontal-baler","7":"product_cat-baling-machine","8":"product_tag-cotton-baler-for-sale","9":"product_tag-cotton-baler-machine","10":"product_tag-cotton-baler-manufacturer","11":"product_tag-cotton-compress-machine","12":"product_tag-cotton-packing-machine","13":"product_tag-horizontal-baler-machine","14":"product_tag-plc-control-cotton-baler","15":"desktop-align-left","16":"tablet-align-left","17":"mobile-align-left","19":"first","20":"instock","21":"shipping-taxable","22":"product-type-simple"},"_links":{"self":[{"href":"https:\/\/www.gigapa.com\/es\/wp-json\/wp\/v2\/product\/2783","targetHints":{"allow":["GET"]}}],"collection":[{"href":"https:\/\/www.gigapa.com\/es\/wp-json\/wp\/v2\/product"}],"about":[{"href":"https:\/\/www.gigapa.com\/es\/wp-json\/wp\/v2\/types\/product"}],"version-history":[{"count":7,"href":"https:\/\/www.gigapa.com\/es\/wp-json\/wp\/v2\/product\/2783\/revisions"}],"predecessor-version":[{"id":2885,"href":"https:\/\/www.gigapa.com\/es\/wp-json\/wp\/v2\/product\/2783\/revisions\/2885"}],"wp:featuredmedia":[{"embeddable":true,"href":"https:\/\/www.gigapa.com\/es\/wp-json\/wp\/v2\/media\/2784"}],"wp:attachment":[{"href":"https:\/\/www.gigapa.com\/es\/wp-json\/wp\/v2\/media?parent=2783"}],"wp:term":[{"taxonomy":"product_brand","embeddable":true,"href":"https:\/\/www.gigapa.com\/es\/wp-json\/wp\/v2\/product_brand?post=2783"},{"taxonomy":"product_cat","embeddable":true,"href":"https:\/\/www.gigapa.com\/es\/wp-json\/wp\/v2\/product_cat?post=2783"},{"taxonomy":"product_tag","embeddable":true,"href":"https:\/\/www.gigapa.com\/es\/wp-json\/wp\/v2\/product_tag?post=2783"}],"curies":[{"name":"wp","href":"https:\/\/api.w.org\/{rel}","templated":true}]}}