{"id":2865,"date":"2025-12-12T17:17:34","date_gmt":"2025-12-12T09:17:34","guid":{"rendered":"https:\/\/www.gigapa.com\/?post_type=product&#038;p=2865"},"modified":"2026-03-18T17:17:13","modified_gmt":"2026-03-18T09:17:13","slug":"gsg-q204-plastic-granulator-machine","status":"publish","type":"product","link":"https:\/\/www.gigapa.com\/es\/product\/gsg-q204-plastic-granulator-machine\/","title":{"rendered":"M\u00e1quina granuladora de pl\u00e1stico GSG-Q204"},"content":{"rendered":"<h3>Productos<\/h3>\n<p>La granuladora de pl\u00e1stico GSG-Q204 es una m\u00e1quina granuladora compacta de alto rendimiento dise\u00f1ada para la reducci\u00f3n eficaz del tama\u00f1o de desechos de pl\u00e1stico, residuos de moldeo por inyecci\u00f3n, bebederos, correderas, materiales de film y diversos pl\u00e1sticos reciclados ligeros. Con una robusta estructura de corte, un rendimiento estable y un bajo consumo de energ\u00eda, este modelo es ideal para plantas de reciclaje de peque\u00f1a y mediana escala, f\u00e1bricas de procesamiento de pl\u00e1sticos e instalaciones de recuperaci\u00f3n de materiales.<\/p>\n<p>La m\u00e1quina utiliza un sistema de corte silencioso y de alto par que garantiza un tama\u00f1o uniforme de las part\u00edculas y un funcionamiento continuo y fiable, ayud\u00e1ndole a convertir los residuos de pl\u00e1stico en materia prima reutilizable y reduciendo al mismo tiempo los costes de producci\u00f3n.<\/p>\n<div class=\"ast-oembed-container\" style=\"height: 100%;\"><iframe title=\"M\u00e1quina granuladora de pl\u00e1stico GSG-Q204\" width=\"422\" height=\"750\" src=\"https:\/\/www.youtube.com\/embed\/23k9o8xtIgg?feature=oembed\" frameborder=\"0\" allow=\"accelerometer; autoplay; clipboard-write; encrypted-media; gyroscope; picture-in-picture; web-share\" referrerpolicy=\"strict-origin-when-cross-origin\" allowfullscreen><\/iframe><\/div>\n<h3>Especificaci\u00f3n Par\u00e1metro<\/h3>\n<table style=\"border-collapse: collapse; width: 509px; height: 542px;\" border=\"0\" width=\"362\" cellspacing=\"0\" cellpadding=\"0\">\n<tbody>\n<tr style=\"height: 13.50pt;\">\n<td style=\"height: 13.50pt; width: 194.25pt;\" width=\"259\" height=\"18\">Modelo<\/td>\n<td style=\"width: 77.25pt;\" width=\"103\">GSG-Q204<\/td>\n<\/tr>\n<tr style=\"height: 13.50pt;\">\n<td style=\"height: 13.50pt;\" height=\"18\">Tama\u00f1o del orificio de alimentaci\u00f3n (An\u00d7Al) (mm)<\/td>\n<td>400 \u00d7 230<\/td>\n<\/tr>\n<tr style=\"height: 13.50pt;\">\n<td style=\"height: 13.50pt;\" height=\"18\">Di\u00e1metro de rotaci\u00f3n (mm)<\/td>\n<td>245<\/td>\n<\/tr>\n<tr style=\"height: 13.50pt;\">\n<td style=\"height: 13.50pt;\" height=\"18\">Longitud del rodillo de corte (mm)<\/td>\n<td>400<\/td>\n<\/tr>\n<tr style=\"height: 13.50pt;\">\n<td style=\"height: 13.50pt;\" height=\"18\">Velocidad del rodillo de corte (RPM)<\/td>\n<td>580<\/td>\n<\/tr>\n<tr style=\"height: 13.50pt;\">\n<td style=\"height: 13.50pt;\" height=\"18\">Apertura de la malla (mm)<\/td>\n<td>20<\/td>\n<\/tr>\n<tr style=\"height: 13.50pt;\">\n<td style=\"height: 13.50pt;\" height=\"18\">N\u00famero de cuchillas m\u00f3viles (uds.)<\/td>\n<td>12<\/td>\n<\/tr>\n<tr style=\"height: 13.50pt;\">\n<td style=\"height: 13.50pt;\" height=\"18\">N\u00famero de cuchillas fijas (uds.)<\/td>\n<td>2<\/td>\n<\/tr>\n<tr style=\"height: 13.50pt;\">\n<td style=\"height: 13.50pt;\" height=\"18\">Potencia del motor (KW)<\/td>\n<td>7.5<\/td>\n<\/tr>\n<\/tbody>\n<\/table>\n<p><img fetchpriority=\"high\" decoding=\"async\" class=\"alignnone wp-image-2866\" src=\"https:\/\/www.gigapa.com\/wp-content\/uploads\/2025\/12\/\u7c89\u788e\u673a4-scaled.jpg\" alt=\"\" width=\"400\" height=\"533\" srcset=\"https:\/\/www.gigapa.com\/wp-content\/uploads\/2025\/12\/\u7c89\u788e\u673a4-scaled.jpg 1920w, https:\/\/www.gigapa.com\/wp-content\/uploads\/2025\/12\/\u7c89\u788e\u673a4-225x300.jpg 225w, https:\/\/www.gigapa.com\/wp-content\/uploads\/2025\/12\/\u7c89\u788e\u673a4-768x1024.jpg 768w, https:\/\/www.gigapa.com\/wp-content\/uploads\/2025\/12\/\u7c89\u788e\u673a4-1152x1536.jpg 1152w, https:\/\/www.gigapa.com\/wp-content\/uploads\/2025\/12\/\u7c89\u788e\u673a4-1536x2048.jpg 1536w, https:\/\/www.gigapa.com\/wp-content\/uploads\/2025\/12\/\u7c89\u788e\u673a4-9x12.jpg 9w, https:\/\/www.gigapa.com\/wp-content\/uploads\/2025\/12\/\u7c89\u788e\u673a4-600x800.jpg 600w\" sizes=\"(max-width: 400px) 100vw, 400px\" \/> <img decoding=\"async\" class=\"alignnone wp-image-2869\" src=\"https:\/\/www.gigapa.com\/wp-content\/uploads\/2025\/12\/\u7c89\u788e\u673a1-scaled.jpg\" alt=\"\" width=\"400\" height=\"533\" srcset=\"https:\/\/www.gigapa.com\/wp-content\/uploads\/2025\/12\/\u7c89\u788e\u673a1-scaled.jpg 1920w, https:\/\/www.gigapa.com\/wp-content\/uploads\/2025\/12\/\u7c89\u788e\u673a1-225x300.jpg 225w, https:\/\/www.gigapa.com\/wp-content\/uploads\/2025\/12\/\u7c89\u788e\u673a1-768x1024.jpg 768w, https:\/\/www.gigapa.com\/wp-content\/uploads\/2025\/12\/\u7c89\u788e\u673a1-1152x1536.jpg 1152w, https:\/\/www.gigapa.com\/wp-content\/uploads\/2025\/12\/\u7c89\u788e\u673a1-1536x2048.jpg 1536w, https:\/\/www.gigapa.com\/wp-content\/uploads\/2025\/12\/\u7c89\u788e\u673a1-9x12.jpg 9w, https:\/\/www.gigapa.com\/wp-content\/uploads\/2025\/12\/\u7c89\u788e\u673a1-600x800.jpg 600w\" sizes=\"(max-width: 400px) 100vw, 400px\" \/><\/p>\n<h3 data-start=\"913\" data-end=\"931\"><strong data-start=\"915\" data-end=\"931\">Caracter\u00edsticas principales<\/strong><\/h3>\n<p data-start=\"933\" data-end=\"970\"><strong data-start=\"937\" data-end=\"970\">Dise\u00f1o compacto pero potente<\/strong><\/p>\n<p data-start=\"971\" data-end=\"1107\">La granuladora de pl\u00e1stico GSG-Q204 combina un di\u00e1metro de rotaci\u00f3n de 245 mm con un motor de 7,5 kW, ofreciendo un excelente rendimiento de corte y ahorrando espacio en el suelo.<\/p>\n<p data-start=\"1109\" data-end=\"1149\"><strong data-start=\"1113\" data-end=\"1149\">Sistema de corte de alta eficacia<\/strong><\/p>\n<p data-start=\"1150\" data-end=\"1164\">Equipado con:<\/p>\n<ul>\n<li data-start=\"1167\" data-end=\"1187\">12 cuchillas m\u00f3viles<\/li>\n<li data-start=\"1190\" data-end=\"1208\">2 cuchillas fijas<\/li>\n<li data-start=\"1211\" data-end=\"1242\">Velocidad del rodillo de corte de 580 RPM<\/li>\n<\/ul>\n<p data-start=\"1244\" data-end=\"1331\">La granuladora produce gr\u00e1nulos limpios y uniformes, ideales para el reprocesado y la elaboraci\u00f3n de compuestos.<\/p>\n<p data-start=\"1333\" data-end=\"1368\"><strong data-start=\"1337\" data-end=\"1368\">Calidad de producci\u00f3n constante<\/strong><\/p>\n<p data-start=\"1369\" data-end=\"1537\">Una abertura de malla de 20 mm garantiza un tama\u00f1o de part\u00edcula estable, lo que hace que los gr\u00e1nulos reciclados sean adecuados para el moldeo por inyecci\u00f3n, la extrusi\u00f3n o la mezcla con materiales v\u00edrgenes.<\/p>\n<p data-start=\"1539\" data-end=\"1563\"><strong data-start=\"1543\" data-end=\"1563\">Puerto de alimentaci\u00f3n ancho<\/strong><\/p>\n<p data-start=\"1564\" data-end=\"1645\">El puerto de alimentaci\u00f3n de 400 \u00d7 230 mm admite diversos materiales pl\u00e1sticos, incluidos:<\/p>\n<ul>\n<li data-start=\"1648\" data-end=\"1673\">Desechos de moldeo por inyecci\u00f3n<\/li>\n<li data-start=\"1676\" data-end=\"1702\">Bloques y grumos de pl\u00e1stico<\/li>\n<li data-start=\"1705\" data-end=\"1743\">L\u00e1minas, hojas y peque\u00f1os objetos huecos<\/li>\n<li data-start=\"1746\" data-end=\"1769\">Guarniciones y correderas<\/li>\n<\/ul>\n<p data-start=\"1771\" data-end=\"1797\"><strong data-start=\"1775\" data-end=\"1797\">F\u00e1cil mantenimiento<\/strong><\/p>\n<p data-start=\"1798\" data-end=\"1915\">La c\u00e1mara de corte est\u00e1 dise\u00f1ada para una r\u00e1pida sustituci\u00f3n y limpieza de las cuchillas, lo que reduce el tiempo de inactividad y mejora la productividad.<\/p>\n<p data-start=\"1917\" data-end=\"1947\"><strong data-start=\"1921\" data-end=\"1947\">Construcci\u00f3n duradera<\/strong><\/p>\n<p data-start=\"1948\" data-end=\"2072\">Fabricados con materiales de alta calidad e ingenier\u00eda de precisi\u00f3n, garantizan una larga vida \u00fatil en entornos industriales exigentes.<\/p>\n<h3>Detalles de manipulaci\u00f3n<\/h3>\n<p><img decoding=\"async\" class=\"alignnone wp-image-2872\" src=\"https:\/\/www.gigapa.com\/wp-content\/uploads\/2025\/12\/\u7c89\u788e\u673a\u7269\u6599-scaled.jpg\" alt=\"\" width=\"400\" height=\"533\" srcset=\"https:\/\/www.gigapa.com\/wp-content\/uploads\/2025\/12\/\u7c89\u788e\u673a\u7269\u6599-scaled.jpg 1920w, https:\/\/www.gigapa.com\/wp-content\/uploads\/2025\/12\/\u7c89\u788e\u673a\u7269\u6599-225x300.jpg 225w, https:\/\/www.gigapa.com\/wp-content\/uploads\/2025\/12\/\u7c89\u788e\u673a\u7269\u6599-768x1024.jpg 768w, https:\/\/www.gigapa.com\/wp-content\/uploads\/2025\/12\/\u7c89\u788e\u673a\u7269\u6599-1152x1536.jpg 1152w, https:\/\/www.gigapa.com\/wp-content\/uploads\/2025\/12\/\u7c89\u788e\u673a\u7269\u6599-1536x2048.jpg 1536w, https:\/\/www.gigapa.com\/wp-content\/uploads\/2025\/12\/\u7c89\u788e\u673a\u7269\u6599-9x12.jpg 9w, https:\/\/www.gigapa.com\/wp-content\/uploads\/2025\/12\/\u7c89\u788e\u673a\u7269\u6599-600x800.jpg 600w\" sizes=\"(max-width: 400px) 100vw, 400px\" \/> <img loading=\"lazy\" decoding=\"async\" class=\"alignnone wp-image-2871\" src=\"https:\/\/www.gigapa.com\/wp-content\/uploads\/2025\/12\/\u7c89\u788e\u673a\u7269\u65991-scaled.jpg\" alt=\"\" width=\"400\" height=\"533\" srcset=\"https:\/\/www.gigapa.com\/wp-content\/uploads\/2025\/12\/\u7c89\u788e\u673a\u7269\u65991-scaled.jpg 1920w, https:\/\/www.gigapa.com\/wp-content\/uploads\/2025\/12\/\u7c89\u788e\u673a\u7269\u65991-225x300.jpg 225w, https:\/\/www.gigapa.com\/wp-content\/uploads\/2025\/12\/\u7c89\u788e\u673a\u7269\u65991-768x1024.jpg 768w, https:\/\/www.gigapa.com\/wp-content\/uploads\/2025\/12\/\u7c89\u788e\u673a\u7269\u65991-1152x1536.jpg 1152w, https:\/\/www.gigapa.com\/wp-content\/uploads\/2025\/12\/\u7c89\u788e\u673a\u7269\u65991-1536x2048.jpg 1536w, https:\/\/www.gigapa.com\/wp-content\/uploads\/2025\/12\/\u7c89\u788e\u673a\u7269\u65991-9x12.jpg 9w, https:\/\/www.gigapa.com\/wp-content\/uploads\/2025\/12\/\u7c89\u788e\u673a\u7269\u65991-600x800.jpg 600w\" sizes=\"(max-width: 400px) 100vw, 400px\" \/><\/p>\n<h3 data-start=\"2425\" data-end=\"2443\"><strong data-start=\"2427\" data-end=\"2443\">Aplicaciones<\/strong><\/h3>\n<p data-start=\"2445\" data-end=\"2511\">La m\u00e1quina granuladora de pl\u00e1stico GSG-Q204 es adecuada para una amplia gama de materiales, entre los que se incluyen:<\/p>\n<ul>\n<li data-start=\"2515\" data-end=\"2546\">Pl\u00e1sticos duros (ABS, PP, PS, PE)<\/li>\n<li data-start=\"2549\" data-end=\"2581\">Pl\u00e1sticos blandos (LDPE, HDPE films)<\/li>\n<li data-start=\"2584\" data-end=\"2607\">Residuos de moldeo por inyecci\u00f3n<\/li>\n<li data-start=\"2610\" data-end=\"2628\">Muelles y correderas<\/li>\n<li data-start=\"2631\" data-end=\"2658\">L\u00e1minas y perfiles de pl\u00e1stico<\/li>\n<li data-start=\"2661\" data-end=\"2686\">Peque\u00f1os recipientes huecos<\/li>\n<li data-start=\"2689\" data-end=\"2710\">Materiales de embalaje<\/li>\n<\/ul>\n<p data-start=\"2712\" data-end=\"2731\">Perfecto para su uso en:<\/p>\n<ul>\n<li data-start=\"2734\" data-end=\"2764\">F\u00e1bricas de transformaci\u00f3n de pl\u00e1sticos<\/li>\n<li data-start=\"2767\" data-end=\"2789\">Instalaciones de reciclaje<\/li>\n<li data-start=\"2792\" data-end=\"2821\">Talleres de moldeo por inyecci\u00f3n<\/li>\n<li data-start=\"2824\" data-end=\"2850\">Plantas de recuperaci\u00f3n de materiales<\/li>\n<\/ul>","protected":false},"excerpt":{"rendered":"<p>La granuladora de pl\u00e1stico GSG-Q204 es una m\u00e1quina trituradora de alta eficiencia dise\u00f1ada para procesar restos de pl\u00e1stico, residuos de moldeo por inyecci\u00f3n, materiales de film y aplicaciones de reciclaje ligeras.<\/p>","protected":false},"featured_media":2873,"template":"","meta":{"site-sidebar-layout":"default","site-content-layout":"","ast-site-content-layout":"default","site-content-style":"default","site-sidebar-style":"default","ast-global-header-display":"","ast-banner-title-visibility":"","ast-main-header-display":"","ast-hfb-above-header-display":"","ast-hfb-below-header-display":"","ast-hfb-mobile-header-display":"","site-post-title":"","ast-breadcrumbs-content":"","ast-featured-img":"","footer-sml-layout":"","ast-disable-related-posts":"","theme-transparent-header-meta":"default","adv-header-id-meta":"","stick-header-meta":"","header-above-stick-meta":"","header-main-stick-meta":"","header-below-stick-meta":"","astra-migrate-meta-layouts":"set","ast-page-background-enabled":"default","ast-page-background-meta":{"desktop":{"background-color":"var(--ast-global-color-5)","background-image":"","background-repeat":"repeat","background-position":"center center","background-size":"auto","background-attachment":"scroll","background-type":"","background-media":"","overlay-type":"","overlay-color":"","overlay-opacity":"","overlay-gradient":""},"tablet":{"background-color":"","background-image":"","background-repeat":"repeat","background-position":"center center","background-size":"auto","background-attachment":"scroll","background-type":"","background-media":"","overlay-type":"","overlay-color":"","overlay-opacity":"","overlay-gradient":""},"mobile":{"background-color":"","background-image":"","background-repeat":"repeat","background-position":"center center","background-size":"auto","background-attachment":"scroll","background-type":"","background-media":"","overlay-type":"","overlay-color":"","overlay-opacity":"","overlay-gradient":""}},"ast-content-background-meta":{"desktop":{"background-color":"var(--ast-global-color-4)","background-image":"","background-repeat":"repeat","background-position":"center center","background-size":"auto","background-attachment":"scroll","background-type":"","background-media":"","overlay-type":"","overlay-color":"","overlay-opacity":"","overlay-gradient":""},"tablet":{"background-color":"var(--ast-global-color-4)","background-image":"","background-repeat":"repeat","background-position":"center center","background-size":"auto","background-attachment":"scroll","background-type":"","background-media":"","overlay-type":"","overlay-color":"","overlay-opacity":"","overlay-gradient":""},"mobile":{"background-color":"var(--ast-global-color-4)","background-image":"","background-repeat":"repeat","background-position":"center center","background-size":"auto","background-attachment":"scroll","background-type":"","background-media":"","overlay-type":"","overlay-color":"","overlay-opacity":"","overlay-gradient":""}}},"product_brand":[],"product_cat":[20,151],"product_tag":[178,174,176,175,177,179],"class_list":{"0":"post-2865","1":"product","2":"type-product","3":"status-publish","4":"has-post-thumbnail","6":"product_cat-shredding-and-crushing-machine","7":"product_cat-single-shaft-crusher","8":"product_tag-pet-bottle-granulator","9":"product_tag-plastic-granulator-machine","10":"product_tag-plastic-granulator-machine-for-recycling","11":"product_tag-plastic-recycling-equipment","12":"product_tag-plastic-recycling-machine","13":"product_tag-pp-pe-granulator","14":"desktop-align-left","15":"tablet-align-left","16":"mobile-align-left","18":"first","19":"instock","20":"shipping-taxable","21":"product-type-simple"},"_links":{"self":[{"href":"https:\/\/www.gigapa.com\/es\/wp-json\/wp\/v2\/product\/2865","targetHints":{"allow":["GET"]}}],"collection":[{"href":"https:\/\/www.gigapa.com\/es\/wp-json\/wp\/v2\/product"}],"about":[{"href":"https:\/\/www.gigapa.com\/es\/wp-json\/wp\/v2\/types\/product"}],"version-history":[{"count":2,"href":"https:\/\/www.gigapa.com\/es\/wp-json\/wp\/v2\/product\/2865\/revisions"}],"predecessor-version":[{"id":2886,"href":"https:\/\/www.gigapa.com\/es\/wp-json\/wp\/v2\/product\/2865\/revisions\/2886"}],"wp:featuredmedia":[{"embeddable":true,"href":"https:\/\/www.gigapa.com\/es\/wp-json\/wp\/v2\/media\/2873"}],"wp:attachment":[{"href":"https:\/\/www.gigapa.com\/es\/wp-json\/wp\/v2\/media?parent=2865"}],"wp:term":[{"taxonomy":"product_brand","embeddable":true,"href":"https:\/\/www.gigapa.com\/es\/wp-json\/wp\/v2\/product_brand?post=2865"},{"taxonomy":"product_cat","embeddable":true,"href":"https:\/\/www.gigapa.com\/es\/wp-json\/wp\/v2\/product_cat?post=2865"},{"taxonomy":"product_tag","embeddable":true,"href":"https:\/\/www.gigapa.com\/es\/wp-json\/wp\/v2\/product_tag?post=2865"}],"curies":[{"name":"wp","href":"https:\/\/api.w.org\/{rel}","templated":true}]}}