{"id":2978,"date":"2026-03-18T16:47:46","date_gmt":"2026-03-18T08:47:46","guid":{"rendered":"https:\/\/www.gigapa.com\/?post_type=product&#038;p=2978"},"modified":"2026-03-19T08:56:08","modified_gmt":"2026-03-19T00:56:08","slug":"strap-chopper","status":"publish","type":"product","link":"https:\/\/www.gigapa.com\/es\/product\/strap-chopper\/","title":{"rendered":"Cortador de correas"},"content":{"rendered":"<h3>Introducci\u00f3n del equipo:<\/h3>\n<p>Una cortadora de flejes es una m\u00e1quina de reciclaje especializada dise\u00f1ada para cortar flejes de embalaje usados en trozos peque\u00f1os para facilitar su manipulaci\u00f3n, reciclaje y eliminaci\u00f3n. Los flejes de embalaje, como los flejes de PET, los flejes de PP y los flejes de acero, se utilizan ampliamente en las industrias de log\u00edstica, almacenamiento, fabricaci\u00f3n y reciclaje. Una vez desembaladas las mercanc\u00edas, se generan grandes cantidades de residuos de flejes. Estos flejes suelen ser largos, resistentes y dif\u00edciles de almacenar o transportar con eficacia.<\/p>\n<p>La m\u00e1quina cortadora de flejes ofrece una soluci\u00f3n eficaz al cortar estos largos flejes en trozos cortos y manejables. Esto reduce significativamente el volumen de materiales de desecho, mejora la seguridad en el lugar de trabajo y simplifica el proceso de reciclaje. Muchas empresas de reciclaje, almacenes y plantas de fabricaci\u00f3n conf\u00edan en las cortadoras de fleje para mejorar la eficiencia operativa y reducir los costes de gesti\u00f3n de residuos.<\/p>\n<p><img fetchpriority=\"high\" decoding=\"async\" class=\"aligncenter wp-image-2980\" src=\"https:\/\/www.gigapa.com\/wp-content\/uploads\/2026\/03\/\u6253\u5305\u5e26\u5207\u65ad\u673a-300x300.png\" alt=\"\" width=\"500\" height=\"500\" srcset=\"https:\/\/www.gigapa.com\/wp-content\/uploads\/2026\/03\/\u6253\u5305\u5e26\u5207\u65ad\u673a-300x300.png 300w, https:\/\/www.gigapa.com\/wp-content\/uploads\/2026\/03\/\u6253\u5305\u5e26\u5207\u65ad\u673a-1024x1024.png 1024w, https:\/\/www.gigapa.com\/wp-content\/uploads\/2026\/03\/\u6253\u5305\u5e26\u5207\u65ad\u673a-150x150.png 150w, https:\/\/www.gigapa.com\/wp-content\/uploads\/2026\/03\/\u6253\u5305\u5e26\u5207\u65ad\u673a-768x768.png 768w, https:\/\/www.gigapa.com\/wp-content\/uploads\/2026\/03\/\u6253\u5305\u5e26\u5207\u65ad\u673a-12x12.png 12w, https:\/\/www.gigapa.com\/wp-content\/uploads\/2026\/03\/\u6253\u5305\u5e26\u5207\u65ad\u673a-600x600.png 600w, https:\/\/www.gigapa.com\/wp-content\/uploads\/2026\/03\/\u6253\u5305\u5e26\u5207\u65ad\u673a-100x100.png 100w, https:\/\/www.gigapa.com\/wp-content\/uploads\/2026\/03\/\u6253\u5305\u5e26\u5207\u65ad\u673a.png 1417w\" sizes=\"(max-width: 500px) 100vw, 500px\" \/><\/p>\n<div class=\"ast-oembed-container\" style=\"height: 100%;\"><iframe title=\"Cortador de correas\" width=\"500\" height=\"375\" src=\"https:\/\/www.youtube.com\/embed\/Qmj54YmInTk?feature=oembed\" frameborder=\"0\" allow=\"accelerometer; autoplay; clipboard-write; encrypted-media; gyroscope; picture-in-picture; web-share\" referrerpolicy=\"strict-origin-when-cross-origin\" allowfullscreen><\/iframe><\/div>\n<h3>Aplicaciones de la cortadora de tiras<\/h3>\n<p>Las cortadoras de flejes se utilizan ampliamente en industrias en las que los flejes de embalaje se utilizan y desechan con frecuencia.<\/p>\n<ul>\n<li><strong>Centros de reciclaje<\/strong>Las instalaciones de reciclaje manejan grandes cantidades de residuos de materiales de embalaje. Las cortadoras de flejes ayudan a procesar los flejes de pl\u00e1stico y acero en fragmentos m\u00e1s peque\u00f1os que pueden reciclarse f\u00e1cilmente.<\/li>\n<li><strong>Almacenes y centros log\u00edsticos<\/strong>Los grandes almacenes manejan a menudo mercanc\u00edas paletizadas sujetas con flejes de pl\u00e1stico o acero. Una cortadora de flejes ayuda a gestionar estos residuos de forma eficiente.<\/li>\n<li><strong>Plantas de fabricaci\u00f3n<\/strong>Los fabricantes suelen utilizar flejes para asegurar los productos acabados durante el almacenamiento y el transporte. Las cortadoras de fleje ayudan a gestionar el gran volumen de flejes desechados que se generan a diario.<\/li>\n<li><strong>Instalaciones de tratamiento de chatarra<\/strong>En los almacenes de chatarra y las plantas de reciclaje de metales, es habitual encontrar flejes de acero entre los materiales de desecho. Una cortadora de flejes puede procesar r\u00e1pidamente estos flejes antes de su posterior reciclaje.<\/li>\n<li><strong>Centros de distribuci\u00f3n<\/strong>Los centros de distribuci\u00f3n desembalan diariamente grandes vol\u00famenes de mercanc\u00edas, lo que produce una cantidad significativa de residuos de embalaje. Las picadoras de fleje simplifican la gesti\u00f3n de residuos y mejoran la organizaci\u00f3n del lugar de trabajo.<\/li>\n<\/ul>\n<h3>Par\u00e1metros del modelo:<\/h3>\n<table>\n<tbody>\n<tr>\n<td width=\"222\">Modelo<\/td>\n<td width=\"133\">GSG-SC203<\/td>\n<\/tr>\n<tr>\n<td width=\"222\">Tama\u00f1o de la abertura de alimentaci\u00f3n (An\u00d7Al) (mm)<\/td>\n<td width=\"133\">52\u00d74<\/td>\n<\/tr>\n<tr>\n<td width=\"222\">N\u00famero de aperturas de alimentaci\u00f3n (PCS)<\/td>\n<td width=\"133\">5<\/td>\n<\/tr>\n<tr>\n<td width=\"222\">Di\u00e1metro de oscilaci\u00f3n (mm)<\/td>\n<td width=\"133\">\u03a6200<\/td>\n<\/tr>\n<tr>\n<td width=\"222\">Potencia del motor (kW)<\/td>\n<td width=\"133\">1.5<\/td>\n<\/tr>\n<tr>\n<td width=\"222\">Dimensiones (L\u00d7A\u00d7H) (mm)<\/td>\n<td width=\"133\">1160\u00d71150\u00d71700<\/td>\n<\/tr>\n<tr>\n<td width=\"222\">Peso total (kg)<\/td>\n<td width=\"133\">Aproximadamente 320<\/td>\n<\/tr>\n<\/tbody>\n<\/table>\n<h3>Caracter\u00edsticas principales de Strap Chopper<\/h3>\n<ol>\n<li><strong>Rendimiento de corte eficiente<\/strong>La cortadora de flejes est\u00e1 equipada con cuchillas de corte de alta resistencia dise\u00f1adas para cortar r\u00e1pidamente flejes de pl\u00e1stico o acero. El potente mecanismo de corte garantiza un procesamiento suave y continuo, mejorando la productividad.<\/li>\n<li><strong>Estructura compacta<\/strong>La mayor\u00eda de las m\u00e1quinas cortadoras de flejes presentan un dise\u00f1o compacto, lo que las hace adecuadas para su instalaci\u00f3n en almacenes, centros de reciclaje e instalaciones de envasado donde el espacio puede ser limitado.<\/li>\n<li><strong>Alta durabilidad<\/strong>Los materiales de calidad industrial y las cuchillas de corte endurecidas garantizan una larga vida \u00fatil. La m\u00e1quina es capaz de manipular grandes vol\u00famenes de flejes de residuos sin necesidad de mantenimiento frecuente.<\/li>\n<li><strong>F\u00e1cil manejo<\/strong>La cortadora de flejes est\u00e1 dise\u00f1ada con controles f\u00e1ciles de usar. Los operarios solo tienen que introducir los flejes usados en la m\u00e1quina y el sistema los trocea autom\u00e1ticamente.<\/li>\n<li><strong>Protecci\u00f3n de la seguridad<\/strong>Elementos de seguridad como cubiertas protectoras, botones de parada de emergencia y sistemas de desconexi\u00f3n autom\u00e1tica contribuyen a garantizar un funcionamiento seguro.<\/li>\n<li>\u00a0<strong>Reducci\u00f3n del volumen de residuos<\/strong>Al cortar flejes largos en trozos peque\u00f1os, la m\u00e1quina reduce en gran medida el espacio de almacenamiento necesario para los flejes de desecho. Esto hace que el transporte y el reciclaje sean m\u00e1s eficientes.<\/li>\n<\/ol>\n<h3><strong><b>Ventajas de utilizar una cortadora de tiras<\/b><\/strong><\/h3>\n<ul>\n<li><strong><b>Mejora de la seguridad en el trabajo: <\/b><\/strong>Las correas largas tiradas por las zonas de trabajo pueden provocar tropezones o lesiones. Cortarlas en trozos peque\u00f1os ayuda a mantener un entorno de trabajo m\u00e1s limpio y seguro.<\/li>\n<li><strong><b>Mayor reciclado\u00a0<\/b><\/strong><strong>Eficiencia: <\/strong>Procesar las correas en trozos m\u00e1s peque\u00f1os facilita su almacenamiento, transporte y reciclaje.<\/li>\n<li><strong><b>Reducci\u00f3n de la manipulaci\u00f3n de residuos\u00a0<\/b><\/strong><strong>Costes: <\/strong>Al reducir el volumen de tiras de residuos, las empresas pueden disminuir los costes de almacenamiento y transporte asociados a la gesti\u00f3n de residuos.<\/li>\n<li><strong><b>Medio ambiente\u00a0<\/b><\/strong><strong>Amigable:\u00a0<\/strong>El reciclaje de flejes de pl\u00e1stico y acero contribuye a la protecci\u00f3n del medio ambiente al reducir los residuos de los vertederos y fomentar la reutilizaci\u00f3n de materiales.<\/li>\n<li><strong><b>Mayor operatividad\u00a0<\/b><\/strong><strong>Eficiencia: <\/strong>La picadora de flejes permite a las empresas procesar los residuos de envases de forma r\u00e1pida y eficaz, ahorrando mano de obra y tiempo.<\/li>\n<\/ul>\n<h3><strong><b>Conclusi\u00f3n<\/b><\/strong><\/h3>\n<p>La cortadora de flejes es una m\u00e1quina esencial para las empresas que manejan grandes vol\u00famenes de flejes de embalaje. Al cortar eficazmente los flejes de pl\u00e1stico y acero en trozos peque\u00f1os, la m\u00e1quina mejora la gesti\u00f3n de residuos, aumenta la seguridad en el lugar de trabajo y apoya los esfuerzos de reciclaje.<\/p>\n<p>Gracias a su construcci\u00f3n duradera, f\u00e1cil manejo y gran eficacia, la cortadora de fleje se ha convertido en una valiosa herramienta en centros de reciclaje, almacenes, plantas de fabricaci\u00f3n e instalaciones log\u00edsticas.<\/p>\n<p>A medida que las industrias sigan centr\u00e1ndose en la sostenibilidad y la reducci\u00f3n de residuos, la demanda de equipos eficientes de reciclaje de flejes seguir\u00e1 creciendo. Invertir en una troceadora de flejes de alta calidad ayuda a las empresas a mejorar la eficiencia operativa al tiempo que contribuye a una gesti\u00f3n de residuos responsable con el medio ambiente.<\/p>","protected":false},"excerpt":{"rendered":"<p>Una cortadora de flejes es una m\u00e1quina compacta y eficaz dise\u00f1ada para cortar flejes usados de PP, PET y acero en trozos peque\u00f1os para facilitar su manipulaci\u00f3n y reciclaje. Ayuda a reducir el volumen de residuos, mejorar la seguridad en el lugar de trabajo y agilizar la eliminaci\u00f3n de flejes en almacenes, centros de reciclaje e instalaciones de fabricaci\u00f3n. Con cuchillas duraderas, un rendimiento estable y un funcionamiento sencillo, la cortadora de flejes es una soluci\u00f3n ideal para una gesti\u00f3n eficaz de los residuos de envases.<\/p>","protected":false},"featured_media":2981,"template":"","meta":{"site-sidebar-layout":"default","site-content-layout":"","ast-site-content-layout":"default","site-content-style":"default","site-sidebar-style":"default","ast-global-header-display":"","ast-banner-title-visibility":"","ast-main-header-display":"","ast-hfb-above-header-display":"","ast-hfb-below-header-display":"","ast-hfb-mobile-header-display":"","site-post-title":"","ast-breadcrumbs-content":"","ast-featured-img":"","footer-sml-layout":"","ast-disable-related-posts":"","theme-transparent-header-meta":"default","adv-header-id-meta":"","stick-header-meta":"","header-above-stick-meta":"","header-main-stick-meta":"","header-below-stick-meta":"","astra-migrate-meta-layouts":"set","ast-page-background-enabled":"default","ast-page-background-meta":{"desktop":{"background-color":"var(--ast-global-color-5)","background-image":"","background-repeat":"repeat","background-position":"center center","background-size":"auto","background-attachment":"scroll","background-type":"","background-media":"","overlay-type":"","overlay-color":"","overlay-opacity":"","overlay-gradient":""},"tablet":{"background-color":"","background-image":"","background-repeat":"repeat","background-position":"center center","background-size":"auto","background-attachment":"scroll","background-type":"","background-media":"","overlay-type":"","overlay-color":"","overlay-opacity":"","overlay-gradient":""},"mobile":{"background-color":"","background-image":"","background-repeat":"repeat","background-position":"center center","background-size":"auto","background-attachment":"scroll","background-type":"","background-media":"","overlay-type":"","overlay-color":"","overlay-opacity":"","overlay-gradient":""}},"ast-content-background-meta":{"desktop":{"background-color":"var(--ast-global-color-4)","background-image":"","background-repeat":"repeat","background-position":"center center","background-size":"auto","background-attachment":"scroll","background-type":"","background-media":"","overlay-type":"","overlay-color":"","overlay-opacity":"","overlay-gradient":""},"tablet":{"background-color":"var(--ast-global-color-4)","background-image":"","background-repeat":"repeat","background-position":"center center","background-size":"auto","background-attachment":"scroll","background-type":"","background-media":"","overlay-type":"","overlay-color":"","overlay-opacity":"","overlay-gradient":""},"mobile":{"background-color":"var(--ast-global-color-4)","background-image":"","background-repeat":"repeat","background-position":"center center","background-size":"auto","background-attachment":"scroll","background-type":"","background-media":"","overlay-type":"","overlay-color":"","overlay-opacity":"","overlay-gradient":""}}},"product_brand":[],"product_cat":[20],"product_tag":[171,169,167,170,168,164,172,165,166],"class_list":{"0":"post-2978","1":"product","2":"type-product","3":"status-publish","4":"has-post-thumbnail","6":"product_cat-shredding-and-crushing-machine","7":"product_tag-automatic-strap-chopper","8":"product_tag-pet-strap-chopper","9":"product_tag-plastic-strap-chopper","10":"product_tag-pp-strap-cutter","11":"product_tag-steel-strap-chopper","12":"product_tag-strap-chopper","13":"product_tag-strap-chopper-machine-for-recycling","14":"product_tag-strap-cutting-machine","15":"product_tag-strap-shredder","16":"desktop-align-left","17":"tablet-align-left","18":"mobile-align-left","20":"first","21":"instock","22":"shipping-taxable","23":"product-type-simple"},"_links":{"self":[{"href":"https:\/\/www.gigapa.com\/es\/wp-json\/wp\/v2\/product\/2978","targetHints":{"allow":["GET"]}}],"collection":[{"href":"https:\/\/www.gigapa.com\/es\/wp-json\/wp\/v2\/product"}],"about":[{"href":"https:\/\/www.gigapa.com\/es\/wp-json\/wp\/v2\/types\/product"}],"version-history":[{"count":1,"href":"https:\/\/www.gigapa.com\/es\/wp-json\/wp\/v2\/product\/2978\/revisions"}],"predecessor-version":[{"id":2984,"href":"https:\/\/www.gigapa.com\/es\/wp-json\/wp\/v2\/product\/2978\/revisions\/2984"}],"wp:featuredmedia":[{"embeddable":true,"href":"https:\/\/www.gigapa.com\/es\/wp-json\/wp\/v2\/media\/2981"}],"wp:attachment":[{"href":"https:\/\/www.gigapa.com\/es\/wp-json\/wp\/v2\/media?parent=2978"}],"wp:term":[{"taxonomy":"product_brand","embeddable":true,"href":"https:\/\/www.gigapa.com\/es\/wp-json\/wp\/v2\/product_brand?post=2978"},{"taxonomy":"product_cat","embeddable":true,"href":"https:\/\/www.gigapa.com\/es\/wp-json\/wp\/v2\/product_cat?post=2978"},{"taxonomy":"product_tag","embeddable":true,"href":"https:\/\/www.gigapa.com\/es\/wp-json\/wp\/v2\/product_tag?post=2978"}],"curies":[{"name":"wp","href":"https:\/\/api.w.org\/{rel}","templated":true}]}}