{"id":855,"date":"2025-05-06T16:32:50","date_gmt":"2025-05-06T08:32:50","guid":{"rendered":"https:\/\/gigapa.com\/?post_type=product&#038;p=855"},"modified":"2025-12-02T13:55:31","modified_gmt":"2025-12-02T05:55:31","slug":"single-shaft-crushers","status":"publish","type":"product","link":"https:\/\/www.gigapa.com\/es\/product\/single-shaft-crushers\/","title":{"rendered":"Trituradoras monoeje GSG-M"},"content":{"rendered":"<h3>Introducci\u00f3n del equipo:<\/h3>\n<p>Una trituradora de un solo eje, tambi\u00e9n conocida como granuladora de un solo eje. Las cuchillas giratorias de alta velocidad de la trituradora de un solo eje cortan continuamente contra las cuchillas fijas hasta que el tama\u00f1o del material se reduce lo suficiente como para pasar a trav\u00e9s de la abertura m\u00e1s peque\u00f1a de la malla de la criba. Debido a su alta velocidad de rotaci\u00f3n y al peque\u00f1o tama\u00f1o de la malla de la criba, se suele utilizar como m\u00e9todo de trituraci\u00f3n secundario. Los gr\u00e1nulos m\u00e1s peque\u00f1os y uniformes son beneficiosos para el funcionamiento de equipos posteriores como los granuladores. El uso de un dispositivo de descarga por aire puede resolver eficazmente el problema del gran espacio ocupado por las cintas transportadoras, y la posici\u00f3n de descarga final es m\u00e1s flexible. Debido a estas ventajas, la trituradora de un solo eje se utiliza ampliamente en la industria del reciclaje de recursos que requieren una alta calidad de las part\u00edculas.<\/p>\n<div class=\"ast-oembed-container\" style=\"height: 100%;\"><iframe title=\"1TP5 Trituradora de pl\u00e1stico 1TP5 Granulador de pl\u00e1stico\" width=\"422\" height=\"750\" src=\"https:\/\/www.youtube.com\/embed\/4GzPAiCfg3Y?feature=oembed\" frameborder=\"0\" allow=\"accelerometer; autoplay; clipboard-write; encrypted-media; gyroscope; picture-in-picture; web-share\" referrerpolicy=\"strict-origin-when-cross-origin\" allowfullscreen><\/iframe><\/div>\n<h3>\u00c1mbito de aplicaci\u00f3n:<\/h3>\n<table style=\"border-collapse: collapse; width: 1402px; height: 349px;\" border=\"0\" width=\"1563\" cellspacing=\"0\" cellpadding=\"0\">\n<tbody>\n<tr style=\"height: 13.50pt;\">\n<td style=\"height: 13.50pt; width: 155.25pt;\" width=\"207\" height=\"18\">Pl\u00e1sticos<\/td>\n<td style=\"width: 1017.00pt;\" width=\"1356\">Moldeo por inyecci\u00f3n, extrusi\u00f3n, soplado y otros pl\u00e1sticos en general; conos de tr\u00e1fico, carcasas de peque\u00f1os electrodom\u00e9sticos, botellas de bebidas, bolsas tejidas y otros productos de pl\u00e1stico.<\/td>\n<\/tr>\n<tr style=\"height: 13.50pt;\">\n<td style=\"height: 13.50pt;\" height=\"18\">Madera<\/td>\n<td>Residuos de madera, restos de madera, moldes de madera, pal\u00e9s de madera, puertas de madera, mesas de madera, sillas de madera, etc.<\/td>\n<\/tr>\n<tr style=\"height: 13.50pt;\">\n<td style=\"height: 13.50pt;\" height=\"18\">Goma<\/td>\n<td>Caucho de neum\u00e1ticos, caucho reciclado, bandas de sellado, etc.<\/td>\n<\/tr>\n<tr style=\"height: 13.50pt;\">\n<td style=\"height: 13.50pt;\" height=\"18\">Papel<\/td>\n<td>Papel de documentos, papel de envolver, cart\u00f3n, libros, etc.<\/td>\n<\/tr>\n<tr style=\"height: 13.50pt;\">\n<td style=\"height: 13.50pt;\" height=\"18\">Tela y cuero<\/td>\n<td>Restos de cuero, tejidos sint\u00e9ticos, alfombras, ropa, cortinas, etc.<\/td>\n<\/tr>\n<tr style=\"height: 13.50pt;\">\n<td style=\"height: 13.50pt;\" height=\"18\">Otros<\/td>\n<td>Placas de circuitos, hilos, cables, esponja, espuma, l\u00e1tex, fibra de vidrio, etc.<\/td>\n<\/tr>\n<\/tbody>\n<\/table>\n<h3>Par\u00e1metros del modelo:<\/h3>\n<table style=\"border-collapse: collapse; width: 1344px; height: 429px;\" border=\"0\" width=\"1103\" cellspacing=\"0\" cellpadding=\"0\">\n<tbody>\n<tr style=\"height: 13.50pt;\">\n<td class=\"et2\" style=\"height: 13.50pt; width: 155.25pt;\" width=\"207\" height=\"18\">Modelo<\/td>\n<td class=\"et2\" style=\"width: 153.00pt;\" width=\"204\">GSG-M806<\/td>\n<td class=\"et2\" style=\"width: 97.50pt;\" width=\"130\">GSG-M808<\/td>\n<td class=\"et2\" style=\"width: 111.00pt;\" width=\"148\">GSG-M408<\/td>\n<td class=\"et2\" style=\"width: 102.00pt;\" width=\"136\">GSG-M508<\/td>\n<td class=\"et2\" style=\"width: 100.50pt;\" width=\"134\">GSG-M512<\/td>\n<td class=\"et2\" style=\"width: 108.00pt;\" width=\"144\">GSG-M612<\/td>\n<\/tr>\n<tr style=\"height: 13.50pt;\">\n<td class=\"et2\" style=\"height: 13.50pt;\" height=\"18\">Di\u00e1metro de oscilaci\u00f3n (mm)<\/td>\n<td class=\"et2\">\u03c6320<\/td>\n<td class=\"et2\">\u03c6320<\/td>\n<td class=\"et2\">\u03c6420<\/td>\n<td class=\"et2\">\u03c6520<\/td>\n<td class=\"et2\">\u03c6520<\/td>\n<td class=\"et2\">\u03c6660<\/td>\n<\/tr>\n<tr style=\"height: 13.50pt;\">\n<td class=\"et2\" style=\"height: 13.50pt;\" height=\"18\">Longitud del rodillo (mm)<\/td>\n<td class=\"et2\">600<\/td>\n<td class=\"et2\">800<\/td>\n<td class=\"et2\">800<\/td>\n<td class=\"et2\">800<\/td>\n<td class=\"et2\">1200<\/td>\n<td class=\"et2\">1200<\/td>\n<\/tr>\n<tr style=\"height: 13.50pt;\">\n<td class=\"et2\" style=\"height: 13.50pt;\" height=\"18\">Apertura de malla (mm)<\/td>\n<td class=\"et2\">\u03c612<\/td>\n<td class=\"et2\">\u03c612<\/td>\n<td class=\"et2\">\u03c612<\/td>\n<td class=\"et2\">\u03c612<\/td>\n<td class=\"et2\">\u03c612<\/td>\n<td class=\"et2\">\u03c612<\/td>\n<\/tr>\n<tr style=\"height: 13.50pt;\">\n<td class=\"et2\" style=\"height: 13.50pt;\" height=\"18\">Potencia del motor (kW)<\/td>\n<td class=\"et2\">22<\/td>\n<td class=\"et2\">30<\/td>\n<td class=\"et2\">37<\/td>\n<td class=\"et2\">45<\/td>\n<td class=\"et2\">75<\/td>\n<td class=\"et2\">90<\/td>\n<\/tr>\n<tr style=\"height: 13.50pt;\">\n<td class=\"et2\" style=\"height: 13.50pt;\" height=\"18\">Dimensiones (L-A-H)(mm)<\/td>\n<td class=\"et2\">1400\u00d71180\u00d72220<\/td>\n<td class=\"et2\">1400\u00d71380\u00d72220<\/td>\n<td class=\"et2\">1580\u00d71450\u00d72310<\/td>\n<td class=\"et2\">2170\u00d71780\u00d73100<\/td>\n<td class=\"et2\">2170\u00d72180\u00d73100<\/td>\n<td class=\"et2\">2490\u00d72280\u00d73350<\/td>\n<\/tr>\n<tr style=\"height: 13.50pt;\">\n<td class=\"et2\" style=\"height: 13.50pt;\" height=\"18\">Peso total (kg)<\/td>\n<td class=\"et2\">Aproximadamente 1500<\/td>\n<td class=\"et2\">Aproximadamente 1800<\/td>\n<td class=\"et2\">Aproximadamente 3100<\/td>\n<td class=\"et2\">Aproximadamente 4300<\/td>\n<td class=\"et2\">Aproximadamente 5400<\/td>\n<td class=\"et2\">Aproximadamente 7200<\/td>\n<\/tr>\n<\/tbody>\n<\/table>\n<p>Los modelos anteriores son modelos universales est\u00e1ndar. Si necesita otros modelos, p\u00f3ngase en contacto con nuestro personal, y tambi\u00e9n podemos ofrecer servicios personalizados seg\u00fan sus necesidades.<\/p>\n<h3>Aspectos t\u00e9cnicos destacados:<\/h3>\n<p>1. Alta fiabilidad<br \/>\nSe utilizan rodamientos de alta velocidad con un alto factor de seguridad, lo que hace que los rodamientos sean m\u00e1s estables y duraderos.<\/p>\n<p>2. Buena econom\u00eda<br \/>\nTanto las cuchillas m\u00f3viles como las fijas pueden rectificarse varias veces, lo que reduce eficazmente el coste de las piezas de desgaste.<\/p>\n<p>3. Excelente mantenibilidad<br \/>\nEl dise\u00f1o de caja dividida est\u00e1 equipado con un mecanismo de apertura y cierre que hace que el mantenimiento sea sencillo, eficaz y seguro.<\/p>\n<p><img fetchpriority=\"high\" decoding=\"async\" class=\"alignnone wp-image-1002\" title=\"Trituradoras monoeje\" src=\"https:\/\/www.gigapa.com\/wp-content\/uploads\/2025\/05\/\u5e9f\u8f6e\u80ce\u7834\u788e.jpg\" alt=\"Trituradoras monoeje\" width=\"500\" height=\"314\" srcset=\"https:\/\/www.gigapa.com\/wp-content\/uploads\/2025\/05\/\u5e9f\u8f6e\u80ce\u7834\u788e.jpg 1034w, https:\/\/www.gigapa.com\/wp-content\/uploads\/2025\/05\/\u5e9f\u8f6e\u80ce\u7834\u788e-300x188.jpg 300w, https:\/\/www.gigapa.com\/wp-content\/uploads\/2025\/05\/\u5e9f\u8f6e\u80ce\u7834\u788e-1024x643.jpg 1024w, https:\/\/www.gigapa.com\/wp-content\/uploads\/2025\/05\/\u5e9f\u8f6e\u80ce\u7834\u788e-768x482.jpg 768w, https:\/\/www.gigapa.com\/wp-content\/uploads\/2025\/05\/\u5e9f\u8f6e\u80ce\u7834\u788e-600x377.jpg 600w\" sizes=\"(max-width: 500px) 100vw, 500px\" \/> <img decoding=\"async\" class=\"alignnone wp-image-1003\" title=\"Trituradoras monoeje\" src=\"https:\/\/www.gigapa.com\/wp-content\/uploads\/2025\/05\/\u5e9f\u5851\u6599\u7834\u788e.jpg\" alt=\"Trituradoras monoeje\" width=\"500\" height=\"314\" srcset=\"https:\/\/www.gigapa.com\/wp-content\/uploads\/2025\/05\/\u5e9f\u5851\u6599\u7834\u788e.jpg 1034w, https:\/\/www.gigapa.com\/wp-content\/uploads\/2025\/05\/\u5e9f\u5851\u6599\u7834\u788e-300x188.jpg 300w, https:\/\/www.gigapa.com\/wp-content\/uploads\/2025\/05\/\u5e9f\u5851\u6599\u7834\u788e-1024x643.jpg 1024w, https:\/\/www.gigapa.com\/wp-content\/uploads\/2025\/05\/\u5e9f\u5851\u6599\u7834\u788e-768x482.jpg 768w, https:\/\/www.gigapa.com\/wp-content\/uploads\/2025\/05\/\u5e9f\u5851\u6599\u7834\u788e-600x377.jpg 600w\" sizes=\"(max-width: 500px) 100vw, 500px\" \/><\/p>\n<p><img decoding=\"async\" class=\"alignnone wp-image-1004\" title=\"Trituradoras monoeje\" src=\"https:\/\/www.gigapa.com\/wp-content\/uploads\/2025\/05\/\u5e9f\u7eb8\u7834\u788e.jpg\" alt=\"Trituradoras monoeje\" width=\"500\" height=\"314\" srcset=\"https:\/\/www.gigapa.com\/wp-content\/uploads\/2025\/05\/\u5e9f\u7eb8\u7834\u788e.jpg 1034w, https:\/\/www.gigapa.com\/wp-content\/uploads\/2025\/05\/\u5e9f\u7eb8\u7834\u788e-300x188.jpg 300w, https:\/\/www.gigapa.com\/wp-content\/uploads\/2025\/05\/\u5e9f\u7eb8\u7834\u788e-1024x643.jpg 1024w, https:\/\/www.gigapa.com\/wp-content\/uploads\/2025\/05\/\u5e9f\u7eb8\u7834\u788e-768x482.jpg 768w, https:\/\/www.gigapa.com\/wp-content\/uploads\/2025\/05\/\u5e9f\u7eb8\u7834\u788e-600x377.jpg 600w\" sizes=\"(max-width: 500px) 100vw, 500px\" \/> <img loading=\"lazy\" decoding=\"async\" class=\"alignnone wp-image-1005\" title=\"Trituradoras monoeje\" src=\"https:\/\/www.gigapa.com\/wp-content\/uploads\/2025\/05\/\u6d77\u7ef5\u7834\u788e.jpg\" alt=\"Trituradoras monoeje\" width=\"500\" height=\"314\" srcset=\"https:\/\/www.gigapa.com\/wp-content\/uploads\/2025\/05\/\u6d77\u7ef5\u7834\u788e.jpg 1034w, https:\/\/www.gigapa.com\/wp-content\/uploads\/2025\/05\/\u6d77\u7ef5\u7834\u788e-300x188.jpg 300w, https:\/\/www.gigapa.com\/wp-content\/uploads\/2025\/05\/\u6d77\u7ef5\u7834\u788e-1024x643.jpg 1024w, https:\/\/www.gigapa.com\/wp-content\/uploads\/2025\/05\/\u6d77\u7ef5\u7834\u788e-768x482.jpg 768w, https:\/\/www.gigapa.com\/wp-content\/uploads\/2025\/05\/\u6d77\u7ef5\u7834\u788e-600x377.jpg 600w\" sizes=\"(max-width: 500px) 100vw, 500px\" \/><\/p>\n<h3>Principio de funcionamiento<\/h3>\n<p data-start=\"449\" data-end=\"476\"><strong>1. Alimentaci\u00f3n de material<\/strong><\/p>\n<ul>\n<li data-start=\"479\" data-end=\"701\">Entrada de material: El material se introduce en la c\u00e1mara de trituraci\u00f3n de la trituradora a trav\u00e9s de una entrada. Dependiendo del dise\u00f1o, los materiales pueden introducirse manual o autom\u00e1ticamente en la m\u00e1quina mediante una cinta transportadora u otros dispositivos.<\/li>\n<li data-start=\"704\" data-end=\"841\">Materiales aplicables: Esta trituradora puede manipular una gran variedad de materiales como pl\u00e1sticos, caucho, residuos electr\u00f3nicos, metales, madera, papel, etc.<\/li>\n<\/ul>\n<p data-start=\"843\" data-end=\"894\"><strong>2. Corte y trituraci\u00f3n mediante cuchillas giratorias<\/strong><\/p>\n<ul>\n<li data-start=\"897\" data-end=\"1114\">Cuchillas giratorias: La trituradora de un solo eje est\u00e1 equipada con un eje principal que acciona m\u00faltiples cuchillas resistentes. El eje principal suele estar accionado por un motor el\u00e9ctrico, lo que hace que las palas giren a gran velocidad.<\/li>\n<li data-start=\"1117\" data-end=\"1341\">Acci\u00f3n de cizallamiento: Cuando el material entra en la c\u00e1mara de trituraci\u00f3n, las cuchillas giratorias entran en contacto con el material. Las cuchillas aplican una fuerza de corte, desgarro y compresi\u00f3n para romper el material en part\u00edculas m\u00e1s peque\u00f1as.<\/li>\n<li data-start=\"1344\" data-end=\"1575\">Interacci\u00f3n entre el material y las cuchillas: El material es empujado hacia la zona de las cuchillas, donde \u00e9stas lo cortan y trituran r\u00e1pidamente. El movimiento relativo de las cuchillas contra el material crea fuertes fuerzas de corte y trituraci\u00f3n.<\/li>\n<\/ul>\n<p data-start=\"1577\" data-end=\"1610\"><strong>3. Trituraci\u00f3n y cribado<\/strong><\/p>\n<ul>\n<li data-start=\"1613\" data-end=\"1868\">Proceso de trituraci\u00f3n: A medida que el material pasa a trav\u00e9s de las cuchillas, se tritura y desmenuza r\u00e1pidamente. A continuaci\u00f3n, el material triturado sale de la c\u00e1mara y pasa por una criba o se somete a una nueva trituraci\u00f3n para un procesamiento m\u00e1s fino.<\/li>\n<li data-start=\"1871\" data-end=\"2207\">Funci\u00f3n de cribado: Algunos modelos de la trituradora de un solo eje est\u00e1n equipados con cribas para controlar el tama\u00f1o del material triturado. El material debe pasar por la criba y, si el tama\u00f1o de las part\u00edculas cumple las especificaciones requeridas, se expulsa. En caso contrario, el material vuelve a entrar en la c\u00e1mara de trituraci\u00f3n para seguir reduci\u00e9ndose.<\/li>\n<\/ul>\n<p data-start=\"2209\" data-end=\"2235\"><strong>4. Salida de material<\/strong><\/p>\n<ul>\n<li data-start=\"2238\" data-end=\"2512\">Part\u00edculas trituradas: El material es continuamente triturado y machacado por las cuchillas giratorias y es expulsado de la trituradora a trav\u00e9s de la salida. Debido a la acci\u00f3n de corte y trituraci\u00f3n a alta velocidad, la salida resultante suele ser en forma de part\u00edculas m\u00e1s peque\u00f1as y uniformes.<\/li>\n<li data-start=\"2515\" data-end=\"2744\">Tama\u00f1o de las part\u00edculas: El tama\u00f1o final de las part\u00edculas depende del dise\u00f1o de la cuchilla, de la dureza del material y de las condiciones de funcionamiento. Si se necesitan part\u00edculas m\u00e1s peque\u00f1as, se puede ajustar la precisi\u00f3n de la cuchilla o afinar los ajustes operativos.<\/li>\n<\/ul>","protected":false},"excerpt":{"rendered":"<p>Las trituradoras monoeje se utilizan principalmente para pl\u00e1sticos - pl\u00e1sticos en general, como moldeo por inyecci\u00f3n, extrusi\u00f3n, pel\u00edcula soplada, troqueles, etc.; cables - cables con n\u00facleo de cobre, cables con n\u00facleo de aluminio y cables compuestos; aluminio - latas, virutas de aluminio, etc.<\/p>","protected":false},"featured_media":754,"template":"","meta":{"site-sidebar-layout":"default","site-content-layout":"","ast-site-content-layout":"default","site-content-style":"default","site-sidebar-style":"default","ast-global-header-display":"","ast-banner-title-visibility":"","ast-main-header-display":"","ast-hfb-above-header-display":"","ast-hfb-below-header-display":"","ast-hfb-mobile-header-display":"","site-post-title":"","ast-breadcrumbs-content":"","ast-featured-img":"","footer-sml-layout":"","ast-disable-related-posts":"","theme-transparent-header-meta":"default","adv-header-id-meta":"","stick-header-meta":"","header-above-stick-meta":"","header-main-stick-meta":"","header-below-stick-meta":"","astra-migrate-meta-layouts":"set","ast-page-background-enabled":"default","ast-page-background-meta":{"desktop":{"background-color":"var(--ast-global-color-5)","background-image":"","background-repeat":"repeat","background-position":"center center","background-size":"auto","background-attachment":"scroll","background-type":"","background-media":"","overlay-type":"","overlay-color":"","overlay-opacity":"","overlay-gradient":""},"tablet":{"background-color":"","background-image":"","background-repeat":"repeat","background-position":"center center","background-size":"auto","background-attachment":"scroll","background-type":"","background-media":"","overlay-type":"","overlay-color":"","overlay-opacity":"","overlay-gradient":""},"mobile":{"background-color":"","background-image":"","background-repeat":"repeat","background-position":"center center","background-size":"auto","background-attachment":"scroll","background-type":"","background-media":"","overlay-type":"","overlay-color":"","overlay-opacity":"","overlay-gradient":""}},"ast-content-background-meta":{"desktop":{"background-color":"var(--ast-global-color-4)","background-image":"","background-repeat":"repeat","background-position":"center center","background-size":"auto","background-attachment":"scroll","background-type":"","background-media":"","overlay-type":"","overlay-color":"","overlay-opacity":"","overlay-gradient":""},"tablet":{"background-color":"var(--ast-global-color-4)","background-image":"","background-repeat":"repeat","background-position":"center center","background-size":"auto","background-attachment":"scroll","background-type":"","background-media":"","overlay-type":"","overlay-color":"","overlay-opacity":"","overlay-gradient":""},"mobile":{"background-color":"var(--ast-global-color-4)","background-image":"","background-repeat":"repeat","background-position":"center center","background-size":"auto","background-attachment":"scroll","background-type":"","background-media":"","overlay-type":"","overlay-color":"","overlay-opacity":"","overlay-gradient":""}}},"product_brand":[],"product_cat":[20,151],"product_tag":[57,59,61,60,58],"class_list":{"0":"post-855","1":"product","2":"type-product","3":"status-publish","4":"has-post-thumbnail","6":"product_cat-shredding-and-crushing-machine","7":"product_cat-single-shaft-crusher","8":"product_tag-china-single-shaft-crusher-factory","9":"product_tag-single-shaft-crusher-machine","10":"product_tag-single-shaft-crusher-machine-price","11":"product_tag-single-shaft-metal-crusher-machine","12":"product_tag-single-shaft-waste-plastic-crusher","13":"desktop-align-left","14":"tablet-align-left","15":"mobile-align-left","17":"first","18":"instock","19":"shipping-taxable","20":"product-type-simple"},"_links":{"self":[{"href":"https:\/\/www.gigapa.com\/es\/wp-json\/wp\/v2\/product\/855","targetHints":{"allow":["GET"]}}],"collection":[{"href":"https:\/\/www.gigapa.com\/es\/wp-json\/wp\/v2\/product"}],"about":[{"href":"https:\/\/www.gigapa.com\/es\/wp-json\/wp\/v2\/types\/product"}],"version-history":[{"count":12,"href":"https:\/\/www.gigapa.com\/es\/wp-json\/wp\/v2\/product\/855\/revisions"}],"predecessor-version":[{"id":2833,"href":"https:\/\/www.gigapa.com\/es\/wp-json\/wp\/v2\/product\/855\/revisions\/2833"}],"wp:featuredmedia":[{"embeddable":true,"href":"https:\/\/www.gigapa.com\/es\/wp-json\/wp\/v2\/media\/754"}],"wp:attachment":[{"href":"https:\/\/www.gigapa.com\/es\/wp-json\/wp\/v2\/media?parent=855"}],"wp:term":[{"taxonomy":"product_brand","embeddable":true,"href":"https:\/\/www.gigapa.com\/es\/wp-json\/wp\/v2\/product_brand?post=855"},{"taxonomy":"product_cat","embeddable":true,"href":"https:\/\/www.gigapa.com\/es\/wp-json\/wp\/v2\/product_cat?post=855"},{"taxonomy":"product_tag","embeddable":true,"href":"https:\/\/www.gigapa.com\/es\/wp-json\/wp\/v2\/product_tag?post=855"}],"curies":[{"name":"wp","href":"https:\/\/api.w.org\/{rel}","templated":true}]}}