{"id":857,"date":"2025-05-06T16:35:58","date_gmt":"2025-05-06T08:35:58","guid":{"rendered":"https:\/\/gigapa.com\/?post_type=product&#038;p=857"},"modified":"2025-10-20T13:53:09","modified_gmt":"2025-10-20T05:53:09","slug":"vertical-baling-machines","status":"publish","type":"product","link":"https:\/\/www.gigapa.com\/es\/product\/vertical-baling-machines\/","title":{"rendered":"Empacadoras verticales GSB-V"},"content":{"rendered":"<h3>Introducci\u00f3n del equipo:<\/h3>\n<p>La prensa embaladora vertical es accionada por una bomba hidr\u00e1ulica para impulsar el movimiento del cilindro hidr\u00e1ulico, moviendo as\u00ed el cabezal de compresi\u00f3n para ejecutar la acci\u00f3n de compresi\u00f3n, logrando el prop\u00f3sito de reducir el volumen de los materiales y aumentar la densidad aparente. Despu\u00e9s de la compresi\u00f3n, estos materiales generalmente no pueden mantener su forma a trav\u00e9s de la deformaci\u00f3n completa, por lo que necesitan ser asistidos para mantener el efecto de compresi\u00f3n a trav\u00e9s de m\u00e9todos de uni\u00f3n. Debido a su gran versatilidad, peque\u00f1o tama\u00f1o y operaci\u00f3n simple, la prensa embaladora vertical es ampliamente utilizada en empresas con peque\u00f1os vol\u00famenes de procesamiento, especialmente supermercados y peque\u00f1as estaciones de reciclaje que hacen uso extensivo de este tipo de prensa embaladora vertical.<\/p>\n<div class=\"ast-oembed-container\" style=\"height: 100%;\"><iframe title=\"Residuos de cart\u00f3n comprimidos en ladrillos Empacadora vertical de 2 toneladas por hora #verticalbaler\" width=\"500\" height=\"375\" src=\"https:\/\/www.youtube.com\/embed\/az3REtxEzkA?feature=oembed\" frameborder=\"0\" allow=\"accelerometer; autoplay; clipboard-write; encrypted-media; gyroscope; picture-in-picture; web-share\" referrerpolicy=\"strict-origin-when-cross-origin\" allowfullscreen><\/iframe><\/div>\n<h3>\u00c1mbito de aplicaci\u00f3n:<\/h3>\n<table style=\"border-collapse: collapse; width: 1325px; height: 313px;\" border=\"0\" width=\"1409\" cellspacing=\"0\" cellpadding=\"0\">\n<tbody>\n<tr style=\"height: 13.50pt;\">\n<td style=\"height: 13.50pt; width: 155.25pt;\" width=\"207\" height=\"18\">Papel<\/td>\n<td style=\"width: 901.50pt;\" width=\"1202\">Peri\u00f3dicos, revistas, libros, papel de envolver, cart\u00f3n ondulado, cajas de cart\u00f3n, cajas de papel, papel publicitario, desechos diversos de papeleras, etc.<\/td>\n<\/tr>\n<tr style=\"height: 13.50pt;\">\n<td style=\"height: 13.50pt;\" height=\"18\">Pl\u00e1stico<\/td>\n<td>Bolsas de pl\u00e1stico, envases de pl\u00e1stico, botellas de pl\u00e1stico, botellas de bebidas, l\u00e1minas para acolchado, l\u00e1minas de pl\u00e1stico, bolsas tejidas, etc.<\/td>\n<\/tr>\n<tr style=\"height: 13.50pt;\">\n<td style=\"height: 13.50pt;\" height=\"18\">Tejido y cuero<\/td>\n<td>Restos de cuero, restos de f\u00e1bricas textiles, restos de f\u00e1bricas de ropa, alfombras, ropa, cortinas, peluches, etc.<\/td>\n<\/tr>\n<tr style=\"height: 13.50pt;\">\n<td style=\"height: 13.50pt;\" height=\"18\">Plantas<\/td>\n<td>Pajitas diversas, ramas de \u00e1rbol, c\u00e1scaras de arroz, etc.<\/td>\n<\/tr>\n<tr style=\"height: 13.50pt;\">\n<td style=\"height: 13.50pt;\" height=\"18\">Metal<\/td>\n<td>Latas de aluminio, perfiles de aluminio, etc.<\/td>\n<\/tr>\n<tr style=\"height: 13.50pt;\">\n<td style=\"height: 13.50pt;\" height=\"18\">Otros<\/td>\n<td>Basura dom\u00e9stica, esponjas, tiras de goma, tejas de acero recubiertas de color, etc.<\/td>\n<\/tr>\n<\/tbody>\n<\/table>\n<h3>Par\u00e1metros del modelo:<\/h3>\n<table style=\"border-collapse: collapse; width: 1178px; height: 543px;\" border=\"0\" width=\"972\" cellspacing=\"0\" cellpadding=\"0\">\n<tbody>\n<tr style=\"height: 13.50pt;\">\n<td class=\"et3\" style=\"height: 13.50pt; width: 234.75pt;\" width=\"313\" height=\"18\">Modelo<\/td>\n<td class=\"et4\" style=\"width: 123.75pt;\" width=\"165\">GSB-V0604<\/td>\n<td class=\"et4\" style=\"width: 119.25pt;\" width=\"159\">GSB-V0806<\/td>\n<td class=\"et4\" style=\"width: 125.25pt;\" width=\"167\">GSB-V1107<\/td>\n<td class=\"et4\" style=\"width: 126.00pt;\" width=\"168\">GSB-V1208<\/td>\n<\/tr>\n<tr style=\"height: 13.50pt;\">\n<td class=\"et3\" style=\"height: 13.50pt; width: 234.75pt;\" width=\"313\" height=\"18\">Tama\u00f1o de la abertura de alimentaci\u00f3n (L\u00d7H) (mm)<\/td>\n<td class=\"et4\" style=\"width: 123.75pt;\" width=\"165\">600\u00d7360<\/td>\n<td class=\"et4\" style=\"width: 119.25pt;\" width=\"159\">800\u00d7450<\/td>\n<td class=\"et4\" style=\"width: 125.25pt;\" width=\"167\">1100\u00d7550<\/td>\n<td class=\"et4\" style=\"width: 126.00pt;\" width=\"168\">1200\u00d7550<\/td>\n<\/tr>\n<tr style=\"height: 13.50pt;\">\n<td class=\"et3\" style=\"height: 13.50pt; width: 234.75pt;\" width=\"313\" height=\"18\">Tama\u00f1o del embalaje (L\u00d7A\u00d7A)(mm)<\/td>\n<td class=\"et4\" style=\"width: 123.75pt;\" width=\"165\">600\u00d7400\u00d7(400-640)<\/td>\n<td class=\"et4\" style=\"width: 119.25pt;\" width=\"159\">800\u00d7600\u00d7(300-800)<\/td>\n<td class=\"et4\" style=\"width: 125.25pt;\" width=\"167\">1100\u00d7700\u00d7(500-950)<\/td>\n<td class=\"et4\" style=\"width: 126.00pt;\" width=\"168\">1200\u00d7800\u00d7(500-950)<\/td>\n<\/tr>\n<tr style=\"height: 13.50pt;\">\n<td class=\"et3\" style=\"height: 13.50pt; width: 234.75pt;\" width=\"313\" height=\"18\">Duraci\u00f3n del ciclo (s)<\/td>\n<td class=\"et4\" style=\"width: 123.75pt;\" width=\"165\">25<\/td>\n<td class=\"et4\" style=\"width: 119.25pt;\" width=\"159\">50<\/td>\n<td class=\"et4\" style=\"width: 125.25pt;\" width=\"167\">50<\/td>\n<td class=\"et4\" style=\"width: 126.00pt;\" width=\"168\">47<\/td>\n<\/tr>\n<tr style=\"height: 13.50pt;\">\n<td class=\"et3\" style=\"height: 13.50pt; width: 234.75pt;\" width=\"313\" height=\"18\">N\u00famero de v\u00edas de flejado (PCS)<\/td>\n<td class=\"et4\" style=\"width: 123.75pt;\" width=\"165\">4<\/td>\n<td class=\"et4\" style=\"width: 119.25pt;\" width=\"159\">4<\/td>\n<td class=\"et4\" style=\"width: 125.25pt;\" width=\"167\">4<\/td>\n<td class=\"et4\" style=\"width: 126.00pt;\" width=\"168\">4<\/td>\n<\/tr>\n<tr style=\"height: 13.50pt;\">\n<td class=\"et3\" style=\"height: 13.50pt; width: 234.75pt;\" width=\"313\" height=\"18\">Di\u00e1metro interior del cilindro principal (mm)<\/td>\n<td class=\"et4\" style=\"width: 123.75pt;\" width=\"165\">\u03c690<\/td>\n<td class=\"et4\" style=\"width: 119.25pt;\" width=\"159\">\u03c6125<\/td>\n<td class=\"et4\" style=\"width: 125.25pt;\" width=\"167\">\u03c6110<\/td>\n<td class=\"et4\" style=\"width: 126.00pt;\" width=\"168\">\u03c6125<\/td>\n<\/tr>\n<tr style=\"height: 13.50pt;\">\n<td class=\"et3\" style=\"height: 13.50pt; width: 234.75pt;\" width=\"313\" height=\"18\">Presi\u00f3n del cilindro principal (T)<\/td>\n<td class=\"et4\" style=\"width: 123.75pt;\" width=\"165\">16<\/td>\n<td class=\"et4\" style=\"width: 119.25pt;\" width=\"159\">31.5<\/td>\n<td class=\"et4\" style=\"width: 125.25pt;\" width=\"167\">25\u00d72<\/td>\n<td class=\"et4\" style=\"width: 126.00pt;\" width=\"168\">31.5\u00d72<\/td>\n<\/tr>\n<tr style=\"height: 13.50pt;\">\n<td class=\"et3\" style=\"height: 13.50pt; width: 234.75pt;\" width=\"313\" height=\"18\">Potencia hidr\u00e1ulica (kW)<\/td>\n<td class=\"et4\" style=\"width: 123.75pt;\" width=\"165\">2.2<\/td>\n<td class=\"et4\" style=\"width: 119.25pt;\" width=\"159\">4<\/td>\n<td class=\"et4\" style=\"width: 125.25pt;\" width=\"167\">5.5<\/td>\n<td class=\"et4\" style=\"width: 126.00pt;\" width=\"168\">7.5<\/td>\n<\/tr>\n<tr style=\"height: 13.50pt;\">\n<td class=\"et3\" style=\"height: 13.50pt; width: 234.75pt;\" width=\"313\" height=\"18\">Dimensiones (L\u00d7A\u00d7H)(mm)<\/td>\n<td class=\"et4\" style=\"width: 123.75pt;\" width=\"165\">950\u00d7760\u00d72070<\/td>\n<td class=\"et4\" style=\"width: 119.25pt;\" width=\"159\">1150\u00d7960\u00d72850<\/td>\n<td class=\"et4\" style=\"width: 125.25pt;\" width=\"167\">1580\u00d71080\u00d73140<\/td>\n<td class=\"et4\" style=\"width: 126.00pt;\" width=\"168\">1680\u00d71160\u00d73280<\/td>\n<\/tr>\n<tr style=\"height: 13.50pt;\">\n<td class=\"et3\" style=\"height: 13.50pt; width: 234.75pt;\" width=\"313\" height=\"18\">Peso total (kg)<\/td>\n<td class=\"et4\" style=\"width: 123.75pt;\" width=\"165\">Aproximadamente 500<\/td>\n<td class=\"et4\" style=\"width: 119.25pt;\" width=\"159\">Aproximadamente 850<\/td>\n<td class=\"et4\" style=\"width: 125.25pt;\" width=\"167\">Aproximadamente 1500<\/td>\n<td class=\"et4\" style=\"width: 126.00pt;\" width=\"168\">Aproximadamente 1850<\/td>\n<\/tr>\n<\/tbody>\n<\/table>\n<p>Los modelos anteriores son modelos universales est\u00e1ndar. Si necesita otros modelos, p\u00f3ngase en contacto con nuestro personal, y tambi\u00e9n podemos ofrecer servicios personalizados seg\u00fan sus necesidades.<\/p>\n<h3>Aspectos t\u00e9cnicos destacados:<\/h3>\n<p>1. Larga vida \u00fatil de la m\u00e1quina<br \/>\nFabricada con acero de alta calidad y placas de acero engrosadas, no se fatiga ni se deforma con el uso prolongado.<\/p>\n<p>2. Protecci\u00f3n de seguridad integral<br \/>\nExisten m\u00faltiples medidas de seguridad para prevenir posibles peligros.<\/p>\n<p>3. F\u00e1cil manejo para los trabajadores<br \/>\nUn programa de funcionamiento inteligente bien desarrollado garantiza un funcionamiento sencillo y sin preocupaciones y una gran eficacia<\/p>\n<p><img fetchpriority=\"high\" decoding=\"async\" class=\"alignnone wp-image-1018\" title=\"Empacadoras verticales\" src=\"https:\/\/www.gigapa.com\/wp-content\/uploads\/2025\/05\/\u5e9f\u7eb82.jpg\" alt=\"Empacadoras verticales\" width=\"500\" height=\"314\" srcset=\"https:\/\/www.gigapa.com\/wp-content\/uploads\/2025\/05\/\u5e9f\u7eb82.jpg 1034w, https:\/\/www.gigapa.com\/wp-content\/uploads\/2025\/05\/\u5e9f\u7eb82-300x188.jpg 300w, https:\/\/www.gigapa.com\/wp-content\/uploads\/2025\/05\/\u5e9f\u7eb82-1024x643.jpg 1024w, https:\/\/www.gigapa.com\/wp-content\/uploads\/2025\/05\/\u5e9f\u7eb82-768x482.jpg 768w, https:\/\/www.gigapa.com\/wp-content\/uploads\/2025\/05\/\u5e9f\u7eb82-600x377.jpg 600w\" sizes=\"(max-width: 500px) 100vw, 500px\" \/> <img decoding=\"async\" class=\"alignnone wp-image-1019\" title=\"Empacadoras verticales\" src=\"https:\/\/www.gigapa.com\/wp-content\/uploads\/2025\/05\/\u79f8\u79c6\u6253\u5305.jpg\" alt=\"Empacadoras verticales\" width=\"500\" height=\"314\" srcset=\"https:\/\/www.gigapa.com\/wp-content\/uploads\/2025\/05\/\u79f8\u79c6\u6253\u5305.jpg 1034w, https:\/\/www.gigapa.com\/wp-content\/uploads\/2025\/05\/\u79f8\u79c6\u6253\u5305-300x188.jpg 300w, https:\/\/www.gigapa.com\/wp-content\/uploads\/2025\/05\/\u79f8\u79c6\u6253\u5305-1024x643.jpg 1024w, https:\/\/www.gigapa.com\/wp-content\/uploads\/2025\/05\/\u79f8\u79c6\u6253\u5305-768x482.jpg 768w, https:\/\/www.gigapa.com\/wp-content\/uploads\/2025\/05\/\u79f8\u79c6\u6253\u5305-600x377.jpg 600w\" sizes=\"(max-width: 500px) 100vw, 500px\" \/><\/p>\n<p><img decoding=\"async\" class=\"alignnone wp-image-1020\" title=\"Empacadoras verticales\" src=\"https:\/\/www.gigapa.com\/wp-content\/uploads\/2025\/05\/\u5851\u6599\u74f64.jpg\" alt=\"Empacadoras verticales\" width=\"500\" height=\"314\" srcset=\"https:\/\/www.gigapa.com\/wp-content\/uploads\/2025\/05\/\u5851\u6599\u74f64.jpg 1034w, https:\/\/www.gigapa.com\/wp-content\/uploads\/2025\/05\/\u5851\u6599\u74f64-300x188.jpg 300w, https:\/\/www.gigapa.com\/wp-content\/uploads\/2025\/05\/\u5851\u6599\u74f64-1024x643.jpg 1024w, https:\/\/www.gigapa.com\/wp-content\/uploads\/2025\/05\/\u5851\u6599\u74f64-768x482.jpg 768w, https:\/\/www.gigapa.com\/wp-content\/uploads\/2025\/05\/\u5851\u6599\u74f64-600x377.jpg 600w\" sizes=\"(max-width: 500px) 100vw, 500px\" \/> <img loading=\"lazy\" decoding=\"async\" class=\"alignnone wp-image-1021\" title=\"Empacadoras verticales\" src=\"https:\/\/www.gigapa.com\/wp-content\/uploads\/2025\/05\/\u6613\u62c9\u7f503.jpg\" alt=\"Empacadoras verticales\" width=\"500\" height=\"314\" srcset=\"https:\/\/www.gigapa.com\/wp-content\/uploads\/2025\/05\/\u6613\u62c9\u7f503.jpg 1034w, https:\/\/www.gigapa.com\/wp-content\/uploads\/2025\/05\/\u6613\u62c9\u7f503-300x188.jpg 300w, https:\/\/www.gigapa.com\/wp-content\/uploads\/2025\/05\/\u6613\u62c9\u7f503-1024x643.jpg 1024w, https:\/\/www.gigapa.com\/wp-content\/uploads\/2025\/05\/\u6613\u62c9\u7f503-768x482.jpg 768w, https:\/\/www.gigapa.com\/wp-content\/uploads\/2025\/05\/\u6613\u62c9\u7f503-600x377.jpg 600w\" sizes=\"(max-width: 500px) 100vw, 500px\" \/><\/p>\n<h3>Principio de funcionamiento<\/h3>\n<p data-immersive-translate-walked=\"f154a824-f1fc-46e7-bb58-d103bf037719\">1. Carga de material<\/p>\n<ul>\n<li class=\"ds-markdown-paragraph\" data-immersive-translate-paragraph=\"1\" data-immersive-translate-walked=\"f154a824-f1fc-46e7-bb58-d103bf037719\">c\u00e1mara de empacado vertical desde la parte superior o lateral.<\/li>\n<li class=\"ds-markdown-paragraph\" data-immersive-translate-walked=\"f154a824-f1fc-46e7-bb58-d103bf037719\" data-immersive-translate-paragraph=\"1\">La c\u00e1mara suele ser una robusta estructura de acero con un cilindro hidr\u00e1ulico en la parte inferior.<\/li>\n<\/ul>\n<p data-immersive-translate-walked=\"f154a824-f1fc-46e7-bb58-d103bf037719\">2. Proceso de compresi\u00f3n<\/p>\n<ul>\n<li class=\"ds-markdown-paragraph\" data-immersive-translate-walked=\"f154a824-f1fc-46e7-bb58-d103bf037719\" data-immersive-translate-paragraph=\"1\">Un cilindro hidr\u00e1ulico acciona el cilindro, que se mueve hacia arriba para comprimir el material contra una placa superior fija.<\/li>\n<li class=\"ds-markdown-paragraph\" data-immersive-translate-walked=\"f154a824-f1fc-46e7-bb58-d103bf037719\" data-immersive-translate-paragraph=\"1\">La fuerza de compresi\u00f3n puede oscilar entre 10 y m\u00e1s de 100 toneladas, seg\u00fan el tama\u00f1o de la m\u00e1quina y el tipo de material.<\/li>\n<li class=\"ds-markdown-paragraph\" data-immersive-translate-walked=\"f154a824-f1fc-46e7-bb58-d103bf037719\" data-immersive-translate-paragraph=\"1\">Pueden producirse m\u00faltiples ciclos de compresi\u00f3n para lograr una densidad \u00f3ptima.<\/li>\n<\/ul>\n<p data-immersive-translate-walked=\"f154a824-f1fc-46e7-bb58-d103bf037719\">3. Atado de balas<\/p>\n<ul>\n<li class=\"ds-markdown-paragraph\" data-immersive-translate-walked=\"f154a824-f1fc-46e7-bb58-d103bf037719\" data-immersive-translate-paragraph=\"1\">Una vez que el material est\u00e1 totalmente comprimido, el operario (o un sistema automatizado) inserta alambre de empacar, flejes o cordeles a trav\u00e9s de ranuras predise\u00f1adas.<\/li>\n<li class=\"ds-markdown-paragraph\" data-immersive-translate-walked=\"f154a824-f1fc-46e7-bb58-d103bf037719\" data-immersive-translate-paragraph=\"1\">La paca atada conserva su forma despu\u00e9s de liberar la presi\u00f3n.<\/li>\n<\/ul>\n<p data-immersive-translate-walked=\"f154a824-f1fc-46e7-bb58-d103bf037719\">4. Expulsi\u00f3n<\/p>\n<ul>\n<li class=\"ds-markdown-paragraph\" data-immersive-translate-walked=\"f154a824-f1fc-46e7-bb58-d103bf037719\" data-immersive-translate-paragraph=\"1\">El pist\u00f3n hidr\u00e1ulico se retrae y la paca terminada se expulsa de la c\u00e1mara (manualmente o mediante un mecanismo basculante).<\/li>\n<li class=\"ds-markdown-paragraph\" data-immersive-translate-walked=\"f154a824-f1fc-46e7-bb58-d103bf037719\" data-immersive-translate-paragraph=\"1\">Algunos modelos incluyen un empujador de pacas para empujarlas a un pal\u00e9 o a una cinta transportadora.<\/li>\n<\/ul>\n<p data-immersive-translate-walked=\"f154a824-f1fc-46e7-bb58-d103bf037719\">5. Reinicio del ciclo<\/p>\n<ul>\n<li class=\"ds-markdown-paragraph\" data-immersive-translate-walked=\"f154a824-f1fc-46e7-bb58-d103bf037719\" data-immersive-translate-paragraph=\"1\">La m\u00e1quina se reinicia y el proceso se repite para el siguiente lote.<\/li>\n<\/ul>\n<h3>Preguntas frecuentes<\/h3>\n<p>P: 1. \u00bfCu\u00e1l es la diferencia entre una empacadora vertical y una empacadora horizontal?<\/p>\n<ul>\n<li>Vertical: ahorra espacio, adecuada para peque\u00f1as f\u00e1bricas, supermercados, etc., barata y de funcionamiento m\u00e1s manual.<\/li>\n<li>Horizontal: gran producci\u00f3n, totalmente autom\u00e1tica, adecuada para grandes estaciones de reciclaje, pero m\u00e1s cara y ocupa m\u00e1s espacio.<\/li>\n<\/ul>\n<p>P: 2. \u00bfCu\u00e1nto se tarda en embalar una caja de papel usado?<\/p>\n<ul>\n<li>Normalmente entre 3 y 5 minutos (incluyendo la carga, la compresi\u00f3n y la agrupaci\u00f3n), la velocidad depende de la destreza del operario y del rendimiento de la m\u00e1quina.<\/li>\n<\/ul>\n<p>P: 3. \u00bfC\u00f3mo se realiza el mantenimiento de una empacadora vertical?<\/p>\n<ul>\n<li>A\u00f1adir regularmente aceite lubricante<\/li>\n<li>Compruebe si el aceite hidr\u00e1ulico es suficiente<\/li>\n<li>Limpiar los restos del cubo de empacado<\/li>\n<li>Preste atenci\u00f3n a si la cuerda\/alambre de empacar es normal<\/li>\n<\/ul>\n<p>P: 4. \u00bfSe puede agrupar autom\u00e1ticamente la prensa embaladora vertical?<\/p>\n<ul>\n<li>Semiautom\u00e1tica: requiere el enhebrado manual del alambre o fleje (habitual en m\u00e1quinas econ\u00f3micas).<\/li>\n<li>Totalmente autom\u00e1tica: con dispositivo de atado autom\u00e1tico (precio m\u00e1s elevado, adecuada para uso frecuente).<\/li>\n<\/ul>\n<p data-start=\"1754\" data-end=\"1939\">P: 5. \u00bfSe puede personalizar la m\u00e1quina?<br data-start=\"1791\" data-end=\"1794\" \/>S\u00ed. La fuerza de compresi\u00f3n, el tama\u00f1o de la bala, la abertura de alimentaci\u00f3n y el sistema el\u00e9ctrico pueden personalizarse en funci\u00f3n del tipo de material y la capacidad de producci\u00f3n.<\/p>\n<p data-start=\"1754\" data-end=\"1939\">P: 6. \u00bfCu\u00e1l es la vida \u00fatil de la m\u00e1quina?<br data-start=\"2185\" data-end=\"2188\" \/>Con un mantenimiento regular, una empacadora vertical de calidad puede durar m\u00e1s de 8-10 a\u00f1os, dependiendo del uso y del tipo de material.<\/p>\n<p data-start=\"151\" data-end=\"339\">P: 7. \u00bfQu\u00e9 m\u00e9todos de pago aceptan?<br data-start=\"193\" data-end=\"196\" \/>Aceptamos principalmente T\/T . Se requiere un dep\u00f3sito de 30% por adelantado, y el saldo restante de 70% se paga antes del env\u00edo.<\/p>\n<p data-start=\"346\" data-end=\"503\">P: 8. \u00bfCu\u00e1les son sus condiciones comerciales?<br data-start=\"379\" data-end=\"382\" \/>Nuestro t\u00e9rmino comercial est\u00e1ndar es FOB Shanghai.<\/p>","protected":false},"excerpt":{"rendered":"<p>La prensa embaladora vertical hidr\u00e1ulica es una soluci\u00f3n muy eficaz para compactar y embalar diversos materiales como cart\u00f3n, pl\u00e1stico, papel y textiles. Dise\u00f1ada con una estructura vertical, maximiza la eficiencia del espacio a la vez que proporciona una potente compresi\u00f3n. Esta m\u00e1quina es ideal para industrias que requieren el reciclaje y la eliminaci\u00f3n de materiales de desecho. Ayuda a reducir el espacio de almacenamiento, mejora la eficacia de la manipulaci\u00f3n y crea balas bien compactadas para facilitar el transporte.<\/p>","protected":false},"featured_media":1884,"template":"","meta":{"site-sidebar-layout":"default","site-content-layout":"","ast-site-content-layout":"default","site-content-style":"default","site-sidebar-style":"default","ast-global-header-display":"","ast-banner-title-visibility":"","ast-main-header-display":"","ast-hfb-above-header-display":"","ast-hfb-below-header-display":"","ast-hfb-mobile-header-display":"","site-post-title":"","ast-breadcrumbs-content":"","ast-featured-img":"","footer-sml-layout":"","ast-disable-related-posts":"","theme-transparent-header-meta":"default","adv-header-id-meta":"","stick-header-meta":"","header-above-stick-meta":"","header-main-stick-meta":"","header-below-stick-meta":"","astra-migrate-meta-layouts":"set","ast-page-background-enabled":"default","ast-page-background-meta":{"desktop":{"background-color":"var(--ast-global-color-5)","background-image":"","background-repeat":"repeat","background-position":"center center","background-size":"auto","background-attachment":"scroll","background-type":"","background-media":"","overlay-type":"","overlay-color":"","overlay-opacity":"","overlay-gradient":""},"tablet":{"background-color":"","background-image":"","background-repeat":"repeat","background-position":"center center","background-size":"auto","background-attachment":"scroll","background-type":"","background-media":"","overlay-type":"","overlay-color":"","overlay-opacity":"","overlay-gradient":""},"mobile":{"background-color":"","background-image":"","background-repeat":"repeat","background-position":"center center","background-size":"auto","background-attachment":"scroll","background-type":"","background-media":"","overlay-type":"","overlay-color":"","overlay-opacity":"","overlay-gradient":""}},"ast-content-background-meta":{"desktop":{"background-color":"var(--ast-global-color-4)","background-image":"","background-repeat":"repeat","background-position":"center center","background-size":"auto","background-attachment":"scroll","background-type":"","background-media":"","overlay-type":"","overlay-color":"","overlay-opacity":"","overlay-gradient":""},"tablet":{"background-color":"var(--ast-global-color-4)","background-image":"","background-repeat":"repeat","background-position":"center center","background-size":"auto","background-attachment":"scroll","background-type":"","background-media":"","overlay-type":"","overlay-color":"","overlay-opacity":"","overlay-gradient":""},"mobile":{"background-color":"var(--ast-global-color-4)","background-image":"","background-repeat":"repeat","background-position":"center center","background-size":"auto","background-attachment":"scroll","background-type":"","background-media":"","overlay-type":"","overlay-color":"","overlay-opacity":"","overlay-gradient":""}}},"product_brand":[],"product_cat":[21,152],"product_tag":[71,75,70,69,73,74,72],"class_list":{"0":"post-857","1":"product","2":"type-product","3":"status-publish","4":"has-post-thumbnail","6":"product_cat-baling-machine","7":"product_cat-vertical-baler","8":"product_tag-china-hydraulic-vertical-baler","9":"product_tag-hydraulic-baling-press-machine","10":"product_tag-hydraulic-vertical-baler-for-waste-recycling","11":"product_tag-hydraulic-vertical-plastic-baling-machine","12":"product_tag-hydraulic-vertical-waste-paper-baler","13":"product_tag-vertical-hydraulic-baler-factory","14":"product_tag-vertical-hydraulic-baler-machine","15":"desktop-align-left","16":"tablet-align-left","17":"mobile-align-left","19":"first","20":"instock","21":"featured","22":"shipping-taxable","23":"product-type-simple"},"_links":{"self":[{"href":"https:\/\/www.gigapa.com\/es\/wp-json\/wp\/v2\/product\/857","targetHints":{"allow":["GET"]}}],"collection":[{"href":"https:\/\/www.gigapa.com\/es\/wp-json\/wp\/v2\/product"}],"about":[{"href":"https:\/\/www.gigapa.com\/es\/wp-json\/wp\/v2\/types\/product"}],"version-history":[{"count":13,"href":"https:\/\/www.gigapa.com\/es\/wp-json\/wp\/v2\/product\/857\/revisions"}],"predecessor-version":[{"id":2760,"href":"https:\/\/www.gigapa.com\/es\/wp-json\/wp\/v2\/product\/857\/revisions\/2760"}],"wp:featuredmedia":[{"embeddable":true,"href":"https:\/\/www.gigapa.com\/es\/wp-json\/wp\/v2\/media\/1884"}],"wp:attachment":[{"href":"https:\/\/www.gigapa.com\/es\/wp-json\/wp\/v2\/media?parent=857"}],"wp:term":[{"taxonomy":"product_brand","embeddable":true,"href":"https:\/\/www.gigapa.com\/es\/wp-json\/wp\/v2\/product_brand?post=857"},{"taxonomy":"product_cat","embeddable":true,"href":"https:\/\/www.gigapa.com\/es\/wp-json\/wp\/v2\/product_cat?post=857"},{"taxonomy":"product_tag","embeddable":true,"href":"https:\/\/www.gigapa.com\/es\/wp-json\/wp\/v2\/product_tag?post=857"}],"curies":[{"name":"wp","href":"https:\/\/api.w.org\/{rel}","templated":true}]}}