{"id":858,"date":"2025-05-06T16:37:52","date_gmt":"2025-05-06T08:37:52","guid":{"rendered":"https:\/\/gigapa.com\/?post_type=product&#038;p=858"},"modified":"2025-10-13T09:21:20","modified_gmt":"2025-10-13T01:21:20","slug":"fully-automatic-baling-machines","status":"publish","type":"product","link":"https:\/\/www.gigapa.com\/es\/product\/fully-automatic-baling-machines\/","title":{"rendered":"Prensa embaladora horizontal totalmente autom\u00e1tica GSB-F"},"content":{"rendered":"<h3>Introducci\u00f3n del equipo:<\/h3>\n<p>La enfardadora horizontal totalmente autom\u00e1tica consta de una carcasa, una estaci\u00f3n hidr\u00e1ulica, cilindros hidr\u00e1ulicos, un cabezal de presi\u00f3n, un mecanismo de enhebrado de alambre, un mecanismo de torsi\u00f3n de alambre y un mecanismo de cuello, entre otros componentes. El cilindro principal acciona el cabezal de presi\u00f3n para comprimir el material, mientras que el mecanismo de cuello proporciona resistencia para que pase el bloque de paquetes. El mecanismo de enhebrado de alambre y el mecanismo de torsi\u00f3n de alambre trabajan juntos para atar el bloque de paquete. Todo el proceso de compresi\u00f3n y atado del bloque de envases est\u00e1 controlado por un PLC, lo que elimina la necesidad de intervenci\u00f3n manual, y el alto nivel de automatizaci\u00f3n significa que no s\u00f3lo es eficiente, sino que tambi\u00e9n ahorra costes de mano de obra. En consecuencia, se utiliza ampliamente en situaciones en las que se requiere un gran volumen de procesamiento y la velocidad de procesamiento debe ser r\u00e1pida.<\/p>\n<div class=\"ast-oembed-container\" style=\"height: 100%;\"><iframe title=\"Prensa embaladora autom\u00e1tica de alta velocidad para el reciclaje de residuos\" width=\"500\" height=\"281\" src=\"https:\/\/www.youtube.com\/embed\/J7RRuvnytnc?feature=oembed\" frameborder=\"0\" allow=\"accelerometer; autoplay; clipboard-write; encrypted-media; gyroscope; picture-in-picture; web-share\" referrerpolicy=\"strict-origin-when-cross-origin\" allowfullscreen><\/iframe><\/div>\n<h3>\u00c1mbito de aplicaci\u00f3n:<\/h3>\n<table style=\"border-collapse: collapse; width: 1026px; height: 318px;\" border=\"0\" width=\"1409\" cellspacing=\"0\" cellpadding=\"0\">\n<tbody>\n<tr style=\"height: 13.50pt;\">\n<td style=\"height: 13.50pt; width: 155.25pt;\" width=\"207\" height=\"18\">Papel<\/td>\n<td style=\"width: 901.50pt;\" width=\"1202\">Cajas de cart\u00f3n, cajas de papel, papel publicitario, desechos diversos de f\u00e1bricas de papel e imprentas, etc.<\/td>\n<\/tr>\n<tr style=\"height: 13.50pt;\">\n<td style=\"height: 13.50pt;\" height=\"18\">Pl\u00e1sticos<\/td>\n<td>Bolsas de pl\u00e1stico, envases de pl\u00e1stico, botellas de pl\u00e1stico, botellas de bebidas, film molido, film de pl\u00e1stico, bolsas tejidas, etc.<\/td>\n<\/tr>\n<tr style=\"height: 13.50pt;\">\n<td style=\"height: 13.50pt;\" height=\"18\">Tejido y cuero<\/td>\n<td>Desechos de cuero, desechos de f\u00e1bricas textiles, desechos de f\u00e1bricas de ropa, alfombras, ropa, cortinas, peluches, etc.<\/td>\n<\/tr>\n<tr style=\"height: 13.50pt;\">\n<td style=\"height: 13.50pt;\" height=\"18\">Plantas<\/td>\n<td>Pajitas diversas, ramas de \u00e1rbol, etc.<\/td>\n<\/tr>\n<tr style=\"height: 13.50pt;\">\n<td style=\"height: 13.50pt;\" height=\"18\">Metales<\/td>\n<td>Latas de aluminio, etc.<\/td>\n<\/tr>\n<tr style=\"height: 13.50pt;\">\n<td style=\"height: 13.50pt;\" height=\"18\">Otros<\/td>\n<td>Basura dom\u00e9stica, esponjas, tiras de goma, residuos industriales, etc.<\/td>\n<\/tr>\n<\/tbody>\n<\/table>\n<h3>Par\u00e1metros del modelo:<\/h3>\n<table style=\"border-collapse: collapse; width: 1142px; height: 400px;\" border=\"0\" width=\"989\" cellspacing=\"0\" cellpadding=\"0\">\n<tbody>\n<tr style=\"height: 13.50pt;\">\n<td class=\"et2\" style=\"height: 13.50pt; width: 199.50pt;\" width=\"266\" height=\"18\">Modelo<\/td>\n<td class=\"et2\" style=\"width: 131.25pt;\" width=\"175\">GSB-F0707<\/td>\n<td class=\"et2\" style=\"width: 135.75pt;\" width=\"181\">GSB-F1107<\/td>\n<td class=\"et2\" style=\"width: 140.25pt;\" width=\"187\">GSB-F1111<\/td>\n<td class=\"et2\" style=\"width: 135.00pt;\" width=\"180\">GSB-F1112<\/td>\n<\/tr>\n<tr style=\"height: 13.50pt;\">\n<td class=\"et2\" style=\"height: 13.50pt;\" height=\"18\">Tama\u00f1o del embalaje (A\u00d7A\u00d7U)(mm)<\/td>\n<td class=\"et2\">720\u00d7720\u00d7(500-1500)<\/td>\n<td class=\"et2\">1100\u00d7750\u00d7(500-1500)<\/td>\n<td class=\"et2\">1100\u00d71100\u00d7(500-1800)<\/td>\n<td class=\"et2\">1100\u00d71250\u00d7(500-1800)<\/td>\n<\/tr>\n<tr style=\"height: 13.50pt;\">\n<td class=\"et2\" style=\"height: 13.50pt;\" height=\"18\">N\u00famero de pasadas de encuadernaci\u00f3n (PC)<\/td>\n<td class=\"et2\">4<\/td>\n<td class=\"et2\">4<\/td>\n<td class=\"et2\">5<\/td>\n<td class=\"et2\">5<\/td>\n<\/tr>\n<tr style=\"height: 13.50pt;\">\n<td class=\"et2\" style=\"height: 13.50pt;\" height=\"18\">Presi\u00f3n de la botella principal (T)<\/td>\n<td class=\"et2\">63<\/td>\n<td class=\"et2\">63<\/td>\n<td class=\"et2\">100<\/td>\n<td class=\"et2\">112<\/td>\n<\/tr>\n<tr style=\"height: 13.50pt;\">\n<td class=\"et2\" style=\"height: 13.50pt;\" height=\"18\">Potencia hidr\u00e1ulica (kW)<\/td>\n<td class=\"et2\">22<\/td>\n<td class=\"et2\">22<\/td>\n<td class=\"et2\">45<\/td>\n<td class=\"et2\">55<\/td>\n<\/tr>\n<tr style=\"height: 13.50pt;\">\n<td class=\"et2\" style=\"height: 13.50pt;\" height=\"18\">Tama\u00f1o del alojamiento (L\u00d7A\u00d7H)(mm)<\/td>\n<td class=\"et2\">6780\u00d73000\u00d73600<\/td>\n<td class=\"et2\">6880\u00d73800\u00d73600<\/td>\n<td class=\"et2\">8560\u00d73910\u00d74500<\/td>\n<td class=\"et2\">9260\u00d74120\u00d74850<\/td>\n<\/tr>\n<tr style=\"height: 13.50pt;\">\n<td class=\"et2\" style=\"height: 13.50pt;\" height=\"18\">Peso total (kg)<\/td>\n<td class=\"et2\">Aproximadamente 6800<\/td>\n<td class=\"et2\">Aproximadamente 9100<\/td>\n<td class=\"et2\">Aproximadamente 18600<\/td>\n<td class=\"et2\">Aproximadamente 21300<\/td>\n<\/tr>\n<\/tbody>\n<\/table>\n<p>Los modelos anteriores son modelos universales est\u00e1ndar. Si necesita otros modelos, p\u00f3ngase en contacto con nuestro personal, y tambi\u00e9n podemos ofrecer servicios personalizados seg\u00fan sus necesidades.<\/p>\n<h3>Aspectos t\u00e9cnicos destacados:<\/h3>\n<p>1. Alta inteligencia<br \/>\nEl riguroso y fiable programa de control PLC, combinado con los sensores, mejora la eficiencia y la eficacia del envasado, reduciendo la dificultad operativa.<\/p>\n<p>2. 2. Buena estabilidad<br \/>\nEl dispositivo de corte de material equipado reduce eficazmente el riesgo de tiempos de inactividad causados por el atasco de material.<\/p>\n<p>3. Alta fiabilidad<br \/>\nLa estructura general adopta un dise\u00f1o con un gran factor de seguridad, que evita la deformaci\u00f3n permanente o el agrietamiento.<\/p>\n<p><img fetchpriority=\"high\" decoding=\"async\" class=\"alignnone wp-image-1018\" title=\"Empacadoras autom\u00e1ticas\" src=\"https:\/\/www.gigapa.com\/wp-content\/uploads\/2025\/05\/\u5e9f\u7eb82.jpg\" alt=\"Empacadoras autom\u00e1ticas\" width=\"500\" height=\"314\" srcset=\"https:\/\/www.gigapa.com\/wp-content\/uploads\/2025\/05\/\u5e9f\u7eb82.jpg 1034w, https:\/\/www.gigapa.com\/wp-content\/uploads\/2025\/05\/\u5e9f\u7eb82-300x188.jpg 300w, https:\/\/www.gigapa.com\/wp-content\/uploads\/2025\/05\/\u5e9f\u7eb82-1024x643.jpg 1024w, https:\/\/www.gigapa.com\/wp-content\/uploads\/2025\/05\/\u5e9f\u7eb82-768x482.jpg 768w, https:\/\/www.gigapa.com\/wp-content\/uploads\/2025\/05\/\u5e9f\u7eb82-600x377.jpg 600w\" sizes=\"(max-width: 500px) 100vw, 500px\" \/> <img decoding=\"async\" class=\"alignnone wp-image-1021\" title=\"Empacadoras autom\u00e1ticas\" src=\"https:\/\/www.gigapa.com\/wp-content\/uploads\/2025\/05\/\u6613\u62c9\u7f503.jpg\" alt=\"Empacadoras autom\u00e1ticas\" width=\"500\" height=\"314\" srcset=\"https:\/\/www.gigapa.com\/wp-content\/uploads\/2025\/05\/\u6613\u62c9\u7f503.jpg 1034w, https:\/\/www.gigapa.com\/wp-content\/uploads\/2025\/05\/\u6613\u62c9\u7f503-300x188.jpg 300w, https:\/\/www.gigapa.com\/wp-content\/uploads\/2025\/05\/\u6613\u62c9\u7f503-1024x643.jpg 1024w, https:\/\/www.gigapa.com\/wp-content\/uploads\/2025\/05\/\u6613\u62c9\u7f503-768x482.jpg 768w, https:\/\/www.gigapa.com\/wp-content\/uploads\/2025\/05\/\u6613\u62c9\u7f503-600x377.jpg 600w\" sizes=\"(max-width: 500px) 100vw, 500px\" \/><\/p>\n<p><img decoding=\"async\" class=\"alignnone wp-image-1020\" title=\"Empacadoras autom\u00e1ticas\" src=\"https:\/\/www.gigapa.com\/wp-content\/uploads\/2025\/05\/\u5851\u6599\u74f64.jpg\" alt=\"Empacadoras autom\u00e1ticas\" width=\"500\" height=\"314\" srcset=\"https:\/\/www.gigapa.com\/wp-content\/uploads\/2025\/05\/\u5851\u6599\u74f64.jpg 1034w, https:\/\/www.gigapa.com\/wp-content\/uploads\/2025\/05\/\u5851\u6599\u74f64-300x188.jpg 300w, https:\/\/www.gigapa.com\/wp-content\/uploads\/2025\/05\/\u5851\u6599\u74f64-1024x643.jpg 1024w, https:\/\/www.gigapa.com\/wp-content\/uploads\/2025\/05\/\u5851\u6599\u74f64-768x482.jpg 768w, https:\/\/www.gigapa.com\/wp-content\/uploads\/2025\/05\/\u5851\u6599\u74f64-600x377.jpg 600w\" sizes=\"(max-width: 500px) 100vw, 500px\" \/> <img loading=\"lazy\" decoding=\"async\" class=\"alignnone wp-image-1019\" title=\"Empacadoras autom\u00e1ticas\" src=\"https:\/\/www.gigapa.com\/wp-content\/uploads\/2025\/05\/\u79f8\u79c6\u6253\u5305.jpg\" alt=\"Empacadoras autom\u00e1ticas\" width=\"500\" height=\"314\" srcset=\"https:\/\/www.gigapa.com\/wp-content\/uploads\/2025\/05\/\u79f8\u79c6\u6253\u5305.jpg 1034w, https:\/\/www.gigapa.com\/wp-content\/uploads\/2025\/05\/\u79f8\u79c6\u6253\u5305-300x188.jpg 300w, https:\/\/www.gigapa.com\/wp-content\/uploads\/2025\/05\/\u79f8\u79c6\u6253\u5305-1024x643.jpg 1024w, https:\/\/www.gigapa.com\/wp-content\/uploads\/2025\/05\/\u79f8\u79c6\u6253\u5305-768x482.jpg 768w, https:\/\/www.gigapa.com\/wp-content\/uploads\/2025\/05\/\u79f8\u79c6\u6253\u5305-600x377.jpg 600w\" sizes=\"(max-width: 500px) 100vw, 500px\" \/><\/p>\n<h3>PREGUNTAS FRECUENTES<\/h3>\n<p>1. \u00bfOfrecen soluciones personalizadas?<br \/>\nPodemos ofrecerle soluciones de equipamiento personalizadas en funci\u00f3n de sus necesidades espec\u00edficas, incluidos el tama\u00f1o del equipo, la configuraci\u00f3n funcional y el nivel de automatizaci\u00f3n.<\/p>\n<p>2. \u00bfPueden a\u00f1adirse funciones o accesorios adicionales al equipo?<br \/>\nOfrecemos una gran variedad de accesorios opcionales, que le permiten a\u00f1adir funciones seg\u00fan sus necesidades, como alimentaci\u00f3n autom\u00e1tica y actualizaciones del sistema hidr\u00e1ulico.<\/p>\n<p>3. \u00bfCu\u00e1nto durar\u00e1 el producto?<br \/>\nNuestros equipos est\u00e1n construidos con acero de alta resistencia y dise\u00f1ados para durar entre 10 y 20 a\u00f1os. Con un mantenimiento regular, puede funcionar de forma fiable.<\/p>\n<p>4. \u00bfEs complejo manejar el equipo?<br \/>\nNuestros equipos disponen de un sistema de control automatizado con una interfaz sencilla y f\u00e1cil de entender, que permite a los operarios trabajar con una formaci\u00f3n m\u00ednima.<\/p>\n<p>5. \u00bfEs seguro el equipo durante su funcionamiento?<br \/>\nEl equipo est\u00e1 equipado con m\u00faltiples funciones de seguridad, como desconexi\u00f3n autom\u00e1tica y protecci\u00f3n contra sobrecargas, para garantizar un funcionamiento seguro.<\/p>\n<p>6. \u00bfOfrecen descuentos por volumen o presupuestos personalizados?<br \/>\nOfrecemos descuentos por volumen para compras al por mayor. Adem\u00e1s, si necesita equipos personalizados, podemos proporcionarle un presupuesto personalizado en funci\u00f3n de sus necesidades.<\/p>\n<p>7. \u00bfQu\u00e9 formas de pago aceptamos?<br \/>\nAceptamos TT (transferencia telegr\u00e1fica) como forma de pago. Al recibir nuestro presupuesto oficial, los clientes deben abonar un dep\u00f3sito mediante transferencia bancaria de acuerdo con las condiciones del contrato.<\/p>\n<p>8. \u00bfAceptamos condiciones de entrega FOB?<br \/>\nS\u00ed, ofrecemos condiciones de entrega FOB.<\/p>\n<h3>Principio de funcionamiento<\/h3>\n<p>La prensa embaladora horizontal totalmente autom\u00e1tica GIGAPA adopta un dise\u00f1o integrado electromec\u00e1nico e hidr\u00e1ulico, y realiza la operaci\u00f3n de flejado totalmente autom\u00e1tica a trav\u00e9s de un sistema de control inteligente. Su proceso de trabajo se puede dividir en cuatro etapas clave:<\/p>\n<p><strong>Etapa de compresi\u00f3n de alimentaci\u00f3n<\/strong><br \/>\nDespu\u00e9s de que el material entre en la c\u00e1mara de empacado a trav\u00e9s de la cinta transportadora o manualmente, el cilindro hidr\u00e1ulico principal acciona el cabezal de presi\u00f3n para comprimir los residuos horizontalmente. El exclusivo dispositivo de cuello funciona de forma sincronizada para formar una bala de tama\u00f1o est\u00e1ndar durante el proceso de compresi\u00f3n.<\/p>\n<p><strong>Fase de preparaci\u00f3n de la agrupaci\u00f3n<\/strong><br \/>\nCuando la paca alcanza la densidad preestablecida, el mecanismo inteligente de enhebrado del alambre pasa autom\u00e1ticamente el alambre de empacado por la parte inferior de la paca. Unos sensores de alta precisi\u00f3n supervisan la posici\u00f3n del enhebrado del alambre en tiempo real para garantizar la precisi\u00f3n del atado.<\/p>\n<p><strong>Etapa de flejado autom\u00e1tico<\/strong><br \/>\nTras recibir la instrucci\u00f3n del PLC, el mecanismo de torsi\u00f3n del alambre completa r\u00e1pidamente las acciones de tensado y corte del alambre. La tecnolog\u00eda de doble cierre se utiliza para garantizar que la firmeza del fleje cumpla los requisitos de transporte.<\/p>\n<p><strong>Etapa del ciclo de descarga<\/strong><br \/>\nLas balas atadas se descargan autom\u00e1ticamente mediante el mecanismo de expulsi\u00f3n, y el sistema entra inmediatamente en el siguiente ciclo de trabajo. Toda la m\u00e1quina est\u00e1 equipada con un sistema de autodiagn\u00f3stico de fallos, que puede supervisar el estado de funcionamiento de cada componente en tiempo real.<\/p>\n<p>La prensa embaladora horizontal adopta el control PLC de grado industrial y tiene las siguientes ventajas t\u00e9cnicas:<\/p>\n<ul>\n<li>La fuerza de compresi\u00f3n puede alcanzar 200-500 toneladas (seg\u00fan el modelo)<\/li>\n<li>Eficacia de envasado 6-12 envases\/hora<\/li>\n<li>Resistencia a la tracci\u00f3n de los haces de alambre \u2265800N<\/li>\n<li>Sistema de pesaje autom\u00e1tico opcional<\/li>\n<li>Admite la funci\u00f3n de supervisi\u00f3n remota<\/li>\n<\/ul>\n<h3>Empacadora horizontal frente a empacadora vertical: \u00bfC\u00f3mo elegir?<\/h3>\n<p>En la industria del reciclaje y el empacado de residuos, las prensas horizontales y las verticales son equipos comunes. Ambas comprimen y empacan residuos con eficacia, pero difieren significativamente en estructura, escenarios de aplicaci\u00f3n y capacidad de procesamiento.<\/p>\n<p>1. Prensa embaladora horizontal<\/p>\n<ul>\n<li>Gran capacidad de procesamiento: Adecuada para necesidades de producci\u00f3n medianas y grandes, con alimentaci\u00f3n continua y empacado automatizado.<\/li>\n<li>Alto grado de automatizaci\u00f3n: La mayor\u00eda de los modelos pueden equiparse con una cinta transportadora para un empacado totalmente automatizado, lo que ahorra mano de obra.<\/li>\n<li>Amplia aplicaci\u00f3n: Adecuado para materiales grandes o de alta densidad como metal, cart\u00f3n, botellas de pl\u00e1stico y fibra.<\/li>\n<li>Ocupa mucho espacio: Normalmente requiere una instalaci\u00f3n fija, lo que la hace m\u00e1s adecuada para entornos industriales como estaciones de reciclaje y plantas de tratamiento de residuos.<\/li>\n<\/ul>\n<p>2. Empacadora vertical<\/p>\n<ul>\n<li>Estructura compacta: Tama\u00f1o reducido, f\u00e1cil instalaci\u00f3n y requisitos m\u00ednimos de espacio.<\/li>\n<li>Funcionamiento sencillo: Requiere carga y empacado manuales, por lo que es adecuada para peque\u00f1as empresas o con vol\u00famenes de producci\u00f3n bajos.<\/li>\n<li>Alta rentabilidad: Bajo coste de inversi\u00f3n en equipos y f\u00e1cil mantenimiento. Materiales aplicables: Ideal para cart\u00f3n, pel\u00edculas de pl\u00e1stico, residuos ligeros, etc.<\/li>\n<\/ul>\n<p>3. \u00bfC\u00f3mo elegir?<\/p>\n<ul>\n<li>Si es una planta de reciclaje de chatarra a gran escala o una empresa de procesamiento de metales con altos requisitos de producci\u00f3n y eficiencia, se recomienda una prensa horizontal.<\/li>\n<li>Si su f\u00e1brica, almac\u00e9n o supermercado es peque\u00f1o y procesa principalmente residuos de envases ligeros, una prensa vertical es m\u00e1s econ\u00f3mica y pr\u00e1ctica.<\/li>\n<\/ul>\n<p>\ud83d\udc49 Tanto si elige una prensa horizontal como una vertical, le ofrecemos soluciones personalizadas adaptadas a sus necesidades, que le ayudar\u00e1n a conseguir una gesti\u00f3n de residuos m\u00e1s eficiente y respetuosa con el medio ambiente.<\/p>","protected":false},"excerpt":{"rendered":"<p>La enfardadora horizontal totalmente autom\u00e1tica es una soluci\u00f3n avanzada y de alta eficacia para comprimir y enfardar una amplia gama de materiales, como cart\u00f3n, pl\u00e1sticos, papel y textiles. Equipada con funciones automatizadas, minimiza la intervenci\u00f3n manual y optimiza todo el proceso de empacado, garantizando pacas uniformes y de alta calidad. La m\u00e1quina alimenta, comprime y ata autom\u00e1ticamente los materiales, reduciendo significativamente los costes de mano de obra y mejorando la eficacia operativa.<\/p>","protected":false},"featured_media":582,"template":"","meta":{"site-sidebar-layout":"default","site-content-layout":"","ast-site-content-layout":"default","site-content-style":"default","site-sidebar-style":"default","ast-global-header-display":"","ast-banner-title-visibility":"","ast-main-header-display":"","ast-hfb-above-header-display":"","ast-hfb-below-header-display":"","ast-hfb-mobile-header-display":"","site-post-title":"","ast-breadcrumbs-content":"","ast-featured-img":"","footer-sml-layout":"","ast-disable-related-posts":"","theme-transparent-header-meta":"default","adv-header-id-meta":"","stick-header-meta":"","header-above-stick-meta":"","header-main-stick-meta":"","header-below-stick-meta":"","astra-migrate-meta-layouts":"set","ast-page-background-enabled":"default","ast-page-background-meta":{"desktop":{"background-color":"var(--ast-global-color-5)","background-image":"","background-repeat":"repeat","background-position":"center center","background-size":"auto","background-attachment":"scroll","background-type":"","background-media":"","overlay-type":"","overlay-color":"","overlay-opacity":"","overlay-gradient":""},"tablet":{"background-color":"","background-image":"","background-repeat":"repeat","background-position":"center center","background-size":"auto","background-attachment":"scroll","background-type":"","background-media":"","overlay-type":"","overlay-color":"","overlay-opacity":"","overlay-gradient":""},"mobile":{"background-color":"","background-image":"","background-repeat":"repeat","background-position":"center center","background-size":"auto","background-attachment":"scroll","background-type":"","background-media":"","overlay-type":"","overlay-color":"","overlay-opacity":"","overlay-gradient":""}},"ast-content-background-meta":{"desktop":{"background-color":"var(--ast-global-color-4)","background-image":"","background-repeat":"repeat","background-position":"center center","background-size":"auto","background-attachment":"scroll","background-type":"","background-media":"","overlay-type":"","overlay-color":"","overlay-opacity":"","overlay-gradient":""},"tablet":{"background-color":"var(--ast-global-color-4)","background-image":"","background-repeat":"repeat","background-position":"center center","background-size":"auto","background-attachment":"scroll","background-type":"","background-media":"","overlay-type":"","overlay-color":"","overlay-opacity":"","overlay-gradient":""},"mobile":{"background-color":"var(--ast-global-color-4)","background-image":"","background-repeat":"repeat","background-position":"center center","background-size":"auto","background-attachment":"scroll","background-type":"","background-media":"","overlay-type":"","overlay-color":"","overlay-opacity":"","overlay-gradient":""}}},"product_brand":[],"product_cat":[21,153],"product_tag":[80,79,81,77,78,76],"class_list":{"0":"post-858","1":"product","2":"type-product","3":"status-publish","4":"has-post-thumbnail","6":"product_cat-baling-machine","7":"product_cat-horizontal-baler","8":"product_tag-full-auto-paper-baler-machine","9":"product_tag-full-auto-pet-bottle-baler-machine","10":"product_tag-full-auto-straw-baler-machine","11":"product_tag-fully-automatic-baler-machine","12":"product_tag-fully-automatic-baling-press","13":"product_tag-fully-automatic-horizontal-baler","14":"desktop-align-left","15":"tablet-align-left","16":"mobile-align-left","18":"first","19":"instock","20":"featured","21":"shipping-taxable","22":"product-type-simple"},"_links":{"self":[{"href":"https:\/\/www.gigapa.com\/es\/wp-json\/wp\/v2\/product\/858","targetHints":{"allow":["GET"]}}],"collection":[{"href":"https:\/\/www.gigapa.com\/es\/wp-json\/wp\/v2\/product"}],"about":[{"href":"https:\/\/www.gigapa.com\/es\/wp-json\/wp\/v2\/types\/product"}],"version-history":[{"count":14,"href":"https:\/\/www.gigapa.com\/es\/wp-json\/wp\/v2\/product\/858\/revisions"}],"predecessor-version":[{"id":2659,"href":"https:\/\/www.gigapa.com\/es\/wp-json\/wp\/v2\/product\/858\/revisions\/2659"}],"wp:featuredmedia":[{"embeddable":true,"href":"https:\/\/www.gigapa.com\/es\/wp-json\/wp\/v2\/media\/582"}],"wp:attachment":[{"href":"https:\/\/www.gigapa.com\/es\/wp-json\/wp\/v2\/media?parent=858"}],"wp:term":[{"taxonomy":"product_brand","embeddable":true,"href":"https:\/\/www.gigapa.com\/es\/wp-json\/wp\/v2\/product_brand?post=858"},{"taxonomy":"product_cat","embeddable":true,"href":"https:\/\/www.gigapa.com\/es\/wp-json\/wp\/v2\/product_cat?post=858"},{"taxonomy":"product_tag","embeddable":true,"href":"https:\/\/www.gigapa.com\/es\/wp-json\/wp\/v2\/product_tag?post=858"}],"curies":[{"name":"wp","href":"https:\/\/api.w.org\/{rel}","templated":true}]}}