{"id":861,"date":"2025-05-06T16:40:41","date_gmt":"2025-05-06T08:40:41","guid":{"rendered":"https:\/\/gigapa.com\/?post_type=product&#038;p=861"},"modified":"2025-10-13T09:21:02","modified_gmt":"2025-10-13T01:21:02","slug":"door-covered-metal-baling-machines","status":"publish","type":"product","link":"https:\/\/www.gigapa.com\/es\/product\/door-covered-metal-baling-machines\/","title":{"rendered":"Fardadoras de metales con puerta cubierta GFB-P"},"content":{"rendered":"<h3>Introducci\u00f3n del equipo:<\/h3>\n<p>La m\u00e1quina embaladora de metal tipo cubierta de puerta, tambi\u00e9n conocida como m\u00e1quina briqueteadora de metal tipo cubierta de puerta, consta de un bastidor, una cubierta de puerta, un cilindro hidr\u00e1ulico, un cabezal de prensado, una puerta de paquete, una estaci\u00f3n hidr\u00e1ulica y otros componentes. El cilindro de la cubierta de la puerta, el cilindro lateral y el cilindro principal comprimen el material met\u00e1lico en tres direcciones, respectivamente, comprimi\u00e9ndolo finalmente en un prisma rectangular compacto. De este modo se consigue reducir el volumen y aumentar la densidad aparente. Los bloques comprimidos son convenientes para cargar y descargar, almacenar y transportar, y cargar en hornos, reduciendo significativamente los costes a lo largo de toda la cadena de la industria de reciclaje y regeneraci\u00f3n de metales, especialmente los costes de transporte y almacenamiento. Por lo tanto, este equipo es particularmente ampliamente utilizado en el campo del reciclaje y regeneraci\u00f3n de metales.<\/p>\n<div class=\"ast-oembed-container\" style=\"height: 100%;\"><iframe title=\"\u00a1Esta empacadora de metal es un monstruo! \u00a1Mira c\u00f3mo aplasta la chatarra como si fuera papel! #balermachine #metalbaler\" width=\"500\" height=\"281\" src=\"https:\/\/www.youtube.com\/embed\/DQgiCDZwxDk?feature=oembed\" frameborder=\"0\" allow=\"accelerometer; autoplay; clipboard-write; encrypted-media; gyroscope; picture-in-picture; web-share\" referrerpolicy=\"strict-origin-when-cross-origin\" allowfullscreen><\/iframe><\/div>\n<h3>\u00c1mbito de aplicaci\u00f3n:<\/h3>\n<table style=\"border-collapse: collapse; width: 1348px; height: 343px;\" border=\"0\" width=\"1428\" cellspacing=\"0\" cellpadding=\"0\">\n<tbody>\n<tr style=\"height: 13.50pt;\">\n<td style=\"height: 13.50pt; width: 177.00pt;\" width=\"236\" height=\"18\">Chatarra met\u00e1lica en general<\/td>\n<td style=\"width: 894.00pt;\" width=\"1192\">Latas de aluminio, chatarra de acero, chatarra de hierro, residuos de aluminio, residuos de cobre, residuos de tejas de acero de colores, residuos de barras de refuerzo para la construcci\u00f3n, residuos de perfiles de aluminio<\/td>\n<\/tr>\n<tr style=\"height: 13.50pt;\">\n<td style=\"height: 13.50pt;\" height=\"18\">Gr\u00e1nulos de metales ferrosos<\/td>\n<td>Virutas granuladas de acero inoxidable, virutas granuladas de acero, virutas granuladas de hierro, desechos de estampaci\u00f3n<\/td>\n<\/tr>\n<tr style=\"height: 13.50pt;\">\n<td style=\"height: 13.50pt;\" height=\"18\">Gr\u00e1nulos de metales no f\u00e9rreos<\/td>\n<td>Virutas de aluminio granulado, virutas de titanio granulado<\/td>\n<\/tr>\n<tr style=\"height: 13.50pt;\">\n<td style=\"height: 13.50pt;\" height=\"18\">Residuos met\u00e1licos estructurales<\/td>\n<td>Carcasas desmontadas de autom\u00f3viles, electrodom\u00e9sticos y ordenadores; papel de aluminio clasificado a partir de l\u00e1minas de electrodos de bater\u00edas de litio.<\/td>\n<\/tr>\n<tr style=\"height: 13.50pt;\">\n<td style=\"height: 13.50pt;\" height=\"18\">Subproductos de fabricaci\u00f3n<\/td>\n<td>Virutas granuladas producidas durante la fabricaci\u00f3n de chapas refinadas<\/td>\n<\/tr>\n<tr style=\"height: 13.50pt;\">\n<td style=\"height: 13.50pt;\" height=\"18\">Residuos met\u00e1licos diversos<\/td>\n<td>Desechos de chapa de acero al silicio, filtros de aceite, bidones de aceite, latas de pintura, desechos de productos de papel de aluminio<\/td>\n<\/tr>\n<\/tbody>\n<\/table>\n<h3>Par\u00e1metros del modelo:<\/h3>\n<table style=\"border-collapse: collapse; width: 980px; height: 453px;\" border=\"0\" width=\"822\" cellspacing=\"0\" cellpadding=\"0\">\n<tbody>\n<tr style=\"height: 13.50pt;\">\n<td style=\"height: 13.50pt; width: 187.50pt;\" width=\"250\" height=\"18\">Modelo<\/td>\n<td style=\"width: 107.25pt;\" width=\"143\">GFB-P2512<\/td>\n<td style=\"width: 107.25pt;\" width=\"143\">GFB-P3512<\/td>\n<td style=\"width: 107.25pt;\" width=\"143\">GFB-P4016<\/td>\n<td style=\"width: 107.25pt;\" width=\"143\">GFB-P5025<\/td>\n<\/tr>\n<tr style=\"height: 13.50pt;\">\n<td class=\"et2\" style=\"height: 13.50pt;\" height=\"18\">Tama\u00f1o del embalaje (A\u00d7A\u00d7L)(mm)<\/td>\n<td class=\"et2\">1200\u00d7700\u00d7600<\/td>\n<td class=\"et2\">1400\u00d7900\u00d7700<\/td>\n<td class=\"et2\">1600\u00d71000\u00d7800<\/td>\n<td class=\"et2\">2000\u00d71400\u00d71000<\/td>\n<\/tr>\n<tr style=\"height: 13.50pt;\">\n<td style=\"height: 13.50pt;\" height=\"18\">Presi\u00f3n de la botella principal (T)<\/td>\n<td class=\"et2\">250\u00d7250<\/td>\n<td class=\"et2\">350\u00d7350<\/td>\n<td class=\"et2\">400\u00d7400<\/td>\n<td class=\"et2\">500\u00d7500<\/td>\n<\/tr>\n<tr style=\"height: 13.50pt;\">\n<td style=\"height: 13.50pt;\" height=\"18\">Presi\u00f3n subcil\u00edndrica (T)<\/td>\n<td class=\"et2\">125<\/td>\n<td class=\"et2\">125<\/td>\n<td class=\"et2\">160<\/td>\n<td class=\"et2\">250<\/td>\n<\/tr>\n<tr style=\"height: 13.50pt;\">\n<td style=\"height: 13.50pt;\" height=\"18\">Potencia hidr\u00e1ulica (kW)<\/td>\n<td class=\"et2\">11<\/td>\n<td class=\"et2\">15<\/td>\n<td class=\"et2\">22<\/td>\n<td class=\"et2\">45<\/td>\n<\/tr>\n<tr style=\"height: 13.50pt;\">\n<td style=\"height: 13.50pt;\" height=\"18\">Dimensiones (L\u00d7A\u00d7H)(mm)<\/td>\n<td class=\"et2\">3200\u00d72800\u00d72000<\/td>\n<td class=\"et2\">3500\u00d73200\u00d72300<\/td>\n<td class=\"et2\">4100\u00d73700\u00d72600<\/td>\n<td class=\"et2\">4900\u00d74650\u00d73150<\/td>\n<\/tr>\n<tr style=\"height: 13.50pt;\">\n<td style=\"height: 13.50pt;\" height=\"18\">Peso total (kg)<\/td>\n<td class=\"et2\">Aprox. 6000<\/td>\n<td class=\"et2\">Aprox. 8400<\/td>\n<td class=\"et2\">Aprox. 11300<\/td>\n<td class=\"et2\">Aprox. 21100<\/td>\n<\/tr>\n<\/tbody>\n<\/table>\n<p>Los modelos anteriores son modelos universales est\u00e1ndar. Si necesita otros modelos, p\u00f3ngase en contacto con nuestro personal, y tambi\u00e9n podemos ofrecer servicios personalizados seg\u00fan sus necesidades.<\/p>\n<h3>Aspectos t\u00e9cnicos destacados:<\/h3>\n<p>1. Duradero y fiable<br \/>\nTodas las superficies en contacto con los materiales est\u00e1n cubiertas con placas resistentes al desgaste, y las posiciones clave de tensi\u00f3n est\u00e1n dise\u00f1adas con un gran factor de seguridad.<\/p>\n<p>2. Estable y fiable<br \/>\nSe a\u00f1aden rodamientos en los puntos de articulaci\u00f3n para mejorar la estabilidad y fiabilidad del funcionamiento del equipo.<\/p>\n<p>3. Antimanipulaci\u00f3n inteligente<br \/>\nEl programa PLC inteligente, meticulosamente elaborado por ingenieros, previene eficazmente los da\u00f1os en los equipos causados por un funcionamiento accidental.<\/p>\n<p><img fetchpriority=\"high\" decoding=\"async\" class=\"alignnone wp-image-1034\" title=\"Empacadoras de metales con puerta cubierta\" src=\"https:\/\/www.gigapa.com\/wp-content\/uploads\/2025\/05\/\u5e9f\u65e7\u6cb9\u6f06\u6876\u6253\u5305\u538b\u7f29.jpg\" alt=\"Empacadoras de metales con puerta cubierta\" width=\"500\" height=\"314\" srcset=\"https:\/\/www.gigapa.com\/wp-content\/uploads\/2025\/05\/\u5e9f\u65e7\u6cb9\u6f06\u6876\u6253\u5305\u538b\u7f29.jpg 1034w, https:\/\/www.gigapa.com\/wp-content\/uploads\/2025\/05\/\u5e9f\u65e7\u6cb9\u6f06\u6876\u6253\u5305\u538b\u7f29-300x188.jpg 300w, https:\/\/www.gigapa.com\/wp-content\/uploads\/2025\/05\/\u5e9f\u65e7\u6cb9\u6f06\u6876\u6253\u5305\u538b\u7f29-1024x643.jpg 1024w, https:\/\/www.gigapa.com\/wp-content\/uploads\/2025\/05\/\u5e9f\u65e7\u6cb9\u6f06\u6876\u6253\u5305\u538b\u7f29-768x482.jpg 768w, https:\/\/www.gigapa.com\/wp-content\/uploads\/2025\/05\/\u5e9f\u65e7\u6cb9\u6f06\u6876\u6253\u5305\u538b\u7f29-600x377.jpg 600w\" sizes=\"(max-width: 500px) 100vw, 500px\" \/> <img decoding=\"async\" class=\"alignnone wp-image-1035\" title=\"Empacadoras de metales con puerta cubierta\" src=\"https:\/\/www.gigapa.com\/wp-content\/uploads\/2025\/05\/\u65e7\u91d1\u5c5e.png\" alt=\"Empacadoras de metales con puerta cubierta\" width=\"500\" height=\"314\" srcset=\"https:\/\/www.gigapa.com\/wp-content\/uploads\/2025\/05\/\u65e7\u91d1\u5c5e.png 1034w, https:\/\/www.gigapa.com\/wp-content\/uploads\/2025\/05\/\u65e7\u91d1\u5c5e-300x188.png 300w, https:\/\/www.gigapa.com\/wp-content\/uploads\/2025\/05\/\u65e7\u91d1\u5c5e-1024x643.png 1024w, https:\/\/www.gigapa.com\/wp-content\/uploads\/2025\/05\/\u65e7\u91d1\u5c5e-768x482.png 768w, https:\/\/www.gigapa.com\/wp-content\/uploads\/2025\/05\/\u65e7\u91d1\u5c5e-600x377.png 600w\" sizes=\"(max-width: 500px) 100vw, 500px\" \/><\/p>\n<p><img decoding=\"async\" class=\"alignnone wp-image-1036\" title=\"Empacadoras de metales con puerta cubierta\" src=\"https:\/\/www.gigapa.com\/wp-content\/uploads\/2025\/05\/\u94c1\u5c51.png\" alt=\"Empacadoras de metales con puerta cubierta\" width=\"500\" height=\"314\" srcset=\"https:\/\/www.gigapa.com\/wp-content\/uploads\/2025\/05\/\u94c1\u5c51.png 1034w, https:\/\/www.gigapa.com\/wp-content\/uploads\/2025\/05\/\u94c1\u5c51-300x188.png 300w, https:\/\/www.gigapa.com\/wp-content\/uploads\/2025\/05\/\u94c1\u5c51-1024x643.png 1024w, https:\/\/www.gigapa.com\/wp-content\/uploads\/2025\/05\/\u94c1\u5c51-768x482.png 768w, https:\/\/www.gigapa.com\/wp-content\/uploads\/2025\/05\/\u94c1\u5c51-600x377.png 600w\" sizes=\"(max-width: 500px) 100vw, 500px\" \/> <img loading=\"lazy\" decoding=\"async\" class=\"alignnone wp-image-1037\" title=\"Empacadoras de metales con puerta cubierta\" src=\"https:\/\/www.gigapa.com\/wp-content\/uploads\/2025\/05\/\u6613\u62c9\u7f501.png\" alt=\"Empacadoras de metales con puerta cubierta\" width=\"500\" height=\"314\" srcset=\"https:\/\/www.gigapa.com\/wp-content\/uploads\/2025\/05\/\u6613\u62c9\u7f501.png 1034w, https:\/\/www.gigapa.com\/wp-content\/uploads\/2025\/05\/\u6613\u62c9\u7f501-300x188.png 300w, https:\/\/www.gigapa.com\/wp-content\/uploads\/2025\/05\/\u6613\u62c9\u7f501-1024x643.png 1024w, https:\/\/www.gigapa.com\/wp-content\/uploads\/2025\/05\/\u6613\u62c9\u7f501-768x482.png 768w, https:\/\/www.gigapa.com\/wp-content\/uploads\/2025\/05\/\u6613\u62c9\u7f501-600x377.png 600w\" sizes=\"(max-width: 500px) 100vw, 500px\" \/><\/p>\n<h3>Proceso de trabajo:<\/h3>\n<ul>\n<li>Alimentaci\u00f3n: La chatarra met\u00e1lica se carga en la c\u00e1mara de compresi\u00f3n manualmente o mediante cinta transportadora<\/li>\n<li>Compresi\u00f3n: El cilindro hidr\u00e1ulico aplica entre 100 y 300 toneladas de presi\u00f3n para compresiones m\u00faltiples<\/li>\n<li>Conformado: Conformado de bloques rectangulares de alta densidad (densidad 2-5 toneladas\/m\u00b3)<\/li>\n<li>Empuje hacia fuera: El exclusivo dispositivo de empuje lateral empuja los bloques acabados completamente hacia fuera.<\/li>\n<li>Descarga: Los bloques pueden transportarse con carretilla elevadora o cinta transportadora.<\/li>\n<li>Reinicio: El equipo se reinicia autom\u00e1ticamente y se prepara para el siguiente ciclo<\/li>\n<\/ul>\n<h3>Ventajas principales de la m\u00e1quina compactadora hidr\u00e1ulica de metales para cubiertas de puertas:<\/h3>\n<p><strong>Producci\u00f3n de alta eficiencia<\/strong><\/p>\n<ul>\n<li>Capaz de enfardar docenas de bolsas de chatarra met\u00e1lica por hora, superando con creces la eficacia del procesamiento manual.<\/li>\n<\/ul>\n<p><strong>Optimizaci\u00f3n de costes<\/strong><\/p>\n<ul>\n<li>La compresi\u00f3n reduce el volumen en m\u00e1s de 80%, lo que reduce significativamente los costes de almacenamiento.<\/li>\n<li>Las balas regularizadas facilitan el transporte, reduciendo los costes de transporte en 30%-50%<\/li>\n<\/ul>\n<p><strong>Beneficios de valor a\u00f1adido<\/strong><\/p>\n<ul>\n<li>Las balas de metal puro de alta densidad aumentan los precios del reciclado en 15%-20%<\/li>\n<\/ul>\n<p><strong>Cumplimiento de la normativa medioambiental<\/strong><\/p>\n<ul>\n<li>El empacado cerrado reduce los riesgos de contaminaci\u00f3n<\/li>\n<li>Cumple plenamente la normativa medioambiental m\u00e1s reciente<\/li>\n<\/ul>\n<p><strong>Mejoras en la gesti\u00f3n<\/strong><\/p>\n<ul>\n<li>Las balas estandarizadas facilitan el almacenamiento y la gesti\u00f3n<\/li>\n<li>Mejorar la imagen de producci\u00f3n ecol\u00f3gica de la empresa<\/li>\n<\/ul>\n<p>(La capacidad de procesamiento del equipo puede personalizarse seg\u00fan las necesidades)<\/p>\n<h3>Preguntas frecuentes<\/h3>\n<p>1. P: \u00bfSon ustedes fabricantes de maquinaria hidr\u00e1ulica de reciclaje de chatarra?<br \/>\nR: Si, GIGAPA es un fabricante profesional de maquinaria de reciclaje de chatarra, enfocado en el dise\u00f1o y producci\u00f3n de varios tipos de prensas embaladoras de chatarra, trituradoras, briqueteadoras de metal y otros equipos mec\u00e1nicos. Tenemos muchos a\u00f1os de experiencia en la industria y acumulaci\u00f3n t\u00e9cnica, proporcionando servicios OEM y ODM.<\/p>\n<p>2. P: \u00bfPueden ofrecer servicios personalizados?<br \/>\nR: S\u00ed, tenemos una gran experiencia en personalizaci\u00f3n y podemos dise\u00f1ar y fabricar productos seg\u00fan las necesidades espec\u00edficas de los clientes.<\/p>\n<p>3. P: \u00bfCu\u00e1l es la cantidad m\u00ednima de pedido?<br \/>\nR: El pedido m\u00ednimo es de 1 juego.<\/p>\n<p>4. P: \u00bfC\u00f3mo controlan la calidad de los productos?<br \/>\nR: Contamos con un estricto sistema de control de calidad, y todos los productos se someter\u00e1n a una rigurosa inspecci\u00f3n de calidad antes de su envasado. Si el cliente no est\u00e1 satisfecho con el producto de alguna manera, le responderemos r\u00e1pidamente y le proporcionaremos una soluci\u00f3n.<\/p>\n<p>5. P: \u00bfC\u00f3mo hacer un pedido?<br \/>\nR: El cliente selecciona el producto y nos indica la cantidad necesaria. Una vez confirmados los detalles, le haremos un presupuesto. Despu\u00e9s de que el cliente confirme y facilite la direcci\u00f3n de entrega, emitiremos una factura pro forma y esperaremos a que el cliente pague.<\/p>\n<p>6. P: \u00bfCu\u00e1les son las formas de pago?<br \/>\nR: La forma de pago que aceptamos es la transferencia telegr\u00e1fica (T\/T).<\/p>","protected":false},"excerpt":{"rendered":"<p>La enfardadora de metales con puerta cubierta est\u00e1 dise\u00f1ada espec\u00edficamente para comprimir y enfardar de forma eficaz chatarra met\u00e1lica, como aluminio, acero y cobre. Con un dise\u00f1o robusto y cubierto por una puerta, esta m\u00e1quina proporciona una mayor seguridad y ayuda a contener los materiales durante el proceso de empacado. Es ideal para dep\u00f3sitos de chatarra, centros de reciclaje y plantas de procesamiento de metales, ya que ofrece un potente rendimiento y una alta densidad de bala. La cubierta de la puerta garantiza una manipulaci\u00f3n segura de los materiales, reduciendo el riesgo de dispersi\u00f3n de residuos y mejorando la seguridad en el lugar de trabajo.<\/p>","protected":false},"featured_media":1907,"template":"","meta":{"site-sidebar-layout":"default","site-content-layout":"","ast-site-content-layout":"default","site-content-style":"default","site-sidebar-style":"default","ast-global-header-display":"","ast-banner-title-visibility":"","ast-main-header-display":"","ast-hfb-above-header-display":"","ast-hfb-below-header-display":"","ast-hfb-mobile-header-display":"","site-post-title":"","ast-breadcrumbs-content":"","ast-featured-img":"","footer-sml-layout":"","ast-disable-related-posts":"","theme-transparent-header-meta":"default","adv-header-id-meta":"","stick-header-meta":"","header-above-stick-meta":"","header-main-stick-meta":"","header-below-stick-meta":"","astra-migrate-meta-layouts":"set","ast-page-background-enabled":"default","ast-page-background-meta":{"desktop":{"background-color":"var(--ast-global-color-5)","background-image":"","background-repeat":"repeat","background-position":"center center","background-size":"auto","background-attachment":"scroll","background-type":"","background-media":"","overlay-type":"","overlay-color":"","overlay-opacity":"","overlay-gradient":""},"tablet":{"background-color":"","background-image":"","background-repeat":"repeat","background-position":"center center","background-size":"auto","background-attachment":"scroll","background-type":"","background-media":"","overlay-type":"","overlay-color":"","overlay-opacity":"","overlay-gradient":""},"mobile":{"background-color":"","background-image":"","background-repeat":"repeat","background-position":"center center","background-size":"auto","background-attachment":"scroll","background-type":"","background-media":"","overlay-type":"","overlay-color":"","overlay-opacity":"","overlay-gradient":""}},"ast-content-background-meta":{"desktop":{"background-color":"var(--ast-global-color-4)","background-image":"","background-repeat":"repeat","background-position":"center center","background-size":"auto","background-attachment":"scroll","background-type":"","background-media":"","overlay-type":"","overlay-color":"","overlay-opacity":"","overlay-gradient":""},"tablet":{"background-color":"var(--ast-global-color-4)","background-image":"","background-repeat":"repeat","background-position":"center center","background-size":"auto","background-attachment":"scroll","background-type":"","background-media":"","overlay-type":"","overlay-color":"","overlay-opacity":"","overlay-gradient":""},"mobile":{"background-color":"var(--ast-global-color-4)","background-image":"","background-repeat":"repeat","background-position":"center center","background-size":"auto","background-attachment":"scroll","background-type":"","background-media":"","overlay-type":"","overlay-color":"","overlay-opacity":"","overlay-gradient":""}}},"product_brand":[],"product_cat":[21,155],"product_tag":[95,98,97,94,96,93],"class_list":{"0":"post-861","1":"product","2":"type-product","3":"status-publish","4":"has-post-thumbnail","6":"product_cat-baling-machine","7":"product_cat-metal-baler","8":"product_tag-china-door-covered-metal-baler","9":"product_tag-door-covered-metal-baler-factory","10":"product_tag-door-covered-metal-baler-for-sale","11":"product_tag-door-covered-metal-baler-manufacturer","12":"product_tag-door-covered-metal-baler-price","13":"product_tag-door-covered-metal-baling-machine-supplier","14":"desktop-align-left","15":"tablet-align-left","16":"mobile-align-left","18":"first","19":"instock","20":"featured","21":"shipping-taxable","22":"product-type-simple"},"_links":{"self":[{"href":"https:\/\/www.gigapa.com\/es\/wp-json\/wp\/v2\/product\/861","targetHints":{"allow":["GET"]}}],"collection":[{"href":"https:\/\/www.gigapa.com\/es\/wp-json\/wp\/v2\/product"}],"about":[{"href":"https:\/\/www.gigapa.com\/es\/wp-json\/wp\/v2\/types\/product"}],"version-history":[{"count":11,"href":"https:\/\/www.gigapa.com\/es\/wp-json\/wp\/v2\/product\/861\/revisions"}],"predecessor-version":[{"id":2515,"href":"https:\/\/www.gigapa.com\/es\/wp-json\/wp\/v2\/product\/861\/revisions\/2515"}],"wp:featuredmedia":[{"embeddable":true,"href":"https:\/\/www.gigapa.com\/es\/wp-json\/wp\/v2\/media\/1907"}],"wp:attachment":[{"href":"https:\/\/www.gigapa.com\/es\/wp-json\/wp\/v2\/media?parent=861"}],"wp:term":[{"taxonomy":"product_brand","embeddable":true,"href":"https:\/\/www.gigapa.com\/es\/wp-json\/wp\/v2\/product_brand?post=861"},{"taxonomy":"product_cat","embeddable":true,"href":"https:\/\/www.gigapa.com\/es\/wp-json\/wp\/v2\/product_cat?post=861"},{"taxonomy":"product_tag","embeddable":true,"href":"https:\/\/www.gigapa.com\/es\/wp-json\/wp\/v2\/product_tag?post=861"}],"curies":[{"name":"wp","href":"https:\/\/api.w.org\/{rel}","templated":true}]}}