{"id":862,"date":"2025-05-06T16:41:20","date_gmt":"2025-05-06T08:41:20","guid":{"rendered":"https:\/\/gigapa.com\/?post_type=product&#038;p=862"},"modified":"2025-10-13T09:20:56","modified_gmt":"2025-10-13T01:20:56","slug":"continuous-metal-baling-machines","status":"publish","type":"product","link":"https:\/\/www.gigapa.com\/es\/product\/continuous-metal-baling-machines\/","title":{"rendered":"Fardadoras continuas de metales GFB-C"},"content":{"rendered":"<h3>Introducci\u00f3n del equipo:<\/h3>\n<p>Las prensas continuas para metales tambi\u00e9n se conocen como prensas briquetadoras de tolva y se utilizan principalmente para comprimir chatarra met\u00e1lica en bloques. Pueden expulsar parte del l\u00edquido, aumentar la densidad aparente, facilitar el apilamiento y reciclar. Son especialmente adecuadas para materiales con una alta densidad aparente original. Al utilizar una tolva para almacenar el material, permiten una alimentaci\u00f3n y compresi\u00f3n continuas, lo que reduce el tiempo de inactividad para la carga y mejora la eficiencia de la producci\u00f3n. Cuando se combinan con transportadores, pueden integrarse f\u00e1cilmente con el equipo de producci\u00f3n existente para formar una l\u00ednea de procesamiento automatizada. Por ello, se utilizan mucho en situaciones en las que los materiales son dif\u00edciles de comprimir, cuando se requiere un alto grado de automatizaci\u00f3n y cuando necesitan formar una l\u00ednea de producci\u00f3n con otros equipos.<\/p>\n<div class=\"ast-oembed-container\" style=\"height: 100%;\"><iframe title=\"Prensa embaladora de metales autom\u00e1tica para comprimir latas de aluminio #metalbaler\" width=\"500\" height=\"281\" src=\"https:\/\/www.youtube.com\/embed\/yoVsOgq1rH8?feature=oembed\" frameborder=\"0\" allow=\"accelerometer; autoplay; clipboard-write; encrypted-media; gyroscope; picture-in-picture; web-share\" referrerpolicy=\"strict-origin-when-cross-origin\" allowfullscreen><\/iframe><\/div>\n<h3>\u00c1mbito de aplicaci\u00f3n:<\/h3>\n<table style=\"border-collapse: collapse; width: 1354px; height: 397px;\" border=\"0\" width=\"1470\" cellspacing=\"0\" cellpadding=\"0\">\n<tbody>\n<tr style=\"height: 13.50pt;\">\n<td style=\"height: 13.50pt; width: 177.00pt;\" width=\"236\" height=\"18\">Chatarra met\u00e1lica en general<\/td>\n<td style=\"width: 925.50pt;\" width=\"1234\">Latas de aluminio, chatarra de acero, chatarra de hierro, residuos de aluminio, residuos de cobre, residuos de baldosas de acero con revestimiento de color, residuos de barras de refuerzo para la construcci\u00f3n, residuos de perfiles de aluminio<\/td>\n<\/tr>\n<tr style=\"height: 13.50pt;\">\n<td style=\"height: 13.50pt;\" height=\"18\">Gr\u00e1nulos de metales ferrosos<\/td>\n<td>Virutas granuladas de acero inoxidable, virutas granuladas de acero, virutas granuladas de hierro, desechos de estampaci\u00f3n<\/td>\n<\/tr>\n<tr style=\"height: 13.50pt;\">\n<td style=\"height: 13.50pt;\" height=\"18\">Gr\u00e1nulos de metales no f\u00e9rreos<\/td>\n<td>Virutas de aluminio granulado, virutas de titanio granulado<\/td>\n<\/tr>\n<tr style=\"height: 13.50pt;\">\n<td style=\"height: 13.50pt;\" height=\"18\">Residuos met\u00e1licos estructurales<\/td>\n<td>Carrocer\u00edas de coches desmontadas, carcasas de electrodom\u00e9sticos, carcasas de ordenadores; papel de aluminio clasificado a partir de piezas de electrodos de bater\u00edas de litio.<\/td>\n<\/tr>\n<tr style=\"height: 13.50pt;\">\n<td style=\"height: 13.50pt;\" height=\"18\">Subproductos de fabricaci\u00f3n<\/td>\n<td>Virutas granuladas procedentes de la producci\u00f3n de chapas refinadas, chapas gruesas de aluminio\/desechos de aluminio procedentes del mecanizado en bruto<\/td>\n<\/tr>\n<tr style=\"height: 13.50pt;\">\n<td style=\"height: 13.50pt;\" height=\"18\">Residuos met\u00e1licos diversos<\/td>\n<td>Desechos de chapa de acero al silicio, filtros de aceite, bidones de aceite, latas de pintura, desechos de productos de papel de aluminio<\/td>\n<\/tr>\n<tr style=\"height: 13.50pt;\">\n<td style=\"height: 13.50pt;\" height=\"18\">Industrias de aplicaci\u00f3n<\/td>\n<td>Reciclaje de metales, fabricaci\u00f3n de autom\u00f3viles, aeroespacial, regeneraci\u00f3n de recursos, fundici\u00f3n de metales, otras industrias<\/td>\n<\/tr>\n<\/tbody>\n<\/table>\n<h3>Par\u00e1metros del modelo:<\/h3>\n<table style=\"border-collapse: collapse; width: 708.77pt;\" border=\"0\" width=\"945\" cellspacing=\"0\" cellpadding=\"0\">\n<tbody>\n<tr style=\"height: 13.50pt;\">\n<td class=\"et2\" style=\"height: 13.50pt; width: 177.00pt;\" width=\"236\" height=\"18\">Modelo<\/td>\n<td class=\"et2\" style=\"width: 120.75pt;\" width=\"161\">GFB-C2510<\/td>\n<td class=\"et2\" style=\"width: 135.75pt;\" width=\"181\">GFB-C3016<\/td>\n<td class=\"et2\" style=\"width: 140.25pt;\" width=\"187\">GFB-C3520<\/td>\n<td class=\"et2\" style=\"width: 135.00pt;\" width=\"180\">GFB-C4020<\/td>\n<\/tr>\n<tr style=\"height: 13.50pt;\">\n<td class=\"et2\" style=\"height: 13.50pt;\" height=\"18\">Tama\u00f1o del embalaje (An\u00d7Al)(mm)<\/td>\n<td class=\"et2\">250\u00d7250<\/td>\n<td class=\"et2\">300\u00d7300<\/td>\n<td class=\"et2\">350\u00d7350<\/td>\n<td class=\"et2\">400\u00d7400<\/td>\n<\/tr>\n<tr style=\"height: 13.50pt;\">\n<td class=\"et2\" style=\"height: 13.50pt;\" height=\"18\">Presi\u00f3n del cilindro principal (T)<\/td>\n<td class=\"et2\">100<\/td>\n<td class=\"et2\">160<\/td>\n<td class=\"et2\">200<\/td>\n<td class=\"et2\">250<\/td>\n<\/tr>\n<tr style=\"height: 13.50pt;\">\n<td class=\"et2\" style=\"height: 13.50pt;\" height=\"18\">Presi\u00f3n subcil\u00edndrica (T)<\/td>\n<td class=\"et2\">50\u00d72<\/td>\n<td class=\"et2\">80\u00d72<\/td>\n<td class=\"et2\">100\u00d72<\/td>\n<td class=\"et2\">125\u00d72<\/td>\n<\/tr>\n<tr style=\"height: 13.50pt;\">\n<td class=\"et2\" style=\"height: 13.50pt;\" height=\"18\">Potencia hidr\u00e1ulica (kW)<\/td>\n<td class=\"et2\">22<\/td>\n<td class=\"et2\">45<\/td>\n<td class=\"et2\">30\u00d72<\/td>\n<td class=\"et2\">45\u00d72<\/td>\n<\/tr>\n<tr style=\"height: 13.50pt;\">\n<td class=\"et2\" style=\"height: 13.50pt;\" height=\"18\">Tama\u00f1o del alojamiento (L\u00d7A\u00d7A)(mm)<\/td>\n<td class=\"et2\">3150\u00d73300\u00d72150<\/td>\n<td class=\"et2\">3530\u00d73700\u00d72150<\/td>\n<td class=\"et2\">3950\u00d74130\u00d72450<\/td>\n<td class=\"et2\">4500\u00d74600\u00d72450<\/td>\n<\/tr>\n<tr style=\"height: 13.50pt;\">\n<td class=\"et2\" style=\"height: 13.50pt;\" height=\"18\">Peso total (kg)<\/td>\n<td class=\"et2\">Aprox. 6300<\/td>\n<td class=\"et2\">Aprox. 7500<\/td>\n<td class=\"et2\">Aprox. 9000<\/td>\n<td class=\"et2\">Aprox. 11100<\/td>\n<\/tr>\n<\/tbody>\n<\/table>\n<p>Los modelos anteriores son modelos universales est\u00e1ndar. Si necesita otros modelos, p\u00f3ngase en contacto con nuestro personal, y tambi\u00e9n podemos ofrecer servicios personalizados seg\u00fan sus necesidades.<\/p>\n<h3>Aspectos t\u00e9cnicos destacados:<\/h3>\n<p>1. Fuerza infinita<br \/>\nUtiliza un cilindro de compresi\u00f3n de doble cara para aumentar la presi\u00f3n de compresi\u00f3n y mejorar el efecto de compresi\u00f3n.<\/p>\n<p>2. Canal de l\u00edquidos residuales<br \/>\nLos canales exclusivos para l\u00edquidos y residuos garantizan una superficie del suelo limpia y ordenada.<\/p>\n<p>3. Control inteligente<br \/>\nLos ingenieros han elaborado un programa de PLC inteligente que consigue f\u00e1cilmente una integraci\u00f3n perfecta con otros equipos.<\/p>\n<p><img fetchpriority=\"high\" decoding=\"async\" class=\"alignnone wp-image-1039\" title=\"Empacadoras continuas de metales\" src=\"https:\/\/www.gigapa.com\/wp-content\/uploads\/2025\/05\/\u5e9f\u94a2\u7b4b\u4e00\u4f53\u6210\u578b.jpg\" alt=\"Empacadoras continuas de metales\" width=\"500\" height=\"314\" srcset=\"https:\/\/www.gigapa.com\/wp-content\/uploads\/2025\/05\/\u5e9f\u94a2\u7b4b\u4e00\u4f53\u6210\u578b.jpg 1034w, https:\/\/www.gigapa.com\/wp-content\/uploads\/2025\/05\/\u5e9f\u94a2\u7b4b\u4e00\u4f53\u6210\u578b-300x188.jpg 300w, https:\/\/www.gigapa.com\/wp-content\/uploads\/2025\/05\/\u5e9f\u94a2\u7b4b\u4e00\u4f53\u6210\u578b-1024x643.jpg 1024w, https:\/\/www.gigapa.com\/wp-content\/uploads\/2025\/05\/\u5e9f\u94a2\u7b4b\u4e00\u4f53\u6210\u578b-768x482.jpg 768w, https:\/\/www.gigapa.com\/wp-content\/uploads\/2025\/05\/\u5e9f\u94a2\u7b4b\u4e00\u4f53\u6210\u578b-600x377.jpg 600w\" sizes=\"(max-width: 500px) 100vw, 500px\" \/> <img decoding=\"async\" class=\"alignnone wp-image-1040\" title=\"Empacadoras continuas de metales\" src=\"https:\/\/www.gigapa.com\/wp-content\/uploads\/2025\/05\/\u5e9f\u94dd\u5c51\u4e00\u4f53\u6210\u578b.jpg\" alt=\"Empacadoras continuas de metales\" width=\"500\" height=\"314\" srcset=\"https:\/\/www.gigapa.com\/wp-content\/uploads\/2025\/05\/\u5e9f\u94dd\u5c51\u4e00\u4f53\u6210\u578b.jpg 1034w, https:\/\/www.gigapa.com\/wp-content\/uploads\/2025\/05\/\u5e9f\u94dd\u5c51\u4e00\u4f53\u6210\u578b-300x188.jpg 300w, https:\/\/www.gigapa.com\/wp-content\/uploads\/2025\/05\/\u5e9f\u94dd\u5c51\u4e00\u4f53\u6210\u578b-1024x643.jpg 1024w, https:\/\/www.gigapa.com\/wp-content\/uploads\/2025\/05\/\u5e9f\u94dd\u5c51\u4e00\u4f53\u6210\u578b-768x482.jpg 768w, https:\/\/www.gigapa.com\/wp-content\/uploads\/2025\/05\/\u5e9f\u94dd\u5c51\u4e00\u4f53\u6210\u578b-600x377.jpg 600w\" sizes=\"(max-width: 500px) 100vw, 500px\" \/><\/p>\n<p><img decoding=\"async\" class=\"alignnone wp-image-1041\" title=\"Empacadoras continuas de metales\" src=\"https:\/\/www.gigapa.com\/wp-content\/uploads\/2025\/05\/\u5e9f\u94dc\u7ebf.png\" alt=\"Empacadoras continuas de metales\" width=\"500\" height=\"314\" srcset=\"https:\/\/www.gigapa.com\/wp-content\/uploads\/2025\/05\/\u5e9f\u94dc\u7ebf.png 1034w, https:\/\/www.gigapa.com\/wp-content\/uploads\/2025\/05\/\u5e9f\u94dc\u7ebf-300x188.png 300w, https:\/\/www.gigapa.com\/wp-content\/uploads\/2025\/05\/\u5e9f\u94dc\u7ebf-1024x643.png 1024w, https:\/\/www.gigapa.com\/wp-content\/uploads\/2025\/05\/\u5e9f\u94dc\u7ebf-768x482.png 768w, https:\/\/www.gigapa.com\/wp-content\/uploads\/2025\/05\/\u5e9f\u94dc\u7ebf-600x377.png 600w\" sizes=\"(max-width: 500px) 100vw, 500px\" \/> <img loading=\"lazy\" decoding=\"async\" class=\"alignnone wp-image-1042\" title=\"Empacadoras continuas de metales\" src=\"https:\/\/www.gigapa.com\/wp-content\/uploads\/2025\/05\/\u6613\u62c9\u7f502.jpg\" alt=\"Empacadoras continuas de metales\" width=\"500\" height=\"314\" srcset=\"https:\/\/www.gigapa.com\/wp-content\/uploads\/2025\/05\/\u6613\u62c9\u7f502.jpg 1034w, https:\/\/www.gigapa.com\/wp-content\/uploads\/2025\/05\/\u6613\u62c9\u7f502-300x188.jpg 300w, https:\/\/www.gigapa.com\/wp-content\/uploads\/2025\/05\/\u6613\u62c9\u7f502-1024x643.jpg 1024w, https:\/\/www.gigapa.com\/wp-content\/uploads\/2025\/05\/\u6613\u62c9\u7f502-768x482.jpg 768w, https:\/\/www.gigapa.com\/wp-content\/uploads\/2025\/05\/\u6613\u62c9\u7f502-600x377.jpg 600w\" sizes=\"(max-width: 500px) 100vw, 500px\" \/><\/p>\n<h3>Principio de funcionamiento<\/h3>\n<p data-start=\"548\" data-end=\"586\">1. <strong data-start=\"556\" data-end=\"586\">Carga a trav\u00e9s de la tolva<\/strong><\/p>\n<p data-start=\"590\" data-end=\"919\">La chatarra met\u00e1lica se carga primero en la tolva de la m\u00e1quina manualmente o mediante una cinta transportadora. La tolva proporciona un espacio de almacenamiento para la chatarra met\u00e1lica y garantiza que la chatarra entre en la c\u00e1mara de compresi\u00f3n de manera uniforme. El tama\u00f1o de la tolva puede variar en funci\u00f3n del modelo, lo que determina la cantidad de chatarra que puede contener al mismo tiempo.<\/p>\n<p data-start=\"921\" data-end=\"952\">2. <strong data-start=\"929\" data-end=\"952\">Proceso de compresi\u00f3n<\/strong><\/p>\n<ul>\n<li data-start=\"958\" data-end=\"1241\"><strong data-start=\"958\" data-end=\"981\">C\u00e1mara de compresi\u00f3n<\/strong>: Una vez que la chatarra met\u00e1lica entra en la c\u00e1mara de compresi\u00f3n, el sistema hidr\u00e1ulico se activa para empujar un pist\u00f3n que comprime el material en un bloque compacto. La fuerza de compresi\u00f3n se aplica a trav\u00e9s de un cilindro hidr\u00e1ulico para comprimir la chatarra en un bloque denso.<\/li>\n<li data-start=\"1247\" data-end=\"1583\"><strong data-start=\"1247\" data-end=\"1267\">Sistema hidr\u00e1ulico<\/strong>: El sistema hidr\u00e1ulico es el n\u00facleo del proceso de compresi\u00f3n. El aceite hidr\u00e1ulico a alta presi\u00f3n acciona el pist\u00f3n, que obliga a la chatarra met\u00e1lica a compactarse en un bloque muy compacto. Durante este proceso, la chatarra se comprime hasta alcanzar una alta densidad, lo que suele dar lugar a bloques de forma rectangular o cil\u00edndrica.<\/li>\n<li data-start=\"1589\" data-end=\"1822\"><strong data-start=\"1589\" data-end=\"1610\">Control autom\u00e1tico<\/strong>: La mayor\u00eda de las empacadoras met\u00e1licas continuas est\u00e1n equipadas con un sistema de control autom\u00e1tico. El sistema controla la fuerza y el tiempo de compresi\u00f3n en funci\u00f3n del tama\u00f1o de paca establecido, garantizando la consistencia de la densidad y el tama\u00f1o de cada paca.<\/li>\n<\/ul>\n<p data-start=\"1824\" data-end=\"1855\">3. <strong data-start=\"1832\" data-end=\"1855\">Empacado y expulsi\u00f3n<\/strong><\/p>\n<p data-start=\"1859\" data-end=\"2127\">Una vez que la chatarra met\u00e1lica se ha comprimido hasta alcanzar el volumen y la densidad deseados, la m\u00e1quina activa el sistema de atado. El sistema de atado suele utilizar alambre de acero o correas de pl\u00e1stico para atar el bloque comprimido y darle forma. Una vez atada, la paca se expulsa de la m\u00e1quina.<\/p>\n<ul>\n<li data-start=\"2134\" data-end=\"2302\"><strong data-start=\"2134\" data-end=\"2150\">Sistema de atado<\/strong>: Un brazo mec\u00e1nico o hidr\u00e1ulico utiliza alambres de acero o correas de pl\u00e1stico para asegurar la paca, garantizando que permanezca intacta durante el transporte y el almacenamiento.<\/li>\n<li data-start=\"2308\" data-end=\"2500\"><strong data-start=\"2308\" data-end=\"2327\">Sistema de eyecci\u00f3n<\/strong>: Una vez atada la paca, se expulsa autom\u00e1ticamente de la m\u00e1quina mediante un sistema de expulsi\u00f3n hidr\u00e1ulico o mec\u00e1nico, lista para su posterior procesamiento, transporte o venta.<\/li>\n<\/ul>\n<p data-start=\"2502\" data-end=\"2549\">4. <strong data-start=\"2510\" data-end=\"2549\">Funcionamiento continuo y automatizaci\u00f3n<\/strong><\/p>\n<p data-start=\"2553\" data-end=\"2823\">La naturaleza \"continua\" de la prensa embaladora de metales continua le permite funcionar sin interrupci\u00f3n. Con un sistema de control automatizado, la m\u00e1quina puede realizar continuamente las funciones de carga, compresi\u00f3n, atado y expulsi\u00f3n, lo que mejora enormemente la eficiencia de la producci\u00f3n.<\/p>\n<h3 data-start=\"2825\" data-end=\"2844\">Componentes principales<\/h3>\n<ol>\n<li data-start=\"2848\" data-end=\"2967\"><strong data-start=\"2848\" data-end=\"2868\">Sistema hidr\u00e1ulico<\/strong>: Proporciona potencia a la m\u00e1quina, utilizando cilindros hidr\u00e1ulicos y pistones para comprimir la chatarra.<\/li>\n<li data-start=\"2971\" data-end=\"3052\"><strong data-start=\"2971\" data-end=\"2981\">Tolva<\/strong>: Zona donde se almacena la chatarra y se carga en la m\u00e1quina.<\/li>\n<li data-start=\"3056\" data-end=\"3161\"><strong data-start=\"3056\" data-end=\"3079\">C\u00e1mara de compresi\u00f3n<\/strong>: La zona donde la chatarra met\u00e1lica se compacta a alta presi\u00f3n para formar un bloque.<\/li>\n<li data-start=\"3165\" data-end=\"3272\"><strong data-start=\"3165\" data-end=\"3181\">Sistema de atado<\/strong>: Ata el bloque compactado con alambre de acero o correas de pl\u00e1stico para evitar que se suelte.<\/li>\n<li data-start=\"3276\" data-end=\"3359\"><strong data-start=\"3276\" data-end=\"3295\">Dispositivo de expulsi\u00f3n<\/strong>: Empuja el bloque atado fuera de la m\u00e1quina para su posterior manipulaci\u00f3n.<\/li>\n<\/ol>","protected":false},"excerpt":{"rendered":"<p>La enfardadora continua de metales es una soluci\u00f3n de alta eficacia para comprimir y enfardar chatarra met\u00e1lica de forma continua y sin interrupciones. Dise\u00f1ada para procesar grandes vol\u00famenes de materiales como aluminio, acero y cobre, funciona con un tiempo de inactividad m\u00ednimo, lo que garantiza un flujo de trabajo optimizado. Ideal para dep\u00f3sitos de chatarra, instalaciones de reciclaje y plantas de procesamiento de metales, esta m\u00e1quina presenta una construcci\u00f3n robusta, un alto rendimiento y una excelente densidad de bala. Su funcionamiento continuo reduce los costes de mano de obra, aumenta la productividad y mejora la seguridad al contener los materiales durante el proceso de empacado.<\/p>","protected":false},"featured_media":1733,"template":"","meta":{"site-sidebar-layout":"default","site-content-layout":"","ast-site-content-layout":"default","site-content-style":"default","site-sidebar-style":"default","ast-global-header-display":"","ast-banner-title-visibility":"","ast-main-header-display":"","ast-hfb-above-header-display":"","ast-hfb-below-header-display":"","ast-hfb-mobile-header-display":"","site-post-title":"","ast-breadcrumbs-content":"","ast-featured-img":"","footer-sml-layout":"","ast-disable-related-posts":"","theme-transparent-header-meta":"default","adv-header-id-meta":"","stick-header-meta":"","header-above-stick-meta":"","header-main-stick-meta":"","header-below-stick-meta":"","astra-migrate-meta-layouts":"set","ast-page-background-enabled":"default","ast-page-background-meta":{"desktop":{"background-color":"var(--ast-global-color-5)","background-image":"","background-repeat":"repeat","background-position":"center center","background-size":"auto","background-attachment":"scroll","background-type":"","background-media":"","overlay-type":"","overlay-color":"","overlay-opacity":"","overlay-gradient":""},"tablet":{"background-color":"","background-image":"","background-repeat":"repeat","background-position":"center center","background-size":"auto","background-attachment":"scroll","background-type":"","background-media":"","overlay-type":"","overlay-color":"","overlay-opacity":"","overlay-gradient":""},"mobile":{"background-color":"","background-image":"","background-repeat":"repeat","background-position":"center center","background-size":"auto","background-attachment":"scroll","background-type":"","background-media":"","overlay-type":"","overlay-color":"","overlay-opacity":"","overlay-gradient":""}},"ast-content-background-meta":{"desktop":{"background-color":"var(--ast-global-color-4)","background-image":"","background-repeat":"repeat","background-position":"center center","background-size":"auto","background-attachment":"scroll","background-type":"","background-media":"","overlay-type":"","overlay-color":"","overlay-opacity":"","overlay-gradient":""},"tablet":{"background-color":"var(--ast-global-color-4)","background-image":"","background-repeat":"repeat","background-position":"center center","background-size":"auto","background-attachment":"scroll","background-type":"","background-media":"","overlay-type":"","overlay-color":"","overlay-opacity":"","overlay-gradient":""},"mobile":{"background-color":"var(--ast-global-color-4)","background-image":"","background-repeat":"repeat","background-position":"center center","background-size":"auto","background-attachment":"scroll","background-type":"","background-media":"","overlay-type":"","overlay-color":"","overlay-opacity":"","overlay-gradient":""}}},"product_brand":[],"product_cat":[21,155],"product_tag":[104,103,101,102,100,99],"class_list":{"0":"post-862","1":"product","2":"type-product","3":"status-publish","4":"has-post-thumbnail","6":"product_cat-baling-machine","7":"product_cat-metal-baler","8":"product_tag-china-continuous-metal-baler-factory","9":"product_tag-china-continuous-metal-baling-machine","10":"product_tag-continuous-baler-for-aluminum-shaving","11":"product_tag-continuous-baler-for-ubc","12":"product_tag-continuous-hydraulic-baler-machine","13":"product_tag-continuous-scrap-metal-baler","14":"desktop-align-left","15":"tablet-align-left","16":"mobile-align-left","18":"first","19":"instock","20":"featured","21":"shipping-taxable","22":"product-type-simple"},"_links":{"self":[{"href":"https:\/\/www.gigapa.com\/es\/wp-json\/wp\/v2\/product\/862","targetHints":{"allow":["GET"]}}],"collection":[{"href":"https:\/\/www.gigapa.com\/es\/wp-json\/wp\/v2\/product"}],"about":[{"href":"https:\/\/www.gigapa.com\/es\/wp-json\/wp\/v2\/types\/product"}],"version-history":[{"count":7,"href":"https:\/\/www.gigapa.com\/es\/wp-json\/wp\/v2\/product\/862\/revisions"}],"predecessor-version":[{"id":2483,"href":"https:\/\/www.gigapa.com\/es\/wp-json\/wp\/v2\/product\/862\/revisions\/2483"}],"wp:featuredmedia":[{"embeddable":true,"href":"https:\/\/www.gigapa.com\/es\/wp-json\/wp\/v2\/media\/1733"}],"wp:attachment":[{"href":"https:\/\/www.gigapa.com\/es\/wp-json\/wp\/v2\/media?parent=862"}],"wp:term":[{"taxonomy":"product_brand","embeddable":true,"href":"https:\/\/www.gigapa.com\/es\/wp-json\/wp\/v2\/product_brand?post=862"},{"taxonomy":"product_cat","embeddable":true,"href":"https:\/\/www.gigapa.com\/es\/wp-json\/wp\/v2\/product_cat?post=862"},{"taxonomy":"product_tag","embeddable":true,"href":"https:\/\/www.gigapa.com\/es\/wp-json\/wp\/v2\/product_tag?post=862"}],"curies":[{"name":"wp","href":"https:\/\/api.w.org\/{rel}","templated":true}]}}