{"id":864,"date":"2025-05-06T16:44:45","date_gmt":"2025-05-06T08:44:45","guid":{"rendered":"https:\/\/gigapa.com\/?post_type=product&#038;p=864"},"modified":"2025-10-28T08:28:35","modified_gmt":"2025-10-28T00:28:35","slug":"hydraulic-cylinder","status":"publish","type":"product","link":"https:\/\/www.gigapa.com\/es\/product\/hydraulic-cylinder\/","title":{"rendered":"Cilindro hidr\u00e1ulico"},"content":{"rendered":"<h3>Introducci\u00f3n del equipo:<\/h3>\n<p>Un cilindro hidr\u00e1ulico es un dispositivo que convierte la energ\u00eda hidr\u00e1ulica en energ\u00eda mec\u00e1nica, utilizado principalmente para generar movimiento lineal y fuerza. Es ampliamente utilizado en equipos hidr\u00e1ulicos, maquinaria de construcci\u00f3n, equipos metal\u00fargicos, barcos, aeroespacial y otros campos. Nuestra empresa es una f\u00e1brica original con fresadoras CNC Gantry y m\u00faltiples tornos de gran tama\u00f1o, que posee una amplia experiencia en la producci\u00f3n y fabricaci\u00f3n de cilindros de aceite a gran escala. Tambi\u00e9n tenemos la capacidad para la comunicaci\u00f3n t\u00e9cnica y el dise\u00f1o, lo que nos permite personalizar profundamente varios cilindros hidr\u00e1ulicos no est\u00e1ndar para usted.<\/p>\n<div style=\"width: 1280px;\" class=\"wp-video\"><!--[if lt IE 9]><script>document.createElement('video');<\/script><![endif]-->\n<video class=\"wp-video-shortcode\" id=\"video-864-1\" width=\"1280\" height=\"720\" preload=\"metadata\" controls=\"controls\"><source type=\"video\/mp4\" src=\"https:\/\/www.gigapa.com\/wp-content\/uploads\/2025\/05\/\u6db2\u538b\u7f38.mp4?_=1\" \/><a href=\"https:\/\/www.gigapa.com\/wp-content\/uploads\/2025\/05\/\u6db2\u538b\u7f38.mp4\">https:\/\/www.gigapa.com\/wp-content\/uploads\/2025\/05\/\u6db2\u538b\u7f38.mp4<\/a><\/video><\/div>\n<h3><\/h3>\n<h3>\u00c1mbito de aplicaci\u00f3n:<\/h3>\n<table style=\"border-collapse: collapse; width: 795.02pt;\" border=\"0\" width=\"1060\" cellspacing=\"0\" cellpadding=\"0\">\n<tbody>\n<tr style=\"height: 13.50pt;\">\n<td style=\"height: 13.50pt; width: 155.25pt;\" width=\"207\" height=\"18\">Empacadoras y cizallas<\/td>\n<td style=\"width: 639.75pt;\" width=\"853\">Empacadoras de coches, empacadoras de metal, empacadoras verticales, empacadoras horizontales, cizallas de p\u00f3rtico, cizallas de caja, cizallas cocodrilo<\/td>\n<\/tr>\n<tr style=\"height: 13.50pt;\">\n<td style=\"height: 13.50pt;\" height=\"18\">Maquinaria de construcci\u00f3n<\/td>\n<td>Excavadoras, bulldozers, cargadoras<\/td>\n<\/tr>\n<tr style=\"height: 13.50pt;\">\n<td style=\"height: 13.50pt;\" height=\"18\">Procesado de metales<\/td>\n<td>Trenes de laminaci\u00f3n, m\u00e1quinas de colada continua, prensas de forja<\/td>\n<\/tr>\n<tr style=\"height: 13.50pt;\">\n<td style=\"height: 13.50pt;\" height=\"18\">M\u00e1quinas industriales<\/td>\n<td>Cizallas, punzonadoras, m\u00e1quinas de moldeo por inyecci\u00f3n<\/td>\n<\/tr>\n<tr style=\"height: 13.50pt;\">\n<td style=\"height: 13.50pt;\" height=\"18\">Componentes aeroespaciales<\/td>\n<td>Tren de aterrizaje, control del tim\u00f3n<\/td>\n<\/tr>\n<tr style=\"height: 13.50pt;\">\n<td style=\"height: 13.50pt;\" height=\"18\">Otros equipos<\/td>\n<td>Prensas, plataformas elevadoras<\/td>\n<\/tr>\n<\/tbody>\n<\/table>\n<h3>Aspectos t\u00e9cnicos destacados:<\/h3>\n<p>1. Cilindro de forja integral:<br \/>\nEl barril de los grandes cilindros de aceite est\u00e1 hecho de forja integral, que es fuerte, libre de riesgo de fuga de aceite, y seguro y fiable.<\/p>\n<p>2. Revestimiento de aleaci\u00f3n a base de cobre:<br \/>\nLa posici\u00f3n del pist\u00f3n del v\u00e1stago integrado adopta el proceso de soldadura de cobre, que no s\u00f3lo puede garantizar la resistencia del propio v\u00e1stago del pist\u00f3n, sino tambi\u00e9n obtener una superficie de trabajo con un buen rendimiento de deslizamiento, mejorando la vida \u00fatil del cilindro hidr\u00e1ulico.<\/p>\n<p>3. Servicios profesionales de personalizaci\u00f3n:<br \/>\nRespuesta r\u00e1pida, proporcionar consulta t\u00e9cnica profesional, dise\u00f1o personalizado y servicios de personalizaci\u00f3n seg\u00fan las necesidades, para satisfacer escenarios de aplicaci\u00f3n especiales.<\/p>","protected":false},"excerpt":{"rendered":"<p>Un cilindro hidr\u00e1ulico es un actuador mec\u00e1nico robusto que convierte la energ\u00eda hidr\u00e1ulica en fuerza y movimiento lineales. Dise\u00f1ado para durar, consta de un pist\u00f3n, un v\u00e1stago, un cilindro y juntas que garantizan un funcionamiento suave en condiciones de alta presi\u00f3n. Ampliamente utilizados en la construcci\u00f3n, la fabricaci\u00f3n y la agricultura, los cilindros hidr\u00e1ulicos destacan en la elevaci\u00f3n, empuje y tracci\u00f3n de cargas pesadas con precisi\u00f3n. Entre sus principales caracter\u00edsticas se incluyen materiales resistentes a la corrosi\u00f3n, longitudes de carrera personalizables y gran capacidad de carga. Ya sea para maquinaria industrial, excavadoras o prensas hidr\u00e1ulicas, nuestros cilindros ofrecen fiabilidad, eficacia y una larga vida \u00fatil.<\/p>","protected":false},"featured_media":1335,"template":"","meta":{"site-sidebar-layout":"default","site-content-layout":"","ast-site-content-layout":"default","site-content-style":"default","site-sidebar-style":"default","ast-global-header-display":"","ast-banner-title-visibility":"","ast-main-header-display":"","ast-hfb-above-header-display":"","ast-hfb-below-header-display":"","ast-hfb-mobile-header-display":"","site-post-title":"","ast-breadcrumbs-content":"","ast-featured-img":"","footer-sml-layout":"","theme-transparent-header-meta":"default","adv-header-id-meta":"","stick-header-meta":"","header-above-stick-meta":"","header-main-stick-meta":"","header-below-stick-meta":"","astra-migrate-meta-layouts":"set","ast-page-background-enabled":"default","ast-page-background-meta":{"desktop":{"background-color":"var(--ast-global-color-5)","background-image":"","background-repeat":"repeat","background-position":"center center","background-size":"auto","background-attachment":"scroll","background-type":"","background-media":"","overlay-type":"","overlay-color":"","overlay-opacity":"","overlay-gradient":""},"tablet":{"background-color":"","background-image":"","background-repeat":"repeat","background-position":"center center","background-size":"auto","background-attachment":"scroll","background-type":"","background-media":"","overlay-type":"","overlay-color":"","overlay-opacity":"","overlay-gradient":""},"mobile":{"background-color":"","background-image":"","background-repeat":"repeat","background-position":"center center","background-size":"auto","background-attachment":"scroll","background-type":"","background-media":"","overlay-type":"","overlay-color":"","overlay-opacity":"","overlay-gradient":""}},"ast-content-background-meta":{"desktop":{"background-color":"var(--ast-global-color-4)","background-image":"","background-repeat":"repeat","background-position":"center center","background-size":"auto","background-attachment":"scroll","background-type":"","background-media":"","overlay-type":"","overlay-color":"","overlay-opacity":"","overlay-gradient":""},"tablet":{"background-color":"var(--ast-global-color-4)","background-image":"","background-repeat":"repeat","background-position":"center center","background-size":"auto","background-attachment":"scroll","background-type":"","background-media":"","overlay-type":"","overlay-color":"","overlay-opacity":"","overlay-gradient":""},"mobile":{"background-color":"var(--ast-global-color-4)","background-image":"","background-repeat":"repeat","background-position":"center center","background-size":"auto","background-attachment":"scroll","background-type":"","background-media":"","overlay-type":"","overlay-color":"","overlay-opacity":"","overlay-gradient":""}}},"product_brand":[],"product_cat":[19],"product_tag":[31,34,35,33,32],"class_list":{"0":"post-864","1":"product","2":"type-product","3":"status-publish","4":"has-post-thumbnail","6":"product_cat-hydraulic-components","7":"product_tag-china-hydraulic-cylinder","8":"product_tag-hydraulic-cylinder-factory","9":"product_tag-hydraulic-cylinder-for-sale","10":"product_tag-hydraulic-cylinder-manufacturer","11":"product_tag-hydraulic-cylinder-supplier","12":"desktop-align-left","13":"tablet-align-left","14":"mobile-align-left","16":"first","17":"instock","18":"shipping-taxable","19":"product-type-simple"},"_links":{"self":[{"href":"https:\/\/www.gigapa.com\/es\/wp-json\/wp\/v2\/product\/864","targetHints":{"allow":["GET"]}}],"collection":[{"href":"https:\/\/www.gigapa.com\/es\/wp-json\/wp\/v2\/product"}],"about":[{"href":"https:\/\/www.gigapa.com\/es\/wp-json\/wp\/v2\/types\/product"}],"version-history":[{"count":6,"href":"https:\/\/www.gigapa.com\/es\/wp-json\/wp\/v2\/product\/864\/revisions"}],"predecessor-version":[{"id":2773,"href":"https:\/\/www.gigapa.com\/es\/wp-json\/wp\/v2\/product\/864\/revisions\/2773"}],"wp:featuredmedia":[{"embeddable":true,"href":"https:\/\/www.gigapa.com\/es\/wp-json\/wp\/v2\/media\/1335"}],"wp:attachment":[{"href":"https:\/\/www.gigapa.com\/es\/wp-json\/wp\/v2\/media?parent=864"}],"wp:term":[{"taxonomy":"product_brand","embeddable":true,"href":"https:\/\/www.gigapa.com\/es\/wp-json\/wp\/v2\/product_brand?post=864"},{"taxonomy":"product_cat","embeddable":true,"href":"https:\/\/www.gigapa.com\/es\/wp-json\/wp\/v2\/product_cat?post=864"},{"taxonomy":"product_tag","embeddable":true,"href":"https:\/\/www.gigapa.com\/es\/wp-json\/wp\/v2\/product_tag?post=864"}],"curies":[{"name":"wp","href":"https:\/\/api.w.org\/{rel}","templated":true}]}}