{"id":865,"date":"2025-05-06T16:44:31","date_gmt":"2025-05-06T08:44:31","guid":{"rendered":"https:\/\/gigapa.com\/?post_type=product&#038;p=865"},"modified":"2025-10-28T08:29:29","modified_gmt":"2025-10-28T00:29:29","slug":"hydraulic-power-unit","status":"publish","type":"product","link":"https:\/\/www.gigapa.com\/es\/product\/hydraulic-power-unit\/","title":{"rendered":"Unidad de potencia hidr\u00e1ulica"},"content":{"rendered":"<h3>Introducci\u00f3n del equipo:<\/h3>\n<p>La estaci\u00f3n hidr\u00e1ulica es el \"coraz\u00f3n\" del sistema hidr\u00e1ulico y se utiliza principalmente para suministrar la energ\u00eda hidr\u00e1ulica necesaria para los equipos hidr\u00e1ulicos. Extrae aceite hidr\u00e1ulico del dep\u00f3sito de aceite accionando la bomba de aceite con un motor el\u00e9ctrico o un motor de combusti\u00f3n interna. La bomba de aceite convierte la energ\u00eda mec\u00e1nica del motor el\u00e9ctrico o del motor de combusti\u00f3n interna en energ\u00eda hidr\u00e1ulica, que luego se suministra a los cilindros hidr\u00e1ulicos, motores hidr\u00e1ulicos y otros actuadores a trav\u00e9s de componentes tales como v\u00e1lvulas de control de presi\u00f3n, v\u00e1lvulas de control direccional y tuber\u00edas para impulsarlos a realizar diversas acciones mec\u00e1nicas.<\/p>\n<h3>\u00c1mbito de aplicaci\u00f3n:<\/h3>\n<table style=\"border-collapse: collapse; width: 980px; height: 352px;\" border=\"0\" width=\"733\" cellspacing=\"0\" cellpadding=\"0\">\n<tbody>\n<tr style=\"height: 13.50pt;\">\n<td style=\"height: 13.50pt; width: 155.25pt;\" width=\"207\" height=\"18\">Empacadoras<\/td>\n<td style=\"width: 394.50pt;\" width=\"526\">Prensas para coches, prensas para metales, prensas verticales, prensas horizontales<\/td>\n<\/tr>\n<tr style=\"height: 13.50pt;\">\n<td style=\"height: 13.50pt;\" height=\"18\">Cizallas y trituradoras<\/td>\n<td>Cizallas de p\u00f3rtico, cizallas de caja, cizallas de cocodrilo, trituradoras hidr\u00e1ulicas<\/td>\n<\/tr>\n<tr style=\"height: 13.50pt;\">\n<td style=\"height: 13.50pt;\" height=\"18\">Equipos de forja<\/td>\n<td>M\u00e1quinas de forja, m\u00e1quinas de fundici\u00f3n a presi\u00f3n<\/td>\n<\/tr>\n<tr style=\"height: 13.50pt;\">\n<td style=\"height: 13.50pt;\" height=\"18\">Maquinaria para la madera<\/td>\n<td>Cepilladoras, sierras, fresadoras<\/td>\n<\/tr>\n<tr style=\"height: 13.50pt;\">\n<td style=\"height: 13.50pt;\" height=\"18\">Equipos de procesamiento<\/td>\n<td>Cizallas, punzonadoras<\/td>\n<\/tr>\n<tr style=\"height: 13.50pt;\">\n<td style=\"height: 13.50pt;\" height=\"18\">M\u00e1quinas de pl\u00e1stico<\/td>\n<td>M\u00e1quinas de moldeo por inyecci\u00f3n<\/td>\n<\/tr>\n<tr style=\"height: 13.50pt;\">\n<td style=\"height: 13.50pt;\" height=\"18\">Otros campos<\/td>\n<td>Prensas, plataformas elevadoras<\/td>\n<\/tr>\n<\/tbody>\n<\/table>\n<h3>Aspectos t\u00e9cnicos destacados:<\/h3>\n<p>1. Dise\u00f1o personalizado:<br \/>\nSe ofrece un dise\u00f1o profesional personalizado basado en escenarios de aplicaci\u00f3n, requisitos de carga, esquemas de control y trabajo.<\/p>\n<p>2. Asistencia t\u00e9cnica:<br \/>\nSe ofrece una completa asistencia t\u00e9cnica y formaci\u00f3n para ayudar a los usuarios a familiarizarse con el uso y el mantenimiento de las estaciones hidr\u00e1ulicas.<\/p>\n<p>3. Asistencia posventa:<br \/>\nSe proporciona un servicio posventa a largo plazo para garantizar el funcionamiento estable de las estaciones hidr\u00e1ulicas.<\/p>","protected":false},"excerpt":{"rendered":"<p>La unidad de potencia hidr\u00e1ulica (HPU) es un componente crucial utilizado en los sistemas hidr\u00e1ulicos para proporcionar la potencia necesaria para diversas aplicaciones industriales. Consta de un motor, una bomba, un dep\u00f3sito y v\u00e1lvulas de control que trabajan conjuntamente para generar, almacenar y regular la presi\u00f3n hidr\u00e1ulica. Las HPU se utilizan habitualmente en maquinaria como empacadoras, prensas y ascensores, y ofrecen una gran eficacia y fiabilidad. Dise\u00f1adas para durar, son capaces de realizar operaciones pesadas, garantizando un rendimiento continuo y sin problemas.<\/p>","protected":false},"featured_media":1906,"template":"","meta":{"site-sidebar-layout":"default","site-content-layout":"","ast-site-content-layout":"default","site-content-style":"default","site-sidebar-style":"default","ast-global-header-display":"","ast-banner-title-visibility":"","ast-main-header-display":"","ast-hfb-above-header-display":"","ast-hfb-below-header-display":"","ast-hfb-mobile-header-display":"","site-post-title":"","ast-breadcrumbs-content":"","ast-featured-img":"","footer-sml-layout":"","ast-disable-related-posts":"","theme-transparent-header-meta":"default","adv-header-id-meta":"","stick-header-meta":"","header-above-stick-meta":"","header-main-stick-meta":"","header-below-stick-meta":"","astra-migrate-meta-layouts":"set","ast-page-background-enabled":"default","ast-page-background-meta":{"desktop":{"background-color":"var(--ast-global-color-5)","background-image":"","background-repeat":"repeat","background-position":"center center","background-size":"auto","background-attachment":"scroll","background-type":"","background-media":"","overlay-type":"","overlay-color":"","overlay-opacity":"","overlay-gradient":""},"tablet":{"background-color":"","background-image":"","background-repeat":"repeat","background-position":"center center","background-size":"auto","background-attachment":"scroll","background-type":"","background-media":"","overlay-type":"","overlay-color":"","overlay-opacity":"","overlay-gradient":""},"mobile":{"background-color":"","background-image":"","background-repeat":"repeat","background-position":"center center","background-size":"auto","background-attachment":"scroll","background-type":"","background-media":"","overlay-type":"","overlay-color":"","overlay-opacity":"","overlay-gradient":""}},"ast-content-background-meta":{"desktop":{"background-color":"var(--ast-global-color-4)","background-image":"","background-repeat":"repeat","background-position":"center center","background-size":"auto","background-attachment":"scroll","background-type":"","background-media":"","overlay-type":"","overlay-color":"","overlay-opacity":"","overlay-gradient":""},"tablet":{"background-color":"var(--ast-global-color-4)","background-image":"","background-repeat":"repeat","background-position":"center center","background-size":"auto","background-attachment":"scroll","background-type":"","background-media":"","overlay-type":"","overlay-color":"","overlay-opacity":"","overlay-gradient":""},"mobile":{"background-color":"var(--ast-global-color-4)","background-image":"","background-repeat":"repeat","background-position":"center center","background-size":"auto","background-attachment":"scroll","background-type":"","background-media":"","overlay-type":"","overlay-color":"","overlay-opacity":"","overlay-gradient":""}}},"product_brand":[],"product_cat":[19],"product_tag":[36,39,41,38,40,37],"class_list":{"0":"post-865","1":"product","2":"type-product","3":"status-publish","4":"has-post-thumbnail","6":"product_cat-hydraulic-components","7":"product_tag-china-hydraulic-power-unit","8":"product_tag-hydraulic-power-unit-factory","9":"product_tag-hydraulic-power-unit-for-sale","10":"product_tag-hydraulic-power-unit-manufacturer","11":"product_tag-hydraulic-power-unit-price","12":"product_tag-hydraulic-power-unit-supplier","13":"desktop-align-left","14":"tablet-align-left","15":"mobile-align-left","17":"first","18":"instock","19":"shipping-taxable","20":"product-type-simple"},"_links":{"self":[{"href":"https:\/\/www.gigapa.com\/es\/wp-json\/wp\/v2\/product\/865","targetHints":{"allow":["GET"]}}],"collection":[{"href":"https:\/\/www.gigapa.com\/es\/wp-json\/wp\/v2\/product"}],"about":[{"href":"https:\/\/www.gigapa.com\/es\/wp-json\/wp\/v2\/types\/product"}],"version-history":[{"count":4,"href":"https:\/\/www.gigapa.com\/es\/wp-json\/wp\/v2\/product\/865\/revisions"}],"predecessor-version":[{"id":2774,"href":"https:\/\/www.gigapa.com\/es\/wp-json\/wp\/v2\/product\/865\/revisions\/2774"}],"wp:featuredmedia":[{"embeddable":true,"href":"https:\/\/www.gigapa.com\/es\/wp-json\/wp\/v2\/media\/1906"}],"wp:attachment":[{"href":"https:\/\/www.gigapa.com\/es\/wp-json\/wp\/v2\/media?parent=865"}],"wp:term":[{"taxonomy":"product_brand","embeddable":true,"href":"https:\/\/www.gigapa.com\/es\/wp-json\/wp\/v2\/product_brand?post=865"},{"taxonomy":"product_cat","embeddable":true,"href":"https:\/\/www.gigapa.com\/es\/wp-json\/wp\/v2\/product_cat?post=865"},{"taxonomy":"product_tag","embeddable":true,"href":"https:\/\/www.gigapa.com\/es\/wp-json\/wp\/v2\/product_tag?post=865"}],"curies":[{"name":"wp","href":"https:\/\/api.w.org\/{rel}","templated":true}]}}