{"id":2034,"date":"2025-06-17T15:40:28","date_gmt":"2025-06-17T07:40:28","guid":{"rendered":"https:\/\/www.gigapa.com\/?page_id=2034"},"modified":"2025-07-07T15:33:32","modified_gmt":"2025-07-07T07:33:32","slug":"gts-e-dual-shaft-shredder","status":"publish","type":"page","link":"https:\/\/www.gigapa.com\/fr\/gts-e-dual-shaft-shredder\/","title":{"rendered":"\u3010Powerful Momentum, Efficient Output\u3011 - Broyeur \u00e0 deux arbres GTS-E"},"content":{"rendered":"<div data-elementor-type=\"wp-page\" data-elementor-id=\"2034\" class=\"elementor elementor-2034\" data-elementor-post-type=\"page\">\n\t\t\t\t<div class=\"elementor-element elementor-element-f4ffe10 e-flex e-con-boxed e-con e-parent\" data-id=\"f4ffe10\" data-element_type=\"container\" data-e-type=\"container\">\n\t\t\t\t\t<div class=\"e-con-inner\">\n\t\t\t\t<div class=\"elementor-element elementor-element-c199ab4 elementor-widget elementor-widget-heading\" data-id=\"c199ab4\" data-element_type=\"widget\" data-e-type=\"widget\" data-widget_type=\"heading.default\">\n\t\t\t\t<div class=\"elementor-widget-container\">\n\t\t\t\t\t<h1 class=\"elementor-heading-title elementor-size-default\">\u3010Powerful Momentum, Efficient Output\u3011- GTS-E Dual-Shaft Shredder (broyeur \u00e0 deux arbres)<\/h1>\t\t\t\t<\/div>\n\t\t\t\t<\/div>\n\t\t\t\t<div class=\"elementor-element elementor-element-09e8edd elementor-widget elementor-widget-woocommerce-breadcrumb\" data-id=\"09e8edd\" data-element_type=\"widget\" data-e-type=\"widget\" data-widget_type=\"woocommerce-breadcrumb.default\">\n\t\t\t\t<div class=\"elementor-widget-container\">\n\t\t\t\t\t<nav class=\"woocommerce-breadcrumb\" aria-label=\"Breadcrumb\" data-no-translation=\"\" data-trp-gettext=\"\">Accueil<\/nav>\t\t\t\t<\/div>\n\t\t\t\t<\/div>\n\t\t\t\t<div class=\"elementor-element elementor-element-9bcabc6 elementor-widget elementor-widget-text-editor\" data-id=\"9bcabc6\" data-element_type=\"widget\" data-e-type=\"widget\" data-widget_type=\"text-editor.default\">\n\t\t\t\t<div class=\"elementor-widget-container\">\n\t\t\t\t\t\t\t\t\t<p><strong><b>Nom du projet : <\/b><\/strong>Broyage et \u00e9limination des d\u00e9chets m\u00e9dicaux \u00e0 Tianjin<br \/><strong><b>Client :<\/b><\/strong>\u00a0Une entreprise d'\u00e9limination des d\u00e9chets m\u00e9dicaux \u00e0 Tianjin<br \/><strong><b>Localisation : <\/b><\/strong>Tianjin, Chine<\/p><h2><strong><b>Contexte du projet :<\/b><\/strong><\/h2><p>La pand\u00e9mie a entra\u00een\u00e9 la production d'une grande quantit\u00e9 de d\u00e9chets m\u00e9dicaux charg\u00e9s de virus, le syst\u00e8me de soins de sant\u00e9 produisant le volume le plus important et faisant face \u00e0 la demande la plus urgente. Si l'utilisation en premi\u00e8re ligne est essentielle, l'\u00e9limination en temps voulu en aval l'est tout autant pour \u00e9viter la propagation des virus. Le broyeur \u00e0 double arbre haute performance est utilis\u00e9 pour broyer des articles tels que les seringues, les combinaisons de protection, les lunettes et les gants m\u00e9dicaux. Les d\u00e9chets m\u00e9dicaux en plastique tels que les seringues peuvent \u00eatre d\u00e9chiquet\u00e9s en petites particules (en veillant \u00e0 ce que l'\u00e9quipement soit scell\u00e9 pour \u00e9viter la dispersion d'a\u00e9rosols). Les fragments de plastique soigneusement d\u00e9sinfect\u00e9s (par exemple, polypropyl\u00e8ne PP, poly\u00e9thyl\u00e8ne PE) peuvent \u00eatre confi\u00e9s \u00e0 des entreprises agr\u00e9\u00e9es de recyclage des d\u00e9chets m\u00e9dicaux pour \u00eatre fondus et r\u00e9g\u00e9n\u00e9r\u00e9s, et r\u00e9utilis\u00e9s \u00e0 des fins non m\u00e9dicales (comme des pots de fleurs ou des planches en plastique). Les aiguilles doivent \u00eatre collect\u00e9es s\u00e9par\u00e9ment, les agents pathog\u00e8nes \u00e9tant d\u00e9truits par fusion \u00e0 haute temp\u00e9rature (\u22651200\u00b0C) avant la r\u00e9cup\u00e9ration du m\u00e9tal. Les d\u00e9chets restants sont envoy\u00e9s dans des usines d'incin\u00e9ration de d\u00e9chets m\u00e9dicaux pour y \u00eatre trait\u00e9s.<\/p><p><img fetchpriority=\"high\" decoding=\"async\" class=\"aligncenter wp-image-2038\" src=\"https:\/\/www.gigapa.com\/wp-content\/uploads\/2025\/06\/\u56fe\u72471.png\" alt=\"\" width=\"800\" height=\"534\" srcset=\"https:\/\/www.gigapa.com\/wp-content\/uploads\/2025\/06\/\u56fe\u72471.png 1003w, https:\/\/www.gigapa.com\/wp-content\/uploads\/2025\/06\/\u56fe\u72471-300x200.png 300w, https:\/\/www.gigapa.com\/wp-content\/uploads\/2025\/06\/\u56fe\u72471-768x512.png 768w, https:\/\/www.gigapa.com\/wp-content\/uploads\/2025\/06\/\u56fe\u72471-18x12.png 18w, https:\/\/www.gigapa.com\/wp-content\/uploads\/2025\/06\/\u56fe\u72471-600x400.png 600w\" sizes=\"(max-width: 800px) 100vw, 800px\" \/><\/p><p><img decoding=\"async\" class=\"aligncenter wp-image-2039\" src=\"https:\/\/www.gigapa.com\/wp-content\/uploads\/2025\/06\/\u56fe\u72472.png\" alt=\"\" width=\"800\" height=\"533\" srcset=\"https:\/\/www.gigapa.com\/wp-content\/uploads\/2025\/06\/\u56fe\u72472.png 1017w, https:\/\/www.gigapa.com\/wp-content\/uploads\/2025\/06\/\u56fe\u72472-300x200.png 300w, https:\/\/www.gigapa.com\/wp-content\/uploads\/2025\/06\/\u56fe\u72472-768x512.png 768w, https:\/\/www.gigapa.com\/wp-content\/uploads\/2025\/06\/\u56fe\u72472-18x12.png 18w, https:\/\/www.gigapa.com\/wp-content\/uploads\/2025\/06\/\u56fe\u72472-600x400.png 600w\" sizes=\"(max-width: 800px) 100vw, 800px\" \/><\/p><h2><strong><b>Exigences du client :<\/b><\/strong><\/h2><p>Un traitement urgent est n\u00e9cessaire avec un d\u00e9bit journalier important pour \u00e9viter une accumulation qui pourrait entra\u00eener la propagation de virus et des risques pour la s\u00e9curit\u00e9. Un syst\u00e8me de broyage ferm\u00e9 est n\u00e9cessaire pour \u00e9viter la lib\u00e9ration d'a\u00e9rosols pendant le d\u00e9chiquetage. Le mat\u00e9riau doit \u00eatre broy\u00e9 aussi finement que possible pour une incin\u00e9ration plus efficace et une dur\u00e9e de combustion r\u00e9duite. Broyage en un seul passage - pas de cycles de broyage multiples - pour gagner du temps et obtenir des r\u00e9sultats optimaux en une seule \u00e9tape. L'automatisation et les syst\u00e8mes intelligents sont essentiels pour minimiser les contacts humains pendant la pand\u00e9mie.<\/p><h2><strong><b>Solution :<\/b><\/strong><\/h2><p>Notre \u00e9quipe technique a rapidement r\u00e9pondu aux exigences et a d\u00e9velopp\u00e9 une solution efficace et rationnelle en utilisant le syst\u00e8me de gestion de l'information de la Commission europ\u00e9enne. <a href=\"https:\/\/www.gigapa.com\/fr\/product\/double-shaft-shredders\/\">Broyeur \u00e0 deux arbres GTS-E<\/a>\u00a0avec : Un espace de travail ferm\u00e9 sur mesure Un syst\u00e8me de contr\u00f4le automatis\u00e9 intelligent comprenant des automates Siemens, des composants Schneider Electric et des programmes de contr\u00f4le intelligents Un fonctionnement stable avec des commandes conviviales faciles \u00e0 apprendre<\/p><p>En cas de p\u00e9nurie de personnel lors d'une pand\u00e9mie, le syst\u00e8me permet une utilisation s\u00fbre de l'\u00e9quipement, m\u00eame par des travailleurs ayant une formation minimale ou un faible niveau d'\u00e9ducation, gr\u00e2ce \u00e0 une formation de courte dur\u00e9e. Des lames sp\u00e9cialement con\u00e7ues pour une efficacit\u00e9 maximale : Lames import\u00e9es en acier fortement alli\u00e9 combinant duret\u00e9 et r\u00e9sistance Lames r\u00e9parables avec profil de dent optimis\u00e9 pour un broyage plus efficace La connexion directe du moteur au r\u00e9ducteur et du r\u00e9ducteur \u00e0 l'arbre du broyeur assure une transmission en douceur et une grande efficacit\u00e9.<\/p><p><div style=\"width: 1620px;\" class=\"wp-video\"><!--[if lt IE 9]><script>document.createElement('video');<\/script><![endif]-->\n<video class=\"wp-video-shortcode\" id=\"video-2034-1\" width=\"1620\" height=\"1080\" preload=\"auto\" controls=\"controls\"><source type=\"video\/mp4\" src=\"https:\/\/www.gigapa.com\/wp-content\/uploads\/2025\/06\/\u533b\u7597\u5783\u573e\u7834\u788e.mp4?_=1\" \/><a href=\"https:\/\/www.gigapa.com\/wp-content\/uploads\/2025\/06\/\u533b\u7597\u5783\u573e\u7834\u788e.mp4\">https:\/\/www.gigapa.com\/wp-content\/uploads\/2025\/06\/\u533b\u7597\u5783\u573e\u7834\u788e.mp4<\/a><\/video><\/div><\/p><p><img decoding=\"async\" class=\"wp-image-524 size-full aligncenter\" src=\"https:\/\/www.gigapa.com\/wp-content\/uploads\/2025\/02\/\u56fe\u72479-6.png\" alt=\"Broyeurs \u00e0 double arbre\" width=\"500\" height=\"253\" srcset=\"https:\/\/www.gigapa.com\/wp-content\/uploads\/2025\/02\/\u56fe\u72479-6.png 500w, https:\/\/www.gigapa.com\/wp-content\/uploads\/2025\/02\/\u56fe\u72479-6-300x152.png 300w\" sizes=\"(max-width: 500px) 100vw, 500px\" \/><\/p><p><img loading=\"lazy\" decoding=\"async\" class=\"wp-image-990 aligncenter\" src=\"https:\/\/www.gigapa.com\/wp-content\/uploads\/2025\/05\/\u533b\u7597\u5783\u573e5.jpg\" alt=\"Broyeurs \u00e0 double arbre\" width=\"800\" height=\"502\" srcset=\"https:\/\/www.gigapa.com\/wp-content\/uploads\/2025\/05\/\u533b\u7597\u5783\u573e5.jpg 1034w, https:\/\/www.gigapa.com\/wp-content\/uploads\/2025\/05\/\u533b\u7597\u5783\u573e5-300x188.jpg 300w, https:\/\/www.gigapa.com\/wp-content\/uploads\/2025\/05\/\u533b\u7597\u5783\u573e5-1024x643.jpg 1024w, https:\/\/www.gigapa.com\/wp-content\/uploads\/2025\/05\/\u533b\u7597\u5783\u573e5-768x482.jpg 768w, https:\/\/www.gigapa.com\/wp-content\/uploads\/2025\/05\/\u533b\u7597\u5783\u573e5-600x377.jpg 600w\" sizes=\"(max-width: 800px) 100vw, 800px\" \/><\/p><p>GIGAPA s'engage \u00e0 donner la priorit\u00e9 aux clients. Nous basons nos services et nos solutions sur la satisfaction des besoins de nos clients tout en abordant les questions sociales, apportant ainsi notre contribution \u00e0 la soci\u00e9t\u00e9. En comprenant parfaitement les probl\u00e8mes et les pr\u00e9occupations de nos clients, nous fournissons des solutions cibl\u00e9es pour les aider \u00e0 surmonter les d\u00e9fis. Tout au long de la mise en \u0153uvre du projet, nous maintenons une communication constante avec les clients, ce qui permet d'instaurer une confiance mutuelle et de parvenir \u00e0 une coop\u00e9ration fructueuse. Ensemble, nous exploitons la puissance de GIGAPA pour \u00e9tablir des r\u00e9f\u00e9rences dans l'industrie !<\/p>\t\t\t\t\t\t\t\t<\/div>\n\t\t\t\t<\/div>\n\t\t\t\t\t<\/div>\n\t\t\t\t<\/div>\n\t\t<div class=\"elementor-element elementor-element-5d031fa e-flex e-con-boxed e-con e-parent\" data-id=\"5d031fa\" data-element_type=\"container\" data-e-type=\"container\">\n\t\t\t\t\t<div class=\"e-con-inner\">\n\t\t\t\t<div class=\"elementor-element elementor-element-696a70c elementor-widget elementor-widget-wpforms\" data-id=\"696a70c\" data-element_type=\"widget\" data-e-type=\"widget\" data-widget_type=\"wpforms.default\">\n\t\t\t\t<div class=\"elementor-widget-container\">\n\t\t\t\t\t<style id=\"wpforms-css-vars-elementor-widget-696a70c\">\n\t\t\t\t.elementor-widget-wpforms.elementor-element-696a70c {\n\t\t\t\t--wpforms-field-size-input-height: 43px;\n--wpforms-field-size-input-spacing: 15px;\n--wpforms-field-size-font-size: 16px;\n--wpforms-field-size-line-height: 19px;\n--wpforms-field-size-padding-h: 14px;\n--wpforms-field-size-checkbox-size: 16px;\n--wpforms-field-size-sublabel-spacing: 5px;\n--wpforms-field-size-icon-size: 1;\n--wpforms-label-size-font-size: 16px;\n--wpforms-label-size-line-height: 19px;\n--wpforms-label-size-sublabel-font-size: 14px;\n--wpforms-label-size-sublabel-line-height: 17px;\n--wpforms-button-size-font-size: 17px;\n--wpforms-button-size-height: 41px;\n--wpforms-button-size-padding-h: 15px;\n--wpforms-button-size-margin-top: 10px;\n\n\t\t\t}\n\t\t\t<\/style><div class=\"wpforms-container wpforms-container-full wpforms-render-modern\" id=\"wpforms-992\"><form id=\"wpforms-form-992\" class=\"wpforms-validate wpforms-form wpforms-ajax-form\" data-formid=\"992\" method=\"post\" enctype=\"multipart\/form-data\" action=\"\/fr\/wp-json\/wp\/v2\/pages\/2034\" data-token=\"9961e7faa026da46425181d1fadce9bc\" data-token-time=\"1779033608\" data-trp-original-action=\"\/fr\/wp-json\/wp\/v2\/pages\/2034\"><noscript class=\"wpforms-error-noscript\">Veuillez activer JavaScript dans votre navigateur pour remplir ce formulaire.<\/noscript><div class=\"wpforms-hidden\" id=\"wpforms-error-noscript\">Veuillez activer JavaScript dans votre navigateur pour remplir ce formulaire.<\/div><div class=\"wpforms-field-container\"><div id=\"wpforms-992-field_6-container\" class=\"wpforms-field wpforms-field-text\" data-field-id=\"6\"><label class=\"wpforms-field-label\" for=\"wpforms-992-field_6\">Nom<\/label><input type=\"text\" id=\"wpforms-992-field_6\" class=\"wpforms-field-large\" name=\"wpforms[fields][6]\" aria-errormessage=\"wpforms-992-field_6-error\" ><\/div><div id=\"wpforms-992-field_4-container\" class=\"wpforms-field wpforms-field-email\" data-field-id=\"4\"><label class=\"wpforms-field-label\" for=\"wpforms-992-field_4\">Courriel <span class=\"wpforms-required-label\" aria-hidden=\"true\">*<\/span><\/label><input type=\"email\" id=\"wpforms-992-field_4\" class=\"wpforms-field-large wpforms-field-required\" name=\"wpforms[fields][4]\" spellcheck=\"false\" aria-errormessage=\"wpforms-992-field_4-error\" required><\/div><div id=\"wpforms-992-field_2-container\" class=\"wpforms-field wpforms-field-text\" data-field-id=\"2\"><label class=\"wpforms-field-label\" for=\"wpforms-992-field_2\">T\u00e9l\u00e9phone <span class=\"wpforms-required-label\" aria-hidden=\"true\">*<\/span><\/label><input type=\"text\" id=\"wpforms-992-field_2\" class=\"wpforms-field-large wpforms-field-required\" name=\"wpforms[fields][2]\" aria-errormessage=\"wpforms-992-field_2-error\" required><\/div><div id=\"wpforms-992-field_5-container\" class=\"wpforms-field wpforms-field-textarea\" data-field-id=\"5\"><label class=\"wpforms-field-label\" for=\"wpforms-992-field_5\">Message <span class=\"wpforms-required-label\" aria-hidden=\"true\">*<\/span><\/label><textarea id=\"wpforms-992-field_5\" class=\"wpforms-field-medium wpforms-field-required\" name=\"wpforms[fields][5]\" aria-errormessage=\"wpforms-992-field_5-error\" required><\/textarea><\/div><div id=\"wpforms-992-field_10-container\" class=\"wpforms-field wpforms-field-text hide-page-url\" data-field-id=\"10\"><label class=\"wpforms-field-label\" for=\"wpforms-992-field_10\">Page de soumission<\/label><input type=\"text\" id=\"wpforms-992-field_10\" class=\"wpforms-field-large\" name=\"wpforms[fields][10]\" value=\"https:\/\/www.gigapa.com\/fr\/wp-json\/wp\/v2\/pages\/2034\" aria-errormessage=\"wpforms-992-field_10-error\" ><\/div><div id=\"wpforms-992-field_11-container\" class=\"wpforms-field wpforms-field-text hidden-ip\" data-field-id=\"11\"><label class=\"wpforms-field-label\" for=\"wpforms-992-field_11\">IP client<\/label><input type=\"text\" id=\"wpforms-992-field_11\" class=\"wpforms-field-large\" name=\"wpforms[fields][11]\" value=\"216.73.216.229\" aria-errormessage=\"wpforms-992-field_11-error\" ><\/div><\/div><!-- .wpforms-field-container --><div class=\"wpforms-recaptcha-container wpforms-is-recaptcha wpforms-is-recaptcha-type-invisible\" ><div class=\"g-recaptcha\" data-sitekey=\"6LdEtWsrAAAAAEmzxiBRi6AAl-KXXavWAmEJdn-a\" data-size=\"invisible\"><\/div><\/div><div class=\"wpforms-submit-container\" ><input type=\"hidden\" name=\"wpforms[id]\" value=\"992\"><input type=\"hidden\" name=\"page_title\" value=\"\"><input type=\"hidden\" name=\"page_url\" value=\"https:\/\/www.gigapa.com\/fr\/wp-json\/wp\/v2\/pages\/2034\"><button type=\"submit\" name=\"wpforms[submit]\" id=\"wpforms-submit-992\" class=\"wpforms-submit\" data-alt-text=\"Sending...\" data-submit-text=\"Get Free Quote\" aria-live=\"assertive\" value=\"wpforms-submit\">Obtenir un devis gratuit<\/button><img loading=\"lazy\" decoding=\"async\" src=\"https:\/\/www.gigapa.com\/wp-content\/plugins\/wpforms\/assets\/images\/submit-spin.svg\" class=\"wpforms-submit-spinner\" style=\"display: none;\" width=\"26\" height=\"26\" alt=\"Chargement en cours\"><\/div><input type=\"hidden\" name=\"trp-form-language\" value=\"fr\"\/><\/form><\/div>  <!-- .wpforms-container -->\t\t\t\t<\/div>\n\t\t\t\t<\/div>\n\t\t\t\t\t<\/div>\n\t\t\t\t<\/div>\n\t\t\t\t<\/div>","protected":false},"excerpt":{"rendered":"<p>\u3010Powerful Momentum, Efficient Output\u3011- GTS-E Dual-Shaft Shredder Nom du projet : D\u00e9chiquetage et \u00e9limination de d\u00e9chets m\u00e9dicaux \u00e0 TianjinClient : Une soci\u00e9t\u00e9 d'\u00e9limination de d\u00e9chets m\u00e9dicaux [...]<\/p>","protected":false},"author":1,"featured_media":0,"parent":0,"menu_order":0,"comment_status":"closed","ping_status":"closed","template":"","meta":{"site-sidebar-layout":"no-sidebar","site-content-layout":"","ast-site-content-layout":"full-width-container","site-content-style":"default","site-sidebar-style":"default","ast-global-header-display":"","ast-banner-title-visibility":"","ast-main-header-display":"","ast-hfb-above-header-display":"","ast-hfb-below-header-display":"","ast-hfb-mobile-header-display":"","site-post-title":"disabled","ast-breadcrumbs-content":"","ast-featured-img":"disabled","footer-sml-layout":"","ast-disable-related-posts":"","theme-transparent-header-meta":"default","adv-header-id-meta":"","stick-header-meta":"","header-above-stick-meta":"","header-main-stick-meta":"","header-below-stick-meta":"","astra-migrate-meta-layouts":"set","ast-page-background-enabled":"default","ast-page-background-meta":{"desktop":{"background-color":"var(--ast-global-color-5)","background-image":"","background-repeat":"repeat","background-position":"center center","background-size":"auto","background-attachment":"scroll","background-type":"","background-media":"","overlay-type":"","overlay-color":"","overlay-opacity":"","overlay-gradient":""},"tablet":{"background-color":"","background-image":"","background-repeat":"repeat","background-position":"center center","background-size":"auto","background-attachment":"scroll","background-type":"","background-media":"","overlay-type":"","overlay-color":"","overlay-opacity":"","overlay-gradient":""},"mobile":{"background-color":"","background-image":"","background-repeat":"repeat","background-position":"center center","background-size":"auto","background-attachment":"scroll","background-type":"","background-media":"","overlay-type":"","overlay-color":"","overlay-opacity":"","overlay-gradient":""}},"ast-content-background-meta":{"desktop":{"background-color":"var(--ast-global-color-4)","background-image":"","background-repeat":"repeat","background-position":"center center","background-size":"auto","background-attachment":"scroll","background-type":"","background-media":"","overlay-type":"","overlay-color":"","overlay-opacity":"","overlay-gradient":""},"tablet":{"background-color":"var(--ast-global-color-4)","background-image":"","background-repeat":"repeat","background-position":"center center","background-size":"auto","background-attachment":"scroll","background-type":"","background-media":"","overlay-type":"","overlay-color":"","overlay-opacity":"","overlay-gradient":""},"mobile":{"background-color":"var(--ast-global-color-4)","background-image":"","background-repeat":"repeat","background-position":"center center","background-size":"auto","background-attachment":"scroll","background-type":"","background-media":"","overlay-type":"","overlay-color":"","overlay-opacity":"","overlay-gradient":""}},"footnotes":""},"class_list":["post-2034","page","type-page","status-publish","hentry"],"_hostinger_reach_plugin_has_subscription_block":false,"_hostinger_reach_plugin_is_elementor":false,"_links":{"self":[{"href":"https:\/\/www.gigapa.com\/fr\/wp-json\/wp\/v2\/pages\/2034","targetHints":{"allow":["GET"]}}],"collection":[{"href":"https:\/\/www.gigapa.com\/fr\/wp-json\/wp\/v2\/pages"}],"about":[{"href":"https:\/\/www.gigapa.com\/fr\/wp-json\/wp\/v2\/types\/page"}],"author":[{"embeddable":true,"href":"https:\/\/www.gigapa.com\/fr\/wp-json\/wp\/v2\/users\/1"}],"replies":[{"embeddable":true,"href":"https:\/\/www.gigapa.com\/fr\/wp-json\/wp\/v2\/comments?post=2034"}],"version-history":[{"count":21,"href":"https:\/\/www.gigapa.com\/fr\/wp-json\/wp\/v2\/pages\/2034\/revisions"}],"predecessor-version":[{"id":2342,"href":"https:\/\/www.gigapa.com\/fr\/wp-json\/wp\/v2\/pages\/2034\/revisions\/2342"}],"wp:attachment":[{"href":"https:\/\/www.gigapa.com\/fr\/wp-json\/wp\/v2\/media?parent=2034"}],"curies":[{"name":"wp","href":"https:\/\/api.w.org\/{rel}","templated":true}]}}