{"id":2046,"date":"2025-06-17T15:40:25","date_gmt":"2025-06-17T07:40:25","guid":{"rendered":"https:\/\/www.gigapa.com\/?page_id=2046"},"modified":"2025-06-25T09:33:12","modified_gmt":"2025-06-25T01:33:12","slug":"gss-f-single-shaft-shredder","status":"publish","type":"page","link":"https:\/\/www.gigapa.com\/fr\/gss-f-single-shaft-shredder\/","title":{"rendered":"\u3010D\u00e9tructeur de d\u00e9chets m\u00e9dicaux\u3011- D\u00e9chiqueteur \u00e0 arbre unique GSS-F"},"content":{"rendered":"<div data-elementor-type=\"wp-page\" data-elementor-id=\"2046\" class=\"elementor elementor-2046\" data-elementor-post-type=\"page\">\n\t\t\t\t<div class=\"elementor-element elementor-element-422e32d e-flex e-con-boxed e-con e-parent\" data-id=\"422e32d\" data-element_type=\"container\" data-e-type=\"container\">\n\t\t\t\t\t<div class=\"e-con-inner\">\n\t\t\t\t<div class=\"elementor-element elementor-element-a69abf5 elementor-widget elementor-widget-heading\" data-id=\"a69abf5\" data-element_type=\"widget\" data-e-type=\"widget\" data-widget_type=\"heading.default\">\n\t\t\t\t<div class=\"elementor-widget-container\">\n\t\t\t\t\t<h1 class=\"elementor-heading-title elementor-size-default\">\u3010D\u00e9tructeur de d\u00e9chets m\u00e9dicaux\u3011-- D\u00e9chiqueteur \u00e0 arbre unique GSS-F<\/h1>\t\t\t\t<\/div>\n\t\t\t\t<\/div>\n\t\t\t\t<div class=\"elementor-element elementor-element-152dd15 elementor-widget elementor-widget-woocommerce-breadcrumb\" data-id=\"152dd15\" data-element_type=\"widget\" data-e-type=\"widget\" data-widget_type=\"woocommerce-breadcrumb.default\">\n\t\t\t\t<div class=\"elementor-widget-container\">\n\t\t\t\t\t<nav class=\"woocommerce-breadcrumb\" aria-label=\"Breadcrumb\" data-no-translation=\"\" data-trp-gettext=\"\">Accueil<\/nav>\t\t\t\t<\/div>\n\t\t\t\t<\/div>\n\t\t\t\t<div class=\"elementor-element elementor-element-6a2da97 elementor-widget elementor-widget-text-editor\" data-id=\"6a2da97\" data-element_type=\"widget\" data-e-type=\"widget\" data-widget_type=\"text-editor.default\">\n\t\t\t\t<div class=\"elementor-widget-container\">\n\t\t\t\t\t\t\t\t\t<p><strong><b>Nom du projet :<\/b><\/strong>\u00a0D\u00e9chiquetage de d\u00e9chets m\u00e9dicaux \u00e0 Haian<br \/><strong><b>Client : <\/b><\/strong>Une entreprise de protection de l'environnement bas\u00e9e \u00e0 Haian<br \/><strong><b>Localisation : <\/b><\/strong>Haian, province de Jiangsu<\/p><h2><strong><b>Contexte du projet :<\/b><\/strong><\/h2><p>Pendant la pand\u00e9mie, les d\u00e9chets m\u00e9dicaux ont augment\u00e9 de fa\u00e7on spectaculaire. Les mat\u00e9riaux \u00e0 broyer - notamment les draps de lit, les masques, les combinaisons de protection, les seringues et les flacons de perfusion - ne pouvaient pas \u00eatre introduits directement dans les incin\u00e9rateurs, car ils s'emm\u00ealeraient pendant le m\u00e9lange et le transport \u00e0 l'int\u00e9rieur du four. Le d\u00e9chiquetage \u00e9tait n\u00e9cessaire pour \u00e9viter l'enchev\u00eatrement, tandis que des mat\u00e9riaux d\u00e9chiquet\u00e9s plus fins permettaient une combustion plus compl\u00e8te et r\u00e9duisaient le temps d'incin\u00e9ration.<\/p><p><img fetchpriority=\"high\" decoding=\"async\" class=\"aligncenter wp-image-2040\" src=\"https:\/\/www.gigapa.com\/wp-content\/uploads\/2025\/06\/\u56fe\u72473.png\" alt=\"\" width=\"800\" height=\"503\" srcset=\"https:\/\/www.gigapa.com\/wp-content\/uploads\/2025\/06\/\u56fe\u72473.png 1080w, https:\/\/www.gigapa.com\/wp-content\/uploads\/2025\/06\/\u56fe\u72473-300x189.png 300w, https:\/\/www.gigapa.com\/wp-content\/uploads\/2025\/06\/\u56fe\u72473-1024x644.png 1024w, https:\/\/www.gigapa.com\/wp-content\/uploads\/2025\/06\/\u56fe\u72473-768x483.png 768w, https:\/\/www.gigapa.com\/wp-content\/uploads\/2025\/06\/\u56fe\u72473-18x12.png 18w, https:\/\/www.gigapa.com\/wp-content\/uploads\/2025\/06\/\u56fe\u72473-600x377.png 600w\" sizes=\"(max-width: 800px) 100vw, 800px\" \/><\/p><h2><strong><b>Exigences du client :<\/b><\/strong><\/h2><p>Broyer les mat\u00e9riaux en plus petits morceaux adapt\u00e9s \u00e0 l'incin\u00e9ration avec une grande efficacit\u00e9.<br \/>Une attention particuli\u00e8re doit \u00eatre accord\u00e9e \u00e0 la collecte s\u00e9par\u00e9e des liquides \u00e0 d\u00e9sinfecter.<br \/>Les lames doivent \u00eatre r\u00e9sistantes \u00e0 l'usure et \u00e0 l'enchev\u00eatrement, avec une excellente stabilit\u00e9.<br \/>Pendant la pand\u00e9mie, lorsque les r\u00e9parations sont difficiles et que le temps est compt\u00e9, la qualit\u00e9 de l'\u00e9quipement doit \u00eatre absolument fiable !<\/p><h2><strong><b>Solution :<\/b><\/strong><\/h2><p>En fonction du volume de traitement quotidien du client et de ses exigences en mati\u00e8re de performance des lames et de qualit\u00e9 globale, nous avons recommand\u00e9 la solution la plus adapt\u00e9e. <a href=\"https:\/\/www.gigapa.com\/fr\/product\/single-shaft-shredder\/\">Broyeur \u00e0 arbre unique GSS-F<\/a>.<br \/>Cet \u00e9quipement pr\u00e9sente les caract\u00e9ristiques suivantes :<\/p><ul><li>Une maille de crible qui broie directement les mat\u00e9riaux \u00e0 la taille souhait\u00e9e<\/li><li>Excellente stabilit\u00e9 et fonctionnement sans enchev\u00eatrement<\/li><li>Lames mobiles \u00e0 haute duret\u00e9, r\u00e9sistantes \u00e0 l'usure et rempla\u00e7ables sous plusieurs angles<\/li><li>Lames fixes r\u00e9glables et verrouillables pour \u00e9viter efficacement les collisions entre les lames<\/li><li>Canaux d\u00e9di\u00e9s aux liquides et aux d\u00e9bris pour prot\u00e9ger le syst\u00e8me hydraulique des interf\u00e9rences tout en facilitant la collecte s\u00e9par\u00e9e.<\/li><\/ul><p><div style=\"width: 1620px;\" class=\"wp-video\"><!--[if lt IE 9]><script>document.createElement('video');<\/script><![endif]-->\n<video class=\"wp-video-shortcode\" id=\"video-2046-1\" width=\"1620\" height=\"1080\" preload=\"metadata\" controls=\"controls\"><source type=\"video\/mp4\" src=\"https:\/\/www.gigapa.com\/wp-content\/uploads\/2025\/06\/\u533b\u7597\u5783\u573e\u7834\u788e.mp4?_=1\" \/><a href=\"https:\/\/www.gigapa.com\/wp-content\/uploads\/2025\/06\/\u533b\u7597\u5783\u573e\u7834\u788e.mp4\">https:\/\/www.gigapa.com\/wp-content\/uploads\/2025\/06\/\u533b\u7597\u5783\u573e\u7834\u788e.mp4<\/a><\/video><\/div><\/p><p><img decoding=\"async\" class=\"aligncenter wp-image-1881\" src=\"https:\/\/www.gigapa.com\/wp-content\/uploads\/2025\/05\/BAI\u5355\u8f74\u6495\u788e\u673a-1024x1024.png\" alt=\"broyeur \u00e0 arbre unique\" width=\"800\" height=\"800\" srcset=\"\" sizes=\"(max-width: 800px) 100vw, 800px\" data-srcset=\"\" \/><\/p><p><img decoding=\"async\" class=\"aligncenter wp-image-990\" src=\"https:\/\/www.gigapa.com\/wp-content\/uploads\/2025\/05\/\u533b\u7597\u5783\u573e5.jpg\" alt=\"Broyeurs \u00e0 double arbre\" width=\"800\" height=\"502\" srcset=\"https:\/\/www.gigapa.com\/wp-content\/uploads\/2025\/05\/\u533b\u7597\u5783\u573e5.jpg 1034w, https:\/\/www.gigapa.com\/wp-content\/uploads\/2025\/05\/\u533b\u7597\u5783\u573e5-300x188.jpg 300w, https:\/\/www.gigapa.com\/wp-content\/uploads\/2025\/05\/\u533b\u7597\u5783\u573e5-1024x643.jpg 1024w, https:\/\/www.gigapa.com\/wp-content\/uploads\/2025\/05\/\u533b\u7597\u5783\u573e5-768x482.jpg 768w, https:\/\/www.gigapa.com\/wp-content\/uploads\/2025\/05\/\u533b\u7597\u5783\u573e5-600x377.jpg 600w\" sizes=\"(max-width: 800px) 100vw, 800px\" \/><\/p><p>GIGAPA s'engage \u00e0 donner la priorit\u00e9 aux clients.Nous basons nos services et nos solutions sur la satisfaction des besoins des clients tout en abordant les questions sociales, contribuant ainsi \u00e0 la soci\u00e9t\u00e9.En comprenant parfaitement les probl\u00e8mes et les pr\u00e9occupations de nos clients, nous fournissons des solutions cibl\u00e9es pour les aider \u00e0 surmonter les d\u00e9fis.Tout au long de la mise en \u0153uvre du projet, nous maintenons une communication constante avec les clients, \u00e9tablissant une confiance mutuelle et une coop\u00e9ration fructueuse.Ensemble, nous exploitons la puissance de GIGAPA pour \u00e9tablir des r\u00e9f\u00e9rences dans l'industrie !<\/p>\t\t\t\t\t\t\t\t<\/div>\n\t\t\t\t<\/div>\n\t\t\t\t\t<\/div>\n\t\t\t\t<\/div>\n\t\t<div class=\"elementor-element elementor-element-68c5c98 e-flex e-con-boxed e-con e-parent\" data-id=\"68c5c98\" data-element_type=\"container\" data-e-type=\"container\">\n\t\t\t\t\t<div class=\"e-con-inner\">\n\t\t\t\t<div class=\"elementor-element elementor-element-233cdc4 elementor-widget elementor-widget-wpforms\" data-id=\"233cdc4\" data-element_type=\"widget\" data-e-type=\"widget\" data-widget_type=\"wpforms.default\">\n\t\t\t\t<div class=\"elementor-widget-container\">\n\t\t\t\t\t<style id=\"wpforms-css-vars-elementor-widget-233cdc4\">\n\t\t\t\t.elementor-widget-wpforms.elementor-element-233cdc4 {\n\t\t\t\t--wpforms-field-size-input-height: 43px;\n--wpforms-field-size-input-spacing: 15px;\n--wpforms-field-size-font-size: 16px;\n--wpforms-field-size-line-height: 19px;\n--wpforms-field-size-padding-h: 14px;\n--wpforms-field-size-checkbox-size: 16px;\n--wpforms-field-size-sublabel-spacing: 5px;\n--wpforms-field-size-icon-size: 1;\n--wpforms-label-size-font-size: 16px;\n--wpforms-label-size-line-height: 19px;\n--wpforms-label-size-sublabel-font-size: 14px;\n--wpforms-label-size-sublabel-line-height: 17px;\n--wpforms-button-size-font-size: 17px;\n--wpforms-button-size-height: 41px;\n--wpforms-button-size-padding-h: 15px;\n--wpforms-button-size-margin-top: 10px;\n\n\t\t\t}\n\t\t\t<\/style><div class=\"wpforms-container wpforms-container-full wpforms-render-modern\" id=\"wpforms-992\"><form id=\"wpforms-form-992\" class=\"wpforms-validate wpforms-form wpforms-ajax-form\" data-formid=\"992\" method=\"post\" enctype=\"multipart\/form-data\" action=\"\/fr\/wp-json\/wp\/v2\/pages\/2046\" data-token=\"9961e7faa026da46425181d1fadce9bc\" data-token-time=\"1779031039\" data-trp-original-action=\"\/fr\/wp-json\/wp\/v2\/pages\/2046\"><noscript class=\"wpforms-error-noscript\">Veuillez activer JavaScript dans votre navigateur pour remplir ce formulaire.<\/noscript><div class=\"wpforms-hidden\" id=\"wpforms-error-noscript\">Veuillez activer JavaScript dans votre navigateur pour remplir ce formulaire.<\/div><div class=\"wpforms-field-container\"><div id=\"wpforms-992-field_6-container\" class=\"wpforms-field wpforms-field-text\" data-field-id=\"6\"><label class=\"wpforms-field-label\" for=\"wpforms-992-field_6\">Nom<\/label><input type=\"text\" id=\"wpforms-992-field_6\" class=\"wpforms-field-large\" name=\"wpforms[fields][6]\" aria-errormessage=\"wpforms-992-field_6-error\" ><\/div><div id=\"wpforms-992-field_4-container\" class=\"wpforms-field wpforms-field-email\" data-field-id=\"4\"><label class=\"wpforms-field-label\" for=\"wpforms-992-field_4\">Courriel <span class=\"wpforms-required-label\" aria-hidden=\"true\">*<\/span><\/label><input type=\"email\" id=\"wpforms-992-field_4\" class=\"wpforms-field-large wpforms-field-required\" name=\"wpforms[fields][4]\" spellcheck=\"false\" aria-errormessage=\"wpforms-992-field_4-error\" required><\/div><div id=\"wpforms-992-field_2-container\" class=\"wpforms-field wpforms-field-text\" data-field-id=\"2\"><label class=\"wpforms-field-label\" for=\"wpforms-992-field_2\">T\u00e9l\u00e9phone <span class=\"wpforms-required-label\" aria-hidden=\"true\">*<\/span><\/label><input type=\"text\" id=\"wpforms-992-field_2\" class=\"wpforms-field-large wpforms-field-required\" name=\"wpforms[fields][2]\" aria-errormessage=\"wpforms-992-field_2-error\" required><\/div><div id=\"wpforms-992-field_5-container\" class=\"wpforms-field wpforms-field-textarea\" data-field-id=\"5\"><label class=\"wpforms-field-label\" for=\"wpforms-992-field_5\">Message <span class=\"wpforms-required-label\" aria-hidden=\"true\">*<\/span><\/label><textarea id=\"wpforms-992-field_5\" class=\"wpforms-field-medium wpforms-field-required\" name=\"wpforms[fields][5]\" aria-errormessage=\"wpforms-992-field_5-error\" required><\/textarea><\/div><div id=\"wpforms-992-field_10-container\" class=\"wpforms-field wpforms-field-text hide-page-url\" data-field-id=\"10\"><label class=\"wpforms-field-label\" for=\"wpforms-992-field_10\">Page de soumission<\/label><input type=\"text\" id=\"wpforms-992-field_10\" class=\"wpforms-field-large\" name=\"wpforms[fields][10]\" value=\"https:\/\/www.gigapa.com\/fr\/wp-json\/wp\/v2\/pages\/2046\" aria-errormessage=\"wpforms-992-field_10-error\" ><\/div><div id=\"wpforms-992-field_11-container\" class=\"wpforms-field wpforms-field-text hidden-ip\" data-field-id=\"11\"><label class=\"wpforms-field-label\" for=\"wpforms-992-field_11\">IP client<\/label><input type=\"text\" id=\"wpforms-992-field_11\" class=\"wpforms-field-large\" name=\"wpforms[fields][11]\" value=\"216.73.216.229\" aria-errormessage=\"wpforms-992-field_11-error\" ><\/div><\/div><!-- .wpforms-field-container --><div class=\"wpforms-recaptcha-container wpforms-is-recaptcha wpforms-is-recaptcha-type-invisible\" ><div class=\"g-recaptcha\" data-sitekey=\"6LdEtWsrAAAAAEmzxiBRi6AAl-KXXavWAmEJdn-a\" data-size=\"invisible\"><\/div><\/div><div class=\"wpforms-submit-container\" ><input type=\"hidden\" name=\"wpforms[id]\" value=\"992\"><input type=\"hidden\" name=\"page_title\" value=\"\"><input type=\"hidden\" name=\"page_url\" value=\"https:\/\/www.gigapa.com\/fr\/wp-json\/wp\/v2\/pages\/2046\"><button type=\"submit\" name=\"wpforms[submit]\" id=\"wpforms-submit-992\" class=\"wpforms-submit\" data-alt-text=\"Sending...\" data-submit-text=\"Get Free Quote\" aria-live=\"assertive\" value=\"wpforms-submit\">Obtenir un devis gratuit<\/button><img loading=\"lazy\" decoding=\"async\" src=\"https:\/\/www.gigapa.com\/wp-content\/plugins\/wpforms\/assets\/images\/submit-spin.svg\" class=\"wpforms-submit-spinner\" style=\"display: none;\" width=\"26\" height=\"26\" alt=\"Chargement en cours\"><\/div><input type=\"hidden\" name=\"trp-form-language\" value=\"fr\"\/><\/form><\/div>  <!-- .wpforms-container -->\t\t\t\t<\/div>\n\t\t\t\t<\/div>\n\t\t\t\t\t<\/div>\n\t\t\t\t<\/div>\n\t\t\t\t<\/div>","protected":false},"excerpt":{"rendered":"<p>\u3010Medical Waste Destroyer\u3011- GSS-F Single-Shaft Shredder Nom du projet : D\u00e9chiquetage de d\u00e9chets m\u00e9dicaux \u00e0 HaianClient : Une soci\u00e9t\u00e9 de protection de l'environnement bas\u00e9e \u00e0 HaianLieu : Haian, province de Jiangsu [...]<\/p>","protected":false},"author":1,"featured_media":0,"parent":0,"menu_order":0,"comment_status":"closed","ping_status":"closed","template":"","meta":{"site-sidebar-layout":"no-sidebar","site-content-layout":"","ast-site-content-layout":"full-width-container","site-content-style":"default","site-sidebar-style":"default","ast-global-header-display":"","ast-banner-title-visibility":"","ast-main-header-display":"","ast-hfb-above-header-display":"","ast-hfb-below-header-display":"","ast-hfb-mobile-header-display":"","site-post-title":"disabled","ast-breadcrumbs-content":"","ast-featured-img":"disabled","footer-sml-layout":"","ast-disable-related-posts":"","theme-transparent-header-meta":"default","adv-header-id-meta":"","stick-header-meta":"","header-above-stick-meta":"","header-main-stick-meta":"","header-below-stick-meta":"","astra-migrate-meta-layouts":"set","ast-page-background-enabled":"default","ast-page-background-meta":{"desktop":{"background-color":"var(--ast-global-color-5)","background-image":"","background-repeat":"repeat","background-position":"center center","background-size":"auto","background-attachment":"scroll","background-type":"","background-media":"","overlay-type":"","overlay-color":"","overlay-opacity":"","overlay-gradient":""},"tablet":{"background-color":"","background-image":"","background-repeat":"repeat","background-position":"center center","background-size":"auto","background-attachment":"scroll","background-type":"","background-media":"","overlay-type":"","overlay-color":"","overlay-opacity":"","overlay-gradient":""},"mobile":{"background-color":"","background-image":"","background-repeat":"repeat","background-position":"center center","background-size":"auto","background-attachment":"scroll","background-type":"","background-media":"","overlay-type":"","overlay-color":"","overlay-opacity":"","overlay-gradient":""}},"ast-content-background-meta":{"desktop":{"background-color":"var(--ast-global-color-4)","background-image":"","background-repeat":"repeat","background-position":"center center","background-size":"auto","background-attachment":"scroll","background-type":"","background-media":"","overlay-type":"","overlay-color":"","overlay-opacity":"","overlay-gradient":""},"tablet":{"background-color":"var(--ast-global-color-4)","background-image":"","background-repeat":"repeat","background-position":"center center","background-size":"auto","background-attachment":"scroll","background-type":"","background-media":"","overlay-type":"","overlay-color":"","overlay-opacity":"","overlay-gradient":""},"mobile":{"background-color":"var(--ast-global-color-4)","background-image":"","background-repeat":"repeat","background-position":"center center","background-size":"auto","background-attachment":"scroll","background-type":"","background-media":"","overlay-type":"","overlay-color":"","overlay-opacity":"","overlay-gradient":""}},"footnotes":""},"class_list":["post-2046","page","type-page","status-publish","hentry"],"_hostinger_reach_plugin_has_subscription_block":false,"_hostinger_reach_plugin_is_elementor":false,"_links":{"self":[{"href":"https:\/\/www.gigapa.com\/fr\/wp-json\/wp\/v2\/pages\/2046","targetHints":{"allow":["GET"]}}],"collection":[{"href":"https:\/\/www.gigapa.com\/fr\/wp-json\/wp\/v2\/pages"}],"about":[{"href":"https:\/\/www.gigapa.com\/fr\/wp-json\/wp\/v2\/types\/page"}],"author":[{"embeddable":true,"href":"https:\/\/www.gigapa.com\/fr\/wp-json\/wp\/v2\/users\/1"}],"replies":[{"embeddable":true,"href":"https:\/\/www.gigapa.com\/fr\/wp-json\/wp\/v2\/comments?post=2046"}],"version-history":[{"count":17,"href":"https:\/\/www.gigapa.com\/fr\/wp-json\/wp\/v2\/pages\/2046\/revisions"}],"predecessor-version":[{"id":2240,"href":"https:\/\/www.gigapa.com\/fr\/wp-json\/wp\/v2\/pages\/2046\/revisions\/2240"}],"wp:attachment":[{"href":"https:\/\/www.gigapa.com\/fr\/wp-json\/wp\/v2\/media?parent=2046"}],"curies":[{"name":"wp","href":"https:\/\/api.w.org\/{rel}","templated":true}]}}