{"id":2066,"date":"2025-06-17T15:40:23","date_gmt":"2025-06-17T07:40:23","guid":{"rendered":"https:\/\/www.gigapa.com\/?page_id=2066"},"modified":"2025-06-25T09:44:50","modified_gmt":"2025-06-25T01:44:50","slug":"gbw-c-wood-shaving-machine","status":"publish","type":"page","link":"https:\/\/www.gigapa.com\/fr\/gbw-c-wood-shaving-machine\/","title":{"rendered":"\u3010Boost Profits, Double Efficiency\u3011- GBW-C Wood Shaving Machine"},"content":{"rendered":"<div data-elementor-type=\"wp-page\" data-elementor-id=\"2066\" class=\"elementor elementor-2066\" data-elementor-post-type=\"page\">\n\t\t\t\t<div class=\"elementor-element elementor-element-7fb157f e-flex e-con-boxed e-con e-parent\" data-id=\"7fb157f\" data-element_type=\"container\" data-e-type=\"container\">\n\t\t\t\t\t<div class=\"e-con-inner\">\n\t\t\t\t<div class=\"elementor-element elementor-element-fbb8596 elementor-widget elementor-widget-heading\" data-id=\"fbb8596\" data-element_type=\"widget\" data-e-type=\"widget\" data-widget_type=\"heading.default\">\n\t\t\t\t<div class=\"elementor-widget-container\">\n\t\t\t\t\t<h1 class=\"elementor-heading-title elementor-size-default\">\u3010Boost Profits, Double Efficiency\u3011-- GBW-C Wood Shaving Machine<\/h1>\t\t\t\t<\/div>\n\t\t\t\t<\/div>\n\t\t\t\t<div class=\"elementor-element elementor-element-a505098 elementor-widget elementor-widget-woocommerce-breadcrumb\" data-id=\"a505098\" data-element_type=\"widget\" data-e-type=\"widget\" data-widget_type=\"woocommerce-breadcrumb.default\">\n\t\t\t\t<div class=\"elementor-widget-container\">\n\t\t\t\t\t<nav class=\"woocommerce-breadcrumb\" aria-label=\"Breadcrumb\" data-no-translation=\"\" data-trp-gettext=\"\">Accueil<\/nav>\t\t\t\t<\/div>\n\t\t\t\t<\/div>\n\t\t\t\t<div class=\"elementor-element elementor-element-a71d8a9 elementor-widget elementor-widget-text-editor\" data-id=\"a71d8a9\" data-element_type=\"widget\" data-e-type=\"widget\" data-widget_type=\"text-editor.default\">\n\t\t\t\t<div class=\"elementor-widget-container\">\n\t\t\t\t\t\t\t\t\t<p><strong><b>Nom du projet :<\/b><\/strong>\u00a0Projet de ligne de production de copeaux de bois de Dongguan<br \/><strong><b>Client :<\/b><\/strong>\u00a0Une entreprise de literie de rasage de bois bas\u00e9e \u00e0 Dongguan<br \/><strong><b>Localisation :<\/b><\/strong>\u00a0Dongguan<\/p><h2><strong><b>Contexte du projet :<\/b><\/strong><\/h2><p>Le client est un fabricant professionnel de liti\u00e8re de copeaux de bois, qui fournit principalement des copeaux aux centres \u00e9questres et aux fermes d'\u00e9levage de chevaux. La capacit\u00e9 de son \u00e9quipement actuel ne pouvait plus r\u00e9pondre \u00e0 la demande, ce qui n\u00e9cessitait des machines plus performantes.<\/p><h2><strong><b>Exigences du client :<\/b><\/strong><\/h2><p>Capacit\u00e9 de production atteignant T\/h, longueur des copeaux de bois \u2265 5 cm, poids des balles plus pr\u00e9cis et densit\u00e9 des balles contr\u00f4lable.<\/p><h2><strong><b>Solution :<\/b><\/strong><\/h2><p>Sur la base des besoins quotidiens de traitement et des exigences cl\u00e9s, nous avons con\u00e7u un nouveau syst\u00e8me \u00e0 six arbres. <a href=\"https:\/\/www.gigapa.com\/fr\/product\/wood-chippers\/\">Machine \u00e0 raser de la s\u00e9rie GBW-C<\/a> avec des fonctions am\u00e9lior\u00e9es : Un fonctionnement stable avec un rendement \u00e9lev\u00e9 et un syst\u00e8me de pesage et d'ensachage modifi\u00e9 selon les sp\u00e9cifications du client. La ligne de production compl\u00e8te r\u00e9pond aux normes techniques et aux exigences op\u00e9rationnelles, cr\u00e9ant ainsi une valeur \u00e9conomique pour le client.<\/p><p><div class=\"ast-oembed-container\" style=\"height: 100%;\"><iframe title=\"Machine \u00e0 raser le bois \u00e0 haut rendement pour la literie des animaux #woodshavings\" width=\"500\" height=\"281\" src=\"https:\/\/www.youtube.com\/embed\/Cy-jHySpj0Y?feature=oembed\" frameborder=\"0\" allow=\"accelerometer; autoplay; clipboard-write; encrypted-media; gyroscope; picture-in-picture; web-share\" referrerpolicy=\"strict-origin-when-cross-origin\" allowfullscreen><\/iframe><\/div><\/p><p><img fetchpriority=\"high\" decoding=\"async\" class=\"wp-image-1955 size-full aligncenter\" src=\"https:\/\/www.gigapa.com\/wp-content\/uploads\/2025\/06\/\u5fae\u4fe1\u56fe\u7247_20250616091927.png\" alt=\"\" width=\"800\" height=\"800\" srcset=\"https:\/\/www.gigapa.com\/wp-content\/uploads\/2025\/06\/\u5fae\u4fe1\u56fe\u7247_20250616091927.png 800w, https:\/\/www.gigapa.com\/wp-content\/uploads\/2025\/06\/\u5fae\u4fe1\u56fe\u7247_20250616091927-300x300.png 300w, https:\/\/www.gigapa.com\/wp-content\/uploads\/2025\/06\/\u5fae\u4fe1\u56fe\u7247_20250616091927-150x150.png 150w, https:\/\/www.gigapa.com\/wp-content\/uploads\/2025\/06\/\u5fae\u4fe1\u56fe\u7247_20250616091927-768x768.png 768w, https:\/\/www.gigapa.com\/wp-content\/uploads\/2025\/06\/\u5fae\u4fe1\u56fe\u7247_20250616091927-12x12.png 12w, https:\/\/www.gigapa.com\/wp-content\/uploads\/2025\/06\/\u5fae\u4fe1\u56fe\u7247_20250616091927-600x600.png 600w, https:\/\/www.gigapa.com\/wp-content\/uploads\/2025\/06\/\u5fae\u4fe1\u56fe\u7247_20250616091927-100x100.png 100w\" sizes=\"(max-width: 800px) 100vw, 800px\" \/><\/p><p><img decoding=\"async\" class=\"aligncenter wp-image-1007\" src=\"https:\/\/www.gigapa.com\/wp-content\/uploads\/2025\/05\/\u6728\u67501.jpg\" alt=\"D\u00e9chiqueteuses de bois\" width=\"800\" height=\"502\" srcset=\"https:\/\/www.gigapa.com\/wp-content\/uploads\/2025\/05\/\u6728\u67501.jpg 1034w, https:\/\/www.gigapa.com\/wp-content\/uploads\/2025\/05\/\u6728\u67501-300x188.jpg 300w, https:\/\/www.gigapa.com\/wp-content\/uploads\/2025\/05\/\u6728\u67501-1024x643.jpg 1024w, https:\/\/www.gigapa.com\/wp-content\/uploads\/2025\/05\/\u6728\u67501-768x482.jpg 768w, https:\/\/www.gigapa.com\/wp-content\/uploads\/2025\/05\/\u6728\u67501-600x377.jpg 600w\" sizes=\"(max-width: 800px) 100vw, 800px\" \/><\/p><p><img decoding=\"async\" class=\"aligncenter wp-image-1032\" src=\"https:\/\/www.gigapa.com\/wp-content\/uploads\/2025\/05\/\u5957\u888b\u673a\u5228\u82b1\u673a\u6253\u53052.jpg\" alt=\"Ensachage Machines \u00e0 balles\" width=\"800\" height=\"502\" srcset=\"https:\/\/www.gigapa.com\/wp-content\/uploads\/2025\/05\/\u5957\u888b\u673a\u5228\u82b1\u673a\u6253\u53052.jpg 1034w, https:\/\/www.gigapa.com\/wp-content\/uploads\/2025\/05\/\u5957\u888b\u673a\u5228\u82b1\u673a\u6253\u53052-300x188.jpg 300w, https:\/\/www.gigapa.com\/wp-content\/uploads\/2025\/05\/\u5957\u888b\u673a\u5228\u82b1\u673a\u6253\u53052-1024x643.jpg 1024w, https:\/\/www.gigapa.com\/wp-content\/uploads\/2025\/05\/\u5957\u888b\u673a\u5228\u82b1\u673a\u6253\u53052-768x482.jpg 768w, https:\/\/www.gigapa.com\/wp-content\/uploads\/2025\/05\/\u5957\u888b\u673a\u5228\u82b1\u673a\u6253\u53052-600x377.jpg 600w\" sizes=\"(max-width: 800px) 100vw, 800px\" \/><\/p><p>GIGAPA s'engage \u00e0 donner la priorit\u00e9 aux clients.Nous basons nos services et nos solutions sur la satisfaction des besoins des clients tout en abordant les questions sociales, contribuant ainsi \u00e0 la soci\u00e9t\u00e9.En comprenant parfaitement les probl\u00e8mes et les pr\u00e9occupations de nos clients, nous fournissons des solutions cibl\u00e9es pour les aider \u00e0 surmonter les d\u00e9fis.Tout au long de la mise en \u0153uvre du projet, nous maintenons une communication constante avec les clients, \u00e9tablissant une confiance mutuelle et une coop\u00e9ration fructueuse.Ensemble, nous exploitons la puissance de GIGAPA pour \u00e9tablir des r\u00e9f\u00e9rences dans l'industrie !<\/p>\t\t\t\t\t\t\t\t<\/div>\n\t\t\t\t<\/div>\n\t\t\t\t\t<\/div>\n\t\t\t\t<\/div>\n\t\t<div class=\"elementor-element elementor-element-6903bb6 e-flex e-con-boxed e-con e-parent\" data-id=\"6903bb6\" data-element_type=\"container\" data-e-type=\"container\">\n\t\t\t\t\t<div class=\"e-con-inner\">\n\t\t\t\t<div class=\"elementor-element elementor-element-01f3a39 elementor-widget elementor-widget-wpforms\" data-id=\"01f3a39\" data-element_type=\"widget\" data-e-type=\"widget\" data-widget_type=\"wpforms.default\">\n\t\t\t\t<div class=\"elementor-widget-container\">\n\t\t\t\t\t<style id=\"wpforms-css-vars-elementor-widget-01f3a39\">\n\t\t\t\t.elementor-widget-wpforms.elementor-element-01f3a39 {\n\t\t\t\t--wpforms-field-size-input-height: 43px;\n--wpforms-field-size-input-spacing: 15px;\n--wpforms-field-size-font-size: 16px;\n--wpforms-field-size-line-height: 19px;\n--wpforms-field-size-padding-h: 14px;\n--wpforms-field-size-checkbox-size: 16px;\n--wpforms-field-size-sublabel-spacing: 5px;\n--wpforms-field-size-icon-size: 1;\n--wpforms-label-size-font-size: 16px;\n--wpforms-label-size-line-height: 19px;\n--wpforms-label-size-sublabel-font-size: 14px;\n--wpforms-label-size-sublabel-line-height: 17px;\n--wpforms-button-size-font-size: 17px;\n--wpforms-button-size-height: 41px;\n--wpforms-button-size-padding-h: 15px;\n--wpforms-button-size-margin-top: 10px;\n\n\t\t\t}\n\t\t\t<\/style><div class=\"wpforms-container wpforms-container-full wpforms-render-modern\" id=\"wpforms-992\"><form id=\"wpforms-form-992\" class=\"wpforms-validate wpforms-form wpforms-ajax-form\" data-formid=\"992\" method=\"post\" enctype=\"multipart\/form-data\" action=\"\/fr\/wp-json\/wp\/v2\/pages\/2066\" data-token=\"e222e14b642e66d528c567c6e9f9d64d\" data-token-time=\"1778838369\" data-trp-original-action=\"\/fr\/wp-json\/wp\/v2\/pages\/2066\"><noscript class=\"wpforms-error-noscript\">Veuillez activer JavaScript dans votre navigateur pour remplir ce formulaire.<\/noscript><div class=\"wpforms-hidden\" id=\"wpforms-error-noscript\">Veuillez activer JavaScript dans votre navigateur pour remplir ce formulaire.<\/div><div class=\"wpforms-field-container\"><div id=\"wpforms-992-field_6-container\" class=\"wpforms-field wpforms-field-text\" data-field-id=\"6\"><label class=\"wpforms-field-label\" for=\"wpforms-992-field_6\">Nom<\/label><input type=\"text\" id=\"wpforms-992-field_6\" class=\"wpforms-field-large\" name=\"wpforms[fields][6]\" aria-errormessage=\"wpforms-992-field_6-error\" ><\/div><div id=\"wpforms-992-field_4-container\" class=\"wpforms-field wpforms-field-email\" data-field-id=\"4\"><label class=\"wpforms-field-label\" for=\"wpforms-992-field_4\">Courriel <span class=\"wpforms-required-label\" aria-hidden=\"true\">*<\/span><\/label><input type=\"email\" id=\"wpforms-992-field_4\" class=\"wpforms-field-large wpforms-field-required\" name=\"wpforms[fields][4]\" spellcheck=\"false\" aria-errormessage=\"wpforms-992-field_4-error\" required><\/div><div id=\"wpforms-992-field_2-container\" class=\"wpforms-field wpforms-field-text\" data-field-id=\"2\"><label class=\"wpforms-field-label\" for=\"wpforms-992-field_2\">T\u00e9l\u00e9phone <span class=\"wpforms-required-label\" aria-hidden=\"true\">*<\/span><\/label><input type=\"text\" id=\"wpforms-992-field_2\" class=\"wpforms-field-large wpforms-field-required\" name=\"wpforms[fields][2]\" aria-errormessage=\"wpforms-992-field_2-error\" required><\/div><div id=\"wpforms-992-field_5-container\" class=\"wpforms-field wpforms-field-textarea\" data-field-id=\"5\"><label class=\"wpforms-field-label\" for=\"wpforms-992-field_5\">Message <span class=\"wpforms-required-label\" aria-hidden=\"true\">*<\/span><\/label><textarea id=\"wpforms-992-field_5\" class=\"wpforms-field-medium wpforms-field-required\" name=\"wpforms[fields][5]\" aria-errormessage=\"wpforms-992-field_5-error\" required><\/textarea><\/div><div id=\"wpforms-992-field_10-container\" class=\"wpforms-field wpforms-field-text hide-page-url\" data-field-id=\"10\"><label class=\"wpforms-field-label\" for=\"wpforms-992-field_10\">Page de soumission<\/label><input type=\"text\" id=\"wpforms-992-field_10\" class=\"wpforms-field-large\" name=\"wpforms[fields][10]\" value=\"https:\/\/www.gigapa.com\/fr\/wp-json\/wp\/v2\/pages\/2066\" aria-errormessage=\"wpforms-992-field_10-error\" ><\/div><div id=\"wpforms-992-field_11-container\" class=\"wpforms-field wpforms-field-text hidden-ip\" data-field-id=\"11\"><label class=\"wpforms-field-label\" for=\"wpforms-992-field_11\">IP client<\/label><input type=\"text\" id=\"wpforms-992-field_11\" class=\"wpforms-field-large\" name=\"wpforms[fields][11]\" value=\"216.73.217.73\" aria-errormessage=\"wpforms-992-field_11-error\" ><\/div><\/div><!-- .wpforms-field-container --><div class=\"wpforms-recaptcha-container wpforms-is-recaptcha wpforms-is-recaptcha-type-invisible\" ><div class=\"g-recaptcha\" data-sitekey=\"6LdEtWsrAAAAAEmzxiBRi6AAl-KXXavWAmEJdn-a\" data-size=\"invisible\"><\/div><\/div><div class=\"wpforms-submit-container\" ><input type=\"hidden\" name=\"wpforms[id]\" value=\"992\"><input type=\"hidden\" name=\"page_title\" value=\"\"><input type=\"hidden\" name=\"page_url\" value=\"https:\/\/www.gigapa.com\/fr\/wp-json\/wp\/v2\/pages\/2066\"><button type=\"submit\" name=\"wpforms[submit]\" id=\"wpforms-submit-992\" class=\"wpforms-submit\" data-alt-text=\"Sending...\" data-submit-text=\"Get Free Quote\" aria-live=\"assertive\" value=\"wpforms-submit\">Obtenir un devis gratuit<\/button><img loading=\"lazy\" decoding=\"async\" src=\"https:\/\/www.gigapa.com\/wp-content\/plugins\/wpforms\/assets\/images\/submit-spin.svg\" class=\"wpforms-submit-spinner\" style=\"display: none;\" width=\"26\" height=\"26\" alt=\"Chargement en cours\"><\/div><input type=\"hidden\" name=\"trp-form-language\" value=\"fr\"\/><\/form><\/div>  <!-- .wpforms-container -->\t\t\t\t<\/div>\n\t\t\t\t<\/div>\n\t\t\t\t\t<\/div>\n\t\t\t\t<\/div>\n\t\t\t\t<\/div>","protected":false},"excerpt":{"rendered":"<p>\u3010Boost Profits, Double Efficiency\u3011- GBW-C Wood Shaving Machine Nom du projet : Projet de ligne de production de rasage de bois de DongguanClient : Une entreprise de literie de rasage du bois bas\u00e9e \u00e0 DongguanLieu : Dongguan [...]<\/p>","protected":false},"author":1,"featured_media":0,"parent":0,"menu_order":0,"comment_status":"closed","ping_status":"closed","template":"","meta":{"site-sidebar-layout":"no-sidebar","site-content-layout":"","ast-site-content-layout":"full-width-container","site-content-style":"default","site-sidebar-style":"default","ast-global-header-display":"","ast-banner-title-visibility":"","ast-main-header-display":"","ast-hfb-above-header-display":"","ast-hfb-below-header-display":"","ast-hfb-mobile-header-display":"","site-post-title":"disabled","ast-breadcrumbs-content":"","ast-featured-img":"disabled","footer-sml-layout":"","ast-disable-related-posts":"","theme-transparent-header-meta":"default","adv-header-id-meta":"","stick-header-meta":"","header-above-stick-meta":"","header-main-stick-meta":"","header-below-stick-meta":"","astra-migrate-meta-layouts":"set","ast-page-background-enabled":"default","ast-page-background-meta":{"desktop":{"background-color":"var(--ast-global-color-5)","background-image":"","background-repeat":"repeat","background-position":"center center","background-size":"auto","background-attachment":"scroll","background-type":"","background-media":"","overlay-type":"","overlay-color":"","overlay-opacity":"","overlay-gradient":""},"tablet":{"background-color":"","background-image":"","background-repeat":"repeat","background-position":"center center","background-size":"auto","background-attachment":"scroll","background-type":"","background-media":"","overlay-type":"","overlay-color":"","overlay-opacity":"","overlay-gradient":""},"mobile":{"background-color":"","background-image":"","background-repeat":"repeat","background-position":"center center","background-size":"auto","background-attachment":"scroll","background-type":"","background-media":"","overlay-type":"","overlay-color":"","overlay-opacity":"","overlay-gradient":""}},"ast-content-background-meta":{"desktop":{"background-color":"var(--ast-global-color-4)","background-image":"","background-repeat":"repeat","background-position":"center center","background-size":"auto","background-attachment":"scroll","background-type":"","background-media":"","overlay-type":"","overlay-color":"","overlay-opacity":"","overlay-gradient":""},"tablet":{"background-color":"var(--ast-global-color-4)","background-image":"","background-repeat":"repeat","background-position":"center center","background-size":"auto","background-attachment":"scroll","background-type":"","background-media":"","overlay-type":"","overlay-color":"","overlay-opacity":"","overlay-gradient":""},"mobile":{"background-color":"var(--ast-global-color-4)","background-image":"","background-repeat":"repeat","background-position":"center center","background-size":"auto","background-attachment":"scroll","background-type":"","background-media":"","overlay-type":"","overlay-color":"","overlay-opacity":"","overlay-gradient":""}},"footnotes":""},"class_list":["post-2066","page","type-page","status-publish","hentry"],"_hostinger_reach_plugin_has_subscription_block":false,"_hostinger_reach_plugin_is_elementor":false,"_links":{"self":[{"href":"https:\/\/www.gigapa.com\/fr\/wp-json\/wp\/v2\/pages\/2066","targetHints":{"allow":["GET"]}}],"collection":[{"href":"https:\/\/www.gigapa.com\/fr\/wp-json\/wp\/v2\/pages"}],"about":[{"href":"https:\/\/www.gigapa.com\/fr\/wp-json\/wp\/v2\/types\/page"}],"author":[{"embeddable":true,"href":"https:\/\/www.gigapa.com\/fr\/wp-json\/wp\/v2\/users\/1"}],"replies":[{"embeddable":true,"href":"https:\/\/www.gigapa.com\/fr\/wp-json\/wp\/v2\/comments?post=2066"}],"version-history":[{"count":13,"href":"https:\/\/www.gigapa.com\/fr\/wp-json\/wp\/v2\/pages\/2066\/revisions"}],"predecessor-version":[{"id":2270,"href":"https:\/\/www.gigapa.com\/fr\/wp-json\/wp\/v2\/pages\/2066\/revisions\/2270"}],"wp:attachment":[{"href":"https:\/\/www.gigapa.com\/fr\/wp-json\/wp\/v2\/media?parent=2066"}],"curies":[{"name":"wp","href":"https:\/\/api.w.org\/{rel}","templated":true}]}}