{"id":2193,"date":"2025-06-25T08:45:01","date_gmt":"2025-06-25T00:45:01","guid":{"rendered":"https:\/\/www.gigapa.com\/?page_id=2193"},"modified":"2025-06-25T11:48:20","modified_gmt":"2025-06-25T03:48:20","slug":"intelligent-control-minimal-maintenance-continuous-metal-baler-for-profit-and-efficiency-win-win-gfb-c-metal-baler","status":"publish","type":"page","link":"https:\/\/www.gigapa.com\/fr\/intelligent-control-minimal-maintenance-continuous-metal-baler-for-profit-and-efficiency-win-win-gfb-c-metal-baler\/","title":{"rendered":"\u3010Intelligent Control, Minimal Maintenance - Continuous Metal Baler for Profit and Efficiency Win-Win!\u3011 - GFB-C Metal Baler"},"content":{"rendered":"<div data-elementor-type=\"wp-page\" data-elementor-id=\"2193\" class=\"elementor elementor-2193\" data-elementor-post-type=\"page\">\n\t\t\t\t<div class=\"elementor-element elementor-element-a39659c e-flex e-con-boxed e-con e-parent\" data-id=\"a39659c\" data-element_type=\"container\" data-e-type=\"container\">\n\t\t\t\t\t<div class=\"e-con-inner\">\n\t\t<div class=\"elementor-element elementor-element-7ff47c5 e-con-full e-flex e-con e-child\" data-id=\"7ff47c5\" data-element_type=\"container\" data-e-type=\"container\">\n\t\t\t\t<div class=\"elementor-element elementor-element-bd05d06 elementor-widget elementor-widget-heading\" data-id=\"bd05d06\" data-element_type=\"widget\" data-e-type=\"widget\" data-widget_type=\"heading.default\">\n\t\t\t\t<div class=\"elementor-widget-container\">\n\t\t\t\t\t<h1 class=\"elementor-heading-title elementor-size-default\">\u3010Intelligent Control, Minimal Maintenance - Continuous Metal Baler for Profit and Efficiency Win-Win!\u3011 - GFB-C Metal Baler<\/h1>\t\t\t\t<\/div>\n\t\t\t\t<\/div>\n\t\t\t\t<div class=\"elementor-element elementor-element-f9ae4a7 elementor-widget elementor-widget-woocommerce-breadcrumb\" data-id=\"f9ae4a7\" data-element_type=\"widget\" data-e-type=\"widget\" data-widget_type=\"woocommerce-breadcrumb.default\">\n\t\t\t\t<div class=\"elementor-widget-container\">\n\t\t\t\t\t<nav class=\"woocommerce-breadcrumb\" aria-label=\"Breadcrumb\" data-no-translation=\"\" data-trp-gettext=\"\">Accueil<\/nav>\t\t\t\t<\/div>\n\t\t\t\t<\/div>\n\t\t\t\t<div class=\"elementor-element elementor-element-8cdc039 elementor-widget elementor-widget-text-editor\" data-id=\"8cdc039\" data-element_type=\"widget\" data-e-type=\"widget\" data-widget_type=\"text-editor.default\">\n\t\t\t\t<div class=\"elementor-widget-container\">\n\t\t\t\t\t\t\t\t\t<p><strong><b>Nom du projet : <\/b><\/strong>Compaction de la ferraille d'aluminium au Mexique<br><strong><b>Nom du client : <\/b><\/strong>Une entreprise mexicaine de recyclage de la ferraille<br><strong><b>Lieu du projet : <\/b><\/strong>Mexique<\/p>\n<h2><strong><b>Contexte du projet :<\/b><\/strong><\/h2>\n<p>Le client est un transformateur de ressources de recyclage, l'aluminium \u00e9tant l'une de ses principales cat\u00e9gories de recyclage. L'accumulation de divers d\u00e9chets d'aluminium occupe un espace important et complique la logistique, ce qui n\u00e9cessite la mise en balles pour augmenter la densit\u00e9 et r\u00e9duire les co\u00fbts de transport.<\/p>\n<p><img fetchpriority=\"high\" decoding=\"async\" class=\"alignnone wp-image-2194 size-full\" src=\"https:\/\/www.gigapa.com\/wp-content\/uploads\/2025\/06\/Aluminum-Scrap-Compaction-in-Mexico.png\" alt=\"\" width=\"500\" height=\"667\" srcset=\"https:\/\/www.gigapa.com\/wp-content\/uploads\/2025\/06\/Aluminum-Scrap-Compaction-in-Mexico.png 500w, https:\/\/www.gigapa.com\/wp-content\/uploads\/2025\/06\/Aluminum-Scrap-Compaction-in-Mexico-225x300.png 225w, https:\/\/www.gigapa.com\/wp-content\/uploads\/2025\/06\/Aluminum-Scrap-Compaction-in-Mexico-9x12.png 9w\" sizes=\"(max-width: 500px) 100vw, 500px\" \/> <img decoding=\"async\" class=\"alignnone wp-image-2195\" src=\"https:\/\/www.gigapa.com\/wp-content\/uploads\/2025\/06\/Aluminum-Scrap-Compaction-in-Mexico2.png\" alt=\"\" width=\"587\" height=\"667\" srcset=\"https:\/\/www.gigapa.com\/wp-content\/uploads\/2025\/06\/Aluminum-Scrap-Compaction-in-Mexico2.png 559w, https:\/\/www.gigapa.com\/wp-content\/uploads\/2025\/06\/Aluminum-Scrap-Compaction-in-Mexico2-264x300.png 264w, https:\/\/www.gigapa.com\/wp-content\/uploads\/2025\/06\/Aluminum-Scrap-Compaction-in-Mexico2-11x12.png 11w\" sizes=\"(max-width: 587px) 100vw, 587px\" \/><\/p>\n<h2><strong><b>Exigences du client :<\/b><\/strong><\/h2>\n<p>L'\u00e9quipement doit traiter diff\u00e9rents types de d\u00e9chets d'aluminium et produire des balles bien compactes qui r\u00e9sistent \u00e0 la rupture. Il n\u00e9cessite un fonctionnement enti\u00e8rement automatis\u00e9, des syst\u00e8mes hydrauliques et \u00e9lectriques fiables et des v\u00e9rins hydrauliques qui ne doivent pas fuir sous haute pression. Apr\u00e8s une utilisation prolong\u00e9e, il ne doit pas y avoir de d\u00e9formation ou de gonflement permanent.<\/p>\n<h2><strong><b>Solution :<\/b><\/strong><\/h2>\n<p>Apr\u00e8s avoir re\u00e7u les exigences du client, notre \u00e9quipe technique a rapidement r\u00e9agi en proposant une solution efficace et rationnelle : le&nbsp;<a href=\"https:\/\/www.gigapa.com\/fr\/product\/continuous-metal-baling-machines\/\">Presse \u00e0 balles en continu pour m\u00e9taux GFB-C<\/a>. Dot\u00e9 d'un syst\u00e8me de contr\u00f4le intelligent et automatis\u00e9 avec un automate Siemens, des composants Schneider Electric et une programmation de contr\u00f4le intelligente, il garantit un fonctionnement stable et une manipulation s\u00fbre et conviviale pour les travailleurs. Les r\u00e9glages de pression sont optimis\u00e9s en fonction du mat\u00e9riau, ce qui maximise l'efficacit\u00e9.<\/p>\n<p><img decoding=\"async\" class=\"wp-image-1733 aligncenter\" src=\"https:\/\/www.gigapa.com\/wp-content\/uploads\/2025\/05\/\u56fe2.png\" alt=\"Machines \u00e0 empaqueter les m\u00e9taux en continu\" width=\"1000\" height=\"1000\" srcset=\"https:\/\/www.gigapa.com\/wp-content\/uploads\/2025\/05\/\u56fe2.png 2672w, https:\/\/www.gigapa.com\/wp-content\/uploads\/2025\/05\/\u56fe2-300x300.png 300w, https:\/\/www.gigapa.com\/wp-content\/uploads\/2025\/05\/\u56fe2-1024x1024.png 1024w, https:\/\/www.gigapa.com\/wp-content\/uploads\/2025\/05\/\u56fe2-150x150.png 150w, https:\/\/www.gigapa.com\/wp-content\/uploads\/2025\/05\/\u56fe2-768x768.png 768w, https:\/\/www.gigapa.com\/wp-content\/uploads\/2025\/05\/\u56fe2-1536x1536.png 1536w, https:\/\/www.gigapa.com\/wp-content\/uploads\/2025\/05\/\u56fe2-2048x2048.png 2048w, https:\/\/www.gigapa.com\/wp-content\/uploads\/2025\/05\/\u56fe2-12x12.png 12w, https:\/\/www.gigapa.com\/wp-content\/uploads\/2025\/05\/\u56fe2-600x600.png 600w, https:\/\/www.gigapa.com\/wp-content\/uploads\/2025\/05\/\u56fe2-100x100.png 100w\" sizes=\"(max-width: 1000px) 100vw, 1000px\" \/><\/p>\n<p>Les v\u00e9rins hydrauliques GIGAPA sont fabriqu\u00e9s \u00e0 partir de tubes d'acier sans soudure \u00e0 paroi \u00e9paisse et \u00e0 haut facteur de s\u00e9curit\u00e9 ou de forgeage int\u00e9gral. Ils offrent des performances stables et une compression puissante, \u00e9tablissant ainsi une nouvelle norme industrielle en mati\u00e8re de densit\u00e9 !<\/p>\n<p>GIGAPA s'engage \u00e0 donner la priorit\u00e9 aux clients. Nous basons nos services et nos solutions sur la satisfaction des besoins de nos clients tout en abordant les questions sociales, contribuant ainsi \u00e0 la soci\u00e9t\u00e9. En comprenant parfaitement les probl\u00e8mes et les pr\u00e9occupations de nos clients, nous fournissons des solutions cibl\u00e9es pour les aider \u00e0 surmonter les d\u00e9fis. Tout au long de la mise en \u0153uvre du projet, nous maintenons une communication constante avec les clients, ce qui permet d'instaurer une confiance mutuelle et de parvenir \u00e0 une coop\u00e9ration fructueuse. Ensemble, nous exploitons la puissance de GIGAPA pour \u00e9tablir des r\u00e9f\u00e9rences dans l'industrie !<\/p>\t\t\t\t\t\t\t\t<\/div>\n\t\t\t\t<\/div>\n\t\t\t\t<\/div>\n\t\t\t\t\t<\/div>\n\t\t\t\t<\/div>\n\t\t\t\t<\/div>","protected":false},"excerpt":{"rendered":"<p>\u3010Intelligent Control, Minimal Maintenance - Continuous Metal Baler for Profit and Efficiency Win-Win!\u3011 - GFB-C Metal Baler Nom du projet : Aluminium [...]<\/p>","protected":false},"author":1,"featured_media":0,"parent":0,"menu_order":0,"comment_status":"closed","ping_status":"closed","template":"","meta":{"site-sidebar-layout":"no-sidebar","site-content-layout":"","ast-site-content-layout":"full-width-container","site-content-style":"default","site-sidebar-style":"default","ast-global-header-display":"","ast-banner-title-visibility":"","ast-main-header-display":"","ast-hfb-above-header-display":"","ast-hfb-below-header-display":"","ast-hfb-mobile-header-display":"","site-post-title":"disabled","ast-breadcrumbs-content":"","ast-featured-img":"disabled","footer-sml-layout":"","ast-disable-related-posts":"","theme-transparent-header-meta":"default","adv-header-id-meta":"","stick-header-meta":"","header-above-stick-meta":"","header-main-stick-meta":"","header-below-stick-meta":"","astra-migrate-meta-layouts":"set","ast-page-background-enabled":"default","ast-page-background-meta":{"desktop":{"background-color":"var(--ast-global-color-5)","background-image":"","background-repeat":"repeat","background-position":"center center","background-size":"auto","background-attachment":"scroll","background-type":"","background-media":"","overlay-type":"","overlay-color":"","overlay-opacity":"","overlay-gradient":""},"tablet":{"background-color":"","background-image":"","background-repeat":"repeat","background-position":"center center","background-size":"auto","background-attachment":"scroll","background-type":"","background-media":"","overlay-type":"","overlay-color":"","overlay-opacity":"","overlay-gradient":""},"mobile":{"background-color":"","background-image":"","background-repeat":"repeat","background-position":"center center","background-size":"auto","background-attachment":"scroll","background-type":"","background-media":"","overlay-type":"","overlay-color":"","overlay-opacity":"","overlay-gradient":""}},"ast-content-background-meta":{"desktop":{"background-color":"var(--ast-global-color-4)","background-image":"","background-repeat":"repeat","background-position":"center center","background-size":"auto","background-attachment":"scroll","background-type":"","background-media":"","overlay-type":"","overlay-color":"","overlay-opacity":"","overlay-gradient":""},"tablet":{"background-color":"var(--ast-global-color-4)","background-image":"","background-repeat":"repeat","background-position":"center center","background-size":"auto","background-attachment":"scroll","background-type":"","background-media":"","overlay-type":"","overlay-color":"","overlay-opacity":"","overlay-gradient":""},"mobile":{"background-color":"var(--ast-global-color-4)","background-image":"","background-repeat":"repeat","background-position":"center center","background-size":"auto","background-attachment":"scroll","background-type":"","background-media":"","overlay-type":"","overlay-color":"","overlay-opacity":"","overlay-gradient":""}},"footnotes":""},"class_list":["post-2193","page","type-page","status-publish","hentry"],"_hostinger_reach_plugin_has_subscription_block":false,"_hostinger_reach_plugin_is_elementor":false,"_links":{"self":[{"href":"https:\/\/www.gigapa.com\/fr\/wp-json\/wp\/v2\/pages\/2193","targetHints":{"allow":["GET"]}}],"collection":[{"href":"https:\/\/www.gigapa.com\/fr\/wp-json\/wp\/v2\/pages"}],"about":[{"href":"https:\/\/www.gigapa.com\/fr\/wp-json\/wp\/v2\/types\/page"}],"author":[{"embeddable":true,"href":"https:\/\/www.gigapa.com\/fr\/wp-json\/wp\/v2\/users\/1"}],"replies":[{"embeddable":true,"href":"https:\/\/www.gigapa.com\/fr\/wp-json\/wp\/v2\/comments?post=2193"}],"version-history":[{"count":14,"href":"https:\/\/www.gigapa.com\/fr\/wp-json\/wp\/v2\/pages\/2193\/revisions"}],"predecessor-version":[{"id":2285,"href":"https:\/\/www.gigapa.com\/fr\/wp-json\/wp\/v2\/pages\/2193\/revisions\/2285"}],"wp:attachment":[{"href":"https:\/\/www.gigapa.com\/fr\/wp-json\/wp\/v2\/media?parent=2193"}],"curies":[{"name":"wp","href":"https:\/\/api.w.org\/{rel}","templated":true}]}}