{"id":2216,"date":"2025-06-25T09:08:33","date_gmt":"2025-06-25T01:08:33","guid":{"rendered":"https:\/\/www.gigapa.com\/?page_id=2216"},"modified":"2025-06-25T11:45:17","modified_gmt":"2025-06-25T03:45:17","slug":"gbb-h-bagging-baler","status":"publish","type":"page","link":"https:\/\/www.gigapa.com\/fr\/gbb-h-bagging-baler\/","title":{"rendered":"\u3010Compression par un seul bouton, ensachage facile - Gain de temps, de main-d'\u0153uvre, de co\u00fbts et d'espace!\u3011- Presse \u00e0 balles pour l'ensachage GBB-H"},"content":{"rendered":"<div data-elementor-type=\"wp-page\" data-elementor-id=\"2216\" class=\"elementor elementor-2216\" data-elementor-post-type=\"page\">\n\t\t\t\t<div class=\"elementor-element elementor-element-9308275 e-flex e-con-boxed e-con e-parent\" data-id=\"9308275\" data-element_type=\"container\" data-e-type=\"container\">\n\t\t\t\t\t<div class=\"e-con-inner\">\n\t\t<div class=\"elementor-element elementor-element-01ce740 e-con-full e-flex e-con e-child\" data-id=\"01ce740\" data-element_type=\"container\" data-e-type=\"container\">\n\t\t\t\t<div class=\"elementor-element elementor-element-7e19827 elementor-widget elementor-widget-heading\" data-id=\"7e19827\" data-element_type=\"widget\" data-e-type=\"widget\" data-widget_type=\"heading.default\">\n\t\t\t\t<div class=\"elementor-widget-container\">\n\t\t\t\t\t<h1 class=\"elementor-heading-title elementor-size-default\">\u3010Compression par un seul bouton, ensachage facile - Gain de temps, de main-d'\u0153uvre, de co\u00fbts et d'espace!\u3011- Presse \u00e0 balles pour l'ensachage GBB-H<\/h1>\t\t\t\t<\/div>\n\t\t\t\t<\/div>\n\t\t\t\t<div class=\"elementor-element elementor-element-7516821 elementor-widget elementor-widget-woocommerce-breadcrumb\" data-id=\"7516821\" data-element_type=\"widget\" data-e-type=\"widget\" data-widget_type=\"woocommerce-breadcrumb.default\">\n\t\t\t\t<div class=\"elementor-widget-container\">\n\t\t\t\t\t<nav class=\"woocommerce-breadcrumb\" aria-label=\"Breadcrumb\" data-no-translation=\"\" data-trp-gettext=\"\">Accueil<\/nav>\t\t\t\t<\/div>\n\t\t\t\t<\/div>\n\t\t\t\t<div class=\"elementor-element elementor-element-3e08ba6 elementor-widget elementor-widget-text-editor\" data-id=\"3e08ba6\" data-element_type=\"widget\" data-e-type=\"widget\" data-widget_type=\"text-editor.default\">\n\t\t\t\t<div class=\"elementor-widget-container\">\n\t\t\t\t\t\t\t\t\t<p><strong><b>Nom du projet : <\/b><\/strong>Projet de mise en balles de l'\u00e9corce de riz au Japon<br><strong><b>Nom du client : <\/b><\/strong>Une entreprise japonaise de transformation du riz<br><strong><b>Lieu du projet : <\/b><\/strong>Japon<\/p>\n<h2><strong><b>Contexte du projet :<\/b><\/strong><\/h2>\n<p>L'entreprise a pour objectif de vendre les balles de riz aux entreprises en aval en tant que mati\u00e8res premi\u00e8res pour les engrais organiques. La mise en balles et la compression des balles de riz permettent de r\u00e9duire les co\u00fbts de transport et de stockage de plus de 50%.<\/p>\n<p><img fetchpriority=\"high\" decoding=\"async\" class=\"alignnone wp-image-2199\" src=\"https:\/\/www.gigapa.com\/wp-content\/uploads\/2025\/06\/Rice-Husk-Baling-Project-in-Japan2.png\" alt=\"\" width=\"440\" height=\"600\" srcset=\"https:\/\/www.gigapa.com\/wp-content\/uploads\/2025\/06\/Rice-Husk-Baling-Project-in-Japan2.png 540w, https:\/\/www.gigapa.com\/wp-content\/uploads\/2025\/06\/Rice-Husk-Baling-Project-in-Japan2-220x300.png 220w, https:\/\/www.gigapa.com\/wp-content\/uploads\/2025\/06\/Rice-Husk-Baling-Project-in-Japan2-9x12.png 9w\" sizes=\"(max-width: 440px) 100vw, 440px\" \/> <img decoding=\"async\" class=\"alignnone wp-image-2198 size-full\" src=\"https:\/\/www.gigapa.com\/wp-content\/uploads\/2025\/06\/Rice-Husk-Baling-Project-in-Japan.png\" alt=\"\" width=\"600\" height=\"600\" srcset=\"https:\/\/www.gigapa.com\/wp-content\/uploads\/2025\/06\/Rice-Husk-Baling-Project-in-Japan.png 600w, https:\/\/www.gigapa.com\/wp-content\/uploads\/2025\/06\/Rice-Husk-Baling-Project-in-Japan-300x300.png 300w, https:\/\/www.gigapa.com\/wp-content\/uploads\/2025\/06\/Rice-Husk-Baling-Project-in-Japan-150x150.png 150w, https:\/\/www.gigapa.com\/wp-content\/uploads\/2025\/06\/Rice-Husk-Baling-Project-in-Japan-12x12.png 12w, https:\/\/www.gigapa.com\/wp-content\/uploads\/2025\/06\/Rice-Husk-Baling-Project-in-Japan-100x100.png 100w\" sizes=\"(max-width: 600px) 100vw, 600px\" \/><\/p>\n<h2><strong><b>Exigences du client :<\/b><\/strong><\/h2>\n<ul>\n<li>Capacit\u00e9 de traitement : 1,5 T\/h<\/li>\n<li>Balles adapt\u00e9es \u00e0 l'empilage et au transport<\/li>\n<li>Syst\u00e8me de contr\u00f4le PLC<\/li>\n<li>Fonctionnement simple<\/li>\n<li>\u00c9quip\u00e9 d'un convoyeur d'alimentation<\/li>\n<\/ul>\n<h2><strong><b>Solution :<\/b><\/strong><\/h2>\n<p>En fonction de la capacit\u00e9 de traitement requise par le client, de ses sp\u00e9cifications cl\u00e9s et de ses exigences dimensionnelles, la&nbsp;<strong><b><a href=\"https:\/\/www.gigapa.com\/fr\/product\/bagging-baling-machines\/\">Presse \u00e0 balles \u00e0 ensachage hydraulique GBB-H<\/a><\/b><\/strong>&nbsp;a \u00e9t\u00e9 s\u00e9lectionn\u00e9 et associ\u00e9 \u00e0 un convoyeur d'alimentation. Le syst\u00e8me est dot\u00e9 d'une commande enti\u00e8rement automatique avec d\u00e9marrage par simple pression d'une touche, ce qui garantit une utilisation simple et pratique par les travailleurs.<\/p>\n<p><img decoding=\"async\" class=\"wp-image-2217 size-full aligncenter\" src=\"https:\/\/www.gigapa.com\/wp-content\/uploads\/2025\/06\/Rice-Husk-Baling-Project-in-Japan3.png\" alt=\"\" width=\"351\" height=\"271\" srcset=\"https:\/\/www.gigapa.com\/wp-content\/uploads\/2025\/06\/Rice-Husk-Baling-Project-in-Japan3.png 351w, https:\/\/www.gigapa.com\/wp-content\/uploads\/2025\/06\/Rice-Husk-Baling-Project-in-Japan3-300x232.png 300w, https:\/\/www.gigapa.com\/wp-content\/uploads\/2025\/06\/Rice-Husk-Baling-Project-in-Japan3-16x12.png 16w\" sizes=\"(max-width: 351px) 100vw, 351px\" \/><\/p>\n<p><img loading=\"lazy\" decoding=\"async\" class=\"wp-image-573 aligncenter\" src=\"https:\/\/www.gigapa.com\/wp-content\/uploads\/2025\/03\/\u5957\u888b\u673a.png\" alt=\"Ensachage Machines \u00e0 balles\" width=\"1000\" height=\"1000\" srcset=\"https:\/\/www.gigapa.com\/wp-content\/uploads\/2025\/03\/\u5957\u888b\u673a.png 2000w, https:\/\/www.gigapa.com\/wp-content\/uploads\/2025\/03\/\u5957\u888b\u673a-300x300.png 300w, https:\/\/www.gigapa.com\/wp-content\/uploads\/2025\/03\/\u5957\u888b\u673a-100x100.png 100w, https:\/\/www.gigapa.com\/wp-content\/uploads\/2025\/03\/\u5957\u888b\u673a-600x600.png 600w, https:\/\/www.gigapa.com\/wp-content\/uploads\/2025\/03\/\u5957\u888b\u673a-1024x1024.png 1024w, https:\/\/www.gigapa.com\/wp-content\/uploads\/2025\/03\/\u5957\u888b\u673a-150x150.png 150w, https:\/\/www.gigapa.com\/wp-content\/uploads\/2025\/03\/\u5957\u888b\u673a-768x768.png 768w, https:\/\/www.gigapa.com\/wp-content\/uploads\/2025\/03\/\u5957\u888b\u673a-1536x1536.png 1536w\" sizes=\"(max-width: 1000px) 100vw, 1000px\" \/><\/p>\n<p>GIGAPA s'engage \u00e0 donner la priorit\u00e9 aux clients. Nous basons nos services et nos solutions sur la satisfaction des besoins de nos clients tout en abordant les questions sociales, apportant ainsi notre contribution \u00e0 la soci\u00e9t\u00e9. En comprenant parfaitement les probl\u00e8mes et les pr\u00e9occupations de nos clients, nous fournissons des solutions cibl\u00e9es pour les aider \u00e0 surmonter les d\u00e9fis. Tout au long de la mise en \u0153uvre du projet, nous maintenons une communication constante avec les clients, ce qui permet d'instaurer une confiance mutuelle et de parvenir \u00e0 une coop\u00e9ration fructueuse. Ensemble, nous exploitons la puissance de GIGAPA pour \u00e9tablir des r\u00e9f\u00e9rences dans l'industrie !<\/p>\t\t\t\t\t\t\t\t<\/div>\n\t\t\t\t<\/div>\n\t\t\t\t<\/div>\n\t\t\t\t\t<\/div>\n\t\t\t\t<\/div>\n\t\t\t\t<\/div>","protected":false},"excerpt":{"rendered":"<p>\u3010Compression par un seul bouton, ensachage facile - Gain de temps, de main-d'\u0153uvre, de co\u00fbts et d'espace!\u3011- Presse \u00e0 balles pour ensachage GBB-H Nom du projet : Mise en balle de la balle de riz Projet [...]<\/p>","protected":false},"author":1,"featured_media":0,"parent":0,"menu_order":0,"comment_status":"closed","ping_status":"closed","template":"","meta":{"site-sidebar-layout":"no-sidebar","site-content-layout":"","ast-site-content-layout":"full-width-container","site-content-style":"default","site-sidebar-style":"default","ast-global-header-display":"","ast-banner-title-visibility":"","ast-main-header-display":"","ast-hfb-above-header-display":"","ast-hfb-below-header-display":"","ast-hfb-mobile-header-display":"","site-post-title":"disabled","ast-breadcrumbs-content":"","ast-featured-img":"disabled","footer-sml-layout":"","ast-disable-related-posts":"","theme-transparent-header-meta":"default","adv-header-id-meta":"","stick-header-meta":"","header-above-stick-meta":"","header-main-stick-meta":"","header-below-stick-meta":"","astra-migrate-meta-layouts":"set","ast-page-background-enabled":"default","ast-page-background-meta":{"desktop":{"background-color":"var(--ast-global-color-5)","background-image":"","background-repeat":"repeat","background-position":"center center","background-size":"auto","background-attachment":"scroll","background-type":"","background-media":"","overlay-type":"","overlay-color":"","overlay-opacity":"","overlay-gradient":""},"tablet":{"background-color":"","background-image":"","background-repeat":"repeat","background-position":"center center","background-size":"auto","background-attachment":"scroll","background-type":"","background-media":"","overlay-type":"","overlay-color":"","overlay-opacity":"","overlay-gradient":""},"mobile":{"background-color":"","background-image":"","background-repeat":"repeat","background-position":"center center","background-size":"auto","background-attachment":"scroll","background-type":"","background-media":"","overlay-type":"","overlay-color":"","overlay-opacity":"","overlay-gradient":""}},"ast-content-background-meta":{"desktop":{"background-color":"var(--ast-global-color-4)","background-image":"","background-repeat":"repeat","background-position":"center center","background-size":"auto","background-attachment":"scroll","background-type":"","background-media":"","overlay-type":"","overlay-color":"","overlay-opacity":"","overlay-gradient":""},"tablet":{"background-color":"var(--ast-global-color-4)","background-image":"","background-repeat":"repeat","background-position":"center center","background-size":"auto","background-attachment":"scroll","background-type":"","background-media":"","overlay-type":"","overlay-color":"","overlay-opacity":"","overlay-gradient":""},"mobile":{"background-color":"var(--ast-global-color-4)","background-image":"","background-repeat":"repeat","background-position":"center center","background-size":"auto","background-attachment":"scroll","background-type":"","background-media":"","overlay-type":"","overlay-color":"","overlay-opacity":"","overlay-gradient":""}},"footnotes":""},"class_list":["post-2216","page","type-page","status-publish","hentry"],"_hostinger_reach_plugin_has_subscription_block":false,"_hostinger_reach_plugin_is_elementor":false,"_links":{"self":[{"href":"https:\/\/www.gigapa.com\/fr\/wp-json\/wp\/v2\/pages\/2216","targetHints":{"allow":["GET"]}}],"collection":[{"href":"https:\/\/www.gigapa.com\/fr\/wp-json\/wp\/v2\/pages"}],"about":[{"href":"https:\/\/www.gigapa.com\/fr\/wp-json\/wp\/v2\/types\/page"}],"author":[{"embeddable":true,"href":"https:\/\/www.gigapa.com\/fr\/wp-json\/wp\/v2\/users\/1"}],"replies":[{"embeddable":true,"href":"https:\/\/www.gigapa.com\/fr\/wp-json\/wp\/v2\/comments?post=2216"}],"version-history":[{"count":8,"href":"https:\/\/www.gigapa.com\/fr\/wp-json\/wp\/v2\/pages\/2216\/revisions"}],"predecessor-version":[{"id":2276,"href":"https:\/\/www.gigapa.com\/fr\/wp-json\/wp\/v2\/pages\/2216\/revisions\/2276"}],"wp:attachment":[{"href":"https:\/\/www.gigapa.com\/fr\/wp-json\/wp\/v2\/media?parent=2216"}],"curies":[{"name":"wp","href":"https:\/\/api.w.org\/{rel}","templated":true}]}}