{"id":2222,"date":"2025-06-25T09:13:23","date_gmt":"2025-06-25T01:13:23","guid":{"rendered":"https:\/\/www.gigapa.com\/?page_id=2222"},"modified":"2025-06-25T11:48:43","modified_gmt":"2025-06-25T03:48:43","slug":"turning-waste-tires-into-black-gold-dual-shaft-shredder","status":"publish","type":"page","link":"https:\/\/www.gigapa.com\/fr\/turning-waste-tires-into-black-gold-dual-shaft-shredder\/","title":{"rendered":"\u3010Turning Waste Tires into Black Gold - New Power for Circular Economy\u3011 - GTS-E Dual-Shaft Shredder (broyeur \u00e0 deux arbres)"},"content":{"rendered":"<div data-elementor-type=\"wp-page\" data-elementor-id=\"2222\" class=\"elementor elementor-2222\" data-elementor-post-type=\"page\">\n\t\t\t\t<div class=\"elementor-element elementor-element-e03285b e-flex e-con-boxed e-con e-parent\" data-id=\"e03285b\" data-element_type=\"container\" data-e-type=\"container\">\n\t\t\t\t\t<div class=\"e-con-inner\">\n\t\t<div class=\"elementor-element elementor-element-325c1ab e-con-full e-flex e-con e-child\" data-id=\"325c1ab\" data-element_type=\"container\" data-e-type=\"container\">\n\t\t\t\t<div class=\"elementor-element elementor-element-7e14318 elementor-widget elementor-widget-heading\" data-id=\"7e14318\" data-element_type=\"widget\" data-e-type=\"widget\" data-widget_type=\"heading.default\">\n\t\t\t\t<div class=\"elementor-widget-container\">\n\t\t\t\t\t<h1 class=\"elementor-heading-title elementor-size-default\">\u3010Turning Waste Tires into Black Gold - New Power for Circular Economy\u3011 - GTS-E Dual-Shaft Shredder (broyeur \u00e0 deux arbres)<\/h1>\t\t\t\t<\/div>\n\t\t\t\t<\/div>\n\t\t\t\t<div class=\"elementor-element elementor-element-bf9657e elementor-widget elementor-widget-woocommerce-breadcrumb\" data-id=\"bf9657e\" data-element_type=\"widget\" data-e-type=\"widget\" data-widget_type=\"woocommerce-breadcrumb.default\">\n\t\t\t\t<div class=\"elementor-widget-container\">\n\t\t\t\t\t<nav class=\"woocommerce-breadcrumb\" aria-label=\"Breadcrumb\" data-no-translation=\"\" data-trp-gettext=\"\">Accueil<\/nav>\t\t\t\t<\/div>\n\t\t\t\t<\/div>\n\t\t\t\t<div class=\"elementor-element elementor-element-47bc7b0 elementor-widget elementor-widget-text-editor\" data-id=\"47bc7b0\" data-element_type=\"widget\" data-e-type=\"widget\" data-widget_type=\"text-editor.default\">\n\t\t\t\t<div class=\"elementor-widget-container\">\n\t\t\t\t\t\t\t\t\t<p><strong><b>Nom du projet :<\/b><\/strong>\u00a0Projet de broyage de pneus usag\u00e9s aux \u00c9tats-Unis<br \/><strong><b>Nom du client :<\/b><\/strong>\u00a0Une entreprise am\u00e9ricaine de recyclage de pneus<br \/><strong><b>Lieu du projet :<\/b><\/strong>\u00a0\u00c9tats-Unis<\/p><h2><strong><b>Contexte du projet :<\/b><\/strong><\/h2><p>Le client est un recycleur de pneus qui a besoin de d\u00e9chiqueter les pneus collect\u00e9s pour les transformer en fils d'acier et en granul\u00e9s de caoutchouc.<\/p><p><img fetchpriority=\"high\" decoding=\"async\" class=\"wp-image-2200 size-full aligncenter\" src=\"https:\/\/www.gigapa.com\/wp-content\/uploads\/2025\/06\/U.S.-Waste-Tire-Shredding-Project.png\" alt=\"\" width=\"660\" height=\"494\" srcset=\"https:\/\/www.gigapa.com\/wp-content\/uploads\/2025\/06\/U.S.-Waste-Tire-Shredding-Project.png 660w, https:\/\/www.gigapa.com\/wp-content\/uploads\/2025\/06\/U.S.-Waste-Tire-Shredding-Project-300x225.png 300w, https:\/\/www.gigapa.com\/wp-content\/uploads\/2025\/06\/U.S.-Waste-Tire-Shredding-Project-16x12.png 16w, https:\/\/www.gigapa.com\/wp-content\/uploads\/2025\/06\/U.S.-Waste-Tire-Shredding-Project-600x449.png 600w\" sizes=\"(max-width: 660px) 100vw, 660px\" \/><\/p><h2><strong><b>Exigences du client :<\/b><\/strong><\/h2><p>Principalement pour les pneus de camions, la capacit\u00e9 de traitement n'est pas inf\u00e9rieure \u00e0 100 pneus\/heure, la taille de sortie est de 50 \u00e0 300 mm.<\/p><h2><strong><b>Solution :<\/b><\/strong><\/h2><p>En fonction de la capacit\u00e9 et des sp\u00e9cifications requises, le <a href=\"https:\/\/www.gigapa.com\/fr\/product\/double-shaft-shredders\/\">Broyeur \u00e0 deux arbres GTS-E<\/a> a \u00e9t\u00e9 choisi, avec un fonctionnement stable, un d\u00e9bit \u00e9lev\u00e9 et des lames ultra-r\u00e9sistantes \u00e0 l'usure pour minimiser l'usure et prolonger la dur\u00e9e de vie.<\/p><p><div class=\"ast-oembed-container\" style=\"height: 100%;\"><iframe title=\"\ud83d\udd25Le broyeur \u00e0 deux arbres d\u00e9truit les pneus en quelques secondes !  #shredder #tireshredder\" width=\"500\" height=\"375\" src=\"https:\/\/www.youtube.com\/embed\/OHpXRHd357s?feature=oembed\" frameborder=\"0\" allow=\"accelerometer; autoplay; clipboard-write; encrypted-media; gyroscope; picture-in-picture; web-share\" referrerpolicy=\"strict-origin-when-cross-origin\" allowfullscreen><\/iframe><\/div><\/p><p><img decoding=\"async\" class=\"wp-image-1002 size-full aligncenter\" src=\"https:\/\/www.gigapa.com\/wp-content\/uploads\/2025\/05\/\u5e9f\u8f6e\u80ce\u7834\u788e.jpg\" alt=\"Concasseurs \u00e0 arbre unique\" width=\"1034\" height=\"649\" srcset=\"https:\/\/www.gigapa.com\/wp-content\/uploads\/2025\/05\/\u5e9f\u8f6e\u80ce\u7834\u788e.jpg 1034w, https:\/\/www.gigapa.com\/wp-content\/uploads\/2025\/05\/\u5e9f\u8f6e\u80ce\u7834\u788e-300x188.jpg 300w, https:\/\/www.gigapa.com\/wp-content\/uploads\/2025\/05\/\u5e9f\u8f6e\u80ce\u7834\u788e-1024x643.jpg 1024w, https:\/\/www.gigapa.com\/wp-content\/uploads\/2025\/05\/\u5e9f\u8f6e\u80ce\u7834\u788e-768x482.jpg 768w, https:\/\/www.gigapa.com\/wp-content\/uploads\/2025\/05\/\u5e9f\u8f6e\u80ce\u7834\u788e-600x377.jpg 600w\" sizes=\"(max-width: 1034px) 100vw, 1034px\" \/><\/p><p>GIGAPA s'engage \u00e0 donner la priorit\u00e9 \u00e0 ses clients. Nous basons nos services et nos solutions sur la satisfaction des besoins de nos clients tout en abordant les questions sociales, apportant ainsi notre contribution \u00e0 la soci\u00e9t\u00e9. En comprenant parfaitement les probl\u00e8mes et les pr\u00e9occupations de nos clients, nous fournissons des solutions cibl\u00e9es pour les aider \u00e0 surmonter les d\u00e9fis. Tout au long de la mise en \u0153uvre du projet, nous maintenons une communication constante avec les clients, ce qui permet d'instaurer une confiance mutuelle et de parvenir \u00e0 une coop\u00e9ration fructueuse. Ensemble, nous exploitons la puissance de GIGAPA pour \u00e9tablir des r\u00e9f\u00e9rences dans l'industrie !<\/p>\t\t\t\t\t\t\t\t<\/div>\n\t\t\t\t<\/div>\n\t\t\t\t<\/div>\n\t\t\t\t\t<\/div>\n\t\t\t\t<\/div>\n\t\t\t\t<\/div>","protected":false},"excerpt":{"rendered":"<p>\u3010Turning Waste Tires into Black Gold - New Power for Circular Economy\u3011 - GTS-E Dual-Shaft Shredder Nom du projet : U.S. Waste Tire [...]<\/p>","protected":false},"author":1,"featured_media":0,"parent":0,"menu_order":0,"comment_status":"closed","ping_status":"closed","template":"","meta":{"site-sidebar-layout":"no-sidebar","site-content-layout":"","ast-site-content-layout":"full-width-container","site-content-style":"default","site-sidebar-style":"default","ast-global-header-display":"","ast-banner-title-visibility":"","ast-main-header-display":"","ast-hfb-above-header-display":"","ast-hfb-below-header-display":"","ast-hfb-mobile-header-display":"","site-post-title":"disabled","ast-breadcrumbs-content":"","ast-featured-img":"disabled","footer-sml-layout":"","ast-disable-related-posts":"","theme-transparent-header-meta":"default","adv-header-id-meta":"","stick-header-meta":"","header-above-stick-meta":"","header-main-stick-meta":"","header-below-stick-meta":"","astra-migrate-meta-layouts":"set","ast-page-background-enabled":"default","ast-page-background-meta":{"desktop":{"background-color":"var(--ast-global-color-5)","background-image":"","background-repeat":"repeat","background-position":"center center","background-size":"auto","background-attachment":"scroll","background-type":"","background-media":"","overlay-type":"","overlay-color":"","overlay-opacity":"","overlay-gradient":""},"tablet":{"background-color":"","background-image":"","background-repeat":"repeat","background-position":"center center","background-size":"auto","background-attachment":"scroll","background-type":"","background-media":"","overlay-type":"","overlay-color":"","overlay-opacity":"","overlay-gradient":""},"mobile":{"background-color":"","background-image":"","background-repeat":"repeat","background-position":"center center","background-size":"auto","background-attachment":"scroll","background-type":"","background-media":"","overlay-type":"","overlay-color":"","overlay-opacity":"","overlay-gradient":""}},"ast-content-background-meta":{"desktop":{"background-color":"var(--ast-global-color-4)","background-image":"","background-repeat":"repeat","background-position":"center center","background-size":"auto","background-attachment":"scroll","background-type":"","background-media":"","overlay-type":"","overlay-color":"","overlay-opacity":"","overlay-gradient":""},"tablet":{"background-color":"var(--ast-global-color-4)","background-image":"","background-repeat":"repeat","background-position":"center center","background-size":"auto","background-attachment":"scroll","background-type":"","background-media":"","overlay-type":"","overlay-color":"","overlay-opacity":"","overlay-gradient":""},"mobile":{"background-color":"var(--ast-global-color-4)","background-image":"","background-repeat":"repeat","background-position":"center center","background-size":"auto","background-attachment":"scroll","background-type":"","background-media":"","overlay-type":"","overlay-color":"","overlay-opacity":"","overlay-gradient":""}},"footnotes":""},"class_list":["post-2222","page","type-page","status-publish","hentry"],"_hostinger_reach_plugin_has_subscription_block":false,"_hostinger_reach_plugin_is_elementor":false,"_links":{"self":[{"href":"https:\/\/www.gigapa.com\/fr\/wp-json\/wp\/v2\/pages\/2222","targetHints":{"allow":["GET"]}}],"collection":[{"href":"https:\/\/www.gigapa.com\/fr\/wp-json\/wp\/v2\/pages"}],"about":[{"href":"https:\/\/www.gigapa.com\/fr\/wp-json\/wp\/v2\/types\/page"}],"author":[{"embeddable":true,"href":"https:\/\/www.gigapa.com\/fr\/wp-json\/wp\/v2\/users\/1"}],"replies":[{"embeddable":true,"href":"https:\/\/www.gigapa.com\/fr\/wp-json\/wp\/v2\/comments?post=2222"}],"version-history":[{"count":12,"href":"https:\/\/www.gigapa.com\/fr\/wp-json\/wp\/v2\/pages\/2222\/revisions"}],"predecessor-version":[{"id":2291,"href":"https:\/\/www.gigapa.com\/fr\/wp-json\/wp\/v2\/pages\/2222\/revisions\/2291"}],"wp:attachment":[{"href":"https:\/\/www.gigapa.com\/fr\/wp-json\/wp\/v2\/media?parent=2222"}],"curies":[{"name":"wp","href":"https:\/\/api.w.org\/{rel}","templated":true}]}}