{"id":1807,"date":"2025-05-19T10:56:55","date_gmt":"2025-05-19T02:56:55","guid":{"rendered":"https:\/\/www.gigapa.com\/?post_type=product&#038;p=1807"},"modified":"2025-10-13T09:20:32","modified_gmt":"2025-10-13T01:20:32","slug":"marine-waste-baling-machine","status":"publish","type":"product","link":"https:\/\/www.gigapa.com\/fr\/product\/marine-waste-baling-machine\/","title":{"rendered":"Machine \u00e0 empaqueter les d\u00e9chets marins"},"content":{"rendered":"<p>La presse \u00e0 balles pour d\u00e9chets marins est une solution innovante et robuste con\u00e7ue pour comprimer et mettre en balles de mani\u00e8re efficace divers types de d\u00e9chets marins. Il s'agit notamment de plastiques, de filets de p\u00eache, de cordages, de canettes en aluminium et d'autres mat\u00e9riaux recyclables collect\u00e9s dans les oc\u00e9ans, les ports et les navires. Face aux pr\u00e9occupations croissantes concernant la pollution marine et la n\u00e9cessit\u00e9 d'une gestion efficace des d\u00e9chets dans l'industrie maritime, cette machine constitue une solution robuste et durable pour r\u00e9duire l'impact environnemental de l'\u00e9limination des d\u00e9chets.<\/p>\n<p>Les d\u00e9chets marins repr\u00e9sentent un d\u00e9fi important, la pollution plastique et les engins de p\u00eache rejet\u00e9s mena\u00e7ant la sant\u00e9 des \u00e9cosyst\u00e8mes marins. Notre machine \u00e0 empaqueter les d\u00e9chets marins permet non seulement de g\u00e9rer correctement les d\u00e9chets, mais joue \u00e9galement un r\u00f4le essentiel dans la r\u00e9duction du volume des d\u00e9chets, l'optimisation du stockage et du transport, et la promotion des efforts de recyclage. En transformant les d\u00e9chets en vrac en balles bien comprim\u00e9es, elle am\u00e9liore l'efficacit\u00e9 de la manutention des d\u00e9chets, minimise l'espace de stockage n\u00e9cessaire et facilite le transport s\u00fbr et ais\u00e9 des d\u00e9chets en vue de leur recyclage ou de leur \u00e9limination.<\/p>\n<h3 data-immersive-translate-walked=\"00e44dcb-682a-4379-afe2-db426b6f6b1a\"><strong data-immersive-translate-walked=\"00e44dcb-682a-4379-afe2-db426b6f6b1a\" data-immersive-translate-paragraph=\"1\">Principales caract\u00e9ristiques et avantages<\/strong><\/h3>\n<ul>\n<li data-immersive-translate-walked=\"00e44dcb-682a-4379-afe2-db426b6f6b1a\"><strong data-immersive-translate-walked=\"00e44dcb-682a-4379-afe2-db426b6f6b1a\">Force de compression \u00e9lev\u00e9e<\/strong> - Le puissant syst\u00e8me hydraulique assure un compactage maximal des d\u00e9chets, r\u00e9duisant le volume jusqu'\u00e0 80%.<\/li>\n<li class=\"ds-markdown-paragraph\" data-immersive-translate-walked=\"00e44dcb-682a-4379-afe2-db426b6f6b1a\" data-immersive-translate-paragraph=\"1\"><strong data-immersive-translate-walked=\"00e44dcb-682a-4379-afe2-db426b6f6b1a\">Construction durable<\/strong> - Fabriqu\u00e9s \u00e0 partir de mat\u00e9riaux de haute qualit\u00e9 et r\u00e9sistants \u00e0 la corrosion, ils r\u00e9sistent aux environnements marins difficiles.<\/li>\n<li class=\"ds-markdown-paragraph\" data-immersive-translate-walked=\"00e44dcb-682a-4379-afe2-db426b6f6b1a\" data-immersive-translate-paragraph=\"1\"><strong data-immersive-translate-walked=\"00e44dcb-682a-4379-afe2-db426b6f6b1a\">Traitement polyvalent<\/strong> - Capable de traiter diff\u00e9rents types de d\u00e9chets (plastiques, filets, cordes, bo\u00eetes en aluminium, etc.).<\/li>\n<li class=\"ds-markdown-paragraph\" data-immersive-translate-walked=\"00e44dcb-682a-4379-afe2-db426b6f6b1a\" data-immersive-translate-paragraph=\"1\"><strong data-immersive-translate-walked=\"00e44dcb-682a-4379-afe2-db426b6f6b1a\">Fonctionnement \u00e9cologique<\/strong> - Soutient les efforts de recyclage en convertissant les d\u00e9chets en vrac en balles compactes et faciles \u00e0 manipuler.<\/li>\n<li class=\"ds-markdown-paragraph\" data-immersive-translate-walked=\"00e44dcb-682a-4379-afe2-db426b6f6b1a\" data-immersive-translate-paragraph=\"1\"><strong data-immersive-translate-walked=\"00e44dcb-682a-4379-afe2-db426b6f6b1a\">Conception \u00e0 faible entretien<\/strong> - Une conception robuste garantit une fiabilit\u00e9 \u00e0 long terme avec un minimum d'entretien.<\/li>\n<li class=\"ds-markdown-paragraph\" data-immersive-translate-walked=\"00e44dcb-682a-4379-afe2-db426b6f6b1a\" data-immersive-translate-paragraph=\"1\"><strong data-immersive-translate-walked=\"00e44dcb-682a-4379-afe2-db426b6f6b1a\">Taille des balles personnalisable<\/strong> - R\u00e9glages ajustables pour diff\u00e9rentes dimensions de balles en fonction des besoins de stockage et de logistique.<\/li>\n<li class=\"ds-markdown-paragraph\" data-immersive-translate-walked=\"00e44dcb-682a-4379-afe2-db426b6f6b1a\" data-immersive-translate-paragraph=\"1\"><strong data-immersive-translate-walked=\"00e44dcb-682a-4379-afe2-db426b6f6b1a\">Contr\u00f4les conviviaux<\/strong>\u00a0- Fonctionnement simple avec des options automatis\u00e9es ou semi-automatiques pour plus d'efficacit\u00e9.<\/li>\n<\/ul>\n<h3 data-immersive-translate-walked=\"00e44dcb-682a-4379-afe2-db426b6f6b1a\"><strong data-immersive-translate-walked=\"00e44dcb-682a-4379-afe2-db426b6f6b1a\" data-immersive-translate-paragraph=\"1\">Applications<\/strong><\/h3>\n<p class=\"ds-markdown-paragraph\" data-immersive-translate-walked=\"00e44dcb-682a-4379-afe2-db426b6f6b1a\" data-immersive-translate-paragraph=\"1\">La presse \u00e0 balles pour d\u00e9chets marins est id\u00e9ale pour :<\/p>\n<ul>\n<li class=\"ds-markdown-paragraph\" data-immersive-translate-walked=\"00e44dcb-682a-4379-afe2-db426b6f6b1a\" data-immersive-translate-paragraph=\"1\"><strong data-immersive-translate-walked=\"00e44dcb-682a-4379-afe2-db426b6f6b1a\">Soci\u00e9t\u00e9s de p\u00eache et de transport maritime<\/strong>\u00a0- G\u00e9rer efficacement les d\u00e9chets \u00e0 bord et \u00e0 quai.<\/li>\n<li class=\"ds-markdown-paragraph\" data-immersive-translate-walked=\"00e44dcb-682a-4379-afe2-db426b6f6b1a\" data-immersive-translate-paragraph=\"1\"><strong data-immersive-translate-walked=\"00e44dcb-682a-4379-afe2-db426b6f6b1a\">Autorit\u00e9s portuaires et collecteurs de d\u00e9chets<\/strong>\u00a0- Traitement des d\u00e9bris marins en vue de leur recyclage ou de leur \u00e9limination.<\/li>\n<li class=\"ds-markdown-paragraph\" data-immersive-translate-walked=\"00e44dcb-682a-4379-afe2-db426b6f6b1a\" data-immersive-translate-paragraph=\"1\"><strong data-immersive-translate-walked=\"00e44dcb-682a-4379-afe2-db426b6f6b1a\">Organisations environnementales<\/strong>\u00a0- Soutenir les initiatives de nettoyage des oc\u00e9ans en compactant les d\u00e9chets collect\u00e9s.<\/li>\n<li class=\"ds-markdown-paragraph\" data-immersive-translate-walked=\"00e44dcb-682a-4379-afe2-db426b6f6b1a\" data-immersive-translate-paragraph=\"1\"><strong data-immersive-translate-walked=\"00e44dcb-682a-4379-afe2-db426b6f6b1a\">Installations de recyclage<\/strong>\u00a0- Pr\u00e9paration des d\u00e9chets plastiques marins en vue d'un recyclage ult\u00e9rieur.<\/li>\n<\/ul>\n<p>&nbsp;<\/p>\n<p><img fetchpriority=\"high\" decoding=\"async\" class=\"alignnone size-medium wp-image-1809\" src=\"https:\/\/www.gigapa.com\/wp-content\/uploads\/2025\/05\/\u56fe\u72471-1-297x300.png\" alt=\"\" width=\"297\" height=\"300\" srcset=\"https:\/\/www.gigapa.com\/wp-content\/uploads\/2025\/05\/\u56fe\u72471-1-297x300.png 297w, https:\/\/www.gigapa.com\/wp-content\/uploads\/2025\/05\/\u56fe\u72471-1-12x12.png 12w, https:\/\/www.gigapa.com\/wp-content\/uploads\/2025\/05\/\u56fe\u72471-1-600x607.png 600w, https:\/\/www.gigapa.com\/wp-content\/uploads\/2025\/05\/\u56fe\u72471-1-100x100.png 100w, https:\/\/www.gigapa.com\/wp-content\/uploads\/2025\/05\/\u56fe\u72471-1.png 700w\" sizes=\"(max-width: 297px) 100vw, 297px\" \/><\/p>\n<p>&nbsp;<\/p>\n<h3>Sp\u00e9cifications techniques<\/h3>\n<table style=\"border-collapse: collapse; width: 525.77pt;\" border=\"0\" width=\"701\" cellspacing=\"0\" cellpadding=\"0\">\n<tbody>\n<tr style=\"height: 13.50pt;\">\n<td class=\"et3\" style=\"height: 13.50pt; width: 195.75pt;\" width=\"261\" height=\"18\">Sp\u00e9cifications<\/td>\n<td class=\"et3\" style=\"width: 165.35pt;\" width=\"220\">GBB-G0312<\/td>\n<td class=\"et3\" style=\"width: 165.35pt;\" width=\"220\">GSB-G0512<\/td>\n<\/tr>\n<tr style=\"height: 13.50pt;\">\n<td class=\"et4\" style=\"height: 13.50pt; width: 195.75pt;\" width=\"261\" height=\"18\">Taille de l'orifice d'alimentation (L\u00d7H) (mm)<\/td>\n<td class=\"et4\" style=\"width: 165.35pt;\" width=\"220\">350\u00d7220<\/td>\n<td class=\"et4\" style=\"width: 165.35pt;\" width=\"220\">500\u00d7220<\/td>\n<\/tr>\n<tr style=\"height: 13.50pt;\">\n<td class=\"et4\" style=\"height: 13.50pt; width: 195.75pt;\" width=\"261\" height=\"18\">Taille de la tr\u00e9mie (L\u00d7L\u00d7H) (mm)<\/td>\n<td class=\"et4\" style=\"width: 165.35pt;\" width=\"220\">350\u00d7350\u00d7400<\/td>\n<td class=\"et4\" style=\"width: 165.35pt;\" width=\"220\">500\u00d7500\u00d7550<\/td>\n<\/tr>\n<tr style=\"height: 13.50pt;\">\n<td class=\"et4\" style=\"height: 13.50pt; width: 195.75pt;\" width=\"261\" height=\"18\">Dur\u00e9e du cycle (s)<\/td>\n<td class=\"et4\" style=\"width: 165.35pt;\" width=\"220\">25<\/td>\n<td class=\"et4\" style=\"width: 165.35pt;\" width=\"220\">25<\/td>\n<\/tr>\n<tr style=\"height: 13.50pt;\">\n<td class=\"et4\" style=\"height: 13.50pt; width: 195.75pt;\" width=\"261\" height=\"18\">Diam\u00e8tre du b\u00e9lier principal (mm)<\/td>\n<td class=\"et4\" style=\"width: 165.35pt;\" width=\"220\">\u03c680<\/td>\n<td class=\"et4\" style=\"width: 165.35pt;\" width=\"220\">\u03c680<\/td>\n<\/tr>\n<tr style=\"height: 13.50pt;\">\n<td class=\"et4\" style=\"height: 13.50pt; width: 195.75pt;\" width=\"261\" height=\"18\">Nombre de b\u00e9liers (PCS)<\/td>\n<td class=\"et4\" style=\"width: 165.35pt;\" width=\"220\">1<\/td>\n<td class=\"et4\" style=\"width: 165.35pt;\" width=\"220\">1<\/td>\n<\/tr>\n<tr style=\"height: 13.50pt;\">\n<td class=\"et4\" style=\"height: 13.50pt; width: 195.75pt;\" width=\"261\" height=\"18\">Pression du v\u00e9rin principal (T)<\/td>\n<td class=\"et4\" style=\"width: 165.35pt;\" width=\"220\">12.82281633<\/td>\n<td class=\"et4\" style=\"width: 165.35pt;\" width=\"220\">12.82281633<\/td>\n<\/tr>\n<tr style=\"height: 13.50pt;\">\n<td class=\"et4\" style=\"height: 13.50pt; width: 195.75pt;\" width=\"261\" height=\"18\">Pression auxiliaire du v\u00e9rin (T)<\/td>\n<td class=\"et4\" style=\"width: 165.35pt;\" width=\"220\">12.5<\/td>\n<td class=\"et4\" style=\"width: 165.35pt;\" width=\"220\">12.5<\/td>\n<\/tr>\n<tr style=\"height: 13.50pt;\">\n<td class=\"et4\" style=\"height: 13.50pt; width: 195.75pt;\" width=\"261\" height=\"18\">Puissance hydraulique (kW)<\/td>\n<td class=\"et4\" style=\"width: 165.35pt;\" width=\"220\">1.5<\/td>\n<td class=\"et4\" style=\"width: 165.35pt;\" width=\"220\">1.5<\/td>\n<\/tr>\n<tr style=\"height: 13.50pt;\">\n<td class=\"et4\" style=\"height: 13.50pt; width: 195.75pt;\" width=\"261\" height=\"18\">Dimensions (L\u00d7L\u00d7H) (mm)<\/td>\n<td class=\"et4\" style=\"width: 165.35pt;\" width=\"220\">760\u00d7700\u00d71650<\/td>\n<td class=\"et4\" style=\"width: 165.35pt;\" width=\"220\">840\u00d7700\u00d71800<\/td>\n<\/tr>\n<tr style=\"height: 13.50pt;\">\n<td class=\"et4\" style=\"height: 13.50pt; width: 195.75pt;\" width=\"261\" height=\"18\">Poids total (kg)<\/td>\n<td class=\"et4\" style=\"width: 165.35pt;\" width=\"220\">Environ 400<\/td>\n<td class=\"et4\" style=\"width: 165.35pt;\" width=\"220\">Environ 500<\/td>\n<\/tr>\n<\/tbody>\n<\/table>\n<p>Les mod\u00e8les ci-dessus sont des mod\u00e8les universels standard. Si vous avez besoin d'autres mod\u00e8les, veuillez contacter notre personnel. Nous pouvons \u00e9galement fournir des services personnalis\u00e9s en fonction de vos besoins.<\/p>\n<h3 data-immersive-translate-walked=\"00e44dcb-682a-4379-afe2-db426b6f6b1a\"><strong data-immersive-translate-walked=\"00e44dcb-682a-4379-afe2-db426b6f6b1a\" data-immersive-translate-paragraph=\"1\">Pourquoi choisir notre presse \u00e0 balles pour d\u00e9chets marins ?<\/strong><\/h3>\n<ul>\n<li data-immersive-translate-walked=\"00e44dcb-682a-4379-afe2-db426b6f6b1a\"><strong data-immersive-translate-walked=\"00e44dcb-682a-4379-afe2-db426b6f6b1a\">Efficacit\u00e9 prouv\u00e9e<\/strong> - R\u00e9duit les co\u00fbts de traitement des d\u00e9chets et am\u00e9liore la logistique.<\/li>\n<li data-immersive-translate-walked=\"00e44dcb-682a-4379-afe2-db426b6f6b1a\"><strong data-immersive-translate-walked=\"00e44dcb-682a-4379-afe2-db426b6f6b1a\">Impact durable<\/strong> - Contribue \u00e0 rendre les oc\u00e9ans plus propres et \u00e0 assurer une gestion responsable des d\u00e9chets.<\/li>\n<li data-immersive-translate-walked=\"00e44dcb-682a-4379-afe2-db426b6f6b1a\"><strong data-immersive-translate-walked=\"00e44dcb-682a-4379-afe2-db426b6f6b1a\">Conformit\u00e9 mondiale<\/strong> - Conforme aux normes internationales en mati\u00e8re d'environnement et de s\u00e9curit\u00e9.<\/li>\n<li data-immersive-translate-walked=\"00e44dcb-682a-4379-afe2-db426b6f6b1a\"><strong data-immersive-translate-walked=\"00e44dcb-682a-4379-afe2-db426b6f6b1a\">Support apr\u00e8s-vente<\/strong>\u00a0- Service technique et disponibilit\u00e9 des pi\u00e8ces de rechange dans le monde entier.<\/li>\n<\/ul>\n<h3 class=\"\" data-start=\"2755\" data-end=\"2787\"><strong data-start=\"2762\" data-end=\"2787\">Types de d\u00e9chets pris en charge<\/strong><\/h3>\n<ul>\n<li data-start=\"2791\" data-end=\"2817\">Bouteilles en plastique, emballages<\/li>\n<li data-start=\"2820\" data-end=\"2844\">D\u00e9chets alimentaires (avec sacs)<\/li>\n<li data-start=\"2847\" data-end=\"2863\">Carton, papier<\/li>\n<li data-start=\"2866\" data-end=\"2886\">Filets de p\u00eache et cordes<\/li>\n<li data-start=\"2889\" data-end=\"2924\">Canettes en aluminium et autres produits recyclables<\/li>\n<\/ul>\n<p>Avec sa combinaison de r\u00e9sistance, de durabilit\u00e9 et d'avantages environnementaux, la presse \u00e0 balles pour d\u00e9chets marins est la solution ultime pour une gestion durable des d\u00e9chets dans l'industrie maritime. Que vous cherchiez \u00e0 am\u00e9liorer le traitement des d\u00e9chets sur un navire ou \u00e0 renforcer les op\u00e9rations portuaires, notre machine offre l'efficacit\u00e9 et la fiabilit\u00e9 dont vous avez besoin. Contactez-nous d\u00e8s aujourd'hui pour en savoir plus ou demander un devis.<\/p>","protected":false},"excerpt":{"rendered":"<p>La presse \u00e0 balles pour d\u00e9chets marins est un compacteur hydraulique robuste con\u00e7u pour traiter et mettre en balles les d\u00e9bris marins, y compris les plastiques, les filets de p\u00eache, les cordages et autres d\u00e9chets recyclables. En comprimant les d\u00e9chets en vrac en balles denses et maniables, elle r\u00e9duit l'espace de stockage, diminue les co\u00fbts de transport et soutient les efforts de nettoyage durable des oc\u00e9ans. Construite avec des mat\u00e9riaux r\u00e9sistants \u00e0 la corrosion pour les environnements marins difficiles, cette machine est id\u00e9ale pour les flottes de p\u00eache, les autorit\u00e9s portuaires, les installations de recyclage et les organisations environnementales.<\/p>","protected":false},"featured_media":1808,"template":"","meta":{"site-sidebar-layout":"default","site-content-layout":"","ast-site-content-layout":"default","site-content-style":"default","site-sidebar-style":"default","ast-global-header-display":"","ast-banner-title-visibility":"","ast-main-header-display":"","ast-hfb-above-header-display":"","ast-hfb-below-header-display":"","ast-hfb-mobile-header-display":"","site-post-title":"","ast-breadcrumbs-content":"","ast-featured-img":"","footer-sml-layout":"","ast-disable-related-posts":"","theme-transparent-header-meta":"default","adv-header-id-meta":"","stick-header-meta":"","header-above-stick-meta":"","header-main-stick-meta":"","header-below-stick-meta":"","astra-migrate-meta-layouts":"set","ast-page-background-enabled":"default","ast-page-background-meta":{"desktop":{"background-color":"var(--ast-global-color-5)","background-image":"","background-repeat":"repeat","background-position":"center center","background-size":"auto","background-attachment":"scroll","background-type":"","background-media":"","overlay-type":"","overlay-color":"","overlay-opacity":"","overlay-gradient":""},"tablet":{"background-color":"","background-image":"","background-repeat":"repeat","background-position":"center center","background-size":"auto","background-attachment":"scroll","background-type":"","background-media":"","overlay-type":"","overlay-color":"","overlay-opacity":"","overlay-gradient":""},"mobile":{"background-color":"","background-image":"","background-repeat":"repeat","background-position":"center center","background-size":"auto","background-attachment":"scroll","background-type":"","background-media":"","overlay-type":"","overlay-color":"","overlay-opacity":"","overlay-gradient":""}},"ast-content-background-meta":{"desktop":{"background-color":"var(--ast-global-color-4)","background-image":"","background-repeat":"repeat","background-position":"center center","background-size":"auto","background-attachment":"scroll","background-type":"","background-media":"","overlay-type":"","overlay-color":"","overlay-opacity":"","overlay-gradient":""},"tablet":{"background-color":"var(--ast-global-color-4)","background-image":"","background-repeat":"repeat","background-position":"center center","background-size":"auto","background-attachment":"scroll","background-type":"","background-media":"","overlay-type":"","overlay-color":"","overlay-opacity":"","overlay-gradient":""},"mobile":{"background-color":"var(--ast-global-color-4)","background-image":"","background-repeat":"repeat","background-position":"center center","background-size":"auto","background-attachment":"scroll","background-type":"","background-media":"","overlay-type":"","overlay-color":"","overlay-opacity":"","overlay-gradient":""}}},"product_brand":[],"product_cat":[21,152],"product_tag":[117,118,116,115,119,120],"class_list":{"0":"post-1807","1":"product","2":"type-product","3":"status-publish","4":"has-post-thumbnail","6":"product_cat-baling-machine","7":"product_cat-vertical-baler","8":"product_tag-china-marine-waste-baling-machine","9":"product_tag-hydraulic-marine-baler-for-sale","10":"product_tag-hydraulic-marine-garbage-baling-machine","11":"product_tag-marine-baler","12":"product_tag-marine-waste-baling-machine-factory","13":"product_tag-vertical-marine-baling-machine","14":"desktop-align-left","15":"tablet-align-left","16":"mobile-align-left","18":"first","19":"instock","20":"shipping-taxable","21":"product-type-simple"},"_links":{"self":[{"href":"https:\/\/www.gigapa.com\/fr\/wp-json\/wp\/v2\/product\/1807","targetHints":{"allow":["GET"]}}],"collection":[{"href":"https:\/\/www.gigapa.com\/fr\/wp-json\/wp\/v2\/product"}],"about":[{"href":"https:\/\/www.gigapa.com\/fr\/wp-json\/wp\/v2\/types\/product"}],"version-history":[{"count":2,"href":"https:\/\/www.gigapa.com\/fr\/wp-json\/wp\/v2\/product\/1807\/revisions"}],"predecessor-version":[{"id":1811,"href":"https:\/\/www.gigapa.com\/fr\/wp-json\/wp\/v2\/product\/1807\/revisions\/1811"}],"wp:featuredmedia":[{"embeddable":true,"href":"https:\/\/www.gigapa.com\/fr\/wp-json\/wp\/v2\/media\/1808"}],"wp:attachment":[{"href":"https:\/\/www.gigapa.com\/fr\/wp-json\/wp\/v2\/media?parent=1807"}],"wp:term":[{"taxonomy":"product_brand","embeddable":true,"href":"https:\/\/www.gigapa.com\/fr\/wp-json\/wp\/v2\/product_brand?post=1807"},{"taxonomy":"product_cat","embeddable":true,"href":"https:\/\/www.gigapa.com\/fr\/wp-json\/wp\/v2\/product_cat?post=1807"},{"taxonomy":"product_tag","embeddable":true,"href":"https:\/\/www.gigapa.com\/fr\/wp-json\/wp\/v2\/product_tag?post=1807"}],"curies":[{"name":"wp","href":"https:\/\/api.w.org\/{rel}","templated":true}]}}