{"id":1965,"date":"2025-06-17T10:00:13","date_gmt":"2025-06-17T02:00:13","guid":{"rendered":"https:\/\/www.gigapa.com\/?post_type=product&#038;p=1965"},"modified":"2025-11-05T08:58:17","modified_gmt":"2025-11-05T00:58:17","slug":"fully-auto-paper-horizontal-baler","status":"publish","type":"product","link":"https:\/\/www.gigapa.com\/fr\/product\/fully-auto-paper-horizontal-baler\/","title":{"rendered":"Presse \u00e0 balles horizontale semi-automatique pour papier"},"content":{"rendered":"<p data-start=\"271\" data-end=\"650\" data-immersive-translate-walked=\"d6c50565-1c91-4fe6-a895-3ab0b069ade5\" data-immersive-translate-paragraph=\"1\">La presse \u00e0 balles horizontale semi-automatique pour papier est une solution de pointe pour le compactage des d\u00e9chets, con\u00e7ue pour les environnements de recyclage \u00e0 haut volume. Con\u00e7ue sp\u00e9cifiquement pour le traitement du papier, du carton et des mat\u00e9riaux fibreux similaires, cette presse \u00e0 balles offre des performances semi-automatiques, une qualit\u00e9 de balles constante et une efficacit\u00e9 optimis\u00e9e pour les op\u00e9rations industrielles, commerciales et de recyclage.<\/p>\n<h3 data-start=\"652\" data-end=\"676\" data-immersive-translate-walked=\"d6c50565-1c91-4fe6-a895-3ab0b069ade5\">Aper\u00e7u du produit<\/h3>\n<p data-start=\"678\" data-end=\"1224\" data-immersive-translate-walked=\"d6c50565-1c91-4fe6-a895-3ab0b069ade5\" data-immersive-translate-paragraph=\"1\">Alors que les industries continuent de g\u00e9n\u00e9rer de grands volumes de d\u00e9chets de papier et de carton, un syst\u00e8me de mise en balles efficace est essentiel pour rationaliser le traitement des d\u00e9chets, r\u00e9duire l'espace de stockage et am\u00e9liorer la logistique. La presse \u00e0 balles horizontale semi-automatique pour papier offre une solution robuste et fiable avec l'alimentation, la compression, la mise en balles et le liage automatiques, le tout contr\u00f4l\u00e9 par un syst\u00e8me PLC intelligent. Qu'il s'agisse d'une usine de recyclage, d'une imprimerie, d'un centre logistique ou d'une papeterie, cette presse \u00e0 balles transforme les d\u00e9chets en vrac en balles denses et uniformes, pr\u00eates \u00e0 \u00eatre transport\u00e9es ou revendues.<\/p>\n<h3 data-start=\"1226\" data-end=\"1246\" data-immersive-translate-walked=\"d6c50565-1c91-4fe6-a895-3ab0b069ade5\">Caract\u00e9ristiques principales<\/h3>\n<p data-start=\"1248\" data-end=\"1284\" data-immersive-translate-walked=\"d6c50565-1c91-4fe6-a895-3ab0b069ade5\" data-immersive-translate-paragraph=\"1\"><strong>Fonctionnement semi-automatique<\/strong><\/p>\n<p data-start=\"1285\" data-end=\"1565\" data-immersive-translate-walked=\"d6c50565-1c91-4fe6-a895-3ab0b069ade5\" data-immersive-translate-paragraph=\"1\">Cette presse est \u00e9quip\u00e9e d'un syst\u00e8me de contr\u00f4le intelligent qui g\u00e8re l'ensemble du processus de pressage, de l'alimentation des mat\u00e9riaux \u00e0 l'\u00e9jection des balles. Une fois la machine configur\u00e9e, l'intervention de l'op\u00e9rateur est minimale, ce qui r\u00e9duit consid\u00e9rablement les co\u00fbts de main-d'\u0153uvre et am\u00e9liore l'efficacit\u00e9 du lieu de travail.<\/p>\n<p data-start=\"1567\" data-end=\"1602\" data-immersive-translate-walked=\"d6c50565-1c91-4fe6-a895-3ab0b069ade5\" data-immersive-translate-paragraph=\"1\"><strong>Capacit\u00e9 de production \u00e9lev\u00e9e<\/strong><\/p>\n<p data-start=\"1603\" data-end=\"1906\" data-immersive-translate-walked=\"d6c50565-1c91-4fe6-a895-3ab0b069ade5\" data-immersive-translate-paragraph=\"1\">Gr\u00e2ce \u00e0 son alimentation horizontale continue, la presse \u00e0 balles horizontale semi-automatique pour papier peut traiter de grands volumes de papier et de carton \u00e0 un rythme rapide. Le syst\u00e8me hydraulique \u00e0 grande vitesse assure des cycles rapides, permettant \u00e0 la presse de produire plusieurs balles par heure en fonction du mat\u00e9riau et de la configuration.<\/p>\n<p data-start=\"1908\" data-end=\"1939\" data-immersive-translate-walked=\"d6c50565-1c91-4fe6-a895-3ab0b069ade5\" data-immersive-translate-paragraph=\"1\"><strong>Construction durable<\/strong><\/p>\n<p data-start=\"1940\" data-end=\"2229\" data-immersive-translate-walked=\"d6c50565-1c91-4fe6-a895-3ab0b069ade5\" data-immersive-translate-paragraph=\"1\">La machine est construite en utilisant de l'acier \u00e0 haute r\u00e9sistance et des techniques de soudage de pr\u00e9cision pour assurer une durabilit\u00e9 \u00e0 long terme et une r\u00e9sistance \u00e0 l'usure, m\u00eame en cas d'utilisation intensive. Tous les composants, y compris les v\u00e9rins hydrauliques et les plaques d'usure, sont con\u00e7us pour une grande endurance et une maintenance r\u00e9duite.<\/p>\n<p data-start=\"2231\" data-end=\"2263\" data-immersive-translate-walked=\"d6c50565-1c91-4fe6-a895-3ab0b069ade5\" data-immersive-translate-paragraph=\"1\"><strong>Tailles de balles r\u00e9glables<\/strong><\/p>\n<p data-start=\"2264\" data-end=\"2442\" data-immersive-translate-walked=\"d6c50565-1c91-4fe6-a895-3ab0b069ade5\" data-immersive-translate-paragraph=\"1\">Les op\u00e9rateurs peuvent facilement ajuster la taille et le poids des balles en fonction des besoins de stockage ou de transport. Cette flexibilit\u00e9 garantit la compatibilit\u00e9 avec les diff\u00e9rentes exigences en mati\u00e8re d'emballage et d'exp\u00e9dition.<\/p>\n<p data-start=\"2444\" data-end=\"2482\" data-immersive-translate-walked=\"d6c50565-1c91-4fe6-a895-3ab0b069ade5\" data-immersive-translate-paragraph=\"1\"><strong>Syst\u00e8me de liage automatique des fils<\/strong><\/p>\n<p data-start=\"2483\" data-end=\"2651\" data-immersive-translate-walked=\"d6c50565-1c91-4fe6-a895-3ab0b069ade5\" data-immersive-translate-paragraph=\"1\">L'unit\u00e9 de liage automatique int\u00e9gr\u00e9e lie chaque balle de mani\u00e8re serr\u00e9e et coh\u00e9rente, r\u00e9duisant ainsi le risque de rupture de la balle et garantissant une manipulation plus s\u00fbre pendant le transport.<\/p>\n<p data-start=\"2653\" data-end=\"2685\" data-immersive-translate-walked=\"d6c50565-1c91-4fe6-a895-3ab0b069ade5\" data-immersive-translate-paragraph=\"1\"><strong>S\u00e9curit\u00e9 et conformit\u00e9<\/strong><\/p>\n<p data-start=\"2686\" data-end=\"2958\" data-immersive-translate-walked=\"d6c50565-1c91-4fe6-a895-3ab0b069ade5\" data-immersive-translate-paragraph=\"1\">Dot\u00e9e de dispositifs de s\u00e9curit\u00e9 complets tels que des boutons d'arr\u00eat d'urgence, des capteurs de porte et une protection contre les surcharges, cette presse \u00e0 balles r\u00e9pond aux normes internationales en mati\u00e8re de s\u00e9curit\u00e9 des machines. Elle prend \u00e9galement en charge les mesures de contr\u00f4le de la poussi\u00e8re et du bruit pour garantir un environnement de travail plus propre et plus s\u00fbr.<\/p>\n<h3 data-start=\"2965\" data-end=\"3021\" data-immersive-translate-walked=\"d6c50565-1c91-4fe6-a895-3ab0b069ade5\">Sp\u00e9cifications techniques (exemple de configuration)<\/h3>\n<div class=\"_tableContainer_16hzy_1\" data-immersive-translate-walked=\"d6c50565-1c91-4fe6-a895-3ab0b069ade5\">\n<div class=\"_tableWrapper_16hzy_14 group flex w-fit flex-col-reverse\" tabindex=\"-1\" data-immersive-translate-walked=\"d6c50565-1c91-4fe6-a895-3ab0b069ade5\">\n<table class=\"w-fit min-w-(--thread-content-width)\" data-start=\"3023\" data-end=\"3763\" data-immersive-translate-walked=\"d6c50565-1c91-4fe6-a895-3ab0b069ade5\">\n<thead data-start=\"3023\" data-end=\"3097\" data-immersive-translate-walked=\"d6c50565-1c91-4fe6-a895-3ab0b069ade5\">\n<tr data-start=\"3023\" data-end=\"3097\" data-immersive-translate-walked=\"d6c50565-1c91-4fe6-a895-3ab0b069ade5\">\n<th style=\"text-align: left;\" data-start=\"3023\" data-end=\"3055\" data-col-size=\"sm\" data-immersive-translate-walked=\"d6c50565-1c91-4fe6-a895-3ab0b069ade5\" data-immersive-translate-paragraph=\"1\">Param\u00e8tres<\/th>\n<th style=\"text-align: left;\" data-start=\"3055\" data-end=\"3097\" data-col-size=\"sm\" data-immersive-translate-walked=\"d6c50565-1c91-4fe6-a895-3ab0b069ade5\" data-immersive-translate-paragraph=\"1\">Sp\u00e9cifications<\/th>\n<\/tr>\n<\/thead>\n<tbody data-start=\"3172\" data-end=\"3763\" data-immersive-translate-walked=\"d6c50565-1c91-4fe6-a895-3ab0b069ade5\">\n<tr data-start=\"3172\" data-end=\"3245\" data-immersive-translate-walked=\"d6c50565-1c91-4fe6-a895-3ab0b069ade5\">\n<td data-start=\"3172\" data-end=\"3203\" data-col-size=\"sm\" data-immersive-translate-walked=\"d6c50565-1c91-4fe6-a895-3ab0b069ade5\" data-immersive-translate-paragraph=\"1\">Force de pression<\/td>\n<td data-col-size=\"sm\" data-start=\"3203\" data-end=\"3245\" data-immersive-translate-walked=\"d6c50565-1c91-4fe6-a895-3ab0b069ade5\" data-immersive-translate-paragraph=\"1\">80 - 200 tonnes (r\u00e9glable selon le mod\u00e8le)<\/td>\n<\/tr>\n<tr data-start=\"3246\" data-end=\"3319\" data-immersive-translate-walked=\"d6c50565-1c91-4fe6-a895-3ab0b069ade5\">\n<td data-start=\"3246\" data-end=\"3277\" data-col-size=\"sm\" data-immersive-translate-walked=\"d6c50565-1c91-4fe6-a895-3ab0b069ade5\" data-immersive-translate-paragraph=\"1\">Taille de la balle<\/td>\n<td data-col-size=\"sm\" data-start=\"3277\" data-end=\"3319\" data-immersive-translate-walked=\"d6c50565-1c91-4fe6-a895-3ab0b069ade5\" data-immersive-translate-paragraph=\"1\">1100 x 1100 x Variable Longueur (mm)<\/td>\n<\/tr>\n<tr data-start=\"3320\" data-end=\"3393\" data-immersive-translate-walked=\"d6c50565-1c91-4fe6-a895-3ab0b069ade5\">\n<td data-start=\"3320\" data-end=\"3351\" data-col-size=\"sm\" data-immersive-translate-walked=\"d6c50565-1c91-4fe6-a895-3ab0b069ade5\" data-immersive-translate-paragraph=\"1\">Poids de la balle<\/td>\n<td data-col-size=\"sm\" data-start=\"3351\" data-end=\"3393\" data-immersive-translate-walked=\"d6c50565-1c91-4fe6-a895-3ab0b069ade5\" data-immersive-translate-paragraph=\"1\">Jusqu'\u00e0 1000 kg<\/td>\n<\/tr>\n<tr data-start=\"3394\" data-end=\"3467\" data-immersive-translate-walked=\"d6c50565-1c91-4fe6-a895-3ab0b069ade5\">\n<td data-start=\"3394\" data-end=\"3425\" data-col-size=\"sm\" data-immersive-translate-walked=\"d6c50565-1c91-4fe6-a895-3ab0b069ade5\" data-immersive-translate-paragraph=\"1\">Capacit\u00e9<\/td>\n<td data-col-size=\"sm\" data-start=\"3425\" data-end=\"3467\" data-immersive-translate-walked=\"d6c50565-1c91-4fe6-a895-3ab0b069ade5\" data-immersive-translate-paragraph=\"1\">3 - 15 tonnes par heure<\/td>\n<\/tr>\n<tr data-start=\"3468\" data-end=\"3541\" data-immersive-translate-walked=\"d6c50565-1c91-4fe6-a895-3ab0b069ade5\">\n<td data-start=\"3468\" data-end=\"3499\" data-col-size=\"sm\" data-immersive-translate-walked=\"d6c50565-1c91-4fe6-a895-3ab0b069ade5\" data-immersive-translate-paragraph=\"1\">Puissance du moteur<\/td>\n<td data-col-size=\"sm\" data-start=\"3499\" data-end=\"3541\" data-immersive-translate-walked=\"d6c50565-1c91-4fe6-a895-3ab0b069ade5\" data-immersive-translate-paragraph=\"1\">30 - 90 kW<\/td>\n<\/tr>\n<tr data-start=\"3542\" data-end=\"3615\" data-immersive-translate-walked=\"d6c50565-1c91-4fe6-a895-3ab0b069ade5\">\n<td data-start=\"3542\" data-end=\"3573\" data-col-size=\"sm\" data-immersive-translate-walked=\"d6c50565-1c91-4fe6-a895-3ab0b069ade5\" data-immersive-translate-paragraph=\"1\">Syst\u00e8me hydraulique<\/td>\n<td data-col-size=\"sm\" data-start=\"3573\" data-end=\"3615\" data-immersive-translate-walked=\"d6c50565-1c91-4fe6-a895-3ab0b069ade5\" data-immersive-translate-paragraph=\"1\">Pompe double avec syst\u00e8me de refroidissement \u00e0 l'huile<\/td>\n<\/tr>\n<tr data-start=\"3616\" data-end=\"3689\" data-immersive-translate-walked=\"d6c50565-1c91-4fe6-a895-3ab0b069ade5\">\n<td data-start=\"3616\" data-end=\"3647\" data-col-size=\"sm\" data-immersive-translate-walked=\"d6c50565-1c91-4fe6-a895-3ab0b069ade5\" data-immersive-translate-paragraph=\"1\">Syst\u00e8me d'attache<\/td>\n<td data-col-size=\"sm\" data-start=\"3647\" data-end=\"3689\" data-immersive-translate-walked=\"d6c50565-1c91-4fe6-a895-3ab0b069ade5\" data-immersive-translate-paragraph=\"1\">Attache horizontale automatique de fils m\u00e9talliques<\/td>\n<\/tr>\n<tr data-start=\"3690\" data-end=\"3763\" data-immersive-translate-walked=\"d6c50565-1c91-4fe6-a895-3ab0b069ade5\">\n<td data-start=\"3690\" data-end=\"3721\" data-col-size=\"sm\" data-immersive-translate-walked=\"d6c50565-1c91-4fe6-a895-3ab0b069ade5\" data-immersive-translate-paragraph=\"1\">Syst\u00e8me de contr\u00f4le<\/td>\n<td data-col-size=\"sm\" data-start=\"3721\" data-end=\"3763\" data-immersive-translate-walked=\"d6c50565-1c91-4fe6-a895-3ab0b069ade5\" data-immersive-translate-paragraph=\"1\">Automate Siemens + interface tactile<\/td>\n<\/tr>\n<\/tbody>\n<\/table>\n<\/div>\n<\/div>\n<h3 data-start=\"3770\" data-end=\"3790\" data-immersive-translate-walked=\"d6c50565-1c91-4fe6-a895-3ab0b069ade5\">Applications<\/h3>\n<p data-start=\"3792\" data-end=\"3843\" data-immersive-translate-walked=\"d6c50565-1c91-4fe6-a895-3ab0b069ade5\" data-immersive-translate-paragraph=\"1\">La presse \u00e0 balles horizontale semi-automatique pour papier est id\u00e9ale pour :<\/p>\n<ul>\n<li data-start=\"3847\" data-end=\"3872\" data-immersive-translate-walked=\"d6c50565-1c91-4fe6-a895-3ab0b069ade5\" data-immersive-translate-paragraph=\"1\">Centres de recyclage du papier<\/li>\n<li data-start=\"3875\" data-end=\"3910\" data-immersive-translate-walked=\"d6c50565-1c91-4fe6-a895-3ab0b069ade5\" data-immersive-translate-paragraph=\"1\">Imprimeries et maisons d'\u00e9dition<\/li>\n<li data-start=\"3913\" data-end=\"3948\" data-immersive-translate-walked=\"d6c50565-1c91-4fe6-a895-3ab0b069ade5\" data-immersive-translate-paragraph=\"1\">Fabricants d'emballages en carton<\/li>\n<li data-start=\"3951\" data-end=\"3993\" data-immersive-translate-walked=\"d6c50565-1c91-4fe6-a895-3ab0b069ade5\" data-immersive-translate-paragraph=\"1\">Supermarch\u00e9s et entrep\u00f4ts de distribution<\/li>\n<li data-start=\"3996\" data-end=\"4033\" data-immersive-translate-walked=\"d6c50565-1c91-4fe6-a895-3ab0b069ade5\" data-immersive-translate-paragraph=\"1\">Gestion des d\u00e9chets et centres logistiques<\/li>\n<li data-start=\"4036\" data-end=\"4070\" data-immersive-translate-walked=\"d6c50565-1c91-4fe6-a895-3ab0b069ade5\" data-immersive-translate-paragraph=\"1\">Installations de production industrielle<\/li>\n<\/ul>\n<p data-start=\"4072\" data-end=\"4100\" data-immersive-translate-walked=\"d6c50565-1c91-4fe6-a895-3ab0b069ade5\" data-immersive-translate-paragraph=\"1\">Il peut compresser efficacement :<\/p>\n<ul>\n<li data-start=\"4104\" data-end=\"4126\" data-immersive-translate-walked=\"d6c50565-1c91-4fe6-a895-3ab0b069ade5\" data-immersive-translate-paragraph=\"1\">Journaux anciens (ONP)<\/li>\n<li data-start=\"4129\" data-end=\"4162\" data-immersive-translate-walked=\"d6c50565-1c91-4fe6-a895-3ab0b069ade5\" data-immersive-translate-paragraph=\"1\">Vieux conteneurs en carton ondul\u00e9 (OCC)<\/li>\n<li data-start=\"4165\" data-end=\"4185\" data-immersive-translate-walked=\"d6c50565-1c91-4fe6-a895-3ab0b069ade5\" data-immersive-translate-paragraph=\"1\">D\u00e9chets de papier de bureau<\/li>\n<li data-start=\"4188\" data-end=\"4237\" data-immersive-translate-walked=\"d6c50565-1c91-4fe6-a895-3ab0b069ade5\" data-immersive-translate-paragraph=\"1\">Mat\u00e9riaux d'emballage \u00e0 base de papier et de fibres m\u00e9lang\u00e9s<\/li>\n<\/ul>\n<h3 data-start=\"4244\" data-end=\"4277\" data-immersive-translate-walked=\"d6c50565-1c91-4fe6-a895-3ab0b069ade5\">Avantages pour votre entreprise<\/h3>\n<ul>\n<li data-start=\"4281\" data-end=\"4338\" data-immersive-translate-walked=\"d6c50565-1c91-4fe6-a895-3ab0b069ade5\" data-immersive-translate-paragraph=\"1\">Efficacit\u00e9 op\u00e9rationnelle accrue gr\u00e2ce \u00e0 l'automatisation<\/li>\n<li data-start=\"4341\" data-end=\"4392\" data-immersive-translate-walked=\"d6c50565-1c91-4fe6-a895-3ab0b069ade5\" data-immersive-translate-paragraph=\"1\">R\u00e9duction des co\u00fbts de main-d'\u0153uvre gr\u00e2ce \u00e0 l'utilisation des mains libres<\/li>\n<li data-start=\"4395\" data-end=\"4454\" data-immersive-translate-walked=\"d6c50565-1c91-4fe6-a895-3ab0b069ade5\" data-immersive-translate-paragraph=\"1\">R\u00e9duction des frais logistiques gr\u00e2ce aux balles \u00e0 haute densit\u00e9<\/li>\n<li data-start=\"4457\" data-end=\"4504\" data-immersive-translate-walked=\"d6c50565-1c91-4fe6-a895-3ab0b069ade5\">Am\u00e9lioration de la s\u00e9curit\u00e9 et de la propret\u00e9 du lieu de travail<\/li>\n<li data-start=\"4507\" data-end=\"4550\" data-immersive-translate-walked=\"d6c50565-1c91-4fe6-a895-3ab0b069ade5\">Maximisation de l'utilisation de l'espace de l'entrep\u00f4t<\/li>\n<li data-start=\"4553\" data-end=\"4617\" data-immersive-translate-walked=\"d6c50565-1c91-4fe6-a895-3ab0b069ade5\" data-immersive-translate-paragraph=\"1\">Am\u00e9lioration du respect de l'environnement gr\u00e2ce \u00e0 un recyclage optimis\u00e9<\/li>\n<\/ul>\n<h3 data-start=\"4624\" data-end=\"4646\" data-immersive-translate-walked=\"d6c50565-1c91-4fe6-a895-3ab0b069ade5\">Pourquoi nous choisir ?<\/h3>\n<p data-start=\"4648\" data-end=\"5035\" data-immersive-translate-walked=\"d6c50565-1c91-4fe6-a895-3ab0b069ade5\" data-immersive-translate-paragraph=\"1\">En tant que fournisseur de confiance d'\u00e9quipements de recyclage industriel, nous fournissons des machines de haute performance et des solutions personnalis\u00e9es adapt\u00e9es \u00e0 vos besoins sp\u00e9cifiques en mati\u00e8re de manutention. Nos presses \u00e0 balles horizontales semi-automatiques pour papier b\u00e9n\u00e9ficient d'un support technique complet, de services d'installation professionnels et d'une assistance apr\u00e8s-vente globale pour garantir le bon d\u00e9roulement de vos op\u00e9rations.<\/p>","protected":false},"excerpt":{"rendered":"<p data-start=\"71\" data-end=\"317\">Une solution de mise en balles efficace et semi-automatique pour les d\u00e9chets de papier et de carton. Id\u00e9ale pour les op\u00e9rations \u00e0 grand volume, elle comporte des fonctions automatiques d'alimentation, de pressage et de liage pour produire des balles denses et uniformes, ce qui permet d'\u00e9conomiser de la main d'\u0153uvre et de maximiser l'efficacit\u00e9 du recyclage.<\/p>","protected":false},"featured_media":1961,"template":"","meta":{"site-sidebar-layout":"default","site-content-layout":"","ast-site-content-layout":"default","site-content-style":"default","site-sidebar-style":"default","ast-global-header-display":"","ast-banner-title-visibility":"","ast-main-header-display":"","ast-hfb-above-header-display":"","ast-hfb-below-header-display":"","ast-hfb-mobile-header-display":"","site-post-title":"","ast-breadcrumbs-content":"","ast-featured-img":"","footer-sml-layout":"","ast-disable-related-posts":"","theme-transparent-header-meta":"default","adv-header-id-meta":"","stick-header-meta":"","header-above-stick-meta":"","header-main-stick-meta":"","header-below-stick-meta":"","astra-migrate-meta-layouts":"set","ast-page-background-enabled":"default","ast-page-background-meta":{"desktop":{"background-color":"var(--ast-global-color-5)","background-image":"","background-repeat":"repeat","background-position":"center center","background-size":"auto","background-attachment":"scroll","background-type":"","background-media":"","overlay-type":"","overlay-color":"","overlay-opacity":"","overlay-gradient":""},"tablet":{"background-color":"","background-image":"","background-repeat":"repeat","background-position":"center center","background-size":"auto","background-attachment":"scroll","background-type":"","background-media":"","overlay-type":"","overlay-color":"","overlay-opacity":"","overlay-gradient":""},"mobile":{"background-color":"","background-image":"","background-repeat":"repeat","background-position":"center center","background-size":"auto","background-attachment":"scroll","background-type":"","background-media":"","overlay-type":"","overlay-color":"","overlay-opacity":"","overlay-gradient":""}},"ast-content-background-meta":{"desktop":{"background-color":"var(--ast-global-color-4)","background-image":"","background-repeat":"repeat","background-position":"center center","background-size":"auto","background-attachment":"scroll","background-type":"","background-media":"","overlay-type":"","overlay-color":"","overlay-opacity":"","overlay-gradient":""},"tablet":{"background-color":"var(--ast-global-color-4)","background-image":"","background-repeat":"repeat","background-position":"center center","background-size":"auto","background-attachment":"scroll","background-type":"","background-media":"","overlay-type":"","overlay-color":"","overlay-opacity":"","overlay-gradient":""},"mobile":{"background-color":"var(--ast-global-color-4)","background-image":"","background-repeat":"repeat","background-position":"center center","background-size":"auto","background-attachment":"scroll","background-type":"","background-media":"","overlay-type":"","overlay-color":"","overlay-opacity":"","overlay-gradient":""}}},"product_brand":[],"product_cat":[21,153],"product_tag":[],"class_list":{"0":"post-1965","1":"product","2":"type-product","3":"status-publish","4":"has-post-thumbnail","6":"product_cat-baling-machine","7":"product_cat-horizontal-baler","8":"desktop-align-left","9":"tablet-align-left","10":"mobile-align-left","12":"first","13":"instock","14":"shipping-taxable","15":"product-type-simple"},"_links":{"self":[{"href":"https:\/\/www.gigapa.com\/fr\/wp-json\/wp\/v2\/product\/1965","targetHints":{"allow":["GET"]}}],"collection":[{"href":"https:\/\/www.gigapa.com\/fr\/wp-json\/wp\/v2\/product"}],"about":[{"href":"https:\/\/www.gigapa.com\/fr\/wp-json\/wp\/v2\/types\/product"}],"version-history":[{"count":4,"href":"https:\/\/www.gigapa.com\/fr\/wp-json\/wp\/v2\/product\/1965\/revisions"}],"predecessor-version":[{"id":2798,"href":"https:\/\/www.gigapa.com\/fr\/wp-json\/wp\/v2\/product\/1965\/revisions\/2798"}],"wp:featuredmedia":[{"embeddable":true,"href":"https:\/\/www.gigapa.com\/fr\/wp-json\/wp\/v2\/media\/1961"}],"wp:attachment":[{"href":"https:\/\/www.gigapa.com\/fr\/wp-json\/wp\/v2\/media?parent=1965"}],"wp:term":[{"taxonomy":"product_brand","embeddable":true,"href":"https:\/\/www.gigapa.com\/fr\/wp-json\/wp\/v2\/product_brand?post=1965"},{"taxonomy":"product_cat","embeddable":true,"href":"https:\/\/www.gigapa.com\/fr\/wp-json\/wp\/v2\/product_cat?post=1965"},{"taxonomy":"product_tag","embeddable":true,"href":"https:\/\/www.gigapa.com\/fr\/wp-json\/wp\/v2\/product_tag?post=1965"}],"curies":[{"name":"wp","href":"https:\/\/api.w.org\/{rel}","templated":true}]}}