{"id":1969,"date":"2025-06-17T10:34:57","date_gmt":"2025-06-17T02:34:57","guid":{"rendered":"https:\/\/www.gigapa.com\/?post_type=product&#038;p=1969"},"modified":"2025-10-13T09:20:16","modified_gmt":"2025-10-13T01:20:16","slug":"fully-auto-plastic-horizontal-baler","status":"publish","type":"product","link":"https:\/\/www.gigapa.com\/fr\/product\/fully-auto-plastic-horizontal-baler\/","title":{"rendered":"Presse \u00e0 balles horizontale en plastique enti\u00e8rement automatique"},"content":{"rendered":"<h3 data-immersive-translate-walked=\"8568c6e5-cd47-46f2-928d-6bdcbffb2f39\">Introduction<\/h3>\n<p class=\"ds-markdown-paragraph\" data-immersive-translate-walked=\"8568c6e5-cd47-46f2-928d-6bdcbffb2f39\" data-immersive-translate-paragraph=\"1\">La presse \u00e0 balles horizontale pour plastique enti\u00e8rement automatique est une machine \u00e0 balles hydraulique de pointe con\u00e7ue pour comprimer les d\u00e9chets plastiques, les films, les bouteilles et autres mat\u00e9riaux recyclables en balles compactes. Cette machine am\u00e9liore l'efficacit\u00e9 du stockage, r\u00e9duit les co\u00fbts de transport et am\u00e9liore les op\u00e9rations de recyclage gr\u00e2ce \u00e0 son fonctionnement enti\u00e8rement automatis\u00e9, sa force de compression \u00e9lev\u00e9e et sa construction durable. Id\u00e9ale pour les centres de recyclage, les installations de gestion des d\u00e9chets et les usines de fabrication, cette presse \u00e0 balles assure un traitement sans faille de grands volumes de d\u00e9chets plastiques.<\/p>\n<h3 data-immersive-translate-walked=\"8568c6e5-cd47-46f2-928d-6bdcbffb2f39\">Caract\u00e9ristiques principales<\/h3>\n<p data-immersive-translate-walked=\"8568c6e5-cd47-46f2-928d-6bdcbffb2f39\"><strong>1. Fonctionnement enti\u00e8rement automatis\u00e9<\/strong><\/p>\n<ul>\n<li class=\"ds-markdown-paragraph\" data-immersive-translate-walked=\"8568c6e5-cd47-46f2-928d-6bdcbffb2f39\" data-immersive-translate-paragraph=\"1\">Equip\u00e9 d'un syst\u00e8me de contr\u00f4le PLC pour l'alimentation automatique, la compression, la reliure et l'\u00e9jection.<\/li>\n<li class=\"ds-markdown-paragraph\" data-immersive-translate-walked=\"8568c6e5-cd47-46f2-928d-6bdcbffb2f39\" data-immersive-translate-paragraph=\"1\">R\u00e9duit le travail manuel et augmente la productivit\u00e9 avec une intervention minimale de l'op\u00e9rateur.<\/li>\n<li class=\"ds-markdown-paragraph\" data-immersive-translate-walked=\"8568c6e5-cd47-46f2-928d-6bdcbffb2f39\" data-immersive-translate-paragraph=\"1\">Interface conviviale \u00e0 \u00e9cran tactile pour faciliter les r\u00e9glages et la surveillance.<\/li>\n<\/ul>\n<p data-immersive-translate-walked=\"8568c6e5-cd47-46f2-928d-6bdcbffb2f39\"><strong>2. Force de compression et efficacit\u00e9 \u00e9lev\u00e9es<\/strong><\/p>\n<ul>\n<li class=\"ds-markdown-paragraph\" data-immersive-translate-walked=\"8568c6e5-cd47-46f2-928d-6bdcbffb2f39\" data-immersive-translate-paragraph=\"1\">Le puissant syst\u00e8me hydraulique g\u00e9n\u00e8re une pression \u00e9lev\u00e9e, garantissant des balles bien serr\u00e9es.<\/li>\n<li class=\"ds-markdown-paragraph\" data-immersive-translate-walked=\"8568c6e5-cd47-46f2-928d-6bdcbffb2f39\" data-immersive-translate-paragraph=\"1\">Maximise la densit\u00e9 des mat\u00e9riaux, r\u00e9duisant ainsi l'espace de stockage et les co\u00fbts logistiques.<\/li>\n<li class=\"ds-markdown-paragraph\" data-immersive-translate-walked=\"8568c6e5-cd47-46f2-928d-6bdcbffb2f39\" data-immersive-translate-paragraph=\"1\">Traitement d'une large gamme de plastiques, y compris les bouteilles en PET, le PEHD, les films en PEBD et les d\u00e9chets en PP.<\/li>\n<\/ul>\n<p data-immersive-translate-walked=\"8568c6e5-cd47-46f2-928d-6bdcbffb2f39\"><strong>3. Construction robuste et durable<\/strong><\/p>\n<ul>\n<li class=\"ds-markdown-paragraph\" data-immersive-translate-walked=\"8568c6e5-cd47-46f2-928d-6bdcbffb2f39\" data-immersive-translate-paragraph=\"1\">Cadre en acier robuste et chambre de compression renforc\u00e9e pour des performances durables.<\/li>\n<li class=\"ds-markdown-paragraph\" data-immersive-translate-walked=\"8568c6e5-cd47-46f2-928d-6bdcbffb2f39\" data-immersive-translate-paragraph=\"1\">Composants r\u00e9sistants \u00e0 l'usure pour supporter un fonctionnement continu dans des environnements exigeants.<\/li>\n<li class=\"ds-markdown-paragraph\" data-immersive-translate-walked=\"8568c6e5-cd47-46f2-928d-6bdcbffb2f39\" data-immersive-translate-paragraph=\"1\">Conception n\u00e9cessitant peu d'entretien, avec des pi\u00e8ces faciles d'acc\u00e8s pour la maintenance.<\/li>\n<\/ul>\n<p data-immersive-translate-walked=\"8568c6e5-cd47-46f2-928d-6bdcbffb2f39\"><strong>4. S\u00e9curit\u00e9 et fiabilit\u00e9<\/strong><\/p>\n<ul>\n<li class=\"ds-markdown-paragraph\" data-immersive-translate-walked=\"8568c6e5-cd47-46f2-928d-6bdcbffb2f39\" data-immersive-translate-paragraph=\"1\">Bouton d'arr\u00eat d'urgence et capteurs de s\u00e9curit\u00e9 pour \u00e9viter les accidents.<\/li>\n<li class=\"ds-markdown-paragraph\" data-immersive-translate-walked=\"8568c6e5-cd47-46f2-928d-6bdcbffb2f39\" data-immersive-translate-paragraph=\"1\">Portes \u00e0 verrouillage et protection contre les surcharges pour un fonctionnement s\u00fbr.<\/li>\n<li class=\"ds-markdown-paragraph\" data-immersive-translate-walked=\"8568c6e5-cd47-46f2-928d-6bdcbffb2f39\" data-immersive-translate-paragraph=\"1\">Conforme aux normes de s\u00e9curit\u00e9 internationales (certifi\u00e9 CE, ISO).<\/li>\n<\/ul>\n<p data-immersive-translate-walked=\"8568c6e5-cd47-46f2-928d-6bdcbffb2f39\"><strong>5. Taille et rendement des balles personnalisables<\/strong><\/p>\n<ul>\n<li class=\"ds-markdown-paragraph\" data-immersive-translate-walked=\"8568c6e5-cd47-46f2-928d-6bdcbffb2f39\" data-immersive-translate-paragraph=\"1\">Dimensions des balles r\u00e9glables pour r\u00e9pondre aux besoins sp\u00e9cifiques de recyclage.<\/li>\n<li class=\"ds-markdown-paragraph\" data-immersive-translate-walked=\"8568c6e5-cd47-46f2-928d-6bdcbffb2f39\" data-immersive-translate-paragraph=\"1\">Syst\u00e8me d'attache automatique en option (fil ou sangle) pour un liage s\u00fbr des balles.<\/li>\n<\/ul>\n<h3 data-immersive-translate-walked=\"8568c6e5-cd47-46f2-928d-6bdcbffb2f39\">Applications<\/h3>\n<p class=\"ds-markdown-paragraph\" data-immersive-translate-walked=\"8568c6e5-cd47-46f2-928d-6bdcbffb2f39\" data-immersive-translate-paragraph=\"1\">La presse \u00e0 balles horizontale en plastique enti\u00e8rement automatique est largement utilis\u00e9e dans.. :<\/p>\n<ol>\n<li class=\"ds-markdown-paragraph\" data-immersive-translate-walked=\"8568c6e5-cd47-46f2-928d-6bdcbffb2f39\" data-immersive-translate-paragraph=\"1\">Installations de recyclage des mati\u00e8res plastiques - Compression du PET, du PEHD, du PVC et d'autres d\u00e9chets plastiques.<\/li>\n<li class=\"ds-markdown-paragraph\" data-immersive-translate-walked=\"8568c6e5-cd47-46f2-928d-6bdcbffb2f39\" data-immersive-translate-paragraph=\"1\">Installations de gestion des d\u00e9chets - Traitement des d\u00e9chets plastiques post-consommation et industriels.<\/li>\n<li class=\"ds-markdown-paragraph\" data-immersive-translate-walked=\"8568c6e5-cd47-46f2-928d-6bdcbffb2f39\" data-immersive-translate-paragraph=\"1\">Unit\u00e9s de fabrication - Traitement des chutes de production, des produits d\u00e9fectueux et des mat\u00e9riaux d'emballage.<\/li>\n<li class=\"ds-markdown-paragraph\" data-immersive-translate-walked=\"8568c6e5-cd47-46f2-928d-6bdcbffb2f39\" data-immersive-translate-paragraph=\"1\">Centres de logistique et de distribution - R\u00e9duire le volume des d\u00e9chets pour une \u00e9limination rentable.<\/li>\n<\/ol>\n<h3 data-immersive-translate-walked=\"8568c6e5-cd47-46f2-928d-6bdcbffb2f39\">Pourquoi choisir notre presse \u00e0 balles horizontale enti\u00e8rement automatique pour le plastique ?<\/h3>\n<p class=\"ds-markdown-paragraph\" data-immersive-translate-walked=\"8568c6e5-cd47-46f2-928d-6bdcbffb2f39\" data-immersive-translate-paragraph=\"1\">\u2714 Productivit\u00e9 accrue - L'automatisation du flux de travail acc\u00e9l\u00e8re la mise en balles, ce qui permet d'\u00e9conomiser du temps et de la main-d'\u0153uvre.<br data-immersive-translate-walked=\"8568c6e5-cd47-46f2-928d-6bdcbffb2f39\" \/>\u2714 R\u00e9duction des co\u00fbts - Des balles compactes permettent de r\u00e9duire les frais de stockage et de transport.<br data-immersive-translate-walked=\"8568c6e5-cd47-46f2-928d-6bdcbffb2f39\" \/>\u2714 Respectueux de l'environnement - Favorise le recyclage durable en optimisant le traitement des d\u00e9chets.<br data-immersive-translate-walked=\"8568c6e5-cd47-46f2-928d-6bdcbffb2f39\" \/>\u2714 Peu de maintenance - Les composants durables minimisent les temps d'arr\u00eat et les co\u00fbts de r\u00e9paration.<\/p>\n<h3 data-immersive-translate-walked=\"8568c6e5-cd47-46f2-928d-6bdcbffb2f39\">Sp\u00e9cifications techniques<\/h3>\n<div data-immersive-translate-walked=\"8568c6e5-cd47-46f2-928d-6bdcbffb2f39\">\n<table border=\"0\" width=\"989\" cellspacing=\"0\" cellpadding=\"0\">\n<tbody>\n<tr>\n<td class=\"et2\" width=\"266\" height=\"18\">Mod\u00e8le<\/td>\n<td class=\"et2\" width=\"175\">GSB-F0707<\/td>\n<td class=\"et2\" width=\"181\">GSB-F1107<\/td>\n<td class=\"et2\" width=\"187\">GSB-F1111<\/td>\n<td class=\"et2\" width=\"180\">GSB-F1112<\/td>\n<\/tr>\n<tr>\n<td class=\"et2\" height=\"18\">Dimensions de l'emballage (L\u00d7H\u00d7U)(mm)<\/td>\n<td class=\"et2\">720\u00d7720\u00d7(500-1500)<\/td>\n<td class=\"et2\">1100\u00d7750\u00d7(500-1500)<\/td>\n<td class=\"et2\">1100\u00d71100\u00d7(500-1800)<\/td>\n<td class=\"et2\">1100\u00d71250\u00d7(500-1800)<\/td>\n<\/tr>\n<tr>\n<td class=\"et2\" height=\"18\">Nombre de passes de reliure (PC)<\/td>\n<td class=\"et2\">4<\/td>\n<td class=\"et2\">4<\/td>\n<td class=\"et2\">5<\/td>\n<td class=\"et2\">5<\/td>\n<\/tr>\n<tr>\n<td class=\"et2\" height=\"18\">Pression du cylindre principal (T)<\/td>\n<td class=\"et2\">63<\/td>\n<td class=\"et2\">63<\/td>\n<td class=\"et2\">100<\/td>\n<td class=\"et2\">112<\/td>\n<\/tr>\n<tr>\n<td class=\"et2\" height=\"18\">Puissance hydraulique (kW)<\/td>\n<td class=\"et2\">22<\/td>\n<td class=\"et2\">22<\/td>\n<td class=\"et2\">45<\/td>\n<td class=\"et2\">55<\/td>\n<\/tr>\n<tr>\n<td class=\"et2\" height=\"18\">Taille de l'h\u00f4te (L\u00d7L\u00d7H)(mm)<\/td>\n<td class=\"et2\">6780\u00d73000\u00d73600<\/td>\n<td class=\"et2\">6880\u00d73800\u00d73600<\/td>\n<td class=\"et2\">8560\u00d73910\u00d74500<\/td>\n<td class=\"et2\">9260\u00d74120\u00d74850<\/td>\n<\/tr>\n<tr>\n<td class=\"et2\" height=\"18\">Poids total (kg)<\/td>\n<td class=\"et2\">Environ 6800<\/td>\n<td class=\"et2\">Environ 9100<\/td>\n<td class=\"et2\">Environ 18600<\/td>\n<td class=\"et2\">Environ 21300<\/td>\n<\/tr>\n<\/tbody>\n<\/table>\n<\/div>\n<p class=\"ds-markdown-paragraph\" data-immersive-translate-walked=\"8568c6e5-cd47-46f2-928d-6bdcbffb2f39\"><em data-immersive-translate-walked=\"8568c6e5-cd47-46f2-928d-6bdcbffb2f39\" data-immersive-translate-paragraph=\"1\">(Configurations personnalis\u00e9es disponibles sur demande).<\/em><\/p>\n<h3 data-immersive-translate-walked=\"8568c6e5-cd47-46f2-928d-6bdcbffb2f39\">Conclusion<\/h3>\n<p class=\"ds-markdown-paragraph\" data-immersive-translate-walked=\"8568c6e5-cd47-46f2-928d-6bdcbffb2f39\" data-immersive-translate-paragraph=\"1\">La presse \u00e0 balles horizontale pour plastique enti\u00e8rement automatique est une solution intelligente, efficace et fiable pour le compactage des d\u00e9chets plastiques. Gr\u00e2ce \u00e0 l'automatisation, \u00e0 la puissance de compression \u00e9lev\u00e9e et aux faibles co\u00fbts d'exploitation, c'est le choix id\u00e9al pour les entreprises qui cherchent \u00e0 optimiser les processus de recyclage et \u00e0 r\u00e9duire les d\u00e9penses li\u00e9es au traitement des d\u00e9chets.<\/p>","protected":false},"excerpt":{"rendered":"<p>Comprime efficacement le PET, le PEHD et d'autres d\u00e9chets plastiques, en r\u00e9alisant automatiquement l'ensemble du processus d'alimentation, de compression et de mise en paquets. Entra\u00eenement hydraulique, forte pression et densit\u00e9 d'emballage \u00e9lev\u00e9e, permettant d'\u00e9conomiser les co\u00fbts de stockage et de transport. Convient aux stations de recyclage et aux usines de traitement du plastique, am\u00e9liorant l'efficacit\u00e9 du traitement des d\u00e9chets de plus de 30%.<\/p>","protected":false},"featured_media":1959,"template":"","meta":{"site-sidebar-layout":"default","site-content-layout":"","ast-site-content-layout":"default","site-content-style":"default","site-sidebar-style":"default","ast-global-header-display":"","ast-banner-title-visibility":"","ast-main-header-display":"","ast-hfb-above-header-display":"","ast-hfb-below-header-display":"","ast-hfb-mobile-header-display":"","site-post-title":"","ast-breadcrumbs-content":"","ast-featured-img":"","footer-sml-layout":"","ast-disable-related-posts":"","theme-transparent-header-meta":"default","adv-header-id-meta":"","stick-header-meta":"","header-above-stick-meta":"","header-main-stick-meta":"","header-below-stick-meta":"","astra-migrate-meta-layouts":"set","ast-page-background-enabled":"default","ast-page-background-meta":{"desktop":{"background-color":"var(--ast-global-color-5)","background-image":"","background-repeat":"repeat","background-position":"center center","background-size":"auto","background-attachment":"scroll","background-type":"","background-media":"","overlay-type":"","overlay-color":"","overlay-opacity":"","overlay-gradient":""},"tablet":{"background-color":"","background-image":"","background-repeat":"repeat","background-position":"center center","background-size":"auto","background-attachment":"scroll","background-type":"","background-media":"","overlay-type":"","overlay-color":"","overlay-opacity":"","overlay-gradient":""},"mobile":{"background-color":"","background-image":"","background-repeat":"repeat","background-position":"center center","background-size":"auto","background-attachment":"scroll","background-type":"","background-media":"","overlay-type":"","overlay-color":"","overlay-opacity":"","overlay-gradient":""}},"ast-content-background-meta":{"desktop":{"background-color":"var(--ast-global-color-4)","background-image":"","background-repeat":"repeat","background-position":"center center","background-size":"auto","background-attachment":"scroll","background-type":"","background-media":"","overlay-type":"","overlay-color":"","overlay-opacity":"","overlay-gradient":""},"tablet":{"background-color":"var(--ast-global-color-4)","background-image":"","background-repeat":"repeat","background-position":"center center","background-size":"auto","background-attachment":"scroll","background-type":"","background-media":"","overlay-type":"","overlay-color":"","overlay-opacity":"","overlay-gradient":""},"mobile":{"background-color":"var(--ast-global-color-4)","background-image":"","background-repeat":"repeat","background-position":"center center","background-size":"auto","background-attachment":"scroll","background-type":"","background-media":"","overlay-type":"","overlay-color":"","overlay-opacity":"","overlay-gradient":""}}},"product_brand":[],"product_cat":[21,153],"product_tag":[],"class_list":{"0":"post-1969","1":"product","2":"type-product","3":"status-publish","4":"has-post-thumbnail","6":"product_cat-baling-machine","7":"product_cat-horizontal-baler","8":"desktop-align-left","9":"tablet-align-left","10":"mobile-align-left","12":"first","13":"instock","14":"shipping-taxable","15":"product-type-simple"},"_links":{"self":[{"href":"https:\/\/www.gigapa.com\/fr\/wp-json\/wp\/v2\/product\/1969","targetHints":{"allow":["GET"]}}],"collection":[{"href":"https:\/\/www.gigapa.com\/fr\/wp-json\/wp\/v2\/product"}],"about":[{"href":"https:\/\/www.gigapa.com\/fr\/wp-json\/wp\/v2\/types\/product"}],"version-history":[{"count":4,"href":"https:\/\/www.gigapa.com\/fr\/wp-json\/wp\/v2\/product\/1969\/revisions"}],"predecessor-version":[{"id":2386,"href":"https:\/\/www.gigapa.com\/fr\/wp-json\/wp\/v2\/product\/1969\/revisions\/2386"}],"wp:featuredmedia":[{"embeddable":true,"href":"https:\/\/www.gigapa.com\/fr\/wp-json\/wp\/v2\/media\/1959"}],"wp:attachment":[{"href":"https:\/\/www.gigapa.com\/fr\/wp-json\/wp\/v2\/media?parent=1969"}],"wp:term":[{"taxonomy":"product_brand","embeddable":true,"href":"https:\/\/www.gigapa.com\/fr\/wp-json\/wp\/v2\/product_brand?post=1969"},{"taxonomy":"product_cat","embeddable":true,"href":"https:\/\/www.gigapa.com\/fr\/wp-json\/wp\/v2\/product_cat?post=1969"},{"taxonomy":"product_tag","embeddable":true,"href":"https:\/\/www.gigapa.com\/fr\/wp-json\/wp\/v2\/product_tag?post=1969"}],"curies":[{"name":"wp","href":"https:\/\/api.w.org\/{rel}","templated":true}]}}