{"id":1971,"date":"2025-06-17T11:30:43","date_gmt":"2025-06-17T03:30:43","guid":{"rendered":"https:\/\/www.gigapa.com\/?post_type=product&#038;p=1971"},"modified":"2025-11-05T08:59:57","modified_gmt":"2025-11-05T00:59:57","slug":"fully-automatic-strapping-baler-iron-wire","status":"publish","type":"product","link":"https:\/\/www.gigapa.com\/fr\/product\/fully-automatic-strapping-baler-iron-wire\/","title":{"rendered":"Presse \u00e0 balles pour cerclage enti\u00e8rement automatique (fil de fer)"},"content":{"rendered":"<p data-start=\"226\" data-end=\"712\">La presse \u00e0 balles \u00e0 cerclage enti\u00e8rement automatique (fil de fer) est une machine de gestion des d\u00e9chets intelligente et robuste, con\u00e7ue pour rationaliser le processus de recyclage en comprimant de grands volumes de mat\u00e9riaux en balles denses et faciles \u00e0 manipuler, s\u00e9curis\u00e9es par un fil de fer durable. Con\u00e7ue pour des applications industrielles de haute performance, cette presse \u00e0 balles offre automatisation, rapidit\u00e9 et s\u00e9curit\u00e9, ce qui en fait une solution id\u00e9ale pour les centres modernes de traitement et de recyclage des d\u00e9chets, les centres logistiques et les usines de fabrication.<\/p>\n<p data-start=\"714\" data-end=\"1009\">Avec l'augmentation des volumes de d\u00e9chets dans tous les secteurs, les entreprises ont besoin de solutions efficaces et fiables pour g\u00e9rer et transporter les mat\u00e9riaux recyclables. Cette presse \u00e0 balles r\u00e9pond \u00e0 ce besoin en offrant un syst\u00e8me de mise en balles et de cerclage enti\u00e8rement automatis\u00e9, r\u00e9duisant consid\u00e9rablement les co\u00fbts de main-d'\u0153uvre et am\u00e9liorant l'efficacit\u00e9 op\u00e9rationnelle.<\/p>\n<h3 data-start=\"1016\" data-end=\"1038\">Caract\u00e9ristiques principales<\/h3>\n<p data-start=\"1040\" data-end=\"1077\"><strong>Fonctionnement enti\u00e8rement automatique<\/strong><\/p>\n<p data-start=\"1078\" data-end=\"1436\">De l'alimentation \u00e0 la compression, en passant par l'\u00e9jection des balles et le cerclage, tous les processus sont contr\u00f4l\u00e9s automatiquement par un syst\u00e8me PLC convivial. Les op\u00e9rateurs n'ont qu'\u00e0 r\u00e9gler les param\u00e8tres et \u00e0 surveiller les performances \u00e0 l'aide d'une interface \u00e0 \u00e9cran tactile, ce qui permet \u00e0 la presse de fonctionner avec un minimum d'intervention humaine. La presse fonctionne ainsi avec un minimum d'intervention humaine, ce qui garantit un rendement constant et augmente consid\u00e9rablement la productivit\u00e9.<\/p>\n<p data-start=\"1438\" data-end=\"1483\"><strong>Syst\u00e8me de cerclage solide en fil de fer<\/strong><\/p>\n<p data-start=\"1484\" data-end=\"1871\">Contrairement aux presses \u00e0 balles qui utilisent des sangles en plastique ou de la ficelle, ce mod\u00e8le utilise du fil de fer pour le cerclage, ce qui lui conf\u00e8re une solidit\u00e9 et une durabilit\u00e9 sup\u00e9rieures. Ceci est particuli\u00e8rement important pour les mat\u00e9riaux lourds et rigides tels que le carton, les cartons et le papier compress\u00e9. Le syst\u00e8me de liage automatique du fil de fer garantit que chaque balle est bien fix\u00e9e, stable pendant le transport et conforme aux exigences des installations de recyclage.<\/p>\n<p data-start=\"1873\" data-end=\"1908\"><strong>Construction robuste<\/strong><\/p>\n<p data-start=\"1909\" data-end=\"2245\">Construite en acier de haute qualit\u00e9 r\u00e9sistant \u00e0 l'usure, cette presse \u00e0 balles est con\u00e7ue pour une utilisation industrielle 24 heures sur 24 et 7 jours sur 7. Son ch\u00e2ssis renforc\u00e9, ses composants hydrauliques et ses rev\u00eatements r\u00e9sistants \u00e0 l'usure sont con\u00e7us pour r\u00e9sister \u00e0 un fonctionnement \u00e0 haute pression sans d\u00e9formation ni entretien fr\u00e9quent. Elle comprend \u00e9galement un puissant syst\u00e8me hydraulique pour un compactage puissant et rapide.<\/p>\n<p data-start=\"2247\" data-end=\"2281\"><strong>Un rendement constant des balles<\/strong><\/p>\n<p data-start=\"2282\" data-end=\"2558\">La machine produit des balles uniformes, de haute densit\u00e9, dont la longueur et le poids peuvent \u00eatre ajust\u00e9s en fonction du mat\u00e9riau et des besoins du client. Cette uniformit\u00e9 am\u00e9liore l'utilisation de l'espace lors du stockage et du transport, ce qui permet de r\u00e9duire les co\u00fbts logistiques et de mieux organiser le traitement des d\u00e9chets.<\/p>\n<p data-start=\"2560\" data-end=\"2588\"><strong>S\u00e9curit\u00e9 et contr\u00f4le<\/strong><\/p>\n<p data-start=\"2589\" data-end=\"2899\">La s\u00e9curit\u00e9 est une caract\u00e9ristique essentielle de cette presse \u00e0 balles. Les boutons d'arr\u00eat d'urgence, le verrouillage des portes, la protection contre les surcharges et les alarmes de d\u00e9faut sont int\u00e9gr\u00e9s pour assurer la s\u00e9curit\u00e9 de l'op\u00e9rateur et \u00e9viter les dommages \u00e0 la machine. Le panneau de commande intelligent affiche en temps r\u00e9el les donn\u00e9es de fonctionnement et les alertes du syst\u00e8me pour une r\u00e9ponse rapide et un fonctionnement en douceur.<\/p>\n<h3 data-start=\"4041\" data-end=\"4064\">Applications<\/h3>\n<p data-start=\"4066\" data-end=\"4171\">La presse \u00e0 balles pour cerclage enti\u00e8rement automatique (fil de fer) est largement utilis\u00e9e dans une vari\u00e9t\u00e9 d'industries, y compris :<\/p>\n<ul>\n<li data-start=\"4175\" data-end=\"4256\">Centres de recyclage - Pour comprimer les d\u00e9chets de papier, de carton et de papier m\u00e9lang\u00e9<\/li>\n<li data-start=\"4259\" data-end=\"4357\">Usines d'emballage et d'impression - G\u00e9rer les d\u00e9chets g\u00e9n\u00e9r\u00e9s par le rognage et les impressions d\u00e9fectueuses<\/li>\n<li data-start=\"4360\" data-end=\"4442\">Usines de papier - Pour la collecte et la mise en balles des d\u00e9chets de rognage des bords et des rouleaux de ferraille<\/li>\n<li data-start=\"4445\" data-end=\"4540\">Entrep\u00f4ts et centres de distribution - Pour compacter les cartons usag\u00e9s et les mat\u00e9riaux d'emballage<\/li>\n<li data-start=\"4543\" data-end=\"4639\">Installations de traitement des d\u00e9chets solides municipaux - Pour la manipulation de d\u00e9chets secs avant le transport ou l'incin\u00e9ration<\/li>\n<\/ul>\n<p data-start=\"4641\" data-end=\"4669\">Il est adapt\u00e9 \u00e0 la manipulation :<\/p>\n<ul>\n<li data-start=\"4673\" data-end=\"4703\">Vieilles bo\u00eetes en carton ondul\u00e9 (OCC)<\/li>\n<li data-start=\"4706\" data-end=\"4733\">D\u00e9chets de papier et de journaux<\/li>\n<li data-start=\"4736\" data-end=\"4759\">D\u00e9chets d'emballages en papier<\/li>\n<li data-start=\"4762\" data-end=\"4814\">D\u00e9chets textiles l\u00e9gers (avec configurations optionnelles)<\/li>\n<\/ul>\n<h3 data-start=\"4821\" data-end=\"4860\">Avantages pour votre entreprise<\/h3>\n<ul>\n<li data-start=\"4864\" data-end=\"4985\">R\u00e9duction de la d\u00e9pendance \u00e0 l'\u00e9gard de la main-d'\u0153uvre : L'automatisation compl\u00e8te r\u00e9duit les op\u00e9rations manuelles, augmentant ainsi le rendement avec moins de personnel.<\/li>\n<li data-start=\"4988\" data-end=\"5079\">R\u00e9duction des co\u00fbts de transport : Des balles plus denses signifient moins de trajets et plus de mat\u00e9riaux par chargement.<\/li>\n<li data-start=\"5082\" data-end=\"5189\">Am\u00e9lioration de l'efficacit\u00e9 du lieu de travail : Un stockage propre et compact am\u00e9liore l'organisation et la s\u00e9curit\u00e9 de l'ensemble de l'usine.<\/li>\n<li data-start=\"5192\" data-end=\"5298\">Qualit\u00e9 constante de la production : Des balles uniformes avec un cerclage solide r\u00e9duisent les pertes de mati\u00e8re lors de la manutention.<\/li>\n<li data-start=\"5301\" data-end=\"5400\">Durabilit\u00e9 et fiabilit\u00e9 : Construit pour durer dans des environnements industriels difficiles avec un minimum de temps d'arr\u00eat.<\/li>\n<\/ul>\n<h3 data-start=\"5849\" data-end=\"5870\">Conclusion<\/h3>\n<p data-start=\"5872\" data-end=\"6234\">La presse \u00e0 balles pour cerclage enti\u00e8rement automatique (fil de fer) n'est pas seulement une machine, c'est un investissement intelligent dans l'efficacit\u00e9, la durabilit\u00e9 et la r\u00e9duction des co\u00fbts. Con\u00e7ue pour r\u00e9pondre aux exigences industrielles, elle offre des performances robustes, un contr\u00f4le intelligent et une puissance de cerclage fiable, permettant \u00e0 votre entreprise de g\u00e9rer les mat\u00e9riaux recyclables plus efficacement que jamais.<\/p>\n<p data-start=\"6236\" data-end=\"6434\">Contactez-nous d\u00e8s aujourd'hui pour savoir comment cette presse \u00e0 balles peut s'int\u00e9grer dans votre processus de gestion ou de recyclage des d\u00e9chets. Des mod\u00e8les personnalis\u00e9s et des services OEM\/ODM sont disponibles pour les distributeurs internationaux et les entreprises clientes.<\/p>","protected":false},"excerpt":{"rendered":"<p>Cette presse \u00e0 balles enti\u00e8rement automatique est \u00e9quip\u00e9e d'un syst\u00e8me de cerclage en fil de fer, assurant une fixation robuste et fiable des balles pour les applications lourdes. Elle est id\u00e9ale pour comprimer le papier, le carton et d'autres mat\u00e9riaux recyclables dans des environnements \u00e0 volume \u00e9lev\u00e9. Elle offre une alimentation, un pressage et un cerclage horizontal automatiques, ce qui r\u00e9duit les co\u00fbts de main-d'\u0153uvre et am\u00e9liore l'efficacit\u00e9 du traitement. Sa structure durable et sa commande PLC intelligente lui permettent d'\u00eatre utilis\u00e9e 24 heures sur 24 et 7 jours sur 7 dans l'industrie.<\/p>","protected":false},"featured_media":1958,"template":"","meta":{"site-sidebar-layout":"default","site-content-layout":"","ast-site-content-layout":"default","site-content-style":"default","site-sidebar-style":"default","ast-global-header-display":"","ast-banner-title-visibility":"","ast-main-header-display":"","ast-hfb-above-header-display":"","ast-hfb-below-header-display":"","ast-hfb-mobile-header-display":"","site-post-title":"","ast-breadcrumbs-content":"","ast-featured-img":"","footer-sml-layout":"","ast-disable-related-posts":"","theme-transparent-header-meta":"default","adv-header-id-meta":"","stick-header-meta":"","header-above-stick-meta":"","header-main-stick-meta":"","header-below-stick-meta":"","astra-migrate-meta-layouts":"set","ast-page-background-enabled":"default","ast-page-background-meta":{"desktop":{"background-color":"var(--ast-global-color-5)","background-image":"","background-repeat":"repeat","background-position":"center center","background-size":"auto","background-attachment":"scroll","background-type":"","background-media":"","overlay-type":"","overlay-color":"","overlay-opacity":"","overlay-gradient":""},"tablet":{"background-color":"","background-image":"","background-repeat":"repeat","background-position":"center center","background-size":"auto","background-attachment":"scroll","background-type":"","background-media":"","overlay-type":"","overlay-color":"","overlay-opacity":"","overlay-gradient":""},"mobile":{"background-color":"","background-image":"","background-repeat":"repeat","background-position":"center center","background-size":"auto","background-attachment":"scroll","background-type":"","background-media":"","overlay-type":"","overlay-color":"","overlay-opacity":"","overlay-gradient":""}},"ast-content-background-meta":{"desktop":{"background-color":"var(--ast-global-color-4)","background-image":"","background-repeat":"repeat","background-position":"center center","background-size":"auto","background-attachment":"scroll","background-type":"","background-media":"","overlay-type":"","overlay-color":"","overlay-opacity":"","overlay-gradient":""},"tablet":{"background-color":"var(--ast-global-color-4)","background-image":"","background-repeat":"repeat","background-position":"center center","background-size":"auto","background-attachment":"scroll","background-type":"","background-media":"","overlay-type":"","overlay-color":"","overlay-opacity":"","overlay-gradient":""},"mobile":{"background-color":"var(--ast-global-color-4)","background-image":"","background-repeat":"repeat","background-position":"center center","background-size":"auto","background-attachment":"scroll","background-type":"","background-media":"","overlay-type":"","overlay-color":"","overlay-opacity":"","overlay-gradient":""}}},"product_brand":[],"product_cat":[21,153],"product_tag":[],"class_list":{"0":"post-1971","1":"product","2":"type-product","3":"status-publish","4":"has-post-thumbnail","6":"product_cat-baling-machine","7":"product_cat-horizontal-baler","8":"desktop-align-left","9":"tablet-align-left","10":"mobile-align-left","12":"first","13":"instock","14":"shipping-taxable","15":"product-type-simple"},"_links":{"self":[{"href":"https:\/\/www.gigapa.com\/fr\/wp-json\/wp\/v2\/product\/1971","targetHints":{"allow":["GET"]}}],"collection":[{"href":"https:\/\/www.gigapa.com\/fr\/wp-json\/wp\/v2\/product"}],"about":[{"href":"https:\/\/www.gigapa.com\/fr\/wp-json\/wp\/v2\/types\/product"}],"version-history":[{"count":4,"href":"https:\/\/www.gigapa.com\/fr\/wp-json\/wp\/v2\/product\/1971\/revisions"}],"predecessor-version":[{"id":2799,"href":"https:\/\/www.gigapa.com\/fr\/wp-json\/wp\/v2\/product\/1971\/revisions\/2799"}],"wp:featuredmedia":[{"embeddable":true,"href":"https:\/\/www.gigapa.com\/fr\/wp-json\/wp\/v2\/media\/1958"}],"wp:attachment":[{"href":"https:\/\/www.gigapa.com\/fr\/wp-json\/wp\/v2\/media?parent=1971"}],"wp:term":[{"taxonomy":"product_brand","embeddable":true,"href":"https:\/\/www.gigapa.com\/fr\/wp-json\/wp\/v2\/product_brand?post=1971"},{"taxonomy":"product_cat","embeddable":true,"href":"https:\/\/www.gigapa.com\/fr\/wp-json\/wp\/v2\/product_cat?post=1971"},{"taxonomy":"product_tag","embeddable":true,"href":"https:\/\/www.gigapa.com\/fr\/wp-json\/wp\/v2\/product_tag?post=1971"}],"curies":[{"name":"wp","href":"https:\/\/api.w.org\/{rel}","templated":true}]}}