{"id":1976,"date":"2025-06-19T09:49:20","date_gmt":"2025-06-19T01:49:20","guid":{"rendered":"https:\/\/www.gigapa.com\/?post_type=product&#038;p=1976"},"modified":"2025-11-05T08:49:04","modified_gmt":"2025-11-05T00:49:04","slug":"fully-auto-textile-horizontal-baler","status":"publish","type":"product","link":"https:\/\/www.gigapa.com\/fr\/product\/fully-auto-textile-horizontal-baler\/","title":{"rendered":"Presse \u00e0 balles horizontale semi-automatique pour textiles"},"content":{"rendered":"<p data-start=\"304\" data-end=\"670\">La presse \u00e0 balles horizontale semi-automatique pour textiles est une solution de mise en balles \u00e0 haut rendement con\u00e7ue sp\u00e9cifiquement pour l'industrie textile. Qu'il s'agisse de chutes de coton, de chutes de tissu, de d\u00e9chets de fil ou de mat\u00e9riaux non tiss\u00e9s, cette machine automatise l'ensemble du processus de mise en balles pour aider les entreprises \u00e0 maximiser leur productivit\u00e9, \u00e0 r\u00e9duire les co\u00fbts de main-d'\u0153uvre et \u00e0 am\u00e9liorer l'efficacit\u00e9 du stockage.<\/p>\n<h3 data-start=\"672\" data-end=\"722\">Qu'est-ce qu'une presse \u00e0 balles horizontale semi-automatique pour textiles ?<\/h3>\n<p data-start=\"724\" data-end=\"1184\">Une presse \u00e0 balles horizontale semi-automatique pour textiles est un type de compacteur de d\u00e9chets con\u00e7u pour comprimer les mat\u00e9riaux textiles en balles denses et maniables. Contrairement aux mod\u00e8les manuels ou semi-automatiques, cette presse \u00e0 balles est semi-automatique en ce qui concerne l'alimentation, la compression, le liage et l'\u00e9jection des balles. Sa conception horizontale la rend id\u00e9ale pour l'alimentation en continu et les op\u00e9rations \u00e0 haut volume, ce qui en fait un choix privil\u00e9gi\u00e9 pour les centres de recyclage textile, les usines de v\u00eatements et les usines de tissus.<\/p>\n<h3 data-start=\"1186\" data-end=\"1215\">Principales caract\u00e9ristiques et avantages<\/h3>\n<p data-start=\"1217\" data-end=\"1254\"><strong>1. Fonctionnement semi-automatique<\/strong><\/p>\n<p data-start=\"1255\" data-end=\"1481\">Gr\u00e2ce \u00e0 une commande PLC et \u00e0 des capteurs automatis\u00e9s, la machine ne n\u00e9cessite qu'une intervention manuelle minimale. Les processus d'alimentation, de compression et de liage sont r\u00e9alis\u00e9s automatiquement, ce qui garantit un fonctionnement continu et r\u00e9duit la d\u00e9pendance \u00e0 l'\u00e9gard de la main-d'\u0153uvre.<\/p>\n<p data-start=\"1483\" data-end=\"1527\"><strong>2. Traitement efficace des d\u00e9chets textiles<\/strong><\/p>\n<p data-start=\"1528\" data-end=\"1783\">Cette presse \u00e0 balles est con\u00e7ue pour traiter une grande vari\u00e9t\u00e9 de d\u00e9chets textiles, notamment le coton, la laine, le polyester, le feutre, le denim et d'autres fibres synth\u00e9tiques ou m\u00e9lang\u00e9es. Elle garantit une taille et un poids de balle constants, ce qui am\u00e9liore l'efficacit\u00e9 du chargement pour le stockage ou le transport.<\/p>\n<p data-start=\"1785\" data-end=\"1829\"><strong>3. D\u00e9bit et productivit\u00e9 \u00e9lev\u00e9s<\/strong><\/p>\n<p data-start=\"1830\" data-end=\"2076\">La presse \u00e0 balles horizontale semi-automatique pour textiles est con\u00e7ue pour les lignes de production de grande capacit\u00e9. Elle est dot\u00e9e d'une large tr\u00e9mie d'alimentation et d'un syst\u00e8me hydraulique puissant pour comprimer rapidement de grands volumes de d\u00e9chets, ce qui est id\u00e9al pour les installations de production textile \u00e0 grande \u00e9chelle.<\/p>\n<p data-start=\"2078\" data-end=\"2113\"><strong>4. Des balles peu encombrantes<\/strong><\/p>\n<p data-start=\"2114\" data-end=\"2319\">La machine comprime les d\u00e9chets textiles en vrac en balles compactes, ce qui r\u00e9duit consid\u00e9rablement l'espace de stockage. Les balles denses sont plus faciles \u00e0 empiler, \u00e0 transporter et \u00e0 recycler, ce qui rend la gestion de l'entrep\u00f4t plus efficace.<\/p>\n<p data-start=\"2321\" data-end=\"2368\"><strong>5. Structure durable et longue dur\u00e9e de vie<\/strong><\/p>\n<p data-start=\"2369\" data-end=\"2596\">Construite avec des ch\u00e2ssis en acier renforc\u00e9 et des composants r\u00e9sistants \u00e0 l'usure, cette presse \u00e0 balles est con\u00e7ue pour un fonctionnement \u00e0 long terme dans des environnements industriels exigeants. Son syst\u00e8me hydraulique robuste garantit des performances stables pendant des ann\u00e9es d'utilisation.<\/p>\n<p data-start=\"2598\" data-end=\"2629\"><strong>6. Conception personnalisable<\/strong><\/p>\n<p data-start=\"2630\" data-end=\"2853\">La machine peut \u00eatre personnalis\u00e9e en fonction de la taille et du type de d\u00e9chets textiles que vous traitez. La taille des balles, la force de pressage et la m\u00e9thode de liage (fil automatique ou cerclage plastique) peuvent toutes \u00eatre ajust\u00e9es pour r\u00e9pondre \u00e0 vos besoins op\u00e9rationnels.<\/p>\n<h3 data-start=\"2855\" data-end=\"2895\">Applications dans l'industrie textile<\/h3>\n<p data-start=\"2897\" data-end=\"2968\">La presse \u00e0 balles horizontale automatique pour les d\u00e9chets textiles est largement utilis\u00e9e :<\/p>\n<ul>\n<li data-start=\"2972\" data-end=\"3000\">Usines de fabrication de v\u00eatements<\/li>\n<li data-start=\"3003\" data-end=\"3031\">Installations de recyclage des textiles<\/li>\n<li data-start=\"3034\" data-end=\"3060\">Usines de filature et de tissage<\/li>\n<li data-start=\"3063\" data-end=\"3089\">Producteurs de tissus non tiss\u00e9s<\/li>\n<li data-start=\"3092\" data-end=\"3118\">Postes d'emballage en entrep\u00f4t<\/li>\n<\/ul>\n<p data-start=\"3120\" data-end=\"3254\">Il est particuli\u00e8rement efficace pour les entreprises qui cherchent \u00e0 r\u00e9duire leurs co\u00fbts op\u00e9rationnels tout en maintenant un syst\u00e8me de gestion des d\u00e9chets respectueux de l'environnement.<\/p>\n<h3 data-start=\"3256\" data-end=\"3311\">Pourquoi choisir notre presse \u00e0 balles horizontale semi-automatique pour textiles ?<\/h3>\n<ul>\n<li data-start=\"3315\" data-end=\"3369\">\u00c9conomie de main-d'\u0153uvre : R\u00e9duit la charge de travail manuel de plus de 80%.<\/li>\n<li data-start=\"3372\" data-end=\"3442\">Efficacit\u00e9 accrue : Jusqu'\u00e0 50% plus productives que les presses \u00e0 balles manuelles.<\/li>\n<li data-start=\"3445\" data-end=\"3543\">Qualit\u00e9 constante des balles : La taille uniforme des balles facilite le transport et le recyclage.<\/li>\n<li data-start=\"3546\" data-end=\"3649\">Entretien facile : La conception modulaire garantit un acc\u00e8s rapide aux composants pour l'inspection et la maintenance.<\/li>\n<li data-start=\"3652\" data-end=\"3743\">Respectueux de l'environnement : encourage le recyclage des textiles et contribue \u00e0 r\u00e9duire les d\u00e9chets dans les d\u00e9charges.<\/li>\n<\/ul>\n<h3 data-start=\"3745\" data-end=\"3778\">Assistance technique et service<\/h3>\n<p data-start=\"3780\" data-end=\"4066\">Nous fournissons un service apr\u00e8s-vente complet pour notre presse \u00e0 balles horizontale pour textiles, y compris des conseils d'installation, une formation des op\u00e9rateurs, des programmes d'entretien r\u00e9guliers et une garantie d'un an. Notre \u00e9quipe technique est disponible pour un d\u00e9pannage \u00e0 distance ou sur site en cas de besoin.<\/p>\n<h3 data-start=\"4068\" data-end=\"4086\">R\u00e9flexions finales<\/h3>\n<p data-start=\"4088\" data-end=\"4476\">La presse \u00e0 balles horizontale semi-automatique pour textiles est plus qu'une simple machine \u00e0 compacter les d\u00e9chets ; c'est un investissement intelligent qui contribue \u00e0 la r\u00e9duction des co\u00fbts, \u00e0 la rationalisation de la production et \u00e0 la gestion durable des d\u00e9chets textiles. Pour les fabricants et les recycleurs qui cherchent \u00e0 optimiser l'espace, \u00e0 am\u00e9liorer la s\u00e9curit\u00e9 et \u00e0 renforcer l'efficacit\u00e9 op\u00e9rationnelle, cette presse \u00e0 balles semi-automatique constitue une solution id\u00e9ale \u00e0 long terme.<\/p>\n<p data-start=\"4478\" data-end=\"4594\">Contactez-nous d\u00e8s aujourd'hui pour en savoir plus sur la fa\u00e7on dont la presse \u00e0 balles horizontale semi-automatique pour textiles peut profiter \u00e0 votre entreprise.<\/p>","protected":false},"excerpt":{"rendered":"<p>La presse \u00e0 balles horizontale semi-automatique pour textiles est con\u00e7ue pour une compression efficace des d\u00e9chets textiles, y compris les chutes de tissus, les v\u00eatements usag\u00e9s et les chutes de production. Gr\u00e2ce \u00e0 l'alimentation semi-automatique, au compactage, au cerclage et \u00e0 l'\u00e9jection des balles, elle r\u00e9duit consid\u00e9rablement la main-d'\u0153uvre tout en augmentant le rendement. Id\u00e9ale pour les ateliers de confection, les usines textiles et les installations de recyclage, cette machine cr\u00e9e des balles denses et uniformes, faciles \u00e0 manipuler et \u00e0 transporter. Con\u00e7ue pour fonctionner en continu, elle est dot\u00e9e d'un syst\u00e8me de commande PLC, d'une construction robuste en acier et de r\u00e9glages personnalisables pour s'adapter \u00e0 diff\u00e9rents types et volumes de mat\u00e9riaux. Une solution parfaite pour la gestion des d\u00e9chets textiles \u00e0 grande \u00e9chelle.<\/p>","protected":false},"featured_media":1956,"template":"","meta":{"site-sidebar-layout":"default","site-content-layout":"","ast-site-content-layout":"default","site-content-style":"default","site-sidebar-style":"default","ast-global-header-display":"","ast-banner-title-visibility":"","ast-main-header-display":"","ast-hfb-above-header-display":"","ast-hfb-below-header-display":"","ast-hfb-mobile-header-display":"","site-post-title":"","ast-breadcrumbs-content":"","ast-featured-img":"","footer-sml-layout":"","theme-transparent-header-meta":"default","adv-header-id-meta":"","stick-header-meta":"","header-above-stick-meta":"","header-main-stick-meta":"","header-below-stick-meta":"","astra-migrate-meta-layouts":"set","ast-page-background-enabled":"default","ast-page-background-meta":{"desktop":{"background-color":"var(--ast-global-color-5)","background-image":"","background-repeat":"repeat","background-position":"center center","background-size":"auto","background-attachment":"scroll","background-type":"","background-media":"","overlay-type":"","overlay-color":"","overlay-opacity":"","overlay-gradient":""},"tablet":{"background-color":"","background-image":"","background-repeat":"repeat","background-position":"center center","background-size":"auto","background-attachment":"scroll","background-type":"","background-media":"","overlay-type":"","overlay-color":"","overlay-opacity":"","overlay-gradient":""},"mobile":{"background-color":"","background-image":"","background-repeat":"repeat","background-position":"center center","background-size":"auto","background-attachment":"scroll","background-type":"","background-media":"","overlay-type":"","overlay-color":"","overlay-opacity":"","overlay-gradient":""}},"ast-content-background-meta":{"desktop":{"background-color":"var(--ast-global-color-4)","background-image":"","background-repeat":"repeat","background-position":"center center","background-size":"auto","background-attachment":"scroll","background-type":"","background-media":"","overlay-type":"","overlay-color":"","overlay-opacity":"","overlay-gradient":""},"tablet":{"background-color":"var(--ast-global-color-4)","background-image":"","background-repeat":"repeat","background-position":"center center","background-size":"auto","background-attachment":"scroll","background-type":"","background-media":"","overlay-type":"","overlay-color":"","overlay-opacity":"","overlay-gradient":""},"mobile":{"background-color":"var(--ast-global-color-4)","background-image":"","background-repeat":"repeat","background-position":"center center","background-size":"auto","background-attachment":"scroll","background-type":"","background-media":"","overlay-type":"","overlay-color":"","overlay-opacity":"","overlay-gradient":""}}},"product_brand":[],"product_cat":[21,153],"product_tag":[],"class_list":{"0":"post-1976","1":"product","2":"type-product","3":"status-publish","4":"has-post-thumbnail","6":"product_cat-baling-machine","7":"product_cat-horizontal-baler","8":"desktop-align-left","9":"tablet-align-left","10":"mobile-align-left","12":"first","13":"instock","14":"shipping-taxable","15":"product-type-simple"},"_links":{"self":[{"href":"https:\/\/www.gigapa.com\/fr\/wp-json\/wp\/v2\/product\/1976","targetHints":{"allow":["GET"]}}],"collection":[{"href":"https:\/\/www.gigapa.com\/fr\/wp-json\/wp\/v2\/product"}],"about":[{"href":"https:\/\/www.gigapa.com\/fr\/wp-json\/wp\/v2\/types\/product"}],"version-history":[{"count":4,"href":"https:\/\/www.gigapa.com\/fr\/wp-json\/wp\/v2\/product\/1976\/revisions"}],"predecessor-version":[{"id":2794,"href":"https:\/\/www.gigapa.com\/fr\/wp-json\/wp\/v2\/product\/1976\/revisions\/2794"}],"wp:featuredmedia":[{"embeddable":true,"href":"https:\/\/www.gigapa.com\/fr\/wp-json\/wp\/v2\/media\/1956"}],"wp:attachment":[{"href":"https:\/\/www.gigapa.com\/fr\/wp-json\/wp\/v2\/media?parent=1976"}],"wp:term":[{"taxonomy":"product_brand","embeddable":true,"href":"https:\/\/www.gigapa.com\/fr\/wp-json\/wp\/v2\/product_brand?post=1976"},{"taxonomy":"product_cat","embeddable":true,"href":"https:\/\/www.gigapa.com\/fr\/wp-json\/wp\/v2\/product_cat?post=1976"},{"taxonomy":"product_tag","embeddable":true,"href":"https:\/\/www.gigapa.com\/fr\/wp-json\/wp\/v2\/product_tag?post=1976"}],"curies":[{"name":"wp","href":"https:\/\/api.w.org\/{rel}","templated":true}]}}