{"id":1978,"date":"2025-06-17T11:48:05","date_gmt":"2025-06-17T03:48:05","guid":{"rendered":"https:\/\/www.gigapa.com\/?post_type=product&#038;p=1978"},"modified":"2026-03-16T14:51:49","modified_gmt":"2026-03-16T06:51:49","slug":"animal-bedding-shavings-machine","status":"publish","type":"product","link":"https:\/\/www.gigapa.com\/fr\/product\/animal-bedding-shavings-machine\/","title":{"rendered":"Machine \u00e0 copeaux pour liti\u00e8re d'animaux"},"content":{"rendered":"<p data-start=\"207\" data-end=\"684\" data-immersive-translate-walked=\"0e74255f-0271-4f05-bd9c-3cfa8dc97462\" data-immersive-translate-paragraph=\"1\">La machine \u00e0 copeaux pour liti\u00e8re animale est une unit\u00e9 sp\u00e9cialis\u00e9e dans la transformation du bois, con\u00e7ue pour convertir les grumes, les chutes de bois ou les blocs de bois en copeaux de bois doux, moelleux et homog\u00e8nes, id\u00e9aux pour la liti\u00e8re animale. Que vous travailliez dans le secteur de l'\u00e9levage, de la gestion d'installations \u00e9quines ou de la production de liti\u00e8re commerciale, cette machine garantit un approvisionnement fiable et hygi\u00e9nique en copeaux de haute qualit\u00e9, contribuant ainsi \u00e0 am\u00e9liorer le confort et la sant\u00e9 des animaux, ainsi que l'hygi\u00e8ne de la ferme.<\/p>\n<p data-start=\"686\" data-end=\"1012\" data-immersive-translate-walked=\"0e74255f-0271-4f05-bd9c-3cfa8dc97462\" data-immersive-translate-paragraph=\"1\">Avec la demande croissante de liti\u00e8re propre et absorbante pour les animaux, le besoin d'une production de copeaux automatis\u00e9e et de grande capacit\u00e9 n'a jamais \u00e9t\u00e9 aussi grand. Cette machine r\u00e9pond \u00e0 cette demande gr\u00e2ce \u00e0 une productivit\u00e9 sup\u00e9rieure, un rendement uniforme et une manipulation manuelle minimale, ce qui vous permet d'\u00e9conomiser de la main-d'\u0153uvre, de r\u00e9duire les co\u00fbts et d'assurer un approvisionnement r\u00e9gulier en liti\u00e8re.<\/p>\n<h3><strong>Fiche technique<\/strong><\/h3>\n<table>\n<tbody>\n<tr>\n<td width=\"73\"><strong><b>M<\/b><\/strong><strong><b>odel<\/b><\/strong><\/td>\n<td width=\"95\"><strong><b>T<\/b><\/strong><strong><b>e rendement total<\/b><\/strong><\/td>\n<td width=\"132\"><strong><b>F<\/b><\/strong><strong><b>Taille de l'ouverture<\/b><\/strong><\/td>\n<td width=\"97\"><strong><b>O<\/b><\/strong><strong><b>entr\u00e9e<\/b><\/strong><\/td>\n<td width=\"83\"><strong><b>W<\/b><\/strong><strong><b>huit<\/b><\/strong><\/td>\n<td width=\"139\"><strong><b>O<\/b><\/strong><strong><b>dimensions de l'utline<\/b><\/strong><\/td>\n<\/tr>\n<tr>\n<td width=\"73\"><strong><b>GSW-S105<\/b><\/strong><\/td>\n<td width=\"95\"><strong><b>11,5 kW<\/b><\/strong><\/td>\n<td width=\"132\"><b>100 * 50 cm<\/b><\/td>\n<td width=\"97\"><strong><b>150-200kg\/h<\/b><\/strong><\/td>\n<td width=\"83\"><b>1 100 kg<\/b><\/td>\n<td width=\"139\"><strong><b>320*100*140cm<\/b><\/strong><\/td>\n<\/tr>\n<tr>\n<td width=\"73\"><strong><b>GSW-T135<\/b><\/strong><\/td>\n<td width=\"95\"><strong><b>19kw<\/b><\/strong><\/td>\n<td width=\"132\"><strong><b>130*50cm<\/b><\/strong><\/td>\n<td width=\"97\"><strong><b>200-300kg\/h<\/b><\/strong><\/td>\n<td width=\"83\"><b>1 600 kg<\/b><\/td>\n<td width=\"139\"><strong><b>380*100*160cm<\/b><\/strong><\/td>\n<\/tr>\n<tr>\n<td width=\"73\"><strong><b>GSW-F145<\/b><\/strong><\/td>\n<td width=\"95\"><b>34,1 kW<\/b><\/td>\n<td width=\"132\"><strong><b>140*50cm<\/b><\/strong><\/td>\n<td width=\"97\"><strong><b>800-1000kg\/h<\/b><\/strong><\/td>\n<td width=\"83\"><b>2100 kg<\/b><\/td>\n<td width=\"139\"><strong><b>390*135*140cm<\/b><\/strong><\/td>\n<\/tr>\n<tr>\n<td width=\"73\"><strong><b>GCW-T146<\/b><\/strong><\/td>\n<td width=\"95\"><strong><b>21,1 kW<\/b><\/strong><\/td>\n<td width=\"132\"><strong><b>140*60cm<\/b><\/strong><\/td>\n<td width=\"97\"><strong><b>600-800kg\/h<\/b><\/strong><\/td>\n<td width=\"83\"><strong><b>2800kg<\/b><\/strong><\/td>\n<td width=\"139\"><strong><b>330*165*150cm<\/b><\/strong><\/td>\n<\/tr>\n<tr>\n<td width=\"73\"><strong><b>GCW-F146<\/b><\/strong><\/td>\n<td width=\"95\"><b>35,1 kW<\/b><\/td>\n<td width=\"132\"><strong><b>140*60cm<\/b><\/strong><\/td>\n<td width=\"97\"><strong><b>1200-1500kg\/h<\/b><\/strong><\/td>\n<td width=\"83\"><b>3300 kg<\/b><\/td>\n<td width=\"139\"><strong><b>380*165*155cm<\/b><\/strong><\/td>\n<\/tr>\n<tr>\n<td width=\"73\"><strong><b>GSW-F149<\/b><\/strong><\/td>\n<td width=\"95\"><b>53 kW<\/b><\/td>\n<td width=\"132\"><strong><b>140*90cm<\/b><\/strong><\/td>\n<td width=\"97\"><strong><b>1500-2000kg\/h<\/b><\/strong><\/td>\n<td width=\"83\"><b>5800 kg<\/b><\/td>\n<td width=\"139\"><strong><b>530*210*220cm<\/b><\/strong><\/td>\n<\/tr>\n<tr>\n<td width=\"73\"><strong><b>GSW-F209<\/b><\/strong><\/td>\n<td width=\"95\"><b>53 kW<\/b><\/td>\n<td width=\"132\"><strong><b>200*90cm<\/b><\/strong><\/td>\n<td width=\"97\"><strong><b>2000-2500kg\/h<\/b><\/strong><\/td>\n<td width=\"83\"><b>6600 kg<\/b><\/td>\n<td width=\"139\"><strong><b>560*210*220cm<\/b><\/strong><\/td>\n<\/tr>\n<tr>\n<td width=\"73\"><strong><b>GSW-B269<\/b><\/strong><\/td>\n<td width=\"95\"><b>99 kW<\/b><\/td>\n<td width=\"132\"><strong><b>260*90cm<\/b><\/strong><\/td>\n<td width=\"97\"><strong><b>3000kg\/h<\/b><\/strong><\/td>\n<td width=\"83\"><b>7000 kg<\/b><\/td>\n<td width=\"139\"><strong><b>660*210*240cm<\/b><\/strong><\/td>\n<\/tr>\n<tr>\n<td width=\"73\"><strong><b>GSW-E349<\/b><\/strong><\/td>\n<td width=\"95\"><b>100,5 kW<\/b><\/td>\n<td width=\"132\"><strong><b>340*90cm<\/b><\/strong><\/td>\n<td width=\"97\"><strong><b>4000kg\/h<\/b><\/strong><\/td>\n<td width=\"83\"><b>8500 kg<\/b><\/td>\n<td width=\"139\"><strong><b>810*210*240cm<\/b><\/strong><\/td>\n<\/tr>\n<\/tbody>\n<\/table>\n<h3 data-start=\"1019\" data-end=\"1035\" data-immersive-translate-walked=\"0e74255f-0271-4f05-bd9c-3cfa8dc97462\" data-immersive-translate-paragraph=\"1\">Caract\u00e9ristiques principales<\/h3>\n<p data-start=\"1037\" data-end=\"1389\" data-immersive-translate-walked=\"0e74255f-0271-4f05-bd9c-3cfa8dc97462\" data-immersive-translate-paragraph=\"1\">Rognage du bois \u00e0 haut rendement<br data-start=\"1069\" data-end=\"1072\" data-immersive-translate-walked=\"0e74255f-0271-4f05-bd9c-3cfa8dc97462\" \/>La machine est \u00e9quip\u00e9e d'une s\u00e9rie de lames tranchantes et durables mont\u00e9es sur un tambour rotatif. Au fur et \u00e0 mesure que le bois passe, les lames le d\u00e9coupent en copeaux fins et uniformes, sans g\u00e9n\u00e9rer de poussi\u00e8re ni d'\u00e9chardes. Ce processus pr\u00e9serve la douceur et la capacit\u00e9 d'absorption naturelles du bois, ce qui rend les copeaux obtenus id\u00e9aux pour la liti\u00e8re.<\/p>\n<p data-start=\"1391\" data-end=\"1706\" data-immersive-translate-walked=\"0e74255f-0271-4f05-bd9c-3cfa8dc97462\" data-immersive-translate-paragraph=\"1\">\u00c9paisseur de rasage r\u00e9glable<br data-start=\"1423\" data-end=\"1426\" data-immersive-translate-walked=\"0e74255f-0271-4f05-bd9c-3cfa8dc97462\" \/>Les op\u00e9rateurs peuvent facilement ajuster l'\u00e9paisseur des copeaux, g\u00e9n\u00e9ralement comprise entre 0,5 mm et 2 mm, en fonction du type d'animal et des pr\u00e9f\u00e9rences en mati\u00e8re de liti\u00e8re. Les copeaux minces sont id\u00e9aux pour la volaille et les petits animaux, tandis que les copeaux plus \u00e9pais et plus r\u00e9sistants sont pr\u00e9f\u00e9r\u00e9s pour les chevaux et les bovins.<\/p>\n<p data-start=\"1708\" data-end=\"2035\" data-immersive-translate-walked=\"0e74255f-0271-4f05-bd9c-3cfa8dc97462\" data-immersive-translate-paragraph=\"1\">Construction robuste pour une utilisation continue<br data-start=\"1750\" data-end=\"1753\" data-immersive-translate-walked=\"0e74255f-0271-4f05-bd9c-3cfa8dc97462\" \/>Construite avec un ch\u00e2ssis en acier robuste, des roulements de qualit\u00e9 industrielle et des composants r\u00e9sistants \u00e0 l'usure, la machine \u00e0 copeaux pour liti\u00e8re animale est con\u00e7ue pour fonctionner 24 heures sur 24, 7 jours sur 7, dans des environnements exigeants. Elle peut traiter diff\u00e9rents types de bois tendre et dur, tels que le pin, le peuplier, le sapin ou le bouleau.<\/p>\n<p data-start=\"2037\" data-end=\"2360\" data-immersive-translate-walked=\"0e74255f-0271-4f05-bd9c-3cfa8dc97462\" data-immersive-translate-paragraph=\"1\">Alimentation et sortie automatiques<br data-start=\"2069\" data-end=\"2072\" data-immersive-translate-walked=\"0e74255f-0271-4f05-bd9c-3cfa8dc97462\" \/>\u00c9quip\u00e9e d'un syst\u00e8me d'alimentation hydraulique ou par convoyeur, la machine fonctionne automatiquement pour une production r\u00e9guli\u00e8re. Les copeaux trait\u00e9s peuvent \u00eatre directement d\u00e9charg\u00e9s sur des convoyeurs ou dans des syst\u00e8mes d'emballage, ce qui r\u00e9duit la main-d'\u0153uvre et am\u00e9liore l'hygi\u00e8ne lors de la collecte et du transport.<\/p>\n<p data-start=\"2362\" data-end=\"2628\" data-immersive-translate-walked=\"0e74255f-0271-4f05-bd9c-3cfa8dc97462\" data-immersive-translate-paragraph=\"1\">Faible niveau sonore et caract\u00e9ristiques de s\u00e9curit\u00e9<br data-start=\"2395\" data-end=\"2398\" data-immersive-translate-walked=\"0e74255f-0271-4f05-bd9c-3cfa8dc97462\" \/>Malgr\u00e9 sa grande capacit\u00e9, la machine fonctionne avec un bruit et des vibrations relativement faibles. Les dispositifs de s\u00e9curit\u00e9 int\u00e9gr\u00e9s, tels que les interrupteurs d'arr\u00eat d'urgence, la protection contre les surcharges et les capots de protection, garantissent un fonctionnement s\u00fbr pour le personnel de l'usine.<\/p>\n<h3 data-start=\"3045\" data-end=\"3061\" data-immersive-translate-walked=\"0e74255f-0271-4f05-bd9c-3cfa8dc97462\" data-immersive-translate-paragraph=\"1\">Applications<\/h3>\n<p data-start=\"3063\" data-end=\"3117\" data-immersive-translate-walked=\"0e74255f-0271-4f05-bd9c-3cfa8dc97462\" data-immersive-translate-paragraph=\"1\">La machine \u00e0 copeaux pour liti\u00e8re d'animaux est largement utilis\u00e9e :<\/p>\n<ul>\n<li data-start=\"3121\" data-end=\"3207\" data-immersive-translate-walked=\"0e74255f-0271-4f05-bd9c-3cfa8dc97462\" data-immersive-translate-paragraph=\"1\">Exploitations avicoles - pour fournir une liti\u00e8re s\u00e8che et hygi\u00e9nique aux poulets, aux canards et aux dindes.<\/li>\n<li data-start=\"3210\" data-end=\"3292\" data-immersive-translate-walked=\"0e74255f-0271-4f05-bd9c-3cfa8dc97462\" data-immersive-translate-paragraph=\"1\">\u00c9curies - offrant une literie confortable et rembourr\u00e9e pour la sant\u00e9 \u00e9quine<\/li>\n<li data-start=\"3295\" data-end=\"3374\" data-immersive-translate-walked=\"0e74255f-0271-4f05-bd9c-3cfa8dc97462\" data-immersive-translate-paragraph=\"1\">Exploitations laiti\u00e8res et bovines - am\u00e9lioration de l'hygi\u00e8ne des mamelles et r\u00e9duction des odeurs d'ammoniac<\/li>\n<li data-start=\"3377\" data-end=\"3467\" data-immersive-translate-walked=\"0e74255f-0271-4f05-bd9c-3cfa8dc97462\" data-immersive-translate-paragraph=\"1\">\u00c9leveurs d'animaux de compagnie et zoos - pour une literie s\u00fbre et douce pour les petits animaux et les esp\u00e8ces exotiques<\/li>\n<li data-start=\"3470\" data-end=\"3559\" data-immersive-translate-walked=\"0e74255f-0271-4f05-bd9c-3cfa8dc97462\" data-immersive-translate-paragraph=\"1\">Fabricants de mat\u00e9riaux de literie - pour la production en vrac et l'emballage de copeaux en sac<\/li>\n<\/ul>\n<p data-start=\"3561\" data-end=\"3677\" data-immersive-translate-walked=\"0e74255f-0271-4f05-bd9c-3cfa8dc97462\" data-immersive-translate-paragraph=\"1\">Il convient \u00e9galement \u00e0 la production de liti\u00e8re pour les cliniques v\u00e9t\u00e9rinaires, les laboratoires et les refuges pour animaux.<\/p>\n<h3 data-start=\"3684\" data-end=\"3705\" data-immersive-translate-walked=\"0e74255f-0271-4f05-bd9c-3cfa8dc97462\" data-immersive-translate-paragraph=\"1\">Avantages pour les entreprises<\/h3>\n<ul>\n<li data-start=\"3709\" data-end=\"3819\" data-immersive-translate-walked=\"0e74255f-0271-4f05-bd9c-3cfa8dc97462\" data-immersive-translate-paragraph=\"1\">Qualit\u00e9 constante de la production - garantit des copeaux uniformes dans chaque lot, id\u00e9al pour les emballages de literie de marque.<\/li>\n<li data-start=\"3822\" data-end=\"3897\" data-immersive-translate-walked=\"0e74255f-0271-4f05-bd9c-3cfa8dc97462\" data-immersive-translate-paragraph=\"1\">R\u00e9duction des co\u00fbts - Conversion de bois bon march\u00e9 ou de d\u00e9chets en produits de grande valeur<\/li>\n<li data-start=\"3900\" data-end=\"3996\" data-immersive-translate-walked=\"0e74255f-0271-4f05-bd9c-3cfa8dc97462\" data-immersive-translate-paragraph=\"1\">Production hygi\u00e9nique - La liti\u00e8re d\u00e9poussi\u00e9r\u00e9e et r\u00e9sistante aux moisissures contribue \u00e0 pr\u00e9venir les infections animales.<\/li>\n<li data-start=\"3999\" data-end=\"4116\" data-immersive-translate-walked=\"0e74255f-0271-4f05-bd9c-3cfa8dc97462\" data-immersive-translate-paragraph=\"1\">Conception personnalisable - Disponible en diff\u00e9rentes tailles et capacit\u00e9s pour s'adapter aux petites exploitations ou aux grandes usines.<\/li>\n<li data-start=\"4119\" data-end=\"4242\" data-immersive-translate-walked=\"0e74255f-0271-4f05-bd9c-3cfa8dc97462\" data-immersive-translate-paragraph=\"1\">Respect de l'environnement - Encourage le recyclage des sous-produits du bois et r\u00e9duit la d\u00e9pendance \u00e0 l'\u00e9gard des mat\u00e9riaux de literie synth\u00e9tiques.<\/li>\n<\/ul>\n<h3 data-start=\"4249\" data-end=\"4263\" data-immersive-translate-walked=\"0e74255f-0271-4f05-bd9c-3cfa8dc97462\" data-immersive-translate-paragraph=\"1\">Conclusion<\/h3>\n<p data-start=\"4265\" data-end=\"4783\" data-immersive-translate-walked=\"0e74255f-0271-4f05-bd9c-3cfa8dc97462\" data-immersive-translate-paragraph=\"1\">La machine \u00e0 raser les liti\u00e8res pour animaux est indispensable \u00e0 toute entreprise ou exploitation agricole qui a besoin d'un approvisionnement r\u00e9gulier en liti\u00e8re propre, homog\u00e8ne et sans danger pour les animaux. Sa conception durable, son rendement \u00e9lev\u00e9 et la souplesse de son r\u00e9glage en font une solution fiable pour les petites exploitations comme pour la production commerciale \u00e0 grande \u00e9chelle. En automatisant le processus et en maintenant une qualit\u00e9 constante, cette machine am\u00e9liore non seulement le confort et l'hygi\u00e8ne de vos animaux, mais aussi votre efficacit\u00e9 op\u00e9rationnelle et votre rentabilit\u00e9.<\/p>","protected":false},"excerpt":{"rendered":"<p>La machine \u00e0 copeaux pour liti\u00e8re animale transforme les b\u00fbches et les d\u00e9chets de bois en copeaux doux et d\u00e9poussi\u00e9r\u00e9s pour les chevaux, la volaille et le b\u00e9tail. Elle offre une qualit\u00e9 constante, une \u00e9paisseur r\u00e9glable et un rendement \u00e9lev\u00e9, ce qui est id\u00e9al pour les fermes, les \u00e9curies et les fournisseurs de liti\u00e8re commerciale.<\/p>","protected":false},"featured_media":1955,"template":"","meta":{"site-sidebar-layout":"default","site-content-layout":"","ast-site-content-layout":"default","site-content-style":"default","site-sidebar-style":"default","ast-global-header-display":"","ast-banner-title-visibility":"","ast-main-header-display":"","ast-hfb-above-header-display":"","ast-hfb-below-header-display":"","ast-hfb-mobile-header-display":"","site-post-title":"","ast-breadcrumbs-content":"","ast-featured-img":"","footer-sml-layout":"","ast-disable-related-posts":"","theme-transparent-header-meta":"default","adv-header-id-meta":"","stick-header-meta":"","header-above-stick-meta":"","header-main-stick-meta":"","header-below-stick-meta":"","astra-migrate-meta-layouts":"set","ast-page-background-enabled":"default","ast-page-background-meta":{"desktop":{"background-color":"var(--ast-global-color-5)","background-image":"","background-repeat":"repeat","background-position":"center center","background-size":"auto","background-attachment":"scroll","background-type":"","background-media":"","overlay-type":"","overlay-color":"","overlay-opacity":"","overlay-gradient":""},"tablet":{"background-color":"","background-image":"","background-repeat":"repeat","background-position":"center center","background-size":"auto","background-attachment":"scroll","background-type":"","background-media":"","overlay-type":"","overlay-color":"","overlay-opacity":"","overlay-gradient":""},"mobile":{"background-color":"","background-image":"","background-repeat":"repeat","background-position":"center center","background-size":"auto","background-attachment":"scroll","background-type":"","background-media":"","overlay-type":"","overlay-color":"","overlay-opacity":"","overlay-gradient":""}},"ast-content-background-meta":{"desktop":{"background-color":"var(--ast-global-color-4)","background-image":"","background-repeat":"repeat","background-position":"center center","background-size":"auto","background-attachment":"scroll","background-type":"","background-media":"","overlay-type":"","overlay-color":"","overlay-opacity":"","overlay-gradient":""},"tablet":{"background-color":"var(--ast-global-color-4)","background-image":"","background-repeat":"repeat","background-position":"center center","background-size":"auto","background-attachment":"scroll","background-type":"","background-media":"","overlay-type":"","overlay-color":"","overlay-opacity":"","overlay-gradient":""},"mobile":{"background-color":"var(--ast-global-color-4)","background-image":"","background-repeat":"repeat","background-position":"center center","background-size":"auto","background-attachment":"scroll","background-type":"","background-media":"","overlay-type":"","overlay-color":"","overlay-opacity":"","overlay-gradient":""}}},"product_brand":[],"product_cat":[20,150],"product_tag":[],"class_list":{"0":"post-1978","1":"product","2":"type-product","3":"status-publish","4":"has-post-thumbnail","6":"product_cat-shredding-and-crushing-machine","7":"product_cat-wood-shavings-machine","8":"desktop-align-left","9":"tablet-align-left","10":"mobile-align-left","12":"first","13":"instock","14":"shipping-taxable","15":"product-type-simple"},"_links":{"self":[{"href":"https:\/\/www.gigapa.com\/fr\/wp-json\/wp\/v2\/product\/1978","targetHints":{"allow":["GET"]}}],"collection":[{"href":"https:\/\/www.gigapa.com\/fr\/wp-json\/wp\/v2\/product"}],"about":[{"href":"https:\/\/www.gigapa.com\/fr\/wp-json\/wp\/v2\/types\/product"}],"version-history":[{"count":6,"href":"https:\/\/www.gigapa.com\/fr\/wp-json\/wp\/v2\/product\/1978\/revisions"}],"predecessor-version":[{"id":2977,"href":"https:\/\/www.gigapa.com\/fr\/wp-json\/wp\/v2\/product\/1978\/revisions\/2977"}],"wp:featuredmedia":[{"embeddable":true,"href":"https:\/\/www.gigapa.com\/fr\/wp-json\/wp\/v2\/media\/1955"}],"wp:attachment":[{"href":"https:\/\/www.gigapa.com\/fr\/wp-json\/wp\/v2\/media?parent=1978"}],"wp:term":[{"taxonomy":"product_brand","embeddable":true,"href":"https:\/\/www.gigapa.com\/fr\/wp-json\/wp\/v2\/product_brand?post=1978"},{"taxonomy":"product_cat","embeddable":true,"href":"https:\/\/www.gigapa.com\/fr\/wp-json\/wp\/v2\/product_cat?post=1978"},{"taxonomy":"product_tag","embeddable":true,"href":"https:\/\/www.gigapa.com\/fr\/wp-json\/wp\/v2\/product_tag?post=1978"}],"curies":[{"name":"wp","href":"https:\/\/api.w.org\/{rel}","templated":true}]}}