{"id":1982,"date":"2025-06-19T09:32:27","date_gmt":"2025-06-19T01:32:27","guid":{"rendered":"https:\/\/www.gigapa.com\/?post_type=product&#038;p=1982"},"modified":"2026-05-08T17:31:35","modified_gmt":"2026-05-08T09:31:35","slug":"twin-shaft-e-waste-shredder","status":"publish","type":"product","link":"https:\/\/www.gigapa.com\/fr\/product\/twin-shaft-e-waste-shredder\/","title":{"rendered":"Broyeur de d\u00e9chets \u00e9lectroniques \u00e0 double arbre"},"content":{"rendered":"<p data-start=\"216\" data-end=\"746\">Le monde produisant plus de d\u00e9chets \u00e9lectroniques que jamais, l'\u00e9limination correcte des d\u00e9chets \u00e9lectroniques est devenue \u00e0 la fois une n\u00e9cessit\u00e9 environnementale et une exigence r\u00e9glementaire. Le broyeur de d\u00e9chets \u00e9lectroniques \u00e0 double arbre est sp\u00e9cialement con\u00e7u pour relever les d\u00e9fis du recyclage des produits \u00e9lectroniques de mani\u00e8re s\u00fbre et efficace. Que vous traitiez des circuits imprim\u00e9s, des c\u00e2bles, des disques durs ou des appareils m\u00e9nagers mis au rebut, ce puissant broyeur assure une r\u00e9duction coh\u00e9rente de la taille, la destruction des donn\u00e9es et la s\u00e9paration des mat\u00e9riaux, le tout dans une solution compacte.<\/p>\n<p data-start=\"748\" data-end=\"974\">Avec sa conception durable \u00e0 double arbre, ses performances \u00e0 faible vitesse et \u00e0 couple \u00e9lev\u00e9, et ses fonctions de s\u00e9curit\u00e9 avanc\u00e9es, cette machine est un choix id\u00e9al pour les installations de recyclage des d\u00e9chets \u00e9lectroniques, les fabricants d'appareils \u00e9lectroniques et les prestataires de services environnementaux.<\/p>\n<h3 data-start=\"981\" data-end=\"1026\">Qu'est-ce qu'un broyeur de d\u00e9chets \u00e9lectroniques \u00e0 double arbre ?<\/h3>\n<p data-start=\"1028\" data-end=\"1433\">Un broyeur de d\u00e9chets \u00e9lectroniques \u00e0 deux arbres est une machine de qualit\u00e9 industrielle \u00e9quip\u00e9e de deux arbres rotatifs dot\u00e9s de lames imbriqu\u00e9es. Ces arbres fonctionnent \u00e0 faible vitesse et fournissent un couple \u00e9lev\u00e9, ce qui leur permet de d\u00e9chirer, de cisailler et de broyer les d\u00e9chets \u00e9lectroniques en petits morceaux faciles \u00e0 g\u00e9rer. Contrairement aux broyeurs \u00e0 grande vitesse, cette conception \u00e0 faible vitesse r\u00e9duit la poussi\u00e8re et le bruit, minimise les risques d'incendie et prolonge la dur\u00e9e de vie de la machine.<\/p>\n<p data-start=\"1435\" data-end=\"1610\">Ce broyeur est id\u00e9al pour pr\u00e9traiter diff\u00e9rents types de d\u00e9chets \u00e9lectroniques en vue d'une s\u00e9paration et d'un recyclage ult\u00e9rieurs, tels que les m\u00e9taux, les plastiques et les pr\u00e9cieux composants de terres rares.<\/p>\n<h3 data-start=\"1617\" data-end=\"1671\">Caract\u00e9ristiques principales du broyeur de d\u00e9chets \u00e9lectroniques \u00e0 double arbre<\/h3>\n<p data-start=\"1673\" data-end=\"1715\"><strong>M\u00e9canisme \u00e0 double arbre tr\u00e8s robuste<\/strong><\/p>\n<p data-start=\"1716\" data-end=\"1961\">La machine comporte deux arbres contrarotatifs avec des lames en acier tremp\u00e9, capables de traiter des mat\u00e9riaux de d\u00e9chets \u00e9lectroniques rigides, mixtes ou composites. La configuration de l'arbre permet des actions de d\u00e9chirement et de traction efficaces, plut\u00f4t qu'une simple coupe.<\/p>\n<p data-start=\"1963\" data-end=\"1996\"><strong>Couple \u00e9lev\u00e9, faible vitesse<\/strong><\/p>\n<p data-start=\"1997\" data-end=\"2146\">Une faible vitesse de rotation combin\u00e9e \u00e0 un couple \u00e9lev\u00e9 permet au broyeur de d\u00e9composer les composants \u00e9lectroniques r\u00e9sistants sans surchauffe ni production excessive de poussi\u00e8re.<\/p>\n<p data-start=\"2148\" data-end=\"2185\"><strong>Syst\u00e8me de contr\u00f4le intelligent<\/strong><\/p>\n<p data-start=\"2186\" data-end=\"2409\">\u00c9quip\u00e9 d'un syst\u00e8me PLC (Programmable Logic Controller), le broyeur offre un d\u00e9marrage\/arr\u00eat automatique, une fonction d'inversion en cas de bourrage et une protection contre les surcharges. Il est facile \u00e0 utiliser, fiable et s\u00fbr.<\/p>\n<p data-start=\"2411\" data-end=\"2446\"><strong>S\u00e9curit\u00e9 et contr\u00f4le des poussi\u00e8res<\/strong><\/p>\n<p data-start=\"2447\" data-end=\"2627\">Con\u00e7u pour assurer la s\u00e9curit\u00e9 de l'op\u00e9rateur, le broyeur est dot\u00e9 d'une chambre ferm\u00e9e, de boutons d'arr\u00eat d'urgence et d'interfaces de d\u00e9poussi\u00e9rage en option pour minimiser les contaminants en suspension dans l'air.<\/p>\n<p data-start=\"2629\" data-end=\"2667\"><strong>Manutention polyvalente des mat\u00e9riaux<\/strong><\/p>\n<p data-start=\"2668\" data-end=\"2741\">Ce broyeur de d\u00e9chets \u00e9lectroniques peut traiter une grande vari\u00e9t\u00e9 de mat\u00e9riaux, notamment :<\/p>\n<ul>\n<li data-start=\"2745\" data-end=\"2776\">Cartes de circuits imprim\u00e9s (PCB)<\/li>\n<li data-start=\"2779\" data-end=\"2809\">C\u00e2bles \u00e9lectriques et c\u00e2blage<\/li>\n<li data-start=\"2812\" data-end=\"2839\">T\u00e9l\u00e9phones mobiles et tablettes<\/li>\n<li data-start=\"2842\" data-end=\"2872\">Disques durs et unit\u00e9s de m\u00e9moire<\/li>\n<li data-start=\"2875\" data-end=\"2903\">Petits appareils m\u00e9nagers<\/li>\n<li data-start=\"2906\" data-end=\"2935\">Coques et claviers d'ordinateurs portables<\/li>\n<li data-start=\"2938\" data-end=\"2968\">Ferraille \u00e9lectronique avec m\u00e9lange m\u00e9tal\/plastique<\/li>\n<\/ul>\n<h3 data-start=\"2975\" data-end=\"3031\">Avantages de l'utilisation du broyeur de d\u00e9chets \u00e9lectroniques \u00e0 double arbre<\/h3>\n<p data-start=\"3033\" data-end=\"3071\"><strong>Ventilation des mat\u00e9riaux efficaces<\/strong><\/p>\n<p data-start=\"3072\" data-end=\"3258\">La conception \u00e0 deux arbres garantit un broyage uniforme des d\u00e9chets \u00e9lectroniques, les pr\u00e9parant ainsi \u00e0 d'autres processus de s\u00e9paration m\u00e9canique ou manuelle. Le mat\u00e9riau broy\u00e9 est plus facile \u00e0 manipuler et \u00e0 trier.<\/p>\n<p data-start=\"3260\" data-end=\"3293\"><strong>Destruction s\u00e9curis\u00e9e des donn\u00e9es<\/strong><\/p>\n<p data-start=\"3294\" data-end=\"3449\">Pour les disques durs, les smartphones ou les dispositifs de stockage de donn\u00e9es, ce destructeur offre une destruction physique conforme aux normes mondiales en mati\u00e8re de s\u00e9curit\u00e9 et de confidentialit\u00e9 des donn\u00e9es.<\/p>\n<p data-start=\"3451\" data-end=\"3499\"><strong>Respect de l'environnement et de la r\u00e9glementation<\/strong><\/p>\n<p data-start=\"3500\" data-end=\"3651\">Un traitement ad\u00e9quat des d\u00e9chets \u00e9lectroniques r\u00e9duit l'impact n\u00e9gatif sur l'environnement et garantit la conformit\u00e9 avec les r\u00e9glementations telles que WEEE, RoHS et les lois locales sur les d\u00e9chets dangereux.<\/p>\n<p data-start=\"3653\" data-end=\"3700\"><strong>R\u00e9duction des co\u00fbts d'exploitation et de maintenance<\/strong><\/p>\n<p data-start=\"3701\" data-end=\"3854\">Gr\u00e2ce \u00e0 sa construction robuste et \u00e0 sa protection intelligente contre les surcharges, le broyeur minimise les temps d'arr\u00eat et prolonge la dur\u00e9e de vie des lames et des composants internes.<\/p>\n<p data-start=\"3856\" data-end=\"3893\"><strong>Personnalisable en fonction de vos besoins<\/strong><\/p>\n<p data-start=\"3894\" data-end=\"4083\">En fonction de votre application, la machine peut \u00eatre configur\u00e9e pour diff\u00e9rentes capacit\u00e9s de production, \u00e9paisseur de lame, taille de chambre et options d'\u00e9vacuation (convoyeur \u00e0 bande, convoyeur \u00e0 vis, etc.).<\/p>\n<h3 data-start=\"4090\" data-end=\"4149\">Applications dans les industries des d\u00e9chets \u00e9lectroniques et du recyclage<\/h3>\n<p data-start=\"4151\" data-end=\"4205\">Le broyeur de d\u00e9chets \u00e9lectroniques \u00e0 double arbre est largement utilis\u00e9 :<\/p>\n<ul>\n<li data-start=\"4209\" data-end=\"4235\">Installations de recyclage des d\u00e9chets \u00e9lectroniques<\/li>\n<li data-start=\"4238\" data-end=\"4276\">Installations de fabrication de produits \u00e9lectroniques<\/li>\n<li data-start=\"4279\" data-end=\"4314\">Services de mise au rebut des actifs informatiques (ITAD)<\/li>\n<li data-start=\"4317\" data-end=\"4350\">Traitement des d\u00e9chets solides municipaux<\/li>\n<li data-start=\"4353\" data-end=\"4414\">Transformateurs de d\u00e9chets d'\u00e9quipements \u00e9lectriques et \u00e9lectroniques (DEEE)<\/li>\n<li data-start=\"4417\" data-end=\"4453\">Centres de r\u00e9novation et de recyclage<\/li>\n<\/ul>\n<p data-start=\"4455\" data-end=\"4547\">Qu'il s'agisse de petits appareils \u00e9lectroniques ou de dispositifs composites complexes, ce broyeur les traite tous avec facilit\u00e9.<\/p>\n<h3 data-start=\"4554\" data-end=\"4598\">Construit pour durer : qualit\u00e9 et durabilit\u00e9<\/h3>\n<p data-start=\"4600\" data-end=\"4748\">Nous fabriquons nos broyeurs avec une ing\u00e9nierie de pr\u00e9cision et des mat\u00e9riaux de haute qualit\u00e9 pour garantir des performances durables. Les principales caract\u00e9ristiques de qualit\u00e9 sont les suivantes<\/p>\n<ul>\n<li data-start=\"4752\" data-end=\"4785\">Lames en acier alli\u00e9 trait\u00e9 thermiquement<\/li>\n<li data-start=\"4788\" data-end=\"4812\">Cadre en acier renforc\u00e9<\/li>\n<li data-start=\"4815\" data-end=\"4841\">Base amortissant les vibrations<\/li>\n<li data-start=\"4844\" data-end=\"4893\">Bo\u00eetes de vitesses et moteurs robustes de grandes marques<\/li>\n<li data-start=\"4896\" data-end=\"4929\">Production certifi\u00e9e CE et ISO<\/li>\n<\/ul>\n<p data-start=\"4931\" data-end=\"5055\">Chaque machine est soumise \u00e0 des tests de qualit\u00e9 rigoureux avant d'\u00eatre livr\u00e9e, afin de s'assurer qu'elle r\u00e9pond aux attentes en mati\u00e8re de s\u00e9curit\u00e9 et de performance.<\/p>\n<h3>Soutien et services apr\u00e8s-vente<\/h3>\n<p data-start=\"5103\" data-end=\"5201\">Lorsque vous achetez le broyeur de d\u00e9chets \u00e9lectroniques Twin Shaft, vous b\u00e9n\u00e9ficiez de l'appui d'une \u00e9quipe d\u00e9vou\u00e9e :<\/p>\n<ul>\n<li data-start=\"5205\" data-end=\"5246\">Conseils pour l'installation et la mise en service<\/li>\n<li data-start=\"5249\" data-end=\"5288\">Formation des op\u00e9rateurs et didacticiels vid\u00e9o<\/li>\n<li data-start=\"5291\" data-end=\"5318\">Livraison rapide des pi\u00e8ces d\u00e9tach\u00e9es<\/li>\n<li data-start=\"5321\" data-end=\"5345\">Assistance technique 24 heures sur 24, 7 jours sur 7<\/li>\n<li data-start=\"5348\" data-end=\"5379\">Planification du calendrier de maintenance<\/li>\n<li data-start=\"5382\" data-end=\"5408\">Conseil en personnalisation<\/li>\n<\/ul>\n<h3 data-start=\"5415\" data-end=\"5432\">Conclusion<\/h3>\n<p data-start=\"5434\" data-end=\"5800\">\u00c0 une \u00e9poque o\u00f9 les d\u00e9chets \u00e9lectroniques connaissent une croissance exponentielle, investir dans le broyeur de d\u00e9chets \u00e9lectroniques \u00e0 double arbre est un choix intelligent et avant-gardiste pour les entreprises et les op\u00e9rations de recyclage. Avec sa construction robuste, ses capacit\u00e9s polyvalentes et sa conception respectueuse de l'environnement, il constitue une solution efficace, s\u00fbre et \u00e9volutive pour relever les d\u00e9fis modernes en mati\u00e8re de d\u00e9chets \u00e9lectroniques.<\/p>\n<p data-start=\"5802\" data-end=\"5985\">Si vous cherchez \u00e0 r\u00e9duire l'impact sur l'environnement, \u00e0 vous conformer aux r\u00e9glementations et \u00e0 r\u00e9cup\u00e9rer des mat\u00e9riaux pr\u00e9cieux \u00e0 partir de d\u00e9chets \u00e9lectroniques, ce broyeur est la solution que vous attendiez.<\/p>","protected":false},"excerpt":{"rendered":"<p>Le broyeur de d\u00e9chets \u00e9lectroniques \u00e0 double arbre est con\u00e7u pour traiter efficacement et en toute s\u00e9curit\u00e9 les d\u00e9chets \u00e9lectroniques. Il traite facilement les circuits imprim\u00e9s, les fils, les disques durs et les petits appareils, les r\u00e9duisant en morceaux faciles \u00e0 manipuler en vue d'un recyclage ult\u00e9rieur. Gr\u00e2ce \u00e0 son couple \u00e9lev\u00e9, \u00e0 son fonctionnement \u00e0 faible vitesse et \u00e0 ses couteaux en acier robustes, il assure un broyage pr\u00e9cis tout en minimisant la poussi\u00e8re et le bruit. Id\u00e9al pour les centres de recyclage et les fabricants d'appareils \u00e9lectroniques, ce broyeur contribue \u00e0 une gestion \u00e9cologique des d\u00e9chets, am\u00e9liore la r\u00e9cup\u00e9ration des mat\u00e9riaux et est conforme aux r\u00e9glementations sur les d\u00e9chets \u00e9lectroniques. Sa conception durable et sa protection intelligente contre les surcharges garantissent des performances stables dans les environnements exigeants.<\/p>","protected":false},"featured_media":1953,"template":"","meta":{"site-sidebar-layout":"default","site-content-layout":"","ast-site-content-layout":"default","site-content-style":"default","site-sidebar-style":"default","ast-global-header-display":"","ast-banner-title-visibility":"","ast-main-header-display":"","ast-hfb-above-header-display":"","ast-hfb-below-header-display":"","ast-hfb-mobile-header-display":"","site-post-title":"","ast-breadcrumbs-content":"","ast-featured-img":"","footer-sml-layout":"","ast-disable-related-posts":"","theme-transparent-header-meta":"default","adv-header-id-meta":"","stick-header-meta":"","header-above-stick-meta":"","header-main-stick-meta":"","header-below-stick-meta":"","astra-migrate-meta-layouts":"set","ast-page-background-enabled":"default","ast-page-background-meta":{"desktop":{"background-color":"var(--ast-global-color-5)","background-image":"","background-repeat":"repeat","background-position":"center center","background-size":"auto","background-attachment":"scroll","background-type":"","background-media":"","overlay-type":"","overlay-color":"","overlay-opacity":"","overlay-gradient":""},"tablet":{"background-color":"","background-image":"","background-repeat":"repeat","background-position":"center center","background-size":"auto","background-attachment":"scroll","background-type":"","background-media":"","overlay-type":"","overlay-color":"","overlay-opacity":"","overlay-gradient":""},"mobile":{"background-color":"","background-image":"","background-repeat":"repeat","background-position":"center center","background-size":"auto","background-attachment":"scroll","background-type":"","background-media":"","overlay-type":"","overlay-color":"","overlay-opacity":"","overlay-gradient":""}},"ast-content-background-meta":{"desktop":{"background-color":"var(--ast-global-color-4)","background-image":"","background-repeat":"repeat","background-position":"center center","background-size":"auto","background-attachment":"scroll","background-type":"","background-media":"","overlay-type":"","overlay-color":"","overlay-opacity":"","overlay-gradient":""},"tablet":{"background-color":"var(--ast-global-color-4)","background-image":"","background-repeat":"repeat","background-position":"center center","background-size":"auto","background-attachment":"scroll","background-type":"","background-media":"","overlay-type":"","overlay-color":"","overlay-opacity":"","overlay-gradient":""},"mobile":{"background-color":"var(--ast-global-color-4)","background-image":"","background-repeat":"repeat","background-position":"center center","background-size":"auto","background-attachment":"scroll","background-type":"","background-media":"","overlay-type":"","overlay-color":"","overlay-opacity":"","overlay-gradient":""}}},"product_brand":[],"product_cat":[20,149],"product_tag":[213,214,207,211,205,210,212,209,204,208],"class_list":{"0":"post-1982","1":"product","2":"type-product","3":"status-publish","4":"has-post-thumbnail","6":"product_cat-shredding-and-crushing-machine","7":"product_cat-double-shaft-shredder","8":"product_tag-circuit-board-shredder","9":"product_tag-computer-scrap-shredder","10":"product_tag-double-shaft-e-waste-shredder","11":"product_tag-e-waste-recycling-machine","12":"product_tag-e-waste-shredder-machine","13":"product_tag-electronic-scrap-shredder","14":"product_tag-industrial-e-waste-shredder","15":"product_tag-pcb-shredder-machine","16":"product_tag-twin-shaft-e-waste-shredder","17":"product_tag-twin-shaft-shredder-for-electronics","18":"desktop-align-left","19":"tablet-align-left","20":"mobile-align-left","22":"first","23":"instock","24":"shipping-taxable","25":"product-type-simple"},"_links":{"self":[{"href":"https:\/\/www.gigapa.com\/fr\/wp-json\/wp\/v2\/product\/1982","targetHints":{"allow":["GET"]}}],"collection":[{"href":"https:\/\/www.gigapa.com\/fr\/wp-json\/wp\/v2\/product"}],"about":[{"href":"https:\/\/www.gigapa.com\/fr\/wp-json\/wp\/v2\/types\/product"}],"version-history":[{"count":3,"href":"https:\/\/www.gigapa.com\/fr\/wp-json\/wp\/v2\/product\/1982\/revisions"}],"predecessor-version":[{"id":2979,"href":"https:\/\/www.gigapa.com\/fr\/wp-json\/wp\/v2\/product\/1982\/revisions\/2979"}],"wp:featuredmedia":[{"embeddable":true,"href":"https:\/\/www.gigapa.com\/fr\/wp-json\/wp\/v2\/media\/1953"}],"wp:attachment":[{"href":"https:\/\/www.gigapa.com\/fr\/wp-json\/wp\/v2\/media?parent=1982"}],"wp:term":[{"taxonomy":"product_brand","embeddable":true,"href":"https:\/\/www.gigapa.com\/fr\/wp-json\/wp\/v2\/product_brand?post=1982"},{"taxonomy":"product_cat","embeddable":true,"href":"https:\/\/www.gigapa.com\/fr\/wp-json\/wp\/v2\/product_cat?post=1982"},{"taxonomy":"product_tag","embeddable":true,"href":"https:\/\/www.gigapa.com\/fr\/wp-json\/wp\/v2\/product_tag?post=1982"}],"curies":[{"name":"wp","href":"https:\/\/api.w.org\/{rel}","templated":true}]}}