{"id":1984,"date":"2025-06-19T09:22:04","date_gmt":"2025-06-19T01:22:04","guid":{"rendered":"https:\/\/www.gigapa.com\/?post_type=product&#038;p=1984"},"modified":"2025-10-13T09:15:17","modified_gmt":"2025-10-13T01:15:17","slug":"heavy-duty-twin-shaft-shredder","status":"publish","type":"product","link":"https:\/\/www.gigapa.com\/fr\/product\/heavy-duty-twin-shaft-shredder\/","title":{"rendered":"D\u00e9chiqueteur \u00e0 double arbre \u00e0 usage intensif"},"content":{"rendered":"<p data-start=\"243\" data-end=\"712\" data-immersive-translate-walked=\"f13ecb9b-f395-4d73-8ba2-14988f63f557\" data-immersive-translate-paragraph=\"1\">Une r\u00e9duction efficace et fiable des d\u00e9chets est un aspect essentiel des op\u00e9rations industrielles modernes. Le broyeur robuste \u00e0 deux arbres est con\u00e7u pour s'attaquer aux t\u00e2ches de broyage les plus exigeantes dans un large \u00e9ventail d'industries. Qu'il s'agisse de d\u00e9chets encombrants, de d\u00e9bris de construction, de f\u00fbts m\u00e9talliques, de caoutchouc, de bois, de d\u00e9chets \u00e9lectroniques ou m\u00eame de mati\u00e8res dangereuses, ce broyeur \u00e0 deux arbres est con\u00e7u pour offrir un couple \u00e9lev\u00e9, une vitesse r\u00e9duite et des performances puissantes, jour apr\u00e8s jour.<\/p>\n<p data-start=\"714\" data-end=\"1053\" data-immersive-translate-walked=\"f13ecb9b-f395-4d73-8ba2-14988f63f557\" data-immersive-translate-paragraph=\"1\">Con\u00e7u pour un fonctionnement continu \u00e0 grande \u00e9chelle, ce syst\u00e8me de broyage robuste transforme les mat\u00e9riaux complexes et surdimensionn\u00e9s en morceaux g\u00e9rables et uniformes, adapt\u00e9s au recyclage, \u00e0 l'incin\u00e9ration ou \u00e0 l'\u00e9limination. Si votre \u00e9tablissement a besoin d'un traitement des d\u00e9chets de grande capacit\u00e9 avec un minimum de temps d'arr\u00eat, le broyeur robuste \u00e0 deux arbres est la solution id\u00e9ale.<\/p>\n<h3 data-start=\"1060\" data-end=\"1108\" data-immersive-translate-walked=\"f13ecb9b-f395-4d73-8ba2-14988f63f557\">Qu'est-ce qu'un broyeur \u00e0 deux arbres pour usage intensif ?<\/h3>\n<p data-start=\"1110\" data-end=\"1508\" data-immersive-translate-walked=\"f13ecb9b-f395-4d73-8ba2-14988f63f557\" data-immersive-translate-paragraph=\"1\">Un broyeur \u00e0 deux arbres est une machine de qualit\u00e9 industrielle qui utilise deux arbres parall\u00e8les \u00e9quip\u00e9s de lames contrarotatives. Ces lames saisissent, d\u00e9chirent et cisaillent les mat\u00e9riaux en petits morceaux en utilisant un couple plut\u00f4t qu'une coupe \u00e0 grande vitesse. Contrairement aux broyeurs \u00e0 arbre unique, les syst\u00e8mes \u00e0 double arbre sont id\u00e9aux pour le broyage grossier de mat\u00e9riaux trop volumineux, trop durs ou trop contamin\u00e9s pour \u00eatre trait\u00e9s plus finement.<\/p>\n<p data-start=\"1510\" data-end=\"1711\" data-immersive-translate-walked=\"f13ecb9b-f395-4d73-8ba2-14988f63f557\" data-immersive-translate-paragraph=\"1\">Ce mod\u00e8le particuli\u00e8rement robuste est dot\u00e9 d'un bo\u00eetier en acier renforc\u00e9, de couteaux en alliage durci et d'un syst\u00e8me de contr\u00f4le intelligent, ce qui le rend parfaitement adapt\u00e9 aux applications les plus agressives.<\/p>\n<h3 data-start=\"1718\" data-end=\"1776\" data-immersive-translate-walked=\"f13ecb9b-f395-4d73-8ba2-14988f63f557\">Principales caract\u00e9ristiques du broyeur \u00e0 deux arbres ultra-robuste<\/h3>\n<p data-start=\"1778\" data-end=\"1821\" data-immersive-translate-walked=\"f13ecb9b-f395-4d73-8ba2-14988f63f557\" data-immersive-translate-paragraph=\"1\"><strong>Couple \u00e9lev\u00e9, fonctionnement \u00e0 faible vitesse<\/strong><\/p>\n<p data-start=\"1822\" data-end=\"2044\" data-immersive-translate-walked=\"f13ecb9b-f395-4d73-8ba2-14988f63f557\" data-immersive-translate-paragraph=\"1\">Le broyeur fonctionne \u00e0 des vitesses de rotation faibles mais d\u00e9livre un couple \u00e9lev\u00e9. Cette conception garantit l'efficacit\u00e9 \u00e9nerg\u00e9tique, un fonctionnement silencieux et une r\u00e9duction de la production de poussi\u00e8re et de chaleur, tout en d\u00e9chiquetant facilement les d\u00e9chets durs ou volumineux.<\/p>\n<p data-start=\"2046\" data-end=\"2094\" data-immersive-translate-walked=\"f13ecb9b-f395-4d73-8ba2-14988f63f557\" data-immersive-translate-paragraph=\"1\"><strong>Construction robuste pour une utilisation \u00e0 long terme<\/strong><\/p>\n<p data-start=\"2095\" data-end=\"2279\" data-immersive-translate-walked=\"f13ecb9b-f395-4d73-8ba2-14988f63f557\" data-immersive-translate-paragraph=\"1\">L'ensemble du cadre est fabriqu\u00e9 en acier soud\u00e9 tr\u00e8s r\u00e9sistant, renforc\u00e9 par des tampons anti-vibration et des panneaux de protection. Il est con\u00e7u pour r\u00e9sister \u00e0 la d\u00e9formation et \u00e0 l'usure dans les environnements soumis \u00e0 de fortes contraintes.<\/p>\n<p data-start=\"2281\" data-end=\"2322\" data-immersive-translate-walked=\"f13ecb9b-f395-4d73-8ba2-14988f63f557\" data-immersive-translate-paragraph=\"1\"><strong>Lames de coupe r\u00e9sistantes \u00e0 l'usure<\/strong><\/p>\n<p data-start=\"2323\" data-end=\"2535\" data-immersive-translate-walked=\"f13ecb9b-f395-4d73-8ba2-14988f63f557\" data-immersive-translate-paragraph=\"1\">Chaque arbre est garni de couteaux rempla\u00e7ables en acier alli\u00e9 de haute qualit\u00e9, trait\u00e9s thermiquement pour une r\u00e9sistance \u00e0 l'usure et une longue dur\u00e9e de vie. Diff\u00e9rentes configurations de fraises sont disponibles en fonction du type de mat\u00e9riau.<\/p>\n<p data-start=\"2537\" data-end=\"2574\" data-immersive-translate-walked=\"f13ecb9b-f395-4d73-8ba2-14988f63f557\" data-immersive-translate-paragraph=\"1\"><strong>Syst\u00e8me de contr\u00f4le intelligent (PLC)<\/strong><\/p>\n<p data-start=\"2575\" data-end=\"2794\" data-immersive-translate-walked=\"f13ecb9b-f395-4d73-8ba2-14988f63f557\" data-immersive-translate-paragraph=\"1\">Un syst\u00e8me de commande PLC int\u00e9gr\u00e9 permet le d\u00e9marrage\/arr\u00eat automatique, l'inversion de la rotation en cas de surcharge et l'arr\u00eat d'urgence. Le syst\u00e8me surveille \u00e9galement le couple de la lame, la vitesse et la temp\u00e9rature du moteur en temps r\u00e9el.<\/p>\n<p data-start=\"2796\" data-end=\"2841\" data-immersive-translate-walked=\"f13ecb9b-f395-4d73-8ba2-14988f63f557\" data-immersive-translate-paragraph=\"1\"><strong>Taille et d\u00e9bit personnalisables<\/strong><\/p>\n<p data-start=\"2842\" data-end=\"2989\" data-immersive-translate-walked=\"f13ecb9b-f395-4d73-8ba2-14988f63f557\" data-immersive-translate-paragraph=\"1\">En fonction de vos besoins en mati\u00e8re de capacit\u00e9 de broyage, la machine peut \u00eatre personnalis\u00e9e au niveau de la puissance du moteur, de la longueur de l'arbre, de l'\u00e9paisseur des couteaux et de la taille de la chambre.<\/p>\n<p data-start=\"2991\" data-end=\"3025\" data-immersive-translate-walked=\"f13ecb9b-f395-4d73-8ba2-14988f63f557\" data-immersive-translate-paragraph=\"1\"><strong>Protection contre l'inversion automatique<\/strong><\/p>\n<p data-start=\"3026\" data-end=\"3198\" data-immersive-translate-walked=\"f13ecb9b-f395-4d73-8ba2-14988f63f557\" data-immersive-translate-paragraph=\"1\">Pour \u00e9viter les bourrages, le broyeur inverse automatiquement le sens de l'arbre lorsqu'il d\u00e9tecte un blocage de mat\u00e9riau, puis reprend son fonctionnement normal une fois le mat\u00e9riau d\u00e9gag\u00e9.<\/p>\n<h3 data-start=\"3205\" data-end=\"3262\" data-immersive-translate-walked=\"f13ecb9b-f395-4d73-8ba2-14988f63f557\">Avantages de l'utilisation d'un broyeur \u00e0 double arbre robuste<\/h3>\n<p data-start=\"3264\" data-end=\"3303\" data-immersive-translate-walked=\"f13ecb9b-f395-4d73-8ba2-14988f63f557\" data-immersive-translate-paragraph=\"1\"><strong>1. Polyvalence des mat\u00e9riaux<\/strong><\/p>\n<p data-start=\"3304\" data-end=\"3513\" data-immersive-translate-walked=\"f13ecb9b-f395-4d73-8ba2-14988f63f557\" data-immersive-translate-paragraph=\"1\">Des barils en plastique aux pneus de voiture, en passant par la ferraille d'aluminium et m\u00eame les d\u00e9chets \u00e9lectroniques, ce broyeur peut traiter un large \u00e9ventail de mat\u00e9riaux difficiles \u00e0 traiter. C'est une solution tout-en-un pour les flux de d\u00e9chets complexes.<\/p>\n<p data-start=\"3515\" data-end=\"3558\" data-immersive-translate-walked=\"f13ecb9b-f395-4d73-8ba2-14988f63f557\" data-immersive-translate-paragraph=\"1\"><strong>2. Efficacit\u00e9 op\u00e9rationnelle accrue<\/strong><\/p>\n<p data-start=\"3559\" data-end=\"3750\" data-immersive-translate-walked=\"f13ecb9b-f395-4d73-8ba2-14988f63f557\" data-immersive-translate-paragraph=\"1\">La grande capacit\u00e9 et la capacit\u00e9 d'alimentation continue contribuent \u00e0 accro\u00eetre la productivit\u00e9 globale. Avec un minimum de supervision, les op\u00e9rateurs peuvent se concentrer sur d'autres t\u00e2ches pendant que le broyeur fonctionne en arri\u00e8re-plan.<\/p>\n<p data-start=\"3752\" data-end=\"3793\" data-immersive-translate-walked=\"f13ecb9b-f395-4d73-8ba2-14988f63f557\" data-immersive-translate-paragraph=\"1\"><strong>3. Am\u00e9lioration de la s\u00e9curit\u00e9 et de la conformit\u00e9<\/strong><\/p>\n<p data-start=\"3794\" data-end=\"3972\" data-immersive-translate-walked=\"f13ecb9b-f395-4d73-8ba2-14988f63f557\" data-immersive-translate-paragraph=\"1\">En r\u00e9duisant la taille des d\u00e9chets, la machine contribue \u00e0 assurer la conformit\u00e9 avec les r\u00e9glementations locales et internationales en mati\u00e8re de traitement des d\u00e9chets, tout en minimisant les risques d'incendie et de contamination.<\/p>\n<p data-start=\"3974\" data-end=\"4025\" data-immersive-translate-walked=\"f13ecb9b-f395-4d73-8ba2-14988f63f557\" data-immersive-translate-paragraph=\"1\"><strong>4. Soutien au recyclage et \u00e0 la valorisation des d\u00e9chets<\/strong><\/p>\n<p data-start=\"4026\" data-end=\"4218\" data-immersive-translate-walked=\"f13ecb9b-f395-4d73-8ba2-14988f63f557\" data-immersive-translate-paragraph=\"1\">Le produit broy\u00e9 est parfait pour un traitement ult\u00e9rieur, qu'il s'agisse de tri, d'incin\u00e9ration ou de recyclage direct, ce qui aide les entreprises \u00e0 minimiser l'utilisation des d\u00e9charges et \u00e0 r\u00e9cup\u00e9rer des mat\u00e9riaux secondaires pr\u00e9cieux.<\/p>\n<p data-start=\"4220\" data-end=\"4254\" data-immersive-translate-walked=\"f13ecb9b-f395-4d73-8ba2-14988f63f557\" data-immersive-translate-paragraph=\"1\"><strong>5. R\u00e9duction des co\u00fbts de maintenance<\/strong><\/p>\n<p data-start=\"4255\" data-end=\"4414\" data-immersive-translate-walked=\"f13ecb9b-f395-4d73-8ba2-14988f63f557\" data-immersive-translate-paragraph=\"1\">Gr\u00e2ce \u00e0 sa construction robuste et \u00e0 sa protection automatique contre les surcharges, les temps d'arr\u00eat sont r\u00e9duits au minimum. La conception modulaire des pi\u00e8ces permet \u00e9galement un remplacement rapide des composants d'usure.<\/p>\n<h3 data-start=\"4421\" data-end=\"4467\" data-immersive-translate-walked=\"f13ecb9b-f395-4d73-8ba2-14988f63f557\">Applications typiques et types de mat\u00e9riaux<\/h3>\n<p data-start=\"4469\" data-end=\"4551\" data-immersive-translate-walked=\"f13ecb9b-f395-4d73-8ba2-14988f63f557\" data-immersive-translate-paragraph=\"1\">Le broyeur \u00e0 double arbre est largement utilis\u00e9 dans les industries suivantes :<\/p>\n<ul>\n<li data-start=\"4555\" data-end=\"4635\" data-immersive-translate-walked=\"f13ecb9b-f395-4d73-8ba2-14988f63f557\" data-immersive-translate-paragraph=\"1\">Traitement des d\u00e9chets municipaux - Ordures m\u00e9nag\u00e8res, d\u00e9chets organiques, objets encombrants<\/li>\n<li data-start=\"4638\" data-end=\"4712\" data-immersive-translate-walked=\"f13ecb9b-f395-4d73-8ba2-14988f63f557\" data-immersive-translate-paragraph=\"1\">Construction et d\u00e9molition - Bois, morceaux de b\u00e9ton, panneaux d'isolation<\/li>\n<li data-start=\"4715\" data-end=\"4789\" data-immersive-translate-walked=\"f13ecb9b-f395-4d73-8ba2-14988f63f557\" data-immersive-translate-paragraph=\"1\">Recyclage de la ferraille - T\u00f4les d'aluminium, f\u00fbts d'acier, copeaux de m\u00e9tal<\/li>\n<li data-start=\"4792\" data-end=\"4856\" data-immersive-translate-walked=\"f13ecb9b-f395-4d73-8ba2-14988f63f557\" data-immersive-translate-paragraph=\"1\">Industrie du plastique - R\u00e9cipients en plastique, tuyaux, pi\u00e8ces moul\u00e9es<\/li>\n<li data-start=\"4859\" data-end=\"4922\" data-immersive-translate-walked=\"f13ecb9b-f395-4d73-8ba2-14988f63f557\" data-immersive-translate-paragraph=\"1\">Caoutchouc et pneus - Pneus de voiture, bandes transporteuses, feuilles de caoutchouc<\/li>\n<li data-start=\"4925\" data-end=\"4992\" data-immersive-translate-walked=\"f13ecb9b-f395-4d73-8ba2-14988f63f557\" data-immersive-translate-paragraph=\"1\">Gestion des d\u00e9chets \u00e9lectroniques - circuits imprim\u00e9s, c\u00e2bles, petits appareils<\/li>\n<li data-start=\"4995\" data-end=\"5065\" data-immersive-translate-walked=\"f13ecb9b-f395-4d73-8ba2-14988f63f557\" data-immersive-translate-paragraph=\"1\">Broyage de textiles et de tissus - D\u00e9chets de v\u00eatements, textiles industriels<\/li>\n<li data-start=\"5068\" data-end=\"5135\" data-immersive-translate-walked=\"f13ecb9b-f395-4d73-8ba2-14988f63f557\" data-immersive-translate-paragraph=\"1\">D\u00e9chets agricoles - Biomasse, coques de noix de coco, d\u00e9chets de canne \u00e0 sucre<\/li>\n<\/ul>\n<p data-start=\"5137\" data-end=\"5236\" data-immersive-translate-walked=\"f13ecb9b-f395-4d73-8ba2-14988f63f557\" data-immersive-translate-paragraph=\"1\">Quel que soit votre secteur, si votre mat\u00e9riau est difficile, enchev\u00eatr\u00e9 ou surdimensionn\u00e9, cette machine peut le traiter.<\/p>\n<h3 data-start=\"5243\" data-end=\"5271\" data-immersive-translate-walked=\"f13ecb9b-f395-4d73-8ba2-14988f63f557\">Options de personnalisation<\/h3>\n<p data-start=\"5273\" data-end=\"5369\" data-immersive-translate-walked=\"f13ecb9b-f395-4d73-8ba2-14988f63f557\" data-immersive-translate-paragraph=\"1\">Nous comprenons que chaque application est diff\u00e9rente. C'est pourquoi nous proposons de nombreuses fonctionnalit\u00e9s personnalis\u00e9es :<\/p>\n<ul>\n<li data-start=\"5373\" data-end=\"5411\" data-immersive-translate-walked=\"f13ecb9b-f395-4d73-8ba2-14988f63f557\" data-immersive-translate-paragraph=\"1\">Options de puissance du moteur (30kW \u00e0 200kW+)<\/li>\n<li data-start=\"5414\" data-end=\"5463\" data-immersive-translate-walked=\"f13ecb9b-f395-4d73-8ba2-14988f63f557\" data-immersive-translate-paragraph=\"1\">Epaisseur de coupe (15mm-100mm) et type de mat\u00e9riau<\/li>\n<li data-start=\"5466\" data-end=\"5512\" data-immersive-translate-walked=\"f13ecb9b-f395-4d73-8ba2-14988f63f557\" data-immersive-translate-paragraph=\"1\">Dimensions de la chambre adapt\u00e9es \u00e0 la taille du mat\u00e9riau<\/li>\n<li data-start=\"5515\" data-end=\"5544\" data-immersive-translate-walked=\"f13ecb9b-f395-4d73-8ba2-14988f63f557\" data-immersive-translate-paragraph=\"1\">Int\u00e9gration du convoyeur de sortie<\/li>\n<li data-start=\"5547\" data-end=\"5574\" data-immersive-translate-walked=\"f13ecb9b-f395-4d73-8ba2-14988f63f557\" data-immersive-translate-paragraph=\"1\">Interface de d\u00e9poussi\u00e9rage<\/li>\n<li data-start=\"5577\" data-end=\"5624\" data-immersive-translate-walked=\"f13ecb9b-f395-4d73-8ba2-14988f63f557\" data-immersive-translate-paragraph=\"1\">Surveillance \u00e0 distance et syst\u00e8mes d'alerte automatis\u00e9s<\/li>\n<\/ul>\n<p data-start=\"5626\" data-end=\"5738\" data-immersive-translate-walked=\"f13ecb9b-f395-4d73-8ba2-14988f63f557\" data-immersive-translate-paragraph=\"1\">Nos ing\u00e9nieurs travaillent avec vous pour cr\u00e9er la configuration adapt\u00e9e \u00e0 votre type de d\u00e9chets, \u00e0 leur volume et \u00e0 vos objectifs de traitement.<\/p>\n<hr data-start=\"5740\" data-end=\"5743\" data-immersive-translate-walked=\"f13ecb9b-f395-4d73-8ba2-14988f63f557\" \/>\n<h3 data-start=\"5745\" data-end=\"5788\" data-immersive-translate-walked=\"f13ecb9b-f395-4d73-8ba2-14988f63f557\">Certifications et assurance qualit\u00e9<\/h3>\n<p data-start=\"5790\" data-end=\"5855\" data-immersive-translate-walked=\"f13ecb9b-f395-4d73-8ba2-14988f63f557\" data-immersive-translate-paragraph=\"1\">Nos machines sont construites pour r\u00e9pondre aux normes internationales les plus strictes :<\/p>\n<ul>\n<li data-start=\"5859\" data-end=\"5873\" data-immersive-translate-walked=\"f13ecb9b-f395-4d73-8ba2-14988f63f557\" data-immersive-translate-paragraph=\"1\">Certifi\u00e9 CE<\/li>\n<li data-start=\"5876\" data-end=\"5896\" data-immersive-translate-walked=\"f13ecb9b-f395-4d73-8ba2-14988f63f557\" data-immersive-translate-paragraph=\"1\">Conforme \u00e0 la norme ISO 9001<\/li>\n<li data-start=\"5899\" data-end=\"5931\" data-immersive-translate-walked=\"f13ecb9b-f395-4d73-8ba2-14988f63f557\" data-immersive-translate-paragraph=\"1\">Test\u00e9 en usine avant exp\u00e9dition<\/li>\n<li data-start=\"5934\" data-end=\"5979\" data-immersive-translate-walked=\"f13ecb9b-f395-4d73-8ba2-14988f63f557\" data-immersive-translate-paragraph=\"1\">Comprend des rapports d'inspection et des vid\u00e9os d'essai<\/li>\n<\/ul>\n<p data-start=\"5981\" data-end=\"6105\" data-immersive-translate-walked=\"f13ecb9b-f395-4d73-8ba2-14988f63f557\" data-immersive-translate-paragraph=\"1\">Nous n'utilisons que des composants de qualit\u00e9 industrielle provenant de marques mondiales r\u00e9put\u00e9es (Siemens, SKF, etc.) afin de garantir la fiabilit\u00e9 et les performances.<\/p>\n<h3 data-start=\"6112\" data-end=\"6160\" data-immersive-translate-walked=\"f13ecb9b-f395-4d73-8ba2-14988f63f557\">Service apr\u00e8s-vente et assistance technique<\/h3>\n<p data-start=\"6162\" data-end=\"6220\" data-immersive-translate-walked=\"f13ecb9b-f395-4d73-8ba2-14988f63f557\" data-immersive-translate-paragraph=\"1\">Votre investissement est prot\u00e9g\u00e9 par notre solide syst\u00e8me de soutien :<\/p>\n<ul>\n<li data-start=\"6224\" data-end=\"6280\" data-immersive-translate-walked=\"f13ecb9b-f395-4d73-8ba2-14988f63f557\" data-immersive-translate-paragraph=\"1\">Assistance professionnelle \u00e0 l'installation (sur place ou \u00e0 distance)<\/li>\n<li data-start=\"6283\" data-end=\"6331\" data-immersive-translate-walked=\"f13ecb9b-f395-4d73-8ba2-14988f63f557\" data-immersive-translate-paragraph=\"1\">Formation de l'op\u00e9rateur et instructions de maintenance<\/li>\n<li data-start=\"6334\" data-end=\"6378\" data-immersive-translate-walked=\"f13ecb9b-f395-4d73-8ba2-14988f63f557\" data-immersive-translate-paragraph=\"1\">Disponibilit\u00e9 des pi\u00e8ces d\u00e9tach\u00e9es et livraison rapide<\/li>\n<li data-start=\"6381\" data-end=\"6435\" data-immersive-translate-walked=\"f13ecb9b-f395-4d73-8ba2-14988f63f557\" data-immersive-translate-paragraph=\"1\">Ligne d'assistance client\u00e8le 24\/7 et d\u00e9pannage vid\u00e9o<\/li>\n<li data-start=\"6438\" data-end=\"6490\" data-immersive-translate-walked=\"f13ecb9b-f395-4d73-8ba2-14988f63f557\" data-immersive-translate-paragraph=\"1\">Contrats de service \u00e0 long terme pour les clients industriels<\/li>\n<\/ul>\n<h3 data-start=\"6497\" data-end=\"6514\" data-immersive-translate-walked=\"f13ecb9b-f395-4d73-8ba2-14988f63f557\">Conclusion<\/h3>\n<p data-start=\"6516\" data-end=\"6837\" data-immersive-translate-walked=\"f13ecb9b-f395-4d73-8ba2-14988f63f557\" data-immersive-translate-paragraph=\"1\">Le broyeur robuste \u00e0 deux arbres n'est pas un broyeur industriel comme les autres : c'est un partenaire fiable pour la r\u00e9duction des d\u00e9chets, la r\u00e9cup\u00e9ration des ressources et la responsabilit\u00e9 environnementale. Sa puissance, ses fonctions d'automatisation et la polyvalence de ses applications en font un outil id\u00e9al pour les entreprises qui traitent des d\u00e9chets volumineux ou difficiles.<\/p>\n<p data-start=\"6839\" data-end=\"7010\" data-immersive-translate-walked=\"f13ecb9b-f395-4d73-8ba2-14988f63f557\" data-immersive-translate-paragraph=\"1\">Que vous exploitiez une installation de traitement des d\u00e9chets municipaux, une usine de recyclage ou une cha\u00eene de fabrication, ce broyeur offre la force et l'intelligence dont votre entreprise a besoin.<\/p>","protected":false},"excerpt":{"rendered":"<p>Ce broyeur robuste \u00e0 deux arbres est con\u00e7u pour des applications industrielles extr\u00eames. Il est \u00e9quip\u00e9 de deux moteurs de 30 \u00e0 200 kW qui traitent sans effort les m\u00e9taux, les pneus et les d\u00e9chets \u00e9lectroniques avec un d\u00e9bit de 50 \u00e0 100 tonnes par heure. Ses lames en acier tremp\u00e9 offrent une dur\u00e9e de vie trois fois sup\u00e9rieure \u00e0 celle des broyeurs standard, tandis que les tailles de tamis personnalisables garantissent un classement pr\u00e9cis de la production. Le syst\u00e8me comprend une protection contre les surcharges, une inversion automatique et des alertes de lubrification pour un fonctionnement ininterrompu. Parfaite pour les usines de recyclage des m\u00e9taux, les installations de traitement des pneus et les lignes de d\u00e9mant\u00e8lement des d\u00e9chets \u00e9lectroniques, cette machine certifi\u00e9e CE et ISO offre une durabilit\u00e9 maximale avec un minimum d'entretien.<\/p>","protected":false},"featured_media":2147,"template":"","meta":{"site-sidebar-layout":"default","site-content-layout":"","ast-site-content-layout":"default","site-content-style":"default","site-sidebar-style":"default","ast-global-header-display":"","ast-banner-title-visibility":"","ast-main-header-display":"","ast-hfb-above-header-display":"","ast-hfb-below-header-display":"","ast-hfb-mobile-header-display":"","site-post-title":"","ast-breadcrumbs-content":"","ast-featured-img":"","footer-sml-layout":"","ast-disable-related-posts":"","theme-transparent-header-meta":"default","adv-header-id-meta":"","stick-header-meta":"","header-above-stick-meta":"","header-main-stick-meta":"","header-below-stick-meta":"","astra-migrate-meta-layouts":"set","ast-page-background-enabled":"default","ast-page-background-meta":{"desktop":{"background-color":"var(--ast-global-color-5)","background-image":"","background-repeat":"repeat","background-position":"center center","background-size":"auto","background-attachment":"scroll","background-type":"","background-media":"","overlay-type":"","overlay-color":"","overlay-opacity":"","overlay-gradient":""},"tablet":{"background-color":"","background-image":"","background-repeat":"repeat","background-position":"center center","background-size":"auto","background-attachment":"scroll","background-type":"","background-media":"","overlay-type":"","overlay-color":"","overlay-opacity":"","overlay-gradient":""},"mobile":{"background-color":"","background-image":"","background-repeat":"repeat","background-position":"center center","background-size":"auto","background-attachment":"scroll","background-type":"","background-media":"","overlay-type":"","overlay-color":"","overlay-opacity":"","overlay-gradient":""}},"ast-content-background-meta":{"desktop":{"background-color":"var(--ast-global-color-4)","background-image":"","background-repeat":"repeat","background-position":"center center","background-size":"auto","background-attachment":"scroll","background-type":"","background-media":"","overlay-type":"","overlay-color":"","overlay-opacity":"","overlay-gradient":""},"tablet":{"background-color":"var(--ast-global-color-4)","background-image":"","background-repeat":"repeat","background-position":"center center","background-size":"auto","background-attachment":"scroll","background-type":"","background-media":"","overlay-type":"","overlay-color":"","overlay-opacity":"","overlay-gradient":""},"mobile":{"background-color":"var(--ast-global-color-4)","background-image":"","background-repeat":"repeat","background-position":"center center","background-size":"auto","background-attachment":"scroll","background-type":"","background-media":"","overlay-type":"","overlay-color":"","overlay-opacity":"","overlay-gradient":""}}},"product_brand":[],"product_cat":[20,149],"product_tag":[],"class_list":{"0":"post-1984","1":"product","2":"type-product","3":"status-publish","4":"has-post-thumbnail","6":"product_cat-shredding-and-crushing-machine","7":"product_cat-double-shaft-shredder","8":"desktop-align-left","9":"tablet-align-left","10":"mobile-align-left","12":"first","13":"instock","14":"shipping-taxable","15":"product-type-simple"},"_links":{"self":[{"href":"https:\/\/www.gigapa.com\/fr\/wp-json\/wp\/v2\/product\/1984","targetHints":{"allow":["GET"]}}],"collection":[{"href":"https:\/\/www.gigapa.com\/fr\/wp-json\/wp\/v2\/product"}],"about":[{"href":"https:\/\/www.gigapa.com\/fr\/wp-json\/wp\/v2\/types\/product"}],"version-history":[{"count":3,"href":"https:\/\/www.gigapa.com\/fr\/wp-json\/wp\/v2\/product\/1984\/revisions"}],"predecessor-version":[{"id":2148,"href":"https:\/\/www.gigapa.com\/fr\/wp-json\/wp\/v2\/product\/1984\/revisions\/2148"}],"wp:featuredmedia":[{"embeddable":true,"href":"https:\/\/www.gigapa.com\/fr\/wp-json\/wp\/v2\/media\/2147"}],"wp:attachment":[{"href":"https:\/\/www.gigapa.com\/fr\/wp-json\/wp\/v2\/media?parent=1984"}],"wp:term":[{"taxonomy":"product_brand","embeddable":true,"href":"https:\/\/www.gigapa.com\/fr\/wp-json\/wp\/v2\/product_brand?post=1984"},{"taxonomy":"product_cat","embeddable":true,"href":"https:\/\/www.gigapa.com\/fr\/wp-json\/wp\/v2\/product_cat?post=1984"},{"taxonomy":"product_tag","embeddable":true,"href":"https:\/\/www.gigapa.com\/fr\/wp-json\/wp\/v2\/product_tag?post=1984"}],"curies":[{"name":"wp","href":"https:\/\/api.w.org\/{rel}","templated":true}]}}