{"id":1986,"date":"2025-06-19T09:01:21","date_gmt":"2025-06-19T01:01:21","guid":{"rendered":"https:\/\/www.gigapa.com\/?post_type=product&#038;p=1986"},"modified":"2025-10-13T09:15:24","modified_gmt":"2025-10-13T01:15:24","slug":"fully-automatic-horizontal-baler-pp-pet-strap","status":"publish","type":"product","link":"https:\/\/www.gigapa.com\/fr\/product\/fully-automatic-horizontal-baler-pp-pet-strap\/","title":{"rendered":"Presse \u00e0 balles horizontale enti\u00e8rement automatique (feuillard PP\/PET)"},"content":{"rendered":"<p data-start=\"256\" data-end=\"739\" data-immersive-translate-walked=\"e6b01ccc-ff44-428b-9be7-c36321e56974\" data-immersive-translate-paragraph=\"1\">Dans les environnements industriels modernes, une gestion efficace des d\u00e9chets n'est plus facultative, elle est essentielle. La presse \u00e0 balles horizontale enti\u00e8rement automatique (sangle PP\/PET) est con\u00e7ue pour r\u00e9pondre aux exigences des op\u00e9rations \u00e0 haut volume qui n\u00e9cessitent des solutions de mise en balles coh\u00e9rentes, fiables et rapides. Que vous g\u00e9riez du papier recyclable, du carton, des films plastiques, des d\u00e9chets textiles ou d'autres mat\u00e9riaux compressibles, cette presse \u00e0 balles offre automatisation, pr\u00e9cision et productivit\u00e9, le tout dans un syst\u00e8me rationalis\u00e9.<\/p>\n<p data-start=\"741\" data-end=\"1089\" data-immersive-translate-walked=\"e6b01ccc-ff44-428b-9be7-c36321e56974\" data-immersive-translate-paragraph=\"1\">Con\u00e7ue pour fonctionner en continu, cette machine est \u00e9quip\u00e9e d'un syst\u00e8me automatique d'alimentation, de compression, de cerclage et d'\u00e9jection des balles, ce qui r\u00e9duit le besoin d'intervention manuelle tout en augmentant le d\u00e9bit et l'efficacit\u00e9 op\u00e9rationnelle. Associ\u00e9e \u00e0 un syst\u00e8me de cerclage en PP\/PET, elle produit des balles compactes et solidement ficel\u00e9es, faciles \u00e0 empiler, \u00e0 stocker et \u00e0 transporter.<\/p>\n<h3 data-start=\"1096\" data-end=\"1164\" data-immersive-translate-walked=\"e6b01ccc-ff44-428b-9be7-c36321e56974\">Qu'est-ce qu'une presse \u00e0 balles horizontale enti\u00e8rement automatique avec feuillard PP\/PET ?<\/h3>\n<p data-start=\"1166\" data-end=\"1519\" data-immersive-translate-walked=\"e6b01ccc-ff44-428b-9be7-c36321e56974\" data-immersive-translate-paragraph=\"1\">Une presse \u00e0 balles horizontale enti\u00e8rement automatique est une machine industrielle robuste qui automatise le processus de compactage des d\u00e9chets en vrac en balles denses et uniformes. Contrairement aux presses \u00e0 balles verticales qui n\u00e9cessitent un chargement et un cerclage manuels, les presses \u00e0 balles horizontales fonctionnent en continu et sont mieux adapt\u00e9es aux centres de recyclage \u00e0 grande \u00e9chelle, aux usines de fabrication et aux plateformes logistiques.<\/p>\n<p data-start=\"1521\" data-end=\"1840\" data-immersive-translate-walked=\"e6b01ccc-ff44-428b-9be7-c36321e56974\" data-immersive-translate-paragraph=\"1\">L'int\u00e9gration d'un syst\u00e8me de cerclage en PP\/PET permet de lier automatiquement les balles \u00e0 l'aide de mat\u00e9riaux de cerclage en plastique durables. Ces cerclages offrent une excellente r\u00e9sistance \u00e0 la traction, aux intemp\u00e9ries et \u00e0 la s\u00e9curit\u00e9 par rapport aux fils m\u00e9talliques traditionnels. Le r\u00e9sultat est un processus de pressage rapide, efficace et s\u00fbr du d\u00e9but \u00e0 la fin.<\/p>\n<h3 data-start=\"1847\" data-end=\"1906\" data-immersive-translate-walked=\"e6b01ccc-ff44-428b-9be7-c36321e56974\">Caract\u00e9ristiques principales de la presse \u00e0 balles horizontale enti\u00e8rement automatique<\/h3>\n<p data-start=\"1908\" data-end=\"1949\" data-immersive-translate-walked=\"e6b01ccc-ff44-428b-9be7-c36321e56974\" data-immersive-translate-paragraph=\"1\"><strong>Alimentation et compression automatiques<\/strong><\/p>\n<p data-start=\"1950\" data-end=\"2109\" data-immersive-translate-walked=\"e6b01ccc-ff44-428b-9be7-c36321e56974\" data-immersive-translate-paragraph=\"1\">Le syst\u00e8me est dot\u00e9 d'un convoyeur d'alimentation et d'un cycle de compactage hydraulique enti\u00e8rement automatis\u00e9s, assurant une alimentation continue en mat\u00e9riau sans arr\u00eat pour des ajustements manuels.<\/p>\n<p data-start=\"2111\" data-end=\"2144\" data-immersive-translate-walked=\"e6b01ccc-ff44-428b-9be7-c36321e56974\" data-immersive-translate-paragraph=\"1\"><strong>Syst\u00e8me de cerclage PP\/PET<\/strong><\/p>\n<p data-start=\"2145\" data-end=\"2328\" data-immersive-translate-walked=\"e6b01ccc-ff44-428b-9be7-c36321e56974\" data-immersive-translate-paragraph=\"1\">Utilisant des cerclages en plastique (polypropyl\u00e8ne (PP) ou poly\u00e9thyl\u00e8ne t\u00e9r\u00e9phtalate (PET)), la machine lie chaque balle avec des cerclages solides, r\u00e9sistants aux intemp\u00e9ries, s\u00fbrs et respectueux de l'environnement.<\/p>\n<p data-start=\"2330\" data-end=\"2363\" data-immersive-translate-walked=\"e6b01ccc-ff44-428b-9be7-c36321e56974\" data-immersive-translate-paragraph=\"1\"><strong>PLC Touchscreen Control (contr\u00f4le par \u00e9cran tactile)<\/strong><\/p>\n<p data-start=\"2364\" data-end=\"2542\" data-immersive-translate-walked=\"e6b01ccc-ff44-428b-9be7-c36321e56974\" data-immersive-translate-paragraph=\"1\">Un syst\u00e8me de contr\u00f4le intelligent dot\u00e9 d'un \u00e9cran tactile PLC convivial permet aux op\u00e9rateurs de r\u00e9gler les param\u00e8tres, de surveiller les op\u00e9rations et de recevoir des alertes pour l'entretien ou le d\u00e9pannage.<\/p>\n<p data-start=\"2544\" data-end=\"2581\" data-immersive-translate-walked=\"e6b01ccc-ff44-428b-9be7-c36321e56974\" data-immersive-translate-paragraph=\"1\"><strong>Syst\u00e8me hydraulique \u00e0 haut rendement<\/strong><\/p>\n<p data-start=\"2582\" data-end=\"2737\" data-immersive-translate-walked=\"e6b01ccc-ff44-428b-9be7-c36321e56974\" data-immersive-translate-paragraph=\"1\">La presse est aliment\u00e9e par une unit\u00e9 hydraulique \u00e0 haute pression qui assure un compactage puissant, produisant des balles de haute densit\u00e9 id\u00e9ales pour le stockage et le transport.<\/p>\n<p data-start=\"2739\" data-end=\"2774\" data-immersive-translate-walked=\"e6b01ccc-ff44-428b-9be7-c36321e56974\" data-immersive-translate-paragraph=\"1\"><strong>Fonctionnement continu 24 heures sur 24, 7 jours sur 7<\/strong><\/p>\n<p data-start=\"2775\" data-end=\"2911\" data-immersive-translate-walked=\"e6b01ccc-ff44-428b-9be7-c36321e56974\" data-immersive-translate-paragraph=\"1\">Con\u00e7ue pour les environnements exigeants, la presse \u00e0 balles peut fonctionner 24 heures sur 24, maximisant ainsi la productivit\u00e9 tout en minimisant les co\u00fbts de main-d'\u0153uvre.<\/p>\n<p data-start=\"2913\" data-end=\"2944\" data-immersive-translate-walked=\"e6b01ccc-ff44-428b-9be7-c36321e56974\" data-immersive-translate-paragraph=\"1\"><strong>Tailles de balles r\u00e9glables<\/strong><\/p>\n<p data-start=\"2945\" data-end=\"3084\" data-immersive-translate-walked=\"e6b01ccc-ff44-428b-9be7-c36321e56974\" data-immersive-translate-paragraph=\"1\">En fonction de votre type de mat\u00e9riau et de vos besoins logistiques, vous pouvez r\u00e9gler la longueur et la densit\u00e9 des balles, ce qui vous permet de contr\u00f4ler totalement votre production de d\u00e9chets.<\/p>\n<h3 data-start=\"3091\" data-end=\"3139\" data-immersive-translate-walked=\"e6b01ccc-ff44-428b-9be7-c36321e56974\">Pourquoi choisir les feuillards en PP\/PET plut\u00f4t que le fil d'acier ?<\/h3>\n<p data-start=\"3141\" data-end=\"3289\" data-immersive-translate-walked=\"e6b01ccc-ff44-428b-9be7-c36321e56974\" data-immersive-translate-paragraph=\"1\">L'une des caract\u00e9ristiques les plus innovantes de cette presse est l'utilisation de feuillards en plastique PP ou PET. Par rapport au fil d'acier traditionnel, les cerclages en plastique :<\/p>\n<ul>\n<li data-start=\"3293\" data-end=\"3329\" data-immersive-translate-walked=\"e6b01ccc-ff44-428b-9be7-c36321e56974\" data-immersive-translate-paragraph=\"1\">sont plus s\u00fbres \u00e0 manipuler (pas d'ar\u00eates vives)<\/li>\n<li data-start=\"3332\" data-end=\"3377\" data-immersive-translate-walked=\"e6b01ccc-ff44-428b-9be7-c36321e56974\" data-immersive-translate-paragraph=\"1\">Offre une meilleure flexibilit\u00e9 et une meilleure absorption des chocs<\/li>\n<li data-start=\"3380\" data-end=\"3419\" data-immersive-translate-walked=\"e6b01ccc-ff44-428b-9be7-c36321e56974\" data-immersive-translate-paragraph=\"1\">R\u00e9sistent \u00e0 l'humidit\u00e9 et \u00e0 la corrosion<\/li>\n<li data-start=\"3422\" data-end=\"3466\" data-immersive-translate-walked=\"e6b01ccc-ff44-428b-9be7-c36321e56974\" data-immersive-translate-paragraph=\"1\">Peut \u00eatre recycl\u00e9 avec le contenu de la balle<\/li>\n<li data-start=\"3469\" data-end=\"3528\" data-immersive-translate-walked=\"e6b01ccc-ff44-428b-9be7-c36321e56974\" data-immersive-translate-paragraph=\"1\">Ne n\u00e9cessite pas d'\u00e9quipement de protection sp\u00e9cialis\u00e9 lors de la manipulation<\/li>\n<\/ul>\n<p data-start=\"3530\" data-end=\"3631\" data-immersive-translate-walked=\"e6b01ccc-ff44-428b-9be7-c36321e56974\" data-immersive-translate-paragraph=\"1\">Elles sont donc id\u00e9ales pour les entreprises ax\u00e9es sur la s\u00e9curit\u00e9, l'efficacit\u00e9 et la responsabilit\u00e9 environnementale.<\/p>\n<h3 data-start=\"3638\" data-end=\"3699\" data-immersive-translate-walked=\"e6b01ccc-ff44-428b-9be7-c36321e56974\">Avantages de l'utilisation de la presse \u00e0 balles horizontale enti\u00e8rement automatique<\/h3>\n<p data-start=\"3701\" data-end=\"3733\" data-immersive-translate-walked=\"e6b01ccc-ff44-428b-9be7-c36321e56974\" data-immersive-translate-paragraph=\"1\"><strong>R\u00e9duction des co\u00fbts d'exploitation<\/strong><\/p>\n<p data-start=\"3734\" data-end=\"3853\" data-immersive-translate-walked=\"e6b01ccc-ff44-428b-9be7-c36321e56974\" data-immersive-translate-paragraph=\"1\">R\u00e9duire les co\u00fbts de main-d'\u0153uvre gr\u00e2ce \u00e0 l'automatisation compl\u00e8te. Un seul op\u00e9rateur peut superviser l'ensemble du processus, lib\u00e9rant ainsi du personnel pour d'autres t\u00e2ches.<\/p>\n<p data-start=\"3855\" data-end=\"3886\" data-immersive-translate-walked=\"e6b01ccc-ff44-428b-9be7-c36321e56974\" data-immersive-translate-paragraph=\"1\"><strong>Efficacit\u00e9 accrue<\/strong><\/p>\n<p data-start=\"3887\" data-end=\"4030\" data-immersive-translate-walked=\"e6b01ccc-ff44-428b-9be7-c36321e56974\" data-immersive-translate-paragraph=\"1\">L'alimentation continue et le cerclage automatique garantissent un traitement des mat\u00e9riaux plus rapide et plus coh\u00e9rent que les syst\u00e8mes manuels ou semi-automatiques.<\/p>\n<p data-start=\"4032\" data-end=\"4066\" data-immersive-translate-walked=\"e6b01ccc-ff44-428b-9be7-c36321e56974\" data-immersive-translate-paragraph=\"1\"><strong>Manutention optimis\u00e9e des balles<\/strong><\/p>\n<p data-start=\"4067\" data-end=\"4199\" data-immersive-translate-walked=\"e6b01ccc-ff44-428b-9be7-c36321e56974\" data-immersive-translate-paragraph=\"1\">Des balles uniformes permettent de gagner de la place et d'am\u00e9liorer l'efficacit\u00e9 de l'empilage lors du stockage et du transport, ce qui r\u00e9duit les co\u00fbts d'exp\u00e9dition et le temps de manutention.<\/p>\n<p data-start=\"4201\" data-end=\"4236\" data-immersive-translate-walked=\"e6b01ccc-ff44-428b-9be7-c36321e56974\" data-immersive-translate-paragraph=\"1\"><strong>Respect de l'environnement<\/strong><\/p>\n<p data-start=\"4237\" data-end=\"4348\" data-immersive-translate-walked=\"e6b01ccc-ff44-428b-9be7-c36321e56974\" data-immersive-translate-paragraph=\"1\">Cette machine soutient les initiatives \u00e9cologiques de votre entreprise en rendant le recyclage plus rationnel et plus rentable.<\/p>\n<p data-start=\"4350\" data-end=\"4377\" data-immersive-translate-walked=\"e6b01ccc-ff44-428b-9be7-c36321e56974\" data-immersive-translate-paragraph=\"1\"><strong>Moins de temps d'arr\u00eat<\/strong><\/p>\n<p data-start=\"4378\" data-end=\"4500\" data-immersive-translate-walked=\"e6b01ccc-ff44-428b-9be7-c36321e56974\" data-immersive-translate-paragraph=\"1\">Avec des alertes intelligentes, un acc\u00e8s facile \u00e0 la maintenance et des composants durables, la machine minimise les pannes et maximise le temps de fonctionnement.<\/p>\n<h3 data-start=\"4507\" data-end=\"4553\" data-immersive-translate-walked=\"e6b01ccc-ff44-428b-9be7-c36321e56974\">Applications dans plusieurs secteurs d'activit\u00e9<\/h3>\n<p data-start=\"4555\" data-end=\"4665\" data-immersive-translate-walked=\"e6b01ccc-ff44-428b-9be7-c36321e56974\" data-immersive-translate-paragraph=\"1\">La presse \u00e0 balles horizontale enti\u00e8rement automatique (sangle PP\/PET) convient \u00e0 un large \u00e9ventail d'industries, notamment :<\/p>\n<ul>\n<li data-start=\"4669\" data-end=\"4746\" data-immersive-translate-walked=\"e6b01ccc-ff44-428b-9be7-c36321e56974\" data-immersive-translate-paragraph=\"1\">Centres de recyclage - Pour la mise en balles de papier m\u00e9lang\u00e9, de bouteilles en PET et de films plastiques<\/li>\n<li data-start=\"4749\" data-end=\"4827\" data-immersive-translate-walked=\"e6b01ccc-ff44-428b-9be7-c36321e56974\" data-immersive-translate-paragraph=\"1\">Usines d'emballage et d'impression - Pour compacter les rognures de papier et le carton<\/li>\n<li data-start=\"4830\" data-end=\"4897\" data-immersive-translate-walked=\"e6b01ccc-ff44-428b-9be7-c36321e56974\" data-immersive-translate-paragraph=\"1\">Centres de logistique et de distribution - Pour la gestion des d\u00e9chets d'emballage<\/li>\n<li data-start=\"4900\" data-end=\"4952\" data-immersive-translate-walked=\"e6b01ccc-ff44-428b-9be7-c36321e56974\" data-immersive-translate-paragraph=\"1\">Industrie textile - Pour comprimer les chutes de tissu<\/li>\n<li data-start=\"4955\" data-end=\"5038\" data-immersive-translate-walked=\"e6b01ccc-ff44-428b-9be7-c36321e56974\" data-immersive-translate-paragraph=\"1\">Transformation agricole - Pour comprimer des mati\u00e8res v\u00e9g\u00e9tales s\u00e8ches ou des d\u00e9chets d'emballage<\/li>\n<\/ul>\n<p data-start=\"5040\" data-end=\"5136\" data-immersive-translate-walked=\"e6b01ccc-ff44-428b-9be7-c36321e56974\" data-immersive-translate-paragraph=\"1\">Cette machine est un atout pr\u00e9cieux partout o\u00f9 de grands volumes de mat\u00e9riaux compressibles sont g\u00e9n\u00e9r\u00e9s.<\/p>\n<h3 data-start=\"5143\" data-end=\"5181\" data-immersive-translate-walked=\"e6b01ccc-ff44-428b-9be7-c36321e56974\">Options de personnalisation disponibles<\/h3>\n<p data-start=\"5183\" data-end=\"5249\" data-immersive-translate-walked=\"e6b01ccc-ff44-428b-9be7-c36321e56974\" data-immersive-translate-paragraph=\"1\">Nous proposons diverses options de personnalisation pour r\u00e9pondre \u00e0 vos besoins sp\u00e9cifiques :<\/p>\n<ul>\n<li data-start=\"5253\" data-end=\"5283\" data-immersive-translate-walked=\"e6b01ccc-ff44-428b-9be7-c36321e56974\" data-immersive-translate-paragraph=\"1\">Largeur et longueur de la bande transporteuse<\/li>\n<li data-start=\"5286\" data-end=\"5315\" data-immersive-translate-walked=\"e6b01ccc-ff44-428b-9be7-c36321e56974\" data-immersive-translate-paragraph=\"1\">R\u00e9glages de la taille et du poids des balles<\/li>\n<li data-start=\"5318\" data-end=\"5342\" data-immersive-translate-walked=\"e6b01ccc-ff44-428b-9be7-c36321e56974\" data-immersive-translate-paragraph=\"1\">Niveaux de force de compression<\/li>\n<li data-start=\"5345\" data-end=\"5370\" data-immersive-translate-walked=\"e6b01ccc-ff44-428b-9be7-c36321e56974\" data-immersive-translate-paragraph=\"1\">Nombre de lignes de cerclage<\/li>\n<li data-start=\"5373\" data-end=\"5406\" data-immersive-translate-walked=\"e6b01ccc-ff44-428b-9be7-c36321e56974\" data-immersive-translate-paragraph=\"1\">Syst\u00e8me de liage manuel ou automatique<\/li>\n<li data-start=\"5409\" data-end=\"5433\" data-immersive-translate-walked=\"e6b01ccc-ff44-428b-9be7-c36321e56974\" data-immersive-translate-paragraph=\"1\">Conception d'enceintes de s\u00e9curit\u00e9<\/li>\n<li data-start=\"5436\" data-end=\"5462\" data-immersive-translate-walked=\"e6b01ccc-ff44-428b-9be7-c36321e56974\" data-immersive-translate-paragraph=\"1\">Couleur de la machine et marquage<\/li>\n<\/ul>\n<p data-start=\"5464\" data-end=\"5614\" data-immersive-translate-walked=\"e6b01ccc-ff44-428b-9be7-c36321e56974\" data-immersive-translate-paragraph=\"1\">Que vous souhaitiez int\u00e9grer la presse \u00e0 une ligne existante ou que vous ayez besoin d'une solution autonome, nous pouvons adapter la machine au flux de travail de votre installation.<\/p>\n<h3 data-start=\"5621\" data-end=\"5664\" data-immersive-translate-walked=\"e6b01ccc-ff44-428b-9be7-c36321e56974\">Assurance qualit\u00e9 et certifications<\/h3>\n<p data-start=\"5666\" data-end=\"5728\" data-immersive-translate-walked=\"e6b01ccc-ff44-428b-9be7-c36321e56974\" data-immersive-translate-paragraph=\"1\">Nos machines sont construites selon les normes internationales et comprennent :<\/p>\n<ul>\n<li data-start=\"5732\" data-end=\"5761\" data-immersive-translate-walked=\"e6b01ccc-ff44-428b-9be7-c36321e56974\">Certifications CE et ISO<\/li>\n<li data-start=\"5764\" data-end=\"5810\" data-immersive-translate-walked=\"e6b01ccc-ff44-428b-9be7-c36321e56974\" data-immersive-translate-paragraph=\"1\">Composants hydrauliques et \u00e9lectriques de haute qualit\u00e9<\/li>\n<li data-start=\"5813\" data-end=\"5857\" data-immersive-translate-walked=\"e6b01ccc-ff44-428b-9be7-c36321e56974\" data-immersive-translate-paragraph=\"1\">Tests rigoureux en usine et contr\u00f4le de la qualit\u00e9<\/li>\n<li data-start=\"5860\" data-end=\"5899\" data-immersive-translate-walked=\"e6b01ccc-ff44-428b-9be7-c36321e56974\" data-immersive-translate-paragraph=\"1\">Respect des normes de s\u00e9curit\u00e9 mondiales<\/li>\n<\/ul>\n<p data-start=\"5901\" data-end=\"5999\" data-immersive-translate-walked=\"e6b01ccc-ff44-428b-9be7-c36321e56974\" data-immersive-translate-paragraph=\"1\">Chaque unit\u00e9 est soumise \u00e0 une inspection stricte avant exp\u00e9dition afin de garantir des performances et une durabilit\u00e9 optimales.<\/p>\n<h3 data-start=\"6006\" data-end=\"6048\" data-immersive-translate-walked=\"e6b01ccc-ff44-428b-9be7-c36321e56974\">Un service apr\u00e8s-vente sur lequel vous pouvez compter<\/h3>\n<p data-start=\"6050\" data-end=\"6149\" data-immersive-translate-walked=\"e6b01ccc-ff44-428b-9be7-c36321e56974\" data-immersive-translate-paragraph=\"1\">Lorsque vous investissez dans notre presse \u00e0 balles enti\u00e8rement automatique, vous investissez \u00e9galement dans une assistance \u00e0 long terme. Nous offrons :<\/p>\n<ul>\n<li data-start=\"6153\" data-end=\"6193\" data-immersive-translate-walked=\"e6b01ccc-ff44-428b-9be7-c36321e56974\" data-immersive-translate-paragraph=\"1\">Assistance \u00e0 l'installation \u00e0 distance et sur site<\/li>\n<li data-start=\"6196\" data-end=\"6222\" data-immersive-translate-walked=\"e6b01ccc-ff44-428b-9be7-c36321e56974\" data-immersive-translate-paragraph=\"1\">Programmes de formation des op\u00e9rateurs<\/li>\n<li data-start=\"6225\" data-end=\"6253\" data-immersive-translate-walked=\"e6b01ccc-ff44-428b-9be7-c36321e56974\" data-immersive-translate-paragraph=\"1\">Paquets de services d'entretien<\/li>\n<li data-start=\"6256\" data-end=\"6290\" data-immersive-translate-walked=\"e6b01ccc-ff44-428b-9be7-c36321e56974\" data-immersive-translate-paragraph=\"1\">Disponibilit\u00e9 des pi\u00e8ces d\u00e9tach\u00e9es dans le monde entier<\/li>\n<li data-start=\"6293\" data-end=\"6345\" data-immersive-translate-walked=\"e6b01ccc-ff44-428b-9be7-c36321e56974\" data-immersive-translate-paragraph=\"1\">Assistance technique 24 heures sur 24, 7 jours sur 7, par t\u00e9l\u00e9phone, courrier \u00e9lectronique ou vid\u00e9o<\/li>\n<\/ul>\n<h3 data-start=\"6352\" data-end=\"6369\" data-immersive-translate-walked=\"e6b01ccc-ff44-428b-9be7-c36321e56974\">Conclusion<\/h3>\n<p data-start=\"6371\" data-end=\"6751\" data-immersive-translate-walked=\"e6b01ccc-ff44-428b-9be7-c36321e56974\" data-immersive-translate-paragraph=\"1\">La presse \u00e0 balles horizontale enti\u00e8rement automatique avec cerclage PP\/PET est la solution id\u00e9ale pour les entreprises qui exigent des performances \u00e9lev\u00e9es, une grande fiabilit\u00e9 et un traitement des d\u00e9chets respectueux de l'environnement. Avec son automatisation avanc\u00e9e, son cerclage plastique s\u00fbr et solide et ses fonctions personnalisables, c'est la machine id\u00e9ale pour optimiser la gestion des d\u00e9chets tout en soutenant les objectifs de d\u00e9veloppement durable de votre entreprise.<\/p>\n<p data-start=\"6753\" data-end=\"6889\" data-immersive-translate-walked=\"e6b01ccc-ff44-428b-9be7-c36321e56974\" data-immersive-translate-paragraph=\"1\">Si votre entreprise est pr\u00eate \u00e0 r\u00e9duire ses co\u00fbts, \u00e0 am\u00e9liorer sa productivit\u00e9 et \u00e0 renforcer ses capacit\u00e9s de recyclage, cette presse \u00e0 balles est un choix judicieux.<\/p>","protected":false},"excerpt":{"rendered":"<p>Cette presse \u00e0 balles horizontale enti\u00e8rement automatique avec syst\u00e8me de cerclage en PP\/PET est con\u00e7ue pour le traitement de gros volumes de d\u00e9chets. Elle automatise la compression, le cerclage et l'\u00e9jection des balles, r\u00e9duisant ainsi les co\u00fbts de main-d'\u0153uvre et augmentant la productivit\u00e9. Adapt\u00e9e aux cartons, plastiques, textiles et autres, la presse \u00e0 balles produit des balles homog\u00e8nes et denses, faciles \u00e0 stocker et \u00e0 transporter. Con\u00e7ue pour une utilisation industrielle 24 heures sur 24 et 7 jours sur 7, elle est dot\u00e9e d'une construction durable, de syst\u00e8mes de contr\u00f4le avanc\u00e9s et de param\u00e8tres personnalisables pour r\u00e9pondre \u00e0 des besoins op\u00e9rationnels sp\u00e9cifiques. Id\u00e9ale pour les centres de recyclage, les usines de fabrication et les installations logistiques, cette machine rationalise la gestion des d\u00e9chets et soutient les pratiques commerciales durables.<\/p>","protected":false},"featured_media":1951,"template":"","meta":{"site-sidebar-layout":"default","site-content-layout":"","ast-site-content-layout":"default","site-content-style":"default","site-sidebar-style":"default","ast-global-header-display":"","ast-banner-title-visibility":"","ast-main-header-display":"","ast-hfb-above-header-display":"","ast-hfb-below-header-display":"","ast-hfb-mobile-header-display":"","site-post-title":"","ast-breadcrumbs-content":"","ast-featured-img":"","footer-sml-layout":"","ast-disable-related-posts":"","theme-transparent-header-meta":"default","adv-header-id-meta":"","stick-header-meta":"","header-above-stick-meta":"","header-main-stick-meta":"","header-below-stick-meta":"","astra-migrate-meta-layouts":"set","ast-page-background-enabled":"default","ast-page-background-meta":{"desktop":{"background-color":"var(--ast-global-color-5)","background-image":"","background-repeat":"repeat","background-position":"center center","background-size":"auto","background-attachment":"scroll","background-type":"","background-media":"","overlay-type":"","overlay-color":"","overlay-opacity":"","overlay-gradient":""},"tablet":{"background-color":"","background-image":"","background-repeat":"repeat","background-position":"center center","background-size":"auto","background-attachment":"scroll","background-type":"","background-media":"","overlay-type":"","overlay-color":"","overlay-opacity":"","overlay-gradient":""},"mobile":{"background-color":"","background-image":"","background-repeat":"repeat","background-position":"center center","background-size":"auto","background-attachment":"scroll","background-type":"","background-media":"","overlay-type":"","overlay-color":"","overlay-opacity":"","overlay-gradient":""}},"ast-content-background-meta":{"desktop":{"background-color":"var(--ast-global-color-4)","background-image":"","background-repeat":"repeat","background-position":"center center","background-size":"auto","background-attachment":"scroll","background-type":"","background-media":"","overlay-type":"","overlay-color":"","overlay-opacity":"","overlay-gradient":""},"tablet":{"background-color":"var(--ast-global-color-4)","background-image":"","background-repeat":"repeat","background-position":"center center","background-size":"auto","background-attachment":"scroll","background-type":"","background-media":"","overlay-type":"","overlay-color":"","overlay-opacity":"","overlay-gradient":""},"mobile":{"background-color":"var(--ast-global-color-4)","background-image":"","background-repeat":"repeat","background-position":"center center","background-size":"auto","background-attachment":"scroll","background-type":"","background-media":"","overlay-type":"","overlay-color":"","overlay-opacity":"","overlay-gradient":""}}},"product_brand":[],"product_cat":[21,153],"product_tag":[],"class_list":{"0":"post-1986","1":"product","2":"type-product","3":"status-publish","4":"has-post-thumbnail","6":"product_cat-baling-machine","7":"product_cat-horizontal-baler","8":"desktop-align-left","9":"tablet-align-left","10":"mobile-align-left","12":"first","13":"instock","14":"shipping-taxable","15":"product-type-simple"},"_links":{"self":[{"href":"https:\/\/www.gigapa.com\/fr\/wp-json\/wp\/v2\/product\/1986","targetHints":{"allow":["GET"]}}],"collection":[{"href":"https:\/\/www.gigapa.com\/fr\/wp-json\/wp\/v2\/product"}],"about":[{"href":"https:\/\/www.gigapa.com\/fr\/wp-json\/wp\/v2\/types\/product"}],"version-history":[{"count":3,"href":"https:\/\/www.gigapa.com\/fr\/wp-json\/wp\/v2\/product\/1986\/revisions"}],"predecessor-version":[{"id":2387,"href":"https:\/\/www.gigapa.com\/fr\/wp-json\/wp\/v2\/product\/1986\/revisions\/2387"}],"wp:featuredmedia":[{"embeddable":true,"href":"https:\/\/www.gigapa.com\/fr\/wp-json\/wp\/v2\/media\/1951"}],"wp:attachment":[{"href":"https:\/\/www.gigapa.com\/fr\/wp-json\/wp\/v2\/media?parent=1986"}],"wp:term":[{"taxonomy":"product_brand","embeddable":true,"href":"https:\/\/www.gigapa.com\/fr\/wp-json\/wp\/v2\/product_brand?post=1986"},{"taxonomy":"product_cat","embeddable":true,"href":"https:\/\/www.gigapa.com\/fr\/wp-json\/wp\/v2\/product_cat?post=1986"},{"taxonomy":"product_tag","embeddable":true,"href":"https:\/\/www.gigapa.com\/fr\/wp-json\/wp\/v2\/product_tag?post=1986"}],"curies":[{"name":"wp","href":"https:\/\/api.w.org\/{rel}","templated":true}]}}