{"id":1988,"date":"2025-06-19T08:44:15","date_gmt":"2025-06-19T00:44:15","guid":{"rendered":"https:\/\/www.gigapa.com\/?post_type=product&#038;p=1988"},"modified":"2025-10-13T09:15:31","modified_gmt":"2025-10-13T01:15:31","slug":"vertical-baling-press-machine","status":"publish","type":"product","link":"https:\/\/www.gigapa.com\/fr\/product\/vertical-baling-press-machine\/","title":{"rendered":"Presse \u00e0 balles verticale"},"content":{"rendered":"<p data-start=\"165\" data-end=\"614\" data-immersive-translate-walked=\"662ace0b-dde6-4a57-8ef9-d70211bd73a1\" data-immersive-translate-paragraph=\"1\">La gestion des d\u00e9chets n'est plus seulement une t\u00e2che secondaire, c'est un \u00e9l\u00e9ment strat\u00e9gique de la gestion d'une entreprise moderne et durable. La presse \u00e0 balles verticale est con\u00e7ue pour relever ce d\u00e9fi. Que vous exploitiez un entrep\u00f4t tr\u00e8s fr\u00e9quent\u00e9, un magasin de d\u00e9tail anim\u00e9, une plate-forme logistique ou une installation de recyclage, cette machine offre une solution compacte mais puissante pour comprimer une grande vari\u00e9t\u00e9 de mat\u00e9riaux recyclables (carton, plastique, d\u00e9chets textiles, etc.).<\/p>\n<p data-start=\"616\" data-end=\"913\" data-immersive-translate-walked=\"662ace0b-dde6-4a57-8ef9-d70211bd73a1\" data-immersive-translate-paragraph=\"1\">Avec son syst\u00e8me hydraulique \u00e0 usage intensif, son ch\u00e2ssis en acier robuste et son interface conviviale, cette presse \u00e0 balles verticale transforme les d\u00e9chets volumineux en balles compactes faciles \u00e0 stocker, \u00e0 transporter et \u00e0 recycler. Le r\u00e9sultat ? Un espace de travail plus propre, des co\u00fbts de transport r\u00e9duits et une empreinte \u00e9cologique pour votre entreprise.<\/p>\n<h3 data-start=\"920\" data-end=\"976\" data-immersive-translate-walked=\"662ace0b-dde6-4a57-8ef9-d70211bd73a1\" data-immersive-translate-paragraph=\"1\">Qu'est-ce qu'une presse \u00e0 balles verticale ?<\/h3>\n<p data-start=\"978\" data-end=\"1364\" data-immersive-translate-walked=\"662ace0b-dde6-4a57-8ef9-d70211bd73a1\" data-immersive-translate-paragraph=\"1\">\u00c0 la base, une presse \u00e0 balles verticale est un compacteur. Elle utilise la pression hydraulique verticale pour comprimer les d\u00e9chets, tels que les cartons aplatis ou les emballages r\u00e9tractables, en balles empilables. Contrairement aux mod\u00e8les horizontaux, qui ont tendance \u00e0 prendre plus de place et \u00e0 co\u00fbter plus cher au d\u00e9part, les presses \u00e0 balles verticales sont id\u00e9ales pour les entreprises qui ont besoin de performances \u00e9lev\u00e9es sans sacrifier une surface au sol pr\u00e9cieuse.<\/p>\n<p data-start=\"1366\" data-end=\"1652\" data-immersive-translate-walked=\"662ace0b-dde6-4a57-8ef9-d70211bd73a1\" data-immersive-translate-paragraph=\"1\">La machine est \u00e9quip\u00e9e d'une porte \u00e0 chargement frontal, d'une plaque de pressage robuste et d'un panneau de commande. Certains mod\u00e8les proposent une \u00e9jection automatique des balles, d'autres utilisent des syst\u00e8mes manuels. Le processus est simple : introduire les d\u00e9chets, fermer la chambre, appuyer sur un bouton et laisser la machine faire le gros du travail.<\/p>\n<h3 data-start=\"1659\" data-end=\"1699\" data-immersive-translate-walked=\"662ace0b-dde6-4a57-8ef9-d70211bd73a1\" data-immersive-translate-paragraph=\"1\">Des caract\u00e9ristiques essentielles qui font la diff\u00e9rence<\/h3>\n<p data-start=\"1701\" data-end=\"1918\" data-immersive-translate-walked=\"662ace0b-dde6-4a57-8ef9-d70211bd73a1\" data-immersive-translate-paragraph=\"1\">Pression hydraulique puissante<br data-start=\"1732\" data-end=\"1735\" data-immersive-translate-walked=\"662ace0b-dde6-4a57-8ef9-d70211bd73a1\" \/>Ne vous laissez pas tromper par sa conception verticale : cette machine fournit une force de compactage importante. Elle s'assure que les mat\u00e9riaux sont fermement press\u00e9s en balles, minimisant les espaces d'air et maximisant la densit\u00e9.<\/p>\n<p data-start=\"1920\" data-end=\"2112\" data-immersive-translate-walked=\"662ace0b-dde6-4a57-8ef9-d70211bd73a1\" data-immersive-translate-paragraph=\"1\">Une mise en page verticale respectueuse de l'espace<br data-start=\"1955\" data-end=\"1958\" data-immersive-translate-walked=\"662ace0b-dde6-4a57-8ef9-d70211bd73a1\" \/>Vous manquez d'espace ? Pas de probl\u00e8me. La forme verticale s'adapte parfaitement aux coins \u00e9troits, ce qui en fait la solution id\u00e9ale pour les petites entreprises ou les sites dont la surface au sol est limit\u00e9e.<\/p>\n<p data-start=\"2114\" data-end=\"2320\" data-immersive-translate-walked=\"662ace0b-dde6-4a57-8ef9-d70211bd73a1\" data-immersive-translate-paragraph=\"1\">Contr\u00f4les simplifi\u00e9s<br data-start=\"2137\" data-end=\"2140\" data-immersive-translate-walked=\"662ace0b-dde6-4a57-8ef9-d70211bd73a1\" \/>L'utilisation de la presse est intuitive. Le panneau comporte des boutons clairs et des dispositifs de s\u00e9curit\u00e9 tels que des fonctions d'arr\u00eat d'urgence et des voyants lumineux. M\u00eame les nouveaux employ\u00e9s peuvent \u00eatre form\u00e9s en quelques minutes.<\/p>\n<p data-start=\"2322\" data-end=\"2513\" data-immersive-translate-walked=\"662ace0b-dde6-4a57-8ef9-d70211bd73a1\" data-immersive-translate-paragraph=\"1\">Modes de fonctionnement flexibles<br data-start=\"2350\" data-end=\"2353\" data-immersive-translate-walked=\"662ace0b-dde6-4a57-8ef9-d70211bd73a1\" \/>Besoin d'un contr\u00f4le total ? Optez pour la version manuelle. Vous pr\u00e9f\u00e9rez une approche plus rationnelle ? Choisissez un mod\u00e8le semi-automatique. Dans tous les cas, la presse \u00e0 balles s'adapte \u00e0 votre flux de travail.<\/p>\n<p data-start=\"2515\" data-end=\"2698\" data-immersive-translate-walked=\"662ace0b-dde6-4a57-8ef9-d70211bd73a1\" data-immersive-translate-paragraph=\"1\">Construit pour durer<br data-start=\"2532\" data-end=\"2535\" data-immersive-translate-walked=\"662ace0b-dde6-4a57-8ef9-d70211bd73a1\" \/>Fabriqu\u00e9e en acier renforc\u00e9 et \u00e9quip\u00e9e de dispositifs de verrouillage de s\u00e9curit\u00e9, cette presse \u00e0 balles est pr\u00eate pour une utilisation industrielle intensive. Ce n'est pas seulement une machine, c'est un atout \u00e0 long terme.<\/p>\n<h3 data-start=\"2705\" data-end=\"2762\" data-immersive-translate-walked=\"662ace0b-dde6-4a57-8ef9-d70211bd73a1\" data-immersive-translate-paragraph=\"1\">Pourquoi les entreprises font confiance aux presses \u00e0 balles verticales<\/h3>\n<p data-start=\"2764\" data-end=\"2947\" data-immersive-translate-walked=\"662ace0b-dde6-4a57-8ef9-d70211bd73a1\" data-immersive-translate-paragraph=\"1\">1. Moins de volume, plus d'espace<br data-start=\"2794\" data-end=\"2797\" data-immersive-translate-walked=\"662ace0b-dde6-4a57-8ef9-d70211bd73a1\" \/>La compression des d\u00e9chets en vrac en balles solides permet de r\u00e9duire consid\u00e9rablement le volume. Cela signifie moins d'encombrement et plus d'espace utilisable dans vos installations.<\/p>\n<p data-start=\"2949\" data-end=\"3107\" data-immersive-translate-walked=\"662ace0b-dde6-4a57-8ef9-d70211bd73a1\" data-immersive-translate-paragraph=\"1\">2. \u00c9conomiser de l'argent sur l'enl\u00e8vement des d\u00e9chets<br data-start=\"2983\" data-end=\"2986\" data-immersive-translate-walked=\"662ace0b-dde6-4a57-8ef9-d70211bd73a1\" \/>Moins de d\u00e9chets = moins de ramassages = moins de frais d'\u00e9limination. De plus, vous pouvez m\u00eame gagner de l'argent en vendant vos d\u00e9chets recyclables en balles.<\/p>\n<p data-start=\"3109\" data-end=\"3277\" data-immersive-translate-walked=\"662ace0b-dde6-4a57-8ef9-d70211bd73a1\" data-immersive-translate-paragraph=\"1\">3. Mettre de l'ordre et rester en s\u00e9curit\u00e9<br data-start=\"3137\" data-end=\"3140\" data-immersive-translate-walked=\"662ace0b-dde6-4a57-8ef9-d70211bd73a1\" \/>Un espace de travail en d\u00e9sordre n'est pas seulement peu professionnel, il est dangereux. L'organisation des mat\u00e9riaux en balles am\u00e9liore \u00e0 la fois la propret\u00e9 et la s\u00e9curit\u00e9 sur le site.<\/p>\n<p data-start=\"3279\" data-end=\"3453\" data-immersive-translate-walked=\"662ace0b-dde6-4a57-8ef9-d70211bd73a1\" data-immersive-translate-paragraph=\"1\">4. Bon pour la plan\u00e8te<br data-start=\"3305\" data-end=\"3308\" data-immersive-translate-walked=\"662ace0b-dde6-4a57-8ef9-d70211bd73a1\" \/>Le recyclage est plus efficace lorsque les mat\u00e9riaux sont mis en ballots. C'est plus facile pour les recycleurs et votre entreprise contribue positivement \u00e0 l'environnement.<\/p>\n<p data-start=\"3455\" data-end=\"3640\" data-immersive-translate-walked=\"662ace0b-dde6-4a57-8ef9-d70211bd73a1\" data-immersive-translate-paragraph=\"1\">5. Respecter la r\u00e9glementation en toute simplicit\u00e9<br data-start=\"3486\" data-end=\"3489\" data-immersive-translate-walked=\"662ace0b-dde6-4a57-8ef9-d70211bd73a1\" \/>Face \u00e0 la pression croissante des r\u00e9glementations locales en mati\u00e8re de gestion des d\u00e9chets, une presse \u00e0 balles permet de s'assurer que les protocoles de tri et de manutention sont respect\u00e9s.<\/p>\n<h3 data-start=\"3647\" data-end=\"3682\" data-immersive-translate-walked=\"662ace0b-dde6-4a57-8ef9-d70211bd73a1\" data-immersive-translate-paragraph=\"1\">O\u00f9 cette machine peut-elle \u00eatre utilis\u00e9e ?<\/h3>\n<p data-start=\"3684\" data-end=\"3759\" data-immersive-translate-walked=\"662ace0b-dde6-4a57-8ef9-d70211bd73a1\" data-immersive-translate-paragraph=\"1\">Sa polyvalence est l'un de ses principaux atouts. Les cas d'utilisation les plus courants sont les suivants<\/p>\n<ul>\n<li data-start=\"3763\" data-end=\"3836\" data-immersive-translate-walked=\"662ace0b-dde6-4a57-8ef9-d70211bd73a1\" data-immersive-translate-paragraph=\"1\">Commerce de d\u00e9tail et supermarch\u00e9s - Mise en balles d'emballages en carton et en plastique<\/li>\n<li data-start=\"3839\" data-end=\"3909\" data-immersive-translate-walked=\"662ace0b-dde6-4a57-8ef9-d70211bd73a1\" data-immersive-translate-paragraph=\"1\">Entrep\u00f4ts et centres de distribution - Gestion des d\u00e9chets d'emballage quotidiens<\/li>\n<li data-start=\"3912\" data-end=\"3980\" data-immersive-translate-walked=\"662ace0b-dde6-4a57-8ef9-d70211bd73a1\" data-immersive-translate-paragraph=\"1\">Fabrication - Compression des restes de mat\u00e9riaux issus de la production<\/li>\n<li data-start=\"3983\" data-end=\"4055\" data-immersive-translate-walked=\"662ace0b-dde6-4a57-8ef9-d70211bd73a1\" data-immersive-translate-paragraph=\"1\">Stations de recyclage - Organiser et pr\u00e9parer les mat\u00e9riaux pour la revente<\/li>\n<li data-start=\"4058\" data-end=\"4127\" data-immersive-translate-walked=\"662ace0b-dde6-4a57-8ef9-d70211bd73a1\" data-immersive-translate-paragraph=\"1\">Industries du textile et de l'habillement - Traitement des d\u00e9chets de tissu ou des chutes de tissu<\/li>\n<\/ul>\n<p data-start=\"4129\" data-end=\"4252\" data-immersive-translate-walked=\"662ace0b-dde6-4a57-8ef9-d70211bd73a1\" data-immersive-translate-paragraph=\"1\">Que vous produisiez quelques balles par jour ou que vous traitiez des volumes plus importants, il existe un mod\u00e8le adapt\u00e9 \u00e0 vos besoins.<\/p>\n<h3 data-start=\"4259\" data-end=\"4292\" data-immersive-translate-walked=\"662ace0b-dde6-4a57-8ef9-d70211bd73a1\" data-immersive-translate-paragraph=\"1\">Adapt\u00e9 \u00e0 vos besoins<\/h3>\n<p data-start=\"4294\" data-end=\"4425\" data-immersive-translate-walked=\"662ace0b-dde6-4a57-8ef9-d70211bd73a1\" data-immersive-translate-paragraph=\"1\">Nous savons que les activit\u00e9s varient d'une entreprise \u00e0 l'autre. C'est pourquoi nos machines offrent de nombreuses options de personnalisation, telles que :<\/p>\n<ul>\n<li data-start=\"4429\" data-end=\"4463\" data-immersive-translate-walked=\"662ace0b-dde6-4a57-8ef9-d70211bd73a1\" data-immersive-translate-paragraph=\"1\">Diff\u00e9rentes tailles et poids de balles<\/li>\n<li data-start=\"4466\" data-end=\"4496\" data-immersive-translate-walked=\"662ace0b-dde6-4a57-8ef9-d70211bd73a1\" data-immersive-translate-paragraph=\"1\">Force de compression r\u00e9glable<\/li>\n<li data-start=\"4499\" data-end=\"4542\" data-immersive-translate-walked=\"662ace0b-dde6-4a57-8ef9-d70211bd73a1\" data-immersive-translate-paragraph=\"1\">Syst\u00e8mes d'\u00e9jection des balles manuels ou hydrauliques<\/li>\n<li data-start=\"4545\" data-end=\"4574\" data-immersive-translate-walked=\"662ace0b-dde6-4a57-8ef9-d70211bd73a1\" data-immersive-translate-paragraph=\"1\">Panneaux de contr\u00f4le multilingues<\/li>\n<li data-start=\"4577\" data-end=\"4605\" data-immersive-translate-walked=\"662ace0b-dde6-4a57-8ef9-d70211bd73a1\" data-immersive-translate-paragraph=\"1\">Couleurs et marques personnalis\u00e9es<\/li>\n<\/ul>\n<p data-start=\"4607\" data-end=\"4701\" data-immersive-translate-walked=\"662ace0b-dde6-4a57-8ef9-d70211bd73a1\" data-immersive-translate-paragraph=\"1\">Vous avez besoin de quelque chose d'unique ? Nous proposons \u00e9galement des services OEM et ODM pour r\u00e9pondre \u00e0 vos besoins sp\u00e9cifiques.<\/p>\n<h3 data-start=\"4708\" data-end=\"4726\" data-immersive-translate-walked=\"662ace0b-dde6-4a57-8ef9-d70211bd73a1\" data-immersive-translate-paragraph=\"1\">Pourquoi nous choisir ?<\/h3>\n<p data-start=\"4728\" data-end=\"4848\" data-immersive-translate-walked=\"662ace0b-dde6-4a57-8ef9-d70211bd73a1\" data-immersive-translate-paragraph=\"1\">Forts d'une d\u00e9cennie d'exp\u00e9rience dans le domaine des solutions de traitement des d\u00e9chets industriels, nous nous portons garants de toutes les presses \u00e0 balles que nous fabriquons. Nos machines sont :<\/p>\n<ul>\n<li data-start=\"4852\" data-end=\"4876\" data-immersive-translate-walked=\"662ace0b-dde6-4a57-8ef9-d70211bd73a1\">Certifi\u00e9 CE et ISO<\/li>\n<li data-start=\"4879\" data-end=\"4910\" data-immersive-translate-walked=\"662ace0b-dde6-4a57-8ef9-d70211bd73a1\" data-immersive-translate-paragraph=\"1\">Construit avec des composants de premi\u00e8re qualit\u00e9<\/li>\n<li data-start=\"4913\" data-end=\"4962\" data-immersive-translate-walked=\"662ace0b-dde6-4a57-8ef9-d70211bd73a1\" data-immersive-translate-paragraph=\"1\">Livr\u00e9 avec une formation et des manuels complets<\/li>\n<li data-start=\"4965\" data-end=\"5006\" data-immersive-translate-walked=\"662ace0b-dde6-4a57-8ef9-d70211bd73a1\" data-immersive-translate-paragraph=\"1\">Soutenu par des \u00e9quipes techniques r\u00e9actives<\/li>\n<li data-start=\"5009\" data-end=\"5059\" data-immersive-translate-walked=\"662ace0b-dde6-4a57-8ef9-d70211bd73a1\" data-immersive-translate-paragraph=\"1\">Disponible \u00e0 des prix comp\u00e9titifs et avec une livraison rapide<\/li>\n<\/ul>\n<p data-start=\"5061\" data-end=\"5183\" data-immersive-translate-walked=\"662ace0b-dde6-4a57-8ef9-d70211bd73a1\" data-immersive-translate-paragraph=\"1\">Notre client\u00e8le internationale - des petits ateliers aux usines multinationales - nous fait confiance pour des \u00e9quipements durables et un service fiable.<\/p>\n<h3 data-start=\"5190\" data-end=\"5231\" data-immersive-translate-walked=\"662ace0b-dde6-4a57-8ef9-d70211bd73a1\" data-immersive-translate-paragraph=\"1\">Un soutien fiable, m\u00eame apr\u00e8s la vente<\/h3>\n<p data-start=\"5233\" data-end=\"5320\" data-immersive-translate-walked=\"662ace0b-dde6-4a57-8ef9-d70211bd73a1\" data-immersive-translate-paragraph=\"1\">Nous ne nous contentons pas de vendre des machines, nous soutenons votre activit\u00e9. Notre service apr\u00e8s-vente comprend<\/p>\n<ul>\n<li data-start=\"5324\" data-end=\"5354\" data-immersive-translate-walked=\"662ace0b-dde6-4a57-8ef9-d70211bd73a1\" data-immersive-translate-paragraph=\"1\">Guide d'installation \u00e0 distance<\/li>\n<li data-start=\"5357\" data-end=\"5400\" data-immersive-translate-walked=\"662ace0b-dde6-4a57-8ef9-d70211bd73a1\" data-immersive-translate-paragraph=\"1\">Tutoriels vid\u00e9o sur le fonctionnement et l'entretien<\/li>\n<li data-start=\"5403\" data-end=\"5434\" data-immersive-translate-walked=\"662ace0b-dde6-4a57-8ef9-d70211bd73a1\" data-immersive-translate-paragraph=\"1\">Pi\u00e8ces de rechange facilement disponibles<\/li>\n<li data-start=\"5437\" data-end=\"5469\" data-immersive-translate-walked=\"662ace0b-dde6-4a57-8ef9-d70211bd73a1\" data-immersive-translate-paragraph=\"1\">Entretien programm\u00e9 sur demande<\/li>\n<\/ul>\n<p data-start=\"5471\" data-end=\"5512\" data-immersive-translate-walked=\"662ace0b-dde6-4a57-8ef9-d70211bd73a1\" data-immersive-translate-paragraph=\"1\">Votre r\u00e9ussite est notre engagement \u00e0 long terme.<\/p>\n<h3 data-start=\"5519\" data-end=\"5537\" data-immersive-translate-walked=\"662ace0b-dde6-4a57-8ef9-d70211bd73a1\" data-immersive-translate-paragraph=\"1\">R\u00e9flexions finales<\/h3>\n<p data-start=\"5539\" data-end=\"5892\" data-immersive-translate-walked=\"662ace0b-dde6-4a57-8ef9-d70211bd73a1\" data-immersive-translate-paragraph=\"1\">Dans le monde des affaires d'aujourd'hui, qui \u00e9volue rapidement et qui est soucieux de l'environnement, une presse \u00e0 balles verticale est plus qu'un simple outil, c'est un investissement intelligent. Elle simplifie la gestion des d\u00e9chets, r\u00e9duit les co\u00fbts et soutient les objectifs environnementaux. Que vous souhaitiez am\u00e9liorer votre strat\u00e9gie de gestion des d\u00e9chets ou que vous recherchiez un espace de travail plus propre et plus efficace, notre presse \u00e0 balles verticales est faite pour vous.<\/p>","protected":false},"excerpt":{"rendered":"<p>Notre presse \u00e0 balles verticale compacte le carton, les textiles et les d\u00e9chets plastiques en balles denses, r\u00e9duisant ainsi le volume jusqu'\u00e0 90%. Con\u00e7ue pour les entrep\u00f4ts, les centres de recyclage et les usines de fabrication, elle se caract\u00e9rise par une force de compression \u00e9lev\u00e9e (10-50 tonnes), une faible consommation d'\u00e9nergie et des dispositifs de verrouillage de s\u00e9curit\u00e9. La conception verticale permet d'\u00e9conomiser de l'espace au sol tout en am\u00e9liorant l'efficacit\u00e9 du traitement des d\u00e9chets. Les options comprennent des syst\u00e8mes d'attache automatique, des commandes PLC et des tailles de balles personnalis\u00e9es. R\u00e9duisez les co\u00fbts d'\u00e9limination et augmentez les revenus du recyclage gr\u00e2ce \u00e0 cette solution robuste et n\u00e9cessitant peu d'entretien.<\/p>","protected":false},"featured_media":1950,"template":"","meta":{"site-sidebar-layout":"default","site-content-layout":"","ast-site-content-layout":"default","site-content-style":"default","site-sidebar-style":"default","ast-global-header-display":"","ast-banner-title-visibility":"","ast-main-header-display":"","ast-hfb-above-header-display":"","ast-hfb-below-header-display":"","ast-hfb-mobile-header-display":"","site-post-title":"","ast-breadcrumbs-content":"","ast-featured-img":"","footer-sml-layout":"","ast-disable-related-posts":"","theme-transparent-header-meta":"default","adv-header-id-meta":"","stick-header-meta":"","header-above-stick-meta":"","header-main-stick-meta":"","header-below-stick-meta":"","astra-migrate-meta-layouts":"set","ast-page-background-enabled":"default","ast-page-background-meta":{"desktop":{"background-color":"var(--ast-global-color-5)","background-image":"","background-repeat":"repeat","background-position":"center center","background-size":"auto","background-attachment":"scroll","background-type":"","background-media":"","overlay-type":"","overlay-color":"","overlay-opacity":"","overlay-gradient":""},"tablet":{"background-color":"","background-image":"","background-repeat":"repeat","background-position":"center center","background-size":"auto","background-attachment":"scroll","background-type":"","background-media":"","overlay-type":"","overlay-color":"","overlay-opacity":"","overlay-gradient":""},"mobile":{"background-color":"","background-image":"","background-repeat":"repeat","background-position":"center center","background-size":"auto","background-attachment":"scroll","background-type":"","background-media":"","overlay-type":"","overlay-color":"","overlay-opacity":"","overlay-gradient":""}},"ast-content-background-meta":{"desktop":{"background-color":"var(--ast-global-color-4)","background-image":"","background-repeat":"repeat","background-position":"center center","background-size":"auto","background-attachment":"scroll","background-type":"","background-media":"","overlay-type":"","overlay-color":"","overlay-opacity":"","overlay-gradient":""},"tablet":{"background-color":"var(--ast-global-color-4)","background-image":"","background-repeat":"repeat","background-position":"center center","background-size":"auto","background-attachment":"scroll","background-type":"","background-media":"","overlay-type":"","overlay-color":"","overlay-opacity":"","overlay-gradient":""},"mobile":{"background-color":"var(--ast-global-color-4)","background-image":"","background-repeat":"repeat","background-position":"center center","background-size":"auto","background-attachment":"scroll","background-type":"","background-media":"","overlay-type":"","overlay-color":"","overlay-opacity":"","overlay-gradient":""}}},"product_brand":[],"product_cat":[21,152],"product_tag":[],"class_list":{"0":"post-1988","1":"product","2":"type-product","3":"status-publish","4":"has-post-thumbnail","6":"product_cat-baling-machine","7":"product_cat-vertical-baler","8":"desktop-align-left","9":"tablet-align-left","10":"mobile-align-left","12":"first","13":"instock","14":"shipping-taxable","15":"product-type-simple"},"_links":{"self":[{"href":"https:\/\/www.gigapa.com\/fr\/wp-json\/wp\/v2\/product\/1988","targetHints":{"allow":["GET"]}}],"collection":[{"href":"https:\/\/www.gigapa.com\/fr\/wp-json\/wp\/v2\/product"}],"about":[{"href":"https:\/\/www.gigapa.com\/fr\/wp-json\/wp\/v2\/types\/product"}],"version-history":[{"count":2,"href":"https:\/\/www.gigapa.com\/fr\/wp-json\/wp\/v2\/product\/1988\/revisions"}],"predecessor-version":[{"id":2140,"href":"https:\/\/www.gigapa.com\/fr\/wp-json\/wp\/v2\/product\/1988\/revisions\/2140"}],"wp:featuredmedia":[{"embeddable":true,"href":"https:\/\/www.gigapa.com\/fr\/wp-json\/wp\/v2\/media\/1950"}],"wp:attachment":[{"href":"https:\/\/www.gigapa.com\/fr\/wp-json\/wp\/v2\/media?parent=1988"}],"wp:term":[{"taxonomy":"product_brand","embeddable":true,"href":"https:\/\/www.gigapa.com\/fr\/wp-json\/wp\/v2\/product_brand?post=1988"},{"taxonomy":"product_cat","embeddable":true,"href":"https:\/\/www.gigapa.com\/fr\/wp-json\/wp\/v2\/product_cat?post=1988"},{"taxonomy":"product_tag","embeddable":true,"href":"https:\/\/www.gigapa.com\/fr\/wp-json\/wp\/v2\/product_tag?post=1988"}],"curies":[{"name":"wp","href":"https:\/\/api.w.org\/{rel}","templated":true}]}}