{"id":1992,"date":"2025-06-18T14:27:01","date_gmt":"2025-06-18T06:27:01","guid":{"rendered":"https:\/\/www.gigapa.com\/?post_type=product&#038;p=1992"},"modified":"2025-10-13T09:15:52","modified_gmt":"2025-10-13T01:15:52","slug":"standard-vertical-hydraulic-baler-manual-door-opening","status":"publish","type":"product","link":"https:\/\/www.gigapa.com\/fr\/product\/standard-vertical-hydraulic-baler-manual-door-opening\/","title":{"rendered":"Presse \u00e0 balles hydraulique verticale standard - (ouverture manuelle de la porte)"},"content":{"rendered":"<p data-start=\"274\" data-end=\"799\">Dans un environnement industriel de plus en plus soucieux de l'environnement et de l'efficacit\u00e9, la gestion des d\u00e9chets est devenue une priorit\u00e9 essentielle dans de nombreux secteurs. Qu'il s'agisse de fabrication, de vente au d\u00e9tail, de distribution ou de logistique, les entreprises sont constamment \u00e0 la recherche de solutions rentables, peu encombrantes et respectueuses de l'environnement. La presse \u00e0 balles hydraulique verticale standard avec ouverture manuelle de la porte offre une solution fiable, conviviale et \u00e9conomique pour le compactage d'une large gamme de d\u00e9chets recyclables.<\/p>\n<p data-start=\"801\" data-end=\"1217\">Cette presse \u00e0 balles verticale est sp\u00e9cialement con\u00e7ue pour r\u00e9pondre aux besoins des entreprises qui produisent des volumes mod\u00e9r\u00e9s de d\u00e9chets tels que le carton, le papier, les textiles, les films plastiques et les emballages souples. Elle comprime ces mat\u00e9riaux en balles serr\u00e9es qui sont plus faciles \u00e0 stocker, \u00e0 transporter ou \u00e0 recycler, ce qui permet aux entreprises de r\u00e9duire les co\u00fbts d'\u00e9limination, de maintenir des espaces de travail plus propres et de faire preuve de responsabilit\u00e9 environnementale.<\/p>\n<h3 data-start=\"1224\" data-end=\"1260\"><strong data-start=\"1228\" data-end=\"1260\">Conception verticale \u00e0 faible encombrement<\/strong><\/h3>\n<p data-start=\"1262\" data-end=\"1688\">La configuration verticale de cette presse \u00e0 balles est id\u00e9ale pour les entreprises dont l'espace au sol est limit\u00e9. Sa structure verticale permet de l'installer dans des espaces r\u00e9duits tels que les entrep\u00f4ts, les arri\u00e8re-magasins et les quais de chargement \u00e9troits, sans g\u00eaner les op\u00e9rations quotidiennes. L'encombrement r\u00e9duit ne sacrifie pas les performances et offre toujours une force de compactage \u00e9lev\u00e9e, ce qui en fait un choix de pr\u00e9dilection pour les petites et moyennes entreprises.<\/p>\n<h3 data-start=\"1695\" data-end=\"1752\"><strong data-start=\"1699\" data-end=\"1752\">Ouverture manuelle de la porte pour une utilisation s\u00fbre et simple<\/strong><\/h3>\n<p data-start=\"1754\" data-end=\"2128\">Le <strong data-start=\"1758\" data-end=\"1781\">ouverture manuelle de la porte<\/strong> offre un acc\u00e8s contr\u00f4l\u00e9 et s\u00fbr \u00e0 la chambre de chargement. Cette conception permet aux op\u00e9rateurs d'ouvrir et de fermer manuellement la porte avant lors du chargement des mat\u00e9riaux ou de l'enl\u00e8vement des balles finies. Contrairement aux portes automatis\u00e9es qui n\u00e9cessitent des m\u00e9canismes et une maintenance plus complexes, le syst\u00e8me manuel r\u00e9duit la complexit\u00e9 m\u00e9canique et am\u00e9liore la fiabilit\u00e9 de la machine.<\/p>\n<p data-start=\"2130\" data-end=\"2452\">En outre, le fonctionnement manuel de la porte accro\u00eet le contr\u00f4le de l'utilisateur, ce qui peut s'av\u00e9rer particuli\u00e8rement utile lors du traitement de mat\u00e9riaux incoh\u00e9rents ou irr\u00e9guliers, tels que les chutes de textile ou le carton froiss\u00e9. Les op\u00e9rateurs peuvent surveiller la chambre de pr\u00e8s, positionner les mat\u00e9riaux correctement et assurer une efficacit\u00e9 maximale de la charge avant la compression.<\/p>\n<h3 data-start=\"2459\" data-end=\"2502\"><strong data-start=\"2463\" data-end=\"2502\">Id\u00e9al pour une large gamme de mat\u00e9riaux<\/strong><\/h3>\n<p data-start=\"2504\" data-end=\"2617\">La presse \u00e0 balles hydraulique verticale standard est con\u00e7ue pour le compactage de mat\u00e9riaux multiples. Elle est largement utilis\u00e9e pour la manutention :<\/p>\n<ul>\n<li data-start=\"2621\" data-end=\"2653\">Bo\u00eetes en carton ondul\u00e9 (OCC)<\/li>\n<li data-start=\"2656\" data-end=\"2691\">Papier de bureau et documents d\u00e9chiquet\u00e9s<\/li>\n<li data-start=\"2694\" data-end=\"2742\">Films plastiques, emballages r\u00e9tractables et d\u00e9chets d'emballage<\/li>\n<li data-start=\"2745\" data-end=\"2779\">Textiles, chiffons et chutes de v\u00eatements<\/li>\n<li data-start=\"2782\" data-end=\"2817\">Canettes en aluminium et bouteilles en PET (s\u00e8ches)<\/li>\n<li data-start=\"2820\" data-end=\"2843\">D\u00e9chets solides secs g\u00e9n\u00e9raux<\/li>\n<\/ul>\n<p data-start=\"2845\" data-end=\"3096\">Cette polyvalence fait de cette machine une excellente presse \u00e0 balles polyvalente pour les entreprises ayant des flux de d\u00e9chets divers. Elle favorise \u00e9galement la s\u00e9paration des mat\u00e9riaux \u00e0 la source, ce qui aide les entreprises \u00e0 se conformer aux r\u00e9glementations locales en mati\u00e8re de recyclage et \u00e0 am\u00e9liorer l'efficacit\u00e9 du recyclage.<\/p>\n<h3 data-start=\"3103\" data-end=\"3141\"><strong data-start=\"3107\" data-end=\"3141\">R\u00e9duction rentable des d\u00e9chets<\/strong><\/h3>\n<p data-start=\"3143\" data-end=\"3278\">En comprimant de grands volumes de d\u00e9chets en vrac en balles plus petites et plus denses, la presse \u00e0 balles verticale offre des avantages financiers directs, notamment<\/p>\n<ul>\n<li data-start=\"3282\" data-end=\"3316\">R\u00e9duction de la fr\u00e9quence de collecte des d\u00e9chets<\/li>\n<li data-start=\"3319\" data-end=\"3361\">R\u00e9duction des frais de transport et de mise en d\u00e9charge<\/li>\n<li data-start=\"3364\" data-end=\"3396\">Des besoins de stockage r\u00e9duits au minimum<\/li>\n<li data-start=\"3399\" data-end=\"3439\">Am\u00e9lioration de la propret\u00e9 et de la s\u00e9curit\u00e9 des installations<\/li>\n<\/ul>\n<p data-start=\"3441\" data-end=\"3639\">Ces \u00e9conomies s'accumulent rapidement, en particulier pour les entreprises dont les d\u00e9chets d'emballage sont r\u00e9currents. En outre, les balles bien form\u00e9es peuvent \u00eatre vendues ou transport\u00e9es vers des recycleurs, transformant ainsi les d\u00e9chets en revenus potentiels.<\/p>\n<h3 data-start=\"3646\" data-end=\"3687\"><strong data-start=\"3650\" data-end=\"3687\">Convivialit\u00e9 et faible entretien<\/strong><\/h3>\n<p data-start=\"3689\" data-end=\"4066\">La presse \u00e0 balles a \u00e9t\u00e9 con\u00e7ue dans un souci de simplicit\u00e9, ce qui permet aux op\u00e9rateurs de l'utiliser facilement avec une formation minimale. Les fonctions de base sont intuitives, ce qui permet une prise en main rapide et un fonctionnement r\u00e9gulier, m\u00eame dans les environnements \u00e0 forte rotation. Le m\u00e9canisme de porte \u00e0 commande manuelle contribue \u00e9galement \u00e0 r\u00e9duire les pannes et les besoins de maintenance au fil du temps, r\u00e9duisant ainsi les temps d'arr\u00eat et les co\u00fbts d'entretien.<\/p>\n<p data-start=\"4068\" data-end=\"4099\">Les principaux avantages pour les utilisateurs sont les suivants<\/p>\n<ul>\n<li data-start=\"4103\" data-end=\"4141\">Interface de contr\u00f4le facile \u00e0 comprendre<\/li>\n<li data-start=\"4144\" data-end=\"4180\">Syst\u00e8me d'alimentation manuelle \u00e0 hauteur de la taille<\/li>\n<li data-start=\"4183\" data-end=\"4224\">Processus simple d'enl\u00e8vement et de liage des balles<\/li>\n<li data-start=\"4227\" data-end=\"4270\">Composants durables con\u00e7us pour une longue dur\u00e9e de vie<\/li>\n<\/ul>\n<p data-start=\"4272\" data-end=\"4391\">Ces caract\u00e9ristiques le rendent particuli\u00e8rement adapt\u00e9 aux petites entreprises ou aux op\u00e9rations ne disposant pas d'un personnel d\u00e9di\u00e9 \u00e0 la gestion des d\u00e9chets.<\/p>\n<h3 data-start=\"5077\" data-end=\"5124\"><strong data-start=\"5081\" data-end=\"5124\">Applications dans plusieurs secteurs d'activit\u00e9<\/strong><\/h3>\n<p data-start=\"5126\" data-end=\"5260\">La flexibilit\u00e9, la fiabilit\u00e9 et le prix abordable de cette presse \u00e0 balles lui permettent de s'adapter \u00e0 un large \u00e9ventail d'industries et de secteurs, notamment :<\/p>\n<ul>\n<li data-start=\"5264\" data-end=\"5361\"><strong data-start=\"5264\" data-end=\"5291\">Commerce de d\u00e9tail et supermarch\u00e9s<\/strong> - Pour les d\u00e9chets d'emballage quotidiens tels que les bo\u00eetes en carton et le film r\u00e9tractable<\/li>\n<li data-start=\"5364\" data-end=\"5447\"><strong data-start=\"5364\" data-end=\"5393\">Entreposage et logistique<\/strong> - Pour les films plastiques, le papier et les emballages mis au rebut<\/li>\n<li data-start=\"5450\" data-end=\"5528\"><strong data-start=\"5450\" data-end=\"5483\">Usines de v\u00eatements et de textiles<\/strong> - Pour les chutes de tissu et les v\u00eatements d\u00e9fectueux<\/li>\n<li data-start=\"5531\" data-end=\"5601\"><strong data-start=\"5531\" data-end=\"5560\">Points de vente de produits alimentaires et de boissons<\/strong> - Pour les mat\u00e9riaux d'emballage secs et les bo\u00eetes de conserve<\/li>\n<li data-start=\"5604\" data-end=\"5704\"><strong data-start=\"5604\" data-end=\"5626\">Secteur de l'h\u00f4tellerie et de la restauration<\/strong> - H\u00f4tels et centres de vill\u00e9giature g\u00e9rant d'importants volumes de d\u00e9chets d'emballages li\u00e9s aux clients<\/li>\n<li data-start=\"5707\" data-end=\"5781\"><strong data-start=\"5707\" data-end=\"5729\">Bureaux commerciaux<\/strong> - Pour les d\u00e9chets de papier et les programmes de recyclage internes<\/li>\n<\/ul>\n<p data-start=\"5783\" data-end=\"5907\">La conception de la porte manuelle permet une int\u00e9gration facile dans les flux de travail existants sans n\u00e9cessiter de mises \u00e0 niveau complexes ou d'automatisation.<\/p>\n<h3 data-start=\"5914\" data-end=\"5963\"><strong data-start=\"5918\" data-end=\"5963\">Un investissement intelligent pour une croissance durable<\/strong><\/h3>\n<p data-start=\"5965\" data-end=\"6307\">La presse \u00e0 balles hydraulique verticale standard (ouverture manuelle de la porte) est plus qu'une simple machine : c'est un investissement strat\u00e9gique dans l'efficacit\u00e9, la propret\u00e9 et le d\u00e9veloppement durable. Face \u00e0 l'augmentation des co\u00fbts d'\u00e9limination des d\u00e9chets et \u00e0 la demande croissante des consommateurs pour des op\u00e9rations respectueuses de l'environnement, les entreprises doivent mettre en \u0153uvre des strat\u00e9gies de r\u00e9duction des d\u00e9chets qui apportent une r\u00e9elle valeur ajout\u00e9e.<\/p>\n<p data-start=\"6309\" data-end=\"6576\">C'est exactement ce qu'offre cette presse \u00e0 balles : des performances fiables, une maintenance minimale, un fonctionnement simple et des \u00e9conomies imm\u00e9diates. Que vous commenciez \u00e0 organiser vos d\u00e9chets ou que vous cherchiez \u00e0 remplacer les bacs en vrac, cette presse \u00e0 balles constitue une solution intelligente et \u00e9volutive.<\/p>\n<h3 data-start=\"6583\" data-end=\"6601\"><strong data-start=\"6587\" data-end=\"6601\">Conclusion<\/strong><\/h3>\n<p data-start=\"6603\" data-end=\"7007\">Si votre entreprise g\u00e9n\u00e8re des d\u00e9chets recyclables et que vous recherchez un moyen abordable, efficace et \u00e9cologique de les g\u00e9rer, la presse \u00e0 balles hydraulique verticale Standard avec ouverture manuelle de la porte est le choix id\u00e9al. Con\u00e7ue pour concilier simplicit\u00e9 et fonctionnalit\u00e9, cette presse \u00e0 balles est le compagnon id\u00e9al pour toute entreprise souhaitant rationaliser ses op\u00e9rations, r\u00e9duire ses co\u00fbts et soutenir un avenir plus vert.<\/p>","protected":false},"excerpt":{"rendered":"<p data-start=\"480\" data-end=\"1132\">La presse \u00e0 balles hydraulique verticale standard avec ouverture manuelle de la porte est une solution fiable pour le compactage du carton, des plastiques, des textiles et d'autres mat\u00e9riaux recyclables. Con\u00e7ue pour \u00eatre facile \u00e0 utiliser et \u00e0 entretenir, cette presse \u00e0 balles est \u00e9quip\u00e9e d'une porte avant \u00e0 commande manuelle pour un chargement et un d\u00e9chargement en toute s\u00e9curit\u00e9. Sa conception verticale permet d'\u00e9conomiser de l'espace, ce qui la rend id\u00e9ale pour les magasins de d\u00e9tail, les entrep\u00f4ts, les usines et les centres de recyclage. Gr\u00e2ce \u00e0 une pression hydraulique puissante, elle r\u00e9duit efficacement le volume des d\u00e9chets et favorise les op\u00e9rations durables. Rentable et convivial, il est parfait pour les entreprises qui souhaitent g\u00e9rer leurs d\u00e9chets de mani\u00e8re plus responsable et am\u00e9liorer la propret\u00e9 de leur site.<\/p>","protected":false},"featured_media":1948,"template":"","meta":{"site-sidebar-layout":"default","site-content-layout":"","ast-site-content-layout":"default","site-content-style":"default","site-sidebar-style":"default","ast-global-header-display":"","ast-banner-title-visibility":"","ast-main-header-display":"","ast-hfb-above-header-display":"","ast-hfb-below-header-display":"","ast-hfb-mobile-header-display":"","site-post-title":"","ast-breadcrumbs-content":"","ast-featured-img":"","footer-sml-layout":"","ast-disable-related-posts":"","theme-transparent-header-meta":"default","adv-header-id-meta":"","stick-header-meta":"","header-above-stick-meta":"","header-main-stick-meta":"","header-below-stick-meta":"","astra-migrate-meta-layouts":"set","ast-page-background-enabled":"default","ast-page-background-meta":{"desktop":{"background-color":"var(--ast-global-color-5)","background-image":"","background-repeat":"repeat","background-position":"center center","background-size":"auto","background-attachment":"scroll","background-type":"","background-media":"","overlay-type":"","overlay-color":"","overlay-opacity":"","overlay-gradient":""},"tablet":{"background-color":"","background-image":"","background-repeat":"repeat","background-position":"center center","background-size":"auto","background-attachment":"scroll","background-type":"","background-media":"","overlay-type":"","overlay-color":"","overlay-opacity":"","overlay-gradient":""},"mobile":{"background-color":"","background-image":"","background-repeat":"repeat","background-position":"center center","background-size":"auto","background-attachment":"scroll","background-type":"","background-media":"","overlay-type":"","overlay-color":"","overlay-opacity":"","overlay-gradient":""}},"ast-content-background-meta":{"desktop":{"background-color":"var(--ast-global-color-4)","background-image":"","background-repeat":"repeat","background-position":"center center","background-size":"auto","background-attachment":"scroll","background-type":"","background-media":"","overlay-type":"","overlay-color":"","overlay-opacity":"","overlay-gradient":""},"tablet":{"background-color":"var(--ast-global-color-4)","background-image":"","background-repeat":"repeat","background-position":"center center","background-size":"auto","background-attachment":"scroll","background-type":"","background-media":"","overlay-type":"","overlay-color":"","overlay-opacity":"","overlay-gradient":""},"mobile":{"background-color":"var(--ast-global-color-4)","background-image":"","background-repeat":"repeat","background-position":"center center","background-size":"auto","background-attachment":"scroll","background-type":"","background-media":"","overlay-type":"","overlay-color":"","overlay-opacity":"","overlay-gradient":""}}},"product_brand":[],"product_cat":[21,152],"product_tag":[],"class_list":{"0":"post-1992","1":"product","2":"type-product","3":"status-publish","4":"has-post-thumbnail","6":"product_cat-baling-machine","7":"product_cat-vertical-baler","8":"desktop-align-left","9":"tablet-align-left","10":"mobile-align-left","12":"first","13":"instock","14":"shipping-taxable","15":"product-type-simple"},"_links":{"self":[{"href":"https:\/\/www.gigapa.com\/fr\/wp-json\/wp\/v2\/product\/1992","targetHints":{"allow":["GET"]}}],"collection":[{"href":"https:\/\/www.gigapa.com\/fr\/wp-json\/wp\/v2\/product"}],"about":[{"href":"https:\/\/www.gigapa.com\/fr\/wp-json\/wp\/v2\/types\/product"}],"version-history":[{"count":2,"href":"https:\/\/www.gigapa.com\/fr\/wp-json\/wp\/v2\/product\/1992\/revisions"}],"predecessor-version":[{"id":2138,"href":"https:\/\/www.gigapa.com\/fr\/wp-json\/wp\/v2\/product\/1992\/revisions\/2138"}],"wp:featuredmedia":[{"embeddable":true,"href":"https:\/\/www.gigapa.com\/fr\/wp-json\/wp\/v2\/media\/1948"}],"wp:attachment":[{"href":"https:\/\/www.gigapa.com\/fr\/wp-json\/wp\/v2\/media?parent=1992"}],"wp:term":[{"taxonomy":"product_brand","embeddable":true,"href":"https:\/\/www.gigapa.com\/fr\/wp-json\/wp\/v2\/product_brand?post=1992"},{"taxonomy":"product_cat","embeddable":true,"href":"https:\/\/www.gigapa.com\/fr\/wp-json\/wp\/v2\/product_cat?post=1992"},{"taxonomy":"product_tag","embeddable":true,"href":"https:\/\/www.gigapa.com\/fr\/wp-json\/wp\/v2\/product_tag?post=1992"}],"curies":[{"name":"wp","href":"https:\/\/api.w.org\/{rel}","templated":true}]}}