{"id":1994,"date":"2025-06-18T09:49:58","date_gmt":"2025-06-18T01:49:58","guid":{"rendered":"https:\/\/www.gigapa.com\/?post_type=product&#038;p=1994"},"modified":"2025-10-13T09:15:52","modified_gmt":"2025-10-13T01:15:52","slug":"vertical-solid-waste-baler","status":"publish","type":"product","link":"https:\/\/www.gigapa.com\/fr\/product\/vertical-solid-waste-baler\/","title":{"rendered":"Presse \u00e0 balles verticale pour d\u00e9chets solides"},"content":{"rendered":"<h3 data-start=\"215\" data-end=\"239\" data-immersive-translate-walked=\"d031e606-b67d-4f5f-96db-1fa1e624d354\"><strong data-start=\"215\" data-end=\"239\" data-immersive-translate-walked=\"d031e606-b67d-4f5f-96db-1fa1e624d354\" data-immersive-translate-paragraph=\"1\">Description du produit :<\/strong><\/h3>\n<p data-start=\"241\" data-end=\"678\" data-immersive-translate-walked=\"d031e606-b67d-4f5f-96db-1fa1e624d354\" data-immersive-translate-paragraph=\"1\">La presse \u00e0 balles verticale pour d\u00e9chets solides est un \u00e9quipement essentiel pour les entreprises et les installations qui g\u00e9n\u00e8rent d'importants volumes de d\u00e9chets solides et de mat\u00e9riaux recyclables. Con\u00e7ue pour offrir une solution fiable et peu encombrante pour le compactage de mat\u00e9riaux tels que le carton, le papier, les films plastiques, les textiles et les d\u00e9chets solides en g\u00e9n\u00e9ral, cette presse \u00e0 balles verticale permet de r\u00e9duire les co\u00fbts d'\u00e9limination, d'am\u00e9liorer la propret\u00e9 du site et de soutenir les objectifs de d\u00e9veloppement durable.<\/p>\n<p data-start=\"680\" data-end=\"1036\" data-immersive-translate-walked=\"d031e606-b67d-4f5f-96db-1fa1e624d354\" data-immersive-translate-paragraph=\"1\">\u00c0 une \u00e9poque o\u00f9 la responsabilit\u00e9 environnementale et l'efficacit\u00e9 op\u00e9rationnelle sont des priorit\u00e9s absolues, la gestion efficace des d\u00e9chets est plus importante que jamais. La presse \u00e0 balles verticale pour d\u00e9chets solides offre une solution simple mais puissante pour r\u00e9pondre \u00e0 ces besoins, permettant aux organisations de rationaliser le traitement des d\u00e9chets, d'augmenter les taux de recyclage et de maintenir la conformit\u00e9 aux r\u00e9glementations.<\/p>\n<h3 data-start=\"1038\" data-end=\"1070\" data-immersive-translate-walked=\"d031e606-b67d-4f5f-96db-1fa1e624d354\"><strong data-start=\"1038\" data-end=\"1070\" data-immersive-translate-walked=\"d031e606-b67d-4f5f-96db-1fa1e624d354\" data-immersive-translate-paragraph=\"1\">Principales caract\u00e9ristiques et avantages :<\/strong><\/h3>\n<p data-start=\"1077\" data-end=\"1505\" data-immersive-translate-walked=\"d031e606-b67d-4f5f-96db-1fa1e624d354\" data-immersive-translate-paragraph=\"1\"><strong data-start=\"1077\" data-end=\"1115\" data-immersive-translate-walked=\"d031e606-b67d-4f5f-96db-1fa1e624d354\" data-immersive-translate-paragraph=\"1\">1. Conception verticale \u00e0 faible encombrement<\/strong><br data-start=\"1115\" data-end=\"1118\" data-immersive-translate-walked=\"d031e606-b67d-4f5f-96db-1fa1e624d354\" \/>L'un des avantages les plus notables de cette presse \u00e0 balles est sa structure verticale, qui r\u00e9duit consid\u00e9rablement l'espace au sol n\u00e9cessaire \u00e0 son installation et \u00e0 son fonctionnement. Id\u00e9ale pour les installations disposant d'un espace de travail limit\u00e9 (entrep\u00f4ts, magasins de d\u00e9tail, centres de distribution et h\u00f4tels), elle peut \u00eatre plac\u00e9e contre un mur ou dans un coin, ce qui permet de maximiser l'espace utilisable tout en traitant de gros volumes de d\u00e9chets.<\/p>\n<p data-start=\"1512\" data-end=\"1644\" data-immersive-translate-walked=\"d031e606-b67d-4f5f-96db-1fa1e624d354\" data-immersive-translate-paragraph=\"1\"><strong data-start=\"1512\" data-end=\"1556\" data-immersive-translate-walked=\"d031e606-b67d-4f5f-96db-1fa1e624d354\" data-immersive-translate-paragraph=\"1\">2. Capacit\u00e9s polyvalentes de traitement des d\u00e9chets<\/strong><br data-start=\"1556\" data-end=\"1559\" data-immersive-translate-walked=\"d031e606-b67d-4f5f-96db-1fa1e624d354\" \/>Cette presse \u00e0 balles est con\u00e7ue pour traiter une large gamme de d\u00e9chets solides, notamment :<\/p>\n<ul>\n<li data-start=\"1648\" data-end=\"1670\" data-immersive-translate-walked=\"d031e606-b67d-4f5f-96db-1fa1e624d354\" data-immersive-translate-paragraph=\"1\">Carton ondul\u00e9<\/li>\n<li data-start=\"1673\" data-end=\"1710\" data-immersive-translate-walked=\"d031e606-b67d-4f5f-96db-1fa1e624d354\" data-immersive-translate-paragraph=\"1\">Papier de bureau et documents d\u00e9chiquet\u00e9s<\/li>\n<li data-start=\"1713\" data-end=\"1751\" data-immersive-translate-walked=\"d031e606-b67d-4f5f-96db-1fa1e624d354\" data-immersive-translate-paragraph=\"1\">Film plastique, film \u00e9tirable et sacs<\/li>\n<li data-start=\"1754\" data-end=\"1780\" data-immersive-translate-walked=\"d031e606-b67d-4f5f-96db-1fa1e624d354\" data-immersive-translate-paragraph=\"1\">Mat\u00e9riaux d'emballage souples<\/li>\n<li data-start=\"1783\" data-end=\"1816\" data-immersive-translate-walked=\"d031e606-b67d-4f5f-96db-1fa1e624d354\" data-immersive-translate-paragraph=\"1\">D\u00e9chets textiles et d\u00e9chets de tissus<\/li>\n<li data-start=\"1819\" data-end=\"1870\" data-immersive-translate-walked=\"d031e606-b67d-4f5f-96db-1fa1e624d354\" data-immersive-translate-paragraph=\"1\">Canettes en aluminium et bouteilles en PET (non remplies de liquide)<\/li>\n<li data-start=\"1873\" data-end=\"1898\" data-immersive-translate-walked=\"d031e606-b67d-4f5f-96db-1fa1e624d354\" data-immersive-translate-paragraph=\"1\">D\u00e9chets solides secs g\u00e9n\u00e9raux<\/li>\n<\/ul>\n<p data-start=\"1900\" data-end=\"2050\" data-immersive-translate-walked=\"d031e606-b67d-4f5f-96db-1fa1e624d354\" data-immersive-translate-paragraph=\"1\">Sa capacit\u00e9 \u00e0 g\u00e9rer diff\u00e9rents mat\u00e9riaux en fait une solution universelle pour les entreprises qui souhaitent centraliser et simplifier leur processus de gestion des d\u00e9chets.<\/p>\n<p data-start=\"2057\" data-end=\"2281\" data-immersive-translate-walked=\"d031e606-b67d-4f5f-96db-1fa1e624d354\" data-immersive-translate-paragraph=\"1\"><strong data-start=\"2057\" data-end=\"2105\" data-immersive-translate-walked=\"d031e606-b67d-4f5f-96db-1fa1e624d354\" data-immersive-translate-paragraph=\"1\">3. R\u00e9duction des co\u00fbts par la compression des volumes<\/strong><br data-start=\"2105\" data-end=\"2108\" data-immersive-translate-walked=\"d031e606-b67d-4f5f-96db-1fa1e624d354\" \/>L'un des principaux avantages de l'utilisation d'une presse \u00e0 balles verticale est la r\u00e9duction significative du volume des d\u00e9chets. En comprimant les mat\u00e9riaux en balles denses et maniables, les entreprises peuvent :<\/p>\n<ul>\n<li data-start=\"2285\" data-end=\"2338\" data-immersive-translate-walked=\"d031e606-b67d-4f5f-96db-1fa1e624d354\" data-immersive-translate-paragraph=\"1\">R\u00e9duire la fr\u00e9quence et le co\u00fbt de la collecte des d\u00e9chets<\/li>\n<li data-start=\"2341\" data-end=\"2395\" data-immersive-translate-walked=\"d031e606-b67d-4f5f-96db-1fa1e624d354\" data-immersive-translate-paragraph=\"1\">R\u00e9duire les co\u00fbts de transport des mat\u00e9riaux recyclables<\/li>\n<li data-start=\"2398\" data-end=\"2453\" data-immersive-translate-walked=\"d031e606-b67d-4f5f-96db-1fa1e624d354\" data-immersive-translate-paragraph=\"1\">\u00c9liminer le besoin de conteneurs de stockage de d\u00e9chets encombrants<\/li>\n<li data-start=\"2456\" data-end=\"2505\" data-immersive-translate-walked=\"d031e606-b67d-4f5f-96db-1fa1e624d354\" data-immersive-translate-paragraph=\"1\">Am\u00e9liorer l'efficacit\u00e9 du stockage et la propret\u00e9 du site<\/li>\n<\/ul>\n<p data-start=\"2507\" data-end=\"2584\" data-immersive-translate-walked=\"d031e606-b67d-4f5f-96db-1fa1e624d354\" data-immersive-translate-paragraph=\"1\">Cela se traduit directement par des \u00e9conomies mesurables et une am\u00e9lioration du flux op\u00e9rationnel.<\/p>\n<p data-start=\"2591\" data-end=\"3109\" data-immersive-translate-walked=\"d031e606-b67d-4f5f-96db-1fa1e624d354\" data-immersive-translate-paragraph=\"1\"><strong data-start=\"2591\" data-end=\"2653\" data-immersive-translate-walked=\"d031e606-b67d-4f5f-96db-1fa1e624d354\" data-immersive-translate-paragraph=\"1\">4. Soutenir les efforts de respect de l'environnement et de recyclage<\/strong><br data-start=\"2653\" data-end=\"2656\" data-immersive-translate-walked=\"d031e606-b67d-4f5f-96db-1fa1e624d354\" \/>Les gouvernements et les agences environnementales du monde entier renforcent les r\u00e9glementations relatives \u00e0 l'\u00e9limination et au recyclage des d\u00e9chets. La presse \u00e0 balles verticale pour d\u00e9chets solides aide les entreprises \u00e0 rester en conformit\u00e9 avec ces r\u00e9glementations en facilitant la s\u00e9paration des d\u00e9chets et en pr\u00e9parant les mat\u00e9riaux recyclables pour un traitement efficace en aval. De nombreux centres de recyclage offrent des remises pour les mat\u00e9riaux bien mis en balles, ce qui donne aux entreprises une source de revenus suppl\u00e9mentaire et r\u00e9duit l'impact sur l'environnement.<\/p>\n<p data-start=\"3116\" data-end=\"3612\" data-immersive-translate-walked=\"d031e606-b67d-4f5f-96db-1fa1e624d354\" data-immersive-translate-paragraph=\"1\"><strong data-start=\"3116\" data-end=\"3153\" data-immersive-translate-walked=\"d031e606-b67d-4f5f-96db-1fa1e624d354\" data-immersive-translate-paragraph=\"1\">5. Convivialit\u00e9 et \u00e9conomie de main-d'\u0153uvre<\/strong><br data-start=\"3153\" data-end=\"3156\" data-immersive-translate-walked=\"d031e606-b67d-4f5f-96db-1fa1e624d354\" \/>La presse \u00e0 balles est dot\u00e9e d'un syst\u00e8me de commande simple et d'un fonctionnement s\u00fbr et facile \u00e0 utiliser. Gr\u00e2ce \u00e0 la chambre de chargement verticale, les op\u00e9rateurs peuvent charger manuellement les mat\u00e9riaux au niveau de la taille sans avoir \u00e0 se pencher ou \u00e0 se soulever de mani\u00e8re excessive. L'\u00e9jection automatique des balles simplifie le processus d'enl\u00e8vement, r\u00e9duisant le besoin d'intervention manuelle et le risque de blessure sur le lieu de travail. M\u00eame le personnel ayant une exp\u00e9rience technique minimale peut l'utiliser de mani\u00e8re s\u00fbre et efficace apr\u00e8s une br\u00e8ve formation.<\/p>\n<p data-start=\"3619\" data-end=\"3772\" data-immersive-translate-walked=\"d031e606-b67d-4f5f-96db-1fa1e624d354\" data-immersive-translate-paragraph=\"1\"><strong data-start=\"3619\" data-end=\"3672\" data-immersive-translate-walked=\"d031e606-b67d-4f5f-96db-1fa1e624d354\" data-immersive-translate-paragraph=\"1\">6. Id\u00e9al pour une gamme d'industries et d'installations<\/strong><br data-start=\"3672\" data-end=\"3675\" data-immersive-translate-walked=\"d031e606-b67d-4f5f-96db-1fa1e624d354\" \/>La presse \u00e0 balles verticale pour d\u00e9chets solides est tr\u00e8s adaptable et s'adresse \u00e0 un large \u00e9ventail de secteurs, notamment :<\/p>\n<ul>\n<li data-start=\"3776\" data-end=\"3842\" data-immersive-translate-walked=\"d031e606-b67d-4f5f-96db-1fa1e624d354\" data-immersive-translate-paragraph=\"1\"><strong data-start=\"3776\" data-end=\"3803\" data-immersive-translate-walked=\"d031e606-b67d-4f5f-96db-1fa1e624d354\">Commerce de d\u00e9tail et supermarch\u00e9s<\/strong>: Emballage en carton et emballage sous film r\u00e9tractable<\/li>\n<li data-start=\"3845\" data-end=\"3932\" data-immersive-translate-walked=\"d031e606-b67d-4f5f-96db-1fa1e624d354\" data-immersive-translate-paragraph=\"1\"><strong data-start=\"3845\" data-end=\"3874\" data-immersive-translate-walked=\"d031e606-b67d-4f5f-96db-1fa1e624d354\">Logistique et entreposage<\/strong>: Emballages de palettes, bo\u00eetes en carton ondul\u00e9 et emballages mis au rebut<\/li>\n<li data-start=\"3935\" data-end=\"4007\" data-immersive-translate-walked=\"d031e606-b67d-4f5f-96db-1fa1e624d354\" data-immersive-translate-paragraph=\"1\"><strong data-start=\"3935\" data-end=\"3968\" data-immersive-translate-walked=\"d031e606-b67d-4f5f-96db-1fa1e624d354\">Usines de textile et d'habillement<\/strong>: D\u00e9coupes de tissus et d\u00e9chets de production<\/li>\n<li data-start=\"4010\" data-end=\"4084\" data-immersive-translate-walked=\"d031e606-b67d-4f5f-96db-1fa1e624d354\" data-immersive-translate-paragraph=\"1\"><strong data-start=\"4010\" data-end=\"4042\" data-immersive-translate-walked=\"d031e606-b67d-4f5f-96db-1fa1e624d354\">Installations pour la restauration et les boissons<\/strong>: D\u00e9chets secs d'emballages, de bouteilles et de bo\u00eetes de conserve<\/li>\n<li data-start=\"4087\" data-end=\"4164\" data-immersive-translate-walked=\"d031e606-b67d-4f5f-96db-1fa1e624d354\" data-immersive-translate-paragraph=\"1\"><strong data-start=\"4087\" data-end=\"4109\" data-immersive-translate-walked=\"d031e606-b67d-4f5f-96db-1fa1e624d354\">Bureaux commerciaux<\/strong>: D\u00e9chets de papier, d\u00e9chiquetage de dossiers et \u00e9limination de documents<\/li>\n<li data-start=\"4167\" data-end=\"4256\" data-immersive-translate-walked=\"d031e606-b67d-4f5f-96db-1fa1e624d354\" data-immersive-translate-paragraph=\"1\"><strong data-start=\"4167\" data-end=\"4189\" data-immersive-translate-walked=\"d031e606-b67d-4f5f-96db-1fa1e624d354\">Secteur de l'h\u00f4tellerie et de la restauration<\/strong>: H\u00f4tels, centres de vill\u00e9giature et restaurants g\u00e9rant les d\u00e9chets d'emballage quotidiens<\/li>\n<\/ul>\n<p data-start=\"4258\" data-end=\"4366\" data-immersive-translate-walked=\"d031e606-b67d-4f5f-96db-1fa1e624d354\" data-immersive-translate-paragraph=\"1\">Sa polyvalence en fait un atout pr\u00e9cieux pour les petites entreprises comme pour les op\u00e9rations industrielles \u00e0 grande \u00e9chelle.<\/p>\n<p data-start=\"4373\" data-end=\"4768\" data-immersive-translate-walked=\"d031e606-b67d-4f5f-96db-1fa1e624d354\" data-immersive-translate-paragraph=\"1\"><strong data-start=\"4373\" data-end=\"4426\" data-immersive-translate-walked=\"d031e606-b67d-4f5f-96db-1fa1e624d354\" data-immersive-translate-paragraph=\"1\">7. Environnement de travail propre, ordonn\u00e9 et professionnel<\/strong><br data-start=\"4426\" data-end=\"4429\" data-immersive-translate-walked=\"d031e606-b67d-4f5f-96db-1fa1e624d354\" \/>Les d\u00e9chets en vrac occupent un espace pr\u00e9cieux, encombrent l'environnement de travail et pr\u00e9sentent des risques d'incendie et de s\u00e9curit\u00e9. En compactant les d\u00e9chets en balles serr\u00e9es et empilables, la presse \u00e0 balles verticale contribue \u00e0 rendre les installations plus propres et mieux organis\u00e9es. Cela am\u00e9liore non seulement l'efficacit\u00e9 des travailleurs, mais aussi l'image de l'entreprise aupr\u00e8s des clients et des inspecteurs de la r\u00e9glementation.<\/p>\n<p data-start=\"4775\" data-end=\"5162\" data-immersive-translate-walked=\"d031e606-b67d-4f5f-96db-1fa1e624d354\" data-immersive-translate-paragraph=\"1\"><strong data-start=\"4775\" data-end=\"4817\" data-immersive-translate-walked=\"d031e606-b67d-4f5f-96db-1fa1e624d354\" data-immersive-translate-paragraph=\"1\">8. Durabilit\u00e9 et r\u00e9putation de la marque<\/strong><br data-start=\"4817\" data-end=\"4820\" data-immersive-translate-walked=\"d031e606-b67d-4f5f-96db-1fa1e624d354\" \/>Alors que de plus en plus de consommateurs et de partenaires commerciaux mettent l'accent sur la responsabilit\u00e9 environnementale, des pratiques de gestion des d\u00e9chets visibles et responsables peuvent am\u00e9liorer la perception de la marque et donner \u00e0 votre entreprise un avantage concurrentiel. L'utilisation d'une presse \u00e0 balles verticale d\u00e9montre une approche proactive de la durabilit\u00e9 et positionne votre entreprise comme soucieuse de l'environnement.<\/p>\n<p data-start=\"5169\" data-end=\"5578\" data-immersive-translate-walked=\"d031e606-b67d-4f5f-96db-1fa1e624d354\" data-immersive-translate-paragraph=\"1\"><strong data-start=\"5169\" data-end=\"5216\" data-immersive-translate-walked=\"d031e606-b67d-4f5f-96db-1fa1e624d354\" data-immersive-translate-paragraph=\"1\">9. Construction durable et n\u00e9cessitant peu d'entretien<\/strong><br data-start=\"5216\" data-end=\"5219\" data-immersive-translate-walked=\"d031e606-b67d-4f5f-96db-1fa1e624d354\" \/>Construite avec des composants de haute qualit\u00e9 et un ch\u00e2ssis en acier robuste, la presse \u00e0 balles verticale pour d\u00e9chets solides est con\u00e7ue pour une utilisation \u00e0 long terme dans des environnements \u00e0 forte demande. Elle ne n\u00e9cessite qu'un minimum d'entretien, ce qui r\u00e9duit les temps d'arr\u00eat et prolonge sa dur\u00e9e de vie. Avec un entretien ad\u00e9quat, cette machine offre des performances constantes pendant des ann\u00e9es et un excellent retour sur investissement.<\/p>\n<h3 data-start=\"5585\" data-end=\"5600\" data-immersive-translate-walked=\"d031e606-b67d-4f5f-96db-1fa1e624d354\"><strong data-start=\"5585\" data-end=\"5600\" data-immersive-translate-walked=\"d031e606-b67d-4f5f-96db-1fa1e624d354\" data-immersive-translate-paragraph=\"1\">Conclusion :<\/strong><\/h3>\n<p data-start=\"5602\" data-end=\"5937\" data-immersive-translate-walked=\"d031e606-b67d-4f5f-96db-1fa1e624d354\" data-immersive-translate-paragraph=\"1\">La presse \u00e0 balles verticale pour d\u00e9chets solides est une solution intelligente, peu encombrante et rentable pour toute entreprise cherchant \u00e0 am\u00e9liorer sa strat\u00e9gie de gestion des d\u00e9chets. En r\u00e9duisant le volume des d\u00e9chets, en diminuant les co\u00fbts d'\u00e9limination et en am\u00e9liorant les processus de recyclage, cette presse \u00e0 balles contribue directement \u00e0 votre r\u00e9sultat net tout en soutenant les objectifs de d\u00e9veloppement durable.<\/p>\n<p data-start=\"5939\" data-end=\"6181\" data-immersive-translate-walked=\"d031e606-b67d-4f5f-96db-1fa1e624d354\" data-immersive-translate-paragraph=\"1\">Que vous soyez un d\u00e9taillant traitant des d\u00e9chets d'emballage, un fabricant g\u00e9rant les d\u00e9chets de production, ou une propri\u00e9t\u00e9 commerciale cherchant \u00e0 garder ses installations propres et efficaces, cette presse \u00e0 balles offre la flexibilit\u00e9, la s\u00e9curit\u00e9 et la performance dont vous avez besoin.<\/p>\n<p data-start=\"6183\" data-end=\"6331\" data-immersive-translate-walked=\"d031e606-b67d-4f5f-96db-1fa1e624d354\" data-immersive-translate-paragraph=\"1\">Investissez d\u00e8s aujourd'hui dans la presse \u00e0 balles verticale pour d\u00e9chets solides afin de transformer votre processus de gestion des d\u00e9chets en une op\u00e9ration rationalis\u00e9e et respectueuse de l'environnement.<\/p>","protected":false},"excerpt":{"rendered":"<p>La presse \u00e0 balles verticale pour d\u00e9chets solides est une solution compacte et puissante pour comprimer le carton, le plastique, les emballages et autres d\u00e9chets solides secs. Sa conception verticale permet d'\u00e9conomiser de l'espace au sol tout en offrant une grande efficacit\u00e9 de compactage, ce qui la rend id\u00e9ale pour la vente au d\u00e9tail, l'entreposage, la fabrication et les environnements commerciaux. Cette presse \u00e0 balles permet de r\u00e9duire le volume des d\u00e9chets, de diminuer les co\u00fbts d'\u00e9limination et de soutenir les initiatives de recyclage. Conviviale et n\u00e9cessitant peu d'entretien, elle s'int\u00e8gre facilement dans les flux de travail existants et favorise un environnement de travail propre et organis\u00e9. Un excellent choix pour les entreprises qui recherchent une gestion durable des d\u00e9chets sans compromettre l'espace op\u00e9rationnel ou le budget.<\/p>","protected":false},"featured_media":1947,"template":"","meta":{"site-sidebar-layout":"default","site-content-layout":"","ast-site-content-layout":"default","site-content-style":"default","site-sidebar-style":"default","ast-global-header-display":"","ast-banner-title-visibility":"","ast-main-header-display":"","ast-hfb-above-header-display":"","ast-hfb-below-header-display":"","ast-hfb-mobile-header-display":"","site-post-title":"","ast-breadcrumbs-content":"","ast-featured-img":"","footer-sml-layout":"","ast-disable-related-posts":"","theme-transparent-header-meta":"default","adv-header-id-meta":"","stick-header-meta":"","header-above-stick-meta":"","header-main-stick-meta":"","header-below-stick-meta":"","astra-migrate-meta-layouts":"set","ast-page-background-enabled":"default","ast-page-background-meta":{"desktop":{"background-color":"var(--ast-global-color-5)","background-image":"","background-repeat":"repeat","background-position":"center center","background-size":"auto","background-attachment":"scroll","background-type":"","background-media":"","overlay-type":"","overlay-color":"","overlay-opacity":"","overlay-gradient":""},"tablet":{"background-color":"","background-image":"","background-repeat":"repeat","background-position":"center center","background-size":"auto","background-attachment":"scroll","background-type":"","background-media":"","overlay-type":"","overlay-color":"","overlay-opacity":"","overlay-gradient":""},"mobile":{"background-color":"","background-image":"","background-repeat":"repeat","background-position":"center center","background-size":"auto","background-attachment":"scroll","background-type":"","background-media":"","overlay-type":"","overlay-color":"","overlay-opacity":"","overlay-gradient":""}},"ast-content-background-meta":{"desktop":{"background-color":"var(--ast-global-color-4)","background-image":"","background-repeat":"repeat","background-position":"center center","background-size":"auto","background-attachment":"scroll","background-type":"","background-media":"","overlay-type":"","overlay-color":"","overlay-opacity":"","overlay-gradient":""},"tablet":{"background-color":"var(--ast-global-color-4)","background-image":"","background-repeat":"repeat","background-position":"center center","background-size":"auto","background-attachment":"scroll","background-type":"","background-media":"","overlay-type":"","overlay-color":"","overlay-opacity":"","overlay-gradient":""},"mobile":{"background-color":"var(--ast-global-color-4)","background-image":"","background-repeat":"repeat","background-position":"center center","background-size":"auto","background-attachment":"scroll","background-type":"","background-media":"","overlay-type":"","overlay-color":"","overlay-opacity":"","overlay-gradient":""}}},"product_brand":[],"product_cat":[21,152],"product_tag":[],"class_list":{"0":"post-1994","1":"product","2":"type-product","3":"status-publish","4":"has-post-thumbnail","6":"product_cat-baling-machine","7":"product_cat-vertical-baler","8":"desktop-align-left","9":"tablet-align-left","10":"mobile-align-left","12":"first","13":"instock","14":"shipping-taxable","15":"product-type-simple"},"_links":{"self":[{"href":"https:\/\/www.gigapa.com\/fr\/wp-json\/wp\/v2\/product\/1994","targetHints":{"allow":["GET"]}}],"collection":[{"href":"https:\/\/www.gigapa.com\/fr\/wp-json\/wp\/v2\/product"}],"about":[{"href":"https:\/\/www.gigapa.com\/fr\/wp-json\/wp\/v2\/types\/product"}],"version-history":[{"count":2,"href":"https:\/\/www.gigapa.com\/fr\/wp-json\/wp\/v2\/product\/1994\/revisions"}],"predecessor-version":[{"id":2137,"href":"https:\/\/www.gigapa.com\/fr\/wp-json\/wp\/v2\/product\/1994\/revisions\/2137"}],"wp:featuredmedia":[{"embeddable":true,"href":"https:\/\/www.gigapa.com\/fr\/wp-json\/wp\/v2\/media\/1947"}],"wp:attachment":[{"href":"https:\/\/www.gigapa.com\/fr\/wp-json\/wp\/v2\/media?parent=1994"}],"wp:term":[{"taxonomy":"product_brand","embeddable":true,"href":"https:\/\/www.gigapa.com\/fr\/wp-json\/wp\/v2\/product_brand?post=1994"},{"taxonomy":"product_cat","embeddable":true,"href":"https:\/\/www.gigapa.com\/fr\/wp-json\/wp\/v2\/product_cat?post=1994"},{"taxonomy":"product_tag","embeddable":true,"href":"https:\/\/www.gigapa.com\/fr\/wp-json\/wp\/v2\/product_tag?post=1994"}],"curies":[{"name":"wp","href":"https:\/\/api.w.org\/{rel}","templated":true}]}}