{"id":1998,"date":"2025-06-18T09:28:09","date_gmt":"2025-06-18T01:28:09","guid":{"rendered":"https:\/\/www.gigapa.com\/?post_type=product&#038;p=1998"},"modified":"2025-10-13T09:16:13","modified_gmt":"2025-10-13T01:16:13","slug":"medical-waste-single-shaft-shredder","status":"publish","type":"product","link":"https:\/\/www.gigapa.com\/fr\/product\/medical-waste-single-shaft-shredder\/","title":{"rendered":"D\u00e9chets m\u00e9dicaux - Broyeur \u00e0 arbre unique"},"content":{"rendered":"<h3 data-start=\"373\" data-end=\"397\"><strong data-start=\"373\" data-end=\"397\">Description du produit :<\/strong><\/h3>\n<p data-start=\"399\" data-end=\"793\">Le broyeur de d\u00e9chets m\u00e9dicaux \u00e0 arbre unique est une solution tr\u00e8s efficace adapt\u00e9e aux d\u00e9fis sp\u00e9cifiques de la gestion des d\u00e9chets dangereux dans les secteurs de la sant\u00e9 et de la m\u00e9decine. Con\u00e7u pour \u00eatre durable, pr\u00e9cis et hygi\u00e9nique, ce broyeur joue un r\u00f4le crucial dans la r\u00e9duction du volume des d\u00e9chets infectieux, en facilitant une \u00e9limination plus s\u00fbre et en garantissant la conformit\u00e9 \u00e0 des normes r\u00e9glementaires strictes.<\/p>\n<p data-start=\"795\" data-end=\"1337\">Les d\u00e9chets m\u00e9dicaux constituent l'un des flux de d\u00e9chets les plus complexes et les plus sensibles g\u00e9n\u00e9r\u00e9s par les h\u00f4pitaux, les cliniques, les laboratoires et les installations pharmaceutiques. Ils comprennent un large \u00e9ventail de mat\u00e9riaux dangereux tels que des seringues, des scalpels, des gazes contamin\u00e9es, des emballages en plastique, des m\u00e9dicaments p\u00e9rim\u00e9s et d'autres d\u00e9chets biocontamin\u00e9s. Une mauvaise manipulation de ces d\u00e9chets pr\u00e9sente de graves risques pour la sant\u00e9 publique, les travailleurs sanitaires et l'environnement. C'est pourquoi un broyage fiable et conforme est une premi\u00e8re \u00e9tape essentielle du processus de traitement des d\u00e9chets m\u00e9dicaux.<\/p>\n<p data-start=\"1339\" data-end=\"1675\">Le broyeur \u00e0 arbre unique est sp\u00e9cialement con\u00e7u pour r\u00e9pondre \u00e0 ces exigences critiques. Contrairement aux syst\u00e8mes de broyage conventionnels, qui peuvent \u00eatre confront\u00e9s \u00e0 des mat\u00e9riaux d'alimentation irr\u00e9guliers ou n\u00e9cessiter une maintenance importante, cette machine offre un processus de broyage robuste et rationalis\u00e9, adapt\u00e9 \u00e0 un fonctionnement continu dans des environnements exigeants.<\/p>\n<h3 data-start=\"1677\" data-end=\"1737\"><strong data-start=\"1677\" data-end=\"1737\">Principaux avantages du broyeur \u00e0 arbre unique pour d\u00e9chets m\u00e9dicaux :<\/strong><\/h3>\n<p data-start=\"1739\" data-end=\"2231\"><strong data-start=\"1739\" data-end=\"1773\">1. Am\u00e9lioration de la s\u00e9curit\u00e9 et de l'hygi\u00e8ne<\/strong><br data-start=\"1773\" data-end=\"1776\" \/>La s\u00e9curit\u00e9 est une priorit\u00e9 absolue lorsqu'il s'agit de d\u00e9chets m\u00e9dicaux infectieux. Le broyeur est dot\u00e9 d'une chambre de broyage enti\u00e8rement ferm\u00e9e et d'une conception qui minimise le contact direct de l'homme avec les mati\u00e8res dangereuses. Son syst\u00e8me d'alimentation et de d\u00e9charge automatis\u00e9 r\u00e9duit la n\u00e9cessit\u00e9 d'une manipulation manuelle, ce qui diminue consid\u00e9rablement le risque de blessure et de contamination. Les structures d'\u00e9tanch\u00e9it\u00e9 anti-fuites et les surfaces faciles \u00e0 nettoyer contribuent \u00e0 garantir des niveaux d'hygi\u00e8ne \u00e9lev\u00e9s tout au long du fonctionnement.<\/p>\n<p data-start=\"2233\" data-end=\"2624\"><strong data-start=\"2233\" data-end=\"2266\">2. R\u00e9duction efficace des volumes<\/strong><br data-start=\"2266\" data-end=\"2269\" \/>L'objectif principal du broyage des d\u00e9chets m\u00e9dicaux est de r\u00e9duire leur volume avant les \u00e9tapes de traitement ult\u00e9rieures, telles que l'autoclavage, l'incin\u00e9ration ou la d\u00e9sinfection chimique. Le broyeur de d\u00e9chets m\u00e9dicaux \u00e0 arbre unique excelle dans la d\u00e9composition des d\u00e9chets volumineux en morceaux uniformes et faciles \u00e0 g\u00e9rer, ce qui optimise le traitement en aval et r\u00e9duit consid\u00e9rablement les co\u00fbts de stockage et de transport.<\/p>\n<p data-start=\"2626\" data-end=\"3099\"><strong data-start=\"2626\" data-end=\"2663\">3. Polyvalence pour tous les types de d\u00e9chets<\/strong><br data-start=\"2663\" data-end=\"2666\" \/>Ce broyeur est capable de traiter une grande vari\u00e9t\u00e9 de d\u00e9chets m\u00e9dicaux - des plastiques souples et des emballages aux articles plus durs tels que les outils en m\u00e9tal et les r\u00e9cipients en verre. Sa conception \u00e0 arbre unique garantit des performances de broyage r\u00e9guli\u00e8res et contr\u00f4l\u00e9es, ce qui le rend id\u00e9al pour les charges de d\u00e9chets mixtes ne n\u00e9cessitant pas de tri pr\u00e9alable. Qu'il s'agisse de d\u00e9chets de sacs rouges, d'objets tranchants dans des conteneurs ou d'EPI jetables, le broyeur offre des performances fiables.<\/p>\n<p data-start=\"3101\" data-end=\"3548\"><strong data-start=\"3101\" data-end=\"3149\">4. Respect des r\u00e9glementations environnementales<\/strong><br data-start=\"3149\" data-end=\"3152\" \/>Un broyage correct des d\u00e9chets m\u00e9dicaux n'est pas seulement une question d'efficacit\u00e9 op\u00e9rationnelle - c'est une obligation l\u00e9gale dans de nombreuses juridictions. Le broyeur de d\u00e9chets m\u00e9dicaux \u00e0 arbre unique permet une conformit\u00e9 totale avec les r\u00e9glementations environnementales et sanitaires internationales et locales en assurant une destruction fiable des mat\u00e9riaux contamin\u00e9s. Cela permet aux \u00e9tablissements de sant\u00e9 de conserver leurs licences et de prot\u00e9ger leur r\u00e9putation.<\/p>\n<p data-start=\"3550\" data-end=\"4054\"><strong data-start=\"3550\" data-end=\"3602\">5. Con\u00e7u pour un d\u00e9bit \u00e9lev\u00e9 et des temps d'arr\u00eat r\u00e9duits<\/strong><br data-start=\"3602\" data-end=\"3605\" \/>Dans les h\u00f4pitaux et les cliniques, les d\u00e9chets s'accumulent rapidement. Le broyeur de d\u00e9chets m\u00e9dicaux \u00e0 arbre unique est con\u00e7u pour traiter des volumes importants en continu avec une supervision minimale. Le syst\u00e8me est \u00e9quip\u00e9 de fonctions automatis\u00e9es telles que l'inversion automatique pour \u00e9viter les bourrages et les obstructions. Les points d'acc\u00e8s pour l'entretien sont plac\u00e9s \u00e0 des endroits strat\u00e9giques et les composants r\u00e9sistants \u00e0 l'usure r\u00e9duisent la fr\u00e9quence des interventions, ce qui garantit un temps de fonctionnement prolong\u00e9 et des interruptions d'activit\u00e9 r\u00e9duites.<\/p>\n<p data-start=\"4056\" data-end=\"4574\"><strong data-start=\"4056\" data-end=\"4091\">6. Gestion durable des d\u00e9chets<\/strong><br data-start=\"4091\" data-end=\"4094\" \/>La durabilit\u00e9 devient un principe fondamental dans les infrastructures modernes de soins de sant\u00e9. En int\u00e9grant le broyage dans le processus de gestion des d\u00e9chets, les \u00e9tablissements peuvent r\u00e9duire consid\u00e9rablement le volume des d\u00e9chets qui finissent dans les d\u00e9charges. Dans certains cas, les d\u00e9chets m\u00e9dicaux broy\u00e9s peuvent m\u00eame \u00eatre rendus inertes et r\u00e9utilis\u00e9s comme combustible alternatif ou comme mat\u00e9riau recycl\u00e9, en fonction des r\u00e9glementations locales. Le broyeur de d\u00e9chets m\u00e9dicaux \u00e0 arbre unique contribue donc \u00e0 des op\u00e9rations plus respectueuses de l'environnement et plus rentables.<\/p>\n<p data-start=\"4576\" data-end=\"5088\"><strong data-start=\"4576\" data-end=\"4617\">7. Encombrement r\u00e9duit, conception \u00e9volutive<\/strong><br data-start=\"4617\" data-end=\"4620\" \/>De nombreux \u00e9tablissements m\u00e9dicaux disposent d'un espace limit\u00e9 pour l'\u00e9quipement de gestion des d\u00e9chets. La conception compacte du broyeur de d\u00e9chets m\u00e9dicaux \u00e0 arbre unique permet de l'installer m\u00eame dans des environnements restreints. Pour les grands h\u00f4pitaux ou les installations centralis\u00e9es de traitement des d\u00e9chets, plusieurs unit\u00e9s peuvent \u00eatre configur\u00e9es pour r\u00e9pondre aux demandes de grande capacit\u00e9. Le syst\u00e8me est \u00e9galement compatible avec les bandes transporteuses, les bacs et les unit\u00e9s de st\u00e9rilisation, ce qui permet une int\u00e9gration facile et efficace dans les flux de travail existants.<\/p>\n<p data-start=\"5090\" data-end=\"5498\"><strong data-start=\"5090\" data-end=\"5127\">8. Fonctionnement silencieux et contr\u00f4l\u00e9<\/strong><br data-start=\"5127\" data-end=\"5130\" \/>Contrairement aux gros broyeurs industriels, qui peuvent \u00eatre bruyants et d\u00e9rangeants, ce mod\u00e8le est dot\u00e9 d'une isolation acoustique et d'un moteur silencieux. Il est donc id\u00e9al pour fonctionner \u00e0 proximit\u00e9 d'environnements sensibles tels que les ailes d'h\u00f4pitaux ou les zones de laboratoires. Le couple constant fourni par l'arbre unique assure une coupe r\u00e9guli\u00e8re, sans vibration ni contrainte m\u00e9canique bruyante.<\/p>\n<h3 data-start=\"5500\" data-end=\"5532\"><strong data-start=\"5500\" data-end=\"5532\">Sc\u00e9narios d'application id\u00e9aux :<\/strong><\/h3>\n<ul>\n<li data-start=\"5536\" data-end=\"5580\">H\u00f4pitaux g\u00e9n\u00e9raux et unit\u00e9s de soins d'urgence<\/li>\n<li data-start=\"5583\" data-end=\"5627\">Cliniques sp\u00e9cialis\u00e9es et centres ambulatoires<\/li>\n<li data-start=\"5630\" data-end=\"5654\">Laboratoires de pathologie<\/li>\n<li data-start=\"5657\" data-end=\"5693\">Banques de sang et centres de d\u00e9pistage<\/li>\n<li data-start=\"5696\" data-end=\"5726\">Fabricants de produits pharmaceutiques<\/li>\n<li data-start=\"5729\" data-end=\"5773\">Installations centralis\u00e9es de traitement des d\u00e9chets m\u00e9dicaux<\/li>\n<li data-start=\"5776\" data-end=\"5825\">Entreprises d'\u00e9limination des d\u00e9chets r\u00e9glement\u00e9es par l'\u00c9tat<\/li>\n<\/ul>\n<h3 data-start=\"5827\" data-end=\"5842\"><strong data-start=\"5827\" data-end=\"5842\">Conclusion :<\/strong><\/h3>\n<p data-start=\"5844\" data-end=\"6208\">Le broyeur de d\u00e9chets m\u00e9dicaux \u00e0 arbre unique est un outil indispensable pour toute organisation cherchant \u00e0 g\u00e9rer son flux de d\u00e9chets m\u00e9dicaux de mani\u00e8re plus s\u00fbre, plus propre et plus efficace. En mettant l'accent sur la s\u00e9curit\u00e9, la performance, la conformit\u00e9 et la durabilit\u00e9, cette machine repr\u00e9sente un investissement intelligent pour les besoins \u00e0 long terme des institutions m\u00e9dicales modernes en mati\u00e8re de gestion des d\u00e9chets.<\/p>\n<p data-start=\"6210\" data-end=\"6558\">Que vous modernisiez votre syst\u00e8me de traitement des d\u00e9chets ou que vous mettiez en place une nouvelle installation, le choix du bon \u00e9quipement de broyage est une d\u00e9cision cruciale. Avec le broyeur de d\u00e9chets m\u00e9dicaux \u00e0 arbre unique, vous b\u00e9n\u00e9ficiez d'un partenaire fiable qui contribue \u00e0 prot\u00e9ger votre personnel, vos patients et l'environnement, tout en rationalisant vos op\u00e9rations pour une efficacit\u00e9 maximale.<\/p>","protected":false},"excerpt":{"rendered":"<p>Le broyeur de d\u00e9chets m\u00e9dicaux \u00e0 arbre unique offre une solution fiable et hygi\u00e9nique pour la gestion des d\u00e9chets m\u00e9dicaux dangereux. Con\u00e7u pour les h\u00f4pitaux, les laboratoires et les cliniques, il r\u00e9duit efficacement le volume des mat\u00e9riaux contamin\u00e9s tels que les seringues, les emballages et les m\u00e9dicaments p\u00e9rim\u00e9s. Avec une alimentation automatis\u00e9e, un faible niveau sonore et un encombrement r\u00e9duit, ce broyeur garantit la s\u00e9curit\u00e9, l'efficacit\u00e9 et la conformit\u00e9 aux r\u00e9glementations environnementales. Il contribue \u00e0 la gestion durable des d\u00e9chets et s'int\u00e8gre facilement aux syst\u00e8mes de st\u00e9rilisation ou d'incin\u00e9ration, ce qui en fait un \u00e9l\u00e9ment essentiel du flux de traitement des d\u00e9chets de tout \u00e9tablissement de sant\u00e9.<\/p>","protected":false},"featured_media":1945,"template":"","meta":{"site-sidebar-layout":"default","site-content-layout":"","ast-site-content-layout":"default","site-content-style":"default","site-sidebar-style":"default","ast-global-header-display":"","ast-banner-title-visibility":"","ast-main-header-display":"","ast-hfb-above-header-display":"","ast-hfb-below-header-display":"","ast-hfb-mobile-header-display":"","site-post-title":"","ast-breadcrumbs-content":"","ast-featured-img":"","footer-sml-layout":"","ast-disable-related-posts":"","theme-transparent-header-meta":"default","adv-header-id-meta":"","stick-header-meta":"","header-above-stick-meta":"","header-main-stick-meta":"","header-below-stick-meta":"","astra-migrate-meta-layouts":"set","ast-page-background-enabled":"default","ast-page-background-meta":{"desktop":{"background-color":"var(--ast-global-color-5)","background-image":"","background-repeat":"repeat","background-position":"center center","background-size":"auto","background-attachment":"scroll","background-type":"","background-media":"","overlay-type":"","overlay-color":"","overlay-opacity":"","overlay-gradient":""},"tablet":{"background-color":"","background-image":"","background-repeat":"repeat","background-position":"center center","background-size":"auto","background-attachment":"scroll","background-type":"","background-media":"","overlay-type":"","overlay-color":"","overlay-opacity":"","overlay-gradient":""},"mobile":{"background-color":"","background-image":"","background-repeat":"repeat","background-position":"center center","background-size":"auto","background-attachment":"scroll","background-type":"","background-media":"","overlay-type":"","overlay-color":"","overlay-opacity":"","overlay-gradient":""}},"ast-content-background-meta":{"desktop":{"background-color":"var(--ast-global-color-4)","background-image":"","background-repeat":"repeat","background-position":"center center","background-size":"auto","background-attachment":"scroll","background-type":"","background-media":"","overlay-type":"","overlay-color":"","overlay-opacity":"","overlay-gradient":""},"tablet":{"background-color":"var(--ast-global-color-4)","background-image":"","background-repeat":"repeat","background-position":"center center","background-size":"auto","background-attachment":"scroll","background-type":"","background-media":"","overlay-type":"","overlay-color":"","overlay-opacity":"","overlay-gradient":""},"mobile":{"background-color":"var(--ast-global-color-4)","background-image":"","background-repeat":"repeat","background-position":"center center","background-size":"auto","background-attachment":"scroll","background-type":"","background-media":"","overlay-type":"","overlay-color":"","overlay-opacity":"","overlay-gradient":""}}},"product_brand":[],"product_cat":[20,148],"product_tag":[],"class_list":{"0":"post-1998","1":"product","2":"type-product","3":"status-publish","4":"has-post-thumbnail","6":"product_cat-shredding-and-crushing-machine","7":"product_cat-single-shaft-shredder","8":"desktop-align-left","9":"tablet-align-left","10":"mobile-align-left","12":"first","13":"instock","14":"shipping-taxable","15":"product-type-simple"},"_links":{"self":[{"href":"https:\/\/www.gigapa.com\/fr\/wp-json\/wp\/v2\/product\/1998","targetHints":{"allow":["GET"]}}],"collection":[{"href":"https:\/\/www.gigapa.com\/fr\/wp-json\/wp\/v2\/product"}],"about":[{"href":"https:\/\/www.gigapa.com\/fr\/wp-json\/wp\/v2\/types\/product"}],"version-history":[{"count":2,"href":"https:\/\/www.gigapa.com\/fr\/wp-json\/wp\/v2\/product\/1998\/revisions"}],"predecessor-version":[{"id":2135,"href":"https:\/\/www.gigapa.com\/fr\/wp-json\/wp\/v2\/product\/1998\/revisions\/2135"}],"wp:featuredmedia":[{"embeddable":true,"href":"https:\/\/www.gigapa.com\/fr\/wp-json\/wp\/v2\/media\/1945"}],"wp:attachment":[{"href":"https:\/\/www.gigapa.com\/fr\/wp-json\/wp\/v2\/media?parent=1998"}],"wp:term":[{"taxonomy":"product_brand","embeddable":true,"href":"https:\/\/www.gigapa.com\/fr\/wp-json\/wp\/v2\/product_brand?post=1998"},{"taxonomy":"product_cat","embeddable":true,"href":"https:\/\/www.gigapa.com\/fr\/wp-json\/wp\/v2\/product_cat?post=1998"},{"taxonomy":"product_tag","embeddable":true,"href":"https:\/\/www.gigapa.com\/fr\/wp-json\/wp\/v2\/product_tag?post=1998"}],"curies":[{"name":"wp","href":"https:\/\/api.w.org\/{rel}","templated":true}]}}