{"id":2002,"date":"2025-06-18T09:03:44","date_gmt":"2025-06-18T01:03:44","guid":{"rendered":"https:\/\/www.gigapa.com\/?post_type=product&#038;p=2002"},"modified":"2025-11-05T08:52:01","modified_gmt":"2025-11-05T00:52:01","slug":"fully-automatic-baler-for-textile-waste","status":"publish","type":"product","link":"https:\/\/www.gigapa.com\/fr\/product\/fully-automatic-baler-for-textile-waste\/","title":{"rendered":"Presse \u00e0 balles semi-automatique pour d\u00e9chets textiles"},"content":{"rendered":"<p data-start=\"213\" data-end=\"853\">Dans l'industrie textile actuelle, qui \u00e9volue rapidement, la gestion efficace et durable des d\u00e9chets est devenue une pr\u00e9occupation essentielle. Les d\u00e9chets textiles, s'ils ne sont pas trait\u00e9s correctement, peuvent contribuer de mani\u00e8re significative \u00e0 la pollution de l'environnement et \u00e0 l'augmentation des co\u00fbts d'exploitation. La presse \u00e0 balles semi-automatique pour d\u00e9chets textiles offre une solution avanc\u00e9e, fiable et rentable pour relever ces d\u00e9fis. Con\u00e7ue pour rationaliser la manipulation et l'\u00e9limination des d\u00e9chets textiles, cette presse \u00e0 balles de pointe offre aux fabricants de textiles, aux centres de recyclage et aux entreprises de gestion des d\u00e9chets une approche automatis\u00e9e pour comprimer et regrouper les d\u00e9chets textiles de mani\u00e8re efficace.<\/p>\n<h3 data-start=\"855\" data-end=\"909\">Qu'est-ce qu'une presse \u00e0 balles semi-automatique pour d\u00e9chets textiles ?<\/h3>\n<p data-start=\"911\" data-end=\"1442\">Une presse \u00e0 balles semi-automatique est une machine tr\u00e8s sophistiqu\u00e9e con\u00e7ue pour compacter les d\u00e9chets textiles en vrac en balles denses et maniables, sans n\u00e9cessiter d'intervention humaine constante. Contrairement aux presses \u00e0 balles traditionnelles, qui n\u00e9cessitent une alimentation et un fonctionnement manuels, cette machine automatise l'ensemble du processus, de l'alimentation \u00e0 la compression, en passant par le liage et l'\u00e9jection de la balle. Cette automatisation permet non seulement de r\u00e9duire les co\u00fbts de main-d'\u0153uvre, mais aussi d'accro\u00eetre la s\u00e9curit\u00e9 et la productivit\u00e9 des op\u00e9rations, ce qui permet aux entreprises de se concentrer sur d'autres activit\u00e9s essentielles pendant que les d\u00e9chets sont trait\u00e9s efficacement.<\/p>\n<h3 data-start=\"1444\" data-end=\"1507\">Principaux avantages de l'utilisation d'une presse \u00e0 balles semi-automatique pour d\u00e9chets textiles<\/h3>\n<p data-start=\"1509\" data-end=\"1949\"><strong data-start=\"1509\" data-end=\"1555\">1. Efficacit\u00e9 maximale gr\u00e2ce \u00e0 l'automatisation<\/strong><br data-start=\"1555\" data-end=\"1558\" \/>La presse \u00e0 balles semi-automatique int\u00e8gre des syst\u00e8mes de contr\u00f4le intelligents qui g\u00e8rent en continu chaque \u00e9tape du processus de pressage. Du chargement automatique des d\u00e9chets textiles \u00e0 la compression hydraulique et au liage final, la machine fonctionne en continu sans n\u00e9cessiter d'intervention manuelle. Cela permet de r\u00e9duire les temps d'arr\u00eat et d'augmenter le rendement global, ce qui en fait la solution id\u00e9ale pour les usines textiles produisant un grand nombre de d\u00e9chets.<\/p>\n<p data-start=\"1951\" data-end=\"2351\"><strong data-start=\"1951\" data-end=\"1993\">2. Am\u00e9lioration du traitement et du stockage des d\u00e9chets<\/strong><br data-start=\"1993\" data-end=\"1996\" \/>Les d\u00e9chets textiles sont souvent volumineux et difficiles \u00e0 stocker ou \u00e0 transporter. En comprimant ces mat\u00e9riaux en balles compactes, la presse \u00e0 balles r\u00e9duit consid\u00e9rablement le volume, ce qui permet d'optimiser l'espace de stockage et de r\u00e9duire les co\u00fbts de transport. Les balles denses sont plus faciles \u00e0 manipuler, \u00e0 empiler et \u00e0 exp\u00e9dier, ce qui contribue \u00e0 rationaliser la logistique et \u00e0 r\u00e9duire l'empreinte carbone pendant le transport.<\/p>\n<p data-start=\"2353\" data-end=\"2718\"><strong data-start=\"2353\" data-end=\"2400\">3. Am\u00e9lioration de la s\u00e9curit\u00e9 et de l'ergonomie sur le lieu de travail<\/strong><br data-start=\"2400\" data-end=\"2403\" \/>La manipulation manuelle des d\u00e9chets textiles en vrac peut entra\u00eener des blessures et de la fatigue sur le lieu de travail. La presse \u00e0 balles semi-automatique r\u00e9duit la n\u00e9cessit\u00e9 d'un contact humain direct avec les d\u00e9chets, minimisant ainsi le risque d'accident. Les processus automatis\u00e9s r\u00e9duisent \u00e9galement les t\u00e2ches manuelles r\u00e9p\u00e9titives, am\u00e9liorant ainsi l'ergonomie et le bien-\u00eatre des travailleurs.<\/p>\n<p data-start=\"2720\" data-end=\"3074\"><strong data-start=\"2720\" data-end=\"2768\">4. Polyvalence pour divers mat\u00e9riaux textiles<\/strong><br data-start=\"2768\" data-end=\"2771\" \/>Cette presse \u00e0 balles est con\u00e7ue pour traiter une large gamme de d\u00e9chets textiles, notamment les chutes de coton, les fils, les chutes de tissu et les v\u00eatements usag\u00e9s. Sa conception adaptable lui permet de traiter efficacement des mat\u00e9riaux de formes et de densit\u00e9s vari\u00e9es, garantissant une qualit\u00e9 de balle constante quelle que soit la composition des d\u00e9chets.<\/p>\n<p data-start=\"3076\" data-end=\"3548\"><strong data-start=\"3076\" data-end=\"3111\">5. Durabilit\u00e9 environnementale<\/strong><br data-start=\"3111\" data-end=\"3114\" \/>Avec la pression r\u00e9glementaire croissante et les engagements de responsabilit\u00e9 des entreprises en mati\u00e8re de d\u00e9veloppement durable, les entreprises doivent adopter des pratiques de gestion des d\u00e9chets plus \u00e9cologiques. La presse \u00e0 balles semi-automatique pour d\u00e9chets textiles aide les entreprises \u00e0 atteindre leurs objectifs environnementaux en facilitant le compactage des d\u00e9chets et les efforts de r\u00e9utilisation ou de recyclage. En r\u00e9duisant le volume des d\u00e9chets, elle contribue \u00e0 r\u00e9duire l'utilisation des d\u00e9charges et les \u00e9missions de gaz \u00e0 effet de serre dues au transport.<\/p>\n<h3 data-start=\"3550\" data-end=\"3610\">Applications dans les industries du textile et du recyclage<\/h3>\n<p data-start=\"3612\" data-end=\"3731\">Cette machine \u00e0 balles de pointe trouve des applications dans de nombreux secteurs li\u00e9s \u00e0 la production textile et \u00e0 la gestion des d\u00e9chets :<\/p>\n<ul>\n<li data-start=\"3735\" data-end=\"3878\"><strong data-start=\"3735\" data-end=\"3768\">Usines de fabrication de textiles :<\/strong> G\u00e9rer efficacement les d\u00e9chets g\u00e9n\u00e9r\u00e9s lors de la production de tissus, en r\u00e9duisant l'encombrement et en optimisant l'\u00e9limination des d\u00e9chets.<\/li>\n<li data-start=\"3881\" data-end=\"4043\"><strong data-start=\"3881\" data-end=\"3906\">Installations de recyclage :<\/strong> Pr\u00e9parer les d\u00e9chets textiles pour le recyclage en comprimant et en regroupant les mat\u00e9riaux, ce qui rend le processus de recyclage plus rationnel et plus \u00e9conomique.<\/li>\n<li data-start=\"4046\" data-end=\"4197\"><strong data-start=\"4046\" data-end=\"4075\">Unit\u00e9s de production de v\u00eatements :<\/strong> Traiter les restes de tissu et les v\u00eatements d\u00e9fectueux par une mise en balles compacte, en am\u00e9liorant l'entretien et en r\u00e9duisant les d\u00e9chets mat\u00e9riels.<\/li>\n<li data-start=\"4200\" data-end=\"4358\"><strong data-start=\"4200\" data-end=\"4231\">Soci\u00e9t\u00e9s de gestion des d\u00e9chets :<\/strong> Fournir aux clients une solution fiable pour le compactage des d\u00e9chets textiles, en am\u00e9liorant l'offre de services et l'efficacit\u00e9 op\u00e9rationnelle.<\/li>\n<\/ul>\n<h3 data-start=\"4360\" data-end=\"4415\">Pourquoi choisir notre presse \u00e0 balles semi-automatique pour d\u00e9chets textiles ?<\/h3>\n<p data-start=\"4417\" data-end=\"4593\">Nous sommes fiers de proposer des solutions de pressage de pointe qui associent une technologie innovante \u00e0 la durabilit\u00e9 et \u00e0 la facilit\u00e9 d'utilisation. Notre presse \u00e0 balles semi-automatique se distingue par<\/p>\n<ul>\n<li data-start=\"4597\" data-end=\"4733\"><strong data-start=\"4597\" data-end=\"4621\">Automatisation sup\u00e9rieure :<\/strong> Les syst\u00e8mes de contr\u00f4le intelligents permettent de travailler les mains libres, ce qui r\u00e9duit les besoins en main-d'\u0153uvre et la complexit\u00e9 des op\u00e9rations.<\/li>\n<li data-start=\"4736\" data-end=\"4889\"><strong data-start=\"4736\" data-end=\"4761\">Qualit\u00e9 de construction robuste :<\/strong> Fabriqu\u00e9 \u00e0 partir de mat\u00e9riaux et de composants de haute qualit\u00e9 pour garantir des performances durables, m\u00eame en cas d'utilisation industrielle intensive.<\/li>\n<li data-start=\"4892\" data-end=\"5007\"><strong data-start=\"4892\" data-end=\"4920\">Interface conviviale :<\/strong> Con\u00e7us pour une utilisation et une maintenance faciles, ils r\u00e9duisent la courbe d'apprentissage et les temps d'arr\u00eat.<\/li>\n<li data-start=\"5010\" data-end=\"5177\"><strong data-start=\"5010\" data-end=\"5036\">Soutien global :<\/strong> Nous assurons l'installation par des experts, la formation des op\u00e9rateurs et le service apr\u00e8s-vente afin que votre presse fonctionne de mani\u00e8re optimale tout au long de son cycle de vie.<\/li>\n<li data-start=\"5180\" data-end=\"5329\"><strong data-start=\"5180\" data-end=\"5207\">Solutions personnalisables :<\/strong> Nous travaillons en \u00e9troite collaboration avec nos clients pour adapter la configuration de la presse \u00e0 balles en fonction du volume de leurs d\u00e9chets et des caract\u00e9ristiques de leurs mat\u00e9riaux.<\/li>\n<\/ul>\n<h3 data-start=\"5331\" data-end=\"5401\">Comment la presse \u00e0 balles semi-automatique contribue au succ\u00e8s de votre entreprise<\/h3>\n<p data-start=\"5403\" data-end=\"5930\">L'adoption d'une presse \u00e0 balles semi-automatique pour les d\u00e9chets textiles est plus qu'une simple mise \u00e0 niveau op\u00e9rationnelle - c'est une d\u00e9cision strat\u00e9gique qui am\u00e9liore la durabilit\u00e9, la rentabilit\u00e9 et la productivit\u00e9 de votre entreprise. En automatisant le processus de compactage des d\u00e9chets, vous lib\u00e9rez des ressources humaines pr\u00e9cieuses pour d'autres t\u00e2ches, vous r\u00e9duisez les co\u00fbts de gestion des d\u00e9chets et vous am\u00e9liorez la s\u00e9curit\u00e9 g\u00e9n\u00e9rale du site. En outre, la r\u00e9duction du volume et l'am\u00e9lioration de la manutention des d\u00e9chets se traduisent directement par une diminution des frais de transport et une meilleure utilisation de l'espace dans les entrep\u00f4ts et les cours.<\/p>\n<p data-start=\"5932\" data-end=\"6319\">De plus, l'industrie textile mondiale \u00e9tant de plus en plus scrut\u00e9e pour son empreinte \u00e9cologique, la mise en \u0153uvre de solutions avanc\u00e9es de gestion des d\u00e9chets, comme notre presse \u00e0 balles semi-automatique, t\u00e9moigne de votre engagement en faveur de pratiques de production responsables. Cela renforce non seulement la r\u00e9putation de votre marque, mais peut \u00e9galement ouvrir la voie \u00e0 des partenariats avec des acheteurs et des parties prenantes soucieux de l'environnement.<\/p>\n<h3 data-start=\"6321\" data-end=\"6335\">Conclusion<\/h3>\n<p data-start=\"6337\" data-end=\"6649\">La presse \u00e0 balles semi-automatique pour d\u00e9chets textiles repr\u00e9sente l'avenir de la gestion durable et efficace des d\u00e9chets textiles. Son automatisation, sa fiabilit\u00e9 et sa polyvalence en font un atout indispensable pour toute entreprise du secteur textile qui cherche \u00e0 optimiser les processus de traitement des d\u00e9chets tout en minimisant l'impact sur l'environnement.<\/p>\n<p data-start=\"6651\" data-end=\"6926\">Si vous souhaitez am\u00e9liorer votre syst\u00e8me de gestion des d\u00e9chets textiles avec une presse \u00e0 balles semi-automatique de pointe qui garantit une productivit\u00e9 accrue, des \u00e9conomies de co\u00fbts et la durabilit\u00e9, contactez-nous d\u00e8s aujourd'hui pour obtenir plus d'informations et des solutions personnalis\u00e9es adapt\u00e9es \u00e0 vos besoins sp\u00e9cifiques.<\/p>","protected":false},"excerpt":{"rendered":"<p>La presse \u00e0 balles semi-automatique pour d\u00e9chets textiles permet une mise en balles automatis\u00e9e et \u00e0 haut rendement des d\u00e9chets textiles. Elle comprime les d\u00e9chets en balles denses, r\u00e9duisant ainsi les co\u00fbts de stockage et de transport tout en am\u00e9liorant la s\u00e9curit\u00e9 et la durabilit\u00e9 du lieu de travail. Elle est id\u00e9ale pour les fabricants de textiles et les centres de recyclage \u00e0 la recherche de solutions intelligentes en mati\u00e8re de d\u00e9chets.<\/p>","protected":false},"featured_media":1943,"template":"","meta":{"site-sidebar-layout":"default","site-content-layout":"","ast-site-content-layout":"default","site-content-style":"default","site-sidebar-style":"default","ast-global-header-display":"","ast-banner-title-visibility":"","ast-main-header-display":"","ast-hfb-above-header-display":"","ast-hfb-below-header-display":"","ast-hfb-mobile-header-display":"","site-post-title":"","ast-breadcrumbs-content":"","ast-featured-img":"","footer-sml-layout":"","ast-disable-related-posts":"","theme-transparent-header-meta":"default","adv-header-id-meta":"","stick-header-meta":"","header-above-stick-meta":"","header-main-stick-meta":"","header-below-stick-meta":"","astra-migrate-meta-layouts":"set","ast-page-background-enabled":"default","ast-page-background-meta":{"desktop":{"background-color":"var(--ast-global-color-5)","background-image":"","background-repeat":"repeat","background-position":"center center","background-size":"auto","background-attachment":"scroll","background-type":"","background-media":"","overlay-type":"","overlay-color":"","overlay-opacity":"","overlay-gradient":""},"tablet":{"background-color":"","background-image":"","background-repeat":"repeat","background-position":"center center","background-size":"auto","background-attachment":"scroll","background-type":"","background-media":"","overlay-type":"","overlay-color":"","overlay-opacity":"","overlay-gradient":""},"mobile":{"background-color":"","background-image":"","background-repeat":"repeat","background-position":"center center","background-size":"auto","background-attachment":"scroll","background-type":"","background-media":"","overlay-type":"","overlay-color":"","overlay-opacity":"","overlay-gradient":""}},"ast-content-background-meta":{"desktop":{"background-color":"var(--ast-global-color-4)","background-image":"","background-repeat":"repeat","background-position":"center center","background-size":"auto","background-attachment":"scroll","background-type":"","background-media":"","overlay-type":"","overlay-color":"","overlay-opacity":"","overlay-gradient":""},"tablet":{"background-color":"var(--ast-global-color-4)","background-image":"","background-repeat":"repeat","background-position":"center center","background-size":"auto","background-attachment":"scroll","background-type":"","background-media":"","overlay-type":"","overlay-color":"","overlay-opacity":"","overlay-gradient":""},"mobile":{"background-color":"var(--ast-global-color-4)","background-image":"","background-repeat":"repeat","background-position":"center center","background-size":"auto","background-attachment":"scroll","background-type":"","background-media":"","overlay-type":"","overlay-color":"","overlay-opacity":"","overlay-gradient":""}}},"product_brand":[],"product_cat":[21,153],"product_tag":[],"class_list":{"0":"post-2002","1":"product","2":"type-product","3":"status-publish","4":"has-post-thumbnail","6":"product_cat-baling-machine","7":"product_cat-horizontal-baler","8":"desktop-align-left","9":"tablet-align-left","10":"mobile-align-left","12":"first","13":"instock","14":"shipping-taxable","15":"product-type-simple"},"_links":{"self":[{"href":"https:\/\/www.gigapa.com\/fr\/wp-json\/wp\/v2\/product\/2002","targetHints":{"allow":["GET"]}}],"collection":[{"href":"https:\/\/www.gigapa.com\/fr\/wp-json\/wp\/v2\/product"}],"about":[{"href":"https:\/\/www.gigapa.com\/fr\/wp-json\/wp\/v2\/types\/product"}],"version-history":[{"count":4,"href":"https:\/\/www.gigapa.com\/fr\/wp-json\/wp\/v2\/product\/2002\/revisions"}],"predecessor-version":[{"id":2796,"href":"https:\/\/www.gigapa.com\/fr\/wp-json\/wp\/v2\/product\/2002\/revisions\/2796"}],"wp:featuredmedia":[{"embeddable":true,"href":"https:\/\/www.gigapa.com\/fr\/wp-json\/wp\/v2\/media\/1943"}],"wp:attachment":[{"href":"https:\/\/www.gigapa.com\/fr\/wp-json\/wp\/v2\/media?parent=2002"}],"wp:term":[{"taxonomy":"product_brand","embeddable":true,"href":"https:\/\/www.gigapa.com\/fr\/wp-json\/wp\/v2\/product_brand?post=2002"},{"taxonomy":"product_cat","embeddable":true,"href":"https:\/\/www.gigapa.com\/fr\/wp-json\/wp\/v2\/product_cat?post=2002"},{"taxonomy":"product_tag","embeddable":true,"href":"https:\/\/www.gigapa.com\/fr\/wp-json\/wp\/v2\/product_tag?post=2002"}],"curies":[{"name":"wp","href":"https:\/\/api.w.org\/{rel}","templated":true}]}}