{"id":2004,"date":"2025-06-18T08:34:31","date_gmt":"2025-06-18T00:34:31","guid":{"rendered":"https:\/\/www.gigapa.com\/?post_type=product&#038;p=2004"},"modified":"2025-10-13T09:16:39","modified_gmt":"2025-10-13T01:16:39","slug":"gfw-c-wood-shavings-machine-chain","status":"publish","type":"product","link":"https:\/\/www.gigapa.com\/fr\/product\/gfw-c-wood-shavings-machine-chain\/","title":{"rendered":"Machine \u00e0 copeaux de bois GFW-C\uff08Chain\uff09"},"content":{"rendered":"<p data-start=\"227\" data-end=\"639\" data-immersive-translate-walked=\"9ec46095-6f33-46d5-a55c-91c5fae88c58\" data-immersive-translate-paragraph=\"1\">Le <em data-start=\"231\" data-end=\"262\" data-immersive-translate-walked=\"9ec46095-6f33-46d5-a55c-91c5fae88c58\">Machine \u00e0 copeaux de bois (cha\u00eene)<\/em> est une machine industrielle tr\u00e8s performante con\u00e7ue pour produire des copeaux de bois propres, uniformes et sans poussi\u00e8re \u00e0 partir de b\u00fbches, de chutes de bois, de branches ou d'autres morceaux de bois. Dot\u00e9e d'un syst\u00e8me d'alimentation par cha\u00eene durable et d'une structure de coupe de pr\u00e9cision, elle est largement utilis\u00e9e dans la production de liti\u00e8re pour animaux, l'aviculture, l'emballage en bois, la pr\u00e9paration de combustible de biomasse et les industries de fabrication \u00e0 base de bois.<\/p>\n<p data-start=\"641\" data-end=\"859\" data-immersive-translate-walked=\"9ec46095-6f33-46d5-a55c-91c5fae88c58\" data-immersive-translate-paragraph=\"1\">Ce mod\u00e8le \u00e0 cha\u00eene garantit une alimentation stable, une \u00e9paisseur de copeaux pr\u00e9cise et une intensit\u00e9 de travail r\u00e9duite, ce qui en fait le choix pr\u00e9f\u00e9r\u00e9 des usines qui recherchent une production automatis\u00e9e et continue de copeaux de bois avec un minimum de d\u00e9chets.<\/p>\n<h3 data-start=\"866\" data-end=\"913\" data-immersive-translate-walked=\"9ec46095-6f33-46d5-a55c-91c5fae88c58\" data-immersive-translate-paragraph=\"1\">Qu'est-ce qu'une machine \u00e0 copeaux aliment\u00e9e par cha\u00eene ?<\/h3>\n<p data-start=\"915\" data-end=\"1323\" data-immersive-translate-walked=\"9ec46095-6f33-46d5-a55c-91c5fae88c58\" data-immersive-translate-paragraph=\"1\">Contrairement aux machines \u00e0 rouleaux ou \u00e0 courroie, la machine \u00e0 copeaux de bois \u00e0 cha\u00eene est \u00e9quip\u00e9e d'un syst\u00e8me de convoyeur \u00e0 cha\u00eene qui maintient et transporte en toute s\u00e9curit\u00e9 le bois brut dans la t\u00eate de coupe. Cette structure emp\u00eache tout glissement ou alimentation irr\u00e9guli\u00e8re, ce qui am\u00e9liore directement la r\u00e9gularit\u00e9 des copeaux et la capacit\u00e9 de production. Elle est particuli\u00e8rement adapt\u00e9e au traitement des mat\u00e9riaux \u00e0 grain droit et des segments de grumes de longueur fixe.<\/p>\n<p data-start=\"1325\" data-end=\"1582\" data-immersive-translate-walked=\"9ec46095-6f33-46d5-a55c-91c5fae88c58\" data-immersive-translate-paragraph=\"1\">Une fois que le bois est serr\u00e9 par la plate-forme d'alimentation \u00e0 cha\u00eene, il est avanc\u00e9 r\u00e9guli\u00e8rement vers les lames rotatives \u00e0 grande vitesse qui rasent la surface couche par couche. Les copeaux finaux sont doux, minces et de taille uniforme, ce qui est id\u00e9al pour la liti\u00e8re des animaux ou le remplissage des emballages.<\/p>\n<h3 data-start=\"1589\" data-end=\"1642\" data-immersive-translate-walked=\"9ec46095-6f33-46d5-a55c-91c5fae88c58\" data-immersive-translate-paragraph=\"1\">Principales caract\u00e9ristiques de la machine \u00e0 r\u00e2per le bois (cha\u00eene)<\/h3>\n<ul data-start=\"1644\" data-end=\"2469\" data-immersive-translate-walked=\"9ec46095-6f33-46d5-a55c-91c5fae88c58\">\n<li data-start=\"1644\" data-end=\"1804\" data-immersive-translate-walked=\"9ec46095-6f33-46d5-a55c-91c5fae88c58\">\n<p data-start=\"1646\" data-end=\"1804\" data-immersive-translate-walked=\"9ec46095-6f33-46d5-a55c-91c5fae88c58\" data-immersive-translate-paragraph=\"1\">Convoyeur \u00e0 cha\u00eene durable Alimentation<br data-start=\"1680\" data-end=\"1683\" data-immersive-translate-walked=\"9ec46095-6f33-46d5-a55c-91c5fae88c58\" \/>L'alimentation en mat\u00e9riau se fait en douceur et avec pr\u00e9cision, ce qui garantit une coupe r\u00e9guli\u00e8re et emp\u00eache le bois brut de bouger pendant l'op\u00e9ration.<\/p>\n<\/li>\n<li data-start=\"1806\" data-end=\"1966\" data-immersive-translate-walked=\"9ec46095-6f33-46d5-a55c-91c5fae88c58\">\n<p data-start=\"1808\" data-end=\"1966\" data-immersive-translate-walked=\"9ec46095-6f33-46d5-a55c-91c5fae88c58\" data-immersive-translate-paragraph=\"1\">\u00c9paisseur de rasage r\u00e9glable<br data-start=\"1840\" data-end=\"1843\" data-immersive-translate-walked=\"9ec46095-6f33-46d5-a55c-91c5fae88c58\" \/>La hauteur et la position de la lame peuvent \u00eatre r\u00e9gl\u00e9es avec pr\u00e9cision pour obtenir l'\u00e9paisseur de rasage souhait\u00e9e, comprise entre 0,2 mm et 2 mm.<\/p>\n<\/li>\n<li data-start=\"1968\" data-end=\"2120\" data-immersive-translate-walked=\"9ec46095-6f33-46d5-a55c-91c5fae88c58\">\n<p data-start=\"1970\" data-end=\"2120\" data-immersive-translate-walked=\"9ec46095-6f33-46d5-a55c-91c5fae88c58\" data-immersive-translate-paragraph=\"1\">Syst\u00e8me de t\u00eate de coupe \u00e0 haut rendement<br data-start=\"2007\" data-end=\"2010\" data-immersive-translate-walked=\"9ec46095-6f33-46d5-a55c-91c5fae88c58\" \/>\u00c9quip\u00e9 de lames en acier tranchantes et r\u00e9sistantes \u00e0 l'usure qui produisent des copeaux propres et boucl\u00e9s avec un faible d\u00e9gagement de poussi\u00e8re.<\/p>\n<\/li>\n<li data-start=\"2122\" data-end=\"2300\" data-immersive-translate-walked=\"9ec46095-6f33-46d5-a55c-91c5fae88c58\">\n<p data-start=\"2124\" data-end=\"2300\" data-immersive-translate-walked=\"9ec46095-6f33-46d5-a55c-91c5fae88c58\" data-immersive-translate-paragraph=\"1\">Construction d'un cadre robuste<br data-start=\"2157\" data-end=\"2160\" data-immersive-translate-walked=\"9ec46095-6f33-46d5-a55c-91c5fae88c58\" \/>Le corps de la machine est constitu\u00e9 d'\u00e9paisses plaques d'acier au carbone, ce qui lui conf\u00e8re une durabilit\u00e9 \u00e0 long terme et une r\u00e9sistance aux vibrations en fonctionnement continu.<\/p>\n<\/li>\n<li data-start=\"2302\" data-end=\"2469\" data-immersive-translate-walked=\"9ec46095-6f33-46d5-a55c-91c5fae88c58\">\n<p data-start=\"2304\" data-end=\"2469\" data-immersive-translate-walked=\"9ec46095-6f33-46d5-a55c-91c5fae88c58\" data-immersive-translate-paragraph=\"1\">Facilit\u00e9 d'entretien et s\u00e9curit\u00e9<br data-start=\"2342\" data-end=\"2345\" data-immersive-translate-walked=\"9ec46095-6f33-46d5-a55c-91c5fae88c58\" \/>Con\u00e7ue avec des fentes de remplacement de lame \u00e0 acc\u00e8s rapide, des verrouillages de s\u00e9curit\u00e9 et des boutons d'arr\u00eat d'urgence pour la protection de l'op\u00e9rateur.<\/p>\n<\/li>\n<\/ul>\n<h3 data-start=\"2476\" data-end=\"2492\" data-immersive-translate-walked=\"9ec46095-6f33-46d5-a55c-91c5fae88c58\" data-immersive-translate-paragraph=\"1\">Applications<\/h3>\n<p data-start=\"2494\" data-end=\"2589\" data-immersive-translate-walked=\"9ec46095-6f33-46d5-a55c-91c5fae88c58\" data-immersive-translate-paragraph=\"1\">Le <em data-start=\"2498\" data-end=\"2529\" data-immersive-translate-walked=\"9ec46095-6f33-46d5-a55c-91c5fae88c58\">Machine \u00e0 copeaux de bois (cha\u00eene)<\/em> est id\u00e9al pour une vari\u00e9t\u00e9 d'utilisations industrielles et agricoles :<\/p>\n<ul data-start=\"2591\" data-end=\"3207\" data-immersive-translate-walked=\"9ec46095-6f33-46d5-a55c-91c5fae88c58\">\n<li data-start=\"2591\" data-end=\"2712\" data-immersive-translate-walked=\"9ec46095-6f33-46d5-a55c-91c5fae88c58\">\n<p data-start=\"2593\" data-end=\"2712\" data-immersive-translate-walked=\"9ec46095-6f33-46d5-a55c-91c5fae88c58\" data-immersive-translate-paragraph=\"1\">Production de liti\u00e8re pour animaux<br data-start=\"2622\" data-end=\"2625\" data-immersive-translate-walked=\"9ec46095-6f33-46d5-a55c-91c5fae88c58\" \/>Produit des copeaux doux et sans poussi\u00e8re pour les volailles, les chevaux, les vaches laiti\u00e8res et les petits animaux domestiques.<\/p>\n<\/li>\n<li data-start=\"2714\" data-end=\"2820\" data-immersive-translate-walked=\"9ec46095-6f33-46d5-a55c-91c5fae88c58\">\n<p data-start=\"2716\" data-end=\"2820\" data-immersive-translate-walked=\"9ec46095-6f33-46d5-a55c-91c5fae88c58\" data-immersive-translate-paragraph=\"1\">Mat\u00e9riau d'emballage<br data-start=\"2738\" data-end=\"2741\" data-immersive-translate-walked=\"9ec46095-6f33-46d5-a55c-91c5fae88c58\" \/>Utilis\u00e9 comme rembourrage dans les caisses en bois ou les bo\u00eetes pour prot\u00e9ger les marchandises fragiles.<\/p>\n<\/li>\n<li data-start=\"2822\" data-end=\"2946\" data-immersive-translate-walked=\"9ec46095-6f33-46d5-a55c-91c5fae88c58\">\n<p data-start=\"2824\" data-end=\"2946\" data-immersive-translate-walked=\"9ec46095-6f33-46d5-a55c-91c5fae88c58\" data-immersive-translate-paragraph=\"1\">Compostage et biomasse<br data-start=\"2850\" data-end=\"2853\" data-immersive-translate-walked=\"9ec46095-6f33-46d5-a55c-91c5fae88c58\" \/>Transforme les d\u00e9chets de bois en particules uniformes adapt\u00e9es au compostage ou \u00e0 la transformation en biocarburant.<\/p>\n<\/li>\n<li data-start=\"2948\" data-end=\"3074\" data-immersive-translate-walked=\"9ec46095-6f33-46d5-a55c-91c5fae88c58\">\n<p data-start=\"2950\" data-end=\"3074\" data-immersive-translate-walked=\"9ec46095-6f33-46d5-a55c-91c5fae88c58\" data-immersive-translate-paragraph=\"1\">Industries du meuble et du panneau<br data-start=\"2984\" data-end=\"2987\" data-immersive-translate-walked=\"9ec46095-6f33-46d5-a55c-91c5fae88c58\" \/>G\u00e9n\u00e8re des copeaux uniformes pour la production ult\u00e9rieure de panneaux de particules ou d'isolation.<\/p>\n<\/li>\n<li data-start=\"3076\" data-end=\"3207\" data-immersive-translate-walked=\"9ec46095-6f33-46d5-a55c-91c5fae88c58\">\n<p data-start=\"3078\" data-end=\"3207\" data-immersive-translate-walked=\"9ec46095-6f33-46d5-a55c-91c5fae88c58\" data-immersive-translate-paragraph=\"1\">Fabrication de palettes en bois<br data-start=\"3109\" data-end=\"3112\" data-immersive-translate-walked=\"9ec46095-6f33-46d5-a55c-91c5fae88c58\" \/>Utilise efficacement les chutes de bois provenant des palettes et des d\u00e9coupes, r\u00e9duisant ainsi les d\u00e9chets dans les lignes de production.<\/p>\n<\/li>\n<\/ul>\n<h3 data-start=\"3214\" data-end=\"3243\" data-immersive-translate-walked=\"9ec46095-6f33-46d5-a55c-91c5fae88c58\" data-immersive-translate-paragraph=\"1\">Avantages<\/h3>\n<ol data-start=\"3245\" data-end=\"3906\" data-immersive-translate-walked=\"9ec46095-6f33-46d5-a55c-91c5fae88c58\">\n<li data-start=\"3245\" data-end=\"3361\" data-immersive-translate-walked=\"9ec46095-6f33-46d5-a55c-91c5fae88c58\">\n<p data-start=\"3248\" data-end=\"3361\" data-immersive-translate-walked=\"9ec46095-6f33-46d5-a55c-91c5fae88c58\" data-immersive-translate-paragraph=\"1\">Une qualit\u00e9 de production constante<br data-start=\"3277\" data-end=\"3280\" data-immersive-translate-walked=\"9ec46095-6f33-46d5-a55c-91c5fae88c58\" \/>Obtenez des copeaux uniformes de premi\u00e8re qualit\u00e9, adapt\u00e9s \u00e0 la revente commerciale ou \u00e0 l'utilisation finale.<\/p>\n<\/li>\n<li data-start=\"3363\" data-end=\"3473\" data-immersive-translate-walked=\"9ec46095-6f33-46d5-a55c-91c5fae88c58\">\n<p data-start=\"3366\" data-end=\"3473\" data-immersive-translate-walked=\"9ec46095-6f33-46d5-a55c-91c5fae88c58\" data-immersive-translate-paragraph=\"1\">R\u00e9duction des co\u00fbts de main-d'\u0153uvre<br data-start=\"3388\" data-end=\"3391\" data-immersive-translate-walked=\"9ec46095-6f33-46d5-a55c-91c5fae88c58\" \/>L'alimentation par cha\u00eene assure un fonctionnement semi-automatique avec moins d'interventions manuelles.<\/p>\n<\/li>\n<li data-start=\"3475\" data-end=\"3611\" data-immersive-translate-walked=\"9ec46095-6f33-46d5-a55c-91c5fae88c58\">\n<p data-start=\"3478\" data-end=\"3611\" data-immersive-translate-walked=\"9ec46095-6f33-46d5-a55c-91c5fae88c58\" data-immersive-translate-paragraph=\"1\">Production journali\u00e8re \u00e9lev\u00e9e<br data-start=\"3499\" data-end=\"3502\" data-immersive-translate-walked=\"9ec46095-6f33-46d5-a55c-91c5fae88c58\" \/>Capable de traiter plusieurs m\u00e8tres cubes de bois par heure, en fonction de la taille de la machine et des dimensions des grumes.<\/p>\n<\/li>\n<li data-start=\"3613\" data-end=\"3757\" data-immersive-translate-walked=\"9ec46095-6f33-46d5-a55c-91c5fae88c58\">\n<p data-start=\"3616\" data-end=\"3757\" data-immersive-translate-walked=\"9ec46095-6f33-46d5-a55c-91c5fae88c58\" data-immersive-translate-paragraph=\"1\">Personnalisable en fonction de vos besoins<br data-start=\"3646\" data-end=\"3649\" data-immersive-translate-walked=\"9ec46095-6f33-46d5-a55c-91c5fae88c58\" \/>Plusieurs mod\u00e8les sont disponibles avec diff\u00e9rentes \u00e9paisseurs de rasage, tailles d'alimentation et configurations de puissance du moteur.<\/p>\n<\/li>\n<li data-start=\"3759\" data-end=\"3906\" data-immersive-translate-walked=\"9ec46095-6f33-46d5-a55c-91c5fae88c58\">\n<p data-start=\"3762\" data-end=\"3906\" data-immersive-translate-walked=\"9ec46095-6f33-46d5-a55c-91c5fae88c58\" data-immersive-translate-paragraph=\"1\">Peu d'entretien, retour sur investissement \u00e9lev\u00e9<br data-start=\"3791\" data-end=\"3794\" data-immersive-translate-walked=\"9ec46095-6f33-46d5-a55c-91c5fae88c58\" \/>Con\u00e7us pour une longue dur\u00e9e de vie avec des pi\u00e8ces d'usure faciles \u00e0 remplacer, ils r\u00e9duisent les temps d'arr\u00eat et le co\u00fbt total de possession.<\/p>\n<\/li>\n<\/ol>\n<h3 data-start=\"84\" data-end=\"137\" data-immersive-translate-walked=\"0ff46864-e9bc-4926-86d7-982219388fa6\" data-immersive-translate-paragraph=\"1\">Disponible en mod\u00e8les \u00e0 alimentation par cha\u00eene et en mod\u00e8les hydrauliques<\/h3>\n<p data-start=\"139\" data-end=\"537\" data-immersive-translate-walked=\"0ff46864-e9bc-4926-86d7-982219388fa6\" data-immersive-translate-paragraph=\"1\">En plus de la version \u00e0 alimentation par cha\u00eene, nous proposons \u00e9galement une machine \u00e0 copeaux de bois hydraulique, qui offre encore plus de flexibilit\u00e9 pour les diff\u00e9rents environnements de production et les besoins de manutention. La version hydraulique est \u00e9quip\u00e9e d'un syst\u00e8me de pouss\u00e9e hydraulique qui pousse le bois vers l'avant dans la t\u00eate de coupe, assurant une alimentation stable, en particulier pour les blocs de bois irr\u00e9guliers ou plus courts.<\/p>\n<h4 data-start=\"539\" data-end=\"580\" data-immersive-translate-walked=\"0ff46864-e9bc-4926-86d7-982219388fa6\" data-immersive-translate-paragraph=\"1\">Principaux avantages du mod\u00e8le hydraulique :<\/h4>\n<ul>\n<li data-start=\"584\" data-end=\"691\" data-immersive-translate-walked=\"0ff46864-e9bc-4926-86d7-982219388fa6\" data-immersive-translate-paragraph=\"1\">Alimentation plus adapt\u00e9e : Id\u00e9al pour les formes de bois non uniformes telles que les blocs, les b\u00fbches courtes ou les restes de bois.<\/li>\n<li data-start=\"694\" data-end=\"793\" data-immersive-translate-walked=\"0ff46864-e9bc-4926-86d7-982219388fa6\" data-immersive-translate-paragraph=\"1\">Encombrement r\u00e9duit : Optimis\u00e9 pour l'espace limit\u00e9 de l'atelier sans sacrifier les performances de sortie.<\/li>\n<li data-start=\"796\" data-end=\"902\" data-immersive-translate-walked=\"0ff46864-e9bc-4926-86d7-982219388fa6\" data-immersive-translate-paragraph=\"1\">Fonctionnement silencieux et souple : L'alimentation hydraulique permet un mouvement plus souple, avec moins de vibrations et de bruit.<\/li>\n<li data-start=\"905\" data-end=\"1036\" data-immersive-translate-walked=\"0ff46864-e9bc-4926-86d7-982219388fa6\" data-immersive-translate-paragraph=\"1\">Facilit\u00e9 d'utilisation et d'entretien : Des commandes hydrauliques simples et moins de pi\u00e8ces mobiles r\u00e9duisent la charge de travail de l'op\u00e9rateur et le temps de maintenance.<\/li>\n<\/ul>\n<p data-start=\"1038\" data-end=\"1227\" data-immersive-translate-walked=\"0ff46864-e9bc-4926-86d7-982219388fa6\" data-immersive-translate-paragraph=\"1\">Cette double offre - machines \u00e0 tron\u00e7onner le bois \u00e0 cha\u00eene et machines \u00e0 tron\u00e7onner le bois hydrauliques - permet aux clients de choisir la machine la plus appropri\u00e9e en fonction du type de mat\u00e9riau, du volume de production et des exigences en mati\u00e8re d'automatisation.<\/p>","protected":false},"excerpt":{"rendered":"<p>Nos machines \u00e0 r\u00e2per le bois existent en mod\u00e8les \u00e0 alimentation par cha\u00eene et hydraulique, con\u00e7us pour traiter diff\u00e9rents types et tailles de bois. Elles produisent des copeaux propres et homog\u00e8nes, id\u00e9aux pour la liti\u00e8re des animaux, l'emballage et le combustible de biomasse. Construites avec des mat\u00e9riaux durables et des lames efficaces, ces machines garantissent une productivit\u00e9 \u00e9lev\u00e9e, une maintenance r\u00e9duite et un fonctionnement s\u00fbr dans les environnements industriels.<\/p>","protected":false},"featured_media":1942,"template":"","meta":{"site-sidebar-layout":"default","site-content-layout":"","ast-site-content-layout":"default","site-content-style":"default","site-sidebar-style":"default","ast-global-header-display":"","ast-banner-title-visibility":"","ast-main-header-display":"","ast-hfb-above-header-display":"","ast-hfb-below-header-display":"","ast-hfb-mobile-header-display":"","site-post-title":"","ast-breadcrumbs-content":"","ast-featured-img":"","footer-sml-layout":"","ast-disable-related-posts":"","theme-transparent-header-meta":"default","adv-header-id-meta":"","stick-header-meta":"","header-above-stick-meta":"","header-main-stick-meta":"","header-below-stick-meta":"","astra-migrate-meta-layouts":"set","ast-page-background-enabled":"default","ast-page-background-meta":{"desktop":{"background-color":"var(--ast-global-color-5)","background-image":"","background-repeat":"repeat","background-position":"center center","background-size":"auto","background-attachment":"scroll","background-type":"","background-media":"","overlay-type":"","overlay-color":"","overlay-opacity":"","overlay-gradient":""},"tablet":{"background-color":"","background-image":"","background-repeat":"repeat","background-position":"center center","background-size":"auto","background-attachment":"scroll","background-type":"","background-media":"","overlay-type":"","overlay-color":"","overlay-opacity":"","overlay-gradient":""},"mobile":{"background-color":"","background-image":"","background-repeat":"repeat","background-position":"center center","background-size":"auto","background-attachment":"scroll","background-type":"","background-media":"","overlay-type":"","overlay-color":"","overlay-opacity":"","overlay-gradient":""}},"ast-content-background-meta":{"desktop":{"background-color":"var(--ast-global-color-4)","background-image":"","background-repeat":"repeat","background-position":"center center","background-size":"auto","background-attachment":"scroll","background-type":"","background-media":"","overlay-type":"","overlay-color":"","overlay-opacity":"","overlay-gradient":""},"tablet":{"background-color":"var(--ast-global-color-4)","background-image":"","background-repeat":"repeat","background-position":"center center","background-size":"auto","background-attachment":"scroll","background-type":"","background-media":"","overlay-type":"","overlay-color":"","overlay-opacity":"","overlay-gradient":""},"mobile":{"background-color":"var(--ast-global-color-4)","background-image":"","background-repeat":"repeat","background-position":"center center","background-size":"auto","background-attachment":"scroll","background-type":"","background-media":"","overlay-type":"","overlay-color":"","overlay-opacity":"","overlay-gradient":""}}},"product_brand":[],"product_cat":[20,150],"product_tag":[],"class_list":{"0":"post-2004","1":"product","2":"type-product","3":"status-publish","4":"has-post-thumbnail","6":"product_cat-shredding-and-crushing-machine","7":"product_cat-wood-shavings-machine","8":"desktop-align-left","9":"tablet-align-left","10":"mobile-align-left","12":"first","13":"instock","14":"shipping-taxable","15":"product-type-simple"},"_links":{"self":[{"href":"https:\/\/www.gigapa.com\/fr\/wp-json\/wp\/v2\/product\/2004","targetHints":{"allow":["GET"]}}],"collection":[{"href":"https:\/\/www.gigapa.com\/fr\/wp-json\/wp\/v2\/product"}],"about":[{"href":"https:\/\/www.gigapa.com\/fr\/wp-json\/wp\/v2\/types\/product"}],"version-history":[{"count":3,"href":"https:\/\/www.gigapa.com\/fr\/wp-json\/wp\/v2\/product\/2004\/revisions"}],"predecessor-version":[{"id":2132,"href":"https:\/\/www.gigapa.com\/fr\/wp-json\/wp\/v2\/product\/2004\/revisions\/2132"}],"wp:featuredmedia":[{"embeddable":true,"href":"https:\/\/www.gigapa.com\/fr\/wp-json\/wp\/v2\/media\/1942"}],"wp:attachment":[{"href":"https:\/\/www.gigapa.com\/fr\/wp-json\/wp\/v2\/media?parent=2004"}],"wp:term":[{"taxonomy":"product_brand","embeddable":true,"href":"https:\/\/www.gigapa.com\/fr\/wp-json\/wp\/v2\/product_brand?post=2004"},{"taxonomy":"product_cat","embeddable":true,"href":"https:\/\/www.gigapa.com\/fr\/wp-json\/wp\/v2\/product_cat?post=2004"},{"taxonomy":"product_tag","embeddable":true,"href":"https:\/\/www.gigapa.com\/fr\/wp-json\/wp\/v2\/product_tag?post=2004"}],"curies":[{"name":"wp","href":"https:\/\/api.w.org\/{rel}","templated":true}]}}