{"id":2006,"date":"2025-06-18T08:26:33","date_gmt":"2025-06-18T00:26:33","guid":{"rendered":"https:\/\/www.gigapa.com\/?post_type=product&#038;p=2006"},"modified":"2025-10-13T09:16:48","modified_gmt":"2025-10-13T01:16:48","slug":"hopper-type-metal-baler","status":"publish","type":"product","link":"https:\/\/www.gigapa.com\/fr\/product\/hopper-type-metal-baler\/","title":{"rendered":"Presse \u00e0 balles m\u00e9talliques \u00e0 tr\u00e9mie"},"content":{"rendered":"<p data-start=\"200\" data-end=\"629\">La presse \u00e0 balles pour m\u00e9taux \u00e0 tr\u00e9mie est une machine \u00e0 haute efficacit\u00e9 con\u00e7ue pour traiter de grands volumes de ferraille avec un minimum de main-d'\u0153uvre. Cette presse \u00e0 balles robuste est \u00e9quip\u00e9e d'un syst\u00e8me d'alimentation par tr\u00e9mie qui permet un chargement continu et automatique des mat\u00e9riaux, ce qui en fait le choix id\u00e9al pour les installations de recyclage, les parcs \u00e0 ferraille, les usines de transformation de l'acier et les fabricants industriels qui cherchent \u00e0 optimiser leur processus de traitement des d\u00e9chets m\u00e9talliques.<\/p>\n<p data-start=\"631\" data-end=\"1056\">Contrairement aux presses \u00e0 m\u00e9taux traditionnelles qui n\u00e9cessitent une alimentation manuelle, la presse \u00e0 balles \u00e0 tr\u00e9mie utilise une grande tr\u00e9mie pour recevoir automatiquement la ferraille provenant de convoyeurs, de chariots \u00e9l\u00e9vateurs \u00e0 fourche ou de grues. Une fois le m\u00e9tal entr\u00e9 dans la chambre, la machine utilise de puissants cylindres hydrauliques pour comprimer le mat\u00e9riau en balles denses et maniables. Ce syst\u00e8me automatis\u00e9 am\u00e9liore consid\u00e9rablement l'efficacit\u00e9 op\u00e9rationnelle, r\u00e9duit les co\u00fbts de main-d'\u0153uvre et maximise le rendement.<\/p>\n<h3 data-start=\"1058\" data-end=\"1106\">Caract\u00e9ristiques principales de la presse \u00e0 balles m\u00e9talliques \u00e0 tr\u00e9mie :<\/h3>\n<ul>\n<li data-start=\"1110\" data-end=\"1341\">Alimentation automatis\u00e9e de la tr\u00e9mie : La tr\u00e9mie int\u00e9gr\u00e9e permet une alimentation continue en ferraille sans intervention manuelle. Ceci est particuli\u00e8rement utile pour les installations qui g\u00e9n\u00e8rent des volumes importants de chutes, de rognures ou de copeaux.<\/li>\n<li data-start=\"1344\" data-end=\"1507\">Syst\u00e8me hydraulique robuste : \u00c9quip\u00e9e de v\u00e9rins hydrauliques \u00e0 haute pression, la presse \u00e0 balles comprime les d\u00e9chets m\u00e9talliques en blocs compacts de densit\u00e9 et de forme uniformes.<\/li>\n<li data-start=\"1510\" data-end=\"1650\">Cadre robuste : Construit en acier r\u00e9sistant \u00e0 l'usure, le cadre offre une solidit\u00e9 et une durabilit\u00e9 sup\u00e9rieures pour une utilisation industrielle \u00e0 long terme.<\/li>\n<li data-start=\"1653\" data-end=\"1806\">Syst\u00e8me de contr\u00f4le PLC : L'interface facile \u00e0 utiliser avec l'automate programmable (PLC) permet une automatisation compl\u00e8te et un contr\u00f4le pr\u00e9cis du processus de pressage.<\/li>\n<li data-start=\"1809\" data-end=\"1967\">Taille des balles personnalisable : Les dimensions des balles de sortie peuvent \u00eatre personnalis\u00e9es en fonction des besoins du client, ce qui garantit la compatibilit\u00e9 avec les syst\u00e8mes de transport et de stockage.<\/li>\n<li data-start=\"1970\" data-end=\"2082\">Conception s\u00e9curitaire : Les verrouillages de s\u00e9curit\u00e9 int\u00e9gr\u00e9s et les dispositifs d'arr\u00eat d'urgence assurent la protection de l'op\u00e9rateur pendant l'utilisation.<\/li>\n<\/ul>\n<h3 data-start=\"2084\" data-end=\"2101\">Applications :<\/h3>\n<p data-start=\"2103\" data-end=\"2226\">La presse \u00e0 balles pour m\u00e9taux \u00e0 tr\u00e9mie convient \u00e0 un large \u00e9ventail d'op\u00e9rations de recyclage de la ferraille, y compris, mais sans s'y limiter :<\/p>\n<ul>\n<li data-start=\"2229\" data-end=\"2244\">Aci\u00e9ries<\/li>\n<li data-start=\"2247\" data-end=\"2285\">Installations de recyclage des m\u00e9taux non ferreux<\/li>\n<li data-start=\"2288\" data-end=\"2320\">Usines d'extrusion d'aluminium<\/li>\n<li data-start=\"2323\" data-end=\"2356\">Fabricants de pi\u00e8ces automobiles<\/li>\n<li data-start=\"2359\" data-end=\"2387\">Ateliers d'emboutissage<\/li>\n<li data-start=\"2390\" data-end=\"2441\">Centres d'usinage et usines de fabrication d'outils<\/li>\n<\/ul>\n<p data-start=\"2443\" data-end=\"2476\">Il peut traiter des mat\u00e9riaux tels que :<\/p>\n<ul>\n<li data-start=\"2479\" data-end=\"2494\">D\u00e9chets d'aluminium<\/li>\n<li data-start=\"2497\" data-end=\"2519\">Fils et tuyaux en cuivre<\/li>\n<li data-start=\"2522\" data-end=\"2537\">Garnitures en acier<\/li>\n<li data-start=\"2540\" data-end=\"2562\">D\u00e9bris d'acier inoxydable<\/li>\n<li data-start=\"2565\" data-end=\"2578\">Copeaux de fer<\/li>\n<li data-start=\"2581\" data-end=\"2599\">Pi\u00e8ces m\u00e9talliques en alliage<\/li>\n<\/ul>\n<p data-start=\"2601\" data-end=\"2799\">En transformant les d\u00e9chets m\u00e9talliques en balles de haute densit\u00e9, cette machine permet aux entreprises d'\u00e9conomiser sur les co\u00fbts de transport et de stockage tout en am\u00e9liorant la valeur de la ferraille lorsqu'elle est vendue \u00e0 des fonderies ou \u00e0 des transformateurs de m\u00e9taux.<\/p>\n<h3 data-start=\"2801\" data-end=\"2853\">Avantages de l'utilisation de notre presse \u00e0 balles m\u00e9talliques \u00e0 tr\u00e9mie :<\/h3>\n<ol>\n<li data-start=\"2858\" data-end=\"2993\">\u00c9conomie de main-d'\u0153uvre : L'alimentation automatique permet de r\u00e9duire le nombre d'employ\u00e9s charg\u00e9s de g\u00e9rer le processus de mise en balles, ce qui lib\u00e8re de la main d'\u0153uvre pour d'autres t\u00e2ches.<\/li>\n<li data-start=\"2997\" data-end=\"3145\">Efficacit\u00e9 en termes de temps : Le fonctionnement plus rapide et la conception de l'alimentation continue augmentent consid\u00e9rablement la productivit\u00e9, ce qui permet de traiter plus de d\u00e9chets en moins de temps.<\/li>\n<li data-start=\"3149\" data-end=\"3278\">Gain de place : Les balles comprim\u00e9es prennent beaucoup moins de place que le m\u00e9tal en vrac, ce qui optimise le stockage dans les entrep\u00f4ts et les conteneurs.<\/li>\n<li data-start=\"3282\" data-end=\"3391\">Valeur de revente plus \u00e9lev\u00e9e : Les balles denses et uniformes sont plus faciles \u00e0 manipuler et ont plus de valeur sur le march\u00e9 du recyclage.<\/li>\n<li data-start=\"3395\" data-end=\"3527\">Respect de l'environnement : Aide \u00e0 respecter les normes de protection de l'environnement en encourageant la gestion durable des d\u00e9chets et le recyclage.<\/li>\n<\/ol>\n<h3 data-start=\"3529\" data-end=\"3572\">Pourquoi choisir notre presse \u00e0 balles m\u00e9talliques \u00e0 tr\u00e9mie ?<\/h3>\n<p data-start=\"3574\" data-end=\"3859\">Nous avons des ann\u00e9es d'exp\u00e9rience dans la conception et la fabrication d'\u00e9quipements de mise en balles pour des applications industrielles et commerciales. Nos presses \u00e0 balles m\u00e9talliques \u00e0 tr\u00e9mie sont con\u00e7ues avec pr\u00e9cision, en utilisant des mat\u00e9riaux de haute qualit\u00e9 et des composants fiables pour garantir des performances stables dans des environnements exigeants.<\/p>\n<p data-start=\"3861\" data-end=\"4149\">Nous proposons \u00e9galement des services de personnalisation pour r\u00e9pondre \u00e0 vos besoins en mati\u00e8re de production et de recyclage, y compris des ajustements de la taille de la tr\u00e9mie, des dimensions des balles et de la puissance du moteur. Une assistance technique compl\u00e8te, des conseils d'installation et un service apr\u00e8s-vente sont fournis pour garantir la satisfaction du client.<\/p>\n<h3 data-start=\"4156\" data-end=\"4170\">Conclusion<\/h3>\n<p data-start=\"4172\" data-end=\"4584\">La presse \u00e0 balles pour m\u00e9taux \u00e0 tr\u00e9mie est un \u00e9quipement essentiel pour toute entreprise traitant d'importants volumes de d\u00e9chets m\u00e9talliques. Avec son alimentation automatis\u00e9e, sa puissante compression hydraulique et sa conception robuste, cette machine offre une efficacit\u00e9 et une fiabilit\u00e9 in\u00e9gal\u00e9es. Que vous traitiez des d\u00e9chets d'aluminium, de cuivre ou d'acier, notre presse \u00e0 balles vous aide \u00e0 r\u00e9duire vos co\u00fbts, \u00e0 rationaliser vos op\u00e9rations et \u00e0 augmenter votre rentabilit\u00e9.<\/p>","protected":false},"excerpt":{"rendered":"<p>La presse \u00e0 balles pour m\u00e9taux \u00e0 tr\u00e9mie assure un compactage puissant pour le traitement de la ferraille. Sa conception \u00e0 tr\u00e9mie ouverte permet une alimentation continue des d\u00e9chets d'acier, d'aluminium et de cuivre, tandis que la pression hydraulique de 50-200T cr\u00e9e des balles denses et empilables (jusqu'\u00e0 800 kg\/m\u00b3). Les caract\u00e9ristiques comprennent le chargement automatique, la commande PLC et la protection contre les surcharges, ce qui permet de r\u00e9duire les co\u00fbts de main-d'\u0153uvre de 60%. Parfait pour les parcs \u00e0 ferraille, les fonderies et les usines de recyclage.<\/p>","protected":false},"featured_media":1941,"template":"","meta":{"site-sidebar-layout":"default","site-content-layout":"","ast-site-content-layout":"default","site-content-style":"default","site-sidebar-style":"default","ast-global-header-display":"","ast-banner-title-visibility":"","ast-main-header-display":"","ast-hfb-above-header-display":"","ast-hfb-below-header-display":"","ast-hfb-mobile-header-display":"","site-post-title":"","ast-breadcrumbs-content":"","ast-featured-img":"","footer-sml-layout":"","ast-disable-related-posts":"","theme-transparent-header-meta":"default","adv-header-id-meta":"","stick-header-meta":"","header-above-stick-meta":"","header-main-stick-meta":"","header-below-stick-meta":"","astra-migrate-meta-layouts":"set","ast-page-background-enabled":"default","ast-page-background-meta":{"desktop":{"background-color":"var(--ast-global-color-5)","background-image":"","background-repeat":"repeat","background-position":"center center","background-size":"auto","background-attachment":"scroll","background-type":"","background-media":"","overlay-type":"","overlay-color":"","overlay-opacity":"","overlay-gradient":""},"tablet":{"background-color":"","background-image":"","background-repeat":"repeat","background-position":"center center","background-size":"auto","background-attachment":"scroll","background-type":"","background-media":"","overlay-type":"","overlay-color":"","overlay-opacity":"","overlay-gradient":""},"mobile":{"background-color":"","background-image":"","background-repeat":"repeat","background-position":"center center","background-size":"auto","background-attachment":"scroll","background-type":"","background-media":"","overlay-type":"","overlay-color":"","overlay-opacity":"","overlay-gradient":""}},"ast-content-background-meta":{"desktop":{"background-color":"var(--ast-global-color-4)","background-image":"","background-repeat":"repeat","background-position":"center center","background-size":"auto","background-attachment":"scroll","background-type":"","background-media":"","overlay-type":"","overlay-color":"","overlay-opacity":"","overlay-gradient":""},"tablet":{"background-color":"var(--ast-global-color-4)","background-image":"","background-repeat":"repeat","background-position":"center center","background-size":"auto","background-attachment":"scroll","background-type":"","background-media":"","overlay-type":"","overlay-color":"","overlay-opacity":"","overlay-gradient":""},"mobile":{"background-color":"var(--ast-global-color-4)","background-image":"","background-repeat":"repeat","background-position":"center center","background-size":"auto","background-attachment":"scroll","background-type":"","background-media":"","overlay-type":"","overlay-color":"","overlay-opacity":"","overlay-gradient":""}}},"product_brand":[],"product_cat":[21,155],"product_tag":[],"class_list":{"0":"post-2006","1":"product","2":"type-product","3":"status-publish","4":"has-post-thumbnail","6":"product_cat-baling-machine","7":"product_cat-metal-baler","8":"desktop-align-left","9":"tablet-align-left","10":"mobile-align-left","12":"first","13":"instock","14":"shipping-taxable","15":"product-type-simple"},"_links":{"self":[{"href":"https:\/\/www.gigapa.com\/fr\/wp-json\/wp\/v2\/product\/2006","targetHints":{"allow":["GET"]}}],"collection":[{"href":"https:\/\/www.gigapa.com\/fr\/wp-json\/wp\/v2\/product"}],"about":[{"href":"https:\/\/www.gigapa.com\/fr\/wp-json\/wp\/v2\/types\/product"}],"version-history":[{"count":3,"href":"https:\/\/www.gigapa.com\/fr\/wp-json\/wp\/v2\/product\/2006\/revisions"}],"predecessor-version":[{"id":2150,"href":"https:\/\/www.gigapa.com\/fr\/wp-json\/wp\/v2\/product\/2006\/revisions\/2150"}],"wp:featuredmedia":[{"embeddable":true,"href":"https:\/\/www.gigapa.com\/fr\/wp-json\/wp\/v2\/media\/1941"}],"wp:attachment":[{"href":"https:\/\/www.gigapa.com\/fr\/wp-json\/wp\/v2\/media?parent=2006"}],"wp:term":[{"taxonomy":"product_brand","embeddable":true,"href":"https:\/\/www.gigapa.com\/fr\/wp-json\/wp\/v2\/product_brand?post=2006"},{"taxonomy":"product_cat","embeddable":true,"href":"https:\/\/www.gigapa.com\/fr\/wp-json\/wp\/v2\/product_cat?post=2006"},{"taxonomy":"product_tag","embeddable":true,"href":"https:\/\/www.gigapa.com\/fr\/wp-json\/wp\/v2\/product_tag?post=2006"}],"curies":[{"name":"wp","href":"https:\/\/api.w.org\/{rel}","templated":true}]}}