{"id":2012,"date":"2025-06-17T16:08:51","date_gmt":"2025-06-17T08:08:51","guid":{"rendered":"https:\/\/www.gigapa.com\/?post_type=product&#038;p=2012"},"modified":"2025-10-13T09:17:02","modified_gmt":"2025-10-13T01:17:02","slug":"dual-shaft-shredder-for-waste-recycling","status":"publish","type":"product","link":"https:\/\/www.gigapa.com\/fr\/product\/dual-shaft-shredder-for-waste-recycling\/","title":{"rendered":"Broyeur \u00e0 deux arbres pour le recyclage des d\u00e9chets"},"content":{"rendered":"<p data-start=\"212\" data-end=\"598\" data-immersive-translate-walked=\"cc814a56-c726-41fa-87f3-90e3d83f536c\" data-immersive-translate-paragraph=\"1\">Le broyeur \u00e0 double arbre pour le recyclage des d\u00e9chets est une machine tr\u00e8s polyvalente et robuste, con\u00e7ue pour traiter une grande vari\u00e9t\u00e9 de d\u00e9chets. Construit avec des composants de qualit\u00e9 industrielle et con\u00e7u pour une efficacit\u00e9 maximale, ce broyeur \u00e0 double arbre est la solution id\u00e9ale pour les industries qui cherchent \u00e0 r\u00e9duire le volume des d\u00e9chets, \u00e0 am\u00e9liorer l'efficacit\u00e9 du recyclage et \u00e0 garantir le respect de l'environnement.<\/p>\n<h3 data-start=\"600\" data-end=\"657\" data-immersive-translate-walked=\"cc814a56-c726-41fa-87f3-90e3d83f536c\" data-immersive-translate-paragraph=\"1\">Des performances in\u00e9gal\u00e9es pour le traitement des d\u00e9chets lourds<\/h3>\n<p data-start=\"659\" data-end=\"1132\" data-immersive-translate-walked=\"cc814a56-c726-41fa-87f3-90e3d83f536c\" data-immersive-translate-paragraph=\"1\">Au c\u0153ur de ce broyeur se trouvent deux arbres contrarotatifs \u00e9quip\u00e9s de moteurs \u00e0 couple \u00e9lev\u00e9 et \u00e0 faible vitesse. Cette conception permet au broyeur de traiter facilement les mat\u00e9riaux les plus difficiles tels que les f\u00fbts en plastique, les d\u00e9chets m\u00e9talliques, les d\u00e9chets \u00e9lectroniques, les palettes en bois, les pneus en caoutchouc, les textiles et les d\u00e9chets solides municipaux (DSM). Le fonctionnement \u00e0 vitesse lente minimise le bruit et la poussi\u00e8re tout en \u00e9vitant les blocages et les surchauffes, ce qui en fait un outil id\u00e9al pour un fonctionnement continu dans des environnements exigeants.<\/p>\n<h3 data-start=\"1134\" data-end=\"1182\" data-immersive-translate-walked=\"cc814a56-c726-41fa-87f3-90e3d83f536c\" data-immersive-translate-paragraph=\"1\">Construction durable, con\u00e7ue pour la long\u00e9vit\u00e9<\/h3>\n<p data-start=\"1184\" data-end=\"1556\" data-immersive-translate-walked=\"cc814a56-c726-41fa-87f3-90e3d83f536c\" data-immersive-translate-paragraph=\"1\">Le broyeur \u00e0 deux arbres pour le recyclage des d\u00e9chets est dot\u00e9 d'un carter en acier robuste et de lames r\u00e9sistantes \u00e0 l'usure qui garantissent une durabilit\u00e9 \u00e0 long terme. Les lames sont fabriqu\u00e9es en acier tremp\u00e9 fortement alli\u00e9 et sont enti\u00e8rement rempla\u00e7ables, ce qui r\u00e9duit les co\u00fbts de maintenance et les temps d'arr\u00eat. La bo\u00eete de vitesses et le moteur sont int\u00e9gr\u00e9s pour des performances compactes et une transmission de puissance optimis\u00e9e.<\/p>\n<h3 data-start=\"1558\" data-end=\"1602\" data-immersive-translate-walked=\"cc814a56-c726-41fa-87f3-90e3d83f536c\" data-immersive-translate-paragraph=\"1\">Applications polyvalentes dans tous les secteurs d'activit\u00e9<\/h3>\n<p data-start=\"1604\" data-end=\"1774\" data-immersive-translate-walked=\"cc814a56-c726-41fa-87f3-90e3d83f536c\" data-immersive-translate-paragraph=\"1\">Ce broyeur \u00e0 double arbre est largement utilis\u00e9 dans les usines de recyclage, les installations de fabrication, les usines de valorisation \u00e9nerg\u00e9tique des d\u00e9chets et les entrep\u00f4ts logistiques. Il prend en charge des applications telles que :<\/p>\n<ul>\n<li data-start=\"1778\" data-end=\"1842\" data-immersive-translate-walked=\"cc814a56-c726-41fa-87f3-90e3d83f536c\" data-immersive-translate-paragraph=\"1\">Recyclage des mati\u00e8res plastiques - broyage du PEHD, du PP, du PET, du PVC, etc.<\/li>\n<li data-start=\"1845\" data-end=\"1917\" data-immersive-translate-walked=\"cc814a56-c726-41fa-87f3-90e3d83f536c\" data-immersive-translate-paragraph=\"1\">Recyclage des m\u00e9taux - traitement des mat\u00e9riaux ferreux et non ferreux l\u00e9gers<\/li>\n<li data-start=\"1920\" data-end=\"2010\" data-immersive-translate-walked=\"cc814a56-c726-41fa-87f3-90e3d83f536c\" data-immersive-translate-paragraph=\"1\">D\u00e9chets \u00e9lectroniques (e-waste) - d\u00e9mant\u00e8lement de cartes de circuits imprim\u00e9s, de fils et de petits appareils.<\/li>\n<li data-start=\"2013\" data-end=\"2082\" data-immersive-translate-walked=\"cc814a56-c726-41fa-87f3-90e3d83f536c\" data-immersive-translate-paragraph=\"1\">Traitement du caoutchouc - d\u00e9chiquetage des pneus et des feuilles de caoutchouc en vue de leur r\u00e9utilisation<\/li>\n<li data-start=\"2085\" data-end=\"2148\" data-immersive-translate-walked=\"cc814a56-c726-41fa-87f3-90e3d83f536c\" data-immersive-translate-paragraph=\"1\">Recyclage du bois - d\u00e9composition des palettes et des emballages en bois<\/li>\n<li data-start=\"2151\" data-end=\"2230\" data-immersive-translate-walked=\"cc814a56-c726-41fa-87f3-90e3d83f536c\" data-immersive-translate-paragraph=\"1\">Broyage de textiles - r\u00e9duction des vieux v\u00eatements, tissus et mat\u00e9riaux non tiss\u00e9s<\/li>\n<\/ul>\n<h3 data-start=\"2232\" data-end=\"2276\" data-immersive-translate-walked=\"cc814a56-c726-41fa-87f3-90e3d83f536c\" data-immersive-translate-paragraph=\"1\">Commandes intelligentes et dispositifs de s\u00e9curit\u00e9<\/h3>\n<p data-start=\"2278\" data-end=\"2670\" data-immersive-translate-walked=\"cc814a56-c726-41fa-87f3-90e3d83f536c\" data-immersive-translate-paragraph=\"1\">\u00c9quip\u00e9 d'un panneau de commande convivial et d'un syst\u00e8me PLC, le broyeur permet aux op\u00e9rateurs de r\u00e9gler facilement les param\u00e8tres et de surveiller les op\u00e9rations en temps r\u00e9el. Il est dot\u00e9 d'une protection automatique contre les surcharges, de boutons d'arr\u00eat d'urgence et d'une fonction d'inversion de la rotation pour \u00e9viter les dommages caus\u00e9s par des blocages inattendus. Ces dispositifs de s\u00e9curit\u00e9 garantissent un fonctionnement s\u00fbr et prot\u00e8gent \u00e0 la fois la machine et l'op\u00e9rateur.<\/p>\n<h3 data-start=\"2672\" data-end=\"2713\" data-immersive-translate-walked=\"cc814a56-c726-41fa-87f3-90e3d83f536c\" data-immersive-translate-paragraph=\"1\">Solution \u00e9cologique de r\u00e9duction des d\u00e9chets<\/h3>\n<p data-start=\"2715\" data-end=\"3126\" data-immersive-translate-walked=\"cc814a56-c726-41fa-87f3-90e3d83f536c\" data-immersive-translate-paragraph=\"1\">Le broyeur \u00e0 double arbre pour le recyclage des d\u00e9chets joue un r\u00f4le crucial dans la r\u00e9duction des d\u00e9chets mis en d\u00e9charge et l'optimisation de la r\u00e9cup\u00e9ration des mat\u00e9riaux. En d\u00e9composant efficacement les d\u00e9chets volumineux en morceaux plus petits et plus faciles \u00e0 g\u00e9rer, il simplifie le traitement en aval et contribue au respect des normes environnementales. Les entreprises qui cherchent \u00e0 r\u00e9duire leur empreinte carbone et \u00e0 promouvoir une \u00e9conomie circulaire trouveront dans ce broyeur un atout essentiel.<\/p>\n<h3 data-start=\"3128\" data-end=\"3174\" data-immersive-translate-walked=\"cc814a56-c726-41fa-87f3-90e3d83f536c\" data-immersive-translate-paragraph=\"1\">Facilit\u00e9 d'entretien et options de personnalisation<\/h3>\n<p data-start=\"3176\" data-end=\"3598\" data-immersive-translate-walked=\"cc814a56-c726-41fa-87f3-90e3d83f536c\" data-immersive-translate-paragraph=\"1\">Le broyeur est con\u00e7u dans un souci d'accessibilit\u00e9, ce qui permet un remplacement rapide des lames et un nettoyage interne. Il est disponible en diff\u00e9rents mod\u00e8les avec des configurations personnalisables telles que la largeur des lames, la puissance du moteur, la taille de la tr\u00e9mie et les options d'\u00e9vacuation pour r\u00e9pondre \u00e0 des besoins de recyclage sp\u00e9cifiques. Que vous exploitiez une petite usine de recyclage ou une installation industrielle \u00e0 grande \u00e9chelle, ce broyeur peut \u00eatre adapt\u00e9 \u00e0 vos besoins exacts.<\/p>\n<h3 data-start=\"3605\" data-end=\"3664\" data-immersive-translate-walked=\"cc814a56-c726-41fa-87f3-90e3d83f536c\">Pourquoi choisir notre broyeur \u00e0 deux arbres pour le recyclage des d\u00e9chets ?<\/h3>\n<ul data-start=\"3666\" data-end=\"3975\" data-immersive-translate-walked=\"cc814a56-c726-41fa-87f3-90e3d83f536c\">\n<li data-start=\"3666\" data-end=\"3739\" data-immersive-translate-walked=\"cc814a56-c726-41fa-87f3-90e3d83f536c\">\n<p data-start=\"3668\" data-end=\"3739\" data-immersive-translate-walked=\"cc814a56-c726-41fa-87f3-90e3d83f536c\">Broyage \u00e0 couple \u00e9lev\u00e9 et \u00e0 faible vitesse pour une puissance et une pr\u00e9cision sup\u00e9rieures<\/p>\n<\/li>\n<li data-start=\"3740\" data-end=\"3788\" data-immersive-translate-walked=\"cc814a56-c726-41fa-87f3-90e3d83f536c\">\n<p data-start=\"3742\" data-end=\"3788\" data-immersive-translate-walked=\"cc814a56-c726-41fa-87f3-90e3d83f536c\">Traitement d'une large gamme de d\u00e9chets<\/p>\n<\/li>\n<li data-start=\"3789\" data-end=\"3848\" data-immersive-translate-walked=\"cc814a56-c726-41fa-87f3-90e3d83f536c\">\n<p data-start=\"3791\" data-end=\"3848\" data-immersive-translate-walked=\"cc814a56-c726-41fa-87f3-90e3d83f536c\">Con\u00e7ue pour un temps d'arr\u00eat minimal et une maintenance r\u00e9duite<\/p>\n<\/li>\n<li data-start=\"3849\" data-end=\"3912\" data-immersive-translate-walked=\"cc814a56-c726-41fa-87f3-90e3d83f536c\">\n<p data-start=\"3851\" data-end=\"3912\" data-immersive-translate-walked=\"cc814a56-c726-41fa-87f3-90e3d83f536c\">Soutient les initiatives \u00e9cologiques et les objectifs de r\u00e9duction des d\u00e9chets<\/p>\n<\/li>\n<li data-start=\"3913\" data-end=\"3975\" data-immersive-translate-walked=\"cc814a56-c726-41fa-87f3-90e3d83f536c\">\n<p data-start=\"3915\" data-end=\"3975\" data-immersive-translate-walked=\"cc814a56-c726-41fa-87f3-90e3d83f536c\">Conforme aux normes internationales de qualit\u00e9 et de s\u00e9curit\u00e9<\/p>\n<\/li>\n<\/ul>\n<h3 data-start=\"3982\" data-end=\"3996\" data-immersive-translate-walked=\"cc814a56-c726-41fa-87f3-90e3d83f536c\">Conclusion<\/h3>\n<p data-start=\"3998\" data-end=\"4396\" data-immersive-translate-walked=\"cc814a56-c726-41fa-87f3-90e3d83f536c\" data-immersive-translate-paragraph=\"1\">Si vous recherchez une solution fiable et performante pour traiter les d\u00e9chets de mani\u00e8re \u00e9cologique et rentable, le broyeur \u00e0 deux arbres pour le recyclage des d\u00e9chets est votre meilleur choix. Con\u00e7u pour relever les d\u00e9fis de la gestion moderne des d\u00e9chets, il offre une durabilit\u00e9, une efficacit\u00e9 et une flexibilit\u00e9 qui am\u00e9lioreront vos op\u00e9rations de recyclage et contribueront \u00e0 construire un avenir durable.<\/p>","protected":false},"excerpt":{"rendered":"<p>Notre broyeur \u00e0 deux arbres est con\u00e7u pour un recyclage des d\u00e9chets de haute performance, traitant sans effort les plastiques, le bois, le caoutchouc et les m\u00e9taux l\u00e9gers. Dot\u00e9 d'arbres doubles robustes et de lames tremp\u00e9es, il assure un broyage r\u00e9gulier avec un minimum d'entretien. Id\u00e9al pour les installations industrielles, municipales et de recyclage, ce broyeur maximise le rendement tout en r\u00e9duisant la consommation d'\u00e9nergie. Sa construction durable et la possibilit\u00e9 de personnaliser la taille des grilles permettent un contr\u00f4le pr\u00e9cis de la taille des mat\u00e9riaux en sortie. Que vous traitiez des d\u00e9chets volumineux ou que vous pr\u00e9pariez des mat\u00e9riaux pour un recyclage ult\u00e9rieur, cette machine offre une fiabilit\u00e9 in\u00e9gal\u00e9e.<\/p>","protected":false},"featured_media":2151,"template":"","meta":{"site-sidebar-layout":"default","site-content-layout":"","ast-site-content-layout":"default","site-content-style":"default","site-sidebar-style":"default","ast-global-header-display":"","ast-banner-title-visibility":"","ast-main-header-display":"","ast-hfb-above-header-display":"","ast-hfb-below-header-display":"","ast-hfb-mobile-header-display":"","site-post-title":"","ast-breadcrumbs-content":"","ast-featured-img":"","footer-sml-layout":"","ast-disable-related-posts":"","theme-transparent-header-meta":"default","adv-header-id-meta":"","stick-header-meta":"","header-above-stick-meta":"","header-main-stick-meta":"","header-below-stick-meta":"","astra-migrate-meta-layouts":"set","ast-page-background-enabled":"default","ast-page-background-meta":{"desktop":{"background-color":"var(--ast-global-color-5)","background-image":"","background-repeat":"repeat","background-position":"center center","background-size":"auto","background-attachment":"scroll","background-type":"","background-media":"","overlay-type":"","overlay-color":"","overlay-opacity":"","overlay-gradient":""},"tablet":{"background-color":"","background-image":"","background-repeat":"repeat","background-position":"center center","background-size":"auto","background-attachment":"scroll","background-type":"","background-media":"","overlay-type":"","overlay-color":"","overlay-opacity":"","overlay-gradient":""},"mobile":{"background-color":"","background-image":"","background-repeat":"repeat","background-position":"center center","background-size":"auto","background-attachment":"scroll","background-type":"","background-media":"","overlay-type":"","overlay-color":"","overlay-opacity":"","overlay-gradient":""}},"ast-content-background-meta":{"desktop":{"background-color":"var(--ast-global-color-4)","background-image":"","background-repeat":"repeat","background-position":"center center","background-size":"auto","background-attachment":"scroll","background-type":"","background-media":"","overlay-type":"","overlay-color":"","overlay-opacity":"","overlay-gradient":""},"tablet":{"background-color":"var(--ast-global-color-4)","background-image":"","background-repeat":"repeat","background-position":"center center","background-size":"auto","background-attachment":"scroll","background-type":"","background-media":"","overlay-type":"","overlay-color":"","overlay-opacity":"","overlay-gradient":""},"mobile":{"background-color":"var(--ast-global-color-4)","background-image":"","background-repeat":"repeat","background-position":"center center","background-size":"auto","background-attachment":"scroll","background-type":"","background-media":"","overlay-type":"","overlay-color":"","overlay-opacity":"","overlay-gradient":""}}},"product_brand":[],"product_cat":[20,149],"product_tag":[],"class_list":{"0":"post-2012","1":"product","2":"type-product","3":"status-publish","4":"has-post-thumbnail","6":"product_cat-shredding-and-crushing-machine","7":"product_cat-double-shaft-shredder","8":"desktop-align-left","9":"tablet-align-left","10":"mobile-align-left","12":"first","13":"instock","14":"shipping-taxable","15":"product-type-simple"},"_links":{"self":[{"href":"https:\/\/www.gigapa.com\/fr\/wp-json\/wp\/v2\/product\/2012","targetHints":{"allow":["GET"]}}],"collection":[{"href":"https:\/\/www.gigapa.com\/fr\/wp-json\/wp\/v2\/product"}],"about":[{"href":"https:\/\/www.gigapa.com\/fr\/wp-json\/wp\/v2\/types\/product"}],"version-history":[{"count":2,"href":"https:\/\/www.gigapa.com\/fr\/wp-json\/wp\/v2\/product\/2012\/revisions"}],"predecessor-version":[{"id":2152,"href":"https:\/\/www.gigapa.com\/fr\/wp-json\/wp\/v2\/product\/2012\/revisions\/2152"}],"wp:featuredmedia":[{"embeddable":true,"href":"https:\/\/www.gigapa.com\/fr\/wp-json\/wp\/v2\/media\/2151"}],"wp:attachment":[{"href":"https:\/\/www.gigapa.com\/fr\/wp-json\/wp\/v2\/media?parent=2012"}],"wp:term":[{"taxonomy":"product_brand","embeddable":true,"href":"https:\/\/www.gigapa.com\/fr\/wp-json\/wp\/v2\/product_brand?post=2012"},{"taxonomy":"product_cat","embeddable":true,"href":"https:\/\/www.gigapa.com\/fr\/wp-json\/wp\/v2\/product_cat?post=2012"},{"taxonomy":"product_tag","embeddable":true,"href":"https:\/\/www.gigapa.com\/fr\/wp-json\/wp\/v2\/product_tag?post=2012"}],"curies":[{"name":"wp","href":"https:\/\/api.w.org\/{rel}","templated":true}]}}