{"id":2016,"date":"2025-06-17T14:42:33","date_gmt":"2025-06-17T06:42:33","guid":{"rendered":"https:\/\/www.gigapa.com\/?post_type=product&#038;p=2016"},"modified":"2025-10-13T09:19:00","modified_gmt":"2025-10-13T01:19:00","slug":"door-cover-hydraulic-metal-baling-press","status":"publish","type":"product","link":"https:\/\/www.gigapa.com\/fr\/product\/door-cover-hydraulic-metal-baling-press\/","title":{"rendered":"Presse hydraulique \u00e0 balles de m\u00e9tal \u00e0 couvercle de porte"},"content":{"rendered":"<p data-start=\"216\" data-end=\"639\" data-immersive-translate-walked=\"9fa03a8b-0bd0-4f86-b251-1ba77676cccc\" data-immersive-translate-paragraph=\"1\">La presse \u00e0 balles hydraulique pour m\u00e9taux avec couvercle de porte est une solution de pressage robuste con\u00e7ue pour compacter une grande vari\u00e9t\u00e9 de ferrailles en balles de haute densit\u00e9 et faciles \u00e0 transporter. \u00c9quip\u00e9e d'un couvercle de porte avant et de v\u00e9rins hydrauliques \u00e0 grande force, cette presse \u00e0 balles est id\u00e9ale pour les centres de recyclage, les usines de traitement des m\u00e9taux et les parcs \u00e0 ferraille qui cherchent \u00e0 r\u00e9duire le volume des mat\u00e9riaux, \u00e0 am\u00e9liorer la logistique et \u00e0 augmenter la rentabilit\u00e9 du recyclage.<\/p>\n<h3 data-start=\"646\" data-end=\"666\" data-immersive-translate-walked=\"9fa03a8b-0bd0-4f86-b251-1ba77676cccc\">Caract\u00e9ristiques principales<\/h3>\n<p data-start=\"668\" data-end=\"704\" data-immersive-translate-walked=\"9fa03a8b-0bd0-4f86-b251-1ba77676cccc\" data-immersive-translate-paragraph=\"1\"><strong>Structure robuste du couvercle de la porte<\/strong><\/p>\n<p data-start=\"705\" data-end=\"976\" data-immersive-translate-walked=\"9fa03a8b-0bd0-4f86-b251-1ba77676cccc\" data-immersive-translate-paragraph=\"1\">Cette presse \u00e0 balles m\u00e9talliques est \u00e9quip\u00e9e d'un couvercle de porte \u00e0 charni\u00e8re frontale qui ferme solidement la chambre de compression avant la presse finale. Cette conception am\u00e9liore la s\u00e9curit\u00e9 des op\u00e9rations et garantit que la ferraille reste en place pendant le processus de compression, ce qui permet de produire des balles bien form\u00e9es et uniformes.<\/p>\n<p data-start=\"978\" data-end=\"1017\" data-immersive-translate-walked=\"9fa03a8b-0bd0-4f86-b251-1ba77676cccc\" data-immersive-translate-paragraph=\"1\"><strong>Syst\u00e8me hydraulique \u00e0 haute pression<\/strong><\/p>\n<p data-start=\"1018\" data-end=\"1312\" data-immersive-translate-walked=\"9fa03a8b-0bd0-4f86-b251-1ba77676cccc\" data-immersive-translate-paragraph=\"1\">Aliment\u00e9e par un syst\u00e8me hydraulique \u00e0 haut rendement, la presse \u00e0 balles fournit une force de pression puissante et stable, capable de comprimer les d\u00e9chets d'acier, d'aluminium, de cuivre et d'acier inoxydable. Le cylindre principal g\u00e9n\u00e8re des niveaux de force allant jusqu'\u00e0 1250kN ou plus (selon le mod\u00e8le), garantissant des balles denses et empilables.<\/p>\n<p data-start=\"1314\" data-end=\"1355\" data-immersive-translate-walked=\"9fa03a8b-0bd0-4f86-b251-1ba77676cccc\" data-immersive-translate-paragraph=\"1\"><strong>Compatibilit\u00e9 avec de nombreux mat\u00e9riaux<\/strong><\/p>\n<p data-start=\"1356\" data-end=\"1437\" data-immersive-translate-walked=\"9fa03a8b-0bd0-4f86-b251-1ba77676cccc\" data-immersive-translate-paragraph=\"1\">Cette machine convient au compactage de divers d\u00e9chets m\u00e9talliques, notamment :<\/p>\n<ul>\n<li data-start=\"1441\" data-end=\"1470\" data-immersive-translate-walked=\"9fa03a8b-0bd0-4f86-b251-1ba77676cccc\" data-immersive-translate-paragraph=\"1\">T\u00f4les d'acier l\u00e9g\u00e8res et minces<\/li>\n<li data-start=\"1473\" data-end=\"1501\" data-immersive-translate-walked=\"9fa03a8b-0bd0-4f86-b251-1ba77676cccc\" data-immersive-translate-paragraph=\"1\">Bo\u00eetes et profil\u00e9s en aluminium<\/li>\n<li data-start=\"1504\" data-end=\"1528\" data-immersive-translate-walked=\"9fa03a8b-0bd0-4f86-b251-1ba77676cccc\" data-immersive-translate-paragraph=\"1\">Tubes et fils en cuivre<\/li>\n<li data-start=\"1531\" data-end=\"1559\" data-immersive-translate-walked=\"9fa03a8b-0bd0-4f86-b251-1ba77676cccc\" data-immersive-translate-paragraph=\"1\">Coquilles de voitures et produits blancs<\/li>\n<li data-start=\"1562\" data-end=\"1607\" data-immersive-translate-walked=\"9fa03a8b-0bd0-4f86-b251-1ba77676cccc\" data-immersive-translate-paragraph=\"1\">D\u00e9chets de construction et d\u00e9chets m\u00e9talliques industriels<\/li>\n<\/ul>\n<p data-start=\"1609\" data-end=\"1776\" data-immersive-translate-walked=\"9fa03a8b-0bd0-4f86-b251-1ba77676cccc\" data-immersive-translate-paragraph=\"1\">Que vous traitiez de la ferraille de production neuve ou de la ferraille mixte provenant d'op\u00e9rations de d\u00e9mant\u00e8lement, la presse \u00e0 balles hydraulique pour m\u00e9taux Door Cover offre des r\u00e9sultats constants.<\/p>\n<p data-start=\"1778\" data-end=\"1817\" data-immersive-translate-walked=\"9fa03a8b-0bd0-4f86-b251-1ba77676cccc\" data-immersive-translate-paragraph=\"1\"><strong>Options de contr\u00f4le manuel et PLC<\/strong><\/p>\n<p data-start=\"1818\" data-end=\"2091\" data-immersive-translate-walked=\"9fa03a8b-0bd0-4f86-b251-1ba77676cccc\" data-immersive-translate-paragraph=\"1\">Disponible avec une commande manuelle par levier ou une automatisation contr\u00f4l\u00e9e par automate programmable, la presse \u00e0 balles offre une grande flexibilit\u00e9 pour r\u00e9pondre \u00e0 diff\u00e9rents besoins op\u00e9rationnels. Avec la commande PLC, les op\u00e9rateurs peuvent b\u00e9n\u00e9ficier du pressage automatique des cycles, de l'utilisation d'une seule touche et des fonctions d'autoprotection du syst\u00e8me hydraulique.<\/p>\n<p data-start=\"2093\" data-end=\"2121\" data-immersive-translate-walked=\"9fa03a8b-0bd0-4f86-b251-1ba77676cccc\" data-immersive-translate-paragraph=\"1\"><strong>D\u00e9chargement facile des balles<\/strong><\/p>\n<p data-start=\"2122\" data-end=\"2380\" data-immersive-translate-walked=\"9fa03a8b-0bd0-4f86-b251-1ba77676cccc\" data-immersive-translate-paragraph=\"1\">La machine est \u00e9quip\u00e9e d'un \u00e9jecteur m\u00e9canique ou hydraulique qui pousse automatiquement la balle finie hors de la chambre de compression, ce qui rend l'op\u00e9ration plus rapide et plus efficace. Les balles peuvent \u00eatre \u00e9ject\u00e9es horizontalement ou lat\u00e9ralement selon la configuration du mod\u00e8le.<\/p>\n<h3 data-start=\"2387\" data-end=\"2428\" data-immersive-translate-walked=\"9fa03a8b-0bd0-4f86-b251-1ba77676cccc\">Sp\u00e9cifications techniques (\u00e9chantillon)<\/h3>\n<div class=\"_tableContainer_16hzy_1\" data-immersive-translate-walked=\"9fa03a8b-0bd0-4f86-b251-1ba77676cccc\">\n<div class=\"_tableWrapper_16hzy_14 group flex w-fit flex-col-reverse\" tabindex=\"-1\" data-immersive-translate-walked=\"9fa03a8b-0bd0-4f86-b251-1ba77676cccc\">\n<table class=\"w-fit min-w-(--thread-content-width)\" data-start=\"2430\" data-end=\"3020\" data-immersive-translate-walked=\"9fa03a8b-0bd0-4f86-b251-1ba77676cccc\">\n<thead data-start=\"2430\" data-end=\"2489\" data-immersive-translate-walked=\"9fa03a8b-0bd0-4f86-b251-1ba77676cccc\">\n<tr data-start=\"2430\" data-end=\"2489\" data-immersive-translate-walked=\"9fa03a8b-0bd0-4f86-b251-1ba77676cccc\">\n<th style=\"text-align: left;\" data-start=\"2430\" data-end=\"2456\" data-col-size=\"sm\" data-immersive-translate-walked=\"9fa03a8b-0bd0-4f86-b251-1ba77676cccc\" data-immersive-translate-paragraph=\"1\">Param\u00e8tres<\/th>\n<th style=\"text-align: left;\" data-start=\"2456\" data-end=\"2489\" data-col-size=\"sm\" data-immersive-translate-walked=\"9fa03a8b-0bd0-4f86-b251-1ba77676cccc\" data-immersive-translate-paragraph=\"1\">Valeur<\/th>\n<\/tr>\n<\/thead>\n<tbody data-start=\"2549\" data-end=\"3020\" data-immersive-translate-walked=\"9fa03a8b-0bd0-4f86-b251-1ba77676cccc\">\n<tr data-start=\"2549\" data-end=\"2607\" data-immersive-translate-walked=\"9fa03a8b-0bd0-4f86-b251-1ba77676cccc\">\n<td data-start=\"2549\" data-end=\"2574\" data-col-size=\"sm\" data-immersive-translate-walked=\"9fa03a8b-0bd0-4f86-b251-1ba77676cccc\" data-immersive-translate-paragraph=\"1\">Force de pression<\/td>\n<td data-col-size=\"sm\" data-start=\"2574\" data-end=\"2607\" data-immersive-translate-walked=\"9fa03a8b-0bd0-4f86-b251-1ba77676cccc\" data-immersive-translate-paragraph=\"1\">125 - 315 tonnes (personnalisable)<\/td>\n<\/tr>\n<tr data-start=\"2608\" data-end=\"2666\" data-immersive-translate-walked=\"9fa03a8b-0bd0-4f86-b251-1ba77676cccc\">\n<td data-start=\"2608\" data-end=\"2633\" data-col-size=\"sm\" data-immersive-translate-walked=\"9fa03a8b-0bd0-4f86-b251-1ba77676cccc\" data-immersive-translate-paragraph=\"1\">Taille de la balle<\/td>\n<td data-col-size=\"sm\" data-start=\"2633\" data-end=\"2666\" data-immersive-translate-walked=\"9fa03a8b-0bd0-4f86-b251-1ba77676cccc\" data-immersive-translate-paragraph=\"1\">300\u00d7300mm \/ 400\u00d7400mm etc.<\/td>\n<\/tr>\n<tr data-start=\"2667\" data-end=\"2725\" data-immersive-translate-walked=\"9fa03a8b-0bd0-4f86-b251-1ba77676cccc\">\n<td data-start=\"2667\" data-end=\"2692\" data-col-size=\"sm\" data-immersive-translate-walked=\"9fa03a8b-0bd0-4f86-b251-1ba77676cccc\" data-immersive-translate-paragraph=\"1\">Poids de la balle<\/td>\n<td data-col-size=\"sm\" data-start=\"2692\" data-end=\"2725\" data-immersive-translate-walked=\"9fa03a8b-0bd0-4f86-b251-1ba77676cccc\" data-immersive-translate-paragraph=\"1\">40 - 200 kg<\/td>\n<\/tr>\n<tr data-start=\"2726\" data-end=\"2784\" data-immersive-translate-walked=\"9fa03a8b-0bd0-4f86-b251-1ba77676cccc\">\n<td data-start=\"2726\" data-end=\"2751\" data-col-size=\"sm\" data-immersive-translate-walked=\"9fa03a8b-0bd0-4f86-b251-1ba77676cccc\" data-immersive-translate-paragraph=\"1\">Dur\u00e9e du cycle<\/td>\n<td data-col-size=\"sm\" data-start=\"2751\" data-end=\"2784\" data-immersive-translate-walked=\"9fa03a8b-0bd0-4f86-b251-1ba77676cccc\" data-immersive-translate-paragraph=\"1\">60 - 90 secondes<\/td>\n<\/tr>\n<tr data-start=\"2785\" data-end=\"2843\" data-immersive-translate-walked=\"9fa03a8b-0bd0-4f86-b251-1ba77676cccc\">\n<td data-start=\"2785\" data-end=\"2810\" data-col-size=\"sm\" data-immersive-translate-walked=\"9fa03a8b-0bd0-4f86-b251-1ba77676cccc\" data-immersive-translate-paragraph=\"1\">Puissance du moteur<\/td>\n<td data-col-size=\"sm\" data-start=\"2810\" data-end=\"2843\" data-immersive-translate-walked=\"9fa03a8b-0bd0-4f86-b251-1ba77676cccc\" data-immersive-translate-paragraph=\"1\">15 - 45 kW<\/td>\n<\/tr>\n<tr data-start=\"2844\" data-end=\"2902\" data-immersive-translate-walked=\"9fa03a8b-0bd0-4f86-b251-1ba77676cccc\">\n<td data-start=\"2844\" data-end=\"2869\" data-col-size=\"sm\" data-immersive-translate-walked=\"9fa03a8b-0bd0-4f86-b251-1ba77676cccc\" data-immersive-translate-paragraph=\"1\">Mode de fonctionnement<\/td>\n<td data-col-size=\"sm\" data-start=\"2869\" data-end=\"2902\" data-immersive-translate-walked=\"9fa03a8b-0bd0-4f86-b251-1ba77676cccc\" data-immersive-translate-paragraph=\"1\">Manuel \/ PLC Auto<\/td>\n<\/tr>\n<tr data-start=\"2903\" data-end=\"2961\" data-immersive-translate-walked=\"9fa03a8b-0bd0-4f86-b251-1ba77676cccc\">\n<td data-start=\"2903\" data-end=\"2928\" data-col-size=\"sm\" data-immersive-translate-walked=\"9fa03a8b-0bd0-4f86-b251-1ba77676cccc\" data-immersive-translate-paragraph=\"1\">M\u00e9thode d'\u00e9jection<\/td>\n<td data-col-size=\"sm\" data-start=\"2928\" data-end=\"2961\" data-immersive-translate-walked=\"9fa03a8b-0bd0-4f86-b251-1ba77676cccc\" data-immersive-translate-paragraph=\"1\">Pouss\u00e9e lat\u00e9rale hydraulique<\/td>\n<\/tr>\n<tr data-start=\"2962\" data-end=\"3020\" data-immersive-translate-walked=\"9fa03a8b-0bd0-4f86-b251-1ba77676cccc\">\n<td data-start=\"2962\" data-end=\"2987\" data-col-size=\"sm\" data-immersive-translate-walked=\"9fa03a8b-0bd0-4f86-b251-1ba77676cccc\" data-immersive-translate-paragraph=\"1\">Type de chambre<\/td>\n<td data-col-size=\"sm\" data-start=\"2987\" data-end=\"3020\" data-immersive-translate-walked=\"9fa03a8b-0bd0-4f86-b251-1ba77676cccc\" data-immersive-translate-paragraph=\"1\">Ferm\u00e9 par une porte \u00e0 charni\u00e8res<\/td>\n<\/tr>\n<\/tbody>\n<\/table>\n<div class=\"sticky end-(--thread-content-margin) h-0 self-end select-none\" data-immersive-translate-walked=\"9fa03a8b-0bd0-4f86-b251-1ba77676cccc\">\n<h3 class=\"absolute end-0 flex items-end\" data-immersive-translate-walked=\"9fa03a8b-0bd0-4f86-b251-1ba77676cccc\"><span style=\"font-size: 1.5em; font-weight: bold;\">Sc\u00e9narios d'application<\/span><\/h3>\n<\/div>\n<\/div>\n<\/div>\n<p data-start=\"3058\" data-end=\"3124\" data-immersive-translate-walked=\"9fa03a8b-0bd0-4f86-b251-1ba77676cccc\" data-immersive-translate-paragraph=\"1\">La presse \u00e0 balles hydraulique pour m\u00e9taux avec couvercle de porte est largement utilis\u00e9e dans.. :<\/p>\n<ul>\n<li data-start=\"3128\" data-end=\"3208\" data-immersive-translate-walked=\"9fa03a8b-0bd0-4f86-b251-1ba77676cccc\" data-immersive-translate-paragraph=\"1\">Parcs de recyclage de ferraille - pour r\u00e9duire le volume et augmenter la densit\u00e9 de stockage<\/li>\n<li data-start=\"3211\" data-end=\"3277\" data-immersive-translate-walked=\"9fa03a8b-0bd0-4f86-b251-1ba77676cccc\" data-immersive-translate-paragraph=\"1\">Aci\u00e9ries et fonderies - pour le compactage de la ferraille avant la fusion<\/li>\n<li data-start=\"3280\" data-end=\"3362\" data-immersive-translate-walked=\"9fa03a8b-0bd0-4f86-b251-1ba77676cccc\" data-immersive-translate-paragraph=\"1\">Soci\u00e9t\u00e9s de n\u00e9goce de m\u00e9taux - pour faciliter le transport et am\u00e9liorer la valeur de la ferraille<\/li>\n<li data-start=\"3365\" data-end=\"3445\" data-immersive-translate-walked=\"9fa03a8b-0bd0-4f86-b251-1ba77676cccc\" data-immersive-translate-paragraph=\"1\">Op\u00e9rations de d\u00e9montage de v\u00e9hicules - traitement de panneaux et de cadres de carrosserie<\/li>\n<li data-start=\"3448\" data-end=\"3521\" data-immersive-translate-walked=\"9fa03a8b-0bd0-4f86-b251-1ba77676cccc\" data-immersive-translate-paragraph=\"1\">Usines de fabrication - pour comprimer les chutes et les d\u00e9chets de t\u00f4le<\/li>\n<\/ul>\n<p data-start=\"3523\" data-end=\"3680\" data-immersive-translate-walked=\"9fa03a8b-0bd0-4f86-b251-1ba77676cccc\" data-immersive-translate-paragraph=\"1\">En r\u00e9duisant la ferraille en vrac en balles compactes, il minimise les co\u00fbts de transport, r\u00e9duit l'espace n\u00e9cessaire dans les entrep\u00f4ts et am\u00e9liore le flux de travail global du recyclage.<\/p>\n<h3 data-start=\"3687\" data-end=\"3717\" data-immersive-translate-walked=\"9fa03a8b-0bd0-4f86-b251-1ba77676cccc\">Les avantages en un coup d'\u0153il<\/h3>\n<ul>\n<li data-start=\"3721\" data-end=\"3764\" data-immersive-translate-walked=\"9fa03a8b-0bd0-4f86-b251-1ba77676cccc\" data-immersive-translate-paragraph=\"1\">Cadre solide pour une longue dur\u00e9e de vie<\/li>\n<li data-start=\"3767\" data-end=\"3834\" data-immersive-translate-walked=\"9fa03a8b-0bd0-4f86-b251-1ba77676cccc\" data-immersive-translate-paragraph=\"1\">Le couvercle de la porte garantit des balles propres et carr\u00e9es avec une perte minimale de mati\u00e8re.<\/li>\n<li data-start=\"3837\" data-end=\"3895\" data-immersive-translate-walked=\"9fa03a8b-0bd0-4f86-b251-1ba77676cccc\" data-immersive-translate-paragraph=\"1\">Des composants hydrauliques efficaces r\u00e9duisent la consommation d'\u00e9nergie<\/li>\n<li data-start=\"3898\" data-end=\"3959\" data-immersive-translate-walked=\"9fa03a8b-0bd0-4f86-b251-1ba77676cccc\" data-immersive-translate-paragraph=\"1\">Commandes \u00e0 distance ou \u00e0 p\u00e9dale en option pour une s\u00e9curit\u00e9 accrue<\/li>\n<li data-start=\"3962\" data-end=\"4007\" data-immersive-translate-walked=\"9fa03a8b-0bd0-4f86-b251-1ba77676cccc\" data-immersive-translate-paragraph=\"1\">Facilit\u00e9 d'installation, d'utilisation et d'entretien<\/li>\n<\/ul>\n<h3 data-start=\"4014\" data-end=\"4064\" data-immersive-translate-walked=\"9fa03a8b-0bd0-4f86-b251-1ba77676cccc\">Pourquoi choisir notre presse \u00e0 balles hydraulique \u00e0 couvercle de porte ?<\/h3>\n<ul>\n<li data-start=\"4068\" data-end=\"4118\" data-immersive-translate-walked=\"9fa03a8b-0bd0-4f86-b251-1ba77676cccc\" data-immersive-translate-paragraph=\"1\">Certifi\u00e9 ISO et CE pour une utilisation industrielle globale<\/li>\n<li data-start=\"4121\" data-end=\"4199\" data-immersive-translate-walked=\"9fa03a8b-0bd0-4f86-b251-1ba77676cccc\" data-immersive-translate-paragraph=\"1\">Sp\u00e9cifications personnalisables pour s'adapter \u00e0 diff\u00e9rents mat\u00e9riaux et tailles de sortie<\/li>\n<li data-start=\"4202\" data-end=\"4263\" data-immersive-translate-walked=\"9fa03a8b-0bd0-4f86-b251-1ba77676cccc\" data-immersive-translate-paragraph=\"1\">Une \u00e9quipe d'ing\u00e9nieurs exp\u00e9riment\u00e9s avec une r\u00e9ponse rapide<\/li>\n<li data-start=\"4266\" data-end=\"4345\" data-immersive-translate-walked=\"9fa03a8b-0bd0-4f86-b251-1ba77676cccc\" data-immersive-translate-paragraph=\"1\">Installations r\u00e9ussies en Asie du Sud-Est, en Europe et en Am\u00e9rique du Sud<\/li>\n<li data-start=\"4348\" data-end=\"4421\" data-immersive-translate-walked=\"9fa03a8b-0bd0-4f86-b251-1ba77676cccc\" data-immersive-translate-paragraph=\"1\">Prix comp\u00e9titifs avec pi\u00e8ces d\u00e9tach\u00e9es et service apr\u00e8s-vente inclus<\/li>\n<\/ul>\n<h3 data-start=\"4428\" data-end=\"4446\" data-immersive-translate-walked=\"9fa03a8b-0bd0-4f86-b251-1ba77676cccc\">Conclusion<\/h3>\n<p data-start=\"4448\" data-end=\"4841\" data-immersive-translate-walked=\"9fa03a8b-0bd0-4f86-b251-1ba77676cccc\">La presse \u00e0 balles de m\u00e9taux hydraulique \u00e0 couvercle de porte est une solution rentable et performante pour la manutention de la ferraille. Avec sa structure de porte s\u00e9curis\u00e9e, son syst\u00e8me hydraulique puissant et ses options de configuration flexibles, cette machine fournit des balles de qualit\u00e9 constante tout en r\u00e9duisant le temps d'exploitation et les co\u00fbts de main-d'\u0153uvre. C'est l'\u00e9quipement id\u00e9al pour toute installation cherchant \u00e0 optimiser son processus de recyclage des m\u00e9taux.<\/p>","protected":false},"excerpt":{"rendered":"<p>La presse hydraulique \u00e0 balles de m\u00e9taux avec couvercle de porte est une puissante machine de compactage de ferraille con\u00e7ue pour comprimer divers d\u00e9chets m\u00e9talliques, notamment l'acier, l'aluminium et le cuivre, en balles denses et empilables. Son couvercle de porte s\u00e9curis\u00e9 garantit une formation uniforme des balles et une s\u00e9curit\u00e9 accrue pour l'op\u00e9rateur. Id\u00e9ale pour les installations de recyclage et les usines de traitement des m\u00e9taux, cette presse \u00e0 balles augmente l'efficacit\u00e9 du stockage et r\u00e9duit les co\u00fbts de transport.<\/p>","protected":false},"featured_media":2009,"template":"","meta":{"site-sidebar-layout":"default","site-content-layout":"","ast-site-content-layout":"default","site-content-style":"default","site-sidebar-style":"default","ast-global-header-display":"","ast-banner-title-visibility":"","ast-main-header-display":"","ast-hfb-above-header-display":"","ast-hfb-below-header-display":"","ast-hfb-mobile-header-display":"","site-post-title":"","ast-breadcrumbs-content":"","ast-featured-img":"","footer-sml-layout":"","ast-disable-related-posts":"","theme-transparent-header-meta":"default","adv-header-id-meta":"","stick-header-meta":"","header-above-stick-meta":"","header-main-stick-meta":"","header-below-stick-meta":"","astra-migrate-meta-layouts":"set","ast-page-background-enabled":"default","ast-page-background-meta":{"desktop":{"background-color":"var(--ast-global-color-5)","background-image":"","background-repeat":"repeat","background-position":"center center","background-size":"auto","background-attachment":"scroll","background-type":"","background-media":"","overlay-type":"","overlay-color":"","overlay-opacity":"","overlay-gradient":""},"tablet":{"background-color":"","background-image":"","background-repeat":"repeat","background-position":"center center","background-size":"auto","background-attachment":"scroll","background-type":"","background-media":"","overlay-type":"","overlay-color":"","overlay-opacity":"","overlay-gradient":""},"mobile":{"background-color":"","background-image":"","background-repeat":"repeat","background-position":"center center","background-size":"auto","background-attachment":"scroll","background-type":"","background-media":"","overlay-type":"","overlay-color":"","overlay-opacity":"","overlay-gradient":""}},"ast-content-background-meta":{"desktop":{"background-color":"var(--ast-global-color-4)","background-image":"","background-repeat":"repeat","background-position":"center center","background-size":"auto","background-attachment":"scroll","background-type":"","background-media":"","overlay-type":"","overlay-color":"","overlay-opacity":"","overlay-gradient":""},"tablet":{"background-color":"var(--ast-global-color-4)","background-image":"","background-repeat":"repeat","background-position":"center center","background-size":"auto","background-attachment":"scroll","background-type":"","background-media":"","overlay-type":"","overlay-color":"","overlay-opacity":"","overlay-gradient":""},"mobile":{"background-color":"var(--ast-global-color-4)","background-image":"","background-repeat":"repeat","background-position":"center center","background-size":"auto","background-attachment":"scroll","background-type":"","background-media":"","overlay-type":"","overlay-color":"","overlay-opacity":"","overlay-gradient":""}}},"product_brand":[],"product_cat":[21,155],"product_tag":[144,143,131],"class_list":{"0":"post-2016","1":"product","2":"type-product","3":"status-publish","4":"has-post-thumbnail","6":"product_cat-baling-machine","7":"product_cat-metal-baler","8":"product_tag-hydraulic-metal-baler","9":"product_tag-metal-baling-machine","10":"product_tag-scrap-metal-baler","11":"desktop-align-left","12":"tablet-align-left","13":"mobile-align-left","15":"first","16":"instock","17":"shipping-taxable","18":"product-type-simple"},"_links":{"self":[{"href":"https:\/\/www.gigapa.com\/fr\/wp-json\/wp\/v2\/product\/2016","targetHints":{"allow":["GET"]}}],"collection":[{"href":"https:\/\/www.gigapa.com\/fr\/wp-json\/wp\/v2\/product"}],"about":[{"href":"https:\/\/www.gigapa.com\/fr\/wp-json\/wp\/v2\/types\/product"}],"version-history":[{"count":2,"href":"https:\/\/www.gigapa.com\/fr\/wp-json\/wp\/v2\/product\/2016\/revisions"}],"predecessor-version":[{"id":2032,"href":"https:\/\/www.gigapa.com\/fr\/wp-json\/wp\/v2\/product\/2016\/revisions\/2032"}],"wp:featuredmedia":[{"embeddable":true,"href":"https:\/\/www.gigapa.com\/fr\/wp-json\/wp\/v2\/media\/2009"}],"wp:attachment":[{"href":"https:\/\/www.gigapa.com\/fr\/wp-json\/wp\/v2\/media?parent=2016"}],"wp:term":[{"taxonomy":"product_brand","embeddable":true,"href":"https:\/\/www.gigapa.com\/fr\/wp-json\/wp\/v2\/product_brand?post=2016"},{"taxonomy":"product_cat","embeddable":true,"href":"https:\/\/www.gigapa.com\/fr\/wp-json\/wp\/v2\/product_cat?post=2016"},{"taxonomy":"product_tag","embeddable":true,"href":"https:\/\/www.gigapa.com\/fr\/wp-json\/wp\/v2\/product_tag?post=2016"}],"curies":[{"name":"wp","href":"https:\/\/api.w.org\/{rel}","templated":true}]}}