{"id":2018,"date":"2025-06-17T14:38:08","date_gmt":"2025-06-17T06:38:08","guid":{"rendered":"https:\/\/www.gigapa.com\/?post_type=product&#038;p=2018"},"modified":"2025-10-13T10:25:08","modified_gmt":"2025-10-13T02:25:08","slug":"single-shaft-granulator-multi-leaf-clover-shaped","status":"publish","type":"product","link":"https:\/\/www.gigapa.com\/fr\/product\/single-shaft-granulator-multi-leaf-clover-shaped\/","title":{"rendered":"Granulateur \u00e0 arbre unique (en forme de tr\u00e8fle \u00e0 plusieurs feuilles)"},"content":{"rendered":"<p data-start=\"245\" data-end=\"774\">Le broyeur \u00e0 arbre unique (en forme de tr\u00e8fle \u00e0 plusieurs feuilles) est une machine avanc\u00e9e de d\u00e9chiquetage et de granulation con\u00e7ue pour une r\u00e9duction efficace de la taille des mat\u00e9riaux dans les industries de recyclage et de traitement. Con\u00e7u avec un rotor en forme de tr\u00e8fle \u00e0 la structure unique, ce broyeur offre des performances de cisaillement sup\u00e9rieures et une production de particules uniformes. Que vous traitiez des plastiques, du caoutchouc, des films, des fibres ou d'autres mat\u00e9riaux de densit\u00e9 douce \u00e0 moyenne, cette machine offre une efficacit\u00e9 exceptionnelle, une faible consommation d'\u00e9nergie et une longue dur\u00e9e de vie.<\/p>\n<h3 data-start=\"781\" data-end=\"801\">Caract\u00e9ristiques principales<\/h3>\n<p data-start=\"803\" data-end=\"856\"><strong>Conception unique du rotor en forme de tr\u00e8fle \u00e0 plusieurs feuilles<\/strong><\/p>\n<p data-start=\"857\" data-end=\"1204\">Le rotor en forme de tr\u00e8fle est la caract\u00e9ristique principale de ce broyeur \u00e0 arbre unique. Ses multiples points de coupe incurv\u00e9s augmentent la surface de contact, ce qui permet d'obtenir une force de cisaillement plus \u00e9lev\u00e9e et une granulation plus homog\u00e8ne. La conception r\u00e9duit \u00e9galement le risque de glissement ou de colmatage des mat\u00e9riaux, ce qui permet un d\u00e9bit stable, m\u00eame avec des mati\u00e8res premi\u00e8res de forme irr\u00e9guli\u00e8re.<\/p>\n<p data-start=\"1206\" data-end=\"1246\"><strong>Chambre de coupe \u00e0 haut rendement<\/strong><\/p>\n<p data-start=\"1247\" data-end=\"1547\">La chambre interne est con\u00e7ue pour am\u00e9liorer le flux de mat\u00e9riau et r\u00e9duire la r\u00e9sistance. Les couteaux fixes et rotatifs sont align\u00e9s avec pr\u00e9cision pour maintenir des tol\u00e9rances serr\u00e9es, garantissant des coupes nettes et une r\u00e9duction de la poussi\u00e8re ou des fines. Les couteaux sont facilement r\u00e9glables et rempla\u00e7ables, ce qui minimise les temps d'arr\u00eat et les co\u00fbts de maintenance.<\/p>\n<p data-start=\"1549\" data-end=\"1589\"><strong>Entra\u00eenement par engrenage et moteur robustes<\/strong><\/p>\n<p data-start=\"1590\" data-end=\"1855\">\u00c9quip\u00e9 d'un moteur puissant et d'une bo\u00eete de vitesses robuste, le broyeur est capable de traiter divers mat\u00e9riaux \u00e0 des vitesses et des niveaux de couple contr\u00f4l\u00e9s. Le fonctionnement \u00e0 basse vitesse r\u00e9duit le bruit et la production de chaleur, ce qui am\u00e9liore les conditions de travail et la long\u00e9vit\u00e9 de la machine.<\/p>\n<p data-start=\"1857\" data-end=\"1886\"><strong>Syst\u00e8me de contr\u00f4le intelligent<\/strong><\/p>\n<p data-start=\"1887\" data-end=\"2130\">Un syst\u00e8me de commande PLC int\u00e9gr\u00e9 permet le d\u00e9marrage et l'arr\u00eat automatiques, la protection contre les surcharges et l'inversion du rotor pour \u00e9viter les blocages. Cela garantit un fonctionnement plus s\u00fbr et plus intelligent et prot\u00e8ge les composants internes contre les dommages dus \u00e0 des variations de charge inattendues.<\/p>\n<p data-start=\"2132\" data-end=\"2165\"><strong>S\u00e9curit\u00e9 et accessibilit\u00e9<\/strong><\/p>\n<p data-start=\"2166\" data-end=\"2374\">Le broyeur se caract\u00e9rise par une conception compacte mais accessible, avec des verrouillages de s\u00e9curit\u00e9 sur toutes les portes de maintenance. Les syst\u00e8mes d'ouverture hydraulique et le remplacement sans outil des grilles permettent un nettoyage et un r\u00e9outillage rapides.<\/p>\n<h3 data-start=\"2381\" data-end=\"2422\">Sp\u00e9cifications techniques (\u00e9chantillon)<\/h3>\n<div class=\"_tableContainer_16hzy_1\">\n<div class=\"_tableWrapper_16hzy_14 group flex w-fit flex-col-reverse\" tabindex=\"-1\">\n<table class=\"w-fit min-w-(--thread-content-width)\" data-start=\"2424\" data-end=\"3034\">\n<thead data-start=\"2424\" data-end=\"2484\">\n<tr data-start=\"2424\" data-end=\"2484\">\n<th style=\"text-align: left;\" data-start=\"2424\" data-end=\"2450\" data-col-size=\"sm\">Param\u00e8tres<\/th>\n<th style=\"text-align: left;\" data-start=\"2450\" data-end=\"2484\" data-col-size=\"sm\">Valeur<\/th>\n<\/tr>\n<\/thead>\n<tbody data-start=\"2547\" data-end=\"3034\">\n<tr data-start=\"2547\" data-end=\"2607\">\n<td data-start=\"2547\" data-end=\"2573\" data-col-size=\"sm\">Type de rotor<\/td>\n<td data-col-size=\"sm\" data-start=\"2573\" data-end=\"2607\">En forme de tr\u00e8fle \u00e0 plusieurs feuilles<\/td>\n<\/tr>\n<tr data-start=\"2608\" data-end=\"2668\">\n<td data-start=\"2608\" data-end=\"2634\" data-col-size=\"sm\">Puissance du moteur<\/td>\n<td data-col-size=\"sm\" data-start=\"2634\" data-end=\"2668\">22 - 90 kW (personnalisable)<\/td>\n<\/tr>\n<tr data-start=\"2669\" data-end=\"2729\">\n<td data-start=\"2669\" data-end=\"2695\" data-col-size=\"sm\">Diam\u00e8tre du rotor<\/td>\n<td data-col-size=\"sm\" data-start=\"2695\" data-end=\"2729\">400 - 600 mm<\/td>\n<\/tr>\n<tr data-start=\"2730\" data-end=\"2790\">\n<td data-start=\"2730\" data-end=\"2756\" data-col-size=\"sm\">Capacit\u00e9<\/td>\n<td data-col-size=\"sm\" data-start=\"2756\" data-end=\"2790\">300 - 2000 kg\/h<\/td>\n<\/tr>\n<tr data-start=\"2791\" data-end=\"2851\">\n<td data-start=\"2791\" data-end=\"2817\" data-col-size=\"sm\">Mat\u00e9riau du couteau<\/td>\n<td data-col-size=\"sm\" data-start=\"2817\" data-end=\"2851\">D2 \/ SKD-11 \/ 9CrSi<\/td>\n<\/tr>\n<tr data-start=\"2852\" data-end=\"2912\">\n<td data-start=\"2852\" data-end=\"2878\" data-col-size=\"sm\">Taille de l'\u00e9cran<\/td>\n<td data-col-size=\"sm\" data-start=\"2878\" data-end=\"2912\">10 - 60 mm (r\u00e9glable)<\/td>\n<\/tr>\n<tr data-start=\"2913\" data-end=\"2973\">\n<td data-start=\"2913\" data-end=\"2939\" data-col-size=\"sm\">Syst\u00e8me de contr\u00f4le<\/td>\n<td data-col-size=\"sm\" data-start=\"2939\" data-end=\"2973\">Siemens PLC<\/td>\n<\/tr>\n<tr data-start=\"2974\" data-end=\"3034\">\n<td data-start=\"2974\" data-end=\"3000\" data-col-size=\"sm\">M\u00e9thode d'alimentation<\/td>\n<td data-col-size=\"sm\" data-start=\"3000\" data-end=\"3034\">Convoyeur \/ Manuel \/ Hydraulique<\/td>\n<\/tr>\n<\/tbody>\n<\/table>\n<\/div>\n<\/div>\n<h3 data-start=\"3041\" data-end=\"3067\">Champs d'application<\/h3>\n<p data-start=\"3069\" data-end=\"3183\">Le broyeur \u00e0 arbre unique (en forme de tr\u00e8fle \u00e0 plusieurs feuilles) convient \u00e0 un large \u00e9ventail d'applications, notamment :<\/p>\n<ul>\n<li data-start=\"3187\" data-end=\"3231\">Recyclage des films, tuyaux et bouteilles en plastique<\/li>\n<li data-start=\"3234\" data-end=\"3276\">D\u00e9chiquetage de sacs tiss\u00e9s, de fibres et de textiles<\/li>\n<li data-start=\"3279\" data-end=\"3327\">Granulation de feuilles de caoutchouc et de restes de coupe<\/li>\n<li data-start=\"3330\" data-end=\"3392\">Traitement de la mousse, de l'isolation et des mat\u00e9riaux de construction l\u00e9gers<\/li>\n<li data-start=\"3395\" data-end=\"3447\">Pr\u00e9-broyage de gaines de c\u00e2bles et de d\u00e9chets \u00e9lectriques<\/li>\n<li data-start=\"3450\" data-end=\"3486\">Granulation des d\u00e9chets industriels g\u00e9n\u00e9raux<\/li>\n<\/ul>\n<p data-start=\"3488\" data-end=\"3693\">Cette polyvalence en fait un choix de premier ordre pour les usines de recyclage des plastiques, les soci\u00e9t\u00e9s de gestion des d\u00e9chets industriels et les usines de fabrication qui cherchent \u00e0 r\u00e9duire le volume des mat\u00e9riaux et \u00e0 am\u00e9liorer l'efficacit\u00e9 du traitement.<\/p>\n<h3 data-start=\"3700\" data-end=\"3765\">Avantages du rotor en forme de tr\u00e8fle par rapport aux conceptions traditionnelles<\/h3>\n<ul>\n<li data-start=\"3769\" data-end=\"3843\">Augmentation de la surface de coupe - Plus de lames engagent le mat\u00e9riau par rotation<\/li>\n<li data-start=\"3846\" data-end=\"3915\">Meilleure prise du mat\u00e9riau - La forme unique minimise le glissement de l'alimentation<\/li>\n<li data-start=\"3918\" data-end=\"3991\">Am\u00e9lioration du rendement - Efficacit\u00e9 de coupe plus \u00e9lev\u00e9e avec une \u00e9nergie r\u00e9duite<\/li>\n<li data-start=\"3994\" data-end=\"4063\">Dur\u00e9e de vie plus longue de la lame - Usure r\u00e9duite gr\u00e2ce \u00e0 une pression de coupe \u00e9quilibr\u00e9e<\/li>\n<\/ul>\n<h3 data-start=\"4070\" data-end=\"4117\">Pourquoi choisir notre broyeur \u00e0 arbre unique ?<\/h3>\n<ul>\n<li data-start=\"4121\" data-end=\"4204\">Durabilit\u00e9 \u00e9prouv\u00e9e gr\u00e2ce \u00e0 des composants r\u00e9sistants \u00e0 l'usure et \u00e0 un bo\u00eetier en acier robuste<\/li>\n<li data-start=\"4207\" data-end=\"4275\">Entretien facile gr\u00e2ce au syst\u00e8me de tiroir hydraulique et \u00e0 l'acc\u00e8s aux lames<\/li>\n<li data-start=\"4278\" data-end=\"4352\">Configuration personnalisable pour r\u00e9pondre \u00e0 vos besoins en termes de mat\u00e9riel et de capacit\u00e9<\/li>\n<li data-start=\"4355\" data-end=\"4412\">Service d'assistance et disponibilit\u00e9 des pi\u00e8ces de rechange au niveau mondial<\/li>\n<li data-start=\"4415\" data-end=\"4451\">Con\u00e7u pour une utilisation industrielle 24\/7<\/li>\n<\/ul>\n<h3 data-start=\"4458\" data-end=\"4476\">Conclusion<\/h3>\n<p data-start=\"4478\" data-end=\"4850\">Le broyeur \u00e0 arbre unique (en forme de tr\u00e8fle \u00e0 plusieurs feuilles) est plus qu'un simple outil de r\u00e9duction de la taille - c'est une machine con\u00e7ue avec pr\u00e9cision qui am\u00e9liore l'efficacit\u00e9 du recyclage, r\u00e9duit les co\u00fbts d'exploitation et am\u00e9liore la qualit\u00e9 des produits. Sa construction robuste, ses commandes intelligentes et la conception unique de son rotor en font un choix fiable pour les applications industrielles et environnementales modernes.<\/p>\n<p data-start=\"4852\" data-end=\"5095\">Contactez-nous d\u00e8s aujourd'hui pour obtenir plus de d\u00e9tails techniques, un devis personnalis\u00e9 ou pour organiser un essai. Que vous modernisiez votre ligne de recyclage ou que vous lanciez un nouveau projet de gestion des d\u00e9chets, ce broyeur offre des performances \u00e0 long terme auxquelles vous pouvez faire confiance.<\/p>","protected":false},"excerpt":{"rendered":"<p>Ce broyeur \u00e0 arbre unique est dot\u00e9 d'un rotor en forme de tr\u00e8fle qui permet de couper efficacement et proprement le plastique, le caoutchouc et les d\u00e9chets industriels souples. Il est con\u00e7u pour un d\u00e9bit \u00e9lev\u00e9 et une maintenance r\u00e9duite.<\/p>","protected":false},"featured_media":2008,"template":"","meta":{"site-sidebar-layout":"default","site-content-layout":"","ast-site-content-layout":"default","site-content-style":"default","site-sidebar-style":"default","ast-global-header-display":"","ast-banner-title-visibility":"","ast-main-header-display":"","ast-hfb-above-header-display":"","ast-hfb-below-header-display":"","ast-hfb-mobile-header-display":"","site-post-title":"","ast-breadcrumbs-content":"","ast-featured-img":"","footer-sml-layout":"","ast-disable-related-posts":"","theme-transparent-header-meta":"default","adv-header-id-meta":"","stick-header-meta":"","header-above-stick-meta":"","header-main-stick-meta":"","header-below-stick-meta":"","astra-migrate-meta-layouts":"set","ast-page-background-enabled":"default","ast-page-background-meta":{"desktop":{"background-color":"var(--ast-global-color-5)","background-image":"","background-repeat":"repeat","background-position":"center center","background-size":"auto","background-attachment":"scroll","background-type":"","background-media":"","overlay-type":"","overlay-color":"","overlay-opacity":"","overlay-gradient":""},"tablet":{"background-color":"","background-image":"","background-repeat":"repeat","background-position":"center center","background-size":"auto","background-attachment":"scroll","background-type":"","background-media":"","overlay-type":"","overlay-color":"","overlay-opacity":"","overlay-gradient":""},"mobile":{"background-color":"","background-image":"","background-repeat":"repeat","background-position":"center center","background-size":"auto","background-attachment":"scroll","background-type":"","background-media":"","overlay-type":"","overlay-color":"","overlay-opacity":"","overlay-gradient":""}},"ast-content-background-meta":{"desktop":{"background-color":"var(--ast-global-color-4)","background-image":"","background-repeat":"repeat","background-position":"center center","background-size":"auto","background-attachment":"scroll","background-type":"","background-media":"","overlay-type":"","overlay-color":"","overlay-opacity":"","overlay-gradient":""},"tablet":{"background-color":"var(--ast-global-color-4)","background-image":"","background-repeat":"repeat","background-position":"center center","background-size":"auto","background-attachment":"scroll","background-type":"","background-media":"","overlay-type":"","overlay-color":"","overlay-opacity":"","overlay-gradient":""},"mobile":{"background-color":"var(--ast-global-color-4)","background-image":"","background-repeat":"repeat","background-position":"center center","background-size":"auto","background-attachment":"scroll","background-type":"","background-media":"","overlay-type":"","overlay-color":"","overlay-opacity":"","overlay-gradient":""}}},"product_brand":[],"product_cat":[20],"product_tag":[],"class_list":{"0":"post-2018","1":"product","2":"type-product","3":"status-publish","4":"has-post-thumbnail","6":"product_cat-shredding-and-crushing-machine","7":"desktop-align-left","8":"tablet-align-left","9":"mobile-align-left","11":"first","12":"instock","13":"shipping-taxable","14":"product-type-simple"},"_links":{"self":[{"href":"https:\/\/www.gigapa.com\/fr\/wp-json\/wp\/v2\/product\/2018","targetHints":{"allow":["GET"]}}],"collection":[{"href":"https:\/\/www.gigapa.com\/fr\/wp-json\/wp\/v2\/product"}],"about":[{"href":"https:\/\/www.gigapa.com\/fr\/wp-json\/wp\/v2\/types\/product"}],"version-history":[{"count":4,"href":"https:\/\/www.gigapa.com\/fr\/wp-json\/wp\/v2\/product\/2018\/revisions"}],"predecessor-version":[{"id":2715,"href":"https:\/\/www.gigapa.com\/fr\/wp-json\/wp\/v2\/product\/2018\/revisions\/2715"}],"wp:featuredmedia":[{"embeddable":true,"href":"https:\/\/www.gigapa.com\/fr\/wp-json\/wp\/v2\/media\/2008"}],"wp:attachment":[{"href":"https:\/\/www.gigapa.com\/fr\/wp-json\/wp\/v2\/media?parent=2018"}],"wp:term":[{"taxonomy":"product_brand","embeddable":true,"href":"https:\/\/www.gigapa.com\/fr\/wp-json\/wp\/v2\/product_brand?post=2018"},{"taxonomy":"product_cat","embeddable":true,"href":"https:\/\/www.gigapa.com\/fr\/wp-json\/wp\/v2\/product_cat?post=2018"},{"taxonomy":"product_tag","embeddable":true,"href":"https:\/\/www.gigapa.com\/fr\/wp-json\/wp\/v2\/product_tag?post=2018"}],"curies":[{"name":"wp","href":"https:\/\/api.w.org\/{rel}","templated":true}]}}