{"id":2294,"date":"2025-06-26T08:35:07","date_gmt":"2025-06-26T00:35:07","guid":{"rendered":"https:\/\/www.gigapa.com\/?post_type=product&#038;p=2294"},"modified":"2026-05-08T17:23:20","modified_gmt":"2026-05-08T09:23:20","slug":"wood-chip-shaving-machine","status":"publish","type":"product","link":"https:\/\/www.gigapa.com\/fr\/product\/wood-chip-shaving-machine\/","title":{"rendered":"Machine \u00e0 raser les copeaux de bois"},"content":{"rendered":"<h3 data-start=\"95\" data-end=\"111\">Introduction<\/h3>\n<p data-start=\"113\" data-end=\"544\">La machine \u00e0 d\u00e9chiqueter les copeaux de bois est un \u00e9quipement sp\u00e9cialis\u00e9 con\u00e7u pour produire efficacement des copeaux de bois \u00e0 partir de copeaux de bois. Cette machine est largement utilis\u00e9e dans diverses industries telles que la transformation du bois, la production de liti\u00e8re pour animaux et m\u00eame la fabrication de produits en bois composite. Elle est con\u00e7ue pour offrir une efficacit\u00e9, une durabilit\u00e9 et une pr\u00e9cision \u00e9lev\u00e9es dans le broyage du bois en copeaux fins et uniformes r\u00e9pondant aux normes de l'industrie.<\/p>\n<p data-start=\"546\" data-end=\"941\">Que vous cr\u00e9iez des liti\u00e8res pour animaux ou des produits \u00e0 base de bois, la d\u00e9chiqueteuse de copeaux de bois est un outil essentiel pour am\u00e9liorer votre productivit\u00e9 et r\u00e9duire les d\u00e9chets. Cette machine polyvalente peut traiter diff\u00e9rents types de copeaux de bois et produire des copeaux de diff\u00e9rentes tailles, ce qui en fait un atout pr\u00e9cieux pour les entreprises qui cherchent \u00e0 optimiser leurs capacit\u00e9s de traitement du bois.<\/p>\n<h3 data-start=\"948\" data-end=\"993\">Caract\u00e9ristiques de la machine \u00e0 raser les copeaux de bois<\/h3>\n<ol data-start=\"995\" data-end=\"2905\">\n<li data-start=\"995\" data-end=\"1351\">\n<p data-start=\"998\" data-end=\"1351\">Efficacit\u00e9 et rendement \u00e9lev\u00e9s<br \/>\nLa machine \u00e0 fabriquer des copeaux de bois est con\u00e7ue pour une production \u00e0 grande vitesse, garantissant une production r\u00e9guli\u00e8re de copeaux de bois. Le fonctionnement efficace de la machine minimise les temps d'arr\u00eat, ce qui permet une production r\u00e9guli\u00e8re en grandes quantit\u00e9s. Elle est id\u00e9ale pour les entreprises qui souhaitent r\u00e9pondre \u00e0 une forte demande tout en conservant leur efficacit\u00e9 op\u00e9rationnelle.<\/p>\n<\/li>\n<li data-start=\"1353\" data-end=\"1761\">\n<p data-start=\"1356\" data-end=\"1761\">Taille de rasage personnalisable<br \/>\nL'un des principaux avantages de la machine \u00e0 raser les copeaux de bois est qu'elle permet de r\u00e9gler la taille des copeaux. En fonction de l'application, les op\u00e9rateurs peuvent facilement ajuster l'\u00e9paisseur et la texture des copeaux. Cette flexibilit\u00e9 permet \u00e0 la machine de s'adapter \u00e0 de nombreuses industries, qu'il s'agisse de produire des copeaux fins pour la liti\u00e8re des animaux ou des copeaux plus grossiers utilis\u00e9s dans les produits \u00e0 base de bois.<\/p>\n<\/li>\n<li data-start=\"1763\" data-end=\"2149\">\n<p data-start=\"1766\" data-end=\"2149\">Construction robuste et durable<br \/>\nConstruite avec des mat\u00e9riaux de haute qualit\u00e9, la machine \u00e0 raser le bois est con\u00e7ue pour r\u00e9pondre aux exigences d'un traitement intensif du bois. La construction durable de la machine lui assure une longue dur\u00e9e de vie, m\u00eame en fonctionnement continu. Elle r\u00e9siste \u00e0 l'usure et constitue une solution fiable pour les entreprises qui ont besoin de performances constantes.<\/p>\n<\/li>\n<li data-start=\"2151\" data-end=\"2516\">\n<p data-start=\"2154\" data-end=\"2516\">Peu d'entretien<br \/>\nLa conception de la machine int\u00e8gre \u00e9galement des composants faciles \u00e0 entretenir. Avec un minimum de pi\u00e8ces mobiles, la machine \u00e0 raser les copeaux de bois est simple \u00e0 entretenir, ce qui r\u00e9duit les r\u00e9parations co\u00fbteuses ou les temps d'arr\u00eat prolong\u00e9s. Un entretien r\u00e9gulier garantit les performances optimales et la long\u00e9vit\u00e9 de la machine, ce qui en fait un investissement rentable.<\/p>\n<\/li>\n<li data-start=\"2518\" data-end=\"2905\">\n<p data-start=\"2521\" data-end=\"2905\">Fonctionnement \u00e9cologique<br \/>\nLa machine fonctionne dans le respect de l'environnement en utilisant efficacement les d\u00e9chets de bois. Au lieu de jeter les copeaux de bois comme des d\u00e9chets, la machine \u00e0 fabriquer des copeaux de bois les transforme en copeaux utiles, ce qui contribue \u00e0 r\u00e9duire l'impact sur l'environnement. Il s'agit donc d'un excellent choix pour les entreprises qui cherchent \u00e0 adopter des pratiques durables.<\/p>\n<\/li>\n<\/ol>\n<h3 data-start=\"2912\" data-end=\"2961\">Applications de la machine \u00e0 raser les copeaux de bois<\/h3>\n<p data-start=\"2963\" data-end=\"3134\">La machine \u00e0 raser le bois a un large \u00e9ventail d'applications, ce qui en fait un \u00e9quipement essentiel pour diverses industries. Parmi les utilisations les plus courantes, on peut citer<\/p>\n<ol data-start=\"3136\" data-end=\"4735\">\n<li data-start=\"3136\" data-end=\"3493\">\n<p data-start=\"3139\" data-end=\"3493\">Literie pour animaux<br \/>\nL'une des applications les plus courantes de la machine \u00e0 raser les copeaux de bois est la production de liti\u00e8re pour animaux. Les copeaux fins et doux produits par la machine sont id\u00e9aux pour cr\u00e9er un environnement confortable et hygi\u00e9nique pour les animaux. Ces copeaux sont absorbants, ce qui permet de g\u00e9rer l'humidit\u00e9 et de r\u00e9duire les odeurs dans les enclos des animaux.<\/p>\n<\/li>\n<li data-start=\"3495\" data-end=\"3847\">\n<p data-start=\"3498\" data-end=\"3847\">Fabrication de produits \u00e0 base de bois<br \/>\nLes copeaux produits par la machine \u00e0 raser le bois sont souvent utilis\u00e9s dans la fabrication de produits \u00e0 base de bois tels que les panneaux de particules, les panneaux de fibres \u00e0 densit\u00e9 moyenne (MDF) et le contreplaqu\u00e9. Ces copeaux servent de mati\u00e8res premi\u00e8res qui sont m\u00e9lang\u00e9es \u00e0 des adh\u00e9sifs et comprim\u00e9es pour former des produits en bois composite robustes.<\/p>\n<\/li>\n<li data-start=\"3849\" data-end=\"4202\">\n<p data-start=\"3852\" data-end=\"4202\">Production de granul\u00e9s de bois<br \/>\nLes copeaux g\u00e9n\u00e9r\u00e9s par cette machine peuvent \u00e9galement \u00eatre utilis\u00e9s comme mati\u00e8re premi\u00e8re pour la fabrication de granul\u00e9s de bois. Ces granul\u00e9s sont couramment utilis\u00e9s dans les syst\u00e8mes de chauffage, ainsi que dans les applications industrielles. Les copeaux fins et uniformes produits par la machine garantissent que les granul\u00e9s obtenus ont une taille et une efficacit\u00e9 de combustion constantes.<\/p>\n<\/li>\n<li data-start=\"4204\" data-end=\"4478\">\n<p data-start=\"4207\" data-end=\"4478\">Mat\u00e9riaux d'emballage<br \/>\nLes copeaux produits par la machine \u00e0 raser les copeaux de bois peuvent \u00eatre utilis\u00e9s pour cr\u00e9er des mat\u00e9riaux d'emballage \u00e9cologiques. Ces copeaux peuvent \u00eatre utilis\u00e9s comme rembourrage pour les produits fragiles, rempla\u00e7ant ainsi les mat\u00e9riaux d'emballage traditionnels tels que la mousse ou le plastique.<\/p>\n<\/li>\n<li data-start=\"4480\" data-end=\"4735\">\n<p data-start=\"4483\" data-end=\"4735\">Am\u00e9nagement paysager et paillage<br \/>\nLes copeaux de bois peuvent \u00eatre utilis\u00e9s dans les projets d'am\u00e9nagement paysager et comme paillis dans les jardins. La machine \u00e0 raser les copeaux de bois peut produire des copeaux de taille uniforme, parfaits pour les parterres de jardin, les pots de fleurs et les pelouses.<\/p>\n<\/li>\n<\/ol>\n<h3 data-start=\"4742\" data-end=\"4785\">Fonctionnement de la machine \u00e0 raser le bois<\/h3>\n<p data-start=\"4787\" data-end=\"5046\">La machine \u00e0 raser les copeaux de bois fonctionne gr\u00e2ce \u00e0 une s\u00e9rie de processus m\u00e9caniques qui transforment les copeaux de bois en mat\u00e9riau finement r\u00e2p\u00e9. La machine se compose d'une tr\u00e9mie d'alimentation, de lames rotatives et d'un syst\u00e8me d'\u00e9vacuation. Voici un bref aper\u00e7u de son fonctionnement :<\/p>\n<ol data-start=\"5048\" data-end=\"5666\">\n<li data-start=\"5048\" data-end=\"5181\">\n<p data-start=\"5051\" data-end=\"5181\">Alimentation en copeaux de bois<br \/>\nLes copeaux de bois sont introduits dans la machine par la tr\u00e9mie d'alimentation, qui les guide dans la chambre de broyage.<\/p>\n<\/li>\n<li data-start=\"5183\" data-end=\"5436\">\n<p data-start=\"5186\" data-end=\"5436\">Processus de rasage<br \/>\nDans la chambre de broyage, les copeaux de bois sont tranch\u00e9s par des lames tournant \u00e0 grande vitesse. Les lames sont con\u00e7ues pour couper le bois en copeaux fins et uniformes. La taille des copeaux peut \u00eatre ajust\u00e9e en modifiant les r\u00e9glages des lames.<\/p>\n<\/li>\n<li data-start=\"5438\" data-end=\"5666\">\n<p data-start=\"5441\" data-end=\"5666\">Evacuation des copeaux<br \/>\nUne fois que les copeaux de bois ont \u00e9t\u00e9 transform\u00e9s en copeaux, le produit final est d\u00e9charg\u00e9 par une goulotte de sortie. Les copeaux sont ensuite collect\u00e9s et trait\u00e9s plus avant, en fonction de l'application envisag\u00e9e.<\/p>\n<\/li>\n<\/ol>\n<h3 data-start=\"5673\" data-end=\"5718\">Avantages de la machine \u00e0 raser les copeaux de bois<\/h3>\n<ol data-start=\"5720\" data-end=\"6889\">\n<li data-start=\"5720\" data-end=\"6035\">\n<p data-start=\"5723\" data-end=\"6035\">Rentabilit\u00e9<br \/>\nLa machine \u00e0 raser le bois est une solution abordable pour les entreprises qui cherchent \u00e0 transformer les d\u00e9chets de bois en produits de valeur. Son efficacit\u00e9 et sa durabilit\u00e9 garantissent un faible co\u00fbt de possession, ce qui en fait un investissement judicieux pour les entreprises de transformation du bois, de liti\u00e8re pour animaux et d'autres industries.<\/p>\n<\/li>\n<li data-start=\"6037\" data-end=\"6314\">\n<p data-start=\"6040\" data-end=\"6314\">Am\u00e9lioration de la gestion des d\u00e9chets<br \/>\nEn transformant les copeaux de bois en copeaux, cette machine aide les entreprises \u00e0 g\u00e9rer efficacement les d\u00e9chets de bois. Plut\u00f4t que d'envoyer les copeaux de bois dans les d\u00e9charges, les entreprises peuvent les r\u00e9utiliser pour fabriquer des produits utiles, contribuant ainsi \u00e0 une meilleure utilisation des ressources.<\/p>\n<\/li>\n<li data-start=\"6316\" data-end=\"6587\">\n<p data-start=\"6319\" data-end=\"6587\">Productivit\u00e9 accrue<br \/>\nGr\u00e2ce \u00e0 ses capacit\u00e9s de production \u00e9lev\u00e9es, la machine \u00e0 raser les copeaux de bois augmente la productivit\u00e9 en r\u00e9duisant les temps de traitement et en minimisant les temps d'arr\u00eat. Les entreprises peuvent ainsi r\u00e9pondre aux exigences d'une production \u00e0 forte demande sans compromettre la qualit\u00e9.<\/p>\n<\/li>\n<li data-start=\"6589\" data-end=\"6889\">\n<p data-start=\"6592\" data-end=\"6889\">Polyvalence<br \/>\nLa capacit\u00e9 de la machine \u00e0 ajuster la taille des copeaux la rend suffisamment polyvalente pour r\u00e9pondre aux besoins de diverses industries. Que vous produisiez des copeaux fins pour la liti\u00e8re des animaux ou des copeaux plus gros pour les produits en bois composite, la machine \u00e0 raser le bois vous offre la flexibilit\u00e9 dont vous avez besoin.<\/p>\n<\/li>\n<\/ol>\n<h3 data-start=\"6896\" data-end=\"6910\">Conclusion<\/h3>\n<p data-start=\"6912\" data-end=\"7456\">La machine \u00e0 raser les copeaux de bois est une solution tr\u00e8s efficace et polyvalente pour transformer les copeaux de bois en copeaux fins et uniformes. Sa conception robuste, ses caract\u00e9ristiques personnalisables et son fonctionnement respectueux de l'environnement en font un atout pr\u00e9cieux pour les industries telles que la production de liti\u00e8re pour animaux, la fabrication de produits \u00e0 base de bois et l'am\u00e9nagement paysager. Gr\u00e2ce \u00e0 sa capacit\u00e9 \u00e0 rationaliser les op\u00e9rations et \u00e0 r\u00e9duire les d\u00e9chets, la machine \u00e0 raser le bois offre une solution rentable et durable aux entreprises qui cherchent \u00e0 am\u00e9liorer leur productivit\u00e9 et l'utilisation de leurs ressources.<\/p>\n<p data-start=\"7458\" data-end=\"7637\">En investissant dans une machine \u00e0 raser les copeaux de bois, les entreprises peuvent non seulement am\u00e9liorer leurs r\u00e9sultats, mais aussi contribuer \u00e0 une industrie plus durable et plus respectueuse de l'environnement.<\/p>","protected":false},"excerpt":{"rendered":"<p>La machine \u00e0 raser les copeaux de bois transforme efficacement les copeaux de bois en copeaux de bois uniformes et de haute qualit\u00e9. Elle est parfaite pour diverses applications, notamment la liti\u00e8re pour animaux, l'emballage et les produits \u00e0 base de bois. Facile \u00e0 utiliser, n\u00e9cessitant peu d'entretien et construite pour une grande durabilit\u00e9, cette machine offre une solution rentable pour les industries de transformation du bois.<\/p>","protected":false},"featured_media":2293,"template":"","meta":{"site-sidebar-layout":"default","site-content-layout":"","ast-site-content-layout":"default","site-content-style":"default","site-sidebar-style":"default","ast-global-header-display":"","ast-banner-title-visibility":"","ast-main-header-display":"","ast-hfb-above-header-display":"","ast-hfb-below-header-display":"","ast-hfb-mobile-header-display":"","site-post-title":"","ast-breadcrumbs-content":"","ast-featured-img":"","footer-sml-layout":"","ast-disable-related-posts":"","theme-transparent-header-meta":"default","adv-header-id-meta":"","stick-header-meta":"","header-above-stick-meta":"","header-main-stick-meta":"","header-below-stick-meta":"","astra-migrate-meta-layouts":"set","ast-page-background-enabled":"default","ast-page-background-meta":{"desktop":{"background-color":"var(--ast-global-color-5)","background-image":"","background-repeat":"repeat","background-position":"center center","background-size":"auto","background-attachment":"scroll","background-type":"","background-media":"","overlay-type":"","overlay-color":"","overlay-opacity":"","overlay-gradient":""},"tablet":{"background-color":"","background-image":"","background-repeat":"repeat","background-position":"center center","background-size":"auto","background-attachment":"scroll","background-type":"","background-media":"","overlay-type":"","overlay-color":"","overlay-opacity":"","overlay-gradient":""},"mobile":{"background-color":"","background-image":"","background-repeat":"repeat","background-position":"center center","background-size":"auto","background-attachment":"scroll","background-type":"","background-media":"","overlay-type":"","overlay-color":"","overlay-opacity":"","overlay-gradient":""}},"ast-content-background-meta":{"desktop":{"background-color":"var(--ast-global-color-4)","background-image":"","background-repeat":"repeat","background-position":"center center","background-size":"auto","background-attachment":"scroll","background-type":"","background-media":"","overlay-type":"","overlay-color":"","overlay-opacity":"","overlay-gradient":""},"tablet":{"background-color":"var(--ast-global-color-4)","background-image":"","background-repeat":"repeat","background-position":"center center","background-size":"auto","background-attachment":"scroll","background-type":"","background-media":"","overlay-type":"","overlay-color":"","overlay-opacity":"","overlay-gradient":""},"mobile":{"background-color":"var(--ast-global-color-4)","background-image":"","background-repeat":"repeat","background-position":"center center","background-size":"auto","background-attachment":"scroll","background-type":"","background-media":"","overlay-type":"","overlay-color":"","overlay-opacity":"","overlay-gradient":""}}},"product_brand":[],"product_cat":[20,150],"product_tag":[123,125,124,126],"class_list":{"0":"post-2294","1":"product","2":"type-product","3":"status-publish","4":"has-post-thumbnail","6":"product_cat-shredding-and-crushing-machine","7":"product_cat-wood-shavings-machine","8":"product_tag-wood-chip-shaving-machine","9":"product_tag-wood-shaving-cutter","10":"product_tag-wood-shaving-cutting-machine","11":"product_tag-wood-shaving-making-machine","12":"desktop-align-left","13":"tablet-align-left","14":"mobile-align-left","16":"first","17":"instock","18":"shipping-taxable","19":"product-type-simple"},"_links":{"self":[{"href":"https:\/\/www.gigapa.com\/fr\/wp-json\/wp\/v2\/product\/2294","targetHints":{"allow":["GET"]}}],"collection":[{"href":"https:\/\/www.gigapa.com\/fr\/wp-json\/wp\/v2\/product"}],"about":[{"href":"https:\/\/www.gigapa.com\/fr\/wp-json\/wp\/v2\/types\/product"}],"version-history":[{"count":3,"href":"https:\/\/www.gigapa.com\/fr\/wp-json\/wp\/v2\/product\/2294\/revisions"}],"predecessor-version":[{"id":2297,"href":"https:\/\/www.gigapa.com\/fr\/wp-json\/wp\/v2\/product\/2294\/revisions\/2297"}],"wp:featuredmedia":[{"embeddable":true,"href":"https:\/\/www.gigapa.com\/fr\/wp-json\/wp\/v2\/media\/2293"}],"wp:attachment":[{"href":"https:\/\/www.gigapa.com\/fr\/wp-json\/wp\/v2\/media?parent=2294"}],"wp:term":[{"taxonomy":"product_brand","embeddable":true,"href":"https:\/\/www.gigapa.com\/fr\/wp-json\/wp\/v2\/product_brand?post=2294"},{"taxonomy":"product_cat","embeddable":true,"href":"https:\/\/www.gigapa.com\/fr\/wp-json\/wp\/v2\/product_cat?post=2294"},{"taxonomy":"product_tag","embeddable":true,"href":"https:\/\/www.gigapa.com\/fr\/wp-json\/wp\/v2\/product_tag?post=2294"}],"curies":[{"name":"wp","href":"https:\/\/api.w.org\/{rel}","templated":true}]}}