{"id":2298,"date":"2025-06-26T08:53:55","date_gmt":"2025-06-26T00:53:55","guid":{"rendered":"https:\/\/www.gigapa.com\/?post_type=product&#038;p=2298"},"modified":"2025-10-13T09:14:45","modified_gmt":"2025-10-13T01:14:45","slug":"industrial-hydraulic-press-baler","status":"publish","type":"product","link":"https:\/\/www.gigapa.com\/fr\/product\/industrial-hydraulic-press-baler\/","title":{"rendered":"Presse \u00e0 balles hydraulique industrielle"},"content":{"rendered":"<h3 data-start=\"96\" data-end=\"112\">Introduction<\/h3>\n<p data-start=\"114\" data-end=\"619\">La presse \u00e0 balles hydraulique industrielle est une machine performante et robuste con\u00e7ue pour la compression et la mise en balles efficaces de divers mat\u00e9riaux, notamment le carton, le plastique, le m\u00e9tal et les d\u00e9chets de papier. Cette machine est largement utilis\u00e9e dans les centres de recyclage, les entrep\u00f4ts, les parcs \u00e0 ferraille et les installations industrielles. Elle permet d'optimiser l'espace, de r\u00e9duire les co\u00fbts et de pr\u00e9server l'environnement en compactant de grands volumes de d\u00e9chets en balles maniables, qui peuvent ensuite \u00eatre facilement stock\u00e9es, transport\u00e9es ou recycl\u00e9es.<\/p>\n<p data-start=\"621\" data-end=\"951\">Gr\u00e2ce \u00e0 sa technologie hydraulique avanc\u00e9e, la presse \u00e0 balles pour d\u00e9chets industriels offre de puissantes performances, une grande fiabilit\u00e9 et une grande polyvalence pour un large \u00e9ventail d'industries. C'est un outil essentiel pour les entreprises qui souhaitent rationaliser leurs processus de gestion des d\u00e9chets et contribuer \u00e0 une exploitation plus durable et plus rentable.<\/p>\n<h3 data-start=\"958\" data-end=\"1014\">Caract\u00e9ristiques principales de la presse \u00e0 balles hydraulique industrielle<\/h3>\n<ol data-start=\"1016\" data-end=\"3305\">\n<li data-start=\"1016\" data-end=\"1400\">\n<p data-start=\"1019\" data-end=\"1400\">Syst\u00e8me hydraulique \u00e0 haute pression<br \/>\nLa principale caract\u00e9ristique de la presse \u00e0 balles pour d\u00e9chets industriels est son syst\u00e8me de presse hydraulique, qui utilise des m\u00e9canismes \u00e0 haute pression pour comprimer fortement les mat\u00e9riaux. Il en r\u00e9sulte des balles de haute densit\u00e9 faciles \u00e0 stocker et \u00e0 transporter. Le syst\u00e8me hydraulique offre des performances constantes, ce qui permet de l'utiliser pour des op\u00e9rations continues et intensives.<\/p>\n<\/li>\n<li data-start=\"1402\" data-end=\"1730\">\n<p data-start=\"1405\" data-end=\"1730\">Polyvalence dans la manutention des mat\u00e9riaux<br \/>\nCette machine est capable de traiter une grande vari\u00e9t\u00e9 de mat\u00e9riaux, notamment le carton, le papier, le plastique, les textiles, les canettes en aluminium, etc. Son adaptabilit\u00e9 en fait un atout pr\u00e9cieux pour les industries allant du recyclage des d\u00e9chets \u00e0 la fabrication, o\u00f9 une gestion efficace des d\u00e9chets est essentielle.<\/p>\n<\/li>\n<li data-start=\"1732\" data-end=\"2088\">\n<p data-start=\"1735\" data-end=\"2088\">Fonctionnement enti\u00e8rement automatique<br \/>\nLa presse \u00e0 balles hydraulique industrielle est \u00e9quip\u00e9e de fonctions automatiques avanc\u00e9es qui r\u00e9duisent le besoin d'intervention manuelle. Gr\u00e2ce \u00e0 des op\u00e9rations enti\u00e8rement automatiques, la presse \u00e0 balles peut alimenter, comprimer et d\u00e9charger efficacement les d\u00e9chets avec un minimum d'intervention de l'op\u00e9rateur, ce qui am\u00e9liore l'efficacit\u00e9 et r\u00e9duit les co\u00fbts de main-d'\u0153uvre.<\/p>\n<\/li>\n<li data-start=\"2090\" data-end=\"2367\">\n<p data-start=\"2093\" data-end=\"2367\">Densit\u00e9 \u00e9lev\u00e9e des balles<br \/>\nLa machine est con\u00e7ue pour produire des balles de haute densit\u00e9, ce qui permet d'\u00e9conomiser un espace de stockage pr\u00e9cieux et de r\u00e9duire les co\u00fbts de transport. Les balles denses sont plus faciles \u00e0 manipuler et peuvent \u00eatre empil\u00e9es en toute s\u00e9curit\u00e9, ce qui permet d'optimiser l'utilisation de l'espace dans vos installations.<\/p>\n<\/li>\n<li data-start=\"2369\" data-end=\"2720\">\n<p data-start=\"2372\" data-end=\"2720\">Conception durable et fiable<br \/>\nConstruite avec des mat\u00e9riaux de haute qualit\u00e9, la presse \u00e0 balles hydraulique industrielle est con\u00e7ue pour des performances durables. Sa construction robuste permet \u00e0 la machine de r\u00e9sister aux rigueurs d'une utilisation quotidienne dans des environnements exigeants, offrant ainsi aux entreprises une solution fiable pour leurs besoins en mati\u00e8re de gestion des d\u00e9chets.<\/p>\n<\/li>\n<li data-start=\"2722\" data-end=\"3012\">\n<p data-start=\"2725\" data-end=\"3012\">Caract\u00e9ristiques de s\u00e9curit\u00e9<br \/>\nLa machine est con\u00e7ue avec de nombreux dispositifs de s\u00e9curit\u00e9 pour assurer la protection de l'op\u00e9rateur et minimiser le risque d'accident. Ces dispositifs comprennent des boutons d'arr\u00eat d'urgence, un arr\u00eat automatique et des protections de s\u00e9curit\u00e9, ce qui en fait une machine s\u00fbre \u00e0 utiliser en milieu industriel.<\/p>\n<\/li>\n<li data-start=\"3014\" data-end=\"3305\">\n<p data-start=\"3017\" data-end=\"3305\">Contr\u00f4les conviviaux<br \/>\nLa presse \u00e0 balles est \u00e9quip\u00e9e d'un panneau de commande intuitif qui permet aux op\u00e9rateurs de contr\u00f4ler et d'ajuster facilement les r\u00e9glages. M\u00eame pour les utilisateurs ayant re\u00e7u une formation minimale, la machine peut \u00eatre utilis\u00e9e efficacement, ce qui r\u00e9duit le risque d'erreurs et am\u00e9liore la productivit\u00e9 globale.<\/p>\n<\/li>\n<\/ol>\n<h3 data-start=\"3312\" data-end=\"3368\">Applications de la presse \u00e0 balles pour d\u00e9chets industriels<\/h3>\n<p data-start=\"3370\" data-end=\"3568\">La presse \u00e0 balles hydraulique industrielle est une machine tr\u00e8s polyvalente, adapt\u00e9e \u00e0 une grande vari\u00e9t\u00e9 d'applications. Parmi les industries et les secteurs cl\u00e9s qui b\u00e9n\u00e9ficient de cette technologie, on peut citer<\/p>\n<ol data-start=\"3570\" data-end=\"5120\">\n<li data-start=\"3570\" data-end=\"3861\">\n<p data-start=\"3573\" data-end=\"3861\">Recyclage des d\u00e9chets<br \/>\nLes centres de recyclage utilisent la presse \u00e0 balles pour d\u00e9chets industriels afin de traiter efficacement de grands volumes de mat\u00e9riaux recyclables. En comprimant des mat\u00e9riaux tels que le carton, le plastique et le papier, la presse \u00e0 balles r\u00e9duit le volume des d\u00e9chets et facilite leur transport et leur recyclage.<\/p>\n<\/li>\n<li data-start=\"3863\" data-end=\"4163\">\n<p data-start=\"3866\" data-end=\"4163\">Traitement de la ferraille<br \/>\nLes parcs \u00e0 ferraille et les installations de traitement des m\u00e9taux utilisent cette presse pour compacter les d\u00e9chets m\u00e9talliques, y compris les canettes d'aluminium et les d\u00e9chets d'acier, en balles denses. Ces balles sont ensuite plus faciles \u00e0 manipuler et peuvent \u00eatre vendues comme ferraille pour le recyclage ou r\u00e9utilis\u00e9es dans les processus de fabrication.<\/p>\n<\/li>\n<li data-start=\"4165\" data-end=\"4490\">\n<p data-start=\"4168\" data-end=\"4490\">Commerce de d\u00e9tail et fabrication<br \/>\nLes commerces de d\u00e9tail et les usines de fabrication qui g\u00e9n\u00e8rent une grande quantit\u00e9 de d\u00e9chets d'emballage peuvent b\u00e9n\u00e9ficier de la presse \u00e0 balles hydraulique industrielle. Elle permet de compacter les cartons, les emballages plastiques et d'autres mat\u00e9riaux, r\u00e9duisant ainsi les co\u00fbts d'\u00e9limination des d\u00e9chets et am\u00e9liorant l'efficacit\u00e9 op\u00e9rationnelle.<\/p>\n<\/li>\n<li data-start=\"4492\" data-end=\"4760\">\n<p data-start=\"4495\" data-end=\"4760\">Industrie textile<br \/>\nDans l'industrie textile, la presse \u00e0 balles est utilis\u00e9e pour comprimer les d\u00e9chets textiles tels que les chutes de tissu et les fibres. Les balles compact\u00e9es sont plus faciles \u00e0 stocker, \u00e0 g\u00e9rer et \u00e0 recycler, ce qui contribue \u00e0 la r\u00e9duction des d\u00e9chets et au d\u00e9veloppement durable dans l'industrie textile.<\/p>\n<\/li>\n<li data-start=\"4762\" data-end=\"5120\">\n<p data-start=\"4765\" data-end=\"5120\">Gestion des d\u00e9chets de papier et de carton<br \/>\nLes entreprises du secteur du papier et du carton utilisent des presses \u00e0 balles hydrauliques pour r\u00e9duire le volume des d\u00e9chets g\u00e9n\u00e9r\u00e9s par les mat\u00e9riaux d'emballage. Les balles de haute densit\u00e9 produites par la presse \u00e0 balles facilitent le transport et le recyclage du papier et du carton, r\u00e9duisant ainsi l'utilisation des d\u00e9charges et contribuant \u00e0 l'\u00e9conomie circulaire.<\/p>\n<\/li>\n<\/ol>\n<h3 data-start=\"5127\" data-end=\"5177\">Fonctionnement de la presse \u00e0 balles hydraulique industrielle<\/h3>\n<p data-start=\"5179\" data-end=\"5359\">La presse \u00e0 balles hydraulique industrielle fonctionne selon un processus simple mais efficace qui maximise la compression des d\u00e9chets. Voici un aper\u00e7u de son fonctionnement :<\/p>\n<ol data-start=\"5361\" data-end=\"6415\">\n<li data-start=\"5361\" data-end=\"5624\">\n<p data-start=\"5364\" data-end=\"5624\">Nourrir le mat\u00e9riel<br \/>\nLes d\u00e9chets sont charg\u00e9s dans la tr\u00e9mie, d'o\u00f9 ils sont introduits dans la chambre de compression. La machine est con\u00e7ue avec un syst\u00e8me d'alimentation automatique, ce qui permet de traiter les mat\u00e9riaux en continu sans intervention manuelle.<\/p>\n<\/li>\n<li data-start=\"5626\" data-end=\"5944\">\n<p data-start=\"5629\" data-end=\"5944\">Compression<br \/>\nUne fois dans la chambre de compression, les mat\u00e9riaux sont press\u00e9s par des pistons hydrauliques. La pression \u00e9lev\u00e9e force les mat\u00e9riaux \u00e0 se compacter \u00e9troitement, formant des balles de haute densit\u00e9. Le syst\u00e8me hydraulique assure une compression constante et puissante, m\u00eame pour les mat\u00e9riaux difficiles \u00e0 comprimer comme la ferraille.<\/p>\n<\/li>\n<li data-start=\"5946\" data-end=\"6200\">\n<p data-start=\"5949\" data-end=\"6200\">Ejection de la balle<br \/>\nUne fois les mat\u00e9riaux compact\u00e9s, la balle form\u00e9e est \u00e9ject\u00e9e automatiquement par la goulotte d'\u00e9jection. Selon le mod\u00e8le, les balles peuvent \u00eatre \u00e9ject\u00e9es horizontalement ou verticalement, ce qui facilite leur empilage et leur stockage.<\/p>\n<\/li>\n<li data-start=\"6202\" data-end=\"6415\">\n<p data-start=\"6205\" data-end=\"6415\">Couper et nouer<br \/>\nLa presse peut \u00eatre \u00e9quip\u00e9e d'un syst\u00e8me de liage automatique, qui entoure la balle d'un fil de fer ou d'une ficelle pour la maintenir en place. Cela permet \u00e0 la balle de conserver sa forme pendant le stockage et le transport.<\/p>\n<\/li>\n<\/ol>\n<h3 data-start=\"6422\" data-end=\"6479\">Avantages de l'utilisation d'une presse \u00e0 balles hydraulique industrielle<\/h3>\n<ol data-start=\"6481\" data-end=\"7546\">\n<li data-start=\"6481\" data-end=\"6735\">\n<p data-start=\"6484\" data-end=\"6735\">\u00c9conomies de co\u00fbts<br \/>\nEn r\u00e9duisant le volume des d\u00e9chets, la presse \u00e0 balles pour d\u00e9chets industriels diminue les co\u00fbts d'\u00e9limination et de transport des d\u00e9chets. Les balles de haute densit\u00e9 sont plus faciles \u00e0 manipuler et n\u00e9cessitent moins d'espace, ce qui r\u00e9duit \u00e9galement les co\u00fbts de stockage.<\/p>\n<\/li>\n<li data-start=\"6737\" data-end=\"6991\">\n<p data-start=\"6740\" data-end=\"6991\">Impact sur l'environnement<br \/>\nLa presse \u00e0 balles favorise la durabilit\u00e9 environnementale en contribuant au processus de recyclage. La machine contribue \u00e0 d\u00e9tourner les d\u00e9chets des d\u00e9charges, ce qui en fait un outil essentiel pour les entreprises qui cherchent \u00e0 minimiser leur empreinte \u00e9cologique.<\/p>\n<\/li>\n<li data-start=\"6993\" data-end=\"7256\">\n<p data-start=\"6996\" data-end=\"7256\">Efficacit\u00e9 accrue<br \/>\nGr\u00e2ce \u00e0 ses fonctions automatis\u00e9es et \u00e0 son fonctionnement \u00e0 grande vitesse, la presse \u00e0 balles hydraulique industrielle am\u00e9liore la productivit\u00e9 et l'efficacit\u00e9 des processus de gestion des d\u00e9chets. La machine r\u00e9duit le besoin de travail manuel, ce qui permet d'\u00e9conomiser du temps et des ressources.<\/p>\n<\/li>\n<li data-start=\"7258\" data-end=\"7546\">\n<p data-start=\"7261\" data-end=\"7546\">Optimisation de l'espace<br \/>\nLes balles compactes produites par la presse \u00e0 balles permettent de mieux utiliser l'espace de stockage disponible. C'est particuli\u00e8rement important pour les entreprises dont les espaces de stockage sont limit\u00e9s, car cela leur permet de stocker de plus grandes quantit\u00e9s de d\u00e9chets d'une mani\u00e8re plus organis\u00e9e et plus facile \u00e0 g\u00e9rer.<\/p>\n<\/li>\n<\/ol>\n<h3 data-start=\"7553\" data-end=\"7567\">Conclusion<\/h3>\n<p data-start=\"7569\" data-end=\"8200\">La presse \u00e0 balles hydraulique industrielle est un \u00e9quipement essentiel pour les entreprises des secteurs du recyclage, du traitement de la ferraille et de la fabrication. Son puissant syst\u00e8me hydraulique, sa polyvalence et ses fonctions automatis\u00e9es en font une solution tr\u00e8s efficace pour la compression et la gestion des d\u00e9chets. En investissant dans cette machine, les entreprises peuvent r\u00e9duire les co\u00fbts d'\u00e9limination des d\u00e9chets, am\u00e9liorer les efforts de recyclage et contribuer \u00e0 un environnement plus durable. Gr\u00e2ce \u00e0 sa conception durable et \u00e0 sa facilit\u00e9 d'utilisation, la presse \u00e0 balles hydraulique industrielle est un choix intelligent et rentable pour am\u00e9liorer les op\u00e9rations de gestion des d\u00e9chets.<\/p>","protected":false},"excerpt":{"rendered":"<p>La presse \u00e0 balles hydraulique industrielle est une solution puissante pour la compression et le compactage des d\u00e9chets en balles de haute densit\u00e9. Parfaite pour les centres de recyclage, les parcs \u00e0 ferraille et les usines de fabrication, elle traite une grande vari\u00e9t\u00e9 de mat\u00e9riaux, notamment le carton, le m\u00e9tal et le plastique. Le fonctionnement enti\u00e8rement automatique de la machine am\u00e9liore la productivit\u00e9, r\u00e9duit les co\u00fbts d'\u00e9limination des d\u00e9chets et favorise la durabilit\u00e9 environnementale.<\/p>","protected":false},"featured_media":2292,"template":"","meta":{"site-sidebar-layout":"default","site-content-layout":"","ast-site-content-layout":"default","site-content-style":"default","site-sidebar-style":"default","ast-global-header-display":"","ast-banner-title-visibility":"","ast-main-header-display":"","ast-hfb-above-header-display":"","ast-hfb-below-header-display":"","ast-hfb-mobile-header-display":"","site-post-title":"","ast-breadcrumbs-content":"","ast-featured-img":"","footer-sml-layout":"","ast-disable-related-posts":"","theme-transparent-header-meta":"default","adv-header-id-meta":"","stick-header-meta":"","header-above-stick-meta":"","header-main-stick-meta":"","header-below-stick-meta":"","astra-migrate-meta-layouts":"set","ast-page-background-enabled":"default","ast-page-background-meta":{"desktop":{"background-color":"var(--ast-global-color-5)","background-image":"","background-repeat":"repeat","background-position":"center center","background-size":"auto","background-attachment":"scroll","background-type":"","background-media":"","overlay-type":"","overlay-color":"","overlay-opacity":"","overlay-gradient":""},"tablet":{"background-color":"","background-image":"","background-repeat":"repeat","background-position":"center center","background-size":"auto","background-attachment":"scroll","background-type":"","background-media":"","overlay-type":"","overlay-color":"","overlay-opacity":"","overlay-gradient":""},"mobile":{"background-color":"","background-image":"","background-repeat":"repeat","background-position":"center center","background-size":"auto","background-attachment":"scroll","background-type":"","background-media":"","overlay-type":"","overlay-color":"","overlay-opacity":"","overlay-gradient":""}},"ast-content-background-meta":{"desktop":{"background-color":"var(--ast-global-color-4)","background-image":"","background-repeat":"repeat","background-position":"center center","background-size":"auto","background-attachment":"scroll","background-type":"","background-media":"","overlay-type":"","overlay-color":"","overlay-opacity":"","overlay-gradient":""},"tablet":{"background-color":"var(--ast-global-color-4)","background-image":"","background-repeat":"repeat","background-position":"center center","background-size":"auto","background-attachment":"scroll","background-type":"","background-media":"","overlay-type":"","overlay-color":"","overlay-opacity":"","overlay-gradient":""},"mobile":{"background-color":"var(--ast-global-color-4)","background-image":"","background-repeat":"repeat","background-position":"center center","background-size":"auto","background-attachment":"scroll","background-type":"","background-media":"","overlay-type":"","overlay-color":"","overlay-opacity":"","overlay-gradient":""}}},"product_brand":[],"product_cat":[21,153],"product_tag":[136],"class_list":{"0":"post-2298","1":"product","2":"type-product","3":"status-publish","4":"has-post-thumbnail","6":"product_cat-baling-machine","7":"product_cat-horizontal-baler","8":"product_tag-automatic-cardboard-baler","9":"desktop-align-left","10":"tablet-align-left","11":"mobile-align-left","13":"first","14":"instock","15":"shipping-taxable","16":"product-type-simple"},"_links":{"self":[{"href":"https:\/\/www.gigapa.com\/fr\/wp-json\/wp\/v2\/product\/2298","targetHints":{"allow":["GET"]}}],"collection":[{"href":"https:\/\/www.gigapa.com\/fr\/wp-json\/wp\/v2\/product"}],"about":[{"href":"https:\/\/www.gigapa.com\/fr\/wp-json\/wp\/v2\/types\/product"}],"version-history":[{"count":2,"href":"https:\/\/www.gigapa.com\/fr\/wp-json\/wp\/v2\/product\/2298\/revisions"}],"predecessor-version":[{"id":2489,"href":"https:\/\/www.gigapa.com\/fr\/wp-json\/wp\/v2\/product\/2298\/revisions\/2489"}],"wp:featuredmedia":[{"embeddable":true,"href":"https:\/\/www.gigapa.com\/fr\/wp-json\/wp\/v2\/media\/2292"}],"wp:attachment":[{"href":"https:\/\/www.gigapa.com\/fr\/wp-json\/wp\/v2\/media?parent=2298"}],"wp:term":[{"taxonomy":"product_brand","embeddable":true,"href":"https:\/\/www.gigapa.com\/fr\/wp-json\/wp\/v2\/product_brand?post=2298"},{"taxonomy":"product_cat","embeddable":true,"href":"https:\/\/www.gigapa.com\/fr\/wp-json\/wp\/v2\/product_cat?post=2298"},{"taxonomy":"product_tag","embeddable":true,"href":"https:\/\/www.gigapa.com\/fr\/wp-json\/wp\/v2\/product_tag?post=2298"}],"curies":[{"name":"wp","href":"https:\/\/api.w.org\/{rel}","templated":true}]}}