{"id":2710,"date":"2025-10-10T14:48:40","date_gmt":"2025-10-10T06:48:40","guid":{"rendered":"https:\/\/www.gigapa.com\/?post_type=product&#038;p=2710"},"modified":"2026-04-27T14:57:37","modified_gmt":"2026-04-27T06:57:37","slug":"steel-swarf-compactor","status":"publish","type":"product","link":"https:\/\/www.gigapa.com\/fr\/product\/steel-swarf-compactor\/","title":{"rendered":"Compacteur de copeaux en acier"},"content":{"rendered":"<p data-start=\"242\" data-end=\"813\">Un compacteur de copeaux d'acier est un \u00e9quipement essentiel dans les usines modernes de m\u00e9tallurgie et de recyclage. Il est con\u00e7u pour comprimer les copeaux d'acier, les tournures et autres d\u00e9chets m\u00e9talliques en briquettes denses, s\u00e8ches et faciles \u00e0 manipuler. Cela permet non seulement de r\u00e9duire l'espace de stockage n\u00e9cessaire pour les d\u00e9chets m\u00e9talliques, mais aussi d'accro\u00eetre la valeur du mat\u00e9riau en vue de son recyclage ou de sa fusion. Pour les fabricants qui traitent l'acier, l'acier inoxydable, la fonte ou l'aluminium, l'investissement dans un compacteur de copeaux d'acier am\u00e9liore consid\u00e9rablement la conformit\u00e9 environnementale et l'efficacit\u00e9 op\u00e9rationnelle.<\/p>\n<div class=\"ast-oembed-container\" style=\"height: 100%;\"><iframe title=\"Machine \u00e0 briqueter les copeaux m\u00e9talliques | Machine \u00e0 briqueter les copeaux d&#039;aluminium\" width=\"500\" height=\"281\" src=\"https:\/\/www.youtube.com\/embed\/9eDjw4K6_lM?feature=oembed\" frameborder=\"0\" allow=\"accelerometer; autoplay; clipboard-write; encrypted-media; gyroscope; picture-in-picture; web-share\" referrerpolicy=\"strict-origin-when-cross-origin\" allowfullscreen><\/iframe><\/div>\n<h3 data-start=\"820\" data-end=\"874\">Principe de fonctionnement du compacteur de copeaux d'acier<\/h3>\n<p data-start=\"876\" data-end=\"1346\">Le compacteur de copeaux d'acier fonctionne gr\u00e2ce \u00e0 une combinaison de pression hydraulique et de compression m\u00e9canique. Une fois les copeaux collect\u00e9s lors des op\u00e9rations d'usinage ou de meulage, ils sont introduits dans la tr\u00e9mie du compacteur. \u00c0 l'int\u00e9rieur de la chambre de compression, un puissant cylindre hydraulique exerce une pression \u00e9lev\u00e9e - souvent sup\u00e9rieure \u00e0 2000 psi - sur les copeaux d'acier d\u00e9tach\u00e9s. Cette pression permet d'extraire les fluides de coupe, les liquides de refroidissement et autres huiles r\u00e9siduelles tout en formant des briquettes compactes et solides.<\/p>\n<p data-start=\"1348\" data-end=\"1706\">Les briquettes qui en r\u00e9sultent sont g\u00e9n\u00e9ralement cylindriques ou en forme de bloc et ont une densit\u00e9 beaucoup plus \u00e9lev\u00e9e que les copeaux en vrac. Elles peuvent \u00eatre facilement empil\u00e9es, stock\u00e9es ou transport\u00e9es vers des fonderies sans contamination ni fuite de liquide. Le liquide de refroidissement extrait peut \u00e9galement \u00eatre filtr\u00e9 et r\u00e9utilis\u00e9, ce qui contribue \u00e0 un processus de production plus propre et plus durable.<\/p>\n<h3 data-start=\"1713\" data-end=\"1764\">Avantages de l'utilisation d'un compacteur de copeaux en acier<\/h3>\n<ol data-start=\"1766\" data-end=\"2793\">\n<li data-start=\"1766\" data-end=\"1983\">\n<p data-start=\"1769\" data-end=\"1983\">\u00c9conomies d'espace et de co\u00fbts<br data-start=\"1795\" data-end=\"1798\" \/>Les copeaux d'acier en vrac occupent un volume important. En les compactant en briquettes solides, les besoins de stockage peuvent \u00eatre r\u00e9duits jusqu'\u00e0 80%. Cela permet de r\u00e9duire les co\u00fbts de logistique et de manutention.<\/p>\n<\/li>\n<li data-start=\"1985\" data-end=\"2210\">\n<p data-start=\"1988\" data-end=\"2210\">Efficacit\u00e9 du recyclage<br data-start=\"2012\" data-end=\"2015\" \/>Les briquettes compactes ont une densit\u00e9 apparente plus \u00e9lev\u00e9e, ce qui am\u00e9liore l'efficacit\u00e9 du chargement du four pendant la refonte. Il en r\u00e9sulte une r\u00e9duction de la consommation d'\u00e9nergie et une augmentation du taux de recyclage global.<\/p>\n<\/li>\n<li data-start=\"2212\" data-end=\"2409\">\n<p data-start=\"2215\" data-end=\"2409\">R\u00e9cup\u00e9ration d'huile et de liquide de refroidissement<br data-start=\"2243\" data-end=\"2246\" \/>Le processus de compactage s\u00e9pare et r\u00e9cup\u00e8re les fluides de coupe r\u00e9siduels des copeaux. Ces fluides peuvent \u00eatre r\u00e9utilis\u00e9s, ce qui permet de r\u00e9duire les d\u00e9chets et d'am\u00e9liorer la durabilit\u00e9.<\/p>\n<\/li>\n<li data-start=\"2411\" data-end=\"2596\">\n<p data-start=\"2414\" data-end=\"2596\">Un environnement de travail propre et s\u00fbr<br data-start=\"2452\" data-end=\"2455\" \/>Le briquetage \u00e9limine les gouttes d'huile et les copeaux \u00e9parpill\u00e9s sur le sol de l'atelier, cr\u00e9ant ainsi un espace de travail plus propre, plus s\u00fbr et mieux organis\u00e9.<\/p>\n<\/li>\n<li data-start=\"2598\" data-end=\"2793\">\n<p data-start=\"2601\" data-end=\"2793\">Conformit\u00e9 environnementale<br data-start=\"2629\" data-end=\"2632\" \/>Le compacteur de copeaux d'acier permet de respecter les normes environnementales modernes en r\u00e9duisant le volume des d\u00e9chets, en \u00e9vitant les fuites de fluides et en favorisant le recyclage.<\/p>\n<\/li>\n<\/ol>\n<h3 data-start=\"2800\" data-end=\"2826\">Caract\u00e9ristiques techniques<\/h3>\n<ul>\n<li data-start=\"2830\" data-end=\"2935\">Syst\u00e8me hydraulique \u00e0 haute pression - Assure une densit\u00e9 de compactage maximale et une formation stable des briquettes.<\/li>\n<li data-start=\"2938\" data-end=\"3043\">Alimentation et d\u00e9chargement automatiques - R\u00e9duit les besoins en main-d'\u0153uvre et augmente l'efficacit\u00e9 de la production.<\/li>\n<li data-start=\"3046\" data-end=\"3144\">Commande programmable (PLC) - Permet un fonctionnement enti\u00e8rement ou semi-automatique avec des r\u00e9glages simples.<\/li>\n<li data-start=\"3147\" data-end=\"3246\">Chambre de compression durable - Fabriqu\u00e9e en acier r\u00e9sistant \u00e0 l'usure pour garantir une fiabilit\u00e9 \u00e0 long terme.<\/li>\n<li data-start=\"3249\" data-end=\"3337\">Syst\u00e8me de r\u00e9cup\u00e9ration d'huile - Collecte et s\u00e9pare les liquides de refroidissement ou les lubrifiants pour les recycler.<\/li>\n<li data-start=\"3340\" data-end=\"3442\">Syst\u00e8me de refroidissement et de filtration en option - Maintient l'huile hydraulique propre et prolonge la dur\u00e9e de vie de la machine.<\/li>\n<\/ul>\n<p><img fetchpriority=\"high\" decoding=\"async\" class=\"wp-image-2711 size-full aligncenter\" src=\"https:\/\/www.gigapa.com\/wp-content\/uploads\/2025\/10\/\u538b\u997c\u673a1.jpg\" alt=\"Compacteur de copeaux en acier\" width=\"500\" height=\"500\" srcset=\"https:\/\/www.gigapa.com\/wp-content\/uploads\/2025\/10\/\u538b\u997c\u673a1.jpg 500w, https:\/\/www.gigapa.com\/wp-content\/uploads\/2025\/10\/\u538b\u997c\u673a1-300x300.jpg 300w, https:\/\/www.gigapa.com\/wp-content\/uploads\/2025\/10\/\u538b\u997c\u673a1-150x150.jpg 150w, https:\/\/www.gigapa.com\/wp-content\/uploads\/2025\/10\/\u538b\u997c\u673a1-12x12.jpg 12w, https:\/\/www.gigapa.com\/wp-content\/uploads\/2025\/10\/\u538b\u997c\u673a1-100x100.jpg 100w\" sizes=\"(max-width: 500px) 100vw, 500px\" \/><\/p>\n<h3 data-start=\"3449\" data-end=\"3469\">Applications<\/h3>\n<p data-start=\"3471\" data-end=\"3540\">Le compacteur de copeaux d'acier est largement utilis\u00e9 dans des industries telles que :<\/p>\n<ul>\n<li data-start=\"3543\" data-end=\"3579\">Centres de travail des m\u00e9taux et d'usinage<\/li>\n<li data-start=\"3582\" data-end=\"3632\">Fabrication de composants automobiles et a\u00e9rospatiaux<\/li>\n<li data-start=\"3635\" data-end=\"3681\">Usines de fabrication d'acier et d'acier inoxydable<\/li>\n<li data-start=\"3684\" data-end=\"3719\">Fonderies et op\u00e9rations de fusion<\/li>\n<li data-start=\"3722\" data-end=\"3765\">Installations de recyclage et de gestion des d\u00e9chets<\/li>\n<\/ul>\n<p data-start=\"3767\" data-end=\"3928\">Qu'il s'agisse d'acier, de fonte ou de m\u00e9taux non ferreux, le compacteur convertit efficacement les d\u00e9chets en ressources pr\u00e9cieuses, soutenant ainsi une \u00e9conomie circulaire.<\/p>\n<h3 data-start=\"3935\" data-end=\"3979\">Pourquoi choisir notre compacteur de copeaux en acier<\/h3>\n<p data-start=\"3981\" data-end=\"4396\">Notre soci\u00e9t\u00e9 est sp\u00e9cialis\u00e9e dans la conception et la fabrication d'\u00e9quipements industriels de briquetage et de recyclage, avec plus de dix ans d'exp\u00e9rience en ing\u00e9nierie. Chaque compacteur de copeaux d'acier est con\u00e7u pour offrir des performances \u00e9lev\u00e9es, un entretien facile et un fonctionnement r\u00e9gulier. Des solutions personnalis\u00e9es sont disponibles en fonction des besoins du client, y compris des syst\u00e8mes d'alimentation, des convoyeurs automatiques ou des lignes de recyclage enti\u00e8rement int\u00e9gr\u00e9es.<\/p>\n<p data-start=\"4398\" data-end=\"4611\">Nous fournissons une assistance technique compl\u00e8te, de la s\u00e9lection des \u00e9quipements \u00e0 l'installation et au service apr\u00e8s-vente. Notre objectif est d'aider les fabricants \u00e0 r\u00e9duire les d\u00e9chets, \u00e0 am\u00e9liorer l'efficacit\u00e9 et \u00e0 parvenir \u00e0 une production durable.<\/p>\n<h3 data-start=\"4618\" data-end=\"4636\">Conclusion<\/h3>\n<p data-start=\"4638\" data-end=\"4989\">Un compacteur de copeaux d'acier n'est pas seulement une machine de gestion des d\u00e9chets - c'est un investissement intelligent qui apporte des avantages mesurables en termes de r\u00e9duction des co\u00fbts, de protection de l'environnement et d'am\u00e9lioration de la productivit\u00e9. En transformant les copeaux d'acier en briquettes denses, vous pouvez simplifier le stockage, r\u00e9cup\u00e9rer des fluides pr\u00e9cieux et contribuer \u00e0 un processus industriel plus propre.<\/p>\n<p data-start=\"4991\" data-end=\"5264\">Si vous \u00eates \u00e0 la recherche d'un fabricant ou d'un fournisseur fiable de compacteur de copeaux d'acier, contactez-nous d\u00e8s aujourd'hui pour discuter des exigences de votre projet. Notre \u00e9quipe professionnelle vous recommandera le mod\u00e8le le plus appropri\u00e9 et vous fournira une solution compl\u00e8te de recyclage des m\u00e9taux adapt\u00e9e \u00e0 vos besoins.<\/p>","protected":false},"excerpt":{"rendered":"<p>Le compacteur de copeaux d'acier est une machine \u00e0 briqueter hydraulique con\u00e7ue pour comprimer les copeaux d'acier en vrac et les tournures en briquettes denses et s\u00e8ches. Il permet de r\u00e9duire le volume de stockage, de r\u00e9cup\u00e9rer les fluides de coupe pr\u00e9cieux et d'am\u00e9liorer l'efficacit\u00e9 du recyclage. Gr\u00e2ce \u00e0 sa technologie hydraulique \u00e0 haute pression, \u00e0 son fonctionnement automatique et \u00e0 sa construction durable, ce compacteur est id\u00e9al pour les industries du travail des m\u00e9taux, de l'usinage et du recyclage. Il permet non seulement d'\u00e9conomiser de l'espace et des co\u00fbts de transport, mais contribue \u00e9galement \u00e0 un environnement de production plus propre et plus durable.<\/p>","protected":false},"featured_media":2711,"template":"","meta":{"site-sidebar-layout":"default","site-content-layout":"","ast-site-content-layout":"default","site-content-style":"default","site-sidebar-style":"default","ast-global-header-display":"","ast-banner-title-visibility":"","ast-main-header-display":"","ast-hfb-above-header-display":"","ast-hfb-below-header-display":"","ast-hfb-mobile-header-display":"","site-post-title":"","ast-breadcrumbs-content":"","ast-featured-img":"","footer-sml-layout":"","ast-disable-related-posts":"","theme-transparent-header-meta":"default","adv-header-id-meta":"","stick-header-meta":"","header-above-stick-meta":"","header-main-stick-meta":"","header-below-stick-meta":"","astra-migrate-meta-layouts":"set","ast-page-background-enabled":"default","ast-page-background-meta":{"desktop":{"background-color":"var(--ast-global-color-5)","background-image":"","background-repeat":"repeat","background-position":"center center","background-size":"auto","background-attachment":"scroll","background-type":"","background-media":"","overlay-type":"","overlay-color":"","overlay-opacity":"","overlay-gradient":""},"tablet":{"background-color":"","background-image":"","background-repeat":"repeat","background-position":"center center","background-size":"auto","background-attachment":"scroll","background-type":"","background-media":"","overlay-type":"","overlay-color":"","overlay-opacity":"","overlay-gradient":""},"mobile":{"background-color":"","background-image":"","background-repeat":"repeat","background-position":"center center","background-size":"auto","background-attachment":"scroll","background-type":"","background-media":"","overlay-type":"","overlay-color":"","overlay-opacity":"","overlay-gradient":""}},"ast-content-background-meta":{"desktop":{"background-color":"var(--ast-global-color-4)","background-image":"","background-repeat":"repeat","background-position":"center center","background-size":"auto","background-attachment":"scroll","background-type":"","background-media":"","overlay-type":"","overlay-color":"","overlay-opacity":"","overlay-gradient":""},"tablet":{"background-color":"var(--ast-global-color-4)","background-image":"","background-repeat":"repeat","background-position":"center center","background-size":"auto","background-attachment":"scroll","background-type":"","background-media":"","overlay-type":"","overlay-color":"","overlay-opacity":"","overlay-gradient":""},"mobile":{"background-color":"var(--ast-global-color-4)","background-image":"","background-repeat":"repeat","background-position":"center center","background-size":"auto","background-attachment":"scroll","background-type":"","background-media":"","overlay-type":"","overlay-color":"","overlay-opacity":"","overlay-gradient":""}}},"product_brand":[],"product_cat":[21,156],"product_tag":[193,160,191,192,159,190],"class_list":{"0":"post-2710","1":"product","2":"type-product","3":"status-publish","4":"has-post-thumbnail","6":"product_cat-baling-machine","7":"product_cat-briquetting-press-machine","8":"product_tag-automatic-swarf-compactor","9":"product_tag-chip-briquetting-machine","10":"product_tag-hydraulic-metal-chip-compactor","11":"product_tag-metal-briquette-press-machine","12":"product_tag-scrap-briquetting-machine","13":"product_tag-steel-swarf-compactor","14":"desktop-align-left","15":"tablet-align-left","16":"mobile-align-left","18":"first","19":"instock","20":"shipping-taxable","21":"product-type-simple"},"_links":{"self":[{"href":"https:\/\/www.gigapa.com\/fr\/wp-json\/wp\/v2\/product\/2710","targetHints":{"allow":["GET"]}}],"collection":[{"href":"https:\/\/www.gigapa.com\/fr\/wp-json\/wp\/v2\/product"}],"about":[{"href":"https:\/\/www.gigapa.com\/fr\/wp-json\/wp\/v2\/types\/product"}],"version-history":[{"count":2,"href":"https:\/\/www.gigapa.com\/fr\/wp-json\/wp\/v2\/product\/2710\/revisions"}],"predecessor-version":[{"id":2714,"href":"https:\/\/www.gigapa.com\/fr\/wp-json\/wp\/v2\/product\/2710\/revisions\/2714"}],"wp:featuredmedia":[{"embeddable":true,"href":"https:\/\/www.gigapa.com\/fr\/wp-json\/wp\/v2\/media\/2711"}],"wp:attachment":[{"href":"https:\/\/www.gigapa.com\/fr\/wp-json\/wp\/v2\/media?parent=2710"}],"wp:term":[{"taxonomy":"product_brand","embeddable":true,"href":"https:\/\/www.gigapa.com\/fr\/wp-json\/wp\/v2\/product_brand?post=2710"},{"taxonomy":"product_cat","embeddable":true,"href":"https:\/\/www.gigapa.com\/fr\/wp-json\/wp\/v2\/product_cat?post=2710"},{"taxonomy":"product_tag","embeddable":true,"href":"https:\/\/www.gigapa.com\/fr\/wp-json\/wp\/v2\/product_tag?post=2710"}],"curies":[{"name":"wp","href":"https:\/\/api.w.org\/{rel}","templated":true}]}}