{"id":2783,"date":"2025-11-06T17:11:30","date_gmt":"2025-11-06T09:11:30","guid":{"rendered":"https:\/\/www.gigapa.com\/?post_type=product&#038;p=2783"},"modified":"2026-04-27T14:44:51","modified_gmt":"2026-04-27T06:44:51","slug":"fully-automatic-horizontal-cotton-baler","status":"publish","type":"product","link":"https:\/\/www.gigapa.com\/fr\/product\/fully-automatic-horizontal-cotton-baler\/","title":{"rendered":"Presse \u00e0 balles horizontale enti\u00e8rement automatique pour le coton"},"content":{"rendered":"<h3>Introduction de l'\u00e9quipement :<\/h3>\n<p>La presse \u00e0 balles de coton horizontale enti\u00e8rement automatique se compose d'un bo\u00eetier, d'une station hydraulique, d'un cylindre hydraulique, d'une t\u00eate de pression et d'un m\u00e9canisme de liage. La pression hydraulique fournie par la station hydraulique entra\u00eene le cylindre principal pour comprimer le mat\u00e9riau \u00e0 l'aide de la t\u00eate de pression. Apr\u00e8s la compression, la balle est \u00e9ject\u00e9e par le cylindre hydraulique d'\u00e9jection, et le m\u00e9canisme de liage lie la balle. L'ensemble du processus de compression et de liage des balles est contr\u00f4l\u00e9 par un automate programmable. Le m\u00e9canisme de liage compl\u00e8te automatiquement les processus d'alimentation, de liage et de serrage sans intervention manuelle, ce qui se traduit par un degr\u00e9 \u00e9lev\u00e9 d'automatisation. Il en r\u00e9sulte un degr\u00e9 \u00e9lev\u00e9 d'automatisation, ce qui le rend non seulement tr\u00e8s efficace, mais permet \u00e9galement de r\u00e9duire les co\u00fbts de main-d'\u0153uvre. C'est pourquoi il est largement utilis\u00e9 dans les applications n\u00e9cessitant un d\u00e9bit important et une vitesse de traitement \u00e9lev\u00e9e, telles que les filatures de coton, les usines textiles et les usines de traitement des d\u00e9chets.<\/p>\n<h3>S\u00e9lection des param\u00e8tres :<\/h3>\n<table style=\"border-collapse: collapse; width: 558.02pt;\" border=\"0\" width=\"744\" cellspacing=\"0\" cellpadding=\"0\">\n<tbody>\n<tr style=\"height: 13.50pt;\">\n<td class=\"et2\" style=\"height: 13.50pt; width: 196.50pt;\" width=\"262\" height=\"18\">Mod\u00e8le<\/td>\n<td class=\"et2\" style=\"width: 180.75pt;\" width=\"241\">GSB-P0505<\/td>\n<td class=\"et2\" style=\"width: 180.75pt;\" width=\"241\">GSB-P0606<\/td>\n<\/tr>\n<tr style=\"height: 13.50pt;\">\n<td class=\"et3\" style=\"height: 13.50pt; width: 196.50pt;\" width=\"262\" height=\"18\">Taille de la balle (L\u00d7H\u00d7L) (mm)<\/td>\n<td class=\"et3\" style=\"width: 180.75pt;\" width=\"241\">500\u00d7500\u00d7500<\/td>\n<td class=\"et3\" style=\"width: 180.75pt;\" width=\"241\">600\u00d7600\u00d7750<\/td>\n<\/tr>\n<tr style=\"height: 13.50pt;\">\n<td class=\"et3\" style=\"height: 13.50pt; width: 196.50pt;\" width=\"262\" height=\"18\">Nombre de fils de liaison (PCS)<\/td>\n<td class=\"et4\" style=\"width: 180.75pt;\" width=\"241\">2-5<\/td>\n<td class=\"et3\" style=\"width: 180.75pt;\" width=\"241\">3-5<\/td>\n<\/tr>\n<tr style=\"height: 13.50pt;\">\n<td class=\"et3\" style=\"height: 13.50pt; width: 196.50pt;\" width=\"262\" height=\"18\">Pression du cylindre principal (T)<\/td>\n<td class=\"et3\" style=\"width: 180.75pt;\" width=\"241\">40<\/td>\n<td class=\"et3\" style=\"width: 180.75pt;\" width=\"241\">50<\/td>\n<\/tr>\n<tr style=\"height: 13.50pt;\">\n<td class=\"et3\" style=\"height: 13.50pt; width: 196.50pt;\" width=\"262\" height=\"18\">Puissance hydraulique (kW)<\/td>\n<td class=\"et3\" style=\"width: 180.75pt;\" width=\"241\">7.5<\/td>\n<td class=\"et3\" style=\"width: 180.75pt;\" width=\"241\">15<\/td>\n<\/tr>\n<tr style=\"height: 13.50pt;\">\n<td class=\"et3\" style=\"height: 13.50pt; width: 196.50pt;\" width=\"262\" height=\"18\">Taille de la machine (L\u00d7H\u00d7L) (mm)<\/td>\n<td class=\"et3\" style=\"width: 180.75pt;\" width=\"241\">3990\u00d73960\u00d72220<\/td>\n<td class=\"et3\" style=\"width: 180.75pt;\" width=\"241\">5980\u00d74680\u00d72430<\/td>\n<\/tr>\n<tr style=\"height: 13.50pt;\">\n<td class=\"et3\" style=\"height: 13.50pt; width: 196.50pt;\" width=\"262\" height=\"18\">Poids de la machine (Kg)<\/td>\n<td class=\"et3\" style=\"width: 180.75pt;\" width=\"241\">2600<\/td>\n<td class=\"et3\" style=\"width: 180.75pt;\" width=\"241\">4500<\/td>\n<\/tr>\n<\/tbody>\n<\/table>\n<h3>Applications :<\/h3>\n<p>Coton, linters de coton, fibres chimiques, chanvre, laine, herbe, mat\u00e9riaux m\u00e9dicinaux et mat\u00e9riaux recycl\u00e9s (tels que les d\u00e9chets de papier et de plastique) et autres mat\u00e9riaux l\u00e9gers et l\u00e2ches.<\/p>\n<h3>Faits saillants techniques :<\/h3>\n<ol>\n<li>Fiabilit\u00e9 \u00e9lev\u00e9e : L'ensemble de la structure de la machine adopte une conception \u00e0 facteur de s\u00e9curit\u00e9 \u00e9lev\u00e9, emp\u00eachant toute d\u00e9formation ou fissure permanente.<\/li>\n<li>Haute intelligence : Un programme de contr\u00f4le PLC rigoureux et fiable, associ\u00e9 \u00e0 des capteurs, am\u00e9liore l'efficacit\u00e9 et l'efficience de l'emballage.<\/li>\n<li>Bonne stabilit\u00e9 : Le dispositif de coupe du mat\u00e9riau r\u00e9duit efficacement le risque de temps d'arr\u00eat caus\u00e9 par le blocage du mat\u00e9riau.<\/li>\n<\/ol>\n<h3>Comparaison des effets :<\/h3>\n<p><img fetchpriority=\"high\" decoding=\"async\" class=\"alignnone wp-image-2803\" src=\"https:\/\/www.gigapa.com\/wp-content\/uploads\/2025\/11\/\u68c9\u82b12.png\" alt=\"\" width=\"400\" height=\"251\" srcset=\"https:\/\/www.gigapa.com\/wp-content\/uploads\/2025\/11\/\u68c9\u82b12.png 1034w, https:\/\/www.gigapa.com\/wp-content\/uploads\/2025\/11\/\u68c9\u82b12-300x188.png 300w, https:\/\/www.gigapa.com\/wp-content\/uploads\/2025\/11\/\u68c9\u82b12-1024x643.png 1024w, https:\/\/www.gigapa.com\/wp-content\/uploads\/2025\/11\/\u68c9\u82b12-768x482.png 768w, https:\/\/www.gigapa.com\/wp-content\/uploads\/2025\/11\/\u68c9\u82b12-18x12.png 18w, https:\/\/www.gigapa.com\/wp-content\/uploads\/2025\/11\/\u68c9\u82b12-600x377.png 600w\" sizes=\"(max-width: 400px) 100vw, 400px\" \/> <img decoding=\"async\" class=\"alignnone wp-image-2804\" src=\"https:\/\/www.gigapa.com\/wp-content\/uploads\/2025\/11\/\u68c9\u82b1.png\" alt=\"\" width=\"400\" height=\"251\" srcset=\"https:\/\/www.gigapa.com\/wp-content\/uploads\/2025\/11\/\u68c9\u82b1.png 1034w, https:\/\/www.gigapa.com\/wp-content\/uploads\/2025\/11\/\u68c9\u82b1-300x188.png 300w, https:\/\/www.gigapa.com\/wp-content\/uploads\/2025\/11\/\u68c9\u82b1-1024x643.png 1024w, https:\/\/www.gigapa.com\/wp-content\/uploads\/2025\/11\/\u68c9\u82b1-768x482.png 768w, https:\/\/www.gigapa.com\/wp-content\/uploads\/2025\/11\/\u68c9\u82b1-18x12.png 18w, https:\/\/www.gigapa.com\/wp-content\/uploads\/2025\/11\/\u68c9\u82b1-600x377.png 600w\" sizes=\"(max-width: 400px) 100vw, 400px\" \/><\/p>\n<h3>Avantages de la presse \u00e0 balles horizontale enti\u00e8rement automatique pour le coton :<\/h3>\n<p>Automatisation et productivit\u00e9 \u00e9lev\u00e9es : \u00c9limine l'alimentation manuelle et l'\u00e9jection des balles gr\u00e2ce \u00e0 l'int\u00e9gration de la bande transporteuse, ce qui permet un fonctionnement en continu. Cela permet de r\u00e9duire les co\u00fbts de main-d'\u0153uvre et d'augmenter le d\u00e9bit, ce qui est id\u00e9al pour les installations de traitement du coton \u00e0 grande \u00e9chelle qui traitent quotidiennement des volumes importants.<\/p>\n<p>Densit\u00e9 et uniformit\u00e9 sup\u00e9rieures des balles : la conception de la compression horizontale assure un compactage constant \u00e0 haute pression, produisant des balles denses et uniformes. Des balles plus denses minimisent les besoins en espace de stockage et r\u00e9duisent les co\u00fbts de transport en maximisant la capacit\u00e9 de charge par exp\u00e9dition.<\/p>\n<p>Un flux de travail \u00e9conome en espace : Malgr\u00e9 une taille globale plus importante, sa disposition horizontale s'int\u00e8gre parfaitement aux lignes de production (par exemple, l'\u00e9grenage du coton ou le traitement des d\u00e9chets textiles), ce qui optimise l'utilisation de l'espace au sol par rapport aux installations manuelles ou semi-automatiques disjointes.<\/p>\n<p>Confort d'utilisation et s\u00e9curit\u00e9 : Les commandes automatis\u00e9es (par exemple, les syst\u00e8mes PLC) simplifient les op\u00e9rations, tandis que les dispositifs de s\u00e9curit\u00e9 int\u00e9gr\u00e9s (arr\u00eats d'urgence, verrouillages) garantissent le respect des normes de s\u00e9curit\u00e9 sur le lieu de travail. La r\u00e9duction des interventions manuelles diminue \u00e9galement les risques d'accident.<\/p>\n<p>Des \u00e9conomies au fil du temps : La r\u00e9duction des co\u00fbts de main-d'\u0153uvre, des d\u00e9penses logistiques et des temps d'arr\u00eat (gr\u00e2ce \u00e0 une automatisation fiable) contribue \u00e0 diminuer le co\u00fbt total de possession, ce qui en fait un investissement rentable \u00e0 long terme pour les op\u00e9rations \u00e0 grand volume.<\/p>","protected":false},"excerpt":{"rendered":"<p>La presse \u00e0 balles horizontale enti\u00e8rement automatique pour le coton est une machine hydraulique contr\u00f4l\u00e9e par PLC. Elle comprime et lie automatiquement les d\u00e9chets de coton ou de textile sans op\u00e9ration manuelle, offrant ainsi une grande efficacit\u00e9 et des \u00e9conomies de main-d'\u0153uvre.<\/p>","protected":false},"featured_media":2784,"template":"","meta":{"site-sidebar-layout":"default","site-content-layout":"","ast-site-content-layout":"default","site-content-style":"default","site-sidebar-style":"default","ast-global-header-display":"","ast-banner-title-visibility":"","ast-main-header-display":"","ast-hfb-above-header-display":"","ast-hfb-below-header-display":"","ast-hfb-mobile-header-display":"","site-post-title":"","ast-breadcrumbs-content":"","ast-featured-img":"","footer-sml-layout":"","ast-disable-related-posts":"","theme-transparent-header-meta":"default","adv-header-id-meta":"","stick-header-meta":"","header-above-stick-meta":"","header-main-stick-meta":"","header-below-stick-meta":"","astra-migrate-meta-layouts":"set","ast-page-background-enabled":"default","ast-page-background-meta":{"desktop":{"background-color":"var(--ast-global-color-5)","background-image":"","background-repeat":"repeat","background-position":"center center","background-size":"auto","background-attachment":"scroll","background-type":"","background-media":"","overlay-type":"","overlay-color":"","overlay-opacity":"","overlay-gradient":""},"tablet":{"background-color":"","background-image":"","background-repeat":"repeat","background-position":"center center","background-size":"auto","background-attachment":"scroll","background-type":"","background-media":"","overlay-type":"","overlay-color":"","overlay-opacity":"","overlay-gradient":""},"mobile":{"background-color":"","background-image":"","background-repeat":"repeat","background-position":"center center","background-size":"auto","background-attachment":"scroll","background-type":"","background-media":"","overlay-type":"","overlay-color":"","overlay-opacity":"","overlay-gradient":""}},"ast-content-background-meta":{"desktop":{"background-color":"var(--ast-global-color-4)","background-image":"","background-repeat":"repeat","background-position":"center center","background-size":"auto","background-attachment":"scroll","background-type":"","background-media":"","overlay-type":"","overlay-color":"","overlay-opacity":"","overlay-gradient":""},"tablet":{"background-color":"var(--ast-global-color-4)","background-image":"","background-repeat":"repeat","background-position":"center center","background-size":"auto","background-attachment":"scroll","background-type":"","background-media":"","overlay-type":"","overlay-color":"","overlay-opacity":"","overlay-gradient":""},"mobile":{"background-color":"var(--ast-global-color-4)","background-image":"","background-repeat":"repeat","background-position":"center center","background-size":"auto","background-attachment":"scroll","background-type":"","background-media":"","overlay-type":"","overlay-color":"","overlay-opacity":"","overlay-gradient":""}}},"product_brand":[],"product_cat":[153,21],"product_tag":[189,183,188,185,186,187,184],"class_list":{"0":"post-2783","1":"product","2":"type-product","3":"status-publish","4":"has-post-thumbnail","6":"product_cat-horizontal-baler","7":"product_cat-baling-machine","8":"product_tag-cotton-baler-for-sale","9":"product_tag-cotton-baler-machine","10":"product_tag-cotton-baler-manufacturer","11":"product_tag-cotton-compress-machine","12":"product_tag-cotton-packing-machine","13":"product_tag-horizontal-baler-machine","14":"product_tag-plc-control-cotton-baler","15":"desktop-align-left","16":"tablet-align-left","17":"mobile-align-left","19":"first","20":"instock","21":"shipping-taxable","22":"product-type-simple"},"_links":{"self":[{"href":"https:\/\/www.gigapa.com\/fr\/wp-json\/wp\/v2\/product\/2783","targetHints":{"allow":["GET"]}}],"collection":[{"href":"https:\/\/www.gigapa.com\/fr\/wp-json\/wp\/v2\/product"}],"about":[{"href":"https:\/\/www.gigapa.com\/fr\/wp-json\/wp\/v2\/types\/product"}],"version-history":[{"count":7,"href":"https:\/\/www.gigapa.com\/fr\/wp-json\/wp\/v2\/product\/2783\/revisions"}],"predecessor-version":[{"id":2885,"href":"https:\/\/www.gigapa.com\/fr\/wp-json\/wp\/v2\/product\/2783\/revisions\/2885"}],"wp:featuredmedia":[{"embeddable":true,"href":"https:\/\/www.gigapa.com\/fr\/wp-json\/wp\/v2\/media\/2784"}],"wp:attachment":[{"href":"https:\/\/www.gigapa.com\/fr\/wp-json\/wp\/v2\/media?parent=2783"}],"wp:term":[{"taxonomy":"product_brand","embeddable":true,"href":"https:\/\/www.gigapa.com\/fr\/wp-json\/wp\/v2\/product_brand?post=2783"},{"taxonomy":"product_cat","embeddable":true,"href":"https:\/\/www.gigapa.com\/fr\/wp-json\/wp\/v2\/product_cat?post=2783"},{"taxonomy":"product_tag","embeddable":true,"href":"https:\/\/www.gigapa.com\/fr\/wp-json\/wp\/v2\/product_tag?post=2783"}],"curies":[{"name":"wp","href":"https:\/\/api.w.org\/{rel}","templated":true}]}}