{"id":2865,"date":"2025-12-12T17:17:34","date_gmt":"2025-12-12T09:17:34","guid":{"rendered":"https:\/\/www.gigapa.com\/?post_type=product&#038;p=2865"},"modified":"2026-03-18T17:17:13","modified_gmt":"2026-03-18T09:17:13","slug":"gsg-q204-plastic-granulator-machine","status":"publish","type":"product","link":"https:\/\/www.gigapa.com\/fr\/product\/gsg-q204-plastic-granulator-machine\/","title":{"rendered":"Machine \u00e0 granuler le plastique GSG-Q204"},"content":{"rendered":"<h3>Aper\u00e7u du produit<\/h3>\n<p>Le granulateur de plastique GSG-Q204 est une machine compacte et performante con\u00e7ue pour r\u00e9duire efficacement la taille des d\u00e9chets de plastique, des d\u00e9chets de moulage par injection, des carottes, des coulisses, des mat\u00e9riaux de film et de divers plastiques recycl\u00e9s l\u00e9gers. Dot\u00e9 d'une structure de coupe robuste, d'un rendement stable et d'une faible consommation d'\u00e9nergie, ce mod\u00e8le est id\u00e9al pour les usines de recyclage de petite et moyenne taille, les usines de traitement des plastiques et les installations de r\u00e9cup\u00e9ration des mat\u00e9riaux.<\/p>\n<p>La machine utilise un syst\u00e8me de coupe \u00e0 faible bruit et \u00e0 couple \u00e9lev\u00e9 pour garantir une taille de particule uniforme et un fonctionnement continu et fiable. Elle vous aide \u00e0 transformer les d\u00e9chets plastiques en mati\u00e8res premi\u00e8res r\u00e9utilisables tout en r\u00e9duisant les co\u00fbts de production.<\/p>\n<div class=\"ast-oembed-container\" style=\"height: 100%;\"><iframe title=\"Machine \u00e0 granuler le plastique GSG-Q204\" width=\"422\" height=\"750\" src=\"https:\/\/www.youtube.com\/embed\/23k9o8xtIgg?feature=oembed\" frameborder=\"0\" allow=\"accelerometer; autoplay; clipboard-write; encrypted-media; gyroscope; picture-in-picture; web-share\" referrerpolicy=\"strict-origin-when-cross-origin\" allowfullscreen><\/iframe><\/div>\n<h3>Sp\u00e9cification Param\u00e8tre<\/h3>\n<table style=\"border-collapse: collapse; width: 509px; height: 542px;\" border=\"0\" width=\"362\" cellspacing=\"0\" cellpadding=\"0\">\n<tbody>\n<tr style=\"height: 13.50pt;\">\n<td style=\"height: 13.50pt; width: 194.25pt;\" width=\"259\" height=\"18\">Mod\u00e8le<\/td>\n<td style=\"width: 77.25pt;\" width=\"103\">GSG-Q204<\/td>\n<\/tr>\n<tr style=\"height: 13.50pt;\">\n<td style=\"height: 13.50pt;\" height=\"18\">Taille de l'orifice d'alimentation (L\u00d7H) (mm)<\/td>\n<td>400 \u00d7 230<\/td>\n<\/tr>\n<tr style=\"height: 13.50pt;\">\n<td style=\"height: 13.50pt;\" height=\"18\">Diam\u00e8tre de rotation (mm)<\/td>\n<td>245<\/td>\n<\/tr>\n<tr style=\"height: 13.50pt;\">\n<td style=\"height: 13.50pt;\" height=\"18\">Longueur du rouleau de coupe (mm)<\/td>\n<td>400<\/td>\n<\/tr>\n<tr style=\"height: 13.50pt;\">\n<td style=\"height: 13.50pt;\" height=\"18\">Vitesse du rouleau de coupe (RPM)<\/td>\n<td>580<\/td>\n<\/tr>\n<tr style=\"height: 13.50pt;\">\n<td style=\"height: 13.50pt;\" height=\"18\">Ouverture de la maille du tamis (mm)<\/td>\n<td>20<\/td>\n<\/tr>\n<tr style=\"height: 13.50pt;\">\n<td style=\"height: 13.50pt;\" height=\"18\">Nombre de lames mobiles (pcs)<\/td>\n<td>12<\/td>\n<\/tr>\n<tr style=\"height: 13.50pt;\">\n<td style=\"height: 13.50pt;\" height=\"18\">Nombre de lames fixes (pcs)<\/td>\n<td>2<\/td>\n<\/tr>\n<tr style=\"height: 13.50pt;\">\n<td style=\"height: 13.50pt;\" height=\"18\">Puissance du moteur (KW)<\/td>\n<td>7.5<\/td>\n<\/tr>\n<\/tbody>\n<\/table>\n<p><img fetchpriority=\"high\" decoding=\"async\" class=\"alignnone wp-image-2866\" src=\"https:\/\/www.gigapa.com\/wp-content\/uploads\/2025\/12\/\u7c89\u788e\u673a4-scaled.jpg\" alt=\"\" width=\"400\" height=\"533\" srcset=\"https:\/\/www.gigapa.com\/wp-content\/uploads\/2025\/12\/\u7c89\u788e\u673a4-scaled.jpg 1920w, https:\/\/www.gigapa.com\/wp-content\/uploads\/2025\/12\/\u7c89\u788e\u673a4-225x300.jpg 225w, https:\/\/www.gigapa.com\/wp-content\/uploads\/2025\/12\/\u7c89\u788e\u673a4-768x1024.jpg 768w, https:\/\/www.gigapa.com\/wp-content\/uploads\/2025\/12\/\u7c89\u788e\u673a4-1152x1536.jpg 1152w, https:\/\/www.gigapa.com\/wp-content\/uploads\/2025\/12\/\u7c89\u788e\u673a4-1536x2048.jpg 1536w, https:\/\/www.gigapa.com\/wp-content\/uploads\/2025\/12\/\u7c89\u788e\u673a4-9x12.jpg 9w, https:\/\/www.gigapa.com\/wp-content\/uploads\/2025\/12\/\u7c89\u788e\u673a4-600x800.jpg 600w\" sizes=\"(max-width: 400px) 100vw, 400px\" \/> <img decoding=\"async\" class=\"alignnone wp-image-2869\" src=\"https:\/\/www.gigapa.com\/wp-content\/uploads\/2025\/12\/\u7c89\u788e\u673a1-scaled.jpg\" alt=\"\" width=\"400\" height=\"533\" srcset=\"https:\/\/www.gigapa.com\/wp-content\/uploads\/2025\/12\/\u7c89\u788e\u673a1-scaled.jpg 1920w, https:\/\/www.gigapa.com\/wp-content\/uploads\/2025\/12\/\u7c89\u788e\u673a1-225x300.jpg 225w, https:\/\/www.gigapa.com\/wp-content\/uploads\/2025\/12\/\u7c89\u788e\u673a1-768x1024.jpg 768w, https:\/\/www.gigapa.com\/wp-content\/uploads\/2025\/12\/\u7c89\u788e\u673a1-1152x1536.jpg 1152w, https:\/\/www.gigapa.com\/wp-content\/uploads\/2025\/12\/\u7c89\u788e\u673a1-1536x2048.jpg 1536w, https:\/\/www.gigapa.com\/wp-content\/uploads\/2025\/12\/\u7c89\u788e\u673a1-9x12.jpg 9w, https:\/\/www.gigapa.com\/wp-content\/uploads\/2025\/12\/\u7c89\u788e\u673a1-600x800.jpg 600w\" sizes=\"(max-width: 400px) 100vw, 400px\" \/><\/p>\n<h3 data-start=\"913\" data-end=\"931\"><strong data-start=\"915\" data-end=\"931\">Caract\u00e9ristiques principales<\/strong><\/h3>\n<p data-start=\"933\" data-end=\"970\"><strong data-start=\"937\" data-end=\"970\">Conception compacte mais puissante<\/strong><\/p>\n<p data-start=\"971\" data-end=\"1107\">Le broyeur de plastique GSG-Q204 associe un diam\u00e8tre de rotation de 245 mm \u00e0 un moteur de 7,5 kW, ce qui permet d'obtenir d'excellentes performances de coupe tout en \u00e9conomisant de l'espace au sol.<\/p>\n<p data-start=\"1109\" data-end=\"1149\"><strong data-start=\"1113\" data-end=\"1149\">Syst\u00e8me de coupe \u00e0 haute efficacit\u00e9<\/strong><\/p>\n<p data-start=\"1150\" data-end=\"1164\">\u00c9quip\u00e9 de :<\/p>\n<ul>\n<li data-start=\"1167\" data-end=\"1187\">12 lames mobiles<\/li>\n<li data-start=\"1190\" data-end=\"1208\">2 lames fixes<\/li>\n<li data-start=\"1211\" data-end=\"1242\">Vitesse du rouleau de coupe 580 tr\/min<\/li>\n<\/ul>\n<p data-start=\"1244\" data-end=\"1331\">Le broyeur produit des granul\u00e9s propres et uniformes, id\u00e9aux pour le retraitement et le compoundage.<\/p>\n<p data-start=\"1333\" data-end=\"1368\"><strong data-start=\"1337\" data-end=\"1368\">Une qualit\u00e9 de production constante<\/strong><\/p>\n<p data-start=\"1369\" data-end=\"1537\">Une ouverture de maille de 20 mm garantit la stabilit\u00e9 de la taille des particules, ce qui rend les granul\u00e9s recycl\u00e9s adapt\u00e9s au moulage par injection, \u00e0 l'extrusion ou au m\u00e9lange avec des mat\u00e9riaux vierges.<\/p>\n<p data-start=\"1539\" data-end=\"1563\"><strong data-start=\"1543\" data-end=\"1563\">Large orifice d'alimentation<\/strong><\/p>\n<p data-start=\"1564\" data-end=\"1645\">L'orifice d'alimentation de 400 \u00d7 230 mm permet d'accueillir divers mat\u00e9riaux plastiques, notamment :<\/p>\n<ul>\n<li data-start=\"1648\" data-end=\"1673\">D\u00e9chets de moulage par injection<\/li>\n<li data-start=\"1676\" data-end=\"1702\">Blocs et morceaux de plastique<\/li>\n<li data-start=\"1705\" data-end=\"1743\">Films, feuilles et petits objets creux<\/li>\n<li data-start=\"1746\" data-end=\"1769\">Garnitures et patins<\/li>\n<\/ul>\n<p data-start=\"1771\" data-end=\"1797\"><strong data-start=\"1775\" data-end=\"1797\">Entretien facile<\/strong><\/p>\n<p data-start=\"1798\" data-end=\"1915\">La chambre de coupe est con\u00e7ue pour un remplacement et un nettoyage rapides des lames, ce qui permet de r\u00e9duire les temps d'arr\u00eat et d'am\u00e9liorer la productivit\u00e9.<\/p>\n<p data-start=\"1917\" data-end=\"1947\"><strong data-start=\"1921\" data-end=\"1947\">Construction durable<\/strong><\/p>\n<p data-start=\"1948\" data-end=\"2072\">Fabriqu\u00e9s avec des mat\u00e9riaux de haute qualit\u00e9 et une ing\u00e9nierie de pr\u00e9cision, ils garantissent une longue dur\u00e9e de vie dans des environnements industriels exigeants.<\/p>\n<h3>D\u00e9tails du traitement<\/h3>\n<p><img decoding=\"async\" class=\"alignnone wp-image-2872\" src=\"https:\/\/www.gigapa.com\/wp-content\/uploads\/2025\/12\/\u7c89\u788e\u673a\u7269\u6599-scaled.jpg\" alt=\"\" width=\"400\" height=\"533\" srcset=\"https:\/\/www.gigapa.com\/wp-content\/uploads\/2025\/12\/\u7c89\u788e\u673a\u7269\u6599-scaled.jpg 1920w, https:\/\/www.gigapa.com\/wp-content\/uploads\/2025\/12\/\u7c89\u788e\u673a\u7269\u6599-225x300.jpg 225w, https:\/\/www.gigapa.com\/wp-content\/uploads\/2025\/12\/\u7c89\u788e\u673a\u7269\u6599-768x1024.jpg 768w, https:\/\/www.gigapa.com\/wp-content\/uploads\/2025\/12\/\u7c89\u788e\u673a\u7269\u6599-1152x1536.jpg 1152w, https:\/\/www.gigapa.com\/wp-content\/uploads\/2025\/12\/\u7c89\u788e\u673a\u7269\u6599-1536x2048.jpg 1536w, https:\/\/www.gigapa.com\/wp-content\/uploads\/2025\/12\/\u7c89\u788e\u673a\u7269\u6599-9x12.jpg 9w, https:\/\/www.gigapa.com\/wp-content\/uploads\/2025\/12\/\u7c89\u788e\u673a\u7269\u6599-600x800.jpg 600w\" sizes=\"(max-width: 400px) 100vw, 400px\" \/> <img loading=\"lazy\" decoding=\"async\" class=\"alignnone wp-image-2871\" src=\"https:\/\/www.gigapa.com\/wp-content\/uploads\/2025\/12\/\u7c89\u788e\u673a\u7269\u65991-scaled.jpg\" alt=\"\" width=\"400\" height=\"533\" srcset=\"https:\/\/www.gigapa.com\/wp-content\/uploads\/2025\/12\/\u7c89\u788e\u673a\u7269\u65991-scaled.jpg 1920w, https:\/\/www.gigapa.com\/wp-content\/uploads\/2025\/12\/\u7c89\u788e\u673a\u7269\u65991-225x300.jpg 225w, https:\/\/www.gigapa.com\/wp-content\/uploads\/2025\/12\/\u7c89\u788e\u673a\u7269\u65991-768x1024.jpg 768w, https:\/\/www.gigapa.com\/wp-content\/uploads\/2025\/12\/\u7c89\u788e\u673a\u7269\u65991-1152x1536.jpg 1152w, https:\/\/www.gigapa.com\/wp-content\/uploads\/2025\/12\/\u7c89\u788e\u673a\u7269\u65991-1536x2048.jpg 1536w, https:\/\/www.gigapa.com\/wp-content\/uploads\/2025\/12\/\u7c89\u788e\u673a\u7269\u65991-9x12.jpg 9w, https:\/\/www.gigapa.com\/wp-content\/uploads\/2025\/12\/\u7c89\u788e\u673a\u7269\u65991-600x800.jpg 600w\" sizes=\"(max-width: 400px) 100vw, 400px\" \/><\/p>\n<h3 data-start=\"2425\" data-end=\"2443\"><strong data-start=\"2427\" data-end=\"2443\">Applications<\/strong><\/h3>\n<p data-start=\"2445\" data-end=\"2511\">La machine \u00e0 granuler le plastique GSG-Q204 convient \u00e0 une large gamme de mat\u00e9riaux, notamment :<\/p>\n<ul>\n<li data-start=\"2515\" data-end=\"2546\">Plastiques durs (ABS, PP, PS, PE)<\/li>\n<li data-start=\"2549\" data-end=\"2581\">Plastiques souples (films LDPE, HDPE)<\/li>\n<li data-start=\"2584\" data-end=\"2607\">D\u00e9chets de moulage par injection<\/li>\n<li data-start=\"2610\" data-end=\"2628\">Carcasses et coulisses<\/li>\n<li data-start=\"2631\" data-end=\"2658\">Feuilles et profil\u00e9s en plastique<\/li>\n<li data-start=\"2661\" data-end=\"2686\">Petits r\u00e9cipients creux<\/li>\n<li data-start=\"2689\" data-end=\"2710\">Mat\u00e9riaux d'emballage<\/li>\n<\/ul>\n<p data-start=\"2712\" data-end=\"2731\">Parfait pour une utilisation dans :<\/p>\n<ul>\n<li data-start=\"2734\" data-end=\"2764\">Usines de transformation du plastique<\/li>\n<li data-start=\"2767\" data-end=\"2789\">Installations de recyclage<\/li>\n<li data-start=\"2792\" data-end=\"2821\">Ateliers de moulage par injection<\/li>\n<li data-start=\"2824\" data-end=\"2850\">Installations de valorisation des mat\u00e9riaux<\/li>\n<\/ul>","protected":false},"excerpt":{"rendered":"<p>Le granulateur de plastique GSG-Q204 est une machine de broyage \u00e0 haut rendement con\u00e7ue pour traiter les d\u00e9chets de plastique, les d\u00e9chets de moulage par injection, les mat\u00e9riaux de film et les applications de recyclage l\u00e9g\u00e8res.<\/p>","protected":false},"featured_media":2873,"template":"","meta":{"site-sidebar-layout":"default","site-content-layout":"","ast-site-content-layout":"default","site-content-style":"default","site-sidebar-style":"default","ast-global-header-display":"","ast-banner-title-visibility":"","ast-main-header-display":"","ast-hfb-above-header-display":"","ast-hfb-below-header-display":"","ast-hfb-mobile-header-display":"","site-post-title":"","ast-breadcrumbs-content":"","ast-featured-img":"","footer-sml-layout":"","ast-disable-related-posts":"","theme-transparent-header-meta":"default","adv-header-id-meta":"","stick-header-meta":"","header-above-stick-meta":"","header-main-stick-meta":"","header-below-stick-meta":"","astra-migrate-meta-layouts":"set","ast-page-background-enabled":"default","ast-page-background-meta":{"desktop":{"background-color":"var(--ast-global-color-5)","background-image":"","background-repeat":"repeat","background-position":"center center","background-size":"auto","background-attachment":"scroll","background-type":"","background-media":"","overlay-type":"","overlay-color":"","overlay-opacity":"","overlay-gradient":""},"tablet":{"background-color":"","background-image":"","background-repeat":"repeat","background-position":"center center","background-size":"auto","background-attachment":"scroll","background-type":"","background-media":"","overlay-type":"","overlay-color":"","overlay-opacity":"","overlay-gradient":""},"mobile":{"background-color":"","background-image":"","background-repeat":"repeat","background-position":"center center","background-size":"auto","background-attachment":"scroll","background-type":"","background-media":"","overlay-type":"","overlay-color":"","overlay-opacity":"","overlay-gradient":""}},"ast-content-background-meta":{"desktop":{"background-color":"var(--ast-global-color-4)","background-image":"","background-repeat":"repeat","background-position":"center center","background-size":"auto","background-attachment":"scroll","background-type":"","background-media":"","overlay-type":"","overlay-color":"","overlay-opacity":"","overlay-gradient":""},"tablet":{"background-color":"var(--ast-global-color-4)","background-image":"","background-repeat":"repeat","background-position":"center center","background-size":"auto","background-attachment":"scroll","background-type":"","background-media":"","overlay-type":"","overlay-color":"","overlay-opacity":"","overlay-gradient":""},"mobile":{"background-color":"var(--ast-global-color-4)","background-image":"","background-repeat":"repeat","background-position":"center center","background-size":"auto","background-attachment":"scroll","background-type":"","background-media":"","overlay-type":"","overlay-color":"","overlay-opacity":"","overlay-gradient":""}}},"product_brand":[],"product_cat":[20,151],"product_tag":[178,174,176,175,177,179],"class_list":{"0":"post-2865","1":"product","2":"type-product","3":"status-publish","4":"has-post-thumbnail","6":"product_cat-shredding-and-crushing-machine","7":"product_cat-single-shaft-crusher","8":"product_tag-pet-bottle-granulator","9":"product_tag-plastic-granulator-machine","10":"product_tag-plastic-granulator-machine-for-recycling","11":"product_tag-plastic-recycling-equipment","12":"product_tag-plastic-recycling-machine","13":"product_tag-pp-pe-granulator","14":"desktop-align-left","15":"tablet-align-left","16":"mobile-align-left","18":"first","19":"instock","20":"shipping-taxable","21":"product-type-simple"},"_links":{"self":[{"href":"https:\/\/www.gigapa.com\/fr\/wp-json\/wp\/v2\/product\/2865","targetHints":{"allow":["GET"]}}],"collection":[{"href":"https:\/\/www.gigapa.com\/fr\/wp-json\/wp\/v2\/product"}],"about":[{"href":"https:\/\/www.gigapa.com\/fr\/wp-json\/wp\/v2\/types\/product"}],"version-history":[{"count":2,"href":"https:\/\/www.gigapa.com\/fr\/wp-json\/wp\/v2\/product\/2865\/revisions"}],"predecessor-version":[{"id":2886,"href":"https:\/\/www.gigapa.com\/fr\/wp-json\/wp\/v2\/product\/2865\/revisions\/2886"}],"wp:featuredmedia":[{"embeddable":true,"href":"https:\/\/www.gigapa.com\/fr\/wp-json\/wp\/v2\/media\/2873"}],"wp:attachment":[{"href":"https:\/\/www.gigapa.com\/fr\/wp-json\/wp\/v2\/media?parent=2865"}],"wp:term":[{"taxonomy":"product_brand","embeddable":true,"href":"https:\/\/www.gigapa.com\/fr\/wp-json\/wp\/v2\/product_brand?post=2865"},{"taxonomy":"product_cat","embeddable":true,"href":"https:\/\/www.gigapa.com\/fr\/wp-json\/wp\/v2\/product_cat?post=2865"},{"taxonomy":"product_tag","embeddable":true,"href":"https:\/\/www.gigapa.com\/fr\/wp-json\/wp\/v2\/product_tag?post=2865"}],"curies":[{"name":"wp","href":"https:\/\/api.w.org\/{rel}","templated":true}]}}