{"id":2978,"date":"2026-03-18T16:47:46","date_gmt":"2026-03-18T08:47:46","guid":{"rendered":"https:\/\/www.gigapa.com\/?post_type=product&#038;p=2978"},"modified":"2026-03-19T08:56:08","modified_gmt":"2026-03-19T00:56:08","slug":"strap-chopper","status":"publish","type":"product","link":"https:\/\/www.gigapa.com\/fr\/product\/strap-chopper\/","title":{"rendered":"Hachoir \u00e0 sangle"},"content":{"rendered":"<h3>Introduction de l'\u00e9quipement :<\/h3>\n<p>Un broyeur de feuillards est une machine de recyclage sp\u00e9cialis\u00e9e con\u00e7ue pour couper les feuillards d'emballage usag\u00e9s en petits morceaux afin d'en faciliter la manipulation, le recyclage et l'\u00e9limination. Les feuillards d'emballage tels que les feuillards en PET, en PP et en acier sont largement utilis\u00e9s dans les secteurs de la logistique, de l'entreposage, de la fabrication et du recyclage. Apr\u00e8s le d\u00e9ballage des marchandises, de grandes quantit\u00e9s de d\u00e9chets de cerclage sont g\u00e9n\u00e9r\u00e9es. Ces feuillards sont souvent longs, r\u00e9sistants et difficiles \u00e0 stocker ou \u00e0 transporter efficacement.<\/p>\n<p>La machine Strap Chopper offre une solution efficace en d\u00e9coupant ces longues sangles en morceaux courts et maniables. Cela permet de r\u00e9duire consid\u00e9rablement le volume des d\u00e9chets, d'am\u00e9liorer la s\u00e9curit\u00e9 sur le lieu de travail et de simplifier le processus de recyclage. De nombreuses entreprises de recyclage, des entrep\u00f4ts et des usines de fabrication font appel aux d\u00e9coupeurs de sangles pour am\u00e9liorer leur efficacit\u00e9 op\u00e9rationnelle et r\u00e9duire les co\u00fbts de gestion des d\u00e9chets.<\/p>\n<p><img fetchpriority=\"high\" decoding=\"async\" class=\"aligncenter wp-image-2980\" src=\"https:\/\/www.gigapa.com\/wp-content\/uploads\/2026\/03\/\u6253\u5305\u5e26\u5207\u65ad\u673a-300x300.png\" alt=\"\" width=\"500\" height=\"500\" srcset=\"https:\/\/www.gigapa.com\/wp-content\/uploads\/2026\/03\/\u6253\u5305\u5e26\u5207\u65ad\u673a-300x300.png 300w, https:\/\/www.gigapa.com\/wp-content\/uploads\/2026\/03\/\u6253\u5305\u5e26\u5207\u65ad\u673a-1024x1024.png 1024w, https:\/\/www.gigapa.com\/wp-content\/uploads\/2026\/03\/\u6253\u5305\u5e26\u5207\u65ad\u673a-150x150.png 150w, https:\/\/www.gigapa.com\/wp-content\/uploads\/2026\/03\/\u6253\u5305\u5e26\u5207\u65ad\u673a-768x768.png 768w, https:\/\/www.gigapa.com\/wp-content\/uploads\/2026\/03\/\u6253\u5305\u5e26\u5207\u65ad\u673a-12x12.png 12w, https:\/\/www.gigapa.com\/wp-content\/uploads\/2026\/03\/\u6253\u5305\u5e26\u5207\u65ad\u673a-600x600.png 600w, https:\/\/www.gigapa.com\/wp-content\/uploads\/2026\/03\/\u6253\u5305\u5e26\u5207\u65ad\u673a-100x100.png 100w, https:\/\/www.gigapa.com\/wp-content\/uploads\/2026\/03\/\u6253\u5305\u5e26\u5207\u65ad\u673a.png 1417w\" sizes=\"(max-width: 500px) 100vw, 500px\" \/><\/p>\n<div class=\"ast-oembed-container\" style=\"height: 100%;\"><iframe title=\"Hachoir \u00e0 sangle\" width=\"500\" height=\"375\" src=\"https:\/\/www.youtube.com\/embed\/Qmj54YmInTk?feature=oembed\" frameborder=\"0\" allow=\"accelerometer; autoplay; clipboard-write; encrypted-media; gyroscope; picture-in-picture; web-share\" referrerpolicy=\"strict-origin-when-cross-origin\" allowfullscreen><\/iframe><\/div>\n<h3>Applications du hacheur de sangles<\/h3>\n<p>Les d\u00e9coupeurs de feuillards sont largement utilis\u00e9s dans les industries o\u00f9 les feuillards d'emballage sont fr\u00e9quemment utilis\u00e9s et mis au rebut.<\/p>\n<ul>\n<li><strong>Centres de recyclage<\/strong>Les installations de recyclage traitent de grandes quantit\u00e9s de d\u00e9chets d'emballage. Les broyeurs de feuillards permettent de transformer les feuillards en plastique et en acier en fragments plus petits qui peuvent \u00eatre facilement recycl\u00e9s.<\/li>\n<li><strong>Entrep\u00f4ts et centres logistiques<\/strong>Les grands entrep\u00f4ts traitent souvent des marchandises palettis\u00e9es fix\u00e9es \u00e0 l'aide de feuillards en plastique ou en acier. Un broyeur de feuillards permet de g\u00e9rer efficacement ces d\u00e9chets.<\/li>\n<li><strong>Usines de fabrication<\/strong>Les fabricants utilisent fr\u00e9quemment le cerclage pour s\u00e9curiser les produits finis pendant le stockage et l'exp\u00e9dition. Les d\u00e9coupeurs de feuillards permettent de traiter le volume important de feuillards mis au rebut chaque jour.<\/li>\n<li><strong>Installations de traitement de la ferraille<\/strong>Dans les parcs \u00e0 ferraille et les usines de recyclage des m\u00e9taux, on trouve souvent des feuillards d'acier parmi les mat\u00e9riaux de rebut. Un broyeur de feuillards peut traiter rapidement ces feuillards avant de les recycler.<\/li>\n<li><strong>Centres de distribution<\/strong>Les centres de distribution d\u00e9ballent quotidiennement d'importants volumes de marchandises, produisant une quantit\u00e9 consid\u00e9rable de d\u00e9chets d'emballage. Les hacheurs de sangles simplifient la gestion des d\u00e9chets et am\u00e9liorent l'organisation du lieu de travail.<\/li>\n<\/ul>\n<h3>Param\u00e8tres du mod\u00e8le :<\/h3>\n<table>\n<tbody>\n<tr>\n<td width=\"222\">Mod\u00e8le<\/td>\n<td width=\"133\">GSG-SC203<\/td>\n<\/tr>\n<tr>\n<td width=\"222\">Taille de l'ouverture d'alimentation (L\u00d7H) (mm)<\/td>\n<td width=\"133\">52\u00d74<\/td>\n<\/tr>\n<tr>\n<td width=\"222\">Nombre d'ouvertures d'alimentation (PCS)<\/td>\n<td width=\"133\">5<\/td>\n<\/tr>\n<tr>\n<td width=\"222\">Diam\u00e8tre de pivotement (mm)<\/td>\n<td width=\"133\">\u03a6200<\/td>\n<\/tr>\n<tr>\n<td width=\"222\">Puissance du moteur (kW)<\/td>\n<td width=\"133\">1.5<\/td>\n<\/tr>\n<tr>\n<td width=\"222\">Dimensions (L\u00d7L\u00d7H) (mm)<\/td>\n<td width=\"133\">1160\u00d71150\u00d71700<\/td>\n<\/tr>\n<tr>\n<td width=\"222\">Poids total (kg)<\/td>\n<td width=\"133\">Environ 320<\/td>\n<\/tr>\n<\/tbody>\n<\/table>\n<h3>Principales caract\u00e9ristiques de la sangle Chopper<\/h3>\n<ol>\n<li><strong>Performance de coupe efficace<\/strong>Le coupe-sangle est \u00e9quip\u00e9 de lames de coupe tr\u00e8s r\u00e9sistantes con\u00e7ues pour hacher rapidement les sangles en plastique ou en acier. Le puissant m\u00e9canisme de coupe assure un traitement en douceur et en continu, ce qui am\u00e9liore la productivit\u00e9.<\/li>\n<li><strong>Structure compacte<\/strong>La plupart des machines \u00e0 couper les feuillards sont de conception compacte, ce qui permet de les installer dans des entrep\u00f4ts, des centres de recyclage et des installations d'emballage o\u00f9 l'espace est limit\u00e9.<\/li>\n<li><strong>Haute durabilit\u00e9<\/strong>Les mat\u00e9riaux de qualit\u00e9 industrielle et les lames de coupe tremp\u00e9es garantissent une longue dur\u00e9e de vie. La machine est capable de traiter de grands volumes de sangles de d\u00e9chets sans entretien fr\u00e9quent.<\/li>\n<li><strong>Fonctionnement simple<\/strong>La d\u00e9chiqueteuse de feuillards est con\u00e7ue avec des commandes conviviales. Les op\u00e9rateurs n'ont qu'\u00e0 introduire les feuillards usag\u00e9s dans la machine, et le syst\u00e8me les coupe automatiquement en petits morceaux.<\/li>\n<li><strong>Protection de la s\u00e9curit\u00e9<\/strong>Les dispositifs de s\u00e9curit\u00e9 tels que les couvercles de protection, les boutons d'arr\u00eat d'urgence et les syst\u00e8mes d'arr\u00eat automatique contribuent \u00e0 garantir un fonctionnement s\u00fbr.<\/li>\n<li>\u00a0<strong>R\u00e9duction du volume des d\u00e9chets<\/strong>En coupant les longues sangles en petits morceaux, la machine r\u00e9duit consid\u00e9rablement l'espace de stockage n\u00e9cessaire pour les sangles usag\u00e9es. Le transport et le recyclage sont ainsi plus efficaces.<\/li>\n<\/ol>\n<h3><strong><b>Avantages de l'utilisation d'un hacheur de sangles<\/b><\/strong><\/h3>\n<ul>\n<li><strong><b>Am\u00e9lioration de la s\u00e9curit\u00e9 sur le lieu de travail : <\/b><\/strong>Les longues sangles qui tra\u00eenent sur les lieux de travail peuvent faire tr\u00e9bucher ou blesser quelqu'un. Les couper en petits morceaux permet de maintenir un environnement de travail plus propre et plus s\u00fbr.<\/li>\n<li><strong><b>Augmentation du recyclage\u00a0<\/b><\/strong><strong>Efficacit\u00e9 : <\/strong>La transformation des sangles en petits morceaux facilite leur stockage, leur transport et leur recyclage.<\/li>\n<li><strong><b>R\u00e9duction de la manipulation des d\u00e9chets\u00a0<\/b><\/strong><strong>Les co\u00fbts : <\/strong>En r\u00e9duisant le volume des sangles de d\u00e9chets, les entreprises peuvent diminuer les co\u00fbts de stockage et de transport li\u00e9s \u00e0 la gestion des d\u00e9chets.<\/li>\n<li><strong><b>Environnement\u00a0<\/b><\/strong><strong>Sympathique :\u00a0<\/strong>Le recyclage des feuillards en plastique et en acier contribue \u00e0 la protection de l'environnement en r\u00e9duisant les d\u00e9chets mis en d\u00e9charge et en favorisant la r\u00e9utilisation des mat\u00e9riaux.<\/li>\n<li><strong><b>Fonctionnement plus \u00e9lev\u00e9\u00a0<\/b><\/strong><strong>Efficacit\u00e9 : <\/strong>Le broyeur de sangles permet aux entreprises de traiter les d\u00e9chets d'emballage rapidement et efficacement, en \u00e9conomisant du temps et de la main-d'\u0153uvre.<\/li>\n<\/ul>\n<h3><strong><b>Conclusion<\/b><\/strong><\/h3>\n<p>Le broyeur de feuillards est une machine essentielle pour les entreprises qui traitent de gros volumes de feuillards d'emballage. En r\u00e9duisant efficacement les feuillards en plastique et en acier en petits morceaux, la machine am\u00e9liore la gestion des d\u00e9chets, renforce la s\u00e9curit\u00e9 sur le lieu de travail et soutient les efforts de recyclage.<\/p>\n<p>Gr\u00e2ce \u00e0 sa construction durable, \u00e0 sa facilit\u00e9 d'utilisation et \u00e0 sa grande efficacit\u00e9, le hacheur de sangles est devenu un outil pr\u00e9cieux dans les centres de recyclage, les entrep\u00f4ts, les usines de fabrication et les installations logistiques.<\/p>\n<p>Comme les industries continuent \u00e0 se concentrer sur la durabilit\u00e9 et la r\u00e9duction des d\u00e9chets, la demande d'\u00e9quipements de recyclage de feuillards efficaces va continuer \u00e0 cro\u00eetre. Investir dans un broyeur de feuillards de haute qualit\u00e9 permet aux entreprises d'am\u00e9liorer leur efficacit\u00e9 op\u00e9rationnelle tout en contribuant \u00e0 une gestion des d\u00e9chets respectueuse de l'environnement.<\/p>","protected":false},"excerpt":{"rendered":"<p>Un broyeur de feuillards est une machine compacte et efficace con\u00e7ue pour couper les feuillards usag\u00e9s en PP, PET et acier en petits morceaux afin de les manipuler et de les recycler facilement. Il permet de r\u00e9duire le volume des d\u00e9chets, d'am\u00e9liorer la s\u00e9curit\u00e9 sur le lieu de travail et de rationaliser l'\u00e9limination des feuillards dans les entrep\u00f4ts, les centres de recyclage et les usines de fabrication. Avec ses lames durables, ses performances stables et son fonctionnement simple, le broyeur de feuillards est la solution id\u00e9ale pour une gestion efficace des d\u00e9chets d'emballage.<\/p>","protected":false},"featured_media":2981,"template":"","meta":{"site-sidebar-layout":"default","site-content-layout":"","ast-site-content-layout":"default","site-content-style":"default","site-sidebar-style":"default","ast-global-header-display":"","ast-banner-title-visibility":"","ast-main-header-display":"","ast-hfb-above-header-display":"","ast-hfb-below-header-display":"","ast-hfb-mobile-header-display":"","site-post-title":"","ast-breadcrumbs-content":"","ast-featured-img":"","footer-sml-layout":"","ast-disable-related-posts":"","theme-transparent-header-meta":"default","adv-header-id-meta":"","stick-header-meta":"","header-above-stick-meta":"","header-main-stick-meta":"","header-below-stick-meta":"","astra-migrate-meta-layouts":"set","ast-page-background-enabled":"default","ast-page-background-meta":{"desktop":{"background-color":"var(--ast-global-color-5)","background-image":"","background-repeat":"repeat","background-position":"center center","background-size":"auto","background-attachment":"scroll","background-type":"","background-media":"","overlay-type":"","overlay-color":"","overlay-opacity":"","overlay-gradient":""},"tablet":{"background-color":"","background-image":"","background-repeat":"repeat","background-position":"center center","background-size":"auto","background-attachment":"scroll","background-type":"","background-media":"","overlay-type":"","overlay-color":"","overlay-opacity":"","overlay-gradient":""},"mobile":{"background-color":"","background-image":"","background-repeat":"repeat","background-position":"center center","background-size":"auto","background-attachment":"scroll","background-type":"","background-media":"","overlay-type":"","overlay-color":"","overlay-opacity":"","overlay-gradient":""}},"ast-content-background-meta":{"desktop":{"background-color":"var(--ast-global-color-4)","background-image":"","background-repeat":"repeat","background-position":"center center","background-size":"auto","background-attachment":"scroll","background-type":"","background-media":"","overlay-type":"","overlay-color":"","overlay-opacity":"","overlay-gradient":""},"tablet":{"background-color":"var(--ast-global-color-4)","background-image":"","background-repeat":"repeat","background-position":"center center","background-size":"auto","background-attachment":"scroll","background-type":"","background-media":"","overlay-type":"","overlay-color":"","overlay-opacity":"","overlay-gradient":""},"mobile":{"background-color":"var(--ast-global-color-4)","background-image":"","background-repeat":"repeat","background-position":"center center","background-size":"auto","background-attachment":"scroll","background-type":"","background-media":"","overlay-type":"","overlay-color":"","overlay-opacity":"","overlay-gradient":""}}},"product_brand":[],"product_cat":[20],"product_tag":[171,169,167,170,168,164,172,165,166],"class_list":{"0":"post-2978","1":"product","2":"type-product","3":"status-publish","4":"has-post-thumbnail","6":"product_cat-shredding-and-crushing-machine","7":"product_tag-automatic-strap-chopper","8":"product_tag-pet-strap-chopper","9":"product_tag-plastic-strap-chopper","10":"product_tag-pp-strap-cutter","11":"product_tag-steel-strap-chopper","12":"product_tag-strap-chopper","13":"product_tag-strap-chopper-machine-for-recycling","14":"product_tag-strap-cutting-machine","15":"product_tag-strap-shredder","16":"desktop-align-left","17":"tablet-align-left","18":"mobile-align-left","20":"first","21":"instock","22":"shipping-taxable","23":"product-type-simple"},"_links":{"self":[{"href":"https:\/\/www.gigapa.com\/fr\/wp-json\/wp\/v2\/product\/2978","targetHints":{"allow":["GET"]}}],"collection":[{"href":"https:\/\/www.gigapa.com\/fr\/wp-json\/wp\/v2\/product"}],"about":[{"href":"https:\/\/www.gigapa.com\/fr\/wp-json\/wp\/v2\/types\/product"}],"version-history":[{"count":1,"href":"https:\/\/www.gigapa.com\/fr\/wp-json\/wp\/v2\/product\/2978\/revisions"}],"predecessor-version":[{"id":2984,"href":"https:\/\/www.gigapa.com\/fr\/wp-json\/wp\/v2\/product\/2978\/revisions\/2984"}],"wp:featuredmedia":[{"embeddable":true,"href":"https:\/\/www.gigapa.com\/fr\/wp-json\/wp\/v2\/media\/2981"}],"wp:attachment":[{"href":"https:\/\/www.gigapa.com\/fr\/wp-json\/wp\/v2\/media?parent=2978"}],"wp:term":[{"taxonomy":"product_brand","embeddable":true,"href":"https:\/\/www.gigapa.com\/fr\/wp-json\/wp\/v2\/product_brand?post=2978"},{"taxonomy":"product_cat","embeddable":true,"href":"https:\/\/www.gigapa.com\/fr\/wp-json\/wp\/v2\/product_cat?post=2978"},{"taxonomy":"product_tag","embeddable":true,"href":"https:\/\/www.gigapa.com\/fr\/wp-json\/wp\/v2\/product_tag?post=2978"}],"curies":[{"name":"wp","href":"https:\/\/api.w.org\/{rel}","templated":true}]}}