{"id":3000,"date":"2026-03-31T17:31:18","date_gmt":"2026-03-31T09:31:18","guid":{"rendered":"https:\/\/www.gigapa.com\/?post_type=product&#038;p=3000"},"modified":"2026-04-01T11:17:09","modified_gmt":"2026-04-01T03:17:09","slug":"gbb-gs405marine-baler","status":"publish","type":"product","link":"https:\/\/www.gigapa.com\/fr\/product\/gbb-gs405marine-baler\/","title":{"rendered":"GBB-GS405Balles \u00e0 balles marines"},"content":{"rendered":"<h3>Aper\u00e7u du produit<\/h3>\n<p data-start=\"974\" data-end=\"1237\">La presse \u00e0 balles marine est une machine hydraulique de compactage des d\u00e9chets con\u00e7ue pour \u00eatre utilis\u00e9e en milieu marin. Elle est construite avec des mat\u00e9riaux robustes et des composants r\u00e9sistants \u00e0 la corrosion pour supporter les conditions maritimes difficiles, notamment l'humidit\u00e9, l'air salin et le fonctionnement continu.<\/p>\n<p data-start=\"1239\" data-end=\"1538\">Cet \u00e9quipement comprime divers types de d\u00e9chets g\u00e9n\u00e9r\u00e9s par les navires en balles denses et maniables, ce qui facilite le stockage et le transport et les rend plus rentables. Sa structure compacte permet de l'installer facilement dans des espaces limit\u00e9s \u00e0 bord, tels que les salles des machines, les zones de traitement des d\u00e9chets ou les ponts de service.<\/p>\n<div class=\"ast-oembed-container\" style=\"height: 100%;\"><iframe title=\"Presse \u00e0 balles marine\" width=\"500\" height=\"281\" src=\"https:\/\/www.youtube.com\/embed\/gbMM4ntNNHA?feature=oembed\" frameborder=\"0\" allow=\"accelerometer; autoplay; clipboard-write; encrypted-media; gyroscope; picture-in-picture; web-share\" referrerpolicy=\"strict-origin-when-cross-origin\" allowfullscreen><\/iframe><\/div>\n<h3>Sp\u00e9cification Param\u00e8tre<\/h3>\n<table style=\"height: 461px;\" width=\"823\">\n<tbody>\n<tr>\n<td width=\"334\">Mod\u00e8le<\/td>\n<td width=\"207\">GBB-GS405<\/td>\n<\/tr>\n<tr>\n<td width=\"334\">Taille de la tr\u00e9mie (L\u00d7L\u00d7H) (mm)<\/td>\n<td width=\"207\">440 \u00d7 440 \u00d7 600<\/td>\n<\/tr>\n<tr>\n<td width=\"334\">Volume de la tr\u00e9mie (L)<\/td>\n<td width=\"207\">100<\/td>\n<\/tr>\n<tr>\n<td width=\"334\">Pression du cylindre principal (T)<\/td>\n<td width=\"207\">5<\/td>\n<\/tr>\n<tr>\n<td width=\"334\">Puissance hydraulique (kw)<\/td>\n<td width=\"207\">0.75<\/td>\n<\/tr>\n<tr>\n<td width=\"334\">Dimensions globales (L\u00d7L\u00d7H) (mm)<\/td>\n<td width=\"207\">800\u00d7670\u00d71730<\/td>\n<\/tr>\n<tr>\n<td width=\"334\">Poids total (kg)<\/td>\n<td width=\"207\">Environ 220<\/td>\n<\/tr>\n<\/tbody>\n<\/table>\n<p><img fetchpriority=\"high\" decoding=\"async\" class=\"alignnone size-medium wp-image-3001\" src=\"https:\/\/www.gigapa.com\/wp-content\/uploads\/2026\/03\/c15d80ee127b3c3ff4822da68d5a1b12-225x300.jpg\" alt=\"\" width=\"225\" height=\"300\" srcset=\"https:\/\/www.gigapa.com\/wp-content\/uploads\/2026\/03\/c15d80ee127b3c3ff4822da68d5a1b12-225x300.jpg 225w, https:\/\/www.gigapa.com\/wp-content\/uploads\/2026\/03\/c15d80ee127b3c3ff4822da68d5a1b12-768x1024.jpg 768w, https:\/\/www.gigapa.com\/wp-content\/uploads\/2026\/03\/c15d80ee127b3c3ff4822da68d5a1b12-1152x1536.jpg 1152w, https:\/\/www.gigapa.com\/wp-content\/uploads\/2026\/03\/c15d80ee127b3c3ff4822da68d5a1b12-9x12.jpg 9w, https:\/\/www.gigapa.com\/wp-content\/uploads\/2026\/03\/c15d80ee127b3c3ff4822da68d5a1b12-600x800.jpg 600w, https:\/\/www.gigapa.com\/wp-content\/uploads\/2026\/03\/c15d80ee127b3c3ff4822da68d5a1b12.jpg 1280w\" sizes=\"(max-width: 225px) 100vw, 225px\" \/><img decoding=\"async\" class=\"alignnone size-medium wp-image-3004\" src=\"https:\/\/www.gigapa.com\/wp-content\/uploads\/2026\/03\/430fd4ce52a5e8d283012e40897a6cc0-225x300.jpg\" alt=\"\" width=\"225\" height=\"300\" srcset=\"https:\/\/www.gigapa.com\/wp-content\/uploads\/2026\/03\/430fd4ce52a5e8d283012e40897a6cc0-225x300.jpg 225w, https:\/\/www.gigapa.com\/wp-content\/uploads\/2026\/03\/430fd4ce52a5e8d283012e40897a6cc0-768x1024.jpg 768w, https:\/\/www.gigapa.com\/wp-content\/uploads\/2026\/03\/430fd4ce52a5e8d283012e40897a6cc0-1152x1536.jpg 1152w, https:\/\/www.gigapa.com\/wp-content\/uploads\/2026\/03\/430fd4ce52a5e8d283012e40897a6cc0-9x12.jpg 9w, https:\/\/www.gigapa.com\/wp-content\/uploads\/2026\/03\/430fd4ce52a5e8d283012e40897a6cc0-600x800.jpg 600w, https:\/\/www.gigapa.com\/wp-content\/uploads\/2026\/03\/430fd4ce52a5e8d283012e40897a6cc0.jpg 1280w\" sizes=\"(max-width: 225px) 100vw, 225px\" \/><img decoding=\"async\" class=\"alignnone size-medium wp-image-3002\" src=\"https:\/\/www.gigapa.com\/wp-content\/uploads\/2026\/03\/094167fcebd99dc46c9db1ffc33aac4d-225x300.jpg\" alt=\"\" width=\"225\" height=\"300\" srcset=\"https:\/\/www.gigapa.com\/wp-content\/uploads\/2026\/03\/094167fcebd99dc46c9db1ffc33aac4d-225x300.jpg 225w, https:\/\/www.gigapa.com\/wp-content\/uploads\/2026\/03\/094167fcebd99dc46c9db1ffc33aac4d-768x1024.jpg 768w, https:\/\/www.gigapa.com\/wp-content\/uploads\/2026\/03\/094167fcebd99dc46c9db1ffc33aac4d-1152x1536.jpg 1152w, https:\/\/www.gigapa.com\/wp-content\/uploads\/2026\/03\/094167fcebd99dc46c9db1ffc33aac4d-9x12.jpg 9w, https:\/\/www.gigapa.com\/wp-content\/uploads\/2026\/03\/094167fcebd99dc46c9db1ffc33aac4d-600x800.jpg 600w, https:\/\/www.gigapa.com\/wp-content\/uploads\/2026\/03\/094167fcebd99dc46c9db1ffc33aac4d.jpg 1280w\" sizes=\"(max-width: 225px) 100vw, 225px\" \/><\/p>\n<h3 data-start=\"913\" data-end=\"931\"><strong data-start=\"915\" data-end=\"931\">Caract\u00e9ristiques principales<\/strong><\/h3>\n<ol>\n<li>\n<p data-start=\"1563\" data-end=\"1604\"><strong>Conception compacte et peu encombrante<\/strong><\/p>\n<p data-start=\"1605\" data-end=\"1843\">L'espace \u00e0 bord des navires est extr\u00eamement pr\u00e9cieux. La presse \u00e0 balles pour bateaux est con\u00e7ue avec une empreinte compacte, ce qui permet de l'installer m\u00eame dans des espaces restreints. Sa configuration verticale ou horizontale permet de s'adapter aux diff\u00e9rents am\u00e9nagements des navires.<\/p>\n<\/li>\n<li>\n<p data-start=\"1845\" data-end=\"1882\"><strong>Efficacit\u00e9 \u00e9lev\u00e9e de la compression<\/strong><\/p>\n<p data-start=\"1883\" data-end=\"2133\">\u00c9quip\u00e9e d'un puissant syst\u00e8me hydraulique, la presse \u00e0 balles pour bateaux exerce une forte force de compression, ce qui permet de r\u00e9duire consid\u00e9rablement le volume des d\u00e9chets. Cela permet aux navires de stocker plus de d\u00e9chets dans moins d'espace et de r\u00e9duire la fr\u00e9quence d'\u00e9limination des d\u00e9chets dans les ports.<\/p>\n<\/li>\n<li>\n<p data-start=\"2135\" data-end=\"2174\"><strong>Structure r\u00e9sistante \u00e0 la corrosion<\/strong><\/p>\n<p data-start=\"2175\" data-end=\"2334\">Tous les composants cl\u00e9s sont trait\u00e9s avec des rev\u00eatements anticorrosion ou fabriqu\u00e9s \u00e0 partir de mat\u00e9riaux de qualit\u00e9 marine pour garantir une durabilit\u00e9 \u00e0 long terme dans les environnements salins et humides.<\/p>\n<\/li>\n<li>\n<p data-start=\"2336\" data-end=\"2360\"><strong>Fonctionnement simple<\/strong><\/p>\n<p data-start=\"2361\" data-end=\"2576\">La machine est dot\u00e9e d'un syst\u00e8me de commande convivial, qui permet aux membres de l'\u00e9quipe de l'utiliser de mani\u00e8re s\u00fbre et efficace avec une formation minimale. Les modes automatique et semi-automatique sont disponibles en fonction des besoins op\u00e9rationnels.<\/p>\n<\/li>\n<li>\n<p data-start=\"2807\" data-end=\"2845\"><strong>Peu d'entretien<\/strong><\/p>\n<p data-start=\"2846\" data-end=\"3032\">Con\u00e7ue pour \u00eatre fiable, la presse \u00e0 balles marine ne n\u00e9cessite qu'un minimum d'entretien. Les principaux composants hydrauliques et m\u00e9caniques sont con\u00e7us pour une longue dur\u00e9e de vie, ce qui r\u00e9duit les temps d'arr\u00eat et les co\u00fbts d'exploitation.<\/p>\n<\/li>\n<li>\n<p data-start=\"3034\" data-end=\"3064\"><strong>Options personnalisables<\/strong><\/p>\n<p data-start=\"3065\" data-end=\"3222\">La machine peut \u00eatre personnalis\u00e9e en fonction des exigences sp\u00e9cifiques du navire, y compris la taille des balles, les dimensions de la chambre, la tension et les configurations du syst\u00e8me de contr\u00f4le.<\/p>\n<\/li>\n<li>\n<p data-start=\"2578\" data-end=\"2612\"><strong>Syst\u00e8me de protection de la s\u00e9curit\u00e9<\/strong><\/p>\n<p data-start=\"2613\" data-end=\"2805\">La s\u00e9curit\u00e9 est une priorit\u00e9 absolue dans les op\u00e9rations maritimes. La presse \u00e0 balles marine est \u00e9quip\u00e9e de nombreux dispositifs de s\u00e9curit\u00e9, notamment des boutons d'arr\u00eat d'urgence, des verrouillages de s\u00e9curit\u00e9 et des syst\u00e8mes de protection contre les surcharges.<\/p>\n<\/li>\n<\/ol>\n<h3 data-start=\"2425\" data-end=\"2443\"><strong data-start=\"2427\" data-end=\"2443\">Applications<\/strong><\/h3>\n<p>La presse \u00e0 balles marine est largement utilis\u00e9e sur diff\u00e9rents types de navires et d'installations offshore :<\/p>\n<ul>\n<li>Navires de charge<\/li>\n<li>Navires porte-conteneurs<\/li>\n<li>Paquebots de croisi\u00e8re<\/li>\n<li>Plates-formes offshore<\/li>\n<li>Navires de p\u00eache<\/li>\n<li>Navires de guerre<\/li>\n<\/ul>\n<p>Il convient \u00e0 la compression d'une large gamme de d\u00e9chets g\u00e9n\u00e9r\u00e9s \u00e0 bord, notamment<\/p>\n<ul>\n<li>Bouteilles en plastique (PET, HDPE)<\/li>\n<li>Mat\u00e9riaux d'emballage<\/li>\n<li>Carton et papier<\/li>\n<li>Canettes en aluminium et d\u00e9chets m\u00e9talliques<\/li>\n<li>D\u00e9chets d'emballages alimentaires<\/li>\n<li>D\u00e9chets m\u00e9nagers g\u00e9n\u00e9raux<\/li>\n<\/ul>\n<p>En comprimant ces mat\u00e9riaux en balles denses, la presse \u00e0 balles marine permet de r\u00e9duire l'espace de stockage n\u00e9cessaire et de simplifier la logistique de traitement des d\u00e9chets.<\/p>\n<h3><strong>Avantages<\/strong><\/h3>\n<ol>\n<li>\n<p data-start=\"3878\" data-end=\"3929\"><strong>Respect des r\u00e9glementations environnementales<\/strong><\/p>\n<p data-start=\"3930\" data-end=\"4108\">La presse \u00e0 balles marine aide les exploitants de navires \u00e0 se conformer aux r\u00e9glementations maritimes internationales telles que MARPOL en permettant une gestion appropri\u00e9e des d\u00e9chets et en r\u00e9duisant le risque d'\u00e9limination ill\u00e9gale.<\/p>\n<\/li>\n<li>\n<p data-start=\"4110\" data-end=\"4140\"><strong>R\u00e9duction du volume des d\u00e9chets<\/strong><\/p>\n<p data-start=\"4141\" data-end=\"4277\">En comprimant les d\u00e9chets, la machine peut en r\u00e9duire le volume jusqu'\u00e0 80-90%, ce qui am\u00e9liore consid\u00e9rablement l'efficacit\u00e9 du stockage \u00e0 bord.<\/p>\n<\/li>\n<li>\n<p data-start=\"4279\" data-end=\"4309\"><strong>R\u00e9duction des co\u00fbts d'\u00e9limination<\/strong><\/p>\n<p data-start=\"4310\" data-end=\"4435\">Les balles compactes sont plus faciles et moins co\u00fbteuses \u00e0 transporter et \u00e0 \u00e9liminer dans les installations portuaires, ce qui r\u00e9duit les co\u00fbts globaux de gestion des d\u00e9chets.<\/p>\n<\/li>\n<li>\n<p data-start=\"4437\" data-end=\"4471\"><strong>Am\u00e9lioration de l'hygi\u00e8ne \u00e0 bord<\/strong><\/p>\n<p data-start=\"4472\" data-end=\"4589\">Un traitement efficace des d\u00e9chets r\u00e9duit l'encombrement et contribue \u00e0 maintenir un environnement de travail plus propre et plus s\u00fbr pour les membres de l'\u00e9quipage.<\/p>\n<\/li>\n<li>\n<p data-start=\"4591\" data-end=\"4632\"><strong>Am\u00e9lioration de l'efficacit\u00e9 op\u00e9rationnelle<\/strong><\/p>\n<p data-start=\"4633\" data-end=\"4780\">Gr\u00e2ce \u00e0 la r\u00e9duction du volume des d\u00e9chets et \u00e0 l'am\u00e9lioration de l'organisation, les membres de l'\u00e9quipe passent moins de temps \u00e0 g\u00e9rer les d\u00e9chets, ce qui leur permet de se concentrer sur les t\u00e2ches op\u00e9rationnelles essentielles.<\/p>\n<\/li>\n<\/ol>\n<h3><strong>Installation et assistance<\/strong><\/h3>\n<p>Notre \u00e9quipe fournit un soutien complet, y compris<\/p>\n<ul>\n<li>Conseils pour la s\u00e9lection des \u00e9quipements<\/li>\n<li>Solutions de conception sur mesure<\/li>\n<li>Assistance \u00e0 l'installation<\/li>\n<li>Formation op\u00e9rationnelle<\/li>\n<li>Fourniture de pi\u00e8ces d\u00e9tach\u00e9es<\/li>\n<li>Support technique<\/li>\n<\/ul>\n<p>Nous veillons \u00e0 ce que chaque presse \u00e0 balles marine soit livr\u00e9e pr\u00eate \u00e0 \u00eatre int\u00e9gr\u00e9e en toute transparence dans le syst\u00e8me de gestion des d\u00e9chets de votre navire.<\/p>\n<h3><strong>Conclusion<\/strong><\/h3>\n<p data-start=\"6204\" data-end=\"6521\">La presse \u00e0 balles marine est un \u00e9quipement essentiel pour les navires modernes qui souhaitent g\u00e9rer leurs d\u00e9chets de mani\u00e8re efficace, conforme et rentable. Gr\u00e2ce \u00e0 sa conception compacte, \u00e0 ses performances \u00e9lev\u00e9es et \u00e0 sa construction durable, elle constitue une solution fiable pour le traitement des d\u00e9chets \u00e0 bord dans les environnements marins difficiles.<\/p>\n<p data-start=\"6523\" data-end=\"6738\">Que vous exploitiez des cargos, des navires de croisi\u00e8re ou des plates-formes offshore, la presse \u00e0 balles pour bateaux est le choix id\u00e9al pour optimiser votre processus de gestion des d\u00e9chets et contribuer \u00e0 une industrie maritime plus propre et plus durable.<\/p>","protected":false},"excerpt":{"rendered":"<p>Le Marine Baler est un compacteur de d\u00e9chets robuste con\u00e7u pour comprimer efficacement les plastiques, le papier, le carton et les d\u00e9chets m\u00e9talliques en balles denses, ce qui permet d'\u00e9conomiser de l'espace, de r\u00e9duire les co\u00fbts d'\u00e9limination et d'assurer la conformit\u00e9 avec les r\u00e9glementations environnementales maritimes.<\/p>","protected":false},"featured_media":3007,"template":"","meta":{"site-sidebar-layout":"default","site-content-layout":"","ast-site-content-layout":"default","site-content-style":"default","site-sidebar-style":"default","ast-global-header-display":"","ast-banner-title-visibility":"","ast-main-header-display":"","ast-hfb-above-header-display":"","ast-hfb-below-header-display":"","ast-hfb-mobile-header-display":"","site-post-title":"","ast-breadcrumbs-content":"","ast-featured-img":"","footer-sml-layout":"","ast-disable-related-posts":"","theme-transparent-header-meta":"default","adv-header-id-meta":"","stick-header-meta":"","header-above-stick-meta":"","header-main-stick-meta":"","header-below-stick-meta":"","astra-migrate-meta-layouts":"set","ast-page-background-enabled":"default","ast-page-background-meta":{"desktop":{"background-color":"var(--ast-global-color-5)","background-image":"","background-repeat":"repeat","background-position":"center center","background-size":"auto","background-attachment":"scroll","background-type":"","background-media":"","overlay-type":"","overlay-color":"","overlay-opacity":"","overlay-gradient":""},"tablet":{"background-color":"","background-image":"","background-repeat":"repeat","background-position":"center center","background-size":"auto","background-attachment":"scroll","background-type":"","background-media":"","overlay-type":"","overlay-color":"","overlay-opacity":"","overlay-gradient":""},"mobile":{"background-color":"","background-image":"","background-repeat":"repeat","background-position":"center center","background-size":"auto","background-attachment":"scroll","background-type":"","background-media":"","overlay-type":"","overlay-color":"","overlay-opacity":"","overlay-gradient":""}},"ast-content-background-meta":{"desktop":{"background-color":"var(--ast-global-color-4)","background-image":"","background-repeat":"repeat","background-position":"center center","background-size":"auto","background-attachment":"scroll","background-type":"","background-media":"","overlay-type":"","overlay-color":"","overlay-opacity":"","overlay-gradient":""},"tablet":{"background-color":"var(--ast-global-color-4)","background-image":"","background-repeat":"repeat","background-position":"center center","background-size":"auto","background-attachment":"scroll","background-type":"","background-media":"","overlay-type":"","overlay-color":"","overlay-opacity":"","overlay-gradient":""},"mobile":{"background-color":"var(--ast-global-color-4)","background-image":"","background-repeat":"repeat","background-position":"center center","background-size":"auto","background-attachment":"scroll","background-type":"","background-media":"","overlay-type":"","overlay-color":"","overlay-opacity":"","overlay-gradient":""}}},"product_brand":[],"product_cat":[21,152],"product_tag":[180,115,181,182],"class_list":{"0":"post-3000","1":"product","2":"type-product","3":"status-publish","4":"has-post-thumbnail","6":"product_cat-baling-machine","7":"product_cat-vertical-baler","8":"product_tag-garbage-compactor","9":"product_tag-marine-baler","10":"product_tag-marine-baler-manufacturer","11":"product_tag-marine-trash-compactors","12":"desktop-align-left","13":"tablet-align-left","14":"mobile-align-left","16":"first","17":"instock","18":"shipping-taxable","19":"product-type-simple"},"_links":{"self":[{"href":"https:\/\/www.gigapa.com\/fr\/wp-json\/wp\/v2\/product\/3000","targetHints":{"allow":["GET"]}}],"collection":[{"href":"https:\/\/www.gigapa.com\/fr\/wp-json\/wp\/v2\/product"}],"about":[{"href":"https:\/\/www.gigapa.com\/fr\/wp-json\/wp\/v2\/types\/product"}],"version-history":[{"count":3,"href":"https:\/\/www.gigapa.com\/fr\/wp-json\/wp\/v2\/product\/3000\/revisions"}],"predecessor-version":[{"id":3011,"href":"https:\/\/www.gigapa.com\/fr\/wp-json\/wp\/v2\/product\/3000\/revisions\/3011"}],"wp:featuredmedia":[{"embeddable":true,"href":"https:\/\/www.gigapa.com\/fr\/wp-json\/wp\/v2\/media\/3007"}],"wp:attachment":[{"href":"https:\/\/www.gigapa.com\/fr\/wp-json\/wp\/v2\/media?parent=3000"}],"wp:term":[{"taxonomy":"product_brand","embeddable":true,"href":"https:\/\/www.gigapa.com\/fr\/wp-json\/wp\/v2\/product_brand?post=3000"},{"taxonomy":"product_cat","embeddable":true,"href":"https:\/\/www.gigapa.com\/fr\/wp-json\/wp\/v2\/product_cat?post=3000"},{"taxonomy":"product_tag","embeddable":true,"href":"https:\/\/www.gigapa.com\/fr\/wp-json\/wp\/v2\/product_tag?post=3000"}],"curies":[{"name":"wp","href":"https:\/\/api.w.org\/{rel}","templated":true}]}}