{"id":854,"date":"2025-05-06T16:32:08","date_gmt":"2025-05-06T08:32:08","guid":{"rendered":"https:\/\/gigapa.com\/?post_type=product&#038;p=854"},"modified":"2026-04-28T13:51:57","modified_gmt":"2026-04-28T05:51:57","slug":"double-shaft-shredders","status":"publish","type":"product","link":"https:\/\/www.gigapa.com\/fr\/product\/double-shaft-shredders\/","title":{"rendered":"Broyeurs \u00e0 double arbre GTS-E"},"content":{"rendered":"<h3>Introduction de l'\u00e9quipement :<\/h3>\n<p>Le broyeur \u00e0 deux arbres (\u00e9galement connu sous le nom de broyeur \u00e0 deux arbres ou de broyeur \u00e0 deux arbres) coupe et d\u00e9chire les mat\u00e9riaux en plus petites tailles gr\u00e2ce \u00e0 l'action de cisaillement et de d\u00e9chirement des lames pendant leur rotation relative, ce qui facilite le traitement ult\u00e9rieur ou permet d'atteindre l'objectif de r\u00e9duction du volume. Gr\u00e2ce \u00e0 sa forme structurelle et \u00e0 sa rotation \u00e0 faible vitesse, le broyeur \u00e0 deux arbres se caract\u00e9rise par un couple \u00e9lev\u00e9, une force de cisaillement importante, une grande capacit\u00e9 de traitement, une bonne stabilit\u00e9 et un faible niveau sonore. Il est donc largement utilis\u00e9 dans le domaine du traitement des d\u00e9chets solides et peut r\u00e9pondre aux besoins de recyclage et de r\u00e9utilisation de divers types de d\u00e9chets solides.<\/p>\n<div class=\"ast-oembed-container\" style=\"height: 100%;\"><iframe title=\"D\u00e9chiqueteuse \u00e0 double arbre \u00e0 usage intensif - Voyez comment elle fonctionne !\" width=\"500\" height=\"281\" src=\"https:\/\/www.youtube.com\/embed\/uJgVsPNIF0w?feature=oembed\" frameborder=\"0\" allow=\"accelerometer; autoplay; clipboard-write; encrypted-media; gyroscope; picture-in-picture; web-share\" referrerpolicy=\"strict-origin-when-cross-origin\" allowfullscreen><\/iframe><\/div>\n<h3>Gamme d'applications :<\/h3>\n<table style=\"border-collapse: collapse; width: 1005.02pt;\" border=\"0\" width=\"1340\" cellspacing=\"0\" cellpadding=\"0\">\n<tbody>\n<tr style=\"height: 40.50pt;\">\n<td style=\"height: 40.50pt; width: 202.50pt;\" width=\"270\" height=\"54\">D\u00e9chets industriels<\/td>\n<td class=\"et2\" style=\"width: 802.50pt;\" width=\"1070\">pneus, produits en c\u00e9ramique ou en verre, d\u00e9chets de cuir et de textile, produits en plastique d\u00e9fectueux, produits \u00e9lectroniques d\u00e9fectueux, d\u00e9chets de bois, d\u00e9chets de papier, scories, d\u00e9chets de mat\u00e9riaux, d\u00e9chets d'emballage, etc. et d\u00e9chets non m\u00e9talliques.<\/td>\n<\/tr>\n<tr style=\"height: 27.00pt;\">\n<td style=\"height: 27.00pt;\" height=\"36\">D\u00e9chets m\u00e9nagers<\/td>\n<td class=\"et2\" style=\"width: 802.50pt;\" width=\"1070\">les gros objets tels que les ordinateurs, les r\u00e9frig\u00e9rateurs, les machines \u00e0 laver, les canap\u00e9s, les matelas, les r\u00e9cipients alimentaires jetables, les baguettes, les d\u00e9chets de papier, de plastique et d'autres d\u00e9chets m\u00e9talliques ou non m\u00e9talliques<\/td>\n<\/tr>\n<tr style=\"height: 13.50pt;\">\n<td style=\"height: 13.50pt;\" height=\"18\">D\u00e9chets en vrac<\/td>\n<td>r\u00e9cipients alimentaires jetables, baguettes, bouteilles de boisson, vieux papiers, plastiques et autres d\u00e9chets m\u00e9talliques ou non m\u00e9talliques<\/td>\n<\/tr>\n<tr style=\"height: 13.50pt;\">\n<td style=\"height: 13.50pt;\" height=\"18\">D\u00e9chets agricoles<\/td>\n<td>paille, branches d'arbre, bambou, carcasses d'animaux, paillis de plastique, etc.<\/td>\n<\/tr>\n<tr style=\"height: 13.50pt;\">\n<td style=\"height: 13.50pt;\" height=\"18\">D\u00e9chets de construction<\/td>\n<td>les coffrages en bois de construction, les vieilles portes et fen\u00eatres, les plaques de pl\u00e2tre, les faux plafonds, les carreaux d'acier de couleur, etc.<\/td>\n<\/tr>\n<tr style=\"height: 13.50pt;\">\n<td style=\"height: 13.50pt;\" height=\"18\">D\u00e9chets m\u00e9dicaux<\/td>\n<td>les d\u00e9chets de seringues, les d\u00e9chets pharmaceutiques, le petit mat\u00e9riel m\u00e9dical, les masques usag\u00e9s, les blouses chirurgicales, le linge de lit et d'autres d\u00e9chets m\u00e9dicaux.<\/td>\n<\/tr>\n<\/tbody>\n<\/table>\n<h3>Param\u00e8tres du mod\u00e8le :<\/h3>\n<table style=\"border-collapse: collapse; width: 1347px; height: 370px;\" border=\"0\" width=\"1067\" cellspacing=\"0\" cellpadding=\"0\">\n<tbody>\n<tr style=\"height: 13.50pt;\">\n<td class=\"et2\" style=\"height: 13.50pt; width: 155.25pt;\" width=\"207\" height=\"18\">Mod\u00e8le<\/td>\n<td class=\"et2\" style=\"width: 126.00pt;\" width=\"168\">GTS-E103<\/td>\n<td class=\"et2\" style=\"width: 97.50pt;\" width=\"130\">GTS-E205<\/td>\n<td class=\"et2\" style=\"width: 111.00pt;\" width=\"148\">GTS-E208<\/td>\n<td class=\"et2\" style=\"width: 102.00pt;\" width=\"136\">GTS-E21<\/td>\n<td class=\"et2\" style=\"width: 100.50pt;\" width=\"134\">GTS-E310<\/td>\n<td class=\"et2\" style=\"width: 108.00pt;\" width=\"144\">GTS-E312<\/td>\n<\/tr>\n<tr style=\"height: 13.50pt;\">\n<td class=\"et2\" style=\"height: 13.50pt;\" height=\"18\">Taille de la chambre de broyage (mm)<\/td>\n<td class=\"et2\">300\u00d7300<\/td>\n<td class=\"et2\">520\u00d7500<\/td>\n<td class=\"et2\">810\u00d7500<\/td>\n<td class=\"et2\">980\u00d7516<\/td>\n<td class=\"et2\">1010\u00d7730<\/td>\n<td class=\"et2\">1170\u00d7730<\/td>\n<\/tr>\n<tr style=\"height: 13.50pt;\">\n<td class=\"et2\" style=\"height: 13.50pt;\" height=\"18\">Diam\u00e8tre de pivotement (mm)<\/td>\n<td class=\"et2\">\u03c6170<\/td>\n<td class=\"et2\">\u03c6278<\/td>\n<td class=\"et2\">\u03c6278<\/td>\n<td class=\"et2\">\u03c6288<\/td>\n<td class=\"et2\">\u03c6400<\/td>\n<td class=\"et2\">\u03c6400<\/td>\n<\/tr>\n<tr style=\"height: 13.50pt;\">\n<td class=\"et2\" style=\"height: 13.50pt;\" height=\"18\">\u00c9paisseur de la lame (mm)<\/td>\n<td class=\"et2\">20<\/td>\n<td class=\"et2\">30<\/td>\n<td class=\"et2\">30<\/td>\n<td class=\"et2\">30<\/td>\n<td class=\"et2\">40<\/td>\n<td class=\"et2\">40<\/td>\n<\/tr>\n<tr style=\"height: 13.50pt;\">\n<td class=\"et2\" style=\"height: 13.50pt;\" height=\"18\">Puissance du moteur (kW)<\/td>\n<td class=\"et2\">7.5<\/td>\n<td class=\"et2\">22<\/td>\n<td class=\"et2\">30<\/td>\n<td class=\"et2\">22\u00d72<\/td>\n<td class=\"et2\">55\u00d72<\/td>\n<td class=\"et2\">90\u00d72<\/td>\n<\/tr>\n<tr style=\"height: 13.50pt;\">\n<td class=\"et2\" style=\"height: 13.50pt;\" height=\"18\">Dimensions (L\u00d7L\u00d7H)(mm)<\/td>\n<td class=\"et2\">1680\u00d7700\u00d71790<\/td>\n<td class=\"et2\">2280\u00d71540\u00d72000<\/td>\n<td class=\"et2\">2580\u00d71590\u00d72000<\/td>\n<td class=\"et2\">3180\u00d71820\u00d72000<\/td>\n<td class=\"et2\">3760\u00d72510\u00d72910<\/td>\n<td class=\"et2\">4250\u00d72910\u00d72910<\/td>\n<\/tr>\n<tr style=\"height: 13.50pt;\">\n<td class=\"et2\" style=\"height: 13.50pt;\" height=\"18\">Poids total (kg)<\/td>\n<td class=\"et2\">Environ 800<\/td>\n<td class=\"et2\">Environ 2300<\/td>\n<td class=\"et2\">Environ 2700<\/td>\n<td class=\"et2\">Environ 3300<\/td>\n<td class=\"et2\">Environ 10000<\/td>\n<td class=\"et2\">Environ 11800<\/td>\n<\/tr>\n<\/tbody>\n<\/table>\n<p>Les mod\u00e8les ci-dessus sont des mod\u00e8les universels standard. Si vous avez besoin d'autres mod\u00e8les, veuillez contacter notre personnel. Nous pouvons \u00e9galement fournir des services personnalis\u00e9s en fonction de vos besoins.<\/p>\n<h3>Faits saillants techniques :<\/h3>\n<p>1. La dur\u00e9e de vie des roulements est longue<br \/>\nDe multiples mesures de protection sont prises pour prolonger la dur\u00e9e de vie des roulements.<\/p>\n<p>2. Faible r\u00e9sistance \u00e0 l'\u00e9crasement<br \/>\nDiff\u00e9rentes conceptions de profils de lames sont s\u00e9lectionn\u00e9es en fonction des exigences des mat\u00e9riaux concass\u00e9s afin de minimiser autant que possible la r\u00e9sistance \u00e0 l'\u00e9crasement.<\/p>\n<p>3. Efficacit\u00e9 de broyage \u00e9lev\u00e9e<br \/>\nLe couteau fixe, sp\u00e9cialement con\u00e7u, sert non seulement \u00e0 rejeter les mat\u00e9riaux, mais forme \u00e9galement un cisaillement suppl\u00e9mentaire avec le couteau mobile, am\u00e9liorant ainsi l'efficacit\u00e9 globale du broyage.<\/p>\n<h3>Comparaison des effets :<\/h3>\n<p><img fetchpriority=\"high\" decoding=\"async\" class=\"alignnone wp-image-988\" title=\"Broyeurs \u00e0 double arbre\" src=\"https:\/\/www.gigapa.com\/wp-content\/uploads\/2025\/05\/\u7535\u5b50\u5783\u573e.jpg\" alt=\"Broyeurs \u00e0 double arbre\" width=\"500\" height=\"314\" srcset=\"https:\/\/www.gigapa.com\/wp-content\/uploads\/2025\/05\/\u7535\u5b50\u5783\u573e.jpg 1034w, https:\/\/www.gigapa.com\/wp-content\/uploads\/2025\/05\/\u7535\u5b50\u5783\u573e-300x188.jpg 300w, https:\/\/www.gigapa.com\/wp-content\/uploads\/2025\/05\/\u7535\u5b50\u5783\u573e-1024x643.jpg 1024w, https:\/\/www.gigapa.com\/wp-content\/uploads\/2025\/05\/\u7535\u5b50\u5783\u573e-768x482.jpg 768w, https:\/\/www.gigapa.com\/wp-content\/uploads\/2025\/05\/\u7535\u5b50\u5783\u573e-600x377.jpg 600w\" sizes=\"(max-width: 500px) 100vw, 500px\" \/> <img decoding=\"async\" class=\"alignnone wp-image-991\" title=\"Broyeurs \u00e0 double arbre\" src=\"https:\/\/www.gigapa.com\/wp-content\/uploads\/2025\/05\/\u6cb9\u6876.jpg\" alt=\"Broyeurs \u00e0 double arbre\" width=\"500\" height=\"314\" srcset=\"https:\/\/www.gigapa.com\/wp-content\/uploads\/2025\/05\/\u6cb9\u6876.jpg 1034w, https:\/\/www.gigapa.com\/wp-content\/uploads\/2025\/05\/\u6cb9\u6876-300x188.jpg 300w, https:\/\/www.gigapa.com\/wp-content\/uploads\/2025\/05\/\u6cb9\u6876-1024x643.jpg 1024w, https:\/\/www.gigapa.com\/wp-content\/uploads\/2025\/05\/\u6cb9\u6876-768x482.jpg 768w, https:\/\/www.gigapa.com\/wp-content\/uploads\/2025\/05\/\u6cb9\u6876-600x377.jpg 600w\" sizes=\"(max-width: 500px) 100vw, 500px\" \/><\/p>\n<p><img decoding=\"async\" class=\"alignnone wp-image-989\" title=\"Broyeurs \u00e0 double arbre\" src=\"https:\/\/www.gigapa.com\/wp-content\/uploads\/2025\/05\/\u8f6e\u80ce.jpg\" alt=\"Broyeurs \u00e0 double arbre\" width=\"500\" height=\"314\" srcset=\"https:\/\/www.gigapa.com\/wp-content\/uploads\/2025\/05\/\u8f6e\u80ce.jpg 1034w, https:\/\/www.gigapa.com\/wp-content\/uploads\/2025\/05\/\u8f6e\u80ce-300x188.jpg 300w, https:\/\/www.gigapa.com\/wp-content\/uploads\/2025\/05\/\u8f6e\u80ce-1024x643.jpg 1024w, https:\/\/www.gigapa.com\/wp-content\/uploads\/2025\/05\/\u8f6e\u80ce-768x482.jpg 768w, https:\/\/www.gigapa.com\/wp-content\/uploads\/2025\/05\/\u8f6e\u80ce-600x377.jpg 600w\" sizes=\"(max-width: 500px) 100vw, 500px\" \/> <img loading=\"lazy\" decoding=\"async\" class=\"alignnone wp-image-990\" title=\"Broyeurs \u00e0 double arbre\" src=\"https:\/\/www.gigapa.com\/wp-content\/uploads\/2025\/05\/\u533b\u7597\u5783\u573e5.jpg\" alt=\"Broyeurs \u00e0 double arbre\" width=\"500\" height=\"314\" srcset=\"https:\/\/www.gigapa.com\/wp-content\/uploads\/2025\/05\/\u533b\u7597\u5783\u573e5.jpg 1034w, https:\/\/www.gigapa.com\/wp-content\/uploads\/2025\/05\/\u533b\u7597\u5783\u573e5-300x188.jpg 300w, https:\/\/www.gigapa.com\/wp-content\/uploads\/2025\/05\/\u533b\u7597\u5783\u573e5-1024x643.jpg 1024w, https:\/\/www.gigapa.com\/wp-content\/uploads\/2025\/05\/\u533b\u7597\u5783\u573e5-768x482.jpg 768w, https:\/\/www.gigapa.com\/wp-content\/uploads\/2025\/05\/\u533b\u7597\u5783\u573e5-600x377.jpg 600w\" sizes=\"(max-width: 500px) 100vw, 500px\" \/><\/p>\n<h3><strong>Principe de fonctionnement<\/strong><\/h3>\n<p>Un broyeur \u00e0 double arbre utilise deux arbres parall\u00e8les tournant en sens inverse et \u00e9quip\u00e9s de lames imbriqu\u00e9es pour cisailler, d\u00e9chirer et broyer les mat\u00e9riaux. Lorsqu'ils sont introduits dans la chambre, les d\u00e9chets volumineux sont saisis et d\u00e9chiquet\u00e9s entre les lames rotatives, qui les d\u00e9coupent, les d\u00e9chirent et les compriment en fragments plus petits. La conception \u00e0 vitesse lente et \u00e0 couple \u00e9lev\u00e9 permet de traiter efficacement les mat\u00e9riaux difficiles (m\u00e9taux, caoutchouc, etc.) et est dot\u00e9e d'une protection anti-bourrage \u00e0 inversion automatique.<\/p>\n<h3><strong>Destructeur de documents \u00e0 double arbre et destructeur de documents \u00e0 arbre unique<\/strong><\/h3>\n<ul>\n<li class=\"ds-markdown-paragraph\">Broyeur \u00e0 double arbre : Comprend deux arbres contrarotatifs avec des lames imbriqu\u00e9es, utilisant les forces de cisaillement, de d\u00e9chirement et de broyage pour le traitement de gros volumes de d\u00e9chets ou de d\u00e9chets mixtes.<\/li>\n<li class=\"ds-markdown-paragraph\">Broyeur \u00e0 arbre unique : \u00c9quip\u00e9 d'un rotor et de lames fixes, il est con\u00e7u pour le broyage contr\u00f4l\u00e9 de mat\u00e9riaux uniformes \u00e0 des vitesses moyennes.<\/li>\n<\/ul>\n<h3><strong>Avantages concurrentiels<\/strong><\/h3>\n<p><strong>D\u00e9chiqueteur \u00e0 double arbre<\/strong><\/p>\n<ol>\n<li class=\"ds-markdown-paragraph\">Traitement des charges lourdes : Le syst\u00e8me hydraulique broie les m\u00e9taux, les alliages et les d\u00e9chets industriels mixtes.<\/li>\n<li class=\"ds-markdown-paragraph\">Anti-brouillage : La fonction d'inversion automatique prot\u00e8ge contre les surcharges.<\/li>\n<li class=\"ds-markdown-paragraph\">Peu d'entretien : Les lames modulaires permettent un remplacement individuel.<\/li>\n<li class=\"ds-markdown-paragraph\">Conception sans \u00e9cran : La taille de la sortie est r\u00e9gl\u00e9e par l'espacement des lames.<\/li>\n<li class=\"ds-markdown-paragraph\">D\u00e9bit \u00e9lev\u00e9 : Capacit\u00e9 de traitement en continu jusqu'\u00e0 3-20 tonnes\/heure.<\/li>\n<\/ol>\n<p><strong>D\u00e9chiqueteur \u00e0 arbre unique<\/strong><\/p>\n<ol>\n<li class=\"ds-markdown-paragraph\">D\u00e9chiquetage de pr\u00e9cision : Sortie contr\u00f4l\u00e9e par \u00e9cran pour le recyclage des granul\u00e9s.<\/li>\n<li class=\"ds-markdown-paragraph\">Fonctionnement silencieux : Niveaux de bruit inf\u00e9rieurs \u00e0 75 dB (id\u00e9al pour une utilisation en int\u00e9rieur).<\/li>\n<li class=\"ds-markdown-paragraph\">\u00c9conomies d'\u00e9nergie : 15%-30% : consommation d'\u00e9nergie inf\u00e9rieure \u00e0 celle d'un double arbre.<\/li>\n<li class=\"ds-markdown-paragraph\">Encombrement r\u00e9duit : 40% : encombrement r\u00e9duit.<\/li>\n<li class=\"ds-markdown-paragraph\">Rentabilit\u00e9 : 50%-70% investissement initial plus faible.<\/li>\n<\/ol>\n<h3 class=\"ds-markdown-paragraph\">FAQ<\/h3>\n<p data-start=\"196\" data-end=\"256\"><strong>1. Quels mat\u00e9riaux un broyeur \u00e0 double arbre peut-il traiter ?<\/strong><\/p>\n<p data-start=\"257\" data-end=\"488\">Plastiques, m\u00e9taux, d\u00e9chets \u00e9lectroniques, bois, caoutchouc, papier, pneus et d\u00e9chets industriels. Il est id\u00e9al pour les applications de recyclage et de r\u00e9duction de volume.<\/p>\n<p data-start=\"490\" data-end=\"537\"><strong>2. Comment fonctionne un broyeur \u00e0 double arbre ?<\/strong><\/p>\n<p data-start=\"538\" data-end=\"758\">Il utilise deux arbres contrarotatifs munis de lames tranchantes pour couper, d\u00e9chirer et broyer les d\u00e9chets volumineux en morceaux plus petits et uniformes. Le processus assure une r\u00e9duction efficace de la taille des d\u00e9chets, ce qui facilite leur transport, leur recyclage ou leur r\u00e9utilisation.<\/p>\n<p data-start=\"760\" data-end=\"812\"><strong>3. Quelles sont les industries qui utilisent des broyeurs \u00e0 double arbre ?<\/strong><\/p>\n<p data-start=\"813\" data-end=\"993\">Les industries telles que les usines de recyclage, la fabrication, l'automobile, l'emballage, le traitement des m\u00e9taux et les soci\u00e9t\u00e9s de gestion des d\u00e9chets utilisent largement nos broyeurs pour un traitement efficace des d\u00e9chets.<\/p>\n<p data-start=\"1326\" data-end=\"1365\"><strong>4. Comment la machine est-elle entretenue ?<\/strong><\/p>\n<p data-start=\"1366\" data-end=\"1580\">L'entretien courant comprend l'inspection r\u00e9guli\u00e8re des lames, la lubrification des pi\u00e8ces mobiles et le nettoyage de la chambre de coupe. Nos broyeurs sont con\u00e7us pour faciliter l'entretien et les pi\u00e8ces de rechange sont facilement disponibles.<\/p>\n<p data-start=\"1582\" data-end=\"1622\"><strong>5. Le broyeur peut-il \u00eatre personnalis\u00e9 ?<\/strong><\/p>\n<p data-start=\"1623\" data-end=\"1749\">Oui. GIGAPA fournit des solutions de broyage personnalis\u00e9es adapt\u00e9es \u00e0 votre type de mat\u00e9riau, \u00e0 vos exigences de capacit\u00e9 et \u00e0 l'agencement de votre usine.<\/p>\n<p data-start=\"1961\" data-end=\"2008\"><strong>6. GIGAPA offre-t-elle un service apr\u00e8s-vente ?<\/strong><\/p>\n<p data-start=\"2009\" data-end=\"2136\">Absolument. Nous fournissons une assistance technique mondiale, des pi\u00e8ces de rechange, un d\u00e9pannage \u00e0 distance et un service sur site si n\u00e9cessaire.<\/p>\n<p data-start=\"2138\" data-end=\"2197\"><strong>7. Comment puis-je obtenir un devis pour un broyeur \u00e0 double arbre ?<\/strong><\/p>\n<p data-start=\"2198\" data-end=\"2378\">Il vous suffit de nous contacter \u00e0 l'aide du formulaire de demande de renseignements et notre \u00e9quipe commerciale vous fournira un devis personnalis\u00e9 en fonction de votre type de mat\u00e9riau, de la capacit\u00e9 requise et des besoins de votre projet.<\/p>\n<p data-start=\"2198\" data-end=\"2378\"><strong>8. Quels modes de paiement acceptez-vous ?<\/strong><\/p>\n<p data-start=\"2198\" data-end=\"2378\">Nous acceptons principalement T\/T pour les commandes internationales.<\/p>","protected":false},"excerpt":{"rendered":"<p>Les broyeurs \u00e0 double arbre sont principalement utilis\u00e9s pour les plastiques - plastiques m\u00e9lang\u00e9s, barils ou conteneurs en plastique, etc. ; les appareils \u00e9lectroniques - appareils m\u00e9nagers usag\u00e9s ; les pneus - pneus de voiture, pneus de camion dont les fils d'acier \u00e9pais ont \u00e9t\u00e9 retir\u00e9s, etc. ; le bois - palettes en bois, etc.<\/p>","protected":false},"featured_media":1732,"template":"","meta":{"site-sidebar-layout":"default","site-content-layout":"","ast-site-content-layout":"default","site-content-style":"default","site-sidebar-style":"default","ast-global-header-display":"","ast-banner-title-visibility":"","ast-main-header-display":"","ast-hfb-above-header-display":"","ast-hfb-below-header-display":"","ast-hfb-mobile-header-display":"","site-post-title":"","ast-breadcrumbs-content":"","ast-featured-img":"","footer-sml-layout":"","ast-disable-related-posts":"","theme-transparent-header-meta":"default","adv-header-id-meta":"","stick-header-meta":"","header-above-stick-meta":"","header-main-stick-meta":"","header-below-stick-meta":"","astra-migrate-meta-layouts":"set","ast-page-background-enabled":"default","ast-page-background-meta":{"desktop":{"background-color":"var(--ast-global-color-5)","background-image":"","background-repeat":"repeat","background-position":"center center","background-size":"auto","background-attachment":"scroll","background-type":"","background-media":"","overlay-type":"","overlay-color":"","overlay-opacity":"","overlay-gradient":""},"tablet":{"background-color":"","background-image":"","background-repeat":"repeat","background-position":"center center","background-size":"auto","background-attachment":"scroll","background-type":"","background-media":"","overlay-type":"","overlay-color":"","overlay-opacity":"","overlay-gradient":""},"mobile":{"background-color":"","background-image":"","background-repeat":"repeat","background-position":"center center","background-size":"auto","background-attachment":"scroll","background-type":"","background-media":"","overlay-type":"","overlay-color":"","overlay-opacity":"","overlay-gradient":""}},"ast-content-background-meta":{"desktop":{"background-color":"var(--ast-global-color-4)","background-image":"","background-repeat":"repeat","background-position":"center center","background-size":"auto","background-attachment":"scroll","background-type":"","background-media":"","overlay-type":"","overlay-color":"","overlay-opacity":"","overlay-gradient":""},"tablet":{"background-color":"var(--ast-global-color-4)","background-image":"","background-repeat":"repeat","background-position":"center center","background-size":"auto","background-attachment":"scroll","background-type":"","background-media":"","overlay-type":"","overlay-color":"","overlay-opacity":"","overlay-gradient":""},"mobile":{"background-color":"var(--ast-global-color-4)","background-image":"","background-repeat":"repeat","background-position":"center center","background-size":"auto","background-attachment":"scroll","background-type":"","background-media":"","overlay-type":"","overlay-color":"","overlay-opacity":"","overlay-gradient":""}}},"product_brand":[],"product_cat":[20,149],"product_tag":[127,50,55,56,51,54,53,121,122,52],"class_list":{"0":"post-854","1":"product","2":"type-product","3":"status-publish","4":"has-post-thumbnail","6":"product_cat-shredding-and-crushing-machine","7":"product_cat-double-shaft-shredder","8":"product_tag-animal-carcass-shredder","9":"product_tag-china-double-shaft-shredder","10":"product_tag-double-shaft-metal-scrap-shredder","11":"product_tag-double-shaft-metal-shredder","12":"product_tag-double-shaft-shredder-machine","13":"product_tag-double-shaft-tire-shredder","14":"product_tag-dual-shaft-shredder-for-sale","15":"product_tag-dual-shaft-shredder-machine","16":"product_tag-solid-waste-twin-shaft-shredder","17":"product_tag-twin-shaft-shredder","18":"desktop-align-left","19":"tablet-align-left","20":"mobile-align-left","22":"first","23":"instock","24":"featured","25":"shipping-taxable","26":"product-type-simple"},"_links":{"self":[{"href":"https:\/\/www.gigapa.com\/fr\/wp-json\/wp\/v2\/product\/854","targetHints":{"allow":["GET"]}}],"collection":[{"href":"https:\/\/www.gigapa.com\/fr\/wp-json\/wp\/v2\/product"}],"about":[{"href":"https:\/\/www.gigapa.com\/fr\/wp-json\/wp\/v2\/types\/product"}],"version-history":[{"count":14,"href":"https:\/\/www.gigapa.com\/fr\/wp-json\/wp\/v2\/product\/854\/revisions"}],"predecessor-version":[{"id":986,"href":"https:\/\/www.gigapa.com\/fr\/wp-json\/wp\/v2\/product\/854\/revisions\/986"}],"wp:featuredmedia":[{"embeddable":true,"href":"https:\/\/www.gigapa.com\/fr\/wp-json\/wp\/v2\/media\/1732"}],"wp:attachment":[{"href":"https:\/\/www.gigapa.com\/fr\/wp-json\/wp\/v2\/media?parent=854"}],"wp:term":[{"taxonomy":"product_brand","embeddable":true,"href":"https:\/\/www.gigapa.com\/fr\/wp-json\/wp\/v2\/product_brand?post=854"},{"taxonomy":"product_cat","embeddable":true,"href":"https:\/\/www.gigapa.com\/fr\/wp-json\/wp\/v2\/product_cat?post=854"},{"taxonomy":"product_tag","embeddable":true,"href":"https:\/\/www.gigapa.com\/fr\/wp-json\/wp\/v2\/product_tag?post=854"}],"curies":[{"name":"wp","href":"https:\/\/api.w.org\/{rel}","templated":true}]}}