{"id":855,"date":"2025-05-06T16:32:50","date_gmt":"2025-05-06T08:32:50","guid":{"rendered":"https:\/\/gigapa.com\/?post_type=product&#038;p=855"},"modified":"2025-12-02T13:55:31","modified_gmt":"2025-12-02T05:55:31","slug":"single-shaft-crushers","status":"publish","type":"product","link":"https:\/\/www.gigapa.com\/fr\/product\/single-shaft-crushers\/","title":{"rendered":"Broyeurs \u00e0 arbre unique GSG-M"},"content":{"rendered":"<h3>Introduction de l'\u00e9quipement :<\/h3>\n<p>Un broyeur \u00e0 arbre unique, \u00e9galement connu sous le nom de granulateur \u00e0 arbre unique. Les lames rotatives \u00e0 grande vitesse du broyeur \u00e0 arbre unique coupent continuellement contre les lames fixes jusqu'\u00e0 ce que la taille du mat\u00e9riau soit suffisamment r\u00e9duite pour passer \u00e0 travers la plus petite ouverture de la maille du tamis. En raison de sa vitesse de rotation \u00e9lev\u00e9e et de la petite taille des mailles du tamis, il est g\u00e9n\u00e9ralement utilis\u00e9 comme m\u00e9thode de broyage secondaire. Les granul\u00e9s plus petits et uniformes sont utiles au fonctionnement d'\u00e9quipements ult\u00e9rieurs tels que les broyeurs. L'utilisation d'un dispositif d'\u00e9vacuation par air permet de r\u00e9soudre efficacement le probl\u00e8me de l'espace occup\u00e9 par les convoyeurs, et la position de l'\u00e9vacuation finale est plus flexible. En raison de ces avantages, le broyeur \u00e0 arbre unique est largement utilis\u00e9 dans l'industrie du recyclage des ressources qui n\u00e9cessitent une qualit\u00e9 de particules \u00e9lev\u00e9e.<\/p>\n<div class=\"ast-oembed-container\" style=\"height: 100%;\"><iframe title=\"#plasticcrusher #plasticgranulator\" width=\"422\" height=\"750\" src=\"https:\/\/www.youtube.com\/embed\/4GzPAiCfg3Y?feature=oembed\" frameborder=\"0\" allow=\"accelerometer; autoplay; clipboard-write; encrypted-media; gyroscope; picture-in-picture; web-share\" referrerpolicy=\"strict-origin-when-cross-origin\" allowfullscreen><\/iframe><\/div>\n<h3>Gamme d'applications :<\/h3>\n<table style=\"border-collapse: collapse; width: 1402px; height: 349px;\" border=\"0\" width=\"1563\" cellspacing=\"0\" cellpadding=\"0\">\n<tbody>\n<tr style=\"height: 13.50pt;\">\n<td style=\"height: 13.50pt; width: 155.25pt;\" width=\"207\" height=\"18\">Plastiques<\/td>\n<td style=\"width: 1017.00pt;\" width=\"1356\">Moulage par injection, extrusion, moulage par soufflage et autres mati\u00e8res plastiques g\u00e9n\u00e9rales ; c\u00f4nes de signalisation, coques de petits appareils, bouteilles de boissons, sacs tiss\u00e9s et autres produits en plastique.<\/td>\n<\/tr>\n<tr style=\"height: 13.50pt;\">\n<td style=\"height: 13.50pt;\" height=\"18\">Bois<\/td>\n<td>Bois de rebut, chutes de bois, moules en bois, palettes en bois, portes en bois, tables en bois, chaises en bois, etc.<\/td>\n<\/tr>\n<tr style=\"height: 13.50pt;\">\n<td style=\"height: 13.50pt;\" height=\"18\">Caoutchouc<\/td>\n<td>Caoutchouc de pneu, caoutchouc recycl\u00e9, bandes d'\u00e9tanch\u00e9it\u00e9, etc.<\/td>\n<\/tr>\n<tr style=\"height: 13.50pt;\">\n<td style=\"height: 13.50pt;\" height=\"18\">Papier<\/td>\n<td>Papier pour documents, papier d'emballage, carton, livres, etc.<\/td>\n<\/tr>\n<tr style=\"height: 13.50pt;\">\n<td style=\"height: 13.50pt;\" height=\"18\">Tissu et cuir<\/td>\n<td>D\u00e9chets de cuir, tissus synth\u00e9tiques, tapis, v\u00eatements, rideaux, etc.<\/td>\n<\/tr>\n<tr style=\"height: 13.50pt;\">\n<td style=\"height: 13.50pt;\" height=\"18\">Autres<\/td>\n<td>Cartes de circuits imprim\u00e9s, fils, c\u00e2bles, \u00e9ponge, mousse, latex, fibre de verre, etc.<\/td>\n<\/tr>\n<\/tbody>\n<\/table>\n<h3>Param\u00e8tres du mod\u00e8le :<\/h3>\n<table style=\"border-collapse: collapse; width: 1344px; height: 429px;\" border=\"0\" width=\"1103\" cellspacing=\"0\" cellpadding=\"0\">\n<tbody>\n<tr style=\"height: 13.50pt;\">\n<td class=\"et2\" style=\"height: 13.50pt; width: 155.25pt;\" width=\"207\" height=\"18\">Mod\u00e8le<\/td>\n<td class=\"et2\" style=\"width: 153.00pt;\" width=\"204\">GSG-M806<\/td>\n<td class=\"et2\" style=\"width: 97.50pt;\" width=\"130\">GSG-M808<\/td>\n<td class=\"et2\" style=\"width: 111.00pt;\" width=\"148\">GSG-M408<\/td>\n<td class=\"et2\" style=\"width: 102.00pt;\" width=\"136\">GSG-M508<\/td>\n<td class=\"et2\" style=\"width: 100.50pt;\" width=\"134\">GSG-M512<\/td>\n<td class=\"et2\" style=\"width: 108.00pt;\" width=\"144\">GSG-M612<\/td>\n<\/tr>\n<tr style=\"height: 13.50pt;\">\n<td class=\"et2\" style=\"height: 13.50pt;\" height=\"18\">Diam\u00e8tre de pivotement (mm)<\/td>\n<td class=\"et2\">\u03c6320<\/td>\n<td class=\"et2\">\u03c6320<\/td>\n<td class=\"et2\">\u03c6420<\/td>\n<td class=\"et2\">\u03c6520<\/td>\n<td class=\"et2\">\u03c6520<\/td>\n<td class=\"et2\">\u03c6660<\/td>\n<\/tr>\n<tr style=\"height: 13.50pt;\">\n<td class=\"et2\" style=\"height: 13.50pt;\" height=\"18\">Longueur du rouleau (mm)<\/td>\n<td class=\"et2\">600<\/td>\n<td class=\"et2\">800<\/td>\n<td class=\"et2\">800<\/td>\n<td class=\"et2\">800<\/td>\n<td class=\"et2\">1200<\/td>\n<td class=\"et2\">1200<\/td>\n<\/tr>\n<tr style=\"height: 13.50pt;\">\n<td class=\"et2\" style=\"height: 13.50pt;\" height=\"18\">Ouverture de la maille (mm)<\/td>\n<td class=\"et2\">\u03c612<\/td>\n<td class=\"et2\">\u03c612<\/td>\n<td class=\"et2\">\u03c612<\/td>\n<td class=\"et2\">\u03c612<\/td>\n<td class=\"et2\">\u03c612<\/td>\n<td class=\"et2\">\u03c612<\/td>\n<\/tr>\n<tr style=\"height: 13.50pt;\">\n<td class=\"et2\" style=\"height: 13.50pt;\" height=\"18\">Puissance du moteur (kW)<\/td>\n<td class=\"et2\">22<\/td>\n<td class=\"et2\">30<\/td>\n<td class=\"et2\">37<\/td>\n<td class=\"et2\">45<\/td>\n<td class=\"et2\">75<\/td>\n<td class=\"et2\">90<\/td>\n<\/tr>\n<tr style=\"height: 13.50pt;\">\n<td class=\"et2\" style=\"height: 13.50pt;\" height=\"18\">Dimensions (L-W-H)(mm)<\/td>\n<td class=\"et2\">1400\u00d71180\u00d72220<\/td>\n<td class=\"et2\">1400\u00d71380\u00d72220<\/td>\n<td class=\"et2\">1580\u00d71450\u00d72310<\/td>\n<td class=\"et2\">2170\u00d71780\u00d73100<\/td>\n<td class=\"et2\">2170\u00d72180\u00d73100<\/td>\n<td class=\"et2\">2490\u00d72280\u00d73350<\/td>\n<\/tr>\n<tr style=\"height: 13.50pt;\">\n<td class=\"et2\" style=\"height: 13.50pt;\" height=\"18\">Poids total (kg)<\/td>\n<td class=\"et2\">Environ 1500<\/td>\n<td class=\"et2\">Environ 1800<\/td>\n<td class=\"et2\">Environ 3100<\/td>\n<td class=\"et2\">Environ 4300<\/td>\n<td class=\"et2\">Environ 5400<\/td>\n<td class=\"et2\">Environ 7200<\/td>\n<\/tr>\n<\/tbody>\n<\/table>\n<p>Les mod\u00e8les ci-dessus sont des mod\u00e8les universels standard. Si vous avez besoin d'autres mod\u00e8les, veuillez contacter notre personnel. Nous pouvons \u00e9galement fournir des services personnalis\u00e9s en fonction de vos besoins.<\/p>\n<h3>Faits saillants techniques :<\/h3>\n<p>1. Haute fiabilit\u00e9<br \/>\nDes roulements \u00e0 grande vitesse \u00e0 facteur de s\u00e9curit\u00e9 \u00e9lev\u00e9 sont utilis\u00e9s, ce qui rend les roulements plus stables et plus durables.<\/p>\n<p>2. Une bonne \u00e9conomie<br \/>\nLes lames mobiles et fixes peuvent \u00eatre rectifi\u00e9es plusieurs fois, ce qui permet de r\u00e9duire efficacement le co\u00fbt des pi\u00e8ces d'usure.<\/p>\n<p>3. Excellente maintenabilit\u00e9<br \/>\nLa conception de la bo\u00eete divis\u00e9e est \u00e9quip\u00e9e d'un m\u00e9canisme d'ouverture et de fermeture, ce qui rend la maintenance simple, efficace et s\u00fbre.<\/p>\n<p><img fetchpriority=\"high\" decoding=\"async\" class=\"alignnone wp-image-1002\" title=\"Concasseurs \u00e0 arbre unique\" src=\"https:\/\/www.gigapa.com\/wp-content\/uploads\/2025\/05\/\u5e9f\u8f6e\u80ce\u7834\u788e.jpg\" alt=\"Concasseurs \u00e0 arbre unique\" width=\"500\" height=\"314\" srcset=\"https:\/\/www.gigapa.com\/wp-content\/uploads\/2025\/05\/\u5e9f\u8f6e\u80ce\u7834\u788e.jpg 1034w, https:\/\/www.gigapa.com\/wp-content\/uploads\/2025\/05\/\u5e9f\u8f6e\u80ce\u7834\u788e-300x188.jpg 300w, https:\/\/www.gigapa.com\/wp-content\/uploads\/2025\/05\/\u5e9f\u8f6e\u80ce\u7834\u788e-1024x643.jpg 1024w, https:\/\/www.gigapa.com\/wp-content\/uploads\/2025\/05\/\u5e9f\u8f6e\u80ce\u7834\u788e-768x482.jpg 768w, https:\/\/www.gigapa.com\/wp-content\/uploads\/2025\/05\/\u5e9f\u8f6e\u80ce\u7834\u788e-600x377.jpg 600w\" sizes=\"(max-width: 500px) 100vw, 500px\" \/> <img decoding=\"async\" class=\"alignnone wp-image-1003\" title=\"Concasseurs \u00e0 arbre unique\" src=\"https:\/\/www.gigapa.com\/wp-content\/uploads\/2025\/05\/\u5e9f\u5851\u6599\u7834\u788e.jpg\" alt=\"Concasseurs \u00e0 arbre unique\" width=\"500\" height=\"314\" srcset=\"https:\/\/www.gigapa.com\/wp-content\/uploads\/2025\/05\/\u5e9f\u5851\u6599\u7834\u788e.jpg 1034w, https:\/\/www.gigapa.com\/wp-content\/uploads\/2025\/05\/\u5e9f\u5851\u6599\u7834\u788e-300x188.jpg 300w, https:\/\/www.gigapa.com\/wp-content\/uploads\/2025\/05\/\u5e9f\u5851\u6599\u7834\u788e-1024x643.jpg 1024w, https:\/\/www.gigapa.com\/wp-content\/uploads\/2025\/05\/\u5e9f\u5851\u6599\u7834\u788e-768x482.jpg 768w, https:\/\/www.gigapa.com\/wp-content\/uploads\/2025\/05\/\u5e9f\u5851\u6599\u7834\u788e-600x377.jpg 600w\" sizes=\"(max-width: 500px) 100vw, 500px\" \/><\/p>\n<p><img decoding=\"async\" class=\"alignnone wp-image-1004\" title=\"Concasseurs \u00e0 arbre unique\" src=\"https:\/\/www.gigapa.com\/wp-content\/uploads\/2025\/05\/\u5e9f\u7eb8\u7834\u788e.jpg\" alt=\"Concasseurs \u00e0 arbre unique\" width=\"500\" height=\"314\" srcset=\"https:\/\/www.gigapa.com\/wp-content\/uploads\/2025\/05\/\u5e9f\u7eb8\u7834\u788e.jpg 1034w, https:\/\/www.gigapa.com\/wp-content\/uploads\/2025\/05\/\u5e9f\u7eb8\u7834\u788e-300x188.jpg 300w, https:\/\/www.gigapa.com\/wp-content\/uploads\/2025\/05\/\u5e9f\u7eb8\u7834\u788e-1024x643.jpg 1024w, https:\/\/www.gigapa.com\/wp-content\/uploads\/2025\/05\/\u5e9f\u7eb8\u7834\u788e-768x482.jpg 768w, https:\/\/www.gigapa.com\/wp-content\/uploads\/2025\/05\/\u5e9f\u7eb8\u7834\u788e-600x377.jpg 600w\" sizes=\"(max-width: 500px) 100vw, 500px\" \/> <img loading=\"lazy\" decoding=\"async\" class=\"alignnone wp-image-1005\" title=\"Concasseurs \u00e0 arbre unique\" src=\"https:\/\/www.gigapa.com\/wp-content\/uploads\/2025\/05\/\u6d77\u7ef5\u7834\u788e.jpg\" alt=\"Concasseurs \u00e0 arbre unique\" width=\"500\" height=\"314\" srcset=\"https:\/\/www.gigapa.com\/wp-content\/uploads\/2025\/05\/\u6d77\u7ef5\u7834\u788e.jpg 1034w, https:\/\/www.gigapa.com\/wp-content\/uploads\/2025\/05\/\u6d77\u7ef5\u7834\u788e-300x188.jpg 300w, https:\/\/www.gigapa.com\/wp-content\/uploads\/2025\/05\/\u6d77\u7ef5\u7834\u788e-1024x643.jpg 1024w, https:\/\/www.gigapa.com\/wp-content\/uploads\/2025\/05\/\u6d77\u7ef5\u7834\u788e-768x482.jpg 768w, https:\/\/www.gigapa.com\/wp-content\/uploads\/2025\/05\/\u6d77\u7ef5\u7834\u788e-600x377.jpg 600w\" sizes=\"(max-width: 500px) 100vw, 500px\" \/><\/p>\n<h3>Principe de fonctionnement<\/h3>\n<p data-start=\"449\" data-end=\"476\"><strong>1. Alimentation en mat\u00e9riaux<\/strong><\/p>\n<ul>\n<li data-start=\"479\" data-end=\"701\">Entr\u00e9e du mat\u00e9riau : Le mat\u00e9riau est introduit dans la chambre de broyage du concasseur par une entr\u00e9e. Selon la conception, les mat\u00e9riaux peuvent \u00eatre introduits manuellement ou automatiquement dans la machine \u00e0 l'aide d'un convoyeur ou d'autres dispositifs.<\/li>\n<li data-start=\"704\" data-end=\"841\">Mat\u00e9riaux applicables : Ce broyeur peut traiter une grande vari\u00e9t\u00e9 de mat\u00e9riaux tels que les plastiques, le caoutchouc, les d\u00e9chets \u00e9lectroniques, les m\u00e9taux, le bois, le papier, etc.<\/li>\n<\/ul>\n<p data-start=\"843\" data-end=\"894\"><strong>2. Coupe et d\u00e9chiquetage par lames rotatives<\/strong><\/p>\n<ul>\n<li data-start=\"897\" data-end=\"1114\">Lames rotatives : Le broyeur \u00e0 arbre unique est \u00e9quip\u00e9 d'un arbre principal qui entra\u00eene plusieurs lames robustes. L'arbre principal est g\u00e9n\u00e9ralement entra\u00een\u00e9 par un moteur \u00e9lectrique, ce qui fait tourner les lames \u00e0 grande vitesse.<\/li>\n<li data-start=\"1117\" data-end=\"1341\">Action de cisaillement : Lorsque le mat\u00e9riau p\u00e9n\u00e8tre dans la chambre de broyage, les lames rotatives entrent en contact avec le mat\u00e9riau. Les lames exercent une force de coupe, de d\u00e9chirement et de compression pour r\u00e9duire le mat\u00e9riau en particules plus petites.<\/li>\n<li data-start=\"1344\" data-end=\"1575\">Interaction entre le mat\u00e9riau et les lames : Le mat\u00e9riau est pouss\u00e9 dans la zone des lames, qui le coupent et le broient rapidement. Le mouvement relatif des lames contre le mat\u00e9riau cr\u00e9e de puissantes forces de coupe et de broyage.<\/li>\n<\/ul>\n<p data-start=\"1577\" data-end=\"1610\"><strong>3. Concassage et criblage<\/strong><\/p>\n<ul>\n<li data-start=\"1613\" data-end=\"1868\">Processus de broyage : Lorsque le mat\u00e9riau passe \u00e0 travers les lames, il est rapidement d\u00e9chiquet\u00e9 et broy\u00e9. Le mat\u00e9riau broy\u00e9 s'\u00e9coule ensuite hors de la chambre, passant \u00e0 travers un crible ou subissant un nouveau broyage pour un traitement plus fin.<\/li>\n<li data-start=\"1871\" data-end=\"2207\">Fonction de criblage : Certains mod\u00e8les de concasseurs \u00e0 arbre unique sont \u00e9quip\u00e9s de cribles pour contr\u00f4ler la taille du mat\u00e9riau broy\u00e9. Le mat\u00e9riau doit passer \u00e0 travers le crible, et si la taille des particules correspond aux sp\u00e9cifications requises, il est expuls\u00e9. Dans le cas contraire, le mat\u00e9riau est r\u00e9introduit dans la chambre de broyage pour une nouvelle r\u00e9duction.<\/li>\n<\/ul>\n<p data-start=\"2209\" data-end=\"2235\"><strong>4. Production de mat\u00e9riel<\/strong><\/p>\n<ul>\n<li data-start=\"2238\" data-end=\"2512\">Particules broy\u00e9es : Le mat\u00e9riau est continuellement d\u00e9chiquet\u00e9 et broy\u00e9 par les lames rotatives et est \u00e9ject\u00e9 du broyeur par la sortie. En raison de l'action de coupe et de d\u00e9chiquetage \u00e0 grande vitesse, le r\u00e9sultat se pr\u00e9sente g\u00e9n\u00e9ralement sous la forme de particules plus petites et uniformes.<\/li>\n<li data-start=\"2515\" data-end=\"2744\">Taille des particules : La taille finale des particules d\u00e9pend de la conception de la lame, de la duret\u00e9 du mat\u00e9riau et des conditions d'utilisation. Si des particules plus petites sont n\u00e9cessaires, la pr\u00e9cision de la lame peut \u00eatre ajust\u00e9e, ou les r\u00e9glages op\u00e9rationnels peuvent \u00eatre affin\u00e9s.<\/li>\n<\/ul>","protected":false},"excerpt":{"rendered":"<p>Les broyeurs \u00e0 arbre unique sont principalement utilis\u00e9s pour les plastiques - plastiques g\u00e9n\u00e9raux tels que le moulage par injection, l'extrusion, le film souffl\u00e9, les blocs de matrice, etc. ; les c\u00e2bles - c\u00e2bles \u00e0 \u00e2me en cuivre, c\u00e2bles \u00e0 \u00e2me en aluminium et c\u00e2bles composites ; l'aluminium - bo\u00eetes de conserve, copeaux d'aluminium, etc.<\/p>","protected":false},"featured_media":754,"template":"","meta":{"site-sidebar-layout":"default","site-content-layout":"","ast-site-content-layout":"default","site-content-style":"default","site-sidebar-style":"default","ast-global-header-display":"","ast-banner-title-visibility":"","ast-main-header-display":"","ast-hfb-above-header-display":"","ast-hfb-below-header-display":"","ast-hfb-mobile-header-display":"","site-post-title":"","ast-breadcrumbs-content":"","ast-featured-img":"","footer-sml-layout":"","ast-disable-related-posts":"","theme-transparent-header-meta":"default","adv-header-id-meta":"","stick-header-meta":"","header-above-stick-meta":"","header-main-stick-meta":"","header-below-stick-meta":"","astra-migrate-meta-layouts":"set","ast-page-background-enabled":"default","ast-page-background-meta":{"desktop":{"background-color":"var(--ast-global-color-5)","background-image":"","background-repeat":"repeat","background-position":"center center","background-size":"auto","background-attachment":"scroll","background-type":"","background-media":"","overlay-type":"","overlay-color":"","overlay-opacity":"","overlay-gradient":""},"tablet":{"background-color":"","background-image":"","background-repeat":"repeat","background-position":"center center","background-size":"auto","background-attachment":"scroll","background-type":"","background-media":"","overlay-type":"","overlay-color":"","overlay-opacity":"","overlay-gradient":""},"mobile":{"background-color":"","background-image":"","background-repeat":"repeat","background-position":"center center","background-size":"auto","background-attachment":"scroll","background-type":"","background-media":"","overlay-type":"","overlay-color":"","overlay-opacity":"","overlay-gradient":""}},"ast-content-background-meta":{"desktop":{"background-color":"var(--ast-global-color-4)","background-image":"","background-repeat":"repeat","background-position":"center center","background-size":"auto","background-attachment":"scroll","background-type":"","background-media":"","overlay-type":"","overlay-color":"","overlay-opacity":"","overlay-gradient":""},"tablet":{"background-color":"var(--ast-global-color-4)","background-image":"","background-repeat":"repeat","background-position":"center center","background-size":"auto","background-attachment":"scroll","background-type":"","background-media":"","overlay-type":"","overlay-color":"","overlay-opacity":"","overlay-gradient":""},"mobile":{"background-color":"var(--ast-global-color-4)","background-image":"","background-repeat":"repeat","background-position":"center center","background-size":"auto","background-attachment":"scroll","background-type":"","background-media":"","overlay-type":"","overlay-color":"","overlay-opacity":"","overlay-gradient":""}}},"product_brand":[],"product_cat":[20,151],"product_tag":[57,59,61,60,58],"class_list":{"0":"post-855","1":"product","2":"type-product","3":"status-publish","4":"has-post-thumbnail","6":"product_cat-shredding-and-crushing-machine","7":"product_cat-single-shaft-crusher","8":"product_tag-china-single-shaft-crusher-factory","9":"product_tag-single-shaft-crusher-machine","10":"product_tag-single-shaft-crusher-machine-price","11":"product_tag-single-shaft-metal-crusher-machine","12":"product_tag-single-shaft-waste-plastic-crusher","13":"desktop-align-left","14":"tablet-align-left","15":"mobile-align-left","17":"first","18":"instock","19":"shipping-taxable","20":"product-type-simple"},"_links":{"self":[{"href":"https:\/\/www.gigapa.com\/fr\/wp-json\/wp\/v2\/product\/855","targetHints":{"allow":["GET"]}}],"collection":[{"href":"https:\/\/www.gigapa.com\/fr\/wp-json\/wp\/v2\/product"}],"about":[{"href":"https:\/\/www.gigapa.com\/fr\/wp-json\/wp\/v2\/types\/product"}],"version-history":[{"count":12,"href":"https:\/\/www.gigapa.com\/fr\/wp-json\/wp\/v2\/product\/855\/revisions"}],"predecessor-version":[{"id":2833,"href":"https:\/\/www.gigapa.com\/fr\/wp-json\/wp\/v2\/product\/855\/revisions\/2833"}],"wp:featuredmedia":[{"embeddable":true,"href":"https:\/\/www.gigapa.com\/fr\/wp-json\/wp\/v2\/media\/754"}],"wp:attachment":[{"href":"https:\/\/www.gigapa.com\/fr\/wp-json\/wp\/v2\/media?parent=855"}],"wp:term":[{"taxonomy":"product_brand","embeddable":true,"href":"https:\/\/www.gigapa.com\/fr\/wp-json\/wp\/v2\/product_brand?post=855"},{"taxonomy":"product_cat","embeddable":true,"href":"https:\/\/www.gigapa.com\/fr\/wp-json\/wp\/v2\/product_cat?post=855"},{"taxonomy":"product_tag","embeddable":true,"href":"https:\/\/www.gigapa.com\/fr\/wp-json\/wp\/v2\/product_tag?post=855"}],"curies":[{"name":"wp","href":"https:\/\/api.w.org\/{rel}","templated":true}]}}