{"id":857,"date":"2025-05-06T16:35:58","date_gmt":"2025-05-06T08:35:58","guid":{"rendered":"https:\/\/gigapa.com\/?post_type=product&#038;p=857"},"modified":"2025-10-20T13:53:09","modified_gmt":"2025-10-20T05:53:09","slug":"vertical-baling-machines","status":"publish","type":"product","link":"https:\/\/www.gigapa.com\/fr\/product\/vertical-baling-machines\/","title":{"rendered":"Machines \u00e0 balles verticales GSB-V"},"content":{"rendered":"<h3>Introduction de l'\u00e9quipement :<\/h3>\n<p>La presse \u00e0 balles verticale est aliment\u00e9e par une pompe hydraulique qui entra\u00eene le mouvement du cylindre hydraulique, d\u00e9pla\u00e7ant ainsi la t\u00eate de compression pour ex\u00e9cuter l'action de compression, dans le but de r\u00e9duire le volume des mat\u00e9riaux et d'augmenter la densit\u00e9 en vrac. Apr\u00e8s la compression, ces mat\u00e9riaux ne peuvent g\u00e9n\u00e9ralement pas conserver leur forme par d\u00e9formation compl\u00e8te, et il faut donc les aider \u00e0 maintenir l'effet de compression par des m\u00e9thodes de liage. En raison de sa grande polyvalence, de son faible encombrement et de sa simplicit\u00e9 d'utilisation, la presse \u00e0 balles verticale est largement utilis\u00e9e dans les entreprises ayant de petits volumes de traitement, en particulier les supermarch\u00e9s et les petites stations de recyclage qui font un usage intensif de ce type de presse \u00e0 balles verticale.<\/p>\n<div class=\"ast-oembed-container\" style=\"height: 100%;\"><iframe title=\"Carton usag\u00e9 compress\u00e9 en briques ! Presse \u00e0 balles verticale de 2 tonnes par heure #verticalbaler\" width=\"500\" height=\"375\" src=\"https:\/\/www.youtube.com\/embed\/az3REtxEzkA?feature=oembed\" frameborder=\"0\" allow=\"accelerometer; autoplay; clipboard-write; encrypted-media; gyroscope; picture-in-picture; web-share\" referrerpolicy=\"strict-origin-when-cross-origin\" allowfullscreen><\/iframe><\/div>\n<h3>Gamme d'applications :<\/h3>\n<table style=\"border-collapse: collapse; width: 1325px; height: 313px;\" border=\"0\" width=\"1409\" cellspacing=\"0\" cellpadding=\"0\">\n<tbody>\n<tr style=\"height: 13.50pt;\">\n<td style=\"height: 13.50pt; width: 155.25pt;\" width=\"207\" height=\"18\">Papier<\/td>\n<td style=\"width: 901.50pt;\" width=\"1202\">Journaux, magazines, livres, papier d'emballage, carton ondul\u00e9, bo\u00eetes en carton, bo\u00eetes en papier, papier publicitaire, divers d\u00e9chets de papeterie, etc.<\/td>\n<\/tr>\n<tr style=\"height: 13.50pt;\">\n<td style=\"height: 13.50pt;\" height=\"18\">Plastique<\/td>\n<td>Sacs en plastique, emballages en plastique, bouteilles en plastique, bouteilles de boissons, films de paillage, films en plastique, sacs tiss\u00e9s, etc.<\/td>\n<\/tr>\n<tr style=\"height: 13.50pt;\">\n<td style=\"height: 13.50pt;\" height=\"18\">Tissu et cuir<\/td>\n<td>D\u00e9chets de cuir, d\u00e9chets d'usines textiles, d\u00e9chets d'ateliers de confection, tapis, v\u00eatements, rideaux, jouets en peluche, etc.<\/td>\n<\/tr>\n<tr style=\"height: 13.50pt;\">\n<td style=\"height: 13.50pt;\" height=\"18\">Plantes<\/td>\n<td>Diverses pailles, branches d'arbre, balles de riz, etc.<\/td>\n<\/tr>\n<tr style=\"height: 13.50pt;\">\n<td style=\"height: 13.50pt;\" height=\"18\">M\u00e9tal<\/td>\n<td>Canettes en aluminium, profil\u00e9s en aluminium, etc.<\/td>\n<\/tr>\n<tr style=\"height: 13.50pt;\">\n<td style=\"height: 13.50pt;\" height=\"18\">Autres<\/td>\n<td>Ordures m\u00e9nag\u00e8res, \u00e9ponges, bandes de caoutchouc, tuiles d'acier color\u00e9es, etc.<\/td>\n<\/tr>\n<\/tbody>\n<\/table>\n<h3>Param\u00e8tres du mod\u00e8le :<\/h3>\n<table style=\"border-collapse: collapse; width: 1178px; height: 543px;\" border=\"0\" width=\"972\" cellspacing=\"0\" cellpadding=\"0\">\n<tbody>\n<tr style=\"height: 13.50pt;\">\n<td class=\"et3\" style=\"height: 13.50pt; width: 234.75pt;\" width=\"313\" height=\"18\">Mod\u00e8le<\/td>\n<td class=\"et4\" style=\"width: 123.75pt;\" width=\"165\">GSB-V0604<\/td>\n<td class=\"et4\" style=\"width: 119.25pt;\" width=\"159\">GSB-V0806<\/td>\n<td class=\"et4\" style=\"width: 125.25pt;\" width=\"167\">GSB-V1107<\/td>\n<td class=\"et4\" style=\"width: 126.00pt;\" width=\"168\">GSB-V1208<\/td>\n<\/tr>\n<tr style=\"height: 13.50pt;\">\n<td class=\"et3\" style=\"height: 13.50pt; width: 234.75pt;\" width=\"313\" height=\"18\">Taille de l'ouverture d'alimentation (L\u00d7H) (mm)<\/td>\n<td class=\"et4\" style=\"width: 123.75pt;\" width=\"165\">600\u00d7360<\/td>\n<td class=\"et4\" style=\"width: 119.25pt;\" width=\"159\">800\u00d7450<\/td>\n<td class=\"et4\" style=\"width: 125.25pt;\" width=\"167\">1100\u00d7550<\/td>\n<td class=\"et4\" style=\"width: 126.00pt;\" width=\"168\">1200\u00d7550<\/td>\n<\/tr>\n<tr style=\"height: 13.50pt;\">\n<td class=\"et3\" style=\"height: 13.50pt; width: 234.75pt;\" width=\"313\" height=\"18\">Taille de l'emballage (L\u00d7L\u00d7H)(mm)<\/td>\n<td class=\"et4\" style=\"width: 123.75pt;\" width=\"165\">600\u00d7400\u00d7(400-640)<\/td>\n<td class=\"et4\" style=\"width: 119.25pt;\" width=\"159\">800\u00d7600\u00d7(300-800)<\/td>\n<td class=\"et4\" style=\"width: 125.25pt;\" width=\"167\">1100\u00d7700\u00d7(500-950)<\/td>\n<td class=\"et4\" style=\"width: 126.00pt;\" width=\"168\">1200\u00d7800\u00d7(500-950)<\/td>\n<\/tr>\n<tr style=\"height: 13.50pt;\">\n<td class=\"et3\" style=\"height: 13.50pt; width: 234.75pt;\" width=\"313\" height=\"18\">Dur\u00e9e du cycle (s)<\/td>\n<td class=\"et4\" style=\"width: 123.75pt;\" width=\"165\">25<\/td>\n<td class=\"et4\" style=\"width: 119.25pt;\" width=\"159\">50<\/td>\n<td class=\"et4\" style=\"width: 125.25pt;\" width=\"167\">50<\/td>\n<td class=\"et4\" style=\"width: 126.00pt;\" width=\"168\">47<\/td>\n<\/tr>\n<tr style=\"height: 13.50pt;\">\n<td class=\"et3\" style=\"height: 13.50pt; width: 234.75pt;\" width=\"313\" height=\"18\">Nombre de pistes de cerclage (PCS)<\/td>\n<td class=\"et4\" style=\"width: 123.75pt;\" width=\"165\">4<\/td>\n<td class=\"et4\" style=\"width: 119.25pt;\" width=\"159\">4<\/td>\n<td class=\"et4\" style=\"width: 125.25pt;\" width=\"167\">4<\/td>\n<td class=\"et4\" style=\"width: 126.00pt;\" width=\"168\">4<\/td>\n<\/tr>\n<tr style=\"height: 13.50pt;\">\n<td class=\"et3\" style=\"height: 13.50pt; width: 234.75pt;\" width=\"313\" height=\"18\">Diam\u00e8tre int\u00e9rieur du ma\u00eetre-cylindre (mm)<\/td>\n<td class=\"et4\" style=\"width: 123.75pt;\" width=\"165\">\u03c690<\/td>\n<td class=\"et4\" style=\"width: 119.25pt;\" width=\"159\">\u03c6125<\/td>\n<td class=\"et4\" style=\"width: 125.25pt;\" width=\"167\">\u03c6110<\/td>\n<td class=\"et4\" style=\"width: 126.00pt;\" width=\"168\">\u03c6125<\/td>\n<\/tr>\n<tr style=\"height: 13.50pt;\">\n<td class=\"et3\" style=\"height: 13.50pt; width: 234.75pt;\" width=\"313\" height=\"18\">Pression du ma\u00eetre-cylindre (T)<\/td>\n<td class=\"et4\" style=\"width: 123.75pt;\" width=\"165\">16<\/td>\n<td class=\"et4\" style=\"width: 119.25pt;\" width=\"159\">31.5<\/td>\n<td class=\"et4\" style=\"width: 125.25pt;\" width=\"167\">25\u00d72<\/td>\n<td class=\"et4\" style=\"width: 126.00pt;\" width=\"168\">31.5\u00d72<\/td>\n<\/tr>\n<tr style=\"height: 13.50pt;\">\n<td class=\"et3\" style=\"height: 13.50pt; width: 234.75pt;\" width=\"313\" height=\"18\">Puissance hydraulique (kW)<\/td>\n<td class=\"et4\" style=\"width: 123.75pt;\" width=\"165\">2.2<\/td>\n<td class=\"et4\" style=\"width: 119.25pt;\" width=\"159\">4<\/td>\n<td class=\"et4\" style=\"width: 125.25pt;\" width=\"167\">5.5<\/td>\n<td class=\"et4\" style=\"width: 126.00pt;\" width=\"168\">7.5<\/td>\n<\/tr>\n<tr style=\"height: 13.50pt;\">\n<td class=\"et3\" style=\"height: 13.50pt; width: 234.75pt;\" width=\"313\" height=\"18\">Dimensions (L\u00d7L\u00d7H)(mm)<\/td>\n<td class=\"et4\" style=\"width: 123.75pt;\" width=\"165\">950\u00d7760\u00d72070<\/td>\n<td class=\"et4\" style=\"width: 119.25pt;\" width=\"159\">1150\u00d7960\u00d72850<\/td>\n<td class=\"et4\" style=\"width: 125.25pt;\" width=\"167\">1580\u00d71080\u00d73140<\/td>\n<td class=\"et4\" style=\"width: 126.00pt;\" width=\"168\">1680\u00d71160\u00d73280<\/td>\n<\/tr>\n<tr style=\"height: 13.50pt;\">\n<td class=\"et3\" style=\"height: 13.50pt; width: 234.75pt;\" width=\"313\" height=\"18\">Poids total (kg)<\/td>\n<td class=\"et4\" style=\"width: 123.75pt;\" width=\"165\">Environ 500<\/td>\n<td class=\"et4\" style=\"width: 119.25pt;\" width=\"159\">Environ 850<\/td>\n<td class=\"et4\" style=\"width: 125.25pt;\" width=\"167\">Environ 1500<\/td>\n<td class=\"et4\" style=\"width: 126.00pt;\" width=\"168\">Vers 1850<\/td>\n<\/tr>\n<\/tbody>\n<\/table>\n<p>Les mod\u00e8les ci-dessus sont des mod\u00e8les universels standard. Si vous avez besoin d'autres mod\u00e8les, veuillez contacter notre personnel. Nous pouvons \u00e9galement fournir des services personnalis\u00e9s en fonction de vos besoins.<\/p>\n<h3>Faits saillants techniques :<\/h3>\n<p>1. Longue dur\u00e9e de vie de la machine<br \/>\nFabriqu\u00e9 en acier de haute qualit\u00e9 et en plaques d'acier \u00e9paissi, il ne se fatigue pas et ne se d\u00e9forme pas en cas d'utilisation prolong\u00e9e.<\/p>\n<p>2. Protection compl\u00e8te de la s\u00e9curit\u00e9<br \/>\nDe nombreuses mesures de s\u00e9curit\u00e9 sont en place pour pr\u00e9venir les risques potentiels.<\/p>\n<p>3. Facilit\u00e9 d'utilisation pour les travailleurs<br \/>\nUn programme d'exploitation intelligent bien d\u00e9velopp\u00e9 garantit un fonctionnement simple et sans souci ainsi qu'une grande efficacit\u00e9.<\/p>\n<p><img fetchpriority=\"high\" decoding=\"async\" class=\"alignnone wp-image-1018\" title=\"Machines \u00e0 balles verticales\" src=\"https:\/\/www.gigapa.com\/wp-content\/uploads\/2025\/05\/\u5e9f\u7eb82.jpg\" alt=\"Machines \u00e0 balles verticales\" width=\"500\" height=\"314\" srcset=\"https:\/\/www.gigapa.com\/wp-content\/uploads\/2025\/05\/\u5e9f\u7eb82.jpg 1034w, https:\/\/www.gigapa.com\/wp-content\/uploads\/2025\/05\/\u5e9f\u7eb82-300x188.jpg 300w, https:\/\/www.gigapa.com\/wp-content\/uploads\/2025\/05\/\u5e9f\u7eb82-1024x643.jpg 1024w, https:\/\/www.gigapa.com\/wp-content\/uploads\/2025\/05\/\u5e9f\u7eb82-768x482.jpg 768w, https:\/\/www.gigapa.com\/wp-content\/uploads\/2025\/05\/\u5e9f\u7eb82-600x377.jpg 600w\" sizes=\"(max-width: 500px) 100vw, 500px\" \/> <img decoding=\"async\" class=\"alignnone wp-image-1019\" title=\"Machines \u00e0 balles verticales\" src=\"https:\/\/www.gigapa.com\/wp-content\/uploads\/2025\/05\/\u79f8\u79c6\u6253\u5305.jpg\" alt=\"Machines \u00e0 balles verticales\" width=\"500\" height=\"314\" srcset=\"https:\/\/www.gigapa.com\/wp-content\/uploads\/2025\/05\/\u79f8\u79c6\u6253\u5305.jpg 1034w, https:\/\/www.gigapa.com\/wp-content\/uploads\/2025\/05\/\u79f8\u79c6\u6253\u5305-300x188.jpg 300w, https:\/\/www.gigapa.com\/wp-content\/uploads\/2025\/05\/\u79f8\u79c6\u6253\u5305-1024x643.jpg 1024w, https:\/\/www.gigapa.com\/wp-content\/uploads\/2025\/05\/\u79f8\u79c6\u6253\u5305-768x482.jpg 768w, https:\/\/www.gigapa.com\/wp-content\/uploads\/2025\/05\/\u79f8\u79c6\u6253\u5305-600x377.jpg 600w\" sizes=\"(max-width: 500px) 100vw, 500px\" \/><\/p>\n<p><img decoding=\"async\" class=\"alignnone wp-image-1020\" title=\"Machines \u00e0 balles verticales\" src=\"https:\/\/www.gigapa.com\/wp-content\/uploads\/2025\/05\/\u5851\u6599\u74f64.jpg\" alt=\"Machines \u00e0 balles verticales\" width=\"500\" height=\"314\" srcset=\"https:\/\/www.gigapa.com\/wp-content\/uploads\/2025\/05\/\u5851\u6599\u74f64.jpg 1034w, https:\/\/www.gigapa.com\/wp-content\/uploads\/2025\/05\/\u5851\u6599\u74f64-300x188.jpg 300w, https:\/\/www.gigapa.com\/wp-content\/uploads\/2025\/05\/\u5851\u6599\u74f64-1024x643.jpg 1024w, https:\/\/www.gigapa.com\/wp-content\/uploads\/2025\/05\/\u5851\u6599\u74f64-768x482.jpg 768w, https:\/\/www.gigapa.com\/wp-content\/uploads\/2025\/05\/\u5851\u6599\u74f64-600x377.jpg 600w\" sizes=\"(max-width: 500px) 100vw, 500px\" \/> <img loading=\"lazy\" decoding=\"async\" class=\"alignnone wp-image-1021\" title=\"Machines \u00e0 balles verticales\" src=\"https:\/\/www.gigapa.com\/wp-content\/uploads\/2025\/05\/\u6613\u62c9\u7f503.jpg\" alt=\"Machines \u00e0 balles verticales\" width=\"500\" height=\"314\" srcset=\"https:\/\/www.gigapa.com\/wp-content\/uploads\/2025\/05\/\u6613\u62c9\u7f503.jpg 1034w, https:\/\/www.gigapa.com\/wp-content\/uploads\/2025\/05\/\u6613\u62c9\u7f503-300x188.jpg 300w, https:\/\/www.gigapa.com\/wp-content\/uploads\/2025\/05\/\u6613\u62c9\u7f503-1024x643.jpg 1024w, https:\/\/www.gigapa.com\/wp-content\/uploads\/2025\/05\/\u6613\u62c9\u7f503-768x482.jpg 768w, https:\/\/www.gigapa.com\/wp-content\/uploads\/2025\/05\/\u6613\u62c9\u7f503-600x377.jpg 600w\" sizes=\"(max-width: 500px) 100vw, 500px\" \/><\/p>\n<h3>Principe de fonctionnement<\/h3>\n<p data-immersive-translate-walked=\"f154a824-f1fc-46e7-bb58-d103bf037719\">1. Chargement du mat\u00e9riel<\/p>\n<ul>\n<li class=\"ds-markdown-paragraph\" data-immersive-translate-paragraph=\"1\" data-immersive-translate-walked=\"f154a824-f1fc-46e7-bb58-d103bf037719\">chambre de pressage verticale par le haut ou le c\u00f4t\u00e9.<\/li>\n<li class=\"ds-markdown-paragraph\" data-immersive-translate-walked=\"f154a824-f1fc-46e7-bb58-d103bf037719\" data-immersive-translate-paragraph=\"1\">La chambre est g\u00e9n\u00e9ralement une structure en acier robuste avec un v\u00e9rin hydraulique au fond.<\/li>\n<\/ul>\n<p data-immersive-translate-walked=\"f154a824-f1fc-46e7-bb58-d103bf037719\">2. Processus de compression<\/p>\n<ul>\n<li class=\"ds-markdown-paragraph\" data-immersive-translate-walked=\"f154a824-f1fc-46e7-bb58-d103bf037719\" data-immersive-translate-paragraph=\"1\">Un cylindre hydraulique actionne le v\u00e9rin, qui se d\u00e9place vers le haut pour comprimer le mat\u00e9riau contre une plaque sup\u00e9rieure fixe.<\/li>\n<li class=\"ds-markdown-paragraph\" data-immersive-translate-walked=\"f154a824-f1fc-46e7-bb58-d103bf037719\" data-immersive-translate-paragraph=\"1\">La force de compression peut varier de 10 \u00e0 plus de 100 tonnes, en fonction de la taille de la machine et du type de mat\u00e9riau.<\/li>\n<li class=\"ds-markdown-paragraph\" data-immersive-translate-walked=\"f154a824-f1fc-46e7-bb58-d103bf037719\" data-immersive-translate-paragraph=\"1\">Plusieurs cycles de compression peuvent \u00eatre effectu\u00e9s pour obtenir une densit\u00e9 optimale.<\/li>\n<\/ul>\n<p data-immersive-translate-walked=\"f154a824-f1fc-46e7-bb58-d103bf037719\">3. Le liage des balles<\/p>\n<ul>\n<li class=\"ds-markdown-paragraph\" data-immersive-translate-walked=\"f154a824-f1fc-46e7-bb58-d103bf037719\" data-immersive-translate-paragraph=\"1\">Une fois le mat\u00e9riau enti\u00e8rement comprim\u00e9, l'op\u00e9rateur (ou un syst\u00e8me automatis\u00e9) ins\u00e8re du fil de fer \u00e0 balles, du cerclage ou de la ficelle \u00e0 travers des fentes pr\u00e9d\u00e9finies.<\/li>\n<li class=\"ds-markdown-paragraph\" data-immersive-translate-walked=\"f154a824-f1fc-46e7-bb58-d103bf037719\" data-immersive-translate-paragraph=\"1\">La balle li\u00e9e conserve sa forme apr\u00e8s le rel\u00e2chement de la pression.<\/li>\n<\/ul>\n<p data-immersive-translate-walked=\"f154a824-f1fc-46e7-bb58-d103bf037719\">4. L'\u00e9jection<\/p>\n<ul>\n<li class=\"ds-markdown-paragraph\" data-immersive-translate-walked=\"f154a824-f1fc-46e7-bb58-d103bf037719\" data-immersive-translate-paragraph=\"1\">Le v\u00e9rin hydraulique se r\u00e9tracte et la balle finie est \u00e9ject\u00e9e de la chambre (soit manuellement, soit au moyen d'un m\u00e9canisme de basculement).<\/li>\n<li class=\"ds-markdown-paragraph\" data-immersive-translate-walked=\"f154a824-f1fc-46e7-bb58-d103bf037719\" data-immersive-translate-paragraph=\"1\">Certains mod\u00e8les sont \u00e9quip\u00e9s d'un kicker pour pousser la balle sur une palette ou un convoyeur.<\/li>\n<\/ul>\n<p data-immersive-translate-walked=\"f154a824-f1fc-46e7-bb58-d103bf037719\">5. Remise \u00e0 z\u00e9ro du cycle<\/p>\n<ul>\n<li class=\"ds-markdown-paragraph\" data-immersive-translate-walked=\"f154a824-f1fc-46e7-bb58-d103bf037719\" data-immersive-translate-paragraph=\"1\">La machine se r\u00e9initialise et le processus se r\u00e9p\u00e8te pour le lot suivant.<\/li>\n<\/ul>\n<h3>FAQ<\/h3>\n<p>Q : Quelle est la diff\u00e9rence entre une presse \u00e0 balles verticale et une presse \u00e0 balles horizontale ?<\/p>\n<ul>\n<li>Vertical : peu encombrant, il convient aux petites usines, aux supermarch\u00e9s, etc., bon march\u00e9 et plus manuel.<\/li>\n<li>Horizontal : grand rendement, enti\u00e8rement automatique, adapt\u00e9 aux grandes stations de recyclage, mais plus cher et plus encombrant.<\/li>\n<\/ul>\n<p>Q : 2. combien de temps faut-il pour emballer une bo\u00eete \u00e0 papier ?<\/p>\n<ul>\n<li>G\u00e9n\u00e9ralement 3 \u00e0 5 minutes (y compris le chargement, la compression et le groupage), la vitesse d\u00e9pend de la comp\u00e9tence de l'op\u00e9rateur et des performances de la machine.<\/li>\n<\/ul>\n<p>Q : 3. Comment entretenir une presse \u00e0 balles verticale ?<\/p>\n<ul>\n<li>Ajouter r\u00e9guli\u00e8rement de l'huile de lubrification<\/li>\n<li>V\u00e9rifier si l'huile hydraulique est suffisante<\/li>\n<li>Nettoyer les d\u00e9bris dans le bac de pressage<\/li>\n<li>V\u00e9rifier si la corde\/le fil de fer est normal(e)<\/li>\n<\/ul>\n<p>Q : 4. La machine \u00e0 balles verticales peut-elle \u00eatre mise en bottes automatiquement ?<\/p>\n<ul>\n<li>Semi-automatique : n\u00e9cessite l'enfilage manuel du fil ou du cerclage (courant dans les machines \u00e9conomiques).<\/li>\n<li>Enti\u00e8rement automatique : avec dispositif de liage automatique (prix plus \u00e9lev\u00e9, adapt\u00e9 \u00e0 une utilisation fr\u00e9quente).<\/li>\n<\/ul>\n<p data-start=\"1754\" data-end=\"1939\">Q : 5. la machine peut-elle \u00eatre personnalis\u00e9e ?<br data-start=\"1791\" data-end=\"1794\" \/>Oui, la force de compression, la taille des balles, l'ouverture d'alimentation et le syst\u00e8me \u00e9lectrique peuvent \u00eatre personnalis\u00e9s en fonction du type de mat\u00e9riau et de la capacit\u00e9 de production.<\/p>\n<p data-start=\"1754\" data-end=\"1939\">Q : 6. quelle est la dur\u00e9e de vie de la machine ?<br data-start=\"2185\" data-end=\"2188\" \/>Avec un entretien r\u00e9gulier, une presse \u00e0 balles verticale de qualit\u00e9 peut durer plus de 8 \u00e0 10 ans, en fonction de l'utilisation et du type de mat\u00e9riau.<\/p>\n<p data-start=\"151\" data-end=\"339\">Q : 7. quels sont les modes de paiement accept\u00e9s ?<br data-start=\"193\" data-end=\"196\" \/>Nous acceptons principalement T\/T. Un d\u00e9p\u00f4t de 30% est demand\u00e9 \u00e0 l'avance, et le solde de 70% est pay\u00e9 avant l'exp\u00e9dition.<\/p>\n<p data-start=\"346\" data-end=\"503\">Q : 8. quelles sont vos conditions commerciales ?<br data-start=\"379\" data-end=\"382\" \/>Nos conditions commerciales standard sont FOB Shanghai.<\/p>","protected":false},"excerpt":{"rendered":"<p>La presse \u00e0 balles hydraulique verticale est une solution tr\u00e8s efficace pour le compactage et la mise en balles de divers mat\u00e9riaux tels que le carton, le plastique, le papier et les textiles. Con\u00e7ue avec une structure verticale, elle maximise l'efficacit\u00e9 de l'espace tout en fournissant une compression puissante. Cette machine est id\u00e9ale pour les industries qui n\u00e9cessitent le recyclage et l'\u00e9limination des d\u00e9chets. Elle permet de r\u00e9duire l'espace de stockage, d'am\u00e9liorer l'efficacit\u00e9 de la manutention et de cr\u00e9er des balles bien serr\u00e9es pour faciliter le transport.<\/p>","protected":false},"featured_media":1884,"template":"","meta":{"site-sidebar-layout":"default","site-content-layout":"","ast-site-content-layout":"default","site-content-style":"default","site-sidebar-style":"default","ast-global-header-display":"","ast-banner-title-visibility":"","ast-main-header-display":"","ast-hfb-above-header-display":"","ast-hfb-below-header-display":"","ast-hfb-mobile-header-display":"","site-post-title":"","ast-breadcrumbs-content":"","ast-featured-img":"","footer-sml-layout":"","ast-disable-related-posts":"","theme-transparent-header-meta":"default","adv-header-id-meta":"","stick-header-meta":"","header-above-stick-meta":"","header-main-stick-meta":"","header-below-stick-meta":"","astra-migrate-meta-layouts":"set","ast-page-background-enabled":"default","ast-page-background-meta":{"desktop":{"background-color":"var(--ast-global-color-5)","background-image":"","background-repeat":"repeat","background-position":"center center","background-size":"auto","background-attachment":"scroll","background-type":"","background-media":"","overlay-type":"","overlay-color":"","overlay-opacity":"","overlay-gradient":""},"tablet":{"background-color":"","background-image":"","background-repeat":"repeat","background-position":"center center","background-size":"auto","background-attachment":"scroll","background-type":"","background-media":"","overlay-type":"","overlay-color":"","overlay-opacity":"","overlay-gradient":""},"mobile":{"background-color":"","background-image":"","background-repeat":"repeat","background-position":"center center","background-size":"auto","background-attachment":"scroll","background-type":"","background-media":"","overlay-type":"","overlay-color":"","overlay-opacity":"","overlay-gradient":""}},"ast-content-background-meta":{"desktop":{"background-color":"var(--ast-global-color-4)","background-image":"","background-repeat":"repeat","background-position":"center center","background-size":"auto","background-attachment":"scroll","background-type":"","background-media":"","overlay-type":"","overlay-color":"","overlay-opacity":"","overlay-gradient":""},"tablet":{"background-color":"var(--ast-global-color-4)","background-image":"","background-repeat":"repeat","background-position":"center center","background-size":"auto","background-attachment":"scroll","background-type":"","background-media":"","overlay-type":"","overlay-color":"","overlay-opacity":"","overlay-gradient":""},"mobile":{"background-color":"var(--ast-global-color-4)","background-image":"","background-repeat":"repeat","background-position":"center center","background-size":"auto","background-attachment":"scroll","background-type":"","background-media":"","overlay-type":"","overlay-color":"","overlay-opacity":"","overlay-gradient":""}}},"product_brand":[],"product_cat":[21,152],"product_tag":[71,75,70,69,73,74,72],"class_list":{"0":"post-857","1":"product","2":"type-product","3":"status-publish","4":"has-post-thumbnail","6":"product_cat-baling-machine","7":"product_cat-vertical-baler","8":"product_tag-china-hydraulic-vertical-baler","9":"product_tag-hydraulic-baling-press-machine","10":"product_tag-hydraulic-vertical-baler-for-waste-recycling","11":"product_tag-hydraulic-vertical-plastic-baling-machine","12":"product_tag-hydraulic-vertical-waste-paper-baler","13":"product_tag-vertical-hydraulic-baler-factory","14":"product_tag-vertical-hydraulic-baler-machine","15":"desktop-align-left","16":"tablet-align-left","17":"mobile-align-left","19":"first","20":"instock","21":"featured","22":"shipping-taxable","23":"product-type-simple"},"_links":{"self":[{"href":"https:\/\/www.gigapa.com\/fr\/wp-json\/wp\/v2\/product\/857","targetHints":{"allow":["GET"]}}],"collection":[{"href":"https:\/\/www.gigapa.com\/fr\/wp-json\/wp\/v2\/product"}],"about":[{"href":"https:\/\/www.gigapa.com\/fr\/wp-json\/wp\/v2\/types\/product"}],"version-history":[{"count":13,"href":"https:\/\/www.gigapa.com\/fr\/wp-json\/wp\/v2\/product\/857\/revisions"}],"predecessor-version":[{"id":2760,"href":"https:\/\/www.gigapa.com\/fr\/wp-json\/wp\/v2\/product\/857\/revisions\/2760"}],"wp:featuredmedia":[{"embeddable":true,"href":"https:\/\/www.gigapa.com\/fr\/wp-json\/wp\/v2\/media\/1884"}],"wp:attachment":[{"href":"https:\/\/www.gigapa.com\/fr\/wp-json\/wp\/v2\/media?parent=857"}],"wp:term":[{"taxonomy":"product_brand","embeddable":true,"href":"https:\/\/www.gigapa.com\/fr\/wp-json\/wp\/v2\/product_brand?post=857"},{"taxonomy":"product_cat","embeddable":true,"href":"https:\/\/www.gigapa.com\/fr\/wp-json\/wp\/v2\/product_cat?post=857"},{"taxonomy":"product_tag","embeddable":true,"href":"https:\/\/www.gigapa.com\/fr\/wp-json\/wp\/v2\/product_tag?post=857"}],"curies":[{"name":"wp","href":"https:\/\/api.w.org\/{rel}","templated":true}]}}