{"id":858,"date":"2025-05-06T16:37:52","date_gmt":"2025-05-06T08:37:52","guid":{"rendered":"https:\/\/gigapa.com\/?post_type=product&#038;p=858"},"modified":"2025-10-13T09:21:20","modified_gmt":"2025-10-13T01:21:20","slug":"fully-automatic-baling-machines","status":"publish","type":"product","link":"https:\/\/www.gigapa.com\/fr\/product\/fully-automatic-baling-machines\/","title":{"rendered":"Machine \u00e0 balles horizontale enti\u00e8rement automatique GSB-F"},"content":{"rendered":"<h3>Introduction de l'\u00e9quipement :<\/h3>\n<p>La presse \u00e0 balles horizontale enti\u00e8rement automatique se compose d'un bo\u00eetier, d'une station hydraulique, de cylindres hydrauliques, d'une t\u00eate de pression, d'un m\u00e9canisme d'enfilage de fil, d'un m\u00e9canisme de torsion de fil et d'un m\u00e9canisme de r\u00e9treint, entre autres composants. Le cylindre principal entra\u00eene la t\u00eate de pression pour comprimer le mat\u00e9riau, tandis que le m\u00e9canisme de colmatage offre une r\u00e9sistance au passage du bloc d'emballage. Le m\u00e9canisme d'enfilage du fil et le m\u00e9canisme de torsion du fil travaillent ensemble pour attacher le bloc d'emballage. L'ensemble du processus de compression et de ligature du bloc d'emballage est contr\u00f4l\u00e9 par un automate programmable, ce qui \u00e9limine le besoin d'intervention manuelle. Le niveau \u00e9lev\u00e9 d'automatisation permet non seulement d'\u00eatre efficace, mais aussi de r\u00e9duire les co\u00fbts de main-d'\u0153uvre. Par cons\u00e9quent, il est largement utilis\u00e9 dans les situations o\u00f9 un grand volume de traitement est n\u00e9cessaire et o\u00f9 la vitesse de traitement doit \u00eatre rapide.<\/p>\n<div class=\"ast-oembed-container\" style=\"height: 100%;\"><iframe title=\"Machine \u00e0 balles enti\u00e8rement automatique pour le recyclage des d\u00e9chets \u00e0 grande vitesse\" width=\"500\" height=\"281\" src=\"https:\/\/www.youtube.com\/embed\/J7RRuvnytnc?feature=oembed\" frameborder=\"0\" allow=\"accelerometer; autoplay; clipboard-write; encrypted-media; gyroscope; picture-in-picture; web-share\" referrerpolicy=\"strict-origin-when-cross-origin\" allowfullscreen><\/iframe><\/div>\n<h3>Gamme d'applications :<\/h3>\n<table style=\"border-collapse: collapse; width: 1026px; height: 318px;\" border=\"0\" width=\"1409\" cellspacing=\"0\" cellpadding=\"0\">\n<tbody>\n<tr style=\"height: 13.50pt;\">\n<td style=\"height: 13.50pt; width: 155.25pt;\" width=\"207\" height=\"18\">Papier<\/td>\n<td style=\"width: 901.50pt;\" width=\"1202\">Bo\u00eetes en carton, bo\u00eetes en papier, papier publicitaire, divers d\u00e9chets de papeterie et d'imprimerie, etc.<\/td>\n<\/tr>\n<tr style=\"height: 13.50pt;\">\n<td style=\"height: 13.50pt;\" height=\"18\">Plastiques<\/td>\n<td>Sacs en plastique, emballages en plastique, bouteilles en plastique, bouteilles de boissons, film de sol, film plastique, sacs tiss\u00e9s, etc.<\/td>\n<\/tr>\n<tr style=\"height: 13.50pt;\">\n<td style=\"height: 13.50pt;\" height=\"18\">Tissu et cuir<\/td>\n<td>D\u00e9chets de cuir, d\u00e9chets d'usines textiles, d\u00e9chets d'usines de v\u00eatements, tapis, v\u00eatements, rideaux, jouets en peluche, etc.<\/td>\n<\/tr>\n<tr style=\"height: 13.50pt;\">\n<td style=\"height: 13.50pt;\" height=\"18\">Plantes<\/td>\n<td>Diverses pailles, branches d'arbres, etc.<\/td>\n<\/tr>\n<tr style=\"height: 13.50pt;\">\n<td style=\"height: 13.50pt;\" height=\"18\">M\u00e9taux<\/td>\n<td>Canettes en aluminium, etc.<\/td>\n<\/tr>\n<tr style=\"height: 13.50pt;\">\n<td style=\"height: 13.50pt;\" height=\"18\">Autres<\/td>\n<td>Ordures m\u00e9nag\u00e8res, \u00e9ponges, bandes de caoutchouc, d\u00e9chets industriels, etc.<\/td>\n<\/tr>\n<\/tbody>\n<\/table>\n<h3>Param\u00e8tres du mod\u00e8le :<\/h3>\n<table style=\"border-collapse: collapse; width: 1142px; height: 400px;\" border=\"0\" width=\"989\" cellspacing=\"0\" cellpadding=\"0\">\n<tbody>\n<tr style=\"height: 13.50pt;\">\n<td class=\"et2\" style=\"height: 13.50pt; width: 199.50pt;\" width=\"266\" height=\"18\">Mod\u00e8le<\/td>\n<td class=\"et2\" style=\"width: 131.25pt;\" width=\"175\">GSB-F0707<\/td>\n<td class=\"et2\" style=\"width: 135.75pt;\" width=\"181\">GSB-F1107<\/td>\n<td class=\"et2\" style=\"width: 140.25pt;\" width=\"187\">GSB-F1111<\/td>\n<td class=\"et2\" style=\"width: 135.00pt;\" width=\"180\">GSB-F1112<\/td>\n<\/tr>\n<tr style=\"height: 13.50pt;\">\n<td class=\"et2\" style=\"height: 13.50pt;\" height=\"18\">Dimensions de l'emballage (L\u00d7H\u00d7U)(mm)<\/td>\n<td class=\"et2\">720\u00d7720\u00d7(500-1500)<\/td>\n<td class=\"et2\">1100\u00d7750\u00d7(500-1500)<\/td>\n<td class=\"et2\">1100\u00d71100\u00d7(500-1800)<\/td>\n<td class=\"et2\">1100\u00d71250\u00d7(500-1800)<\/td>\n<\/tr>\n<tr style=\"height: 13.50pt;\">\n<td class=\"et2\" style=\"height: 13.50pt;\" height=\"18\">Nombre de passes de reliure (PC)<\/td>\n<td class=\"et2\">4<\/td>\n<td class=\"et2\">4<\/td>\n<td class=\"et2\">5<\/td>\n<td class=\"et2\">5<\/td>\n<\/tr>\n<tr style=\"height: 13.50pt;\">\n<td class=\"et2\" style=\"height: 13.50pt;\" height=\"18\">Pression du cylindre principal (T)<\/td>\n<td class=\"et2\">63<\/td>\n<td class=\"et2\">63<\/td>\n<td class=\"et2\">100<\/td>\n<td class=\"et2\">112<\/td>\n<\/tr>\n<tr style=\"height: 13.50pt;\">\n<td class=\"et2\" style=\"height: 13.50pt;\" height=\"18\">Puissance hydraulique (kW)<\/td>\n<td class=\"et2\">22<\/td>\n<td class=\"et2\">22<\/td>\n<td class=\"et2\">45<\/td>\n<td class=\"et2\">55<\/td>\n<\/tr>\n<tr style=\"height: 13.50pt;\">\n<td class=\"et2\" style=\"height: 13.50pt;\" height=\"18\">Taille de l'h\u00f4te (L\u00d7L\u00d7H)(mm)<\/td>\n<td class=\"et2\">6780\u00d73000\u00d73600<\/td>\n<td class=\"et2\">6880\u00d73800\u00d73600<\/td>\n<td class=\"et2\">8560\u00d73910\u00d74500<\/td>\n<td class=\"et2\">9260\u00d74120\u00d74850<\/td>\n<\/tr>\n<tr style=\"height: 13.50pt;\">\n<td class=\"et2\" style=\"height: 13.50pt;\" height=\"18\">Poids total (kg)<\/td>\n<td class=\"et2\">Environ 6800<\/td>\n<td class=\"et2\">Environ 9100<\/td>\n<td class=\"et2\">Environ 18600<\/td>\n<td class=\"et2\">Environ 21300<\/td>\n<\/tr>\n<\/tbody>\n<\/table>\n<p>Les mod\u00e8les ci-dessus sont des mod\u00e8les universels standard. Si vous avez besoin d'autres mod\u00e8les, veuillez contacter notre personnel. Nous pouvons \u00e9galement fournir des services personnalis\u00e9s en fonction de vos besoins.<\/p>\n<h3>Faits saillants techniques :<\/h3>\n<p>1. Grande intelligence<br \/>\nLe programme de contr\u00f4le PLC rigoureux et fiable, associ\u00e9 \u00e0 des capteurs, am\u00e9liore l'efficacit\u00e9 et l'efficience de l'emballage, r\u00e9duisant ainsi les difficult\u00e9s op\u00e9rationnelles.<\/p>\n<p>2. Bonne stabilit\u00e9<br \/>\nLe dispositif de coupe du mat\u00e9riau r\u00e9duit efficacement le risque de temps d'arr\u00eat caus\u00e9 par le blocage du mat\u00e9riau.<\/p>\n<p>3. Haute fiabilit\u00e9<br \/>\nLa structure globale adopte une conception avec un facteur de s\u00e9curit\u00e9 important, emp\u00eachant les d\u00e9formations permanentes ou les fissures.<\/p>\n<p><img fetchpriority=\"high\" decoding=\"async\" class=\"alignnone wp-image-1018\" title=\"Machines \u00e0 balles enti\u00e8rement automatiques\" src=\"https:\/\/www.gigapa.com\/wp-content\/uploads\/2025\/05\/\u5e9f\u7eb82.jpg\" alt=\"Machines \u00e0 balles enti\u00e8rement automatiques\" width=\"500\" height=\"314\" srcset=\"https:\/\/www.gigapa.com\/wp-content\/uploads\/2025\/05\/\u5e9f\u7eb82.jpg 1034w, https:\/\/www.gigapa.com\/wp-content\/uploads\/2025\/05\/\u5e9f\u7eb82-300x188.jpg 300w, https:\/\/www.gigapa.com\/wp-content\/uploads\/2025\/05\/\u5e9f\u7eb82-1024x643.jpg 1024w, https:\/\/www.gigapa.com\/wp-content\/uploads\/2025\/05\/\u5e9f\u7eb82-768x482.jpg 768w, https:\/\/www.gigapa.com\/wp-content\/uploads\/2025\/05\/\u5e9f\u7eb82-600x377.jpg 600w\" sizes=\"(max-width: 500px) 100vw, 500px\" \/> <img decoding=\"async\" class=\"alignnone wp-image-1021\" title=\"Machines \u00e0 balles enti\u00e8rement automatiques\" src=\"https:\/\/www.gigapa.com\/wp-content\/uploads\/2025\/05\/\u6613\u62c9\u7f503.jpg\" alt=\"Machines \u00e0 balles enti\u00e8rement automatiques\" width=\"500\" height=\"314\" srcset=\"https:\/\/www.gigapa.com\/wp-content\/uploads\/2025\/05\/\u6613\u62c9\u7f503.jpg 1034w, https:\/\/www.gigapa.com\/wp-content\/uploads\/2025\/05\/\u6613\u62c9\u7f503-300x188.jpg 300w, https:\/\/www.gigapa.com\/wp-content\/uploads\/2025\/05\/\u6613\u62c9\u7f503-1024x643.jpg 1024w, https:\/\/www.gigapa.com\/wp-content\/uploads\/2025\/05\/\u6613\u62c9\u7f503-768x482.jpg 768w, https:\/\/www.gigapa.com\/wp-content\/uploads\/2025\/05\/\u6613\u62c9\u7f503-600x377.jpg 600w\" sizes=\"(max-width: 500px) 100vw, 500px\" \/><\/p>\n<p><img decoding=\"async\" class=\"alignnone wp-image-1020\" title=\"Machines \u00e0 balles enti\u00e8rement automatiques\" src=\"https:\/\/www.gigapa.com\/wp-content\/uploads\/2025\/05\/\u5851\u6599\u74f64.jpg\" alt=\"Machines \u00e0 balles enti\u00e8rement automatiques\" width=\"500\" height=\"314\" srcset=\"https:\/\/www.gigapa.com\/wp-content\/uploads\/2025\/05\/\u5851\u6599\u74f64.jpg 1034w, https:\/\/www.gigapa.com\/wp-content\/uploads\/2025\/05\/\u5851\u6599\u74f64-300x188.jpg 300w, https:\/\/www.gigapa.com\/wp-content\/uploads\/2025\/05\/\u5851\u6599\u74f64-1024x643.jpg 1024w, https:\/\/www.gigapa.com\/wp-content\/uploads\/2025\/05\/\u5851\u6599\u74f64-768x482.jpg 768w, https:\/\/www.gigapa.com\/wp-content\/uploads\/2025\/05\/\u5851\u6599\u74f64-600x377.jpg 600w\" sizes=\"(max-width: 500px) 100vw, 500px\" \/> <img loading=\"lazy\" decoding=\"async\" class=\"alignnone wp-image-1019\" title=\"Machines \u00e0 balles enti\u00e8rement automatiques\" src=\"https:\/\/www.gigapa.com\/wp-content\/uploads\/2025\/05\/\u79f8\u79c6\u6253\u5305.jpg\" alt=\"Machines \u00e0 balles enti\u00e8rement automatiques\" width=\"500\" height=\"314\" srcset=\"https:\/\/www.gigapa.com\/wp-content\/uploads\/2025\/05\/\u79f8\u79c6\u6253\u5305.jpg 1034w, https:\/\/www.gigapa.com\/wp-content\/uploads\/2025\/05\/\u79f8\u79c6\u6253\u5305-300x188.jpg 300w, https:\/\/www.gigapa.com\/wp-content\/uploads\/2025\/05\/\u79f8\u79c6\u6253\u5305-1024x643.jpg 1024w, https:\/\/www.gigapa.com\/wp-content\/uploads\/2025\/05\/\u79f8\u79c6\u6253\u5305-768x482.jpg 768w, https:\/\/www.gigapa.com\/wp-content\/uploads\/2025\/05\/\u79f8\u79c6\u6253\u5305-600x377.jpg 600w\" sizes=\"(max-width: 500px) 100vw, 500px\" \/><\/p>\n<h3>FAQ<\/h3>\n<p>1. Proposez-vous des solutions personnalis\u00e9es ?<br \/>\nNous pouvons fournir des solutions d'\u00e9quipement personnalis\u00e9es en fonction de vos besoins sp\u00e9cifiques, y compris la taille de l'\u00e9quipement, la configuration fonctionnelle et le niveau d'automatisation.<\/p>\n<p>2. Des fonctions ou des accessoires suppl\u00e9mentaires peuvent-ils \u00eatre ajout\u00e9s \u00e0 l'\u00e9quipement ?<br \/>\nNous proposons une vari\u00e9t\u00e9 d'accessoires en option, vous permettant d'ajouter des fonctions selon vos besoins, telles que l'alimentation automatique et les mises \u00e0 niveau du syst\u00e8me hydraulique.<\/p>\n<p>3. Quelle est la dur\u00e9e de vie du produit ?<br \/>\nNos \u00e9quipements sont construits en acier \u00e0 haute r\u00e9sistance et sont con\u00e7us pour durer de 10 \u00e0 20 ans. Avec un entretien r\u00e9gulier, il peut fonctionner de mani\u00e8re fiable.<\/p>\n<p>4. L'\u00e9quipement est-il complexe \u00e0 utiliser ?<br \/>\nNos \u00e9quipements sont dot\u00e9s d'un syst\u00e8me de contr\u00f4le automatis\u00e9 avec une interface simple et facile \u00e0 comprendre, permettant aux op\u00e9rateurs de travailler avec une formation minimale.<\/p>\n<p>5. L'\u00e9quipement est-il s\u00fbr pendant son fonctionnement ?<br \/>\nL'\u00e9quipement est \u00e9quip\u00e9 de nombreux dispositifs de s\u00e9curit\u00e9, y compris l'arr\u00eat automatique et la protection contre les surcharges, afin de garantir un fonctionnement s\u00fbr.<\/p>\n<p>6. Proposez-vous des remises sur volume ou des devis personnalis\u00e9s ?<br \/>\nNous offrons des remises pour les achats en gros. En outre, si vous avez besoin d'un \u00e9quipement personnalis\u00e9, nous pouvons vous fournir un devis personnalis\u00e9 en fonction de vos besoins.<\/p>\n<p>7. Quels sont les modes de paiement accept\u00e9s ?<br \/>\nNous acceptons le TT (Telegraphic Transfer) comme mode de paiement. D\u00e8s r\u00e9ception de notre devis officiel, les clients sont tenus de verser un acompte par virement bancaire conform\u00e9ment aux conditions du contrat.<\/p>\n<p>8. Acceptons-nous les conditions de livraison FOB ?<br \/>\nOui, nous proposons des conditions de livraison FOB.<\/p>\n<h3>Principe de fonctionnement<\/h3>\n<p>La presse \u00e0 balles horizontale enti\u00e8rement automatique GIGAPA adopte une conception int\u00e9gr\u00e9e \u00e9lectrom\u00e9canique et hydraulique, et r\u00e9alise des op\u00e9rations de cerclage enti\u00e8rement automatiques gr\u00e2ce \u00e0 un syst\u00e8me de contr\u00f4le intelligent. Son processus de travail peut \u00eatre divis\u00e9 en quatre \u00e9tapes cl\u00e9s :<\/p>\n<p><strong>Etage de compression de l'alimentation<\/strong><br \/>\nUne fois que le mat\u00e9riau est entr\u00e9 dans la chambre de pressage par la bande transporteuse ou manuellement, le cylindre hydraulique principal entra\u00eene la t\u00eate de pression pour comprimer les d\u00e9chets horizontalement. Le dispositif de collet unique fonctionne de mani\u00e8re synchronis\u00e9e pour former une balle de taille standard pendant le processus de compression.<\/p>\n<p><strong>\u00c9tape de pr\u00e9paration du regroupement<\/strong><br \/>\nLorsque la balle atteint la densit\u00e9 pr\u00e9d\u00e9finie, le m\u00e9canisme intelligent d'enfilage du fil passe automatiquement le fil de pressage \u00e0 travers le fond de la balle. Des capteurs de haute pr\u00e9cision contr\u00f4lent la position de l'enfilage du fil en temps r\u00e9el pour garantir la pr\u00e9cision du cerclage.<\/p>\n<p><strong>\u00c9tape de cerclage automatique<\/strong><br \/>\nApr\u00e8s avoir re\u00e7u l'instruction de l'automate, le m\u00e9canisme de torsion du fil effectue rapidement les op\u00e9rations de serrage et de coupe du fil. La technologie de double verrouillage est utilis\u00e9e pour garantir que la fermet\u00e9 du cerclage r\u00e9pond aux exigences du transport.<\/p>\n<p><strong>Phase du cycle de d\u00e9charge<\/strong><br \/>\nLes balles regroup\u00e9es sont automatiquement d\u00e9charg\u00e9es par le m\u00e9canisme d'\u00e9jection, et le syst\u00e8me passe imm\u00e9diatement au cycle de travail suivant. L'ensemble de la machine est \u00e9quip\u00e9 d'un syst\u00e8me d'autodiagnostic des pannes, qui peut surveiller l'\u00e9tat de fonctionnement de chaque composant en temps r\u00e9el.<\/p>\n<p>La presse \u00e0 balles horizontale adopte un contr\u00f4le PLC de qualit\u00e9 industrielle et pr\u00e9sente les avantages techniques suivants :<\/p>\n<ul>\n<li>La force de compression peut atteindre 200 \u00e0 500 tonnes (selon le mod\u00e8le).<\/li>\n<li>Efficacit\u00e9 de l'emballage 6-12 paquets\/heure<\/li>\n<li>R\u00e9sistance \u00e0 la traction des faisceaux de fils \u2265800N<\/li>\n<li>Syst\u00e8me de pesage automatique en option<\/li>\n<li>Prise en charge de la fonction de surveillance \u00e0 distance<\/li>\n<\/ul>\n<h3>Presse \u00e0 balles horizontale ou verticale : Comment choisir ?<\/h3>\n<p>Dans l'industrie du recyclage et de la mise en balles des d\u00e9chets, les presses \u00e0 balles horizontales et les presses \u00e0 balles verticales sont des \u00e9quipements courants. Toutes deux compriment et mettent en balles les d\u00e9chets de mani\u00e8re efficace, mais elles diff\u00e8rent consid\u00e9rablement en termes de structure, de sc\u00e9narios d'application et de capacit\u00e9 de traitement.<\/p>\n<p>1. Presse \u00e0 balles horizontale<\/p>\n<ul>\n<li>Capacit\u00e9 de traitement \u00e9lev\u00e9e : Convient aux besoins de production moyens \u00e0 grands, avec une alimentation continue et une mise en balles automatis\u00e9e.<\/li>\n<li>Haut degr\u00e9 d'automatisation : La plupart des mod\u00e8les peuvent \u00eatre \u00e9quip\u00e9s d'un convoyeur pour une mise en balles enti\u00e8rement automatis\u00e9e, ce qui permet d'\u00e9conomiser de la main-d'\u0153uvre.<\/li>\n<li>Large application : Convient aux mat\u00e9riaux de grande taille ou de haute densit\u00e9 tels que le m\u00e9tal, le carton, les bouteilles en plastique et les fibres.<\/li>\n<li>Grande surface d'appui : Il n\u00e9cessite g\u00e9n\u00e9ralement une installation fixe, ce qui le rend plus adapt\u00e9 aux environnements industriels tels que les stations de recyclage et les usines de traitement des d\u00e9chets.<\/li>\n<\/ul>\n<p>2. Presse \u00e0 balles verticale<\/p>\n<ul>\n<li>Structure compacte : Petite taille, installation facile et encombrement minimal.<\/li>\n<li>Simplicit\u00e9 d'utilisation : Le chargement et la mise en balles se font manuellement, ce qui convient aux petites entreprises ou \u00e0 celles qui ont un faible volume de production.<\/li>\n<li>Un rapport co\u00fbt-efficacit\u00e9 \u00e9lev\u00e9 : Faible co\u00fbt d'investissement de l'\u00e9quipement et facilit\u00e9 d'entretien. Mat\u00e9riaux applicables : Id\u00e9al pour le carton, les films plastiques, les d\u00e9chets l\u00e9gers, etc.<\/li>\n<\/ul>\n<p>3. Comment choisir ?<\/p>\n<ul>\n<li>Si vous \u00eates une grande usine de recyclage de ferraille ou une entreprise de traitement des m\u00e9taux ayant des exigences \u00e9lev\u00e9es en mati\u00e8re de production et d'efficacit\u00e9, il est recommand\u00e9 d'utiliser une presse \u00e0 balles horizontale.<\/li>\n<li>Si vous \u00eates une petite usine, un entrep\u00f4t ou un supermarch\u00e9 et que vous traitez principalement des d\u00e9chets d'emballage l\u00e9gers, une presse \u00e0 balles verticale est plus \u00e9conomique et plus pratique.<\/li>\n<\/ul>\n<p>\ud83d\udc49 Que vous choisissiez une presse \u00e0 balles horizontale ou une presse \u00e0 balles verticale, nous vous proposons des solutions personnalis\u00e9es adapt\u00e9es \u00e0 vos besoins, vous aidant \u00e0 r\u00e9aliser une gestion des d\u00e9chets plus efficace et plus respectueuse de l'environnement.<\/p>","protected":false},"excerpt":{"rendered":"<p>La presse \u00e0 balles horizontale enti\u00e8rement automatique est une solution avanc\u00e9e et \u00e0 haut rendement pour la compression et la mise en balles d'une large gamme de mat\u00e9riaux, notamment le carton, le plastique, le papier et les textiles. Dot\u00e9e de fonctions automatis\u00e9es, elle minimise les interventions manuelles et optimise l'ensemble du processus de mise en balles, garantissant ainsi des balles homog\u00e8nes et de haute qualit\u00e9. La machine alimente, comprime et lie automatiquement les mat\u00e9riaux, ce qui r\u00e9duit consid\u00e9rablement les co\u00fbts de main-d'\u0153uvre et am\u00e9liore l'efficacit\u00e9 op\u00e9rationnelle.<\/p>","protected":false},"featured_media":582,"template":"","meta":{"site-sidebar-layout":"default","site-content-layout":"","ast-site-content-layout":"default","site-content-style":"default","site-sidebar-style":"default","ast-global-header-display":"","ast-banner-title-visibility":"","ast-main-header-display":"","ast-hfb-above-header-display":"","ast-hfb-below-header-display":"","ast-hfb-mobile-header-display":"","site-post-title":"","ast-breadcrumbs-content":"","ast-featured-img":"","footer-sml-layout":"","ast-disable-related-posts":"","theme-transparent-header-meta":"default","adv-header-id-meta":"","stick-header-meta":"","header-above-stick-meta":"","header-main-stick-meta":"","header-below-stick-meta":"","astra-migrate-meta-layouts":"set","ast-page-background-enabled":"default","ast-page-background-meta":{"desktop":{"background-color":"var(--ast-global-color-5)","background-image":"","background-repeat":"repeat","background-position":"center center","background-size":"auto","background-attachment":"scroll","background-type":"","background-media":"","overlay-type":"","overlay-color":"","overlay-opacity":"","overlay-gradient":""},"tablet":{"background-color":"","background-image":"","background-repeat":"repeat","background-position":"center center","background-size":"auto","background-attachment":"scroll","background-type":"","background-media":"","overlay-type":"","overlay-color":"","overlay-opacity":"","overlay-gradient":""},"mobile":{"background-color":"","background-image":"","background-repeat":"repeat","background-position":"center center","background-size":"auto","background-attachment":"scroll","background-type":"","background-media":"","overlay-type":"","overlay-color":"","overlay-opacity":"","overlay-gradient":""}},"ast-content-background-meta":{"desktop":{"background-color":"var(--ast-global-color-4)","background-image":"","background-repeat":"repeat","background-position":"center center","background-size":"auto","background-attachment":"scroll","background-type":"","background-media":"","overlay-type":"","overlay-color":"","overlay-opacity":"","overlay-gradient":""},"tablet":{"background-color":"var(--ast-global-color-4)","background-image":"","background-repeat":"repeat","background-position":"center center","background-size":"auto","background-attachment":"scroll","background-type":"","background-media":"","overlay-type":"","overlay-color":"","overlay-opacity":"","overlay-gradient":""},"mobile":{"background-color":"var(--ast-global-color-4)","background-image":"","background-repeat":"repeat","background-position":"center center","background-size":"auto","background-attachment":"scroll","background-type":"","background-media":"","overlay-type":"","overlay-color":"","overlay-opacity":"","overlay-gradient":""}}},"product_brand":[],"product_cat":[21,153],"product_tag":[80,79,81,77,78,76],"class_list":{"0":"post-858","1":"product","2":"type-product","3":"status-publish","4":"has-post-thumbnail","6":"product_cat-baling-machine","7":"product_cat-horizontal-baler","8":"product_tag-full-auto-paper-baler-machine","9":"product_tag-full-auto-pet-bottle-baler-machine","10":"product_tag-full-auto-straw-baler-machine","11":"product_tag-fully-automatic-baler-machine","12":"product_tag-fully-automatic-baling-press","13":"product_tag-fully-automatic-horizontal-baler","14":"desktop-align-left","15":"tablet-align-left","16":"mobile-align-left","18":"first","19":"instock","20":"featured","21":"shipping-taxable","22":"product-type-simple"},"_links":{"self":[{"href":"https:\/\/www.gigapa.com\/fr\/wp-json\/wp\/v2\/product\/858","targetHints":{"allow":["GET"]}}],"collection":[{"href":"https:\/\/www.gigapa.com\/fr\/wp-json\/wp\/v2\/product"}],"about":[{"href":"https:\/\/www.gigapa.com\/fr\/wp-json\/wp\/v2\/types\/product"}],"version-history":[{"count":14,"href":"https:\/\/www.gigapa.com\/fr\/wp-json\/wp\/v2\/product\/858\/revisions"}],"predecessor-version":[{"id":2659,"href":"https:\/\/www.gigapa.com\/fr\/wp-json\/wp\/v2\/product\/858\/revisions\/2659"}],"wp:featuredmedia":[{"embeddable":true,"href":"https:\/\/www.gigapa.com\/fr\/wp-json\/wp\/v2\/media\/582"}],"wp:attachment":[{"href":"https:\/\/www.gigapa.com\/fr\/wp-json\/wp\/v2\/media?parent=858"}],"wp:term":[{"taxonomy":"product_brand","embeddable":true,"href":"https:\/\/www.gigapa.com\/fr\/wp-json\/wp\/v2\/product_brand?post=858"},{"taxonomy":"product_cat","embeddable":true,"href":"https:\/\/www.gigapa.com\/fr\/wp-json\/wp\/v2\/product_cat?post=858"},{"taxonomy":"product_tag","embeddable":true,"href":"https:\/\/www.gigapa.com\/fr\/wp-json\/wp\/v2\/product_tag?post=858"}],"curies":[{"name":"wp","href":"https:\/\/api.w.org\/{rel}","templated":true}]}}